{"id":2020,"date":"2024-12-27T01:24:26","date_gmt":"2024-12-27T01:24:26","guid":{"rendered":"https:\/\/fmp-components.com\/?page_id=8"},"modified":"2024-12-27T01:37:57","modified_gmt":"2024-12-27T01:37:57","slug":"agricultural-lawn-mower-gearbox-fmp-rc31-193-fmp-rc31-147","status":"publish","type":"product","link":"https:\/\/fmp-components.com\/sk\/product\/agricultural-lawn-mower-gearbox-fmp-rc31-193-fmp-rc31-147\/","title":{"rendered":"Prevodovka po\u013enohospod\u00e1rskej kosa\u010dky na tr\u00e1vu FMP-RC31-193 FMP-RC31-147"},"content":{"rendered":"<h2>\u0160pecifik\u00e1cia<\/h2>\n<table style=\"width: 96.2203%; height: 596px;\" border=\"1\" width=\"100%\" cellspacing=\"0\" cellpadding=\"0\">\n<tbody>\n<tr>\n<td width=\"110\">\u00a0<img loading=\"lazy\" decoding=\"async\" class=\"alignnone size-full wp-image-2024\" src=\"https:\/\/fmp-components.com\/wp-content\/uploads\/2024\/12\/fmp_agricultural-gearbox-HC-RC31-2.webp\" alt=\"fmp_po\u013enohospod\u00e1rska-prevodovka-HC-RC31\" width=\"460\" height=\"559\" title=\"\" srcset=\"https:\/\/fmp-components.com\/wp-content\/uploads\/2024\/12\/fmp_agricultural-gearbox-HC-RC31-2.webp 460w, https:\/\/fmp-components.com\/wp-content\/uploads\/2024\/12\/fmp_agricultural-gearbox-HC-RC31-2-247x300.webp 247w, https:\/\/fmp-components.com\/wp-content\/uploads\/2024\/12\/fmp_agricultural-gearbox-HC-RC31-2-10x12.webp 10w\" sizes=\"(max-width: 460px) 100vw, 460px\" \/><\/td>\n<td width=\"98\"><img loading=\"lazy\" decoding=\"async\" class=\"alignnone size-full wp-image-2023\" src=\"https:\/\/fmp-components.com\/wp-content\/uploads\/2024\/12\/fmp_agricultural-gearbox-HC-RC31.webp\" alt=\"fmp_po\u013enohospod\u00e1rska-prevodovka-HC-RC31\" width=\"400\" height=\"400\" title=\"\" srcset=\"https:\/\/fmp-components.com\/wp-content\/uploads\/2024\/12\/fmp_agricultural-gearbox-HC-RC31.webp 400w, https:\/\/fmp-components.com\/wp-content\/uploads\/2024\/12\/fmp_agricultural-gearbox-HC-RC31-300x300.webp 300w, https:\/\/fmp-components.com\/wp-content\/uploads\/2024\/12\/fmp_agricultural-gearbox-HC-RC31-150x150.webp 150w, https:\/\/fmp-components.com\/wp-content\/uploads\/2024\/12\/fmp_agricultural-gearbox-HC-RC31-12x12.webp 12w, https:\/\/fmp-components.com\/wp-content\/uploads\/2024\/12\/fmp_agricultural-gearbox-HC-RC31-100x100.webp 100w\" sizes=\"(max-width: 400px) 100vw, 400px\" \/><\/td>\n<\/tr>\n<\/tbody>\n<\/table>\n<p>&nbsp;<\/p>\n<table style=\"width: 99.0815%; height: 208px;\" border=\"1\" cellspacing=\"0\" cellpadding=\"0\">\n<tbody>\n<tr>\n<td><strong>POLO\u017dKA<\/strong><\/td>\n<td>Prevodovka kosa\u010dky na tr\u00e1vu FMP-RC30-193<\/td>\n<\/tr>\n<tr>\n<td><strong>Pomer<\/strong><\/td>\n<td>1:1.93<\/td>\n<\/tr>\n<tr>\n<td><strong>Zuby<\/strong><\/td>\n<td>15\/29<\/td>\n<\/tr>\n<tr>\n<td><strong>Modul<\/strong><\/td>\n<td>4.0<\/td>\n<\/tr>\n<tr>\n<td><strong>V\u00fdkon (HP)<\/strong><\/td>\n<td>30<\/td>\n<\/tr>\n<tr>\n<td><strong>Menovit\u00fd vstup<\/strong><\/td>\n<td>540 ot.\/min.<\/td>\n<\/tr>\n<tr>\n<td><strong>Popis vstupu\/v\u00fdstupu<\/strong><\/td>\n<td>Optick\u00e1 os 1-3\/8 Z6\u03c631,75<\/td>\n<\/tr>\n<tr>\n<td><strong>Hmotnos\u0165 (NW)<\/strong><\/td>\n<td>24,5 kg<\/td>\n<\/tr>\n<\/tbody>\n<\/table>\n<h2>Prevodovka pre po\u013enohospod\u00e1rske kosa\u010dky na tr\u00e1vu FMP-RC31-193 a FMP-RC31-147<\/h2>\n<p>Spolo\u010dnos\u0165 FMP pon\u00faka rad vysokov\u00fdkonn\u00fdch prevodoviek pre po\u013enohospod\u00e1rske kosa\u010dky na tr\u00e1vu, ktor\u00e9 s\u00fa navrhnut\u00e9 tak, aby sp\u013a\u0148ali po\u017eiadavky r\u00f4znych aplik\u00e1ci\u00ed \u00fadr\u017eby tr\u00e1vnikov. Medzi na\u0161e v\u00fdznamn\u00e9 modely patria FMP-RC31-193 a FMP-RC31-147, ktor\u00e9 sa vyzna\u010duj\u00fa vynikaj\u00facou spo\u013eahlivos\u0165ou, odolnos\u0165ou a \u00fa\u010dinnos\u0165ou. Oba modely s\u00fa skon\u0161truovan\u00e9 tak, aby poskytovali optim\u00e1lny v\u00fdkon pre r\u00f4zne po\u013enohospod\u00e1rske a priemyseln\u00e9 stroje a zabezpe\u010dovali plynul\u00fd chod a vysok\u00fa produktivitu.<\/p>\n<h3>K\u013e\u00fa\u010dov\u00e9 vlastnosti FMP-RC31-193 a FMP-RC31-147:<\/h3>\n<ol>\n<li><strong>Vysok\u00e1 \u00fa\u010dinnos\u0165 a prenos kr\u00fatiaceho momentu<\/strong>:\n<ul>\n<li>Obe prevodovky s\u00fa navrhnut\u00e9 tak, aby poskytovali siln\u00fd kr\u00fatiaci moment a vysok\u00fa \u00fa\u010dinnos\u0165, \u010d\u00edm sa zabezpe\u010d\u00ed, \u017ee va\u0161a kosa\u010dka na tr\u00e1vu alebo po\u013enohospod\u00e1rske stroje bud\u00fa pracova\u0165 s maxim\u00e1lnym v\u00fdkonom.<\/li>\n<\/ul>\n<\/li>\n<li><strong>Trvanlivos\u0165<\/strong>:\n<ul>\n<li>Modely FMP-RC31-193 a FMP-RC31-147 s\u00fa vyroben\u00e9 z vysoko kvalitn\u00fdch materi\u00e1lov a s vyu\u017eit\u00edm pokro\u010dil\u00fdch technol\u00f3gi\u00ed a s\u00fa navrhnut\u00e9 tak, aby odolali n\u00e1ro\u010dn\u00fdm pracovn\u00fdm podmienkam a dlhodob\u00e9mu pou\u017e\u00edvaniu, a t\u00fdm zabezpe\u010dili dlh\u00fa \u017eivotnos\u0165.<\/li>\n<\/ul>\n<\/li>\n<li><strong>Presn\u00e9 in\u017einierstvo<\/strong>:\n<ul>\n<li>Tieto modely s\u00fa vyroben\u00e9 s presnos\u0165ou, aby sa zabezpe\u010dila minim\u00e1lna v\u00f4\u013ea a hluk, a t\u00fdm sa zabezpe\u010dila plynul\u00e1 prev\u00e1dzka va\u0161ej kosa\u010dky na tr\u00e1vu alebo in\u00e9ho po\u013enohospod\u00e1rskeho zariadenia.<\/li>\n<\/ul>\n<\/li>\n<li><strong>V\u0161estrannos\u0165<\/strong>:\n<ul>\n<li>Prevodovky FMP-RC31-193 a FMP-RC31-147 sa daj\u00fa jednoducho integrova\u0165 s r\u00f4znymi po\u013enohospod\u00e1rskymi strojmi, \u010do pon\u00faka flexibilitu pri in\u0161tal\u00e1cii a pou\u017e\u00edvan\u00ed. Oba modely s\u00fa prisp\u00f4sobite\u013en\u00e9 r\u00f4znym po\u017eiadavk\u00e1m na vstupn\u00fd a v\u00fdstupn\u00fd v\u00fdkon.<\/li>\n<\/ul>\n<\/li>\n<li><strong>N\u00edzka \u00fadr\u017eba<\/strong>:\n<ul>\n<li>Obe prevodovky s\u00fa navrhnut\u00e9 s oh\u013eadom na minim\u00e1lne opotrebenie a vy\u017eaduj\u00fa si menej \u010dast\u00fa \u00fadr\u017ebu, \u010d\u00edm sa skracuj\u00fa prestoje a zvy\u0161uje prev\u00e1dzkov\u00e1 efektivita.<\/li>\n<\/ul>\n<\/li>\n<li><strong>Tich\u00e1 prev\u00e1dzka<\/strong>:\n<ul>\n<li>V\u010faka pokro\u010dilej v\u00fdrobe a vysoko kvalitn\u00fdm materi\u00e1lom s\u00fa prevodovky FMP-RC31-193 aj FMP-RC31-147 navrhnut\u00e9 pre tich\u00fd a plynul\u00fd chod a zn\u00ed\u017eenie hluku po\u010das pou\u017e\u00edvania.<\/li>\n<\/ul>\n<\/li>\n<\/ol>\n<p><img loading=\"lazy\" decoding=\"async\" class=\"alignnone size-full wp-image-2009\" src=\"https:\/\/fmp-components.com\/wp-content\/uploads\/2024\/12\/Lawn-Mower-Gearbox-Suppliers-6.webp\" alt=\"Prevodovka kosa\u010dky na tr\u00e1vu\" width=\"1000\" height=\"445\" title=\"\" srcset=\"https:\/\/fmp-components.com\/wp-content\/uploads\/2024\/12\/Lawn-Mower-Gearbox-Suppliers-6.webp 1000w, https:\/\/fmp-components.com\/wp-content\/uploads\/2024\/12\/Lawn-Mower-Gearbox-Suppliers-6-980x436.webp 980w, https:\/\/fmp-components.com\/wp-content\/uploads\/2024\/12\/Lawn-Mower-Gearbox-Suppliers-6-480x214.webp 480w\" sizes=\"(min-width: 0px) and (max-width: 480px) 480px, (min-width: 481px) and (max-width: 980px) 980px, (min-width: 981px) 1000px, 100vw\" \/><\/p>\n<h3>Aplik\u00e1cie:<\/h3>\n<p>Modely FMP-RC31-193 a FMP-RC31-147 s\u00fa ide\u00e1lne na pou\u017eitie v:<\/p>\n<ul>\n<li><strong>Rota\u010dn\u00e9 kosa\u010dky<\/strong><\/li>\n<li><strong>Zariadenia na \u00fadr\u017ebu tr\u00e1vnikov<\/strong><\/li>\n<li><strong>Po\u013enohospod\u00e1rske stroje<\/strong><\/li>\n<li><strong>Rota\u010dn\u00e9 reza\u010dky a rez\u00e1ky<\/strong><\/li>\n<li><strong>Syst\u00e9my na kosenie tr\u00e1vnika<\/strong><\/li>\n<\/ul>\n<h3>Pre\u010do si vybra\u0165 FMP-RC31-193 a FMP-RC31-147?<\/h3>\n<p>Prevodovky FMP s\u00fa navrhnut\u00e9 tak, aby sp\u013a\u0148ali \u0161pecifick\u00e9 potreby po\u013enohospod\u00e1rskych strojov a kombinuj\u00fa pevnos\u0165, presnos\u0165 a spo\u013eahlivos\u0165. \u010ci u\u017e potrebujete v\u00fdmenu alebo navrhujete nov\u00fd syst\u00e9m, tieto modely pon\u00fakaj\u00fa efekt\u00edvne a odoln\u00e9 rie\u0161enie pre va\u0161e po\u013enohospod\u00e1rske potreby.<\/p>\n<p>Spolo\u010dnos\u0165 FMP ch\u00e1pe, \u017ee ka\u017ed\u00e1 aplik\u00e1cia je jedine\u010dn\u00e1. Preto pon\u00fakame mo\u017enosti prisp\u00f4sobenia, ktor\u00e9 sp\u013a\u0148aj\u00fa \u0161pecifick\u00e9 prev\u00e1dzkov\u00e9 po\u017eiadavky. \u010ci u\u017e potrebujete prisp\u00f4soben\u00fd pomer vstupn\u00e9ho a v\u00fdstupn\u00e9ho v\u00fdkonu alebo \u0161pecifick\u00e9 mont\u00e1\u017ene konfigur\u00e1cie, vieme v\u00e1m pom\u00f4c\u0165 navrhn\u00fa\u0165 dokonal\u00e9 rie\u0161enie pre va\u0161e potreby.<\/p>\n<p>Pre viac inform\u00e1ci\u00ed alebo cenov\u00fa ponuku nev\u00e1hajte kontaktova\u0165 n\u00e1\u0161 t\u00edm v spolo\u010dnosti FMP. Zaviazali sme sa poskytova\u0165 prevodovky najvy\u0161\u0161ej kvality a v\u00fdnimo\u010dn\u00fd servis, aby sme splnili v\u0161etky va\u0161e potreby v oblasti po\u013enohospod\u00e1rskych strojov.<\/p>\n<p><img loading=\"lazy\" decoding=\"async\" class=\"alignnone size-full wp-image-1994\" src=\"https:\/\/fmp-components.com\/wp-content\/uploads\/2024\/12\/Lawn-Mower-Gearbox-7.webp\" alt=\"Prevodovka kosa\u010dky na tr\u00e1vu\" width=\"1502\" height=\"805\" title=\"\" srcset=\"https:\/\/fmp-components.com\/wp-content\/uploads\/2024\/12\/Lawn-Mower-Gearbox-7.webp 1502w, https:\/\/fmp-components.com\/wp-content\/uploads\/2024\/12\/Lawn-Mower-Gearbox-7-1280x686.webp 1280w, https:\/\/fmp-components.com\/wp-content\/uploads\/2024\/12\/Lawn-Mower-Gearbox-7-980x525.webp 980w, https:\/\/fmp-components.com\/wp-content\/uploads\/2024\/12\/Lawn-Mower-Gearbox-7-480x257.webp 480w\" sizes=\"(min-width: 0px) and (max-width: 480px) 480px, (min-width: 481px) and (max-width: 980px) 980px, (min-width: 981px) and (max-width: 1280px) 1280px, (min-width: 1281px) 1502px, 100vw\" \/><\/p>\n<h3>O FMP<\/h3>\n<p>Spolo\u010dnos\u0165 FMP so s\u00eddlom v Taliansku je popredn\u00fdm v\u00fdrobcom uzn\u00e1van\u00fdm pre na\u0161e odborn\u00e9 znalosti v oblasti navrhovania, v\u00fdvoja a v\u00fdroby vysokov\u00fdkonn\u00fdch prevodoviek pre po\u013enohospod\u00e1rske stroje. Zameriavame sa na presn\u00e9 in\u017einierstvo, inov\u00e1cie a spo\u013eahlivos\u0165. N\u00e1\u0161 sortiment zah\u0155\u0148a prevodovky pre kosa\u010dky na tr\u00e1vu a k\u013e\u00fa\u010dov\u00e9 komponenty, ako s\u00fa v\u00fdvodov\u00e9 hriadele, s cie\u013eom poskytova\u0165 rie\u0161enia na mieru pre po\u013enohospod\u00e1rsky a priemyseln\u00fd sektor. \u010ci u\u017e ide o jednotliv\u00e9 komponenty alebo plne integrovan\u00e9 syst\u00e9my, zameriavame sa na uspokojenie jedine\u010dn\u00fdch potrieb na\u0161ich z\u00e1kazn\u00edkov.<\/p>\n<p>V spolo\u010dnosti FMP ch\u00e1peme, \u017ee ka\u017ed\u00fd z\u00e1kazn\u00edk m\u00e1 \u0161pecifick\u00e9 po\u017eiadavky, a preto sa \u0161pecializujeme na poskytovanie rie\u0161en\u00ed na mieru. Od \u0161pecializovan\u00fdch prevodoviek a\u017e po kompletn\u00e9 syst\u00e9my \u00fazko spolupracujeme s na\u0161imi klientmi, aby sme zabezpe\u010dili najefekt\u00edvnej\u0161ie a najefekt\u00edvnej\u0161ie rie\u0161enia. Na\u0161e r\u00fdchle a profesion\u00e1lne reakcie v kombin\u00e1cii s odborn\u00fdm poradenstvom zaru\u010duj\u00fa, \u017ee ka\u017ed\u00e1 po\u017eiadavka bude vybaven\u00e1 s opatrnos\u0165ou a prec\u00edznos\u0165ou.<\/p>\n<p>Uprednost\u0148ujeme otvoren\u00fa a nepretr\u017eit\u00fa komunik\u00e1ciu s na\u0161imi klientmi, najm\u00e4 pokia\u013e ide o v\u00fdvoj nov\u00fdch produktov. N\u00e1\u0161 t\u00edm spolupracuje priamo so z\u00e1kazn\u00edkmi, aby plne pochopil ich v\u00fdzvy a pon\u00fakol im poznatky, ktor\u00e9 ved\u00fa k optim\u00e1lnym rie\u0161eniam. \u010ci u\u017e navrhujeme nov\u00e9 produkty alebo pln\u00edme existuj\u00face objedn\u00e1vky, sme odhodlan\u00ed dod\u00e1va\u0165 vysokokvalitn\u00e9, prec\u00edzne skon\u0161truovan\u00e9 produkty v\u010das.<\/p>\n<p>Kvalita je z\u00e1kladom v\u0161etk\u00e9ho, \u010do v spolo\u010dnosti FMP rob\u00edme. Na\u0161e v\u00fdrobn\u00e9 procesy sp\u013a\u0148aj\u00fa najvy\u0161\u0161ie \u0161tandardy presnosti a nulov\u00fdch ch\u00fdb. Zav\u00e1dzame pr\u00edsne postupy kontroly kvality, aby sme zabezpe\u010dili, \u017ee ka\u017ed\u00fd produkt sp\u013a\u0148a alebo prekra\u010duje priemyseln\u00e9 \u0161tandardy. Toto odhodlanie ku kvalite, spolu s na\u0161imi z\u00e1kladn\u00fdmi hodnotami integrity, t\u00edmovej pr\u00e1ce a vytrvalosti, n\u00e1m umo\u017enilo vybudova\u0165 si siln\u00e9 a trval\u00e9 vz\u0165ahy so z\u00e1kazn\u00edkmi v takmer 30 krajin\u00e1ch.<\/p>\n<p>Spolo\u010dnos\u0165 FMP je v\u017edy otvoren\u00e1 glob\u00e1lnym partnerstv\u00e1m a je odhodlan\u00e1 pon\u00faka\u0165 odborn\u00e9 poradenstvo a rie\u0161enia na mieru. N\u00e1\u0161 pr\u00edstup ide nad r\u00e1mec samotn\u00e9ho dod\u00e1vania produktov \u2013 zameriavame sa na budovanie dlhodob\u00fdch vz\u0165ahov s na\u0161imi klientmi a zabezpe\u010dujeme ich \u00faspech v ka\u017edom projekte. \u010ci u\u017e potrebujete inovat\u00edvne rie\u0161enia pre nov\u00fd projekt alebo podporu pre existuj\u00faci syst\u00e9m, spolo\u010dnos\u0165 FMP sa venuje rie\u0161eniu va\u0161ich technick\u00fdch v\u00fdziev a zabezpe\u010duje v\u00e1\u0161 trval\u00fd \u00faspech.<\/p>\n<p><img loading=\"lazy\" decoding=\"async\" class=\"alignnone size-full wp-image-1861\" src=\"https:\/\/fmp-components.com\/wp-content\/uploads\/2024\/12\/Other-Agricultural-Gearboxes.webp\" sizes=\"(min-width: 0px) and (max-width: 480px) 480px, (min-width: 481px) and (max-width: 980px) 980px, (min-width: 981px) 1200px, 100vw\" srcset=\"https:\/\/fmp-components.com\/wp-content\/uploads\/2024\/12\/Other-Agricultural-Gearboxes.webp 1200w, https:\/\/fmp-components.com\/wp-content\/uploads\/2024\/12\/Other-Agricultural-Gearboxes-980x1143.webp 980w, https:\/\/fmp-components.com\/wp-content\/uploads\/2024\/12\/Other-Agricultural-Gearboxes-480x560.webp 480w\" alt=\"Altri-cambi-agricoli\" width=\"1200\" height=\"1400\" title=\"\"><\/p>\n<p>Autor: CX<\/p>","protected":false},"excerpt":{"rendered":"<p>Specification \u00a0 &nbsp; ITEM Lawnmower Gearbox FMP-RC30-193 Ratio 1:1.93 Teeth 15\/29 Module 4.0 Power(HP) 30 Rated Input 540rpm Input\/Output Description 1-3\/8 Z6\u03c631.75 Optic axis Weight(N.W) 24.5KG Agricultural Lawn Mower Gearbox FMP-RC31-193 &amp; FMP-RC31-147 FMP offers a range of high-performance agricultural lawn mower gearboxes designed to meet the demands of various lawn maintenance applications. Among our [&hellip;]<\/p>","protected":false},"featured_media":2023,"comment_status":"open","ping_status":"closed","template":"","meta":{"_et_pb_use_builder":"","_et_pb_old_content":"","_et_gb_content_width":""},"product_brand":[],"product_cat":[52],"product_tag":[],"class_list":{"0":"post-2020","1":"product","2":"type-product","3":"status-publish","4":"has-post-thumbnail","6":"product_cat-lawn-mower-gearbox","8":"first","9":"instock","10":"shipping-taxable","11":"product-type-simple"},"_links":{"self":[{"href":"https:\/\/fmp-components.com\/sk\/wp-json\/wp\/v2\/product\/2020","targetHints":{"allow":["GET"]}}],"collection":[{"href":"https:\/\/fmp-components.com\/sk\/wp-json\/wp\/v2\/product"}],"about":[{"href":"https:\/\/fmp-components.com\/sk\/wp-json\/wp\/v2\/types\/product"}],"replies":[{"embeddable":true,"href":"https:\/\/fmp-components.com\/sk\/wp-json\/wp\/v2\/comments?post=2020"}],"wp:featuredmedia":[{"embeddable":true,"href":"https:\/\/fmp-components.com\/sk\/wp-json\/wp\/v2\/media\/2023"}],"wp:attachment":[{"href":"https:\/\/fmp-components.com\/sk\/wp-json\/wp\/v2\/media?parent=2020"}],"wp:term":[{"taxonomy":"product_brand","embeddable":true,"href":"https:\/\/fmp-components.com\/sk\/wp-json\/wp\/v2\/product_brand?post=2020"},{"taxonomy":"product_cat","embeddable":true,"href":"https:\/\/fmp-components.com\/sk\/wp-json\/wp\/v2\/product_cat?post=2020"},{"taxonomy":"product_tag","embeddable":true,"href":"https:\/\/fmp-components.com\/sk\/wp-json\/wp\/v2\/product_tag?post=2020"}],"curies":[{"name":"pracovn\u00fd list","href":"https:\/\/api.w.org\/{rel}","templated":true}]}}