{"id":2015,"date":"2024-12-27T01:18:55","date_gmt":"2024-12-27T01:18:55","guid":{"rendered":"https:\/\/fmp-components.com\/?page_id=8"},"modified":"2026-03-18T03:40:47","modified_gmt":"2026-03-18T03:40:47","slug":"agricultural-lawn-mower-gearbox-fmp-rc30-193","status":"publish","type":"product","link":"https:\/\/fmp-components.com\/sk\/product\/agricultural-lawn-mower-gearbox-fmp-rc30-193\/","title":{"rendered":"Prevodovka po\u013enohospod\u00e1rskej kosa\u010dky na tr\u00e1vu FMP-RC30-193"},"content":{"rendered":"<h2>\u0160pecifik\u00e1cia prevodovky po\u013enohospod\u00e1rskej kosa\u010dky FMP-RC30-193<\/h2>\n<table style=\"width: 96.2203%; height: 596px;\" border=\"1\" width=\"100%\" cellspacing=\"0\" cellpadding=\"0\">\n<tbody>\n<tr>\n<td width=\"110\">\u00a0<img loading=\"lazy\" decoding=\"async\" class=\"alignnone size-full wp-image-2017\" src=\"https:\/\/fmp-components.com\/wp-content\/uploads\/2024\/12\/fmp_agricultural-gearbox-HC-RC30-193-2.webp\" alt=\"fmp_po\u013enohospod\u00e1rska-prevodovka-HC-RC30-193-2\" width=\"400\" height=\"537\" title=\"\" srcset=\"https:\/\/fmp-components.com\/wp-content\/uploads\/2024\/12\/fmp_agricultural-gearbox-HC-RC30-193-2.webp 400w, https:\/\/fmp-components.com\/wp-content\/uploads\/2024\/12\/fmp_agricultural-gearbox-HC-RC30-193-2-223x300.webp 223w, https:\/\/fmp-components.com\/wp-content\/uploads\/2024\/12\/fmp_agricultural-gearbox-HC-RC30-193-2-9x12.webp 9w\" sizes=\"(max-width: 400px) 100vw, 400px\" \/><\/td>\n<td width=\"98\"><img loading=\"lazy\" decoding=\"async\" class=\"alignnone size-full wp-image-2016\" src=\"https:\/\/fmp-components.com\/wp-content\/uploads\/2024\/12\/fmp_agricultural-gearbox-HC-RC30-193.webp\" alt=\"fmp_po\u013enohospod\u00e1rska-prevodovka-HC-RC30-193\" width=\"400\" height=\"400\" title=\"\" srcset=\"https:\/\/fmp-components.com\/wp-content\/uploads\/2024\/12\/fmp_agricultural-gearbox-HC-RC30-193.webp 400w, https:\/\/fmp-components.com\/wp-content\/uploads\/2024\/12\/fmp_agricultural-gearbox-HC-RC30-193-300x300.webp 300w, https:\/\/fmp-components.com\/wp-content\/uploads\/2024\/12\/fmp_agricultural-gearbox-HC-RC30-193-150x150.webp 150w, https:\/\/fmp-components.com\/wp-content\/uploads\/2024\/12\/fmp_agricultural-gearbox-HC-RC30-193-12x12.webp 12w, https:\/\/fmp-components.com\/wp-content\/uploads\/2024\/12\/fmp_agricultural-gearbox-HC-RC30-193-100x100.webp 100w\" sizes=\"(max-width: 400px) 100vw, 400px\" \/><\/td>\n<\/tr>\n<\/tbody>\n<\/table>\n<table style=\"width: 98.1069%; height: 204px;\" border=\"1\" cellspacing=\"0\" cellpadding=\"0\">\n<tbody>\n<tr>\n<td><strong>POLO\u017dKA<\/strong><\/td>\n<td>Prevodovka kosa\u010dky na tr\u00e1vu FMP-RC30-193<\/td>\n<\/tr>\n<tr>\n<td><strong>Pomer<\/strong><\/td>\n<td>1:1.93<\/td>\n<\/tr>\n<tr>\n<td><strong>Zuby<\/strong><\/td>\n<td>15\/29<\/td>\n<\/tr>\n<tr>\n<td><strong>Modul<\/strong><\/td>\n<td>4.0<\/td>\n<\/tr>\n<tr>\n<td><strong>V\u00fdkon (HP)<\/strong><\/td>\n<td>30<\/td>\n<\/tr>\n<tr>\n<td><strong>Menovit\u00fd vstup<\/strong><\/td>\n<td>540 ot.\/min.<\/td>\n<\/tr>\n<tr>\n<td><strong>Popis vstupu\/v\u00fdstupu<\/strong><\/td>\n<td>Optick\u00e1 os 1-3\/8 Z6\u03c631,75<\/td>\n<\/tr>\n<tr>\n<td><strong>Hmotnos\u0165 (NW)<\/strong><\/td>\n<td>24,5 kg<\/td>\n<\/tr>\n<\/tbody>\n<\/table>\n<h2>V\u00fdvodov\u00e9 hriadele a po\u013enohospod\u00e1rske prevodovky<\/h2>\n<p>V\u00fdvodov\u00e9 hriadele a po\u013enohospod\u00e1rske prevodovky s\u00fa z\u00e1kladn\u00e9 komponenty, ktor\u00e9 pracuj\u00fa spolo\u010dne pri prenose mechanickej energie medzi po\u013enohospod\u00e1rskymi traktormi a ich pripojen\u00fdm n\u00e1rad\u00edm. Tieto syst\u00e9my zohr\u00e1vaj\u00fa k\u013e\u00fa\u010dov\u00fa \u00falohu pri zabezpe\u010dovan\u00ed hladk\u00e9ho chodu r\u00f4znych po\u013enohospod\u00e1rskych strojov, \u010do umo\u017e\u0148uje traktorom efekt\u00edvne vykon\u00e1va\u0165 \u00falohy, ako je orba, kosenie a preprava \u0165a\u017ek\u00fdch n\u00e1kladov.<\/p>\n<p>V\u00fdvodov\u00fd hriade\u013e (v\u00fdvodov\u00fd hriade\u013e) je d\u00f4le\u017eit\u00fdm \u010dl\u00e1nkom medzi traktorom a po\u013enohospod\u00e1rskym zariaden\u00edm. Premie\u0148a rota\u010dn\u00fa energiu motora na mechanick\u00fa energiu, ktor\u00e1 poh\u00e1\u0148a r\u00f4zne po\u013enohospod\u00e1rske n\u00e1stroje a stroje. Prenosom v\u00fdkonu motora na in\u00e9 n\u00e1stroje, ako s\u00fa kosa\u010dky, lisy a pluhy, umo\u017e\u0148uje v\u00fdvodov\u00fd hriade\u013e traktoru \u013eahko vykon\u00e1va\u0165 viacero \u00faloh. Pri spr\u00e1vnej funkcii v\u00fdvodov\u00fd hriade\u013e zvy\u0161uje v\u0161estrannos\u0165 a prev\u00e1dzkov\u00fa \u00fa\u010dinnos\u0165 traktora. Okrem toho pom\u00e1ha zni\u017eova\u0165 opotrebovanie motora traktora a \u010fal\u0161\u00edch syst\u00e9mov, \u010d\u00edm zabezpe\u010duje dlhodob\u00fd v\u00fdkon.<\/p>\n<p>K\u013e\u00fa\u010dovou v\u00fdhodou v\u00fdvodov\u00e9ho hriade\u013ea je jeho schopnos\u0165 zvl\u00e1da\u0165 \u0165a\u017ek\u00e9 bremen\u00e1 bez ohrozenia motora traktora. Pri spr\u00e1vnom pou\u017e\u00edvan\u00ed minimalizuje riziko po\u0161kodenia traktora aj obsluhy. Av\u0161ak, rovnako ako ka\u017ed\u00e1 mechanick\u00e1 s\u00fa\u010das\u0165, aj v\u00fdvodov\u00fd hriade\u013e sa m\u00f4\u017ee \u010dasom opotrebova\u0165, najm\u00e4 ak nie je spr\u00e1vne udr\u017eiavan\u00fd. Pravideln\u00e1 kontrola, mazanie a v\u010dasn\u00e1 v\u00fdmena opotrebovan\u00fdch dielov s\u00fa nevyhnutn\u00e9 pre efekt\u00edvnu a bezpe\u010dn\u00fa prev\u00e1dzku syst\u00e9mu v\u00fdvodov\u00e9ho hriade\u013ea.<\/p>\n<p>Po\u013enohospod\u00e1rska prevodovka pracuje v spojen\u00ed s v\u00fdvodov\u00fdm hriade\u013eom, pren\u00e1\u0161a a moduluje mechanick\u00fd v\u00fdkon tak, aby vyhovoval \u0161pecifick\u00fdm po\u017eiadavk\u00e1m poh\u00e1\u0148an\u00e9ho zariadenia. Zabezpe\u010duje, aby sa v z\u00e1vislosti od danej \u00falohy aplikovala spr\u00e1vna r\u00fdchlos\u0165 a kr\u00fatiaci moment. Po\u013enohospod\u00e1rske prevodovky s\u00fa dostupn\u00e9 v r\u00f4znych konfigur\u00e1ci\u00e1ch vr\u00e1tane ku\u017ee\u013eov\u00fdch prevodoviek, z\u00e1vitovkov\u00fdch prevodoviek a plan\u00e9tov\u00fdch prevodoviek, pri\u010dom ka\u017ed\u00e1 je navrhnut\u00e1 tak, aby sp\u013a\u0148ala \u0161pecifick\u00e9 prev\u00e1dzkov\u00e9 potreby. Napr\u00edklad prevodovky pre kosa\u010dky na tr\u00e1vu musia poskytova\u0165 konzistentn\u00fd a efekt\u00edvny kr\u00fatiaci moment pri prev\u00e1dzke pri ni\u017e\u0161\u00edch r\u00fdchlostiach, aby sa zabezpe\u010dilo presn\u00e9 kosenie.<\/p>\n<p>Pri v\u00fdbere po\u013enohospod\u00e1rskej prevodovky je d\u00f4le\u017eit\u00e9 zv\u00e1\u017ei\u0165 faktory, ako je odolnos\u0165, mechanizmus a kvalita materi\u00e1lu. Odoln\u00e1 prevodovka vyroben\u00e1 z vysokopevnostn\u00fdch materi\u00e1lov vydr\u017e\u00ed mnoho rokov, \u010d\u00edm sa zn\u00ed\u017ei frekvencia v\u00fdmen a n\u00e1klady na \u00fadr\u017ebu. Vysokokvalitn\u00e9 prevodovky s\u00fa skon\u0161truovan\u00e9 tak, aby odolali n\u00e1ro\u010dn\u00fdm prev\u00e1dzkov\u00fdm podmienkam vr\u00e1tane vystavenia prachu, vlhkosti a \u0165a\u017ek\u00fdm n\u00e1kladom, \u010do z nich rob\u00ed nevyhnutn\u00fa invest\u00edciu pre dlhodob\u00e9 po\u013enohospod\u00e1rske oper\u00e1cie.<\/p>\n<p>\u017divotnos\u0165 prevodovky priamo ovplyv\u0148uje celkov\u00fd v\u00fdkon a n\u00e1kladov\u00fa efekt\u00edvnos\u0165 po\u013enohospod\u00e1rskych strojov. Invest\u00edcia do dobre skon\u0161truovanej prevodovky zabezpe\u010d\u00ed, \u017ee bude po\u010das celej svojej \u017eivotnosti na\u010falej fungova\u0165 optim\u00e1lne, \u010d\u00edm sa zabr\u00e1ni n\u00e1kladn\u00fdm oprav\u00e1m alebo v\u00fdmen\u00e1m. To je obzvl\u00e1\u0161\u0165 d\u00f4le\u017eit\u00e9 pre po\u013enohospod\u00e1rov, ktor\u00ed sa na svoje stroje spoliehaj\u00fa pri ka\u017edodennej prev\u00e1dzke, preto\u017ee neo\u010dak\u00e1van\u00e9 prestoje m\u00f4\u017eu vies\u0165 k v\u00fdrazn\u00fdm strat\u00e1m produktivity.<\/p>\n<p>Z\u00e1verom mo\u017eno poveda\u0165, \u017ee v\u00fdvodov\u00e9 hriadele aj po\u013enohospod\u00e1rske prevodovky s\u00fa k\u013e\u00fa\u010dov\u00fdmi komponentmi pre efekt\u00edvnu prev\u00e1dzku po\u013enohospod\u00e1rskych strojov. Pri k\u00fape t\u00fdchto produktov je nevyhnutn\u00e9 vybra\u0165 si vysokokvalitn\u00e9 a odoln\u00e9 mo\u017enosti, ktor\u00e9 vyhovuj\u00fa va\u0161im \u0161pecifick\u00fdm potreb\u00e1m. Zv\u00e1\u017ete faktory, ako je pevnos\u0165 materi\u00e1lu, po\u017eiadavky na \u00fadr\u017ebu a typ \u00faloh, ktor\u00e9 bude v\u00e1\u0161 stroj vykon\u00e1va\u0165. V\u00fdberom spr\u00e1vnych komponentov si m\u00f4\u017eete zabezpe\u010di\u0165, aby v\u00e1\u0161 traktor a zariadenie fungovali hladko, bezpe\u010dne a efekt\u00edvne po mnoho \u010fal\u0161\u00edch rokov.<\/p>\n<table style=\"width: 100.747%; height: 471px;\" border=\"1\" cellspacing=\"0\" cellpadding=\"0\">\n<tbody>\n<tr style=\"height: 468px;\">\n<td style=\"width: 49.0831%; height: 468px;\" width=\"110\"><img loading=\"lazy\" decoding=\"async\" class=\"alignnone size-full wp-image-2018\" src=\"https:\/\/fmp-components.com\/wp-content\/uploads\/2024\/12\/PTO-Shafts-and-Agricultural-Gearboxes-1.webp\" alt=\"V\u00fdvodov\u00e9 hriadele a po\u013enohospod\u00e1rske prevodovky\" width=\"600\" height=\"600\" title=\"\" srcset=\"https:\/\/fmp-components.com\/wp-content\/uploads\/2024\/12\/PTO-Shafts-and-Agricultural-Gearboxes-1.webp 600w, https:\/\/fmp-components.com\/wp-content\/uploads\/2024\/12\/PTO-Shafts-and-Agricultural-Gearboxes-1-480x480.webp 480w\" sizes=\"(min-width: 0px) and (max-width: 480px) 480px, (min-width: 481px) 600px, 100vw\" \/><\/td>\n<td style=\"width: 50.7012%; height: 468px;\" width=\"98\"><img loading=\"lazy\" decoding=\"async\" class=\"alignnone wp-image-2019\" src=\"https:\/\/fmp-components.com\/wp-content\/uploads\/2024\/12\/PTO-Shafts-and-Agricultural-Gearboxes.webp\" alt=\"V\u00fdvodov\u00e9 hriadele a po\u013enohospod\u00e1rske prevodovky\" width=\"474\" height=\"474\" title=\"\"><\/td>\n<\/tr>\n<\/tbody>\n<\/table>\n<h3>O FMP<\/h3>\n<p>Spolo\u010dnos\u0165 FMP so s\u00eddlom v Taliansku je popredn\u00fdm v\u00fdrobcom uzn\u00e1van\u00fdm pre svoje odborn\u00e9 znalosti v oblasti navrhovania a v\u00fdroby vysokov\u00fdkonn\u00fdch prevodoviek pre po\u013enohospod\u00e1rske stroje. Sme zn\u00e1mi pre na\u0161e presn\u00e9 in\u017einierstvo, inov\u00e1cie a spo\u013eahlivos\u0165 a pon\u00fakame \u0161irok\u00fa \u0161k\u00e1lu produktov vr\u00e1tane prevodoviek kosa\u010diek na tr\u00e1vu a z\u00e1kladn\u00fdch komponentov, ako s\u00fa v\u00fdvodov\u00e9 hriadele. Na\u0161\u00edm poslan\u00edm je poskytova\u0165 rie\u0161enia na mieru, ktor\u00e9 sp\u013a\u0148aj\u00fa jedine\u010dn\u00e9 potreby po\u013enohospod\u00e1rskeho a priemyseln\u00e9ho sektora, a to ako individu\u00e1lne produkty, tak aj plne integrovan\u00e9 syst\u00e9my.<\/p>\n<p>V spolo\u010dnosti FMP ch\u00e1peme, \u017ee ka\u017ed\u00fd z\u00e1kazn\u00edk m\u00e1 \u0161pecifick\u00e9 potreby, a preto sa \u0161pecializujeme na prisp\u00f4sobenie na\u0161ich produktov t\u00fdmto potreb\u00e1m. \u010ci u\u017e potrebujete \u0161pecializovan\u00fa prevodovku alebo kompletn\u00fd syst\u00e9m, \u00fazko s vami spolupracujeme, aby sme v\u00e1m poskytli najefekt\u00edvnej\u0161ie a najefekt\u00edvnej\u0161ie rie\u0161enie. N\u00e1\u0161 z\u00e1v\u00e4zok k spokojnosti z\u00e1kazn\u00edkov sa odr\u00e1\u017ea v na\u0161ich r\u00fdchlych a profesion\u00e1lnych reakci\u00e1ch a odbornom poradenstve, \u010d\u00edm zabezpe\u010dujeme, aby sa s ka\u017edou po\u017eiadavkou zaobch\u00e1dzalo s opatrnos\u0165ou a presnos\u0165ou.<\/p>\n<p>Kladieme ve\u013ek\u00fd d\u00f4raz na otvoren\u00fa komunik\u00e1ciu a neust\u00e1lu spolupr\u00e1cu s na\u0161imi klientmi, najm\u00e4 pri v\u00fdvoji nov\u00fdch produktov. N\u00e1\u0161 t\u00edm \u00fazko spolupracuje so z\u00e1kazn\u00edkmi, aby plne pochopil ich v\u00fdzvy a pon\u00fakol im poznatky, ktor\u00e9 ved\u00fa k optim\u00e1lnym rie\u0161eniam. \u010ci u\u017e vyv\u00edjame nov\u00e9 produkty alebo pln\u00edme existuj\u00face objedn\u00e1vky, sme odhodlan\u00ed dod\u00e1va\u0165 vysokokvalitn\u00e9, prec\u00edzne skon\u0161truovan\u00e9 produkty v\u010das.<\/p>\n<p>Kvalita je z\u00e1kladn\u00fdm kame\u0148om v\u0161etk\u00e9ho, \u010do v spolo\u010dnosti FMP rob\u00edme. Na\u0161e v\u00fdrobn\u00e9 procesy sp\u013a\u0148aj\u00fa najvy\u0161\u0161ie \u0161tandardy presnosti a prec\u00edznosti, \u010d\u00edm zabezpe\u010duj\u00fa, \u017ee ka\u017ed\u00fd v\u00fdrobok je bezchybn\u00fd. Zav\u00e1dzame pr\u00edsne opatrenia na kontrolu kvality, aby sme zabezpe\u010dili, \u017ee v\u0161etky na\u0161e v\u00fdrobky sp\u013a\u0148aj\u00fa alebo prekra\u010duj\u00fa priemyseln\u00e9 \u0161tandardy. Toto neochvejn\u00e9 zameranie na kvalitu v spojen\u00ed s na\u0161imi z\u00e1kladn\u00fdmi hodnotami integrity, t\u00edmovej pr\u00e1ce a vytrvalosti n\u00e1m pomohlo vybudova\u0165 si dlhodob\u00e9 vz\u0165ahy so z\u00e1kazn\u00edkmi v takmer 30 krajin\u00e1ch sveta.<\/p>\n<p>Spolo\u010dnos\u0165 FMP je v\u017edy otvoren\u00e1 nadv\u00e4zovaniu glob\u00e1lnych partnerstiev, pon\u00faka odborn\u00e9 poradenstvo a rie\u0161enia na mieru. N\u00e1\u0161 pr\u00edstup ide nad r\u00e1mec samotn\u00e9ho poskytovania produktov \u2013 sna\u017e\u00edme sa budova\u0165 dlhodob\u00e9 vz\u0165ahy, ktor\u00e9 podporuj\u00fa vz\u00e1jomn\u00fd \u00faspech. \u010ci u\u017e potrebujete nov\u00e9 rie\u0161enia alebo podporu pre existuj\u00face syst\u00e9my, spolo\u010dnos\u0165 FMP sa venuje rie\u0161eniu va\u0161ich technick\u00fdch v\u00fdziev a zabezpe\u010duje v\u00e1\u0161 trval\u00fd \u00faspech.<\/p>\n<p><img loading=\"lazy\" decoding=\"async\" class=\"alignnone size-full wp-image-1861\" src=\"https:\/\/fmp-components.com\/wp-content\/uploads\/2024\/12\/Other-Agricultural-Gearboxes.webp\" sizes=\"(min-width: 0px) and (max-width: 480px) 480px, (min-width: 481px) and (max-width: 980px) 980px, (min-width: 981px) 1200px, 100vw\" srcset=\"https:\/\/fmp-components.com\/wp-content\/uploads\/2024\/12\/Other-Agricultural-Gearboxes.webp 1200w, https:\/\/fmp-components.com\/wp-content\/uploads\/2024\/12\/Other-Agricultural-Gearboxes-980x1143.webp 980w, https:\/\/fmp-components.com\/wp-content\/uploads\/2024\/12\/Other-Agricultural-Gearboxes-480x560.webp 480w\" alt=\"Altri-cambi-agricoli\" width=\"1200\" height=\"1400\" title=\"\"><\/p>\n<p>Autor: CX<\/p>","protected":false},"excerpt":{"rendered":"<p>Agricultural Lawn Mower Gearbox FMP-RC30-193 Specification \u00a0 ITEM Lawnmower Gearbox FMP-RC30-193 Ratio 1:1.93 Teeth 15\/29 Module 4.0 Power(HP) 30 Rated Input 540rpm Input\/Output Description 1-3\/8 Z6\u03c631.75 Optic axis Weight(N.W) 24.5KG PTO Shafts and Agricultural Gearboxes PTO shafts and agricultural gearboxes are essential components that work in tandem to transfer mechanical power between farm tractors and [&hellip;]<\/p>","protected":false},"featured_media":2016,"comment_status":"open","ping_status":"closed","template":"","meta":{"_et_pb_use_builder":"","_et_pb_old_content":"","_et_gb_content_width":""},"product_brand":[],"product_cat":[52],"product_tag":[],"class_list":{"0":"post-2015","1":"product","2":"type-product","3":"status-publish","4":"has-post-thumbnail","6":"product_cat-lawn-mower-gearbox","8":"first","9":"instock","10":"shipping-taxable","11":"product-type-simple"},"_links":{"self":[{"href":"https:\/\/fmp-components.com\/sk\/wp-json\/wp\/v2\/product\/2015","targetHints":{"allow":["GET"]}}],"collection":[{"href":"https:\/\/fmp-components.com\/sk\/wp-json\/wp\/v2\/product"}],"about":[{"href":"https:\/\/fmp-components.com\/sk\/wp-json\/wp\/v2\/types\/product"}],"replies":[{"embeddable":true,"href":"https:\/\/fmp-components.com\/sk\/wp-json\/wp\/v2\/comments?post=2015"}],"wp:featuredmedia":[{"embeddable":true,"href":"https:\/\/fmp-components.com\/sk\/wp-json\/wp\/v2\/media\/2016"}],"wp:attachment":[{"href":"https:\/\/fmp-components.com\/sk\/wp-json\/wp\/v2\/media?parent=2015"}],"wp:term":[{"taxonomy":"product_brand","embeddable":true,"href":"https:\/\/fmp-components.com\/sk\/wp-json\/wp\/v2\/product_brand?post=2015"},{"taxonomy":"product_cat","embeddable":true,"href":"https:\/\/fmp-components.com\/sk\/wp-json\/wp\/v2\/product_cat?post=2015"},{"taxonomy":"product_tag","embeddable":true,"href":"https:\/\/fmp-components.com\/sk\/wp-json\/wp\/v2\/product_tag?post=2015"}],"curies":[{"name":"pracovn\u00fd list","href":"https:\/\/api.w.org\/{rel}","templated":true}]}}