{"id":2011,"date":"2024-12-27T01:08:17","date_gmt":"2024-12-27T01:08:17","guid":{"rendered":"https:\/\/fmp-components.com\/?page_id=8"},"modified":"2024-12-27T01:08:49","modified_gmt":"2024-12-27T01:08:49","slug":"agricultural-lawn-mower-gearbox-fmp-x30","status":"publish","type":"product","link":"https:\/\/fmp-components.com\/sk\/product\/agricultural-lawn-mower-gearbox-fmp-x30\/","title":{"rendered":"Prevodovka pre po\u013enohospod\u00e1rsku kosa\u010dku FMP-X30"},"content":{"rendered":"<h2>\u0160pecifik\u00e1cia prevodovky po\u013enohospod\u00e1rskej kosa\u010dky FMP-X30<\/h2>\n<table style=\"width: 96.2203%; height: 596px;\" border=\"1\" width=\"100%\" cellspacing=\"0\" cellpadding=\"0\">\n<tbody>\n<tr>\n<td width=\"110\"><img loading=\"lazy\" decoding=\"async\" class=\"alignnone size-full wp-image-2013\" src=\"https:\/\/fmp-components.com\/wp-content\/uploads\/2024\/12\/FMP_agricultural-gearbox-HC-X30-2.webp\" alt=\"FMP_po\u013enohospod\u00e1rska-prevodovka-HC-X30-2\" width=\"500\" height=\"640\" title=\"\" srcset=\"https:\/\/fmp-components.com\/wp-content\/uploads\/2024\/12\/FMP_agricultural-gearbox-HC-X30-2.webp 500w, https:\/\/fmp-components.com\/wp-content\/uploads\/2024\/12\/FMP_agricultural-gearbox-HC-X30-2-480x614.webp 480w\" sizes=\"(min-width: 0px) and (max-width: 480px) 480px, (min-width: 481px) 500px, 100vw\" \/><\/td>\n<td width=\"98\"><img loading=\"lazy\" decoding=\"async\" class=\"alignnone size-full wp-image-2014\" src=\"https:\/\/fmp-components.com\/wp-content\/uploads\/2024\/12\/FMP_agricultural-gearbox-HC-X30.webp\" alt=\"FMP_po\u013enohospod\u00e1rska-prevodovka-HC-X30\" width=\"400\" height=\"400\" title=\"\" srcset=\"https:\/\/fmp-components.com\/wp-content\/uploads\/2024\/12\/FMP_agricultural-gearbox-HC-X30.webp 400w, https:\/\/fmp-components.com\/wp-content\/uploads\/2024\/12\/FMP_agricultural-gearbox-HC-X30-300x300.webp 300w, https:\/\/fmp-components.com\/wp-content\/uploads\/2024\/12\/FMP_agricultural-gearbox-HC-X30-150x150.webp 150w, https:\/\/fmp-components.com\/wp-content\/uploads\/2024\/12\/FMP_agricultural-gearbox-HC-X30-12x12.webp 12w, https:\/\/fmp-components.com\/wp-content\/uploads\/2024\/12\/FMP_agricultural-gearbox-HC-X30-100x100.webp 100w\" sizes=\"(max-width: 400px) 100vw, 400px\" \/><\/td>\n<\/tr>\n<\/tbody>\n<\/table>\n<table style=\"width: 95.4348%; height: 240px;\" border=\"1\">\n<tbody>\n<tr>\n<td><strong>POLO\u017dKA<\/strong><\/td>\n<td><strong>FMP\u201301-609<\/strong><\/td>\n<td><strong>FMP\u201301-723<\/strong><\/td>\n<td><strong>FMP\u201301-611<\/strong><\/td>\n<\/tr>\n<tr>\n<td><strong>Pomer<\/strong><\/td>\n<td>1:1.47<\/td>\n<td>1:1.69<\/td>\n<td>1:1.93<\/td>\n<\/tr>\n<tr>\n<td><strong>Zuby<\/strong><\/td>\n<td>15\/22<\/td>\n<td>13\/22<\/td>\n<td>15\/29<\/td>\n<\/tr>\n<tr>\n<td><strong>Modul<\/strong><\/td>\n<td>\u00a05.08<\/td>\n<td>5.0<\/td>\n<td>4.0<\/td>\n<\/tr>\n<tr>\n<td><strong>V\u00fdkon (HP)<\/strong><\/td>\n<td>35<\/td>\n<td>35<\/td>\n<td>30<\/td>\n<\/tr>\n<tr>\n<td><strong>Menovit\u00fd vstup<\/strong><\/td>\n<td>540 ot.\/min.<\/td>\n<td>540 ot.\/min.<\/td>\n<td>540 ot.\/min.<\/td>\n<\/tr>\n<tr>\n<td><strong>Popis vstupu\/v\u00fdstupu<\/strong><\/td>\n<td colspan=\"3\">\u00a01 3\/8 Z6 Optick\u00e1 os Ku\u017ee\u013eov\u00e1 z\u00e1klad\u0148a Hriade\u013e s rovnou dr\u00e1\u017ekou<\/td>\n<\/tr>\n<tr>\n<td><strong>Hmotnos\u0165 (NW)<\/strong><\/td>\n<td colspan=\"3\">26,5 kg<\/td>\n<\/tr>\n<\/tbody>\n<\/table>\n<h3>Prisp\u00f4soben\u00fd servis po\u013enohospod\u00e1rskych prevodoviek<\/h3>\n<p>Pon\u00fakame \u0161irok\u00fd sortiment prevodoviek pre kosa\u010dky na tr\u00e1vu s flexibilitou vyr\u00e1ba\u0165 rie\u0161enia na mieru pod\u013ea va\u0161ich \u0161pecifick\u00fdch po\u017eiadaviek. \u010ci u\u017e n\u00e1m poskytnete v\u00fdkres alebo vzorku, vieme vyrobi\u0165 prevodovky prisp\u00f4soben\u00e9 va\u0161im potreb\u00e1m. Ni\u017e\u0161ie uv\u00e1dzame niektor\u00e9 z k\u013e\u00fa\u010dov\u00fdch vlastnost\u00ed na\u0161ej prevodovky pre po\u013enohospod\u00e1rske kosa\u010dky EP-X30:<\/p>\n<ol>\n<li><strong>Vysok\u00fd v\u00fdstupn\u00fd kr\u00fatiaci moment<\/strong> \u2013 Poskytuje vysok\u00fd v\u00fdkon pre n\u00e1ro\u010dn\u00e9 aplik\u00e1cie.<\/li>\n<li><strong>Spo\u013eahliv\u00fd a odoln\u00fd<\/strong> \u2013 Navrhnut\u00e9 pre bezpe\u010dnos\u0165, spo\u013eahlivos\u0165 a dlh\u00fa \u017eivotnos\u0165, \u010d\u00edm sa zabezpe\u010d\u00ed dlhodob\u00e1 prev\u00e1dzka.<\/li>\n<li><strong>Stabiln\u00fd prenos a tich\u00e1 prev\u00e1dzka<\/strong> \u2013 Plynul\u00e1 a tich\u00e1 prev\u00e1dzka pre efekt\u00edvnej\u0161ie a pohodlnej\u0161ie pracovn\u00e9 prostredie.<\/li>\n<li><strong>Vysok\u00e1 nosnos\u0165<\/strong> \u2013 Navrhnut\u00e9 na \u013eahk\u00fa manipul\u00e1ciu s \u0165a\u017ek\u00fdmi bremenami.<\/li>\n<li><strong>Modul\u00e1rny dizajn<\/strong> \u2013 \u013dahko prisp\u00f4sobite\u013en\u00e9 r\u00f4znym zdrojom vstupn\u00e9ho nap\u00e1jania. Ten ist\u00fd model prevodovky m\u00f4\u017ee by\u0165 vybaven\u00fd r\u00f4znymi typmi motorov, \u010do umo\u017e\u0148uje jednoduch\u00fa konfigur\u00e1ciu a prepojenie strojov.<\/li>\n<li><strong>\u0160irok\u00fd rozsah prenosu<\/strong> \u2013 Pon\u00faka jemne vyladen\u00fd, \u0161irok\u00fd rozsah prevodov\u00fdch pomerov, \u010do umo\u017e\u0148uje dosahova\u0165 v\u00fdstupy s ve\u013emi n\u00edzkymi ot\u00e1\u010dkami.<\/li>\n<li><strong>Flexibiln\u00e1 in\u0161tal\u00e1cia<\/strong> \u2013 Mo\u017eno in\u0161talova\u0165 v r\u00f4znych poloh\u00e1ch, \u010do poskytuje v\u00e4\u010d\u0161iu v\u0161estrannos\u0165 pri kon\u0161trukcii stroja.<\/li>\n<li><strong>Vysok\u00e1 pevnos\u0165<\/strong> \u2013 Teleso prevodovky je vyroben\u00e9 z vysokopevnostnej liatiny, zatia\u013e \u010do ozuben\u00e9 koles\u00e1 a hriadele prech\u00e1dzaj\u00fa cement\u00e1ciou v plyne, kalen\u00edm a presn\u00fdm br\u00fasen\u00edm, \u010do vedie k vysokej \u00fanosnosti.<\/li>\n<li><strong>Dlh\u00e1 \u017eivotnos\u0165<\/strong> \u2013 Pri spr\u00e1vnom v\u00fdbere a \u00fadr\u017ebe m\u00f4\u017ee \u017eivotnos\u0165 hlavn\u00fdch komponentov prevodovky (okrem opotrebovan\u00fdch dielov) presiahnu\u0165 20 000 hod\u00edn.<\/li>\n<li><strong>Tich\u00e1 prev\u00e1dzka<\/strong> \u2013 D\u00f4le\u017eit\u00e9 v\u00fdrobn\u00e9 a testovacie procesy zabezpe\u010duj\u00fa, \u017ee prevodovka pracuje s minim\u00e1lnym hlukom.<\/li>\n<li><strong>Kon\u0161trukcia ku\u017ee\u013eov\u00e9ho ozuben\u00e9ho kolesa s rovnobe\u017en\u00fdmi osami<\/strong> \u2013 Vybaven\u00e9 konfigur\u00e1ciou kolies s rovnobe\u017en\u00fdmi osami a skosen\u00edm pre efekt\u00edvne zn\u00ed\u017eenie r\u00fdchlosti.<\/li>\n<\/ol>\n<p>V spolo\u010dnosti FMP sa zav\u00e4zujeme poskytova\u0165 vysokokvalitn\u00e9, prisp\u00f4soben\u00e9 prevodovky, ktor\u00e9 sp\u013a\u0148aj\u00fa \u0161pecifick\u00e9 potreby va\u0161ich po\u013enohospod\u00e1rskych strojov. \u010ci u\u017e potrebujete \u0161tandardn\u00fd model alebo rie\u0161enie na mieru, \u00fazko s vami spolupracujeme, aby sme dosiahli \u010do najlep\u0161ie v\u00fdsledky.<\/p>\n<p><img loading=\"lazy\" decoding=\"async\" class=\"alignnone size-full wp-image-2009\" src=\"https:\/\/fmp-components.com\/wp-content\/uploads\/2024\/12\/Lawn-Mower-Gearbox-Suppliers-6.webp\" alt=\"Prevodovka kosa\u010dky na tr\u00e1vu\" width=\"1000\" height=\"445\" title=\"\" srcset=\"https:\/\/fmp-components.com\/wp-content\/uploads\/2024\/12\/Lawn-Mower-Gearbox-Suppliers-6.webp 1000w, https:\/\/fmp-components.com\/wp-content\/uploads\/2024\/12\/Lawn-Mower-Gearbox-Suppliers-6-980x436.webp 980w, https:\/\/fmp-components.com\/wp-content\/uploads\/2024\/12\/Lawn-Mower-Gearbox-Suppliers-6-480x214.webp 480w\" sizes=\"(min-width: 0px) and (max-width: 480px) 480px, (min-width: 481px) and (max-width: 980px) 980px, (min-width: 981px) 1000px, 100vw\" \/><\/p>\n<h3>O FMP<\/h3>\n<p>Spolo\u010dnos\u0165 FMP so s\u00eddlom v Taliansku je popredn\u00fdm v\u00fdrobcom uzn\u00e1van\u00fdm pre svoje odborn\u00e9 znalosti v oblasti navrhovania a v\u00fdroby vysokov\u00fdkonn\u00fdch prevodoviek pre po\u013enohospod\u00e1rske stroje. Zn\u00e1mi pre na\u0161e presn\u00e9 in\u017einierstvo, inov\u00e1cie a spo\u013eahlivos\u0165 pon\u00fakame \u0161irok\u00fa \u0161k\u00e1lu produktov vr\u00e1tane prevodoviek kosa\u010diek na tr\u00e1vu a k\u013e\u00fa\u010dov\u00fdch komponentov, ako s\u00fa v\u00fdvodov\u00e9 hriadele. Na\u0161\u00edm poslan\u00edm je dod\u00e1va\u0165 rie\u0161enia na mieru, ktor\u00e9 rie\u0161ia jedine\u010dn\u00e9 potreby po\u013enohospod\u00e1rskeho a priemyseln\u00e9ho sektora, a to ako samostatn\u00e9 produkty, tak aj plne integrovan\u00e9 syst\u00e9my.<\/p>\n<p>V spolo\u010dnosti FMP ch\u00e1peme, \u017ee ka\u017ed\u00fd z\u00e1kazn\u00edk m\u00e1 odli\u0161n\u00e9 po\u017eiadavky, a preto sa \u0161pecializujeme na prisp\u00f4sobovanie na\u0161ich produktov tak, aby sp\u013a\u0148ali tieto \u0161pecifick\u00e9 potreby. \u010ci u\u017e potrebujete \u0161pecializovan\u00fa prevodovku alebo kompletn\u00fd syst\u00e9m, \u00fazko s vami spolupracujeme, aby sme v\u00e1m poskytli najefekt\u00edvnej\u0161ie a najefekt\u00edvnej\u0161ie rie\u0161enie. N\u00e1\u0161 z\u00e1v\u00e4zok k spokojnosti z\u00e1kazn\u00edkov sa odr\u00e1\u017ea v na\u0161ich r\u00fdchlych a profesion\u00e1lnych reakci\u00e1ch a odbornom poradenstve, \u010d\u00edm zabezpe\u010dujeme, \u017ee ka\u017ed\u00e1 po\u017eiadavka bude spracovan\u00e1 s presnos\u0165ou a starostlivos\u0165ou.<\/p>\n<p>Kladieme ve\u013ek\u00fd d\u00f4raz na otvoren\u00fa komunik\u00e1ciu a neust\u00e1lu spolupr\u00e1cu s na\u0161imi klientmi, najm\u00e4 pri v\u00fdvoji nov\u00fdch produktov. N\u00e1\u0161 t\u00edm \u00fazko spolupracuje so z\u00e1kazn\u00edkmi, aby plne pochopil ich v\u00fdzvy a pon\u00fakol im poznatky, ktor\u00e9 ved\u00fa k optim\u00e1lnym rie\u0161eniam. \u010ci u\u017e vyv\u00edjame nov\u00e9 produkty alebo pln\u00edme existuj\u00face objedn\u00e1vky, sme odhodlan\u00ed dod\u00e1va\u0165 vysokokvalitn\u00e9, prec\u00edzne skon\u0161truovan\u00e9 produkty v\u010das.<\/p>\n<p>Kvalita je z\u00e1kladom v\u0161etk\u00e9ho, \u010do v spolo\u010dnosti FMP rob\u00edme. Na\u0161e v\u00fdrobn\u00e9 procesy dodr\u017eiavaj\u00fa najvy\u0161\u0161ie \u0161tandardy presnosti, \u010d\u00edm zabezpe\u010duj\u00fa, \u017ee ka\u017ed\u00fd v\u00fdrobok je bezchybn\u00fd. Zav\u00e1dzame pr\u00edsne opatrenia na kontrolu kvality, aby sme zabezpe\u010dili, \u017ee v\u0161etky na\u0161e v\u00fdrobky sp\u013a\u0148aj\u00fa alebo prekra\u010duj\u00fa priemyseln\u00e9 \u0161tandardy. Toto neochvejn\u00e9 zameranie na kvalitu v kombin\u00e1cii s na\u0161imi z\u00e1kladn\u00fdmi hodnotami integrity, t\u00edmovej pr\u00e1ce a vytrvalosti n\u00e1m umo\u017enilo vybudova\u0165 si siln\u00e9 a dlhodob\u00e9 vz\u0165ahy so z\u00e1kazn\u00edkmi v takmer 30 krajin\u00e1ch sveta.<\/p>\n<p>Spolo\u010dnos\u0165 FMP je v\u017edy otvoren\u00e1 glob\u00e1lnym partnerstv\u00e1m a pon\u00faka odborn\u00e9 poradenstvo a rie\u0161enia na mieru. N\u00e1\u0161 pr\u00edstup ide nad r\u00e1mec samotn\u00e9ho poskytovania produktov \u2013 sna\u017e\u00edme sa budova\u0165 dlhodob\u00e9 vz\u0165ahy, ktor\u00e9 podporuj\u00fa vz\u00e1jomn\u00fd \u00faspech. \u010ci u\u017e potrebujete nov\u00e9 rie\u0161enia alebo podporu pre existuj\u00face syst\u00e9my, spolo\u010dnos\u0165 FMP sa zaviazala rie\u0161i\u0165 va\u0161e technick\u00e9 v\u00fdzvy a zabezpe\u010di\u0165 v\u00e1\u0161 trval\u00fd \u00faspech.<\/p>\n<p><img loading=\"lazy\" decoding=\"async\" class=\"alignnone size-full wp-image-1861\" src=\"https:\/\/fmp-components.com\/wp-content\/uploads\/2024\/12\/Other-Agricultural-Gearboxes.webp\" sizes=\"(min-width: 0px) and (max-width: 480px) 480px, (min-width: 481px) and (max-width: 980px) 980px, (min-width: 981px) 1200px, 100vw\" srcset=\"https:\/\/fmp-components.com\/wp-content\/uploads\/2024\/12\/Other-Agricultural-Gearboxes.webp 1200w, https:\/\/fmp-components.com\/wp-content\/uploads\/2024\/12\/Other-Agricultural-Gearboxes-980x1143.webp 980w, https:\/\/fmp-components.com\/wp-content\/uploads\/2024\/12\/Other-Agricultural-Gearboxes-480x560.webp 480w\" alt=\"Altri-cambi-agricoli\" width=\"1200\" height=\"1400\" title=\"\"><\/p>\n<p>Autor: CX<\/p>\n<p>&nbsp;<\/p>","protected":false},"excerpt":{"rendered":"<p>Agricultural Lawn Mower Gearbox FMP-X30 Specification ITEM FMP&#8211;01-609 FMP&#8211;01-723 FMP&#8211;01-611 Ratio 1:1.47 1:1.69 1:1.93 Teeth 15\/22 13\/22 15\/29 Module \u00a05.08 5.0 4.0 Power(HP) 35 35 30 Rated Input 540rpm 540rpm 540rpm Input\/Output Description \u00a01 3\/8 Z6 Optic axis Cone base aequilate spline shaft Weight(N.W) 26.5KG Customized Agricultural Gearbox Service We offer a wide range of [&hellip;]<\/p>","protected":false},"featured_media":2014,"comment_status":"open","ping_status":"closed","template":"","meta":{"_et_pb_use_builder":"","_et_pb_old_content":"","_et_gb_content_width":""},"product_brand":[],"product_cat":[52],"product_tag":[],"class_list":{"0":"post-2011","1":"product","2":"type-product","3":"status-publish","4":"has-post-thumbnail","6":"product_cat-lawn-mower-gearbox","8":"first","9":"instock","10":"shipping-taxable","11":"product-type-simple"},"_links":{"self":[{"href":"https:\/\/fmp-components.com\/sk\/wp-json\/wp\/v2\/product\/2011","targetHints":{"allow":["GET"]}}],"collection":[{"href":"https:\/\/fmp-components.com\/sk\/wp-json\/wp\/v2\/product"}],"about":[{"href":"https:\/\/fmp-components.com\/sk\/wp-json\/wp\/v2\/types\/product"}],"replies":[{"embeddable":true,"href":"https:\/\/fmp-components.com\/sk\/wp-json\/wp\/v2\/comments?post=2011"}],"wp:featuredmedia":[{"embeddable":true,"href":"https:\/\/fmp-components.com\/sk\/wp-json\/wp\/v2\/media\/2014"}],"wp:attachment":[{"href":"https:\/\/fmp-components.com\/sk\/wp-json\/wp\/v2\/media?parent=2011"}],"wp:term":[{"taxonomy":"product_brand","embeddable":true,"href":"https:\/\/fmp-components.com\/sk\/wp-json\/wp\/v2\/product_brand?post=2011"},{"taxonomy":"product_cat","embeddable":true,"href":"https:\/\/fmp-components.com\/sk\/wp-json\/wp\/v2\/product_cat?post=2011"},{"taxonomy":"product_tag","embeddable":true,"href":"https:\/\/fmp-components.com\/sk\/wp-json\/wp\/v2\/product_tag?post=2011"}],"curies":[{"name":"pracovn\u00fd list","href":"https:\/\/api.w.org\/{rel}","templated":true}]}}