{"id":2006,"date":"2024-12-27T00:52:54","date_gmt":"2024-12-27T00:52:54","guid":{"rendered":"https:\/\/fmp-components.com\/?page_id=8"},"modified":"2024-12-27T01:06:40","modified_gmt":"2024-12-27T01:06:40","slug":"agricultural-lawn-mower-gearbox-fmp-gs4rc","status":"publish","type":"product","link":"https:\/\/fmp-components.com\/sk\/product\/agricultural-lawn-mower-gearbox-fmp-gs4rc\/","title":{"rendered":"Prevodovka pre po\u013enohospod\u00e1rsku kosa\u010dku FMP-GS4RC"},"content":{"rendered":"<h2>\u0160pecifik\u00e1cia prevodovky po\u013enohospod\u00e1rskej kosa\u010dky na tr\u00e1vu<\/h2>\n<table style=\"width: 100%;\" border=\"1\" width=\"100%\" cellspacing=\"0\" cellpadding=\"0\">\n<tbody>\n<tr>\n<td width=\"110\"><img loading=\"lazy\" decoding=\"async\" class=\"wp-image-2007 alignleft\" src=\"https:\/\/fmp-components.com\/wp-content\/uploads\/2024\/12\/fmp_agricultural-gearbox-HC-GS4RC-2.webp\" alt=\"fmp_po\u013enohospod\u00e1rska-prevodovka-HC-GS4RC-2\" width=\"363\" height=\"460\" title=\"\"><\/td>\n<td width=\"98\"><img loading=\"lazy\" decoding=\"async\" class=\"alignnone wp-image-2008\" src=\"https:\/\/fmp-components.com\/wp-content\/uploads\/2024\/12\/Lawn-Mower-Gearbox-8.webp\" alt=\"Prevodovka kosa\u010dky na tr\u00e1vu\" width=\"420\" height=\"420\" title=\"\"><\/td>\n<\/tr>\n<\/tbody>\n<\/table>\n<table style=\"width: 96.588%; height: 225px;\" border=\"1\" cellspacing=\"0\" cellpadding=\"0\">\n<tbody>\n<tr>\n<td><strong>POLO\u017dKA<\/strong><\/td>\n<td>FMP-GS4RC<\/td>\n<\/tr>\n<tr>\n<td><strong>Pomer<\/strong><\/td>\n<td>1:1.46\/1:1.93<\/td>\n<\/tr>\n<tr>\n<td><strong>Zuby<\/strong><\/td>\n<td>22\/15 23\/12<\/td>\n<\/tr>\n<tr>\n<td><strong>Modul<\/strong><\/td>\n<td>\u00a05.08 \/5.0<\/td>\n<\/tr>\n<tr>\n<td><strong>V\u00fdkon (HP)<\/strong><\/td>\n<td>30<\/td>\n<\/tr>\n<tr>\n<td><strong>Menovit\u00fd vstup<\/strong><\/td>\n<td>540 ot.\/min.<\/td>\n<\/tr>\n<tr>\n<td><strong>Popis vstupu\/v\u00fdstupu<\/strong><\/td>\n<td>1-3\/8 Z6 Ku\u017ee\u013eov\u00e1 dr\u00e1\u017eka<\/td>\n<\/tr>\n<tr>\n<td><strong>Hmotnos\u0165 (NW)<\/strong><\/td>\n<td>19 kg<\/td>\n<\/tr>\n<\/tbody>\n<\/table>\n<h2>Materi\u00e1l prevodovky po\u013enohospod\u00e1rskej kosa\u010dky na tr\u00e1vu<\/h2>\n<table style=\"width: 96.0662%; height: 133px;\" border=\"1\" cellspacing=\"0\" cellpadding=\"0\">\n<tbody>\n<tr>\n<td colspan=\"2\"><strong>Materi\u00e1l<\/strong><\/td>\n<\/tr>\n<tr>\n<td><strong>B\u00fdvanie\u00a0<\/strong><\/td>\n<td>QT450<\/td>\n<\/tr>\n<tr>\n<td><strong>Hriade\u013e prevodovky<\/strong><\/td>\n<td>20CrMnTi<\/td>\n<\/tr>\n<tr>\n<td><strong>Tanier<\/strong><\/td>\n<td>Hlin\u00edk<\/td>\n<\/tr>\n<\/tbody>\n<\/table>\n<h2>Aplik\u00e1cie prevodoviek pre po\u013enohospod\u00e1rske kosa\u010dky na tr\u00e1vu<\/h2>\n<p>V spolo\u010dnosti FMP sa \u0161pecializujeme na dod\u00e1vku vysokov\u00fdkonn\u00fdch prevodoviek navrhnut\u00fdch tak, aby sp\u013a\u0148ali \u0161pecifick\u00e9 po\u017eiadavky po\u013enohospod\u00e1rskych a priemyseln\u00fdch strojov. Na\u0161e prevodovky sa pou\u017e\u00edvaj\u00fa v \u0161irokej \u0161k\u00e1le aplik\u00e1ci\u00ed a zabezpe\u010duj\u00fa \u00fa\u010dinnos\u0165, odolnos\u0165 a spo\u013eahlivos\u0165 v r\u00f4znych odvetviach. Ni\u017e\u0161ie uv\u00e1dzame niektor\u00e9 z k\u013e\u00fa\u010dov\u00fdch aplik\u00e1ci\u00ed na\u0161ich prevodoviek pre po\u013enohospod\u00e1rske kosa\u010dky na tr\u00e1vu:<\/p>\n<h4>Rota\u010dn\u00e9 reza\u010dky<\/h4>\n<p>Rota\u010dn\u00e9 kosa\u010dky s\u00fa nevyhnutn\u00e9 na odstra\u0148ovanie prerastenej tr\u00e1vy, kr\u00edkov a buriny v po\u013enohospod\u00e1rskych a vidieckych oblastiach. Na\u0161e prevodovky s\u00fa navrhnut\u00e9 tak, aby efekt\u00edvne pren\u00e1\u0161ali v\u00fdkon z traktora na no\u017ee kosa\u010dky, \u010do umo\u017e\u0148uje plynul\u00e9 a efekt\u00edvne kosenie aj v hustej veget\u00e1cii. V\u010faka vynikaj\u00facej odolnosti tieto prevodovky zabezpe\u010duj\u00fa minim\u00e1lne prestoje a maxim\u00e1lny v\u00fdkon po\u010das \u010distenia pozemkov.<\/p>\n<h4>Rota\u010dn\u00e9 fr\u00e9zy<\/h4>\n<p>Rota\u010dn\u00e9 kosa\u010dky sa \u0161iroko pou\u017e\u00edvaj\u00fa v po\u013enohospod\u00e1rstve a \u00faprave krajiny na \u00fadr\u017ebu pol\u00ed, pasienkov a krajn\u00edc kosen\u00edm tr\u00e1vy, buriny a mal\u00fdch kr\u00edkov. Prevodovky FMP s\u00fa navrhnut\u00e9 tak, aby poskytovali spr\u00e1vne mno\u017estvo kr\u00fatiaceho momentu a v\u00fdkonu, \u010d\u00edm zabezpe\u010duj\u00fa plynul\u00e9 ot\u00e1\u010danie \u010depel\u00ed a optim\u00e1lny kosiaci v\u00fdkon. Ich robustn\u00e1 kon\u0161trukcia pom\u00e1ha zni\u017eova\u0165 opotrebovanie, v\u010faka \u010domu s\u00fa ide\u00e1lne pre n\u00e1ro\u010dn\u00e9 kosiace \u00falohy.<\/p>\n<h4>Bavlnen\u00e9 seka\u010dky<\/h4>\n<p>Reza\u010dky bavlny zohr\u00e1vaj\u00fa k\u013e\u00fa\u010dov\u00fa \u00falohu v kontrole buriny a mana\u017emente plod\u00edn na bavln\u00edkov\u00fdch poliach. Na\u0161e prevodovky poskytuj\u00fa presn\u00fd prenos v\u00fdkonu potrebn\u00fd pre \u010do najlep\u0161ie fungovanie zariaden\u00ed na rezanie bavlny, \u010d\u00edm sa zabezpe\u010d\u00ed, \u017ee oper\u00e1tori m\u00f4\u017eu efekt\u00edvne spravova\u0165 \u00farodu bavlny a udr\u017eiava\u0165 zdravie pol\u00ed. Tieto prevodovky s\u00fa skon\u0161truovan\u00e9 tak, aby zvl\u00e1dali n\u00e1ro\u010dn\u00e9 pracovn\u00e9 podmienky, ktor\u00e9 sa \u010dasto vyskytuj\u00fa pri pestovan\u00ed bavlny.<\/p>\n<h4>Stromorezb\u00e1ri<\/h4>\n<p>Reza\u010dky stromov sa pou\u017e\u00edvaj\u00fa v lesn\u00edctve a po\u013enohospod\u00e1rstve na odstra\u0148ovanie stromov, krov\u00edn a hust\u00e9ho l\u00edstia. Prevodovky kosa\u010diek na tr\u00e1vu FMP poskytuj\u00fa vysok\u00fd kr\u00fatiaci moment potrebn\u00fd na pohon rezac\u00edch mechanizmov, \u010do umo\u017e\u0148uje obsluhe \u013eahko manipulova\u0165 s hrub\u00fdmi kon\u00e1rmi a kme\u0148mi. Na\u0161e prevodovky s\u00fa navrhnut\u00e9 tak, aby fungovali pri vysokom za\u0165a\u017een\u00ed a z\u00e1rove\u0148 si zachovali \u00fa\u010dinnos\u0165 a zn\u00ed\u017eili vibr\u00e1cie, \u010do zlep\u0161uje pohodlie a v\u00fdkon obsluhy.<\/p>\n<h4>Po\u013en\u00e9 ko\u0161e<\/h4>\n<p>Z\u00e1sobn\u00edky na po\u013en\u00e9 plodiny sa be\u017ene pou\u017e\u00edvaj\u00fa na zber a prepravu zo\u017eatej \u00farody. Prevodovky FMP poskytuj\u00fa spo\u013eahliv\u00fd prenos v\u00fdkonu potrebn\u00fd na pohon vykladac\u00edch mechanizmov z\u00e1sobn\u00edkov na po\u013en\u00e9 plodiny, \u010d\u00edm zabezpe\u010duj\u00fa plynul\u00fd chod po\u010das zberu. \u010ci u\u017e sa pou\u017e\u00edvaj\u00fa na obilie, bavlnu alebo in\u00e9 plodiny, tieto prevodovky s\u00fa skon\u0161truovan\u00e9 tak, aby odolali n\u00e1ro\u010dn\u00fdm po\u013enohospod\u00e1rskym podmienkam pri zbere \u00farody, \u010d\u00edm sa skr\u00e1tia prestoje a zlep\u0161\u00ed celkov\u00e1 produktivita.<\/p>\n<h4>Kosa\u010dky a zariadenia na starostlivos\u0165 o tr\u00e1vniky<\/h4>\n<p>Okrem vy\u0161\u0161ie uveden\u00fdch \u0161pecializovan\u00fdch aplik\u00e1ci\u00ed sa na\u0161e po\u013enohospod\u00e1rske prevodovky \u0161iroko pou\u017e\u00edvaj\u00fa aj v r\u00f4znych kosa\u010dk\u00e1ch a zariadeniach na starostlivos\u0165 o tr\u00e1vniky. Patria sem kosa\u010dky na tr\u00e1vu s pojazdom, komer\u010dn\u00e9 kosa\u010dky a priemyseln\u00e9 \u017eacie syst\u00e9my, kde na\u0161e prevodovky umo\u017e\u0148uj\u00fa efekt\u00edvne kosenie tr\u00e1vy a rovnomern\u00e9 rozlo\u017eenie v\u00fdkonu na no\u017ee.<\/p>\n<p>Prevodovky FMP s\u00fa navrhnut\u00e9 tak, aby spo\u013eahlivo fungovali v r\u00f4znych aplik\u00e1ci\u00e1ch po\u013enohospod\u00e1rskych strojov. Od rota\u010dn\u00fdch kosa\u010diek a reza\u010diek a\u017e po seka\u010dky bavlny a ko\u0161e na obilie, na\u0161e prevodovky poskytuj\u00fa konzistentn\u00fd prenos v\u00fdkonu, odolnos\u0165 a presnos\u0165. \u010ci u\u017e ide o mal\u00e9 po\u013enohospod\u00e1rske prev\u00e1dzky alebo ve\u013ek\u00e9 priemyseln\u00e9 vyu\u017eitie, prevodovky FMP s\u00fa skon\u0161truovan\u00e9 tak, aby optimalizovali v\u00fdkon, zn\u00ed\u017eili n\u00e1klady na \u00fadr\u017ebu a zabezpe\u010dili dlh\u00fa \u017eivotnos\u0165 va\u0161ich po\u013enohospod\u00e1rskych strojov.<\/p>\n<p><img loading=\"lazy\" decoding=\"async\" class=\"alignnone size-full wp-image-2009\" src=\"https:\/\/fmp-components.com\/wp-content\/uploads\/2024\/12\/Lawn-Mower-Gearbox-Suppliers-6.webp\" alt=\"\" width=\"1000\" height=\"445\" title=\"\" srcset=\"https:\/\/fmp-components.com\/wp-content\/uploads\/2024\/12\/Lawn-Mower-Gearbox-Suppliers-6.webp 1000w, https:\/\/fmp-components.com\/wp-content\/uploads\/2024\/12\/Lawn-Mower-Gearbox-Suppliers-6-980x436.webp 980w, https:\/\/fmp-components.com\/wp-content\/uploads\/2024\/12\/Lawn-Mower-Gearbox-Suppliers-6-480x214.webp 480w\" sizes=\"(min-width: 0px) and (max-width: 480px) 480px, (min-width: 481px) and (max-width: 980px) 980px, (min-width: 981px) 1000px, 100vw\" \/><\/p>\n<h2>K\u013abov\u00fd hriade\u013e pre prevodovku po\u013enohospod\u00e1rskej kosa\u010dky na tr\u00e1vu<\/h2>\n<p>V\u00fdvodov\u00fd hriade\u013e (PTO) je k\u013e\u00fa\u010dovou s\u00fa\u010das\u0165ou po\u013enohospod\u00e1rskych strojov a sl\u00fa\u017ei ako spojenie medzi motorom traktora a r\u00f4znymi prevodovkami n\u00e1strojov, ako s\u00fa napr\u00edklad prevodovky kosa\u010diek na tr\u00e1vu. V spolo\u010dnosti FMP vyr\u00e1bame vysokokvalitn\u00e9 v\u00fdvodov\u00e9 hriadele \u0161peci\u00e1lne navrhnut\u00e9 tak, aby bezprobl\u00e9movo spolupracovali s prevodovkami kosa\u010diek na tr\u00e1vu a poskytovali spo\u013eahliv\u00fd v\u00fdkon pre r\u00f4zne po\u013enohospod\u00e1rske aplik\u00e1cie.<\/p>\n<h3>K\u013e\u00fa\u010dov\u00e9 vlastnosti a v\u00fdhody v\u00fdvodov\u00e9ho hriade\u013ea pre prevodovku po\u013enohospod\u00e1rskej kosa\u010dky na tr\u00e1vu<\/h3>\n<ol>\n<li><strong>Efekt\u00edvny prenos energie<\/strong><br \/>\nV\u00fdvodov\u00e9 hriadele s\u00fa navrhnut\u00e9 tak, aby efekt\u00edvne pren\u00e1\u0161ali mechanick\u00fa energiu z motora traktora do prevodovky kosa\u010dky. To zais\u0165uje, \u017ee no\u017ee kosa\u010dky pracuj\u00fa pri optim\u00e1lnych ot\u00e1\u010dkach pre efekt\u00edvne kosenie tr\u00e1vy a veget\u00e1cie. Udr\u017eiavan\u00edm konzistentn\u00e9ho toku v\u00fdkonu pom\u00e1haj\u00fa v\u00fdvodov\u00e9 hriadele dosiahnu\u0165 \u010distej\u0161\u00ed a rovnomernej\u0161\u00ed kosenie, \u010d\u00edm sa zlep\u0161uje celkov\u00e1 \u00fa\u010dinnos\u0165 kosa\u010dky.<\/li>\n<li><strong>Trvanlivos\u0165 a spo\u013eahlivos\u0165<\/strong><br \/>\nK\u013abov\u00e9 hriadele FMP s\u00fa skon\u0161truovan\u00e9 tak, aby odolali n\u00e1ro\u010dn\u00fdm po\u013enohospod\u00e1rskym podmienkam. Tieto hriadele s\u00fa vyroben\u00e9 z vysokopevnostn\u00fdch materi\u00e1lov a presne navrhnut\u00e9 tak, aby sa zn\u00ed\u017eilo opotrebovanie, a zabezpe\u010duj\u00fa dlh\u00fa \u017eivotnos\u0165 aj pri vysokom za\u0165a\u017een\u00ed a v n\u00e1ro\u010dn\u00fdch po\u013en\u00fdch podmienkach. Ich robustnos\u0165 zni\u017euje prestoje a potrebu \u010dast\u00fdch opr\u00e1v, \u010do vedie k vy\u0161\u0161ej produktivite.<\/li>\n<li><strong>Prisp\u00f4sobite\u013en\u00e1 d\u013a\u017eka a konfigur\u00e1cia<\/strong><br \/>\nK\u013abov\u00e9 hriadele FMP je mo\u017en\u00e9 prisp\u00f4sobi\u0165 z h\u013eadiska d\u013a\u017eky a konfigur\u00e1cie tak, aby sp\u013a\u0148ali \u0161pecifick\u00e9 po\u017eiadavky. \u010ci u\u017e potrebujete \u0161tandardn\u00fa d\u013a\u017eku alebo prisp\u00f4soben\u00e9 nastavenie pre konkr\u00e9tny model kosa\u010dky na tr\u00e1vu, poskytujeme rie\u0161enia prisp\u00f4soben\u00e9 jedine\u010dn\u00fdm \u0161pecifik\u00e1ci\u00e1m v\u00e1\u0161ho zariadenia.<\/li>\n<li><strong>Bezpe\u010dnos\u0165 a jednoduch\u00e1 \u00fadr\u017eba<\/strong><br \/>\nNa\u0161e kardanov\u00e9 hriadele s\u00fa vybaven\u00e9 bezpe\u010dnostn\u00fdmi prvkami, ako s\u00fa ochrann\u00e9 kryty a \u0161t\u00edty, ktor\u00e9 minimalizuj\u00fa riziko neh\u00f4d po\u010das prev\u00e1dzky. Okrem toho s\u00fa navrhnut\u00e9 pre jednoduch\u00fa \u00fadr\u017ebu, ktor\u00e1 umo\u017e\u0148uje r\u00fdchlu kontrolu a v\u00fdmenu opotrebovan\u00fdch komponentov, \u010d\u00edm sa zabezpe\u010duje plynul\u00fd a bezpe\u010dn\u00fd chod syst\u00e9mu.<\/li>\n<li><strong>V\u0161estrannos\u0165 po\u013enohospod\u00e1rskych strojov<\/strong><br \/>\nHoci s\u00fa kardanov\u00e9 hriadele FMP ur\u010den\u00e9 pre kosa\u010dky na tr\u00e1vu, mo\u017eno ich pou\u017ei\u0165 aj s r\u00f4znymi in\u00fdmi po\u013enohospod\u00e1rskymi strojmi vr\u00e1tane rota\u010dn\u00fdch kosa\u010diek, po\u013en\u00fdch kosa\u010diek a vy\u017e\u00edna\u010dov. T\u00e1to v\u0161estrannos\u0165 z nich rob\u00ed cenn\u00fd pr\u00ednos pre farmy a z\u00e1hradn\u00e9 pr\u00e1ce, ktor\u00e9 vy\u017eaduj\u00fa spo\u013eahliv\u00fd prenos v\u00fdkonu medzi r\u00f4znymi typmi zariaden\u00ed.<\/li>\n<\/ol>\n<p><img loading=\"lazy\" decoding=\"async\" class=\"alignnone size-full wp-image-2010\" src=\"https:\/\/fmp-components.com\/wp-content\/uploads\/2024\/12\/Agricultural-Lawnmower-Gearbox-Precautions-for-Use1.webp\" alt=\"\" width=\"1202\" height=\"665\" title=\"\" srcset=\"https:\/\/fmp-components.com\/wp-content\/uploads\/2024\/12\/Agricultural-Lawnmower-Gearbox-Precautions-for-Use1.webp 1202w, https:\/\/fmp-components.com\/wp-content\/uploads\/2024\/12\/Agricultural-Lawnmower-Gearbox-Precautions-for-Use1-980x542.webp 980w, https:\/\/fmp-components.com\/wp-content\/uploads\/2024\/12\/Agricultural-Lawnmower-Gearbox-Precautions-for-Use1-480x266.webp 480w\" sizes=\"(min-width: 0px) and (max-width: 480px) 480px, (min-width: 481px) and (max-width: 980px) 980px, (min-width: 981px) 1202px, 100vw\" \/><\/p>\n<h3>Pou\u017eitie kardanov\u00e9ho hriade\u013ea pre prevodovku po\u013enohospod\u00e1rskej kosa\u010dky na tr\u00e1vu<\/h3>\n<ul>\n<li><strong>Kosa\u010dky na tr\u00e1vu a krovinorezy:<\/strong> V\u00fdvodov\u00e9 hriadele sp\u00e1jaj\u00fa motor traktora s no\u017emi kosa\u010dky, \u010do umo\u017e\u0148uje efekt\u00edvne kosenie tr\u00e1vy, buriny a mal\u00fdch kr\u00edkov.<\/li>\n<li><strong>Rota\u010dn\u00e9 fr\u00e9zy:<\/strong> V\u00fdvodov\u00e9 hriadele sa pou\u017e\u00edvaj\u00fa na pohon rota\u010dn\u00fdch reza\u010diek, \u010do im umo\u017e\u0148uje efekt\u00edvnu pr\u00e1cu v n\u00e1ro\u010dn\u00fdch po\u013en\u00fdch podmienkach.<\/li>\n<li><strong>Rota\u010dn\u00e9 kosa\u010dky a kosa\u010dky na burinu:<\/strong> V\u00fdvodov\u00e9 hriadele pom\u00e1haj\u00fa poh\u00e1\u0148a\u0165 odoln\u00e9 no\u017ee rota\u010dn\u00fdch kosa\u010diek, ktor\u00e9 odstra\u0148uj\u00fa hust\u00fa veget\u00e1ciu a burinu na po\u013enohospod\u00e1rskych poliach.<\/li>\n<li><strong>Kosa\u010dky na tr\u00e1vu:<\/strong> V\u00fdvodov\u00e9 hriadele s\u00fa nevyhnutn\u00e9 na pripojenie traktora k po\u013en\u00fdm kosa\u010dk\u00e1m, \u010d\u00edm sa zabezpe\u010d\u00ed efekt\u00edvne kosenie a \u00fadr\u017eba ve\u013ek\u00fdch po\u013enohospod\u00e1rskych pl\u00f4ch.<\/li>\n<\/ul>\n<h3>Pre\u010do si vybra\u0165 kardanov\u00e9 hriadele FMP pre prevodovku va\u0161ej po\u013enohospod\u00e1rskej kosa\u010dky?<\/h3>\n<ul>\n<li><strong>Prisp\u00f4sobenie<\/strong>Spolo\u010dnos\u0165 FMP pon\u00faka \u0161irok\u00fa \u0161k\u00e1lu kardanov\u00fdch hriade\u013eov v r\u00f4znych d\u013a\u017ekach, konfigur\u00e1ci\u00e1ch a prevedeniach, aby sp\u013a\u0148ala \u0161pecifick\u00e9 potreby.<\/li>\n<li><strong>Spo\u013eahlivos\u0165<\/strong>Na\u0161e kardanov\u00e9 hriadele s\u00fa skon\u0161truovan\u00e9 pre dlhotrvaj\u00faci v\u00fdkon v n\u00e1ro\u010dn\u00fdch po\u013enohospod\u00e1rskych podmienkach, minimalizuj\u00fa prestoje a n\u00e1klady na opravy.<\/li>\n<li><strong>Bezpe\u010dnos\u0165<\/strong>V\u010faka zabudovan\u00fdm bezpe\u010dnostn\u00fdm prvkom pom\u00e1haj\u00fa na\u0161e kardanov\u00e9 hriadele zni\u017eova\u0165 riziko zranenia po\u010das pou\u017e\u00edvania.<\/li>\n<li><strong>Presn\u00e9 in\u017einierstvo<\/strong>Ka\u017ed\u00fd kardanov\u00fd hriade\u013e je vyroben\u00fd s vysokou presnos\u0165ou, \u010do zais\u0165uje plynul\u00fd prenos v\u00fdkonu a zni\u017euje riziko mechanick\u00e9ho po\u0161kodenia.<\/li>\n<li><strong>Glob\u00e1lna podpora<\/strong>Produkty spolo\u010dnosti FMP s\u00fa d\u00f4veryhodn\u00e9 pre z\u00e1kazn\u00edkov na celom svete a my pon\u00fakame odborn\u00e9 poradenstvo a podporu, aby sme zabezpe\u010dili, \u017ee na\u0161e kardanov\u00e9 hriadele sp\u013a\u0148aj\u00fa va\u0161e presn\u00e9 po\u017eiadavky.<\/li>\n<\/ul>\n<p>K\u013abov\u00e9 hriadele FMP pre prevodovky po\u013enohospod\u00e1rskych kosa\u010diek na tr\u00e1vu s\u00fa perfektnou vo\u013ebou na zabezpe\u010denie spo\u013eahliv\u00e9ho prenosu v\u00fdkonu a optim\u00e1lneho v\u00fdkonu v r\u00f4znych po\u013enohospod\u00e1rskych a krajin\u00e1rskych aplik\u00e1ci\u00e1ch. Na\u0161e k\u013abov\u00e9 hriadele s\u00fa vyroben\u00e9 pre dlh\u00fa \u017eivotnos\u0165 a skon\u0161truovan\u00e9 pre jednoduch\u00e9 pou\u017e\u00edvanie a bezpe\u010dnos\u0165, tak\u017ee v\u00e1m pom\u00f4\u017eu \u010do najlep\u0161ie vyu\u017ei\u0165 prevodovku va\u0161ej kosa\u010dky na tr\u00e1vu a zabezpe\u010dia dlhodob\u00fa \u00fa\u010dinnos\u0165 a spo\u013eahlivos\u0165 v \u0161irokej \u0161k\u00e1le po\u013enohospod\u00e1rskych \u00faloh.<\/p>\n<p><img loading=\"lazy\" decoding=\"async\" class=\"alignnone size-full wp-image-1906\" src=\"https:\/\/fmp-components.com\/wp-content\/uploads\/2024\/12\/Rotary-Mower-Gearbox17.webp\" alt=\"Prevodovka rota\u010dnej kosa\u010dky\" width=\"1280\" height=\"463\" title=\"\" srcset=\"https:\/\/fmp-components.com\/wp-content\/uploads\/2024\/12\/Rotary-Mower-Gearbox17.webp 1280w, https:\/\/fmp-components.com\/wp-content\/uploads\/2024\/12\/Rotary-Mower-Gearbox17-980x354.webp 980w, https:\/\/fmp-components.com\/wp-content\/uploads\/2024\/12\/Rotary-Mower-Gearbox17-480x174.webp 480w\" sizes=\"(min-width: 0px) and (max-width: 480px) 480px, (min-width: 481px) and (max-width: 980px) 980px, (min-width: 981px) 1280px, 100vw\" \/><\/p>\n<h2>O FMP<\/h2>\n<p>Spolo\u010dnos\u0165 FMP so s\u00eddlom v Taliansku je popredn\u00fdm v\u00fdrobcom zn\u00e1mym pre navrhovanie a v\u00fdrobu vysokov\u00fdkonn\u00fdch prevodoviek pre po\u013enohospod\u00e1rske stroje. S reput\u00e1ciou presn\u00e9ho in\u017einierstva, inov\u00e1ci\u00ed a spo\u013eahlivosti pon\u00fakame \u0161irok\u00fa \u0161k\u00e1lu produktov vr\u00e1tane prevodoviek kosa\u010diek na tr\u00e1vu a kritick\u00fdch komponentov, ako s\u00fa v\u00fdvodov\u00e9 hriadele. Na\u0161\u00edm cie\u013eom je poskytova\u0165 rie\u0161enia na mieru, ktor\u00e9 sp\u013a\u0148aj\u00fa jedine\u010dn\u00e9 potreby po\u013enohospod\u00e1rskeho a priemyseln\u00e9ho sektora, a to ako samostatn\u00e9 produkty, tak aj plne integrovan\u00e9 syst\u00e9my.<\/p>\n<p>V spolo\u010dnosti FMP si uvedomujeme, \u017ee ka\u017ed\u00fd z\u00e1kazn\u00edk m\u00e1 \u0161pecifick\u00e9 po\u017eiadavky, a preto sa \u0161pecializujeme na prisp\u00f4sobovanie na\u0161ich produktov individu\u00e1lnym potreb\u00e1m. \u010ci u\u017e h\u013ead\u00e1te \u0161pecializovan\u00fa prevodovku alebo kompletn\u00fd syst\u00e9m, \u00fazko s vami spolupracujeme, aby sme v\u00e1m poskytli najefekt\u00edvnej\u0161ie a najefekt\u00edvnej\u0161ie rie\u0161enie. N\u00e1\u0161 z\u00e1v\u00e4zok k spokojnosti z\u00e1kazn\u00edkov sa odr\u00e1\u017ea v na\u0161ich r\u00fdchlych a profesion\u00e1lnych reakci\u00e1ch spolu s odborn\u00fdm poradenstvom, \u010d\u00edm zabezpe\u010dujeme, aby sa ka\u017ed\u00e1 ot\u00e1zka vybavila s presnos\u0165ou a starostlivos\u0165ou.<\/p>\n<p>V\u00e1\u017eime si otvoren\u00fa komunik\u00e1ciu a neust\u00e1lu spolupr\u00e1cu s na\u0161imi klientmi, najm\u00e4 po\u010das v\u00fdvoja nov\u00fdch produktov. N\u00e1\u0161 t\u00edm \u00fazko spolupracuje so z\u00e1kazn\u00edkmi, aby pochopil ich v\u00fdzvy a poskytol im cenn\u00e9 poznatky, ktor\u00e9 ved\u00fa k optim\u00e1lnym rie\u0161eniam. \u010ci u\u017e vyv\u00edjame nov\u00e9 produkty alebo pln\u00edme existuj\u00face objedn\u00e1vky, sme odhodlan\u00ed dod\u00e1va\u0165 vysokokvalitn\u00e9, prec\u00edzne skon\u0161truovan\u00e9 produkty v\u010das.<\/p>\n<p>Kvalita je z\u00e1kladn\u00fdm kame\u0148om prev\u00e1dzky spolo\u010dnosti FMP. Na\u0161e v\u00fdrobn\u00e9 procesy s\u00fa postaven\u00e9 na princ\u00edpoch vysok\u00fdch \u0161tandardov, presnosti a nulov\u00fdch ch\u00fdb. Zav\u00e1dzame pr\u00edsne opatrenia na kontrolu kvality, aby sme zabezpe\u010dili, \u017ee ka\u017ed\u00fd produkt sp\u013a\u0148a alebo prekra\u010duje priemyseln\u00e9 \u0161tandardy. Toto neochvejn\u00e9 zameranie na kvalitu v kombin\u00e1cii s na\u0161imi z\u00e1kladn\u00fdmi hodnotami integrity, t\u00edmovej pr\u00e1ce a vytrvalosti n\u00e1m pomohlo vybudova\u0165 si trval\u00e9 vz\u0165ahy so z\u00e1kazn\u00edkmi v takmer 30 krajin\u00e1ch.<\/p>\n<p>Spolo\u010dnos\u0165 FMP je v\u017edy otvoren\u00e1 vytv\u00e1raniu glob\u00e1lnych partnerstiev, pon\u00faka odborn\u00e9 poradenstvo a rie\u0161enia na mieru. N\u00e1\u0161 pr\u00edstup ide nad r\u00e1mec samotn\u00e9ho dod\u00e1vania produktov \u2013 na\u0161\u00edm cie\u013eom je podporova\u0165 dlhodob\u00e9 vz\u0165ahy, ktor\u00e9 ved\u00fa k vz\u00e1jomn\u00e9mu \u00faspechu. \u010ci u\u017e potrebujete nov\u00e9 rie\u0161enia alebo podporu pre existuj\u00face syst\u00e9my, spolo\u010dnos\u0165 FMP sa venuje rie\u0161eniu va\u0161ich technick\u00fdch v\u00fdziev a zabezpe\u010duje v\u00e1\u0161 trval\u00fd \u00faspech.<\/p>\n<p><img loading=\"lazy\" decoding=\"async\" class=\"alignnone size-full wp-image-1861\" src=\"https:\/\/fmp-components.com\/wp-content\/uploads\/2024\/12\/Other-Agricultural-Gearboxes.webp\" sizes=\"(min-width: 0px) and (max-width: 480px) 480px, (min-width: 481px) and (max-width: 980px) 980px, (min-width: 981px) 1200px, 100vw\" srcset=\"https:\/\/fmp-components.com\/wp-content\/uploads\/2024\/12\/Other-Agricultural-Gearboxes.webp 1200w, https:\/\/fmp-components.com\/wp-content\/uploads\/2024\/12\/Other-Agricultural-Gearboxes-980x1143.webp 980w, https:\/\/fmp-components.com\/wp-content\/uploads\/2024\/12\/Other-Agricultural-Gearboxes-480x560.webp 480w\" alt=\"Altri-cambi-agricoli\" width=\"1200\" height=\"1400\" title=\"\"><\/p>\n<p>Autor: CX<\/p>\n<p>&nbsp;<\/p>","protected":false},"excerpt":{"rendered":"<p>Agricultural Lawnmower Gearbox\u00a0Specification ITEM FMP-GS4RC Ratio 1:1.46\/1:1.93 Teeth 22\/15 23\/12 Module \u00a05.08 \/5.0 Power(HP) 30 Rated Input 540rpm Input\/Output Description 1-3\/8 Z6 Taper spline Weight(N.W) 19KG Agricultural Lawn Mower Gearbox Material Material Housing\u00a0 QT450 Gear shaft 20CrMnTi Plate Aluminum Agricultural Lawnmower Gearbox Applications At FMP, we specialize in providing high-performance gearboxes designed to meet the [&hellip;]<\/p>","protected":false},"featured_media":2008,"comment_status":"open","ping_status":"closed","template":"","meta":{"_et_pb_use_builder":"","_et_pb_old_content":"","_et_gb_content_width":""},"product_brand":[],"product_cat":[52],"product_tag":[],"class_list":{"0":"post-2006","1":"product","2":"type-product","3":"status-publish","4":"has-post-thumbnail","6":"product_cat-lawn-mower-gearbox","8":"first","9":"instock","10":"shipping-taxable","11":"product-type-simple"},"_links":{"self":[{"href":"https:\/\/fmp-components.com\/sk\/wp-json\/wp\/v2\/product\/2006","targetHints":{"allow":["GET"]}}],"collection":[{"href":"https:\/\/fmp-components.com\/sk\/wp-json\/wp\/v2\/product"}],"about":[{"href":"https:\/\/fmp-components.com\/sk\/wp-json\/wp\/v2\/types\/product"}],"replies":[{"embeddable":true,"href":"https:\/\/fmp-components.com\/sk\/wp-json\/wp\/v2\/comments?post=2006"}],"wp:featuredmedia":[{"embeddable":true,"href":"https:\/\/fmp-components.com\/sk\/wp-json\/wp\/v2\/media\/2008"}],"wp:attachment":[{"href":"https:\/\/fmp-components.com\/sk\/wp-json\/wp\/v2\/media?parent=2006"}],"wp:term":[{"taxonomy":"product_brand","embeddable":true,"href":"https:\/\/fmp-components.com\/sk\/wp-json\/wp\/v2\/product_brand?post=2006"},{"taxonomy":"product_cat","embeddable":true,"href":"https:\/\/fmp-components.com\/sk\/wp-json\/wp\/v2\/product_cat?post=2006"},{"taxonomy":"product_tag","embeddable":true,"href":"https:\/\/fmp-components.com\/sk\/wp-json\/wp\/v2\/product_tag?post=2006"}],"curies":[{"name":"pracovn\u00fd list","href":"https:\/\/api.w.org\/{rel}","templated":true}]}}