{"id":1999,"date":"2024-12-26T08:44:59","date_gmt":"2024-12-26T08:44:59","guid":{"rendered":"https:\/\/fmp-components.com\/?page_id=8"},"modified":"2024-12-27T00:36:22","modified_gmt":"2024-12-27T00:36:22","slug":"fmp-1zs-380-lawn-mower-gearbox","status":"publish","type":"product","link":"https:\/\/fmp-components.com\/sk\/product\/fmp-1zs-380-lawn-mower-gearbox\/","title":{"rendered":"Prevodovka kosa\u010dky na tr\u00e1vu FMP-1ZS-380"},"content":{"rendered":"<p><img loading=\"lazy\" decoding=\"async\" class=\"size-full wp-image-2005 aligncenter\" src=\"https:\/\/fmp-components.com\/wp-content\/uploads\/2024\/12\/FMP_agricultural-gearbox-HC-1ZS-380.webp\" alt=\"Po\u013enohospod\u00e1rska prevodovka FMP HC-1ZS-380\" width=\"400\" height=\"400\" title=\"\" srcset=\"https:\/\/fmp-components.com\/wp-content\/uploads\/2024\/12\/FMP_agricultural-gearbox-HC-1ZS-380.webp 400w, https:\/\/fmp-components.com\/wp-content\/uploads\/2024\/12\/FMP_agricultural-gearbox-HC-1ZS-380-300x300.webp 300w, https:\/\/fmp-components.com\/wp-content\/uploads\/2024\/12\/FMP_agricultural-gearbox-HC-1ZS-380-150x150.webp 150w, https:\/\/fmp-components.com\/wp-content\/uploads\/2024\/12\/FMP_agricultural-gearbox-HC-1ZS-380-12x12.webp 12w, https:\/\/fmp-components.com\/wp-content\/uploads\/2024\/12\/FMP_agricultural-gearbox-HC-1ZS-380-100x100.webp 100w\" sizes=\"(max-width: 400px) 100vw, 400px\" \/><\/p>\n<h2>\u0160pecifik\u00e1cia prevodovky kosa\u010dky na tr\u00e1vu FMP-1ZS-380<\/h2>\n<p><img loading=\"lazy\" decoding=\"async\" class=\"alignnone wp-image-2000\" src=\"https:\/\/fmp-components.com\/wp-content\/uploads\/2024\/12\/fmp_agricultural-gearbox-HC-1ZS-380-1.webp\" alt=\"fmp_po\u013enohospod\u00e1rska-prevodovka-HC-1ZS-380-1\" width=\"806\" height=\"307\" title=\"\" srcset=\"https:\/\/fmp-components.com\/wp-content\/uploads\/2024\/12\/fmp_agricultural-gearbox-HC-1ZS-380-1.webp 806w, https:\/\/fmp-components.com\/wp-content\/uploads\/2024\/12\/fmp_agricultural-gearbox-HC-1ZS-380-1-480x183.webp 480w\" sizes=\"(min-width: 0px) and (max-width: 480px) 480px, (min-width: 481px) 806px, 100vw\" \/><\/p>\n<table style=\"width: 85.3964%; height: 238px;\" border=\"1\">\n<tbody>\n<tr>\n<td style=\"width: 37.4684%;\">POLO\u017dKA<\/td>\n<td style=\"width: 61.7722%;\">Prevodovka kosa\u010dky na tr\u00e1vu FMP-1ZS-380<\/td>\n<\/tr>\n<tr>\n<td style=\"width: 37.4684%;\">Pomer<\/td>\n<td style=\"width: 61.7722%;\">1:1.24<\/td>\n<\/tr>\n<tr>\n<td style=\"width: 37.4684%;\">Zuby<\/td>\n<td style=\"width: 61.7722%;\">21\/17\/17\/17<\/td>\n<\/tr>\n<tr>\n<td style=\"width: 37.4684%;\">Modul<\/td>\n<td style=\"width: 61.7722%;\">7.0<\/td>\n<\/tr>\n<tr>\n<td style=\"width: 37.4684%;\">V\u00fdkon (HP)<\/td>\n<td style=\"width: 61.7722%;\">100<\/td>\n<\/tr>\n<tr>\n<td style=\"width: 37.4684%;\">Menovit\u00fd vstup<\/td>\n<td style=\"width: 61.7722%;\">540 ot.\/min.<\/td>\n<\/tr>\n<tr>\n<td style=\"width: 37.4684%;\">Popis vstupu\/v\u00fdstupu<\/td>\n<td style=\"width: 61.7722%;\">\u00a0Dr\u00e1\u017ekovanie<\/td>\n<\/tr>\n<tr>\n<td style=\"width: 37.4684%;\">Hmotnos\u0165 (NW)<\/td>\n<td style=\"width: 61.7722%;\">42,5 kg<\/td>\n<\/tr>\n<\/tbody>\n<\/table>\n<h3>V\u00fdhody prevodovky kosa\u010dky na tr\u00e1vu FMP-1ZS-380<\/h3>\n<ol>\n<li><strong>Vysok\u00fd v\u00fdkon a \u00fa\u010dinnos\u0165<\/strong><br \/>\nPrevodovka kosa\u010dky na tr\u00e1vu FMP-1ZS-380 je navrhnut\u00e1 pre optim\u00e1lny prenos v\u00fdkonu, \u010d\u00edm sa zabezpe\u010d\u00ed, \u017ee kosa\u010dka pracuje s maxim\u00e1lnou \u00fa\u010dinnos\u0165ou. Poskytuje spo\u013eahliv\u00fd a konzistentn\u00fd v\u00fdkon, v\u010faka \u010domu je vhodn\u00e1 pre r\u00f4zne aplik\u00e1cie starostlivosti o tr\u00e1vnik, od mal\u00fdch obytn\u00fdch z\u00e1hrad a\u017e po v\u00e4\u010d\u0161ie komer\u010dn\u00e9 \u00falohy kosenia.<\/li>\n<li><strong>Trvanlivos\u0165 a dlh\u00e1 \u017eivotnos\u0165<\/strong><br \/>\nModel FMP-1ZS-380, vyroben\u00fd z vysoko kvalitn\u00fdch materi\u00e1lov a s presn\u00fdm spracovan\u00edm, je navrhnut\u00fd tak, aby odolal opotrebovaniu pri n\u00e1ro\u010dnom pou\u017e\u00edvan\u00ed. Jeho robustn\u00e1 kon\u0161trukcia zaru\u010duje odolnos\u0165 a pon\u00faka dlh\u00fa \u017eivotnos\u0165 aj v n\u00e1ro\u010dn\u00fdch prev\u00e1dzkov\u00fdch podmienkach.<\/li>\n<li><strong>Mo\u017enosti prisp\u00f4sobenia<\/strong><br \/>\nFMP pon\u00faka prisp\u00f4sobenie pod\u013ea \u0161pecifick\u00fdch po\u017eiadaviek aplik\u00e1cie. \u010ci u\u017e potrebujete upravi\u0165 prevodov\u00e9 pomery, mont\u00e1\u017ene konfigur\u00e1cie alebo in\u00e9 technick\u00e9 \u0161pecifik\u00e1cie, FMP-1ZS-380 je mo\u017en\u00e9 prisp\u00f4sobi\u0165 va\u0161im jedine\u010dn\u00fdm potreb\u00e1m.<\/li>\n<li><strong>Jednoduch\u00e1 \u00fadr\u017eba<\/strong><br \/>\nPrevodovka je navrhnut\u00e1 pre jednoduch\u00fa \u00fadr\u017ebu. Jej u\u017e\u00edvate\u013esky pr\u00edvetiv\u00e1 kon\u0161trukcia zais\u0165uje r\u00fdchlu a jednoduch\u00fa \u00fadr\u017ebu, skracuje prestoje a umo\u017e\u0148uje obsluhe udr\u017eiava\u0165 optim\u00e1lny v\u00fdkon s minim\u00e1lnym \u00fasil\u00edm.<\/li>\n<li><strong>N\u00edzka hlu\u010dnos\u0165 a vibr\u00e1cie<\/strong><br \/>\nModel FMP-1ZS-380 je vybaven\u00fd funkciami na zn\u00ed\u017eenie hluku, ktor\u00e9 zabezpe\u010duj\u00fa tich\u0161iu prev\u00e1dzku. V\u010faka tomu je ide\u00e1lny pre prostredia, kde je potrebn\u00e9 minimalizova\u0165 hladinu hluku a z\u00e1rove\u0148 zabezpe\u010di\u0165 efekt\u00edvny prenos v\u00fdkonu na no\u017ee kosa\u010dky.<\/li>\n<li><strong>Kompaktn\u00fd a \u013eahk\u00fd dizajn<\/strong><br \/>\nNapriek svojmu vysok\u00e9mu v\u00fdkonu sa FMP-1ZS-380 vyzna\u010duje kompaktn\u00fdm a \u013eahk\u00fdm dizajnom. To zais\u0165uje, \u017ee sa d\u00e1 \u013eahko integrova\u0165 do r\u00f4znych modelov kosa\u010diek bez zbyto\u010dn\u00e9ho prid\u00e1vania hmotnosti, \u010d\u00edm sa zlep\u0161uje man\u00e9vrovate\u013enos\u0165 a jednoduchos\u0165 pou\u017e\u00edvania.<\/li>\n<li><strong>Presn\u00e9 in\u017einierstvo<\/strong><br \/>\nKosa\u010dka FMP-1ZS-380, vyroben\u00e1 s pr\u00edsnymi normami kontroly kvality, je vybaven\u00e1 prec\u00edzne navrhnut\u00fdmi prevodmi, ktor\u00e9 zni\u017euj\u00fa v\u00f4\u013eu a zlep\u0161uj\u00fa celkov\u00fd v\u00fdkon. To zais\u0165uje plynulej\u0161iu prev\u00e1dzku a zlep\u0161uje kvalitu v\u00fdsledkov kosenia.<\/li>\n<\/ol>\n<p>Stru\u010dne povedan\u00e9, prevodovka kosa\u010dky na tr\u00e1vu FMP-1ZS-380 kombinuje vysok\u00fd v\u00fdkon, odolnos\u0165, jednoduch\u00fa \u00fadr\u017ebu a mo\u017enosti prisp\u00f4sobenia, v\u010faka \u010domu je najlep\u0161ou vo\u013ebou pre reziden\u010dn\u00e9 aj komer\u010dn\u00e9 kosenie.<\/p>\n<p><img loading=\"lazy\" decoding=\"async\" class=\"alignnone size-full wp-image-1994\" src=\"https:\/\/fmp-components.com\/wp-content\/uploads\/2024\/12\/Lawn-Mower-Gearbox-7.webp\" alt=\"Prevodovka kosa\u010dky na tr\u00e1vu\" width=\"1502\" height=\"805\" title=\"\" srcset=\"https:\/\/fmp-components.com\/wp-content\/uploads\/2024\/12\/Lawn-Mower-Gearbox-7.webp 1502w, https:\/\/fmp-components.com\/wp-content\/uploads\/2024\/12\/Lawn-Mower-Gearbox-7-1280x686.webp 1280w, https:\/\/fmp-components.com\/wp-content\/uploads\/2024\/12\/Lawn-Mower-Gearbox-7-980x525.webp 980w, https:\/\/fmp-components.com\/wp-content\/uploads\/2024\/12\/Lawn-Mower-Gearbox-7-480x257.webp 480w\" sizes=\"(min-width: 0px) and (max-width: 480px) 480px, (min-width: 481px) and (max-width: 980px) 980px, (min-width: 981px) and (max-width: 1280px) 1280px, (min-width: 1281px) 1502px, 100vw\" \/><\/p>\n<h3>O FMP<\/h3>\n<p>Spolo\u010dnos\u0165 FMP so s\u00eddlom v Taliansku je popredn\u00fdm v\u00fdrobcom \u0161pecializuj\u00facim sa na vysokov\u00fdkonn\u00e9 prevodovky pre po\u013enohospod\u00e1rske stroje. Zn\u00e1ma prec\u00edznym in\u017einierstvom, inov\u00e1ciami a spo\u013eahlivos\u0165ou, pon\u00fakame \u0161irok\u00fd sortiment prevodoviek vr\u00e1tane prevodoviek kosa\u010diek na tr\u00e1vu a z\u00e1kladn\u00fdch komponentov, ako s\u00fa v\u00fdvodov\u00e9 hriadele. Na\u0161\u00edm poslan\u00edm je poskytova\u0165 rie\u0161enia na mieru, ktor\u00e9 sp\u013a\u0148aj\u00fa \u0161pecifick\u00e9 potreby po\u013enohospod\u00e1rskeho a priemyseln\u00e9ho sektora, \u010di u\u017e prostredn\u00edctvom jednotliv\u00fdch produktov alebo integrovan\u00fdch syst\u00e9mov.<\/p>\n<p>Ch\u00e1peme, \u017ee ka\u017ed\u00fd z\u00e1kazn\u00edk m\u00e1 jedine\u010dn\u00e9 po\u017eiadavky, a preto vynik\u00e1me v prisp\u00f4sobovan\u00ed na\u0161ich produktov t\u00fdmto potreb\u00e1m. \u010ci u\u017e potrebujete \u0161pecializovan\u00fa prevodovku alebo kompletn\u00fd syst\u00e9m, \u00fazko s vami spolupracujeme, aby sme v\u00e1m poskytli najefekt\u00edvnej\u0161ie a najefekt\u00edvnej\u0161ie rie\u0161enia. Na\u0161e r\u00fdchle a profesion\u00e1lne reakcie v kombin\u00e1cii s odborn\u00fdm poradenstvom zabezpe\u010duj\u00fa, \u017ee ka\u017ed\u00e1 po\u017eiadavka bude vybaven\u00e1 s opatrnos\u0165ou a presnos\u0165ou.<\/p>\n<p>V spolo\u010dnosti FMP uprednost\u0148ujeme otvoren\u00fa komunik\u00e1ciu a spolupr\u00e1cu, najm\u00e4 pri v\u00fdvoji nov\u00fdch produktov. N\u00e1\u0161 t\u00edm spolupracuje so z\u00e1kazn\u00edkmi, aby pochopil ich v\u00fdzvy a poskytol im poznatky, ktor\u00e9 ved\u00fa k optim\u00e1lnym rie\u0161eniam. Zaviazali sme sa dod\u00e1va\u0165 vysokokvalitn\u00e9, prec\u00edzne skon\u0161truovan\u00e9 produkty v\u010das, \u010di u\u017e ide o nov\u00e9 v\u00fdvojov\u00e9 projekty alebo existuj\u00face objedn\u00e1vky.<\/p>\n<p>Kvalita je jadrom \u010dinnosti spolo\u010dnosti FMP. Na\u0161e v\u00fdrobn\u00e9 procesy sp\u013a\u0148aj\u00fa najvy\u0161\u0161ie \u0161tandardy, \u010do zabezpe\u010duje presnos\u0165 a nulov\u00e9 chyby. Pr\u00edsna kontrola kvality zaru\u010duje, \u017ee ka\u017ed\u00fd v\u00fdrobok sp\u013a\u0148a alebo prekra\u010duje priemyseln\u00e9 \u0161tandardy. Tento z\u00e1v\u00e4zok ku kvalite v spojen\u00ed s na\u0161imi z\u00e1kladn\u00fdmi hodnotami integrity, t\u00edmovej pr\u00e1ce a vytrvalosti n\u00e1m umo\u017enil vybudova\u0165 si siln\u00e9 vz\u0165ahy so z\u00e1kazn\u00edkmi v takmer 30 krajin\u00e1ch.<\/p>\n<p>Spolo\u010dnos\u0165 FMP je v\u017edy otvoren\u00e1 glob\u00e1lnym partnerstv\u00e1m a pon\u00faka odborn\u00e9 poradenstvo a rie\u0161enia na mieru. N\u00e1\u0161 pr\u00edstup ide nad r\u00e1mec jednoduch\u00e9ho dod\u00e1vania produktov; na\u0161\u00edm cie\u013eom je budova\u0165 dlhodob\u00e9 vz\u0165ahy, ktor\u00e9 ved\u00fa k vz\u00e1jomn\u00e9mu \u00faspechu. \u010ci u\u017e potrebujete nov\u00e9 rie\u0161enia alebo podporu pre existuj\u00face syst\u00e9my, spolo\u010dnos\u0165 FMP sa venuje rie\u0161eniu va\u0161ich technick\u00fdch v\u00fdziev a zabezpe\u010duje trval\u00fd \u00faspech.<\/p>\n<p><img loading=\"lazy\" decoding=\"async\" class=\"alignnone size-full wp-image-1861\" src=\"https:\/\/fmp-components.com\/wp-content\/uploads\/2024\/12\/Other-Agricultural-Gearboxes.webp\" sizes=\"(min-width: 0px) and (max-width: 480px) 480px, (min-width: 481px) and (max-width: 980px) 980px, (min-width: 981px) 1200px, 100vw\" srcset=\"https:\/\/fmp-components.com\/wp-content\/uploads\/2024\/12\/Other-Agricultural-Gearboxes.webp 1200w, https:\/\/fmp-components.com\/wp-content\/uploads\/2024\/12\/Other-Agricultural-Gearboxes-980x1143.webp 980w, https:\/\/fmp-components.com\/wp-content\/uploads\/2024\/12\/Other-Agricultural-Gearboxes-480x560.webp 480w\" alt=\"Altri-cambi-agricoli\" width=\"1200\" height=\"1400\" title=\"\"><\/p>\n<p>Autor: CX<\/p>","protected":false},"excerpt":{"rendered":"<p>FMP-1ZS-380 Lawn Mower Gearbox Specification ITEM FMP-1ZS-380 Lawn Mower Gearbox Ratio 1:1.24 Teeth 21\/17\/17\/17 Module 7.0 Power\uff08HP\uff09 100 Rated Input 540rpm Input\/Output description \u00a0Spline Weight\uff08N.W\uff09 42.5Kg Advantages of FMP-1ZS-380 Lawn Mower Gearbox High Performance &amp; Efficiency The FMP-1ZS-380 lawn mower gearbox is designed for optimal power transmission, ensuring that the mower operates at peak efficiency. [&hellip;]<\/p>","protected":false},"featured_media":2005,"comment_status":"open","ping_status":"closed","template":"","meta":{"_et_pb_use_builder":"","_et_pb_old_content":"","_et_gb_content_width":""},"product_brand":[],"product_cat":[52],"product_tag":[],"class_list":{"0":"post-1999","1":"product","2":"type-product","3":"status-publish","4":"has-post-thumbnail","6":"product_cat-lawn-mower-gearbox","8":"first","9":"instock","10":"shipping-taxable","11":"product-type-simple"},"_links":{"self":[{"href":"https:\/\/fmp-components.com\/sk\/wp-json\/wp\/v2\/product\/1999","targetHints":{"allow":["GET"]}}],"collection":[{"href":"https:\/\/fmp-components.com\/sk\/wp-json\/wp\/v2\/product"}],"about":[{"href":"https:\/\/fmp-components.com\/sk\/wp-json\/wp\/v2\/types\/product"}],"replies":[{"embeddable":true,"href":"https:\/\/fmp-components.com\/sk\/wp-json\/wp\/v2\/comments?post=1999"}],"wp:featuredmedia":[{"embeddable":true,"href":"https:\/\/fmp-components.com\/sk\/wp-json\/wp\/v2\/media\/2005"}],"wp:attachment":[{"href":"https:\/\/fmp-components.com\/sk\/wp-json\/wp\/v2\/media?parent=1999"}],"wp:term":[{"taxonomy":"product_brand","embeddable":true,"href":"https:\/\/fmp-components.com\/sk\/wp-json\/wp\/v2\/product_brand?post=1999"},{"taxonomy":"product_cat","embeddable":true,"href":"https:\/\/fmp-components.com\/sk\/wp-json\/wp\/v2\/product_cat?post=1999"},{"taxonomy":"product_tag","embeddable":true,"href":"https:\/\/fmp-components.com\/sk\/wp-json\/wp\/v2\/product_tag?post=1999"}],"curies":[{"name":"pracovn\u00fd list","href":"https:\/\/api.w.org\/{rel}","templated":true}]}}