{"id":1993,"date":"2024-12-26T08:39:30","date_gmt":"2024-12-26T08:39:30","guid":{"rendered":"https:\/\/fmp-components.com\/?page_id=8"},"modified":"2024-12-26T08:43:04","modified_gmt":"2024-12-26T08:43:04","slug":"agricultural-lawn-mower-gearbox-fmp-966109","status":"publish","type":"product","link":"https:\/\/fmp-components.com\/sk\/product\/agricultural-lawn-mower-gearbox-fmp-966109\/","title":{"rendered":"Prevodovka po\u013enohospod\u00e1rskej kosa\u010dky na tr\u00e1vu FMP-966109"},"content":{"rendered":"<h2>\u0160pecifik\u00e1cia prevodovky po\u013enohospod\u00e1rskej kosa\u010dky FMP-966109<\/h2>\n<p><img loading=\"lazy\" decoding=\"async\" class=\"size-full wp-image-1997 alignleft\" src=\"https:\/\/fmp-components.com\/wp-content\/uploads\/2024\/12\/fmp_agricultural-gearbox-HC-GS4RC-2-1.webp\" alt=\"fmp_po\u013enohospod\u00e1rska-prevodovka-HC-GS4RC-2-1\" width=\"506\" height=\"640\" title=\"\" srcset=\"https:\/\/fmp-components.com\/wp-content\/uploads\/2024\/12\/fmp_agricultural-gearbox-HC-GS4RC-2-1.webp 506w, https:\/\/fmp-components.com\/wp-content\/uploads\/2024\/12\/fmp_agricultural-gearbox-HC-GS4RC-2-1-480x607.webp 480w\" sizes=\"(min-width: 0px) and (max-width: 480px) 480px, (min-width: 481px) 506px, 100vw\" \/><img loading=\"lazy\" decoding=\"async\" class=\"wp-image-1996 aligncenter\" src=\"https:\/\/fmp-components.com\/wp-content\/uploads\/2024\/12\/FMP_agricultural-gearbox-HC-966109.webp\" alt=\"FMP_po\u013enohospod\u00e1rska-prevodovka-HC-966109\" width=\"383\" height=\"383\" title=\"\" srcset=\"https:\/\/fmp-components.com\/wp-content\/uploads\/2024\/12\/FMP_agricultural-gearbox-HC-966109.webp 400w, https:\/\/fmp-components.com\/wp-content\/uploads\/2024\/12\/FMP_agricultural-gearbox-HC-966109-300x300.webp 300w, https:\/\/fmp-components.com\/wp-content\/uploads\/2024\/12\/FMP_agricultural-gearbox-HC-966109-150x150.webp 150w, https:\/\/fmp-components.com\/wp-content\/uploads\/2024\/12\/FMP_agricultural-gearbox-HC-966109-12x12.webp 12w, https:\/\/fmp-components.com\/wp-content\/uploads\/2024\/12\/FMP_agricultural-gearbox-HC-966109-100x100.webp 100w\" sizes=\"(max-width: 383px) 100vw, 383px\" \/><\/p>\n<table style=\"width: 92.3941%; height: 221px;\" border=\"1\">\n<tbody>\n<tr>\n<td style=\"width: 31.5789%;\"><strong>POLO\u017dKA<\/strong><\/td>\n<td style=\"width: 67.7193%;\">FMP-966109<\/td>\n<\/tr>\n<tr>\n<td style=\"width: 31.5789%;\"><strong>Pomer<\/strong><\/td>\n<td style=\"width: 67.7193%;\">1:1.47\/1:1.93<\/td>\n<\/tr>\n<tr>\n<td style=\"width: 31.5789%;\"><strong>Zuby<\/strong><\/td>\n<td style=\"width: 67.7193%;\">13\/19 14\/27<\/td>\n<\/tr>\n<tr>\n<td style=\"width: 31.5789%;\"><strong>Modul<\/strong><\/td>\n<td style=\"width: 67.7193%;\">\u00a07.0 \/5.5<\/td>\n<\/tr>\n<tr>\n<td style=\"width: 31.5789%;\"><strong>V\u00fdkon (HP)<\/strong><\/td>\n<td style=\"width: 67.7193%;\">60<\/td>\n<\/tr>\n<tr>\n<td style=\"width: 31.5789%;\"><strong>Menovit\u00fd vstup<\/strong><\/td>\n<td style=\"width: 67.7193%;\">540 ot.\/min.<\/td>\n<\/tr>\n<tr>\n<td style=\"width: 31.5789%;\"><strong>Popis vstupu\/v\u00fdstupu<\/strong><\/td>\n<td style=\"width: 67.7193%;\">\u00a01 3\/8 Z6\/1 3\/4 Z20 Optick\u00e1 os 1 Ku\u017ee\u013eov\u00e1 dr\u00e1\u017eka<\/td>\n<\/tr>\n<tr>\n<td style=\"width: 31.5789%;\"><strong>Hmotnos\u0165 (NW)<\/strong><\/td>\n<td style=\"width: 67.7193%;\">29 kg<\/td>\n<\/tr>\n<\/tbody>\n<\/table>\n<h2>N\u00e1vrh dielov prevodovky kosa\u010dky na tr\u00e1vu<\/h2>\n<p><img loading=\"lazy\" decoding=\"async\" class=\"alignnone size-full wp-image-1995\" src=\"https:\/\/fmp-components.com\/wp-content\/uploads\/2024\/12\/Lawn-Mower-Gearbox-Parts-Design.webp\" alt=\"Prevodovka kosa\u010dky na tr\u00e1vu\" width=\"1000\" height=\"614\" title=\"\" srcset=\"https:\/\/fmp-components.com\/wp-content\/uploads\/2024\/12\/Lawn-Mower-Gearbox-Parts-Design.webp 1000w, https:\/\/fmp-components.com\/wp-content\/uploads\/2024\/12\/Lawn-Mower-Gearbox-Parts-Design-980x602.webp 980w, https:\/\/fmp-components.com\/wp-content\/uploads\/2024\/12\/Lawn-Mower-Gearbox-Parts-Design-480x295.webp 480w\" sizes=\"(min-width: 0px) and (max-width: 480px) 480px, (min-width: 481px) and (max-width: 980px) 980px, (min-width: 981px) 1000px, 100vw\" \/><\/p>\n<h3>Funkcie prevodovky po\u013enohospod\u00e1rskej kosa\u010dky na tr\u00e1vu<\/h3>\n<ol>\n<li><strong>Prisp\u00f4sobite\u013en\u00e9 prevodov\u00e9 pomery<\/strong>Pon\u00fakame r\u00f4zne prevodov\u00e9 pomery prisp\u00f4soben\u00e9 va\u0161im \u0161pecifick\u00fdm potreb\u00e1m.<\/li>\n<li><strong>Profesion\u00e1lna kontrola kvality<\/strong>Na\u0161e \u0161pecializovan\u00e9 oddelenie kontroly kvality pou\u017e\u00edva modern\u00e9 kontroln\u00e9 zariadenia na zabezpe\u010denie presn\u00fdch rozmerov, minim\u00e1lnej v\u00f4le a n\u00edzkej hladiny hluku v ka\u017edej prevodovke.<\/li>\n<li><strong>ODM a OEM mo\u017enosti<\/strong>Na\u0161e technologick\u00e9 oddelenie je vybaven\u00e9 na navrhovanie a v\u00fdvoj prevodoviek na mieru na z\u00e1klade va\u0161ich jedine\u010dn\u00fdch po\u017eiadaviek a poskytuje slu\u017eby v\u00fdrobcu origin\u00e1lneho dizajnu (ODM) aj v\u00fdrobcu origin\u00e1lneho zariadenia (OEM).<\/li>\n<li><strong>Z\u00e1ru\u010dn\u00e1 doba<\/strong>Na zaistenie dlhej \u017eivotnosti a spo\u013eahlivosti na\u0161ich produktov poskytujeme z\u00e1ru\u010dn\u00fa dobu 1,5 a\u017e 2 roky.<\/li>\n<li><strong>Rozsiahle sk\u00fasenosti<\/strong>V\u010faka viac ako 20-ro\u010dn\u00fdm sk\u00fasenostiam v tomto odvetv\u00ed s\u00fa na\u0161e prevodovky zn\u00e1me svojou bezpe\u010dnos\u0165ou, spo\u013eahlivos\u0165ou, n\u00e1kladovou efekt\u00edvnos\u0165ou a odolnos\u0165ou.<\/li>\n<li><strong>Pr\u00edsne balenie a kontrola doru\u010denia<\/strong>V\u0161etci na\u0161i pracovn\u00edci s\u00fa vysoko vy\u0161kolen\u00ed, aby zabezpe\u010dili splnenie najvy\u0161\u0161\u00edch \u0161tandardov kvality. Ka\u017ed\u00e1 prevodovka pred odoslan\u00edm prech\u00e1dza kontrolou 100%, aby sa zaru\u010dil bezchybn\u00fd v\u00fdkon.<\/li>\n<\/ol>\n<p>Zaviazali sme sa poskytova\u0165 v\u00fdnimo\u010dn\u00e9 dizajny, profesion\u00e1lnu kontrolu kvality, konkurencieschopn\u00e9 ceny a vynikaj\u00faci z\u00e1kazn\u00edcky servis, aby sme splnili va\u0161e potreby.<\/p>\n<p><img loading=\"lazy\" decoding=\"async\" class=\"alignnone size-full wp-image-1994\" src=\"https:\/\/fmp-components.com\/wp-content\/uploads\/2024\/12\/Lawn-Mower-Gearbox-7.webp\" alt=\"Prevodovka kosa\u010dky na tr\u00e1vu\" width=\"1502\" height=\"805\" title=\"\" srcset=\"https:\/\/fmp-components.com\/wp-content\/uploads\/2024\/12\/Lawn-Mower-Gearbox-7.webp 1502w, https:\/\/fmp-components.com\/wp-content\/uploads\/2024\/12\/Lawn-Mower-Gearbox-7-1280x686.webp 1280w, https:\/\/fmp-components.com\/wp-content\/uploads\/2024\/12\/Lawn-Mower-Gearbox-7-980x525.webp 980w, https:\/\/fmp-components.com\/wp-content\/uploads\/2024\/12\/Lawn-Mower-Gearbox-7-480x257.webp 480w\" sizes=\"(min-width: 0px) and (max-width: 480px) 480px, (min-width: 481px) and (max-width: 980px) 980px, (min-width: 981px) and (max-width: 1280px) 1280px, (min-width: 1281px) 1502px, 100vw\" \/><\/p>\n<h3>O FMP<\/h3>\n<p>Spolo\u010dnos\u0165 FMP so s\u00eddlom v Taliansku je popredn\u00fdm v\u00fdrobcom \u0161pecializuj\u00facim sa na vysokov\u00fdkonn\u00e9 prevodovky pre po\u013enohospod\u00e1rske stroje. Zn\u00e1ma prec\u00edznym in\u017einierstvom, inov\u00e1ciami a spo\u013eahlivos\u0165ou, pon\u00fakame \u0161irok\u00fd sortiment prevodoviek vr\u00e1tane prevodoviek kosa\u010diek na tr\u00e1vu a z\u00e1kladn\u00fdch komponentov, ako s\u00fa v\u00fdvodov\u00e9 hriadele. Na\u0161\u00edm poslan\u00edm je poskytova\u0165 rie\u0161enia na mieru, ktor\u00e9 sp\u013a\u0148aj\u00fa \u0161pecifick\u00e9 potreby po\u013enohospod\u00e1rskeho a priemyseln\u00e9ho sektora, \u010di u\u017e prostredn\u00edctvom jednotliv\u00fdch produktov alebo integrovan\u00fdch syst\u00e9mov.<\/p>\n<p>Ch\u00e1peme, \u017ee ka\u017ed\u00fd z\u00e1kazn\u00edk m\u00e1 jedine\u010dn\u00e9 po\u017eiadavky, a preto vynik\u00e1me v prisp\u00f4sobovan\u00ed na\u0161ich produktov t\u00fdmto potreb\u00e1m. \u010ci u\u017e potrebujete \u0161pecializovan\u00fa prevodovku alebo kompletn\u00fd syst\u00e9m, \u00fazko s vami spolupracujeme, aby sme v\u00e1m poskytli najefekt\u00edvnej\u0161ie a najefekt\u00edvnej\u0161ie rie\u0161enia. Na\u0161e r\u00fdchle a profesion\u00e1lne reakcie v kombin\u00e1cii s odborn\u00fdm poradenstvom zabezpe\u010duj\u00fa, \u017ee ka\u017ed\u00e1 po\u017eiadavka bude vybaven\u00e1 s opatrnos\u0165ou a presnos\u0165ou.<\/p>\n<p>V spolo\u010dnosti FMP uprednost\u0148ujeme otvoren\u00fa komunik\u00e1ciu a spolupr\u00e1cu, najm\u00e4 pri v\u00fdvoji nov\u00fdch produktov. N\u00e1\u0161 t\u00edm spolupracuje so z\u00e1kazn\u00edkmi, aby pochopil ich v\u00fdzvy a poskytol im poznatky, ktor\u00e9 ved\u00fa k optim\u00e1lnym rie\u0161eniam. Zaviazali sme sa dod\u00e1va\u0165 vysokokvalitn\u00e9, prec\u00edzne skon\u0161truovan\u00e9 produkty v\u010das, \u010di u\u017e ide o nov\u00e9 v\u00fdvojov\u00e9 projekty alebo existuj\u00face objedn\u00e1vky.<\/p>\n<p>Kvalita je jadrom \u010dinnosti spolo\u010dnosti FMP. Na\u0161e v\u00fdrobn\u00e9 procesy sp\u013a\u0148aj\u00fa najvy\u0161\u0161ie \u0161tandardy, \u010do zabezpe\u010duje presnos\u0165 a nulov\u00e9 chyby. Pr\u00edsna kontrola kvality zaru\u010duje, \u017ee ka\u017ed\u00fd v\u00fdrobok sp\u013a\u0148a alebo prekra\u010duje priemyseln\u00e9 \u0161tandardy. Tento z\u00e1v\u00e4zok ku kvalite v spojen\u00ed s na\u0161imi z\u00e1kladn\u00fdmi hodnotami integrity, t\u00edmovej pr\u00e1ce a vytrvalosti n\u00e1m umo\u017enil vybudova\u0165 si siln\u00e9 vz\u0165ahy so z\u00e1kazn\u00edkmi v takmer 30 krajin\u00e1ch.<\/p>\n<p>Spolo\u010dnos\u0165 FMP je v\u017edy otvoren\u00e1 glob\u00e1lnym partnerstv\u00e1m a pon\u00faka odborn\u00e9 poradenstvo a rie\u0161enia na mieru. N\u00e1\u0161 pr\u00edstup ide nad r\u00e1mec jednoduch\u00e9ho dod\u00e1vania produktov; na\u0161\u00edm cie\u013eom je budova\u0165 dlhodob\u00e9 vz\u0165ahy, ktor\u00e9 ved\u00fa k vz\u00e1jomn\u00e9mu \u00faspechu. \u010ci u\u017e potrebujete nov\u00e9 rie\u0161enia alebo podporu pre existuj\u00face syst\u00e9my, spolo\u010dnos\u0165 FMP sa venuje rie\u0161eniu va\u0161ich technick\u00fdch v\u00fdziev a zabezpe\u010duje trval\u00fd \u00faspech.<\/p>\n<p><img loading=\"lazy\" decoding=\"async\" class=\"alignnone size-full wp-image-1861\" src=\"https:\/\/fmp-components.com\/wp-content\/uploads\/2024\/12\/Other-Agricultural-Gearboxes.webp\" sizes=\"(min-width: 0px) and (max-width: 480px) 480px, (min-width: 481px) and (max-width: 980px) 980px, (min-width: 981px) 1200px, 100vw\" srcset=\"https:\/\/fmp-components.com\/wp-content\/uploads\/2024\/12\/Other-Agricultural-Gearboxes.webp 1200w, https:\/\/fmp-components.com\/wp-content\/uploads\/2024\/12\/Other-Agricultural-Gearboxes-980x1143.webp 980w, https:\/\/fmp-components.com\/wp-content\/uploads\/2024\/12\/Other-Agricultural-Gearboxes-480x560.webp 480w\" alt=\"Altri-cambi-agricoli\" width=\"1200\" height=\"1400\" title=\"\"><\/p>\n<p>Autor: CX<\/p>","protected":false},"excerpt":{"rendered":"<p>Agricultural Lawn Mower Gearbox FMP-966109 Specification ITEM FMP-966109 Ratio 1:1.47\/1:1.93 Teeth 13\/19 14\/27 Module \u00a07.0 \/5.5 Power(HP) 60 Rated Input 540rpm Input\/Output Description \u00a01 3\/8 Z6\/1 3\/4 Z20 Optic ax1 Taper spline Weight(N.W) 29KG Lawn Mower Gearbox Parts Design Agricultural Lawnmower Gearbox Features Customizable Transmission Ratios: We offer a variety of transmission ratios tailored to [&hellip;]<\/p>","protected":false},"featured_media":1996,"comment_status":"open","ping_status":"closed","template":"","meta":{"_et_pb_use_builder":"","_et_pb_old_content":"","_et_gb_content_width":""},"product_brand":[],"product_cat":[52],"product_tag":[],"class_list":{"0":"post-1993","1":"product","2":"type-product","3":"status-publish","4":"has-post-thumbnail","6":"product_cat-lawn-mower-gearbox","8":"first","9":"instock","10":"shipping-taxable","11":"product-type-simple"},"_links":{"self":[{"href":"https:\/\/fmp-components.com\/sk\/wp-json\/wp\/v2\/product\/1993","targetHints":{"allow":["GET"]}}],"collection":[{"href":"https:\/\/fmp-components.com\/sk\/wp-json\/wp\/v2\/product"}],"about":[{"href":"https:\/\/fmp-components.com\/sk\/wp-json\/wp\/v2\/types\/product"}],"replies":[{"embeddable":true,"href":"https:\/\/fmp-components.com\/sk\/wp-json\/wp\/v2\/comments?post=1993"}],"wp:featuredmedia":[{"embeddable":true,"href":"https:\/\/fmp-components.com\/sk\/wp-json\/wp\/v2\/media\/1996"}],"wp:attachment":[{"href":"https:\/\/fmp-components.com\/sk\/wp-json\/wp\/v2\/media?parent=1993"}],"wp:term":[{"taxonomy":"product_brand","embeddable":true,"href":"https:\/\/fmp-components.com\/sk\/wp-json\/wp\/v2\/product_brand?post=1993"},{"taxonomy":"product_cat","embeddable":true,"href":"https:\/\/fmp-components.com\/sk\/wp-json\/wp\/v2\/product_cat?post=1993"},{"taxonomy":"product_tag","embeddable":true,"href":"https:\/\/fmp-components.com\/sk\/wp-json\/wp\/v2\/product_tag?post=1993"}],"curies":[{"name":"pracovn\u00fd list","href":"https:\/\/api.w.org\/{rel}","templated":true}]}}