{"id":1989,"date":"2024-12-26T08:28:11","date_gmt":"2024-12-26T08:28:11","guid":{"rendered":"https:\/\/fmp-components.com\/?page_id=8"},"modified":"2024-12-26T08:28:11","modified_gmt":"2024-12-26T08:28:11","slug":"fmp-40002-lawn-mower-gearbox","status":"publish","type":"product","link":"https:\/\/fmp-components.com\/sk\/product\/fmp-40002-lawn-mower-gearbox\/","title":{"rendered":"Prevodovka kosa\u010dky na tr\u00e1vu FMP-40002"},"content":{"rendered":"<p><img loading=\"lazy\" decoding=\"async\" class=\"size-full wp-image-1991 aligncenter\" src=\"https:\/\/fmp-components.com\/wp-content\/uploads\/2024\/12\/fmp_agricultural-gearbox-HC-40002.webp\" alt=\"fmp_po\u013enohospod\u00e1rska-prevodovka-HC-40002\" width=\"400\" height=\"400\" title=\"\" srcset=\"https:\/\/fmp-components.com\/wp-content\/uploads\/2024\/12\/fmp_agricultural-gearbox-HC-40002.webp 400w, https:\/\/fmp-components.com\/wp-content\/uploads\/2024\/12\/fmp_agricultural-gearbox-HC-40002-300x300.webp 300w, https:\/\/fmp-components.com\/wp-content\/uploads\/2024\/12\/fmp_agricultural-gearbox-HC-40002-150x150.webp 150w, https:\/\/fmp-components.com\/wp-content\/uploads\/2024\/12\/fmp_agricultural-gearbox-HC-40002-12x12.webp 12w, https:\/\/fmp-components.com\/wp-content\/uploads\/2024\/12\/fmp_agricultural-gearbox-HC-40002-100x100.webp 100w\" sizes=\"(max-width: 400px) 100vw, 400px\" \/><\/p>\n<h2>\u0160pecifik\u00e1cia prevodovky kosa\u010dky na tr\u00e1vu FMP-40002<\/h2>\n<p><img loading=\"lazy\" decoding=\"async\" class=\"alignnone  wp-image-1990\" src=\"https:\/\/fmp-components.com\/wp-content\/uploads\/2024\/12\/fmp_agricultural-gearbox-HC-40002-1.webp\" alt=\"fmp_po\u013enohospod\u00e1rska-prevodovka-HC-40002\" width=\"849\" height=\"572\" title=\"\" srcset=\"https:\/\/fmp-components.com\/wp-content\/uploads\/2024\/12\/fmp_agricultural-gearbox-HC-40002-1.webp 849w, https:\/\/fmp-components.com\/wp-content\/uploads\/2024\/12\/fmp_agricultural-gearbox-HC-40002-1-480x323.webp 480w\" sizes=\"(min-width: 0px) and (max-width: 480px) 480px, (min-width: 481px) 849px, 100vw\" \/><\/p>\n<table style=\"width: 97.3284%; height: 220px;\" border=\"1\">\n<tbody>\n<tr>\n<td style=\"width: 27.852%;\">POLO\u017dKA<\/td>\n<td style=\"width: 71.5313%;\">Prevodovka kosa\u010dky na tr\u00e1vu 40002<\/td>\n<\/tr>\n<tr>\n<td style=\"width: 27.852%;\">Pomer<\/td>\n<td style=\"width: 71.5313%;\">3.2:1\/3.77:1\/4.17:1<\/td>\n<\/tr>\n<tr>\n<td style=\"width: 27.852%;\">Zuby<\/td>\n<td style=\"width: 71.5313%;\">15\/48 13\/49 12\/50<\/td>\n<\/tr>\n<tr>\n<td style=\"width: 27.852%;\">Modul<\/td>\n<td style=\"width: 71.5313%;\">15\/48 13\/49 12\/50<\/td>\n<\/tr>\n<tr>\n<td style=\"width: 27.852%;\">V\u00fdkon (HP)<\/td>\n<td style=\"width: 71.5313%;\">85\/85\/85<\/td>\n<\/tr>\n<tr>\n<td style=\"width: 27.852%;\">Menovit\u00fd vstup<\/td>\n<td style=\"width: 71.5313%;\">540 ot.\/min.<\/td>\n<\/tr>\n<tr>\n<td style=\"width: 27.852%;\">Popis vstupu\/v\u00fdstupu<\/td>\n<td style=\"width: 71.5313%;\">\u00a01 3\/4 Z6<\/td>\n<\/tr>\n<tr>\n<td style=\"width: 27.852%;\">Hmotnos\u0165 (NW)<\/td>\n<td style=\"width: 71.5313%;\">111 kg<\/td>\n<\/tr>\n<\/tbody>\n<\/table>\n<h2>V\u00fdhody prevodovky kosa\u010dky na tr\u00e1vu FMP-40002<\/h2>\n<p>Prevodovka kosa\u010dky na tr\u00e1vu FMP-40002 je vysokov\u00fdkonn\u00fd, prec\u00edzne vyroben\u00fd komponent ur\u010den\u00fd na optimaliz\u00e1ciu prev\u00e1dzky po\u013enohospod\u00e1rskych a priemyseln\u00fdch kosa\u010diek na tr\u00e1vu. Tu s\u00fa niektor\u00e9 k\u013e\u00fa\u010dov\u00e9 v\u00fdhody pou\u017e\u00edvania prevodovky FMP-40002:<\/p>\n<h3>Trvanlivos\u0165 a dlh\u00e1 \u017eivotnos\u0165<\/h3>\n<ul>\n<li>Robustn\u00e1 kon\u0161trukcia: FMP-40002 je vyroben\u00fd z vysokopevnostn\u00fdch materi\u00e1lov a je navrhnut\u00fd tak, aby odolal n\u00e1ro\u010dn\u00fdm podmienkam a intenz\u00edvnemu pou\u017e\u00edvaniu, \u010d\u00edm zabezpe\u010duje dlh\u00fa \u017eivotnos\u0165.<\/li>\n<li>Odolnos\u0165 vo\u010di kor\u00f3zii: Prevodovka je navrhnut\u00e1 tak, aby odol\u00e1vala opotrebovaniu a kor\u00f3zii, v\u010faka \u010domu je ide\u00e1lna na dlhodob\u00e9 vonkaj\u0161ie pou\u017eitie v r\u00f4znych poveternostn\u00fdch podmienkach.<\/li>\n<\/ul>\n<h3>Vysok\u00e1 \u00fa\u010dinnos\u0165 a prenos v\u00fdkonu<\/h3>\n<ul>\n<li>Optim\u00e1lny prenos v\u00fdkonu: FMP-40002 zais\u0165uje efekt\u00edvny prenos v\u00fdkonu z motora na no\u017ee kosa\u010dky, \u010d\u00edm poskytuje konzistentn\u00fd a spo\u013eahliv\u00fd v\u00fdkon po\u010das prev\u00e1dzky.<\/li>\n<li>Presn\u00e1 regul\u00e1cia ot\u00e1\u010dok: Poskytuje potrebn\u00fd kr\u00fatiaci moment a ot\u00e1\u010dky na dosiahnutie najlep\u0161\u00edch v\u00fdsledkov rezania, a to aj v n\u00e1ro\u010dn\u00fdch pracovn\u00fdch podmienkach.<\/li>\n<\/ul>\n<h3>Mo\u017enosti prisp\u00f4sobenia<\/h3>\n<ul>\n<li>Rie\u0161enia na mieru: V spolo\u010dnosti FMP ch\u00e1peme, \u017ee r\u00f4zne kosa\u010dky na tr\u00e1vu vy\u017eaduj\u00fa \u0161pecifick\u00e9 v\u00fdkonnostn\u00e9 charakteristiky. Kosa\u010dku FMP-40002 je mo\u017en\u00e9 prisp\u00f4sobi\u0165 va\u0161im jedine\u010dn\u00fdm po\u017eiadavk\u00e1m vr\u00e1tane \u00faprav v\u00fdstupn\u00fdch hriade\u013eov, prevodov\u00fdch pomerov a mont\u00e1\u017enych konfigur\u00e1ci\u00ed.<\/li>\n<li>Prisp\u00f4sobite\u013en\u00fd dizajn: Prevodovku je mo\u017en\u00e9 prisp\u00f4sobi\u0165 r\u00f4znym modelom kosa\u010diek na tr\u00e1vu, \u010do zais\u0165uje bezprobl\u00e9mov\u00fa kompatibilitu a \u0161pi\u010dkov\u00fd v\u00fdkon.<\/li>\n<\/ul>\n<h3>Jednoduch\u00e1 \u00fadr\u017eba<\/h3>\n<ul>\n<li>N\u00edzke n\u00e1roky na \u00fadr\u017ebu: FMP-40002 je navrhnut\u00fd pre spo\u013eahlivos\u0165 a vy\u017eaduje minim\u00e1lnu \u00fadr\u017ebu, \u010do pom\u00e1ha zni\u017eova\u0165 prestoje a prev\u00e1dzkov\u00e9 n\u00e1klady.<\/li>\n<li>Pou\u017e\u00edvate\u013esky pr\u00edvetiv\u00e1: Jednoduch\u00e1 kon\u0161trukcia a jednoduch\u00e1 in\u0161tal\u00e1cia prevodovky zabezpe\u010duj\u00fa, \u017ee ju oper\u00e1tori m\u00f4\u017eu r\u00fdchlo nastavi\u0165 a udr\u017eiava\u0165 s minim\u00e1lnymi technick\u00fdmi znalos\u0165ami.<\/li>\n<\/ul>\n<h3>N\u00e1kladov\u00e1 efekt\u00edvnos\u0165<\/h3>\n<ul>\n<li>Dlhodob\u00e9 \u00faspory: V\u010faka vysokej odolnosti a spo\u013eahlivosti zni\u017euje FMP-40002 potrebu \u010dast\u00fdch opr\u00e1v a v\u00fdmen, \u010d\u00edm pon\u00faka dlhodob\u00fa hodnotu za va\u0161u invest\u00edciu.<\/li>\n<li>Energetick\u00e1 \u00fa\u010dinnos\u0165: Efekt\u00edvny prenos energie zais\u0165uje ni\u017e\u0161iu spotrebu energie, \u010do pom\u00e1ha zni\u017eova\u0165 prev\u00e1dzkov\u00e9 n\u00e1klady va\u0161ej kosa\u010dky na tr\u00e1vu.<\/li>\n<\/ul>\n<p>Stru\u010dne povedan\u00e9, prevodovka pre kosa\u010dky na tr\u00e1vu FMP-40002 vynik\u00e1 svojou odolnos\u0165ou, \u00fa\u010dinnos\u0165ou a v\u0161estrannos\u0165ou. V\u010faka mo\u017enosti prisp\u00f4sobi\u0165 prevodovku \u0161pecifick\u00fdm potreb\u00e1m je ide\u00e1lnou vo\u013ebou na zv\u00fd\u0161enie v\u00fdkonu kosa\u010diek na tr\u00e1vu v po\u013enohospod\u00e1rskych aj priemyseln\u00fdch aplik\u00e1ci\u00e1ch.<\/p>\n<p><img loading=\"lazy\" decoding=\"async\" class=\"alignnone  wp-image-1992\" src=\"https:\/\/fmp-components.com\/wp-content\/uploads\/2024\/12\/Lawn-Mower-Gearbox-6.webp\" alt=\"Prevodovka kosa\u010dky na tr\u00e1vu\" width=\"879\" height=\"646\" title=\"\" srcset=\"https:\/\/fmp-components.com\/wp-content\/uploads\/2024\/12\/Lawn-Mower-Gearbox-6.webp 879w, https:\/\/fmp-components.com\/wp-content\/uploads\/2024\/12\/Lawn-Mower-Gearbox-6-480x353.webp 480w\" sizes=\"(min-width: 0px) and (max-width: 480px) 480px, (min-width: 481px) 879px, 100vw\" \/><\/p>\n<h3>O FMP<\/h3>\n<p>Spolo\u010dnos\u0165 FMP so s\u00eddlom v Taliansku je popredn\u00fdm v\u00fdrobcom \u0161pecializuj\u00facim sa na n\u00e1vrh, v\u00fdvoj a v\u00fdrobu vysokov\u00fdkonn\u00fdch prevodoviek pre po\u013enohospod\u00e1rske stroje. S d\u00f4razom na presn\u00e9 in\u017einierstvo, inov\u00e1cie a spo\u013eahlivos\u0165 pon\u00fakame komplexn\u00fd sortiment prevodoviek vr\u00e1tane prevodoviek pre kosa\u010dky na tr\u00e1vu, ako aj kritick\u00fdch komponentov, ako s\u00fa v\u00fdvodov\u00e9 hriadele. Na\u0161\u00edm poslan\u00edm je dod\u00e1va\u0165 rie\u0161enia na mieru, ktor\u00e9 sp\u013a\u0148aj\u00fa \u0161pecifick\u00e9 potreby po\u013enohospod\u00e1rskeho a priemyseln\u00e9ho sektora, a to ako samostatn\u00e9 produkty, tak aj plne integrovan\u00e9 syst\u00e9my.<\/p>\n<p>V spolo\u010dnosti FMP ch\u00e1peme, \u017ee ka\u017ed\u00fd z\u00e1kazn\u00edk m\u00e1 jedine\u010dn\u00e9 po\u017eiadavky, a preto vynik\u00e1me v prisp\u00f4sobovan\u00ed na\u0161ich produktov tak, aby tieto potreby dokonale sp\u013a\u0148ali. \u010ci u\u017e potrebujete \u0161pecializovan\u00fa prevodovku alebo kompletn\u00fd syst\u00e9m, \u00fazko s vami spolupracujeme na v\u00fdvoji najefekt\u00edvnej\u0161ieho a najefekt\u00edvnej\u0161ieho rie\u0161enia. N\u00e1\u0161 z\u00e1v\u00e4zok k spokojnosti z\u00e1kazn\u00edkov je zrejm\u00fd z na\u0161ich r\u00fdchlych a profesion\u00e1lnych reakci\u00ed a odborn\u00e9ho poradenstva, \u010d\u00edm zabezpe\u010dujeme, aby sa ka\u017ed\u00e1 ot\u00e1zka vybavila s presnos\u0165ou a starostlivos\u0165ou.<\/p>\n<p>Ver\u00edme v udr\u017eiavanie otvorenej a nepretr\u017eitej komunik\u00e1cie s na\u0161imi klientmi, najm\u00e4 po\u010das v\u00fdvoja nov\u00fdch produktov. N\u00e1\u0161 \u0161pecializovan\u00fd t\u00edm \u00fazko spolupracuje so z\u00e1kazn\u00edkmi, aby pochopil ich \u0161pecifick\u00e9 v\u00fdzvy a poskytol im cenn\u00e9 poznatky, ktor\u00e9 ved\u00fa k optim\u00e1lnym rie\u0161eniam. \u010ci u\u017e vyv\u00edjame nov\u00e9 produkty alebo pln\u00edme existuj\u00face objedn\u00e1vky, sme odhodlan\u00ed dod\u00e1va\u0165 vysokokvalitn\u00e9, prec\u00edzne skon\u0161truovan\u00e9 produkty r\u00fdchlo a efekt\u00edvne.<\/p>\n<p>V spolo\u010dnosti FMP je kvalita z\u00e1kladom v\u0161etk\u00e9ho, \u010do rob\u00edme. Na\u0161e v\u00fdrobn\u00e9 procesy sp\u013a\u0148aj\u00fa najvy\u0161\u0161ie \u0161tandardy, \u010do zabezpe\u010duje presnos\u0165 a nulov\u00e9 chyby. Zav\u00e1dzame pr\u00edsne opatrenia na kontrolu kvality, aby sme zabezpe\u010dili, \u017ee ka\u017ed\u00fd produkt sp\u013a\u0148a alebo prekra\u010duje priemyseln\u00e9 \u0161tandardy. Toto ne\u00fanavn\u00e9 zameranie na kvalitu v kombin\u00e1cii s na\u0161imi z\u00e1kladn\u00fdmi hodnotami integrity, t\u00edmovej pr\u00e1ce a vytrvalosti n\u00e1m umo\u017enilo vybudova\u0165 si siln\u00e9 a trval\u00e9 vz\u0165ahy so z\u00e1kazn\u00edkmi v takmer 30 krajin\u00e1ch sveta.<\/p>\n<p>Spolo\u010dnos\u0165 FMP je v\u017edy otvoren\u00e1 nadv\u00e4zovaniu glob\u00e1lnych partnerstiev a je odhodlan\u00e1 pon\u00faka\u0165 odborn\u00e9 poradenstvo a rie\u0161enia na mieru. N\u00e1\u0161 pr\u00edstup presahuje r\u00e1mec samotn\u00e9ho dod\u00e1vania produktov \u2013 na\u0161\u00edm cie\u013eom je budova\u0165 dlhodob\u00e9 vz\u0165ahy s na\u0161imi klientmi a zabezpe\u010di\u0165 ich \u00faspech v ka\u017edom projekte. \u010ci u\u017e potrebujete rie\u0161enia pre nov\u00fa iniciat\u00edvu alebo podporu pre existuj\u00faci syst\u00e9m, spolo\u010dnos\u0165 FMP sa venuje rie\u0161eniu va\u0161ich technick\u00fdch v\u00fdziev a pom\u00e1ha v\u00e1m dosahova\u0165 trval\u00fd \u00faspech.<\/p>\n<p><img loading=\"lazy\" decoding=\"async\" class=\"alignnone size-full wp-image-1861\" src=\"https:\/\/fmp-components.com\/wp-content\/uploads\/2024\/12\/Other-Agricultural-Gearboxes.webp\" sizes=\"(min-width: 0px) and (max-width: 480px) 480px, (min-width: 481px) and (max-width: 980px) 980px, (min-width: 981px) 1200px, 100vw\" srcset=\"https:\/\/fmp-components.com\/wp-content\/uploads\/2024\/12\/Other-Agricultural-Gearboxes.webp 1200w, https:\/\/fmp-components.com\/wp-content\/uploads\/2024\/12\/Other-Agricultural-Gearboxes-980x1143.webp 980w, https:\/\/fmp-components.com\/wp-content\/uploads\/2024\/12\/Other-Agricultural-Gearboxes-480x560.webp 480w\" alt=\"Altri-cambi-agricoli\" width=\"1200\" height=\"1400\" title=\"\"><\/p>\n<p>Autor: CX<\/p>\n<p>&nbsp;<\/p>","protected":false},"excerpt":{"rendered":"<p>FMP-40002 Lawn Mower Gearbox Specification ITEM 40002 Lawn mower gearbox Ratio 3.2:1\/3.77:1\/4.17:1 Teeth 15\/48 13\/49 12\/50 Module 15\/48 13\/49 12\/50 Power\uff08HP\uff09 85\/85\/85 Rated Input 540rpm Input\/Output description \u00a01 3\/4 Z6 Weight\uff08N.W\uff09 111Kg Advantages of FMP-40002 Lawn Mower Gearbox The FMP-40002 Lawn Mower Gearbox is a high-performance, precision-engineered component designed to optimize the operation of agricultural [&hellip;]<\/p>","protected":false},"featured_media":1991,"comment_status":"open","ping_status":"closed","template":"","meta":{"_et_pb_use_builder":"","_et_pb_old_content":"","_et_gb_content_width":""},"product_brand":[],"product_cat":[52],"product_tag":[],"class_list":{"0":"post-1989","1":"product","2":"type-product","3":"status-publish","4":"has-post-thumbnail","6":"product_cat-lawn-mower-gearbox","8":"first","9":"instock","10":"shipping-taxable","11":"product-type-simple"},"_links":{"self":[{"href":"https:\/\/fmp-components.com\/sk\/wp-json\/wp\/v2\/product\/1989","targetHints":{"allow":["GET"]}}],"collection":[{"href":"https:\/\/fmp-components.com\/sk\/wp-json\/wp\/v2\/product"}],"about":[{"href":"https:\/\/fmp-components.com\/sk\/wp-json\/wp\/v2\/types\/product"}],"replies":[{"embeddable":true,"href":"https:\/\/fmp-components.com\/sk\/wp-json\/wp\/v2\/comments?post=1989"}],"wp:featuredmedia":[{"embeddable":true,"href":"https:\/\/fmp-components.com\/sk\/wp-json\/wp\/v2\/media\/1991"}],"wp:attachment":[{"href":"https:\/\/fmp-components.com\/sk\/wp-json\/wp\/v2\/media?parent=1989"}],"wp:term":[{"taxonomy":"product_brand","embeddable":true,"href":"https:\/\/fmp-components.com\/sk\/wp-json\/wp\/v2\/product_brand?post=1989"},{"taxonomy":"product_cat","embeddable":true,"href":"https:\/\/fmp-components.com\/sk\/wp-json\/wp\/v2\/product_cat?post=1989"},{"taxonomy":"product_tag","embeddable":true,"href":"https:\/\/fmp-components.com\/sk\/wp-json\/wp\/v2\/product_tag?post=1989"}],"curies":[{"name":"pracovn\u00fd list","href":"https:\/\/api.w.org\/{rel}","templated":true}]}}