{"id":1983,"date":"2024-12-26T07:51:14","date_gmt":"2024-12-26T07:51:14","guid":{"rendered":"https:\/\/fmp-components.com\/?page_id=8"},"modified":"2024-12-30T02:49:27","modified_gmt":"2024-12-30T02:49:27","slug":"fmp-ag135-lawnmower-135-deg-gearbox-11-for-agricultural","status":"publish","type":"product","link":"https:\/\/fmp-components.com\/sk\/product\/fmp-ag135-lawnmower-135-deg-gearbox-11-for-agricultural\/","title":{"rendered":"Kosa\u010dka na tr\u00e1vu FMP-AG135 s prevodovkou 135 stup\u0148ov 1:1 pre po\u013enohospod\u00e1rske \u00fa\u010dely"},"content":{"rendered":"<h2>Kosa\u010dka na tr\u00e1vu FMP-AG135 s prevodovkou 135 stup\u0148ov 1:1 pre po\u013enohospod\u00e1rske \u0161pecifik\u00e1cie<\/h2>\n<p><img loading=\"lazy\" decoding=\"async\" class=\"alignnone wp-image-1984\" src=\"https:\/\/fmp-components.com\/wp-content\/uploads\/2024\/12\/fmp_agricultural-gearbox-HC-AG135-1.webp\" alt=\"fmp_po\u013enohospod\u00e1rska-prevodovka-HC-AG135\" width=\"919\" height=\"548\" title=\"\" srcset=\"https:\/\/fmp-components.com\/wp-content\/uploads\/2024\/12\/fmp_agricultural-gearbox-HC-AG135-1.webp 919w, https:\/\/fmp-components.com\/wp-content\/uploads\/2024\/12\/fmp_agricultural-gearbox-HC-AG135-1-480x286.webp 480w\" sizes=\"(min-width: 0px) and (max-width: 480px) 480px, (min-width: 481px) 919px, 100vw\" \/><\/p>\n<table style=\"width: 99.0594%; height: 184px;\" border=\"1\">\n<tbody>\n<tr style=\"height: 23px;\">\n<td style=\"height: 23px;\">POLO\u017dKA<\/td>\n<td style=\"height: 23px;\">Prevodovka FMP-AG135 135 stup\u0148ov<\/td>\n<\/tr>\n<tr style=\"height: 23px;\">\n<td style=\"height: 23px;\">Pomer<\/td>\n<td style=\"height: 23px;\">1:1<\/td>\n<\/tr>\n<tr style=\"height: 23px;\">\n<td style=\"height: 23px;\">Zuby<\/td>\n<td style=\"height: 23px;\">20\/20<\/td>\n<\/tr>\n<tr style=\"height: 23px;\">\n<td style=\"height: 23px;\">Modul<\/td>\n<td style=\"height: 23px;\">6.0<\/td>\n<\/tr>\n<tr style=\"height: 23px;\">\n<td style=\"height: 23px;\">V\u00fdkon (HP)<\/td>\n<td style=\"height: 23px;\">50<\/td>\n<\/tr>\n<tr style=\"height: 23px;\">\n<td style=\"height: 23px;\">Menovit\u00fd vstup<\/td>\n<td style=\"height: 23px;\">540 ot.\/min.<\/td>\n<\/tr>\n<tr style=\"height: 23px;\">\n<td style=\"height: 23px;\">Popis vstupu\/v\u00fdstupu<\/td>\n<td style=\"height: 23px;\">\u00a01 3\/8 Z6 Ku\u017ee\u013eov\u00e1 z\u00e1klad\u0148a aequilate Dr\u00e1\u017ekovan\u00fd hriade\u013e<\/td>\n<\/tr>\n<tr style=\"height: 23px;\">\n<td style=\"height: 23px;\">Hmotnos\u0165 (NW)<\/td>\n<td style=\"height: 23px;\">16,5 kg<\/td>\n<\/tr>\n<\/tbody>\n<\/table>\n<h3>Vlastnosti prevodovky kosa\u010dky na tr\u00e1vu<\/h3>\n<p>Prevodovky kosa\u010diek na tr\u00e1vu s\u00fa z\u00e1kladn\u00fdmi komponentmi, ktor\u00e9 poh\u00e1\u0148aj\u00fa kosiace no\u017ee a zabezpe\u010duj\u00fa efekt\u00edvnu a konzistentn\u00fa prev\u00e1dzku kosa\u010dky. Tu s\u00fa k\u013e\u00fa\u010dov\u00e9 vlastnosti, v\u010faka ktor\u00fdm s\u00fa tieto prevodovky \u00fa\u010dinn\u00e9 a spo\u013eahliv\u00e9 pri r\u00f4znych aplik\u00e1ci\u00e1ch kosenia:<\/p>\n<h4>Trvanlivos\u0165 a robustnos\u0165<\/h4>\n<p>Prevodovky kosa\u010diek na tr\u00e1vu s\u00fa navrhnut\u00e9 tak, aby odolali vysok\u00e9mu za\u0165a\u017eeniu a nepretr\u017eitej prev\u00e1dzke, ktor\u00fa vy\u017eaduje vonkaj\u0161ie prostredie. S\u00fa vyroben\u00e9 z vysoko kvalitn\u00fdch materi\u00e1lov, ako je kalen\u00e1 oce\u013e, a s\u00fa odoln\u00e9 vo\u010di opotrebovaniu, \u010d\u00edm zais\u0165uj\u00fa dlhodob\u00fa spo\u013eahlivos\u0165 aj v n\u00e1ro\u010dn\u00fdch podmienkach.<\/p>\n<h4>Dizajn presn\u00fdch ozuben\u00fdch kolies<\/h4>\n<p>Tieto prevodovky s\u00fa vybaven\u00e9 prec\u00edzne navrhnut\u00fdmi ozuben\u00fdmi kolesami, ktor\u00e9 zabezpe\u010duj\u00fa plynul\u00fd a efekt\u00edvny prenos v\u00fdkonu na no\u017ee kosa\u010dky. Presn\u00e1 kon\u0161trukcia zais\u0165uje minim\u00e1lne trenie, \u010d\u00edm sa zni\u017euje strata energie a zlep\u0161uje v\u00fdkon kosiaceho syst\u00e9mu, \u010do vedie k \u010distej\u0161iemu koseniu a zn\u00ed\u017eenej spotrebe paliva.<\/p>\n<h4>Vysok\u00fd kr\u00fatiaci moment<\/h4>\n<p>Prevodovky kosa\u010diek na tr\u00e1vu s\u00fa skon\u0161truovan\u00e9 tak, aby zvl\u00e1dali vysok\u00e9 \u00farovne kr\u00fatiaceho momentu potrebn\u00e9 na efekt\u00edvny pohon no\u017eov kosa\u010dky. \u010ci u\u017e ide o rota\u010dn\u00e9 kosa\u010dky alebo priemyseln\u00e9 modely, tieto prevodovky dok\u00e1\u017eu efekt\u00edvne pren\u00e1\u0161a\u0165 po\u017eadovan\u00fd v\u00fdkon, \u010do umo\u017e\u0148uje no\u017eom kosi\u0165 hust\u00fa tr\u00e1vu, burinu a in\u00fa odoln\u00fa veget\u00e1ciu.<\/p>\n<h4>Kompaktn\u00fd a \u013eahk\u00fd<\/h4>\n<p>Napriek svojej pevnosti a odolnosti s\u00fa prevodovky kosa\u010diek na tr\u00e1vu navrhnut\u00e9 tak, aby boli kompaktn\u00e9 a \u013eahk\u00e9. V\u010faka tomu sa \u013eah\u0161ie in\u0161taluj\u00fa, udr\u017eiavaj\u00fa a obsluhuj\u00fa bez zbyto\u010dn\u00e9ho zvy\u0161ovania hmotnosti zariadenia, \u010do m\u00f4\u017ee zlep\u0161i\u0165 man\u00e9vrovate\u013enos\u0165 a spotrebu paliva.<\/p>\n<h4>Odolnos\u0165 vo\u010di kor\u00f3zii a poveternostn\u00fdm vplyvom<\/h4>\n<p>Vzh\u013eadom na to, \u017ee kosa\u010dky na tr\u00e1vu sa zvy\u010dajne pou\u017e\u00edvaj\u00fa vonku, prevodovky s\u00fa vybaven\u00e9 prvkami, ktor\u00e9 zabra\u0148uj\u00fa hrdzi a kor\u00f3zii. Mnoh\u00e9 prevodovky kosa\u010diek na tr\u00e1vu s\u00fa o\u0161etren\u00e9 ochrann\u00fdmi n\u00e1termi alebo vyroben\u00e9 z materi\u00e1lov odoln\u00fdch vo\u010di kor\u00f3zii, aby sa zabezpe\u010dil optim\u00e1lny v\u00fdkon v r\u00f4znych poveternostn\u00fdch podmienkach, ako je d\u00e1\u017e\u010f, vlhkos\u0165 a extr\u00e9mne teploty.<\/p>\n<p>Prevodovky kosa\u010diek na tr\u00e1vu kombinuj\u00fa pevnos\u0165, presnos\u0165 a \u00fa\u010dinnos\u0165, aby efekt\u00edvne poh\u00e1\u0148ali kosiace syst\u00e9my. S\u00fa navrhnut\u00e9 pre odolnos\u0165, n\u00edzku \u00fadr\u017ebu a vysok\u00fd v\u00fdkon, v\u010faka \u010domu s\u00fa neoddelite\u013enou s\u00fa\u010das\u0165ou modern\u00fdch kosa\u010diek. \u010ci u\u017e ide o reziden\u010dn\u00e9 alebo komer\u010dn\u00e9 pou\u017eitie, spr\u00e1vna prevodovka zais\u0165uje optim\u00e1lny v\u00fdkon kosenia a dlh\u00fa \u017eivotnos\u0165 zariadenia.<\/p>\n<p><img loading=\"lazy\" decoding=\"async\" class=\"alignnone wp-image-1985\" src=\"https:\/\/fmp-components.com\/wp-content\/uploads\/2024\/12\/Lawn-Mower-Gearbox-1-1.webp\" alt=\"Prevodovka kosa\u010dky na tr\u00e1vu\" width=\"943\" height=\"630\" title=\"\" srcset=\"https:\/\/fmp-components.com\/wp-content\/uploads\/2024\/12\/Lawn-Mower-Gearbox-1-1.webp 943w, https:\/\/fmp-components.com\/wp-content\/uploads\/2024\/12\/Lawn-Mower-Gearbox-1-1-480x321.webp 480w\" sizes=\"(min-width: 0px) and (max-width: 480px) 480px, (min-width: 481px) 943px, 100vw\" \/><\/p>\n<h3>O FMP<\/h3>\n<p>Spolo\u010dnos\u0165 FMP so s\u00eddlom v Taliansku je popredn\u00fdm v\u00fdrobcom \u0161pecializuj\u00facim sa na n\u00e1vrh, v\u00fdvoj a v\u00fdrobu vysokov\u00fdkonn\u00fdch prevodoviek pre po\u013enohospod\u00e1rske stroje. Sme zn\u00e1mi pre na\u0161e presn\u00e9 in\u017einierstvo, inov\u00e1cie a spo\u013eahlivos\u0165 a pon\u00fakame komplexn\u00fd sortiment prevodoviek vr\u00e1tane prevodoviek pre kosa\u010dky na tr\u00e1vu spolu so z\u00e1kladn\u00fdmi komponentmi, ako s\u00fa v\u00fdvodov\u00e9 hriadele. Na\u0161\u00edm poslan\u00edm je dod\u00e1va\u0165 rie\u0161enia na mieru, ktor\u00e9 sp\u013a\u0148aj\u00fa \u0161pecifick\u00e9 potreby po\u013enohospod\u00e1rskeho aj priemyseln\u00e9ho sektora, \u010di u\u017e prostredn\u00edctvom jednotliv\u00fdch produktov alebo plne integrovan\u00fdch syst\u00e9mov.<\/p>\n<p>V spolo\u010dnosti FMP ch\u00e1peme, \u017ee ka\u017ed\u00fd z\u00e1kazn\u00edk m\u00e1 jedine\u010dn\u00e9 po\u017eiadavky, a to n\u00e1s motivuje k tomu, aby sme na\u0161e produkty prisp\u00f4sobili ich \u0161pecifick\u00fdm po\u017eiadavk\u00e1m. \u010ci u\u017e potrebujete \u0161pecializovan\u00fa prevodovku alebo kompletn\u00fd syst\u00e9m, \u00fazko s vami spolupracujeme, aby sme v\u00e1m poskytli najefekt\u00edvnej\u0161ie a najefekt\u00edvnej\u0161ie rie\u0161enie. Sme hrd\u00ed na to, \u017ee poskytujeme r\u00fdchle a profesion\u00e1lne odpovede a zabezpe\u010dujeme, aby sa ka\u017ed\u00e1 ot\u00e1zka rie\u0161ila s maxim\u00e1lnou odbornos\u0165ou a d\u00f4razom na detail.<\/p>\n<p>Otvoren\u00e1 komunik\u00e1cia a spolupr\u00e1ca s\u00fa z\u00e1kladom n\u00e1\u0161ho pr\u00edstupu, najm\u00e4 pri v\u00fdvoji nov\u00fdch produktov. N\u00e1\u0161 t\u00edm \u00fazko spolupracuje so z\u00e1kazn\u00edkmi, aby d\u00f4kladne pochopil ich v\u00fdzvy a poskytol im cenn\u00e9 poznatky, ktor\u00e9 ved\u00fa k optim\u00e1lnym rie\u0161eniam. Od v\u00fdvoja nov\u00fdch produktov a\u017e po plnenie existuj\u00facich objedn\u00e1vok sa zav\u00e4zujeme dod\u00e1va\u0165 vysoko kvalitn\u00e9, prec\u00edzne skon\u0161truovan\u00e9 produkty r\u00fdchlo a presne.<\/p>\n<p>Kvalita je jadrom v\u0161etk\u00e9ho, \u010do rob\u00edme. Na\u0161e v\u00fdrobn\u00e9 procesy s\u00fa zalo\u017een\u00e9 na princ\u00edpoch vysok\u00fdch \u0161tandardov, presnosti a nulov\u00fdch ch\u00fdb. Zav\u00e1dzame pr\u00edsne opatrenia na kontrolu kvality, aby sme zabezpe\u010dili, \u017ee ka\u017ed\u00fd produkt prekra\u010duje priemyseln\u00e9 \u0161tandardy. Toto neochvejn\u00e9 zameranie na kvalitu v spojen\u00ed s na\u0161imi hodnotami integrity, t\u00edmovej pr\u00e1ce a vytrvalosti n\u00e1m umo\u017enilo vybudova\u0165 si trval\u00e9 vz\u0165ahy so z\u00e1kazn\u00edkmi v takmer 30 krajin\u00e1ch sveta.<\/p>\n<p>Spolo\u010dnos\u0165 FMP je v\u017edy otvoren\u00e1 glob\u00e1lnym partnerstv\u00e1m a je odhodlan\u00e1 pon\u00faka\u0165 odborn\u00e9 poradenstvo a rie\u0161enia na mieru. Na\u0161a filozofia presahuje r\u00e1mec samotn\u00e9ho dod\u00e1vania produktov \u2013 ide o budovanie dlhodob\u00fdch vz\u0165ahov, ktor\u00e9 zabezpe\u010duj\u00fa vz\u00e1jomn\u00fd \u00faspech. \u010ci u\u017e potrebujete rie\u0161enia pre nov\u00fd projekt alebo podporu pre existuj\u00faci syst\u00e9m, spolo\u010dnos\u0165 FMP sa venuje rie\u0161eniu va\u0161ich technick\u00fdch v\u00fdziev a zabezpe\u010duje v\u00e1\u0161 trval\u00fd \u00faspech.<\/p>\n<p><img loading=\"lazy\" decoding=\"async\" class=\"alignnone size-full wp-image-1861\" src=\"https:\/\/fmp-components.com\/wp-content\/uploads\/2024\/12\/Other-Agricultural-Gearboxes.webp\" sizes=\"(min-width: 0px) and (max-width: 480px) 480px, (min-width: 481px) and (max-width: 980px) 980px, (min-width: 981px) 1200px, 100vw\" srcset=\"https:\/\/fmp-components.com\/wp-content\/uploads\/2024\/12\/Other-Agricultural-Gearboxes.webp 1200w, https:\/\/fmp-components.com\/wp-content\/uploads\/2024\/12\/Other-Agricultural-Gearboxes-980x1143.webp 980w, https:\/\/fmp-components.com\/wp-content\/uploads\/2024\/12\/Other-Agricultural-Gearboxes-480x560.webp 480w\" alt=\"Altri-cambi-agricoli\" width=\"1200\" height=\"1400\" title=\"\"><\/p>\n<p>Autor: CX<\/p>","protected":false},"excerpt":{"rendered":"<p>FMP-AG135 Lawnmower 135 deg gearbox 1:1 for Agricultural Specification ITEM FMP-AG135 135 deg gearbox Ratio 1:1 Teeth 20\/20 Module 6.0 Power\uff08HP\uff09 50 Rated Input 540rpm Input\/Output description \u00a01 3\/8 Z6 Cone base aequilate Spline Shaft Weight\uff08N.W\uff09 16.5Kg Features of Lawn Mower Gearbox Lawn mower gearboxes are essential components that drive the cutting blades, ensuring efficient [&hellip;]<\/p>","protected":false},"featured_media":2078,"comment_status":"open","ping_status":"closed","template":"","meta":{"_et_pb_use_builder":"","_et_pb_old_content":"","_et_gb_content_width":""},"product_brand":[],"product_cat":[52],"product_tag":[],"class_list":{"0":"post-1983","1":"product","2":"type-product","3":"status-publish","4":"has-post-thumbnail","6":"product_cat-lawn-mower-gearbox","8":"first","9":"instock","10":"shipping-taxable","11":"product-type-simple"},"_links":{"self":[{"href":"https:\/\/fmp-components.com\/sk\/wp-json\/wp\/v2\/product\/1983","targetHints":{"allow":["GET"]}}],"collection":[{"href":"https:\/\/fmp-components.com\/sk\/wp-json\/wp\/v2\/product"}],"about":[{"href":"https:\/\/fmp-components.com\/sk\/wp-json\/wp\/v2\/types\/product"}],"replies":[{"embeddable":true,"href":"https:\/\/fmp-components.com\/sk\/wp-json\/wp\/v2\/comments?post=1983"}],"wp:featuredmedia":[{"embeddable":true,"href":"https:\/\/fmp-components.com\/sk\/wp-json\/wp\/v2\/media\/2078"}],"wp:attachment":[{"href":"https:\/\/fmp-components.com\/sk\/wp-json\/wp\/v2\/media?parent=1983"}],"wp:term":[{"taxonomy":"product_brand","embeddable":true,"href":"https:\/\/fmp-components.com\/sk\/wp-json\/wp\/v2\/product_brand?post=1983"},{"taxonomy":"product_cat","embeddable":true,"href":"https:\/\/fmp-components.com\/sk\/wp-json\/wp\/v2\/product_cat?post=1983"},{"taxonomy":"product_tag","embeddable":true,"href":"https:\/\/fmp-components.com\/sk\/wp-json\/wp\/v2\/product_tag?post=1983"}],"curies":[{"name":"pracovn\u00fd list","href":"https:\/\/api.w.org\/{rel}","templated":true}]}}