{"id":1978,"date":"2024-12-26T07:41:22","date_gmt":"2024-12-26T07:41:22","guid":{"rendered":"https:\/\/fmp-components.com\/?page_id=8"},"modified":"2024-12-26T07:41:22","modified_gmt":"2024-12-26T07:41:22","slug":"fmp-bgb9-lawn-mower-gearbox-for-agricultural-lawn-mower","status":"publish","type":"product","link":"https:\/\/fmp-components.com\/sk\/product\/fmp-bgb9-lawn-mower-gearbox-for-agricultural-lawn-mower\/","title":{"rendered":"Prevodovka kosa\u010dky FMP-BGB9 pre po\u013enohospod\u00e1rske kosa\u010dky"},"content":{"rendered":"<p><img loading=\"lazy\" decoding=\"async\" class=\"alignnone size-full wp-image-1981\" src=\"https:\/\/fmp-components.com\/wp-content\/uploads\/2024\/12\/FMP_agricultural-gearbox-HC-LF211-1.webp\" alt=\"FMP_po\u013enohospod\u00e1rska-prevodovka-HC-LF211-1\" width=\"1000\" height=\"500\" title=\"\" srcset=\"https:\/\/fmp-components.com\/wp-content\/uploads\/2024\/12\/FMP_agricultural-gearbox-HC-LF211-1.webp 1000w, https:\/\/fmp-components.com\/wp-content\/uploads\/2024\/12\/FMP_agricultural-gearbox-HC-LF211-1-980x490.webp 980w, https:\/\/fmp-components.com\/wp-content\/uploads\/2024\/12\/FMP_agricultural-gearbox-HC-LF211-1-480x240.webp 480w\" sizes=\"(min-width: 0px) and (max-width: 480px) 480px, (min-width: 481px) and (max-width: 980px) 980px, (min-width: 981px) 1000px, 100vw\" \/><\/p>\n<h2>\u0160pecifik\u00e1cia prevodovky po\u013enohospod\u00e1rskej kosa\u010dky na tr\u00e1vu<\/h2>\n<table style=\"width: 92.9372%; height: 200px;\" border=\"1\" cellspacing=\"0\" cellpadding=\"0\">\n<tbody>\n<tr style=\"height: 27px;\">\n<td style=\"width: 32.0166%; height: 27px;\">POLO\u017dKA<\/td>\n<td style=\"width: 67.8794%; height: 27px;\">Prevodovka kosa\u010dky na tr\u00e1vu FMP-BGB9<\/td>\n<\/tr>\n<tr style=\"height: 27px;\">\n<td style=\"width: 32.0166%; height: 27px;\">Pomer<\/td>\n<td style=\"width: 67.8794%; height: 27px;\">1:1 \/ 1:1.35 \/ 1:1.46 \/ 1:2<\/td>\n<\/tr>\n<tr style=\"height: 27px;\">\n<td style=\"width: 32.0166%; height: 27px;\">Zuby<\/td>\n<td style=\"width: 67.8794%; height: 27px;\">16\/16\u00a0 23\/17\u00a0 22\/15 15\/30<\/td>\n<\/tr>\n<tr style=\"height: 27px;\">\n<td style=\"width: 32.0166%; height: 27px;\">Modul<\/td>\n<td style=\"width: 67.8794%; height: 27px;\">6.35 \/\u00a0 5.0 \/ 5.0 \/ 3.5<\/td>\n<\/tr>\n<tr style=\"height: 27px;\">\n<td style=\"width: 32.0166%; height: 27px;\">V\u00fdkon (HP)<\/td>\n<td style=\"width: 67.8794%; height: 27px;\">30<\/td>\n<\/tr>\n<tr style=\"height: 27px;\">\n<td style=\"width: 32.0166%; height: 27px;\">Menovit\u00fd vstup<\/td>\n<td style=\"width: 67.8794%; height: 27px;\">540 ot.\/min.<\/td>\n<\/tr>\n<tr style=\"height: 27px;\">\n<td style=\"width: 32.0166%; height: 27px;\">Popis vstupu\/v\u00fdstupu<\/td>\n<td style=\"width: 67.8794%; height: 27px;\">1 3\/8 Z6 13\/8 Z6 Optick\u00e1 os<\/td>\n<\/tr>\n<tr style=\"height: 27px;\">\n<td style=\"width: 32.0166%; height: 27px;\">Hmotnos\u0165 (NW)<\/td>\n<td style=\"width: 67.8794%; height: 27px;\">23 kg<\/td>\n<\/tr>\n<\/tbody>\n<\/table>\n<h3>Prevodovka kosa\u010dky na tr\u00e1vu pre po\u013enohospod\u00e1rske pou\u017eitie<\/h3>\n<p>Prevodovka kosa\u010dky na tr\u00e1vu je nevyhnutn\u00e1 na prenos v\u00fdkonu z motora na kosiace no\u017ee po\u013enohospod\u00e1rskych kosa\u010diek na tr\u00e1vu. Zais\u0165uje efekt\u00edvnu prev\u00e1dzku, v\u010faka \u010domu je kosenie r\u00fdchlej\u0161ie a plynulej\u0161ie. Tu je preh\u013ead k\u013e\u00fa\u010dov\u00fdch vlastnost\u00ed a v\u00fdhod:<\/p>\n<h3>K\u013e\u00fa\u010dov\u00e9 vlastnosti:<\/h3>\n<ul>\n<li><strong>Prenos v\u00fdkonu:<\/strong> Pren\u00e1\u0161a v\u00fdkon motora na no\u017ee kosa\u010dky, \u010do umo\u017e\u0148uje efekt\u00edvne kosenie.<\/li>\n<li><strong>Trvanlivos\u0165:<\/strong> Tieto prevodovky s\u00fa vyroben\u00e9 z vysokopevnostn\u00fdch materi\u00e1lov, ako je oce\u013e, a odol\u00e1vaj\u00fa n\u00e1ro\u010dn\u00fdm po\u013enohospod\u00e1rskym podmienkam.<\/li>\n<li><strong>Ovl\u00e1danie r\u00fdchlosti a kr\u00fatiaceho momentu:<\/strong> Pon\u00faka r\u00f4zne prevodov\u00e9 pomery pre optim\u00e1lny v\u00fdkon kosenia v r\u00f4znych ter\u00e9noch.<\/li>\n<li><strong>Bezpe\u010dnostn\u00e9 prvky:<\/strong> Vybaven\u00e9 pre\u0165a\u017eovac\u00edmi spojkami a ochranou proti pre\u0165a\u017eeniu, aby sa predi\u0161lo po\u0161kodeniu a zaistila sa bezpe\u010dnos\u0165.<\/li>\n<li><strong>Prisp\u00f4sobenie:<\/strong> Prisp\u00f4sobite\u013en\u00e9 z h\u013eadiska d\u013a\u017eky, kr\u00fatiaceho momentu a spojky pre splnenie \u0161pecifick\u00fdch po\u017eiadaviek kosa\u010dky.<\/li>\n<li><strong>V\u0161estrannos\u0165:<\/strong> Vhodn\u00e9 pre rota\u010dn\u00e9 kosa\u010dky, cepov\u00e9 kosa\u010dky a in\u00fa po\u013enohospod\u00e1rsku techniku.<\/li>\n<li><strong>Cenovo v\u00fdhodn\u00e9:<\/strong> Zni\u017euje prestoje a n\u00e1klady na opravy, \u010d\u00edm zabezpe\u010duje plynul\u00fd chod.<\/li>\n<\/ul>\n<h3>Aplik\u00e1cie:<\/h3>\n<ul>\n<li><strong>Rota\u010dn\u00e9 kosa\u010dky na tr\u00e1vu:<\/strong> Pre efekt\u00edvne kosenie tr\u00e1vy, pripojenie cez v\u00fdvodov\u00fd hriade\u013e.<\/li>\n<li><strong>Cepov\u00e9 kosa\u010dky:<\/strong> Poskytuje plynul\u00e9 ot\u00e1\u010danie pre drvenie a kosenie rozmanitej veget\u00e1cie.<\/li>\n<li><strong>Kosa\u010dky s pojazdom a s nulov\u00fdm polomerom ot\u00e1\u010dania:<\/strong> Zais\u0165uje konzistentn\u00fd prenos v\u00fdkonu pre kosenie vo ve\u013ekom priestore.<\/li>\n<li><strong>Kosa\u010dky s automatick\u00fdm ovl\u00e1dan\u00edm:<\/strong> Optimalizuje r\u00fdchlos\u0165 kot\u00fa\u010da pre \u010dist\u00e9 rezy, a to aj na nerovnom ter\u00e9ne.<\/li>\n<\/ul>\n<h3>V\u00fdhody:<\/h3>\n<ul>\n<li><strong>Vylep\u0161en\u00e9 rezanie:<\/strong> Konzistentn\u00e1 r\u00fdchlos\u0165 \u010depele pre \u010dist\u00fd a rovnomern\u00fd rez.<\/li>\n<li><strong>\u00da\u010dinnos\u0165 paliva:<\/strong> Optimalizuje vyu\u017eitie energie a zlep\u0161uje tak spotrebu paliva.<\/li>\n<li><strong>Dlh\u0161ia \u017eivotnos\u0165 zariadenia:<\/strong> Odoln\u00e1 kon\u0161trukcia predl\u017euje \u017eivotnos\u0165 kosa\u010dky.<\/li>\n<li><strong>N\u00edzka \u00fadr\u017eba:<\/strong> Vy\u017eaduje minim\u00e1lnu \u00fadr\u017ebu, \u010do skracuje prestoje.<\/li>\n<li><strong>Zv\u00fd\u0161en\u00e1 bezpe\u010dnos\u0165:<\/strong> Zabra\u0148uje po\u0161kodeniu pomocou bezpe\u010dnostn\u00fdch prvkov, \u010d\u00edm zni\u017euje riziko pre obsluhu.<\/li>\n<\/ul>\n<h3>Pre\u010do si vybra\u0165 FMP:<\/h3>\n<p>Spolo\u010dnos\u0165 FMP vyr\u00e1ba vysokokvalitn\u00e9 prevodovky pre kosa\u010dky na tr\u00e1vu, ktor\u00e9 s\u00fa navrhnut\u00e9 pre odolnos\u0165, spo\u013eahlivos\u0165 a v\u00fdkon. \u010ci u\u017e potrebujete \u0161tandardn\u00e9 alebo z\u00e1kazkov\u00e9 rie\u0161enie, spolo\u010dnos\u0165 FMP poskytuje perfektn\u00fa prevodovku pre po\u013enohospod\u00e1rske kosa\u010dky na tr\u00e1vu, ktor\u00e1 zais\u0165uje efekt\u00edvnu prev\u00e1dzku a dlhotrvaj\u00faci v\u00fdkon.<\/p>\n<p>Prevodovky pre kosa\u010dky na tr\u00e1vu od spolo\u010dnosti FMP pon\u00fakaj\u00fa odolnos\u0165, presnos\u0165 a \u00fa\u010dinnos\u0165, v\u010faka \u010domu s\u00fa ide\u00e1lne pre kosenie v po\u013enohospod\u00e1rstve. D\u00f4verujte spolo\u010dnosti FMP, ktor\u00e1 pon\u00faka vysokov\u00fdkonn\u00e9 prevodovky na mieru prisp\u00f4soben\u00e9 va\u0161im potreb\u00e1m.<\/p>\n<p><img loading=\"lazy\" decoding=\"async\" class=\"alignnone size-full wp-image-1871\" src=\"https:\/\/fmp-components.com\/wp-content\/uploads\/2024\/12\/Differences-Between-Rotary-Mower-Gearbox-and-Flail-Mower-Gearbox-2.webp\" alt=\"Rozdiely medzi prevodovkou rota\u010dnej kosa\u010dky a prevodovkou cepovej kosa\u010dky 2\" width=\"1000\" height=\"600\" title=\"\" srcset=\"https:\/\/fmp-components.com\/wp-content\/uploads\/2024\/12\/Differences-Between-Rotary-Mower-Gearbox-and-Flail-Mower-Gearbox-2.webp 1000w, https:\/\/fmp-components.com\/wp-content\/uploads\/2024\/12\/Differences-Between-Rotary-Mower-Gearbox-and-Flail-Mower-Gearbox-2-980x588.webp 980w, https:\/\/fmp-components.com\/wp-content\/uploads\/2024\/12\/Differences-Between-Rotary-Mower-Gearbox-and-Flail-Mower-Gearbox-2-480x288.webp 480w\" sizes=\"(min-width: 0px) and (max-width: 480px) 480px, (min-width: 481px) and (max-width: 980px) 980px, (min-width: 981px) 1000px, 100vw\" \/><\/p>\n<h3>O FMP<\/h3>\n<p>Spolo\u010dnos\u0165 FMP so s\u00eddlom v Taliansku je popredn\u00fdm v\u00fdrobcom \u0161pecializuj\u00facim sa na n\u00e1vrh, v\u00fdvoj a v\u00fdrobu vysokov\u00fdkonn\u00fdch prevodoviek pre po\u013enohospod\u00e1rske stroje. Zn\u00e1mi pre na\u0161e presn\u00e9 in\u017einierstvo, inov\u00e1cie a spo\u013eahlivos\u0165, pon\u00fakame \u0161irok\u00fd sortiment prevodoviek vr\u00e1tane prevodoviek pre kosa\u010dky na tr\u00e1vu, ako aj z\u00e1kladn\u00e9 komponenty, ako s\u00fa v\u00fdvodov\u00e9 hriadele. Na\u0161\u00edm cie\u013eom je poskytova\u0165 rie\u0161enia na mieru, ktor\u00e9 sp\u013a\u0148aj\u00fa \u0161pecifick\u00e9 potreby po\u013enohospod\u00e1rskeho a priemyseln\u00e9ho sektora, \u010di u\u017e prostredn\u00edctvom jednotliv\u00fdch produktov alebo plne integrovan\u00fdch syst\u00e9mov.<\/p>\n<p>V spolo\u010dnosti FMP ch\u00e1peme, \u017ee ka\u017ed\u00fd z\u00e1kazn\u00edk m\u00e1 jedine\u010dn\u00e9 po\u017eiadavky. To n\u00e1s motivuje k prisp\u00f4sobeniu na\u0161ich produktov tak, aby sp\u013a\u0148ali tieto \u0161pecifick\u00e9 potreby. \u010ci u\u017e potrebujete \u0161pecializovan\u00fa prevodovku alebo kompletn\u00fd syst\u00e9m, \u00fazko s vami spolupracujeme na v\u00fdvoji najefekt\u00edvnej\u0161ieho a najefekt\u00edvnej\u0161ieho rie\u0161enia. Sme hrd\u00ed na to, \u017ee poskytujeme r\u00fdchle a profesion\u00e1lne odpovede a zabezpe\u010dujeme, aby bola ka\u017ed\u00e1 ot\u00e1zka vybaven\u00e1 odborne a presne.<\/p>\n<p>Kladieme ve\u013ek\u00fd d\u00f4raz na otvoren\u00fa a priebe\u017en\u00fa komunik\u00e1ciu s na\u0161imi klientmi, najm\u00e4 pokia\u013e ide o v\u00fdvoj nov\u00fdch produktov. N\u00e1\u0161 \u0161pecializovan\u00fd t\u00edm spolupracuje so z\u00e1kazn\u00edkmi, aby plne pochopil ich v\u00fdzvy a pon\u00fakol cenn\u00e9 poznatky, ktor\u00e9 ved\u00fa k optim\u00e1lnym rie\u0161eniam. Od v\u00fdvoja nov\u00fdch produktov a\u017e po plnenie existuj\u00facich objedn\u00e1vok sa zav\u00e4zujeme dod\u00e1va\u0165 vysoko kvalitn\u00e9, prec\u00edzne skon\u0161truovan\u00e9 produkty s r\u00fdchlos\u0165ou aj presnos\u0165ou.<\/p>\n<p>Kvalita je z\u00e1kladn\u00fdm kame\u0148om v\u0161etk\u00e9ho, \u010do v spolo\u010dnosti FMP rob\u00edme. Na\u0161e v\u00fdrobn\u00e9 procesy s\u00fa zalo\u017een\u00e9 na princ\u00edpoch vysok\u00fdch \u0161tandardov, presnosti a nulov\u00fdch ch\u00fdb. Pou\u017e\u00edvame pr\u00edsne postupy kontroly kvality, aby sme zabezpe\u010dili, \u017ee ka\u017ed\u00fd produkt prekon\u00e1va priemyseln\u00e9 \u0161tandardy. Tento ne\u00fastupn\u00fd z\u00e1v\u00e4zok ku kvalite v spojen\u00ed s na\u0161imi hodnotami integrity, t\u00edmovej pr\u00e1ce a vytrvalosti n\u00e1m umo\u017enil vybudova\u0165 si trval\u00e9 vz\u0165ahy so z\u00e1kazn\u00edkmi v takmer 30 krajin\u00e1ch sveta.<\/p>\n<p>Spolo\u010dnos\u0165 FMP je v\u017edy otvoren\u00e1 nadv\u00e4zovaniu glob\u00e1lnych partnerstiev a rada poskytuje odborn\u00e9 poradenstvo a rie\u0161enia na mieru. N\u00e1\u0161 pr\u00edstup presahuje r\u00e1mec samotn\u00e9ho dod\u00e1vania produktov \u2013 sme odhodlan\u00ed budova\u0165 dlhodob\u00e9 vz\u0165ahy s na\u0161imi klientmi a zabezpe\u010dova\u0165 ich \u00faspech v ka\u017edom projekte. \u010ci u\u017e h\u013ead\u00e1te rie\u0161enia pre nov\u00fa iniciat\u00edvu alebo potrebujete podporu pre existuj\u00faci syst\u00e9m, spolo\u010dnos\u0165 FMP je tu, aby rie\u0161ila va\u0161e technick\u00e9 v\u00fdzvy a pomohla v\u00e1m zabezpe\u010di\u0165 v\u00e1\u0161 trval\u00fd \u00faspech.<\/p>\n<p><img loading=\"lazy\" decoding=\"async\" class=\"alignnone size-full wp-image-1861\" src=\"https:\/\/fmp-components.com\/wp-content\/uploads\/2024\/12\/Other-Agricultural-Gearboxes.webp\" sizes=\"(min-width: 0px) and (max-width: 480px) 480px, (min-width: 481px) and (max-width: 980px) 980px, (min-width: 981px) 1200px, 100vw\" srcset=\"https:\/\/fmp-components.com\/wp-content\/uploads\/2024\/12\/Other-Agricultural-Gearboxes.webp 1200w, https:\/\/fmp-components.com\/wp-content\/uploads\/2024\/12\/Other-Agricultural-Gearboxes-980x1143.webp 980w, https:\/\/fmp-components.com\/wp-content\/uploads\/2024\/12\/Other-Agricultural-Gearboxes-480x560.webp 480w\" alt=\"Altri-cambi-agricoli\" width=\"1200\" height=\"1400\" title=\"\"><\/p>\n<p>Autor: CX<\/p>","protected":false},"excerpt":{"rendered":"<p>Agricultural Lawnmower Gearbox Specification ITEM FMP-BGB9 Lawn mower gearbox Ratio 1:1 \/ 1:1.35 \/ 1:1.46 \/ 1:2 Teeth 16\/16\u00a0 23\/17\u00a0 22\/15 15\/30 Module 6.35 \/\u00a0 5.0 \/ 5.0 \/ 3.5 Power\uff08HP\uff09 30 Rated Input 540rpm Input\/Output description 1 3\/8 Z6 13\/8 Z6 OPtic axis Weight\uff08N.W\uff09 23Kg Lawn Mower Gearbox for Agricultural Use A lawn mower [&hellip;]<\/p>","protected":false},"featured_media":1982,"comment_status":"open","ping_status":"closed","template":"","meta":{"_et_pb_use_builder":"","_et_pb_old_content":"","_et_gb_content_width":""},"product_brand":[],"product_cat":[52],"product_tag":[],"class_list":{"0":"post-1978","1":"product","2":"type-product","3":"status-publish","4":"has-post-thumbnail","6":"product_cat-lawn-mower-gearbox","8":"first","9":"instock","10":"shipping-taxable","11":"product-type-simple"},"_links":{"self":[{"href":"https:\/\/fmp-components.com\/sk\/wp-json\/wp\/v2\/product\/1978","targetHints":{"allow":["GET"]}}],"collection":[{"href":"https:\/\/fmp-components.com\/sk\/wp-json\/wp\/v2\/product"}],"about":[{"href":"https:\/\/fmp-components.com\/sk\/wp-json\/wp\/v2\/types\/product"}],"replies":[{"embeddable":true,"href":"https:\/\/fmp-components.com\/sk\/wp-json\/wp\/v2\/comments?post=1978"}],"wp:featuredmedia":[{"embeddable":true,"href":"https:\/\/fmp-components.com\/sk\/wp-json\/wp\/v2\/media\/1982"}],"wp:attachment":[{"href":"https:\/\/fmp-components.com\/sk\/wp-json\/wp\/v2\/media?parent=1978"}],"wp:term":[{"taxonomy":"product_brand","embeddable":true,"href":"https:\/\/fmp-components.com\/sk\/wp-json\/wp\/v2\/product_brand?post=1978"},{"taxonomy":"product_cat","embeddable":true,"href":"https:\/\/fmp-components.com\/sk\/wp-json\/wp\/v2\/product_cat?post=1978"},{"taxonomy":"product_tag","embeddable":true,"href":"https:\/\/fmp-components.com\/sk\/wp-json\/wp\/v2\/product_tag?post=1978"}],"curies":[{"name":"pracovn\u00fd list","href":"https:\/\/api.w.org\/{rel}","templated":true}]}}