{"id":1975,"date":"2024-12-26T06:42:03","date_gmt":"2024-12-26T06:42:03","guid":{"rendered":"https:\/\/fmp-components.com\/?page_id=8"},"modified":"2024-12-26T06:54:35","modified_gmt":"2024-12-26T06:54:35","slug":"mowers-gearboxes-replacement-of-bondioli-pavesi-gearbox-code-1018","status":"publish","type":"product","link":"https:\/\/fmp-components.com\/sk\/product\/mowers-gearboxes-replacement-of-bondioli-pavesi-gearbox-code-1018\/","title":{"rendered":"Prevodovky kosa\u010diek \u2013 V\u00fdmena prevodovky Bondioli Pavesi, k\u00f3d 1018"},"content":{"rendered":"<p><img loading=\"lazy\" decoding=\"async\" class=\"size-full wp-image-1976 aligncenter\" src=\"https:\/\/fmp-components.com\/wp-content\/uploads\/2024\/12\/Lawn-Mower-Gearbox-5.webp\" alt=\"Prevodovka kosa\u010dky na tr\u00e1vu\" width=\"500\" height=\"500\" title=\"\" srcset=\"https:\/\/fmp-components.com\/wp-content\/uploads\/2024\/12\/Lawn-Mower-Gearbox-5.webp 500w, https:\/\/fmp-components.com\/wp-content\/uploads\/2024\/12\/Lawn-Mower-Gearbox-5-480x480.webp 480w\" sizes=\"(min-width: 0px) and (max-width: 480px) 480px, (min-width: 481px) 500px, 100vw\" \/><\/p>\n<h2>Prevodovky kosa\u010diek \u2013 V\u00fdmena prevodovky Bondioli Pavesi, k\u00f3d 1080, \u0161pecifik\u00e1cia<\/h2>\n<p><img loading=\"lazy\" decoding=\"async\" class=\"alignnone size-full wp-image-1977\" src=\"https:\/\/fmp-components.com\/wp-content\/uploads\/2024\/12\/Lawn-Mower-Gearbox-4.webp\" alt=\"Prevodovka kosa\u010dky na tr\u00e1vu\" width=\"1250\" height=\"626\" title=\"\" srcset=\"https:\/\/fmp-components.com\/wp-content\/uploads\/2024\/12\/Lawn-Mower-Gearbox-4.webp 1250w, https:\/\/fmp-components.com\/wp-content\/uploads\/2024\/12\/Lawn-Mower-Gearbox-4-980x491.webp 980w, https:\/\/fmp-components.com\/wp-content\/uploads\/2024\/12\/Lawn-Mower-Gearbox-4-480x240.webp 480w\" sizes=\"(min-width: 0px) and (max-width: 480px) 480px, (min-width: 481px) and (max-width: 980px) 980px, (min-width: 981px) 1250px, 100vw\" \/><\/p>\n<table style=\"width: 100%;\" border=\"1\" width=\"100%\" cellspacing=\"0\" cellpadding=\"0\">\n<tbody>\n<tr>\n<th>V\u00fdkon<\/th>\n<td>A\u017e 26 kW pri 1000 min-1<sup>-1<\/sup><\/td>\n<\/tr>\n<tr>\n<th>Pomer<\/th>\n<td>Z 1:2,78 na 2,78:1<\/td>\n<\/tr>\n<tr>\n<th>Jednotka<\/th>\n<td>Ka\u017ed\u00fd<\/td>\n<\/tr>\n<tr>\n<th>Obsahuje olej<\/th>\n<td>Nie<\/td>\n<\/tr>\n<tr>\n<th>Hriade\u013e X<\/th>\n<td>25 hod\u00edn a 8 hod\u00edn<\/td>\n<\/tr>\n<tr>\n<th>Hriade\u013e Z<\/th>\n<td>1-3\/8 Z6<\/td>\n<\/tr>\n<tr>\n<th>Pozn\u00e1mky<\/th>\n<td>Hriade\u013e 1 3\/8\u2033 Z6 nie je k dispoz\u00edcii v jednom kuse:<br \/>\n\u2013 Na oboch osiach X a Y s\u00fa\u010dasne.<br \/>\n\u2013 Na osi Z pre S1018190 a S1018278.<br \/>\n\u2013 Na oboch osiach X a Y pre S1018053.<br \/>\nVy\u0161\u0161ie uveden\u00e9 pr\u00edpady vy\u017eaduj\u00fa hriade\u013e 1\u2033 Z15 typ 5 spolu so \u0161peci\u00e1lnym adapt\u00e9rom, ktor\u00fd je zn\u00e1zornen\u00fd.<\/td>\n<\/tr>\n<\/tbody>\n<\/table>\n<h3>V\u00fdmena prevodovky Bondioli Pavesi, k\u00f3d aplik\u00e1cie 1018<\/h3>\n<p>N\u00e1hrada za prevodovku Bondioli Pavesi s k\u00f3dom 1018 je v\u0161estrann\u00e1 a robustn\u00e1 prevodovka pou\u017e\u00edvan\u00e1 v r\u00f4znych po\u013enohospod\u00e1rskych, priemyseln\u00fdch a mechanick\u00fdch aplik\u00e1ci\u00e1ch. Jej kon\u0161trukcia a \u0161pecifik\u00e1cie ju predur\u010duj\u00fa na \u00falohy, ktor\u00e9 vy\u017eaduj\u00fa odoln\u00e9 a efekt\u00edvne syst\u00e9my prenosu v\u00fdkonu. Ni\u017e\u0161ie s\u00fa uveden\u00e9 k\u013e\u00fa\u010dov\u00e9 aplik\u00e1cie tejto prevodovky:<\/p>\n<h4>Po\u013enohospod\u00e1rske stroje<\/h4>\n<ul>\n<li>Rota\u010dn\u00e9 kosa\u010dky: Prevodovka Bondioli Pavesi 1018 sa be\u017ene pou\u017e\u00edva v rota\u010dn\u00fdch kosa\u010dk\u00e1ch na efekt\u00edvny prenos v\u00fdkonu z traktora na no\u017ee kosa\u010dky. Pom\u00e1ha zabezpe\u010di\u0165 plynul\u00fd a konzistentn\u00fd v\u00fdkon kosenia.<\/li>\n<li>Zariadenia na obr\u00e1banie p\u00f4dy: Prevodovka sa pou\u017e\u00edva aj v kultiv\u00e1toroch a in\u00fdch strojoch na pr\u00edpravu p\u00f4dy, kde je jej schopnos\u0165 zvl\u00e1da\u0165 vysok\u00e9 kr\u00fatiace momenty k\u013e\u00fa\u010dov\u00e1 pre kyprenie p\u00f4dy a pr\u00edpravu pol\u00ed na siatie.<\/li>\n<li>Rozmetadl\u00e1 hnoj\u00edv: Prevodovka pom\u00e1ha pri pohone rozmetacieho mechanizmu a poskytuje potrebn\u00fd v\u00fdkon na rovnomern\u00e9 rozlo\u017eenie hnojiva na ve\u013ek\u00e9 plochy.<\/li>\n<li>Lisy na seno: Prevodovka hr\u00e1 k\u013e\u00fa\u010dov\u00fa \u00falohu v prev\u00e1dzke lisov na seno prenosom v\u00fdkonu z traktora na lisovac\u00ed mechanizmus.<\/li>\n<li>Pozberov\u00e9 zariadenia: Prevodovka, ktor\u00e1 sa pou\u017e\u00edva v strojoch, ako s\u00fa zbera\u010de obilia alebo dopravn\u00edky obilia, zais\u0165uje plynul\u00fd chod po\u010das pozberov\u00e9ho spracovania.<\/li>\n<\/ul>\n<h4>Lesn\u00edcke stroje<\/h4>\n<ul>\n<li>Drvi\u010de a seka\u010dky dreva: Prevodovka sa \u0161iroko pou\u017e\u00edva v lesn\u00edckych strojoch, ako s\u00fa seka\u010dky, drvi\u010de a pne, a zais\u0165uje vysok\u00fd kr\u00fatiaci moment a prenos v\u00fdkonu pre n\u00e1ro\u010dn\u00e9 rezn\u00e9 \u00falohy.<\/li>\n<li>Prerez\u00e1va\u010de stromov: Pre \u00fadr\u017ebu a prerez\u00e1vanie stromov pom\u00e1ha prevodovka Bondioli Pavesi 1018 efekt\u00edvne poh\u00e1\u0148a\u0165 prerez\u00e1vacie n\u00e1stroje, zabezpe\u010duje plynul\u00fd chod a zni\u017euje opotrebovanie.<\/li>\n<\/ul>\n<h4>Stavebn\u00e9 stroje<\/h4>\n<ul>\n<li>Mie\u0161a\u010dky bet\u00f3nu: V stavebn\u00edctve sa prevodovka Bondioli Pavesi pou\u017e\u00edva v mie\u0161a\u010dk\u00e1ch bet\u00f3nu, kde efekt\u00edvne pren\u00e1\u0161a v\u00fdkon do mie\u0161acieho bubna a zabezpe\u010duje konzistentn\u00fa rot\u00e1ciu pre optim\u00e1lne mie\u0161anie bet\u00f3nu.<\/li>\n<li>Hydraulick\u00e9 syst\u00e9my: Prevodovka sa niekedy pou\u017e\u00edva v hydraulick\u00fdch syst\u00e9moch stavebn\u00fdch strojov na pohon \u010derpadiel alebo in\u00fdch mechanick\u00fdch prvkov, ktor\u00e9 vy\u017eaduj\u00fa konzistentn\u00fd kr\u00fatiaci moment a v\u00fdkon.<\/li>\n<\/ul>\n<h4>Priemyseln\u00e9 zariadenia<\/h4>\n<ul>\n<li>Syst\u00e9my prenosu energie: Prevodovka Bondioli Pavesi 1018, pou\u017e\u00edvan\u00e1 v r\u00f4znych priemyseln\u00fdch zariadeniach, je \u00fa\u010dinn\u00e1 v syst\u00e9moch, ktor\u00e9 vy\u017eaduj\u00fa spo\u013eahliv\u00fd a odoln\u00fd prevodov\u00fd syst\u00e9m na pohon r\u00f4znych strojov alebo komponentov.<\/li>\n<li>Dopravn\u00e9 p\u00e1sy: M\u00f4\u017eu sa pou\u017ei\u0165 vo v\u00fdrobnom sektore na pohon dopravn\u00fdch p\u00e1sov, \u010do pom\u00e1ha pri preprave tovaru v tov\u00e1r\u0148ach a skladoch.<\/li>\n<\/ul>\n<h4>N\u00e1morn\u00e9 aplik\u00e1cie<\/h4>\n<ul>\n<li>Pohonn\u00e9 syst\u00e9my lod\u00ed: Prevodovka sa m\u00f4\u017ee pou\u017ei\u0165 aj v n\u00e1morn\u00fdch plavidl\u00e1ch na pohon pohonn\u00fdch syst\u00e9mov, kde zabezpe\u010duje efekt\u00edvny prenos v\u00fdkonu medzi motorom a vrtu\u013eou.<\/li>\n<\/ul>\n<h4>Zariadenia na odstra\u0148ovanie snehu<\/h4>\n<ul>\n<li>Snehov\u00e9 pluhy: V oblastiach s hust\u00fdmi snehov\u00fdmi zr\u00e1\u017ekami sa v snehov\u00fdch pluhoch a zametac\u00edch strojoch pou\u017e\u00edva prevodovka Bondioli Pavesi. Pren\u00e1\u0161a v\u00fdkon z vozidla do mechanizmu na odh\u0155\u0148anie snehu, \u010d\u00edm zabezpe\u010duje efekt\u00edvne odh\u0155\u0148anie snehu.<\/li>\n<\/ul>\n<h4>Komun\u00e1lne zariadenia<\/h4>\n<ul>\n<li>Zametacie stroje na ulice: Prevodovka sa pou\u017e\u00edva v zametac\u00edch strojoch na ulice a umo\u017e\u0148uje plynul\u00e9 fungovanie mechanizmu kefovania alebo zametania t\u00fdm, \u017ee dod\u00e1va \u010distiacim komponentom konzistentn\u00fd v\u00fdkon.<\/li>\n<\/ul>\n<h4>Zavla\u017eovacie syst\u00e9my<\/h4>\n<ul>\n<li>\u010cerpadl\u00e1 a syst\u00e9my na prenos vody: Vo ve\u013ek\u00fdch zavla\u017eovac\u00edch syst\u00e9moch sa prevodovka pou\u017e\u00edva na pohon \u010derpadiel, ktor\u00e9 distribuuj\u00fa vodu po po\u013enohospod\u00e1rskej p\u00f4de, \u010d\u00edm sa zabezpe\u010duje efekt\u00edvny proces zavla\u017eovania.<\/li>\n<\/ul>\n<h3>K\u013e\u00fa\u010dov\u00e9 vlastnosti prevodovky Bondioli Pavesi s k\u00f3dom 1018 pre tieto aplik\u00e1cie:<\/h3>\n<ul>\n<li>Vysok\u00fd kr\u00fatiaci moment a \u00fa\u010dinnos\u0165: Prevodovka je skon\u0161truovan\u00e1 tak, aby zvl\u00e1dala vysok\u00fd kr\u00fatiaci moment, v\u010faka \u010domu je vhodn\u00e1 pre \u0165a\u017ek\u00e9 po\u013enohospod\u00e1rske a priemyseln\u00e9 stroje.<\/li>\n<li>Trvanlivos\u0165 a spo\u013eahlivos\u0165: Prevodovka je vyroben\u00e1 pre dlhotrvaj\u00faci v\u00fdkon a je navrhnut\u00e1 tak, aby odolala n\u00e1ro\u010dn\u00fdm prev\u00e1dzkov\u00fdm podmienkam, \u010di u\u017e na po\u013enohospod\u00e1rskych poliach, v priemyseln\u00fdch z\u00e1vodoch alebo na stavenisk\u00e1ch.<\/li>\n<li>V\u0161estrannos\u0165: Prisp\u00f4sobite\u013en\u00fd dizajn prevodovky Bondioli Pavesi 1018 ju rob\u00ed vhodnou pre r\u00f4zne typy strojov a zariaden\u00ed v r\u00f4znych odvetviach.<\/li>\n<li>Prisp\u00f4sobite\u013en\u00e9 mo\u017enosti: V z\u00e1vislosti od aplik\u00e1cie je mo\u017en\u00e9 prevodovku prisp\u00f4sobi\u0165 tak, aby sp\u013a\u0148ala \u0161pecifick\u00e9 po\u017eiadavky na v\u00fdkon, prevodov\u00e9 pomery a typy spojok.<\/li>\n<\/ul>\n<p>N\u00e1hrada za prevodovku Bondioli Pavesi s k\u00f3dom 1018 sa \u0161iroko pou\u017e\u00edva v po\u013enohospod\u00e1rskych, priemyseln\u00fdch a mechanick\u00fdch syst\u00e9moch, ktor\u00e9 vy\u017eaduj\u00fa odoln\u00fd, spo\u013eahliv\u00fd a vysoko v\u00fdkonn\u00fd prenos v\u00fdkonu. V\u010faka svojej schopnosti zvl\u00e1da\u0165 r\u00f4zne \u00falohy vo viacer\u00fdch odvetviach je neocenite\u013enou s\u00fa\u010das\u0165ou strojov v mnoh\u00fdch priemyseln\u00fdch odvetviach.<\/p>\n<p><img loading=\"lazy\" decoding=\"async\" class=\"alignnone size-full wp-image-1980\" src=\"https:\/\/fmp-components.com\/wp-content\/uploads\/2024\/12\/1018-gearbox-1.webp\" alt=\"1018-prevodovka\" width=\"1280\" height=\"720\" title=\"\" srcset=\"https:\/\/fmp-components.com\/wp-content\/uploads\/2024\/12\/1018-gearbox-1.webp 1280w, https:\/\/fmp-components.com\/wp-content\/uploads\/2024\/12\/1018-gearbox-1-980x551.webp 980w, https:\/\/fmp-components.com\/wp-content\/uploads\/2024\/12\/1018-gearbox-1-480x270.webp 480w\" sizes=\"(min-width: 0px) and (max-width: 480px) 480px, (min-width: 481px) and (max-width: 980px) 980px, (min-width: 981px) 1280px, 100vw\" \/><\/p>\n<h3>O FMP<\/h3>\n<p>Spolo\u010dnos\u0165 FMP so s\u00eddlom v Taliansku je popredn\u00fdm v\u00fdrobcom \u0161pecializuj\u00facim sa na n\u00e1vrh, v\u00fdvoj a v\u00fdrobu vysokov\u00fdkonn\u00fdch prevodoviek pre po\u013enohospod\u00e1rske stroje. S d\u00f4razom na presnos\u0165, inov\u00e1cie a spo\u013eahlivos\u0165 pon\u00fakame \u0161irok\u00fa \u0161k\u00e1lu prevodoviek vr\u00e1tane prevodoviek kosa\u010diek na tr\u00e1vu, ako aj z\u00e1kladn\u00e9 komponenty, ako s\u00fa v\u00fdvodov\u00e9 hriadele. Na\u0161\u00edm poslan\u00edm je poskytova\u0165 rie\u0161enia na mieru prisp\u00f4soben\u00e9 \u0161pecifick\u00fdm potreb\u00e1m po\u013enohospod\u00e1rskeho aj priemyseln\u00e9ho sektora a pon\u00fakame v\u0161etko od jednotliv\u00fdch komponentov a\u017e po plne integrovan\u00e9 syst\u00e9my.<\/p>\n<p>V spolo\u010dnosti FMP ch\u00e1peme, \u017ee ka\u017ed\u00fd z\u00e1kazn\u00edk m\u00e1 jedine\u010dn\u00e9 po\u017eiadavky. Preto vynik\u00e1me v poskytovan\u00ed personalizovan\u00fdch rie\u0161en\u00ed, ktor\u00e9 presne sp\u013a\u0148aj\u00fa tieto potreby. \u010ci u\u017e h\u013ead\u00e1te \u0161pecializovan\u00fa prevodovku alebo kompletn\u00fd syst\u00e9m, \u00fazko s vami spolupracujeme, aby sme zabezpe\u010dili najefekt\u00edvnej\u0161ie a najefekt\u00edvnej\u0161ie rie\u0161enie. N\u00e1\u0161 z\u00e1v\u00e4zok k spokojnosti z\u00e1kazn\u00edkov je zrejm\u00fd z na\u0161ich r\u00fdchlych a profesion\u00e1lnych reakci\u00ed a odborn\u00e9ho poradenstva, \u010d\u00edm zabezpe\u010dujeme, aby sa ka\u017ed\u00e1 po\u017eiadavka vybavila s maxim\u00e1lnou starostlivos\u0165ou a presnos\u0165ou.<\/p>\n<p>Uprednost\u0148ujeme otvoren\u00fa a priebe\u017en\u00fa komunik\u00e1ciu s na\u0161imi klientmi, najm\u00e4 pokia\u013e ide o v\u00fdvoj nov\u00fdch produktov. N\u00e1\u0161 \u0161pecializovan\u00fd t\u00edm spolupracuje so z\u00e1kazn\u00edkmi, aby z\u00edskal hlbok\u00e9 pochopenie ich \u0161pecifick\u00fdch v\u00fdziev a poskytol im cenn\u00e9 poznatky na vytvorenie najlep\u0161\u00edch mo\u017en\u00fdch rie\u0161en\u00ed. \u010ci u\u017e pracujeme na v\u00fdvoji nov\u00fdch produktov alebo pln\u00edme existuj\u00face objedn\u00e1vky, na\u010falej sa venujeme dod\u00e1vaniu vysokokvalitn\u00fdch, prec\u00edzne vyroben\u00fdch produktov r\u00fdchlo a efekt\u00edvne.<\/p>\n<p>Kvalita je z\u00e1kladn\u00fdm kame\u0148om v\u0161etk\u00e9ho, \u010do rob\u00edme. Na\u0161e v\u00fdrobn\u00e9 procesy s\u00fa postaven\u00e9 na princ\u00edpoch vysok\u00fdch \u0161tandardov, presnosti a nulov\u00fdch ch\u00fdb. V\u010faka pr\u00edsnym opatreniam kontroly kvality zabezpe\u010dujeme, aby ka\u017ed\u00fd produkt, ktor\u00fd dod\u00e1vame, sp\u013a\u0148al alebo prekra\u010doval priemyseln\u00e9 \u0161tandardy. Tento ne\u00fanavn\u00fd z\u00e1v\u00e4zok ku kvalite v kombin\u00e1cii s na\u0161imi hodnotami integrity, t\u00edmovej pr\u00e1ce a vytrvalosti n\u00e1m umo\u017enil vytvori\u0165 si siln\u00e9 a dlhodob\u00e9 vz\u0165ahy so z\u00e1kazn\u00edkmi v takmer 30 krajin\u00e1ch sveta.<\/p>\n<p>Spolo\u010dnos\u0165 FMP je v\u017edy otvoren\u00e1 glob\u00e1lnym partnerstv\u00e1m a sna\u017e\u00ed sa pon\u00faka\u0165 odborn\u00e9 poradenstvo a rie\u0161enia na mieru, ktor\u00e9 sp\u013a\u0148aj\u00fa rozmanit\u00e9 potreby na\u0161ich klientov. N\u00e1\u0161 pr\u00edstup ide nad r\u00e1mec samotn\u00e9ho dod\u00e1vania produktov; na\u0161\u00edm cie\u013eom je podporova\u0165 dlhodob\u00e9 vz\u0165ahy, ktor\u00e9 podporuj\u00fa vz\u00e1jomn\u00fd \u00faspech. \u010ci u\u017e h\u013ead\u00e1te rie\u0161enia pre nov\u00fd projekt alebo potrebujete pomoc s existuj\u00facim syst\u00e9mom, spolo\u010dnos\u0165 FMP je tu, aby rie\u0161ila va\u0161e technick\u00e9 v\u00fdzvy a zabezpe\u010dila v\u00e1\u0161 trval\u00fd \u00faspech.<\/p>\n<p><img loading=\"lazy\" decoding=\"async\" class=\"alignnone size-full wp-image-1861\" src=\"https:\/\/fmp-components.com\/wp-content\/uploads\/2024\/12\/Other-Agricultural-Gearboxes.webp\" sizes=\"(min-width: 0px) and (max-width: 480px) 480px, (min-width: 481px) and (max-width: 980px) 980px, (min-width: 981px) 1200px, 100vw\" srcset=\"https:\/\/fmp-components.com\/wp-content\/uploads\/2024\/12\/Other-Agricultural-Gearboxes.webp 1200w, https:\/\/fmp-components.com\/wp-content\/uploads\/2024\/12\/Other-Agricultural-Gearboxes-980x1143.webp 980w, https:\/\/fmp-components.com\/wp-content\/uploads\/2024\/12\/Other-Agricultural-Gearboxes-480x560.webp 480w\" alt=\"Altri-cambi-agricoli\" width=\"1200\" height=\"1400\" title=\"\"><\/p>\n<p>Autor: CX<\/p>","protected":false},"excerpt":{"rendered":"<p>Mowers Gearboxes \u2013 Replacement of Bondioli Pavesi Gearbox Code 1080 Specification Power Up to 26 kW at 1000 min-1 Ratio From 1:2.78 to 2.78:1 Unit Each Contains Oil No Shaft X 25 h8 Shaft Z 1-3\/8 Z6 Notes 1 3\/8&#8243; Z6 shaft not available in one piece: &#8211; On both axes X and Y at [&hellip;]<\/p>","protected":false},"featured_media":1976,"comment_status":"open","ping_status":"closed","template":"","meta":{"_et_pb_use_builder":"on","_et_pb_old_content":"<img class=\"size-full wp-image-1976 aligncenter\" src=\"https:\/\/fmp-components.com\/wp-content\/uploads\/2024\/12\/Lawn-Mower-Gearbox-5.webp\" alt=\"Lawn-Mower-Gearbox\" width=\"500\" height=\"500\" \/>\r\n<h2>Mowers Gearboxes \u2013 Replacement of Bondioli Pavesi Gearbox Code 1080 Specification<\/h2>\r\n<img class=\"alignnone size-full wp-image-1977\" src=\"https:\/\/fmp-components.com\/wp-content\/uploads\/2024\/12\/Lawn-Mower-Gearbox-4.webp\" alt=\"Lawn-Mower-Gearbox\" width=\"1250\" height=\"626\" \/>\r\n<table style=\"width: 100%;\" border=\"1\" width=\"100%\" cellspacing=\"0\" cellpadding=\"0\">\r\n<tbody>\r\n<tr>\r\n<th>Power<\/th>\r\n<td>Up to 26 kW at 1000 min<sup>-1<\/sup><\/td>\r\n<\/tr>\r\n<tr>\r\n<th>Ratio<\/th>\r\n<td>From 1:2.78 to 2.78:1<\/td>\r\n<\/tr>\r\n<tr>\r\n<th>Unit<\/th>\r\n<td>Each<\/td>\r\n<\/tr>\r\n<tr>\r\n<th>Contains Oil<\/th>\r\n<td>No<\/td>\r\n<\/tr>\r\n<tr>\r\n<th>Shaft X<\/th>\r\n<td>25 h8<\/td>\r\n<\/tr>\r\n<tr>\r\n<th>Shaft Z<\/th>\r\n<td>1-3\/8 Z6<\/td>\r\n<\/tr>\r\n<tr>\r\n<th>Notes<\/th>\r\n<td>1 3\/8\" Z6 shaft not available in one piece:\r\n- On both axes X and Y at the same time.\r\n- On axis Z for S1018190 and S1018278.\r\n- On both axes X and Y for S1018053.\r\nThe above cases require shaft 1\" Z15 type 5 together with the special adapter illustrated.<\/td>\r\n<\/tr>\r\n<\/tbody>\r\n<\/table>\r\n<h3>Replacement of Bondioli Pavesi Gearbox Code 1018 Application<\/h3>\r\nThe replacement of Bondioli Pavesi Gearbox Code 1018 is a versatile and robust gearbox used in various agricultural, industrial, and mechanical applications. Its design and specifications make it suitable for tasks that require durable and efficient power transmission systems. Below are the key applications of this gearbox:\r\n<h4>Agricultural Machinery<\/h4>\r\n<ul>\r\n \t<li>Rotary Mowers: The Bondioli Pavesi 1018 gearbox is commonly used in rotary mowers for efficient power transmission from the tractor to the mower blades. It helps ensure smooth and consistent cutting performance.<\/li>\r\n \t<li>Tillage Equipment: The gearbox is also used in tillers and other soil preparation machinery, where its ability to handle high torque loads is crucial for breaking up soil and preparing fields for planting.<\/li>\r\n \t<li>Fertilizer Spreaders: The gearbox helps in driving the spreading mechanism, providing the necessary power to distribute fertilizer evenly across large areas.<\/li>\r\n \t<li>Hay Balers: The gearbox plays a critical role in the operation of hay balers by transferring power from the tractor to the baling mechanism.<\/li>\r\n \t<li>Post-Harvest Equipment: Used in machines such as grain harvesters or grain conveyors, the gearbox ensures smooth operation during post-harvest processing.<\/li>\r\n<\/ul>\r\n<h4>Forestry Equipment<\/h4>\r\n<ul>\r\n \t<li>Wood Chippers and Shredders: The gearbox is widely used in forestry machinery like wood chippers, shredders, and stump grinders, ensuring high torque and power transmission for heavy-duty cutting tasks.<\/li>\r\n \t<li>Tree Pruners: For tree maintenance and pruning, the Bondioli Pavesi 1018 gearbox helps in driving pruning tools effectively, ensuring smooth operation and reducing wear.<\/li>\r\n<\/ul>\r\n<h4>Construction Machinery<\/h4>\r\n<ul>\r\n \t<li>Concrete Mixers: In construction, the Bondioli Pavesi gearbox is used in concrete mixers, where it efficiently transmits power to the mixing drum, ensuring consistent rotation for optimal concrete blending.<\/li>\r\n \t<li>Hydraulic Systems: The gearbox is sometimes used in hydraulic systems within construction machinery to drive pumps or other mechanical elements that require consistent torque and power.<\/li>\r\n<\/ul>\r\n<h4>Industrial Equipment<\/h4>\r\n<ul>\r\n \t<li>Power Transmission Systems: Used in a variety of industrial equipment, the Bondioli Pavesi 1018 gearbox is effective in systems that require a reliable and durable transmission system to drive various machines or components.<\/li>\r\n \t<li>Conveyor Belts: It can be used in the manufacturing sector for driving conveyor belts, helping to transport goods in factories and warehouses.<\/li>\r\n<\/ul>\r\n<h4>Marine Applications<\/h4>\r\n<ul>\r\n \t<li>Boat Propulsion Systems: The gearbox can also be applied in marine vessels for driving propulsion systems, where it ensures efficient power transfer between the engine and propeller.<\/li>\r\n<\/ul>\r\n<h4>Snow Removal Equipment<\/h4>\r\n<ul>\r\n \t<li>Snow Plows: In areas with heavy snowfalls, the Bondioli Pavesi gearbox is used in snow plows and sweepers. It transmits power from the vehicle to the snow-moving mechanism, ensuring that snow can be cleared efficiently.<\/li>\r\n<\/ul>\r\n<h4>Municipal Equipment<\/h4>\r\n<ul>\r\n \t<li>Street Sweepers: The gearbox is used in street sweepers, enabling the brushing or sweeping mechanism to function smoothly by delivering consistent power to the cleaning components.<\/li>\r\n<\/ul>\r\n<h4>Irrigation Systems<\/h4>\r\n<ul>\r\n \t<li>Pumps and Water Transfer Systems: In large-scale irrigation systems, the gearbox is used to drive pumps that distribute water across farmland, ensuring an efficient irrigation process.<\/li>\r\n<\/ul>\r\n<h3>Key Features of Bondioli Pavesi Gearbox Code 1018 for These Applications:<\/h3>\r\n<ul>\r\n \t<li>High Torque and Efficiency: The gearbox is engineered to handle high torque, making it suitable for heavy-duty agricultural and industrial machinery.<\/li>\r\n \t<li>Durability and Reliability: Built for long-lasting performance, the gearbox is designed to withstand harsh operating conditions, whether in agricultural fields, industrial plants, or construction sites.<\/li>\r\n \t<li>Versatility: The Bondioli Pavesi 1018 gearbox\u2019s adaptable design makes it suitable for various machinery and equipment types across different industries.<\/li>\r\n \t<li>Customizable Options: Depending on the application, the gearbox can be customized to meet specific power requirements, speed ratios, and coupling types.<\/li>\r\n<\/ul>\r\nThe replacement of Bondioli Pavesi Gearbox Code 1018 is widely used in agricultural, industrial, and mechanical systems that require durable, reliable, and high-performance power transmission. Its ability to handle a variety of tasks across multiple sectors makes it an invaluable component in the machinery of many industries.\r\n\r\n<img class=\"alignnone size-full wp-image-1980\" src=\"https:\/\/fmp-components.com\/wp-content\/uploads\/2024\/12\/1018-gearbox-1.webp\" alt=\"1018-gearbox\" width=\"1280\" height=\"720\" \/>\r\n<h3>About FMP<\/h3>\r\nFMP, based in Italy, is a premier manufacturer specializing in the design, development, and production of high-performance gearboxes for agricultural machinery. With a strong emphasis on precision, innovation, and dependability, we offer a wide array of gearboxes, including lawn mower gearboxes, as well as essential components such as PTO shafts. Our mission is to provide customized solutions tailored to the specific needs of both the agricultural and industrial sectors, offering everything from individual components to fully integrated systems.\r\n\r\nAt FMP, we understand that each customer has unique requirements. This is why we excel in providing personalized solutions that precisely meet those needs. Whether you're looking for a specialized gearbox or a complete system, we work closely with you to ensure we deliver the most effective and efficient solution. Our commitment to customer satisfaction is evident in our rapid, professional responses and expert guidance, ensuring that every inquiry is handled with utmost care and precision.\r\n\r\nWe prioritize open and ongoing communication with our clients, particularly when it comes to developing new products. Our dedicated team works collaboratively with customers to gain a deep understanding of their specific challenges and provide valuable insights to craft the best possible solutions. Whether we are working on new product development or fulfilling existing orders, we remain dedicated to delivering top-quality, precision-engineered products with speed and efficiency.\r\n\r\nQuality is the cornerstone of everything we do. Our manufacturing processes are built around the principles of high standards, precision, and zero defects. With strict quality control measures in place, we ensure that every product we deliver meets or exceeds industry standards. This relentless commitment to quality, combined with our values of integrity, teamwork, and perseverance, has enabled us to form strong, long-lasting relationships with customers in nearly 30 countries worldwide.\r\n\r\nFMP is always open to global partnerships and strives to offer expert advice and tailored solutions to meet the diverse needs of our clients. Our approach goes beyond merely supplying products; we aim to foster long-term relationships that support mutual success. Whether you're seeking solutions for a new project or need assistance with an existing system, FMP is here to address your technical challenges and ensure your continued success.\r\n\r\n<img class=\"alignnone size-full wp-image-1861\" src=\"https:\/\/fmp-components.com\/wp-content\/uploads\/2024\/12\/Other-Agricultural-Gearboxes.webp\" sizes=\"(min-width: 0px) and (max-width: 480px) 480px, (min-width: 481px) and (max-width: 980px) 980px, (min-width: 981px) 1200px, 100vw\" srcset=\"https:\/\/fmp-components.com\/wp-content\/uploads\/2024\/12\/Other-Agricultural-Gearboxes.webp 1200w, https:\/\/fmp-components.com\/wp-content\/uploads\/2024\/12\/Other-Agricultural-Gearboxes-980x1143.webp 980w, https:\/\/fmp-components.com\/wp-content\/uploads\/2024\/12\/Other-Agricultural-Gearboxes-480x560.webp 480w\" alt=\"Altri-cambi-agricoli\" width=\"1200\" height=\"1400\" \/>\r\n\r\nAuthor: CX","_et_gb_content_width":""},"product_brand":[],"product_cat":[52],"product_tag":[],"class_list":{"0":"post-1975","1":"product","2":"type-product","3":"status-publish","4":"has-post-thumbnail","6":"product_cat-lawn-mower-gearbox","8":"first","9":"instock","10":"shipping-taxable","11":"product-type-simple"},"_links":{"self":[{"href":"https:\/\/fmp-components.com\/sk\/wp-json\/wp\/v2\/product\/1975","targetHints":{"allow":["GET"]}}],"collection":[{"href":"https:\/\/fmp-components.com\/sk\/wp-json\/wp\/v2\/product"}],"about":[{"href":"https:\/\/fmp-components.com\/sk\/wp-json\/wp\/v2\/types\/product"}],"replies":[{"embeddable":true,"href":"https:\/\/fmp-components.com\/sk\/wp-json\/wp\/v2\/comments?post=1975"}],"wp:featuredmedia":[{"embeddable":true,"href":"https:\/\/fmp-components.com\/sk\/wp-json\/wp\/v2\/media\/1976"}],"wp:attachment":[{"href":"https:\/\/fmp-components.com\/sk\/wp-json\/wp\/v2\/media?parent=1975"}],"wp:term":[{"taxonomy":"product_brand","embeddable":true,"href":"https:\/\/fmp-components.com\/sk\/wp-json\/wp\/v2\/product_brand?post=1975"},{"taxonomy":"product_cat","embeddable":true,"href":"https:\/\/fmp-components.com\/sk\/wp-json\/wp\/v2\/product_cat?post=1975"},{"taxonomy":"product_tag","embeddable":true,"href":"https:\/\/fmp-components.com\/sk\/wp-json\/wp\/v2\/product_tag?post=1975"}],"curies":[{"name":"pracovn\u00fd list","href":"https:\/\/api.w.org\/{rel}","templated":true}]}}