{"id":1973,"date":"2024-12-26T05:53:04","date_gmt":"2024-12-26T05:53:04","guid":{"rendered":"https:\/\/fmp-components.com\/?page_id=8"},"modified":"2024-12-26T07:47:18","modified_gmt":"2024-12-26T07:47:18","slug":"mower-gearboxes-replacement-of-comer-code-tl-312d","status":"publish","type":"product","link":"https:\/\/fmp-components.com\/sk\/product\/mower-gearboxes-replacement-of-comer-code-tl-312d\/","title":{"rendered":"Prevodovky kosa\u010dky \u2013 v\u00fdmena k\u00f3du Comer TL-312D"},"content":{"rendered":"<p><img loading=\"lazy\" decoding=\"async\" class=\"size-full wp-image-1974 aligncenter\" src=\"https:\/\/fmp-components.com\/wp-content\/uploads\/2024\/12\/Mower-Gearboxes-\u2013-Replacement-of-Comer-Code-TL-312D.webp\" alt=\"Prevodovky kosa\u010dky \u2013 v\u00fdmena k\u00f3du Comer TL-312D\" width=\"500\" height=\"500\" title=\"\" srcset=\"https:\/\/fmp-components.com\/wp-content\/uploads\/2024\/12\/Mower-Gearboxes-\u2013-Replacement-of-Comer-Code-TL-312D.webp 500w, https:\/\/fmp-components.com\/wp-content\/uploads\/2024\/12\/Mower-Gearboxes-\u2013-Replacement-of-Comer-Code-TL-312D-300x300.webp 300w, https:\/\/fmp-components.com\/wp-content\/uploads\/2024\/12\/Mower-Gearboxes-\u2013-Replacement-of-Comer-Code-TL-312D-150x150.webp 150w, https:\/\/fmp-components.com\/wp-content\/uploads\/2024\/12\/Mower-Gearboxes-\u2013-Replacement-of-Comer-Code-TL-312D-12x12.webp 12w, https:\/\/fmp-components.com\/wp-content\/uploads\/2024\/12\/Mower-Gearboxes-\u2013-Replacement-of-Comer-Code-TL-312D-480x480.webp 480w, https:\/\/fmp-components.com\/wp-content\/uploads\/2024\/12\/Mower-Gearboxes-\u2013-Replacement-of-Comer-Code-TL-312D-100x100.webp 100w\" sizes=\"(max-width: 500px) 100vw, 500px\" \/><\/p>\n<h2>Prevodovky kosa\u010dky \u2013 v\u00fdmena, \u0161pecifik\u00e1cia Comer Code TL-312D<\/h2>\n<table style=\"width: 100%;\" border=\"1\" width=\"100%\" cellspacing=\"0\" cellpadding=\"0\">\n<tbody>\n<tr>\n<th>Popis<\/th>\n<td>Prevodovky kosa\u010dky \u2013 v\u00fdmena k\u00f3du Comer TL-312D<\/td>\n<\/tr>\n<tr>\n<th>Aplik\u00e1cia<\/th>\n<td>Kosa\u010dky<\/td>\n<\/tr>\n<tr>\n<th>Pozost\u00e1va z<\/th>\n<td>Prevodovka<\/td>\n<\/tr>\n<tr>\n<th>Bez oleja<\/th>\n<td>Technick\u00e9 inform\u00e1cie<\/td>\n<\/tr>\n<tr>\n<th><\/th>\n<td>Ak m\u00e1te ak\u00e9ko\u013evek ot\u00e1zky t\u00fdkaj\u00face sa v\u00fdkonu pri r\u00f4znych r\u00fdchlostiach, nev\u00e1hajte n\u00e1s kontaktova\u0165.<\/td>\n<\/tr>\n<tr>\n<th><\/th>\n<td>Pri prvom pou\u017eit\u00ed vyme\u0148te olej po 50 prev\u00e1dzkov\u00fdch hodin\u00e1ch.<\/td>\n<\/tr>\n<tr>\n<th>Obsahuje olej<\/th>\n<td>Nie<\/td>\n<\/tr>\n<tr>\n<th>Maxim\u00e1lny objem oleja<\/th>\n<td>1,5 l<\/td>\n<\/tr>\n<tr>\n<th>Maxim\u00e1lny interval v\u00fdmeny oleja<\/th>\n<td>500 hod\u00edn<\/td>\n<\/tr>\n<tr>\n<th>Stupe\u0148 viskozity oleja SAE<\/th>\n<td>80W-90<\/td>\n<\/tr>\n<tr>\n<th>Materi\u00e1l puzdra<\/th>\n<td>Liatina GG25<\/td>\n<\/tr>\n<tr>\n<th>Hmotnos\u0165<\/th>\n<td>27 kg<\/td>\n<\/tr>\n<tr>\n<th>Zvy\u0161ovanie usporiadania prevodov<\/th>\n<td>21-22<\/td>\n<\/tr>\n<tr>\n<th>Vstupn\u00fd v\u00fdkon kW \/ HP Zvy\u0161uj\u00faci sa<\/th>\n<td>76,5 \/ 104 kW\/k<\/td>\n<\/tr>\n<tr>\n<th>Vstupn\u00fd hriade\u013e Zvy\u0161ovanie<\/th>\n<td>X<\/td>\n<\/tr>\n<tr>\n<th>Zvy\u0161uj\u00faci sa v\u00fdstupn\u00fd kr\u00fatiaci moment v DaNm<\/th>\n<td>42,7 daNm<\/td>\n<\/tr>\n<tr>\n<th>Zvy\u0161uj\u00faci sa pomer<\/th>\n<td>1 : 1.6<\/td>\n<\/tr>\n<tr>\n<th>Zn\u00ed\u017eenie pomeru<\/th>\n<td>1.6 : 1<\/td>\n<\/tr>\n<tr>\n<th>Hriade\u013e X<\/th>\n<td>1 3\/8\u2033 (6) (A)<\/td>\n<\/tr>\n<tr>\n<th>Hriade\u013e Z<\/th>\n<td>33 h7 (B)<\/td>\n<\/tr>\n<\/tbody>\n<\/table>\n<h3>V\u00fdhody prevodoviek kosa\u010diek<\/h3>\n<p>Prevodovky kosa\u010diek s\u00fa z\u00e1kladn\u00fdmi s\u00fa\u010das\u0165ami strojov na kosenie tr\u00e1vy a tr\u00e1vnika, ktor\u00e9 pren\u00e1\u0161aj\u00fa v\u00fdkon z traktora alebo motora na no\u017ee kosa\u010dky. Tieto prevodovky zohr\u00e1vaj\u00fa k\u013e\u00fa\u010dov\u00fa \u00falohu pri zabezpe\u010dovan\u00ed efekt\u00edvneho, \u00fa\u010dinn\u00e9ho a spo\u013eahliv\u00e9ho v\u00fdkonu kosa\u010diek. Ni\u017e\u0161ie s\u00fa uveden\u00e9 niektor\u00e9 z k\u013e\u00fa\u010dov\u00fdch v\u00fdhod pou\u017e\u00edvania vysokokvalitn\u00fdch prevodoviek kosa\u010diek:<\/p>\n<h4>Efekt\u00edvny prenos v\u00fdkonu<\/h4>\n<p>Prevodovky kosa\u010diek s\u00fa navrhnut\u00e9 tak, aby zabezpe\u010dili efekt\u00edvny prenos v\u00fdkonu z motora traktora na no\u017ee kosa\u010dky. Tento efekt\u00edvny prenos v\u00fdkonu pom\u00e1ha udr\u017eiava\u0165 spr\u00e1vnu r\u00fdchlos\u0165 a kr\u00fatiaci moment no\u017eov, \u010d\u00edm sa zabezpe\u010d\u00ed optim\u00e1lny v\u00fdkon kosenia. \u010ci u\u017e ide o rota\u010dn\u00fa kosa\u010dku alebo kosa\u010dku s pojazdom, efekt\u00edvny prenos v\u00fdkonu zabezpe\u010duje, \u017ee no\u017ee kosia tr\u00e1vu rovnomerne, \u010doho v\u00fdsledkom je \u010dist\u00fd a rovnomern\u00fd povrch.<\/p>\n<h4>Trvanlivos\u0165 a dlh\u00e1 \u017eivotnos\u0165<\/h4>\n<p>Vysokokvalitn\u00e9 prevodovky kosa\u010diek s\u00fa skon\u0161truovan\u00e9 tak, aby odolali n\u00e1ro\u010dn\u00fdm prev\u00e1dzkov\u00fdm podmienkam a intenz\u00edvnemu pou\u017e\u00edvaniu. S\u00fa vyroben\u00e9 z odoln\u00fdch materi\u00e1lov, ako je vysoko kvalitn\u00e1 oce\u013e a hlin\u00edkov\u00e9 zliatiny, a s\u00fa odoln\u00e9 vo\u010di opotrebovaniu, kor\u00f3zii a teplu. To zais\u0165uje, \u017ee prevodovky kosa\u010diek bud\u00fa na\u010falej fungova\u0165 hladko a spo\u013eahlivo po dlh\u00fa dobu, \u010d\u00edm sa minimalizuje potreba \u010dast\u00fdch opr\u00e1v alebo v\u00fdmen. Ich robustnos\u0165 je k\u013e\u00fa\u010dov\u00e1 pre udr\u017eanie optim\u00e1lneho v\u00fdkonu v n\u00e1ro\u010dn\u00fdch po\u013enohospod\u00e1rskych, krajin\u00e1rskych a priemyseln\u00fdch aplik\u00e1ci\u00e1ch.<\/p>\n<h4>Zn\u00ed\u017een\u00e9 po\u017eiadavky na \u00fadr\u017ebu<\/h4>\n<p>Prevodovky kosa\u010diek s\u00fa navrhnut\u00e9 pre prev\u00e1dzku s n\u00edzkymi n\u00e1rokmi na \u00fadr\u017ebu. V\u010faka spr\u00e1vnemu mazaniu a odolnej kon\u0161trukcii sa opotreb\u00favaj\u00fa menej v porovnan\u00ed s in\u00fdmi mechanick\u00fdmi komponentmi. To vedie k men\u0161iemu po\u010dtu por\u00fach a zni\u017euje celkov\u00e9 n\u00e1klady na \u00fadr\u017ebu. V\u010faka minim\u00e1lnej \u00fadr\u017ebe tieto prevodovky udr\u017eiavaj\u00fa kosa\u010dku v plynulom chode, \u010d\u00edm zabezpe\u010duj\u00fa dlh\u0161iu prev\u00e1dzkyschopnos\u0165 a produktivitu.<\/p>\n<h4>Zlep\u0161en\u00fd rezn\u00fd v\u00fdkon<\/h4>\n<p>Prevodovka zohr\u00e1va k\u013e\u00fa\u010dov\u00fa \u00falohu pri zabezpe\u010dovan\u00ed spr\u00e1vnej r\u00fdchlosti a kr\u00fatiaceho momentu kosa\u010dky, \u010do je nevyhnutn\u00e9 pre efekt\u00edvne kosenie. \u010ci u\u017e kos\u00edte hust\u00fa tr\u00e1vu, burinu alebo nerovn\u00fd ter\u00e9n, dobre navrhnut\u00e1 prevodovka kosa\u010dky zais\u0165uje konzistentn\u00fd v\u00fdkon kosenia. V\u00fdsledkom je \u010distej\u0161\u00ed a rovnomernej\u0161\u00ed kosenie, zlep\u0161enie estetiky tr\u00e1vnika alebo po\u013ea a z\u00e1rove\u0148 prevencia po\u0161kodenia zariadenia.<\/p>\n<h4>V\u0161estrannos\u0165 a prisp\u00f4sobite\u013enos\u0165<\/h4>\n<p>Prevodovky kosa\u010diek s\u00fa vysoko v\u0161estrann\u00e9 a daj\u00fa sa prisp\u00f4sobi\u0165 r\u00f4znym modelom a aplik\u00e1ci\u00e1m kosa\u010diek. \u010ci u\u017e potrebujete jednor\u00fdchlostn\u00fa alebo viacr\u00fdchlostn\u00fa prevodovku, alebo prisp\u00f4soben\u00e9 rie\u0161enie pre \u0161pecifick\u00e9 potreby kosenia, prevodovky kosa\u010diek pon\u00fakaj\u00fa flexibilitu. Mnoho v\u00fdrobcov vr\u00e1tane FMP poskytuje prisp\u00f4soben\u00e9 prevodovky, ktor\u00e9 sp\u013a\u0148aj\u00fa v\u00fdkonnostn\u00e9 po\u017eiadavky r\u00f4znych \u00faloh kosenia, od mal\u00fdch pr\u00e1c na \u00fadr\u017ebe tr\u00e1vnikov a\u017e po ve\u013ek\u00e9 po\u013enohospod\u00e1rske prev\u00e1dzky.<\/p>\n<h4>Bezpe\u010dnos\u0165 a spo\u013eahlivos\u0165<\/h4>\n<p>Modern\u00e9 prevodovky kosa\u010diek s\u00fa vybaven\u00e9 bezpe\u010dnostn\u00fdmi prvkami, ako s\u00fa napr\u00edklad dobehov\u00e9 spojky alebo vyp\u00ednacie mechanizmy, ktor\u00e9 chr\u00e1nia kosa\u010dku aj obsluhu. Tieto prvky zabra\u0148uj\u00fa po\u0161kodeniu prevodovky a no\u017eov kosa\u010dky, ak sa kosa\u010dka n\u00e1hle vypne alebo odpoj\u00ed. Pom\u00e1haj\u00fa tie\u017e predch\u00e1dza\u0165 nehod\u00e1m, zais\u0165uj\u00fa bezpe\u010dnos\u0165 obsluhy a zni\u017euj\u00fa riziko mechanick\u00fdch por\u00fach po\u010das prev\u00e1dzky.<\/p>\n<p>Prevodovky kosa\u010diek s\u00fa k\u013e\u00fa\u010dov\u00fdmi komponentmi, ktor\u00e9 zvy\u0161uj\u00fa \u00fa\u010dinnos\u0165, odolnos\u0165 a v\u00fdkon kosa\u010diek na tr\u00e1vu a po\u013enohospod\u00e1rskych kosa\u010diek. Ich schopnos\u0165 efekt\u00edvne pren\u00e1\u0161a\u0165 v\u00fdkon, zlep\u0161ova\u0165 kosiaci v\u00fdkon a zni\u017eova\u0165 n\u00e1roky na \u00fadr\u017ebu ich rob\u00ed nevyhnutn\u00fdmi pre \u00fadr\u017ebu vysoko kvalitn\u00fdch kosa\u010diek. V\u010faka r\u00f4znym mo\u017enostiam prisp\u00f4sobenia, robustnej kon\u0161trukcii a cenovo v\u00fdhodn\u00fdm funkci\u00e1m poskytuj\u00fa prevodovky kosa\u010diek dlhodob\u00fa hodnotu pre osobn\u00e9 aj profesion\u00e1lne aplik\u00e1cie.<\/p>\n<p><img loading=\"lazy\" decoding=\"async\" class=\"alignnone wp-image-1951\" src=\"https:\/\/fmp-components.com\/wp-content\/uploads\/2024\/12\/Rotary-Mower-Gearbox-211.webp\" alt=\"Prevodovka rota\u010dnej kosa\u010dky\" width=\"929\" height=\"697\" title=\"\" srcset=\"https:\/\/fmp-components.com\/wp-content\/uploads\/2024\/12\/Rotary-Mower-Gearbox-211.webp 929w, https:\/\/fmp-components.com\/wp-content\/uploads\/2024\/12\/Rotary-Mower-Gearbox-211-480x360.webp 480w\" sizes=\"(min-width: 0px) and (max-width: 480px) 480px, (min-width: 481px) 929px, 100vw\" \/><\/p>\n<h3>O FMP<\/h3>\n<p>Spolo\u010dnos\u0165 FMP so s\u00eddlom v Taliansku je popredn\u00fdm v\u00fdrobcom zn\u00e1mym pre navrhovanie, v\u00fdvoj a v\u00fdrobu vysokov\u00fdkonn\u00fdch prevodoviek pre po\u013enohospod\u00e1rske stroje. So zameran\u00edm na presn\u00e9 in\u017einierstvo, inov\u00e1cie a neochvejn\u00fa spo\u013eahlivos\u0165 pon\u00fakame \u0161irok\u00fd sortiment prevodoviek vr\u00e1tane prevodoviek kosa\u010diek na tr\u00e1vu spolu s kritick\u00fdmi komponentmi, ako s\u00fa v\u00fdvodov\u00e9 hriadele. Na\u0161\u00edm poslan\u00edm je poskytova\u0165 rie\u0161enia na mieru pre po\u013enohospod\u00e1rsky a priemyseln\u00fd sektor, a to ako individu\u00e1lne produkty, tak aj plne integrovan\u00e9 syst\u00e9my, ktor\u00e9 sp\u013a\u0148aj\u00fa \u0161pecifick\u00e9 potreby na\u0161ich z\u00e1kazn\u00edkov.<\/p>\n<p>V spolo\u010dnosti FMP si uvedomujeme, \u017ee ka\u017ed\u00fd z\u00e1kazn\u00edk m\u00e1 jedine\u010dn\u00e9 po\u017eiadavky. Preto vynik\u00e1me v prisp\u00f4sobovan\u00ed na\u0161ich produktov tak, aby dokonale zodpovedali t\u00fdmto potreb\u00e1m. \u010ci u\u017e h\u013ead\u00e1te \u0161pecializovan\u00fa prevodovku alebo komplexn\u00fd syst\u00e9m, \u00fazko s vami spolupracujeme na v\u00fdvoji najefekt\u00edvnej\u0161ieho a najefekt\u00edvnej\u0161ieho rie\u0161enia. N\u00e1\u0161 z\u00e1v\u00e4zok k spokojnosti z\u00e1kazn\u00edkov sa odr\u00e1\u017ea v na\u0161ich r\u00fdchlych a profesion\u00e1lnych reakci\u00e1ch a odbornom poradenstve, \u010d\u00edm zabezpe\u010dujeme, aby sa ka\u017ed\u00e1 ot\u00e1zka vybavila s maxim\u00e1lnou starostlivos\u0165ou a prec\u00edznos\u0165ou.<\/p>\n<p>Otvoren\u00e1 a nepretr\u017eit\u00e1 komunik\u00e1cia s na\u0161imi klientmi je k\u013e\u00fa\u010dov\u00e1, najm\u00e4 pri v\u00fdvoji nov\u00fdch produktov. N\u00e1\u0161 \u0161pecializovan\u00fd t\u00edm spolupracuje so z\u00e1kazn\u00edkmi, aby pochopil ich v\u00fdzvy a poskytol cenn\u00e9 poznatky, ktor\u00e9 ved\u00fa k optim\u00e1lnym rie\u0161eniam. \u010ci u\u017e vyv\u00edjame nov\u00e9 produkty alebo pln\u00edme existuj\u00face objedn\u00e1vky, sme odhodlan\u00ed dod\u00e1va\u0165 vysoko kvalitn\u00e9, prec\u00edzne skon\u0161truovan\u00e9 produkty r\u00fdchlo a efekt\u00edvne.<\/p>\n<p>Kvalita je z\u00e1kladom v\u0161etk\u00e9ho, \u010do rob\u00edme. V spolo\u010dnosti FMP s\u00fa na\u0161e v\u00fdrobn\u00e9 procesy postaven\u00e9 na princ\u00edpoch vysok\u00fdch \u0161tandardov, presnosti a nulov\u00fdch ch\u00fdb. Zav\u00e1dzame pr\u00edsne opatrenia na kontrolu kvality, aby sme zabezpe\u010dili, \u017ee ka\u017ed\u00fd produkt sp\u013a\u0148a alebo prekra\u010duje priemyseln\u00e9 \u0161tandardy. Toto ne\u00fanavn\u00e9 zameranie na kvalitu v kombin\u00e1cii s na\u0161imi z\u00e1kladn\u00fdmi hodnotami integrity, t\u00edmovej pr\u00e1ce a vytrvalosti n\u00e1m pomohlo vybudova\u0165 siln\u00e9 a trval\u00e9 vz\u0165ahy so z\u00e1kazn\u00edkmi v takmer 30 krajin\u00e1ch sveta.<\/p>\n<p>Spolo\u010dnos\u0165 FMP je v\u017edy otvoren\u00e1 budovaniu glob\u00e1lnych partnerstiev a rada pon\u00faka odborn\u00e9 poradenstvo a rie\u0161enia na mieru. N\u00e1\u0161 pr\u00edstup ide nad r\u00e1mec samotn\u00e9ho dod\u00e1vania produktov \u2013 sme odhodlan\u00ed budova\u0165 dlhodob\u00e9 vz\u0165ahy s na\u0161imi klientmi a zabezpe\u010dova\u0165 ich \u00faspech v ka\u017edom projekte. \u010ci u\u017e potrebujete rie\u0161enia pre nov\u00fa iniciat\u00edvu alebo podporu pre existuj\u00faci syst\u00e9m, FMP je tu, aby rie\u0161ila va\u0161e technick\u00e9 v\u00fdzvy a pomohla v\u00e1m zabezpe\u010di\u0165 v\u00e1\u0161 trval\u00fd \u00faspech.<\/p>\n<p><img loading=\"lazy\" decoding=\"async\" class=\"alignnone size-full wp-image-1861\" src=\"https:\/\/fmp-components.com\/wp-content\/uploads\/2024\/12\/Other-Agricultural-Gearboxes.webp\" sizes=\"(min-width: 0px) and (max-width: 480px) 480px, (min-width: 481px) and (max-width: 980px) 980px, (min-width: 981px) 1200px, 100vw\" srcset=\"https:\/\/fmp-components.com\/wp-content\/uploads\/2024\/12\/Other-Agricultural-Gearboxes.webp 1200w, https:\/\/fmp-components.com\/wp-content\/uploads\/2024\/12\/Other-Agricultural-Gearboxes-980x1143.webp 980w, https:\/\/fmp-components.com\/wp-content\/uploads\/2024\/12\/Other-Agricultural-Gearboxes-480x560.webp 480w\" alt=\"Altri-cambi-agricoli\" width=\"1200\" height=\"1400\" title=\"\"><\/p>\n<p>Autor: CX<\/p>","protected":false},"excerpt":{"rendered":"<p>Mower Gearboxes \u2013 Replacement of Comer Code TL-312D Specification Description Mower Gearboxes &#8211; Replacement of Comer Code TL-312D Application Mowers Consists of Gearbox Without Oil Technical Information If you have any questions regarding performance at different speeds, please do not hesitate to contact us. When using for the first time, replace the oil after 50 [&hellip;]<\/p>","protected":false},"featured_media":1974,"comment_status":"open","ping_status":"closed","template":"","meta":{"_et_pb_use_builder":"","_et_pb_old_content":"","_et_gb_content_width":""},"product_brand":[],"product_cat":[52],"product_tag":[],"class_list":{"0":"post-1973","1":"product","2":"type-product","3":"status-publish","4":"has-post-thumbnail","6":"product_cat-lawn-mower-gearbox","8":"first","9":"instock","10":"shipping-taxable","11":"product-type-simple"},"_links":{"self":[{"href":"https:\/\/fmp-components.com\/sk\/wp-json\/wp\/v2\/product\/1973","targetHints":{"allow":["GET"]}}],"collection":[{"href":"https:\/\/fmp-components.com\/sk\/wp-json\/wp\/v2\/product"}],"about":[{"href":"https:\/\/fmp-components.com\/sk\/wp-json\/wp\/v2\/types\/product"}],"replies":[{"embeddable":true,"href":"https:\/\/fmp-components.com\/sk\/wp-json\/wp\/v2\/comments?post=1973"}],"wp:featuredmedia":[{"embeddable":true,"href":"https:\/\/fmp-components.com\/sk\/wp-json\/wp\/v2\/media\/1974"}],"wp:attachment":[{"href":"https:\/\/fmp-components.com\/sk\/wp-json\/wp\/v2\/media?parent=1973"}],"wp:term":[{"taxonomy":"product_brand","embeddable":true,"href":"https:\/\/fmp-components.com\/sk\/wp-json\/wp\/v2\/product_brand?post=1973"},{"taxonomy":"product_cat","embeddable":true,"href":"https:\/\/fmp-components.com\/sk\/wp-json\/wp\/v2\/product_cat?post=1973"},{"taxonomy":"product_tag","embeddable":true,"href":"https:\/\/fmp-components.com\/sk\/wp-json\/wp\/v2\/product_tag?post=1973"}],"curies":[{"name":"pracovn\u00fd list","href":"https:\/\/api.w.org\/{rel}","templated":true}]}}