{"id":1969,"date":"2024-12-26T05:22:40","date_gmt":"2024-12-26T05:22:40","guid":{"rendered":"https:\/\/fmp-components.com\/?page_id=8"},"modified":"2024-12-26T05:33:45","modified_gmt":"2024-12-26T05:33:45","slug":"mowers-gearboxes-replacement-of-comer-code-tl-311d","status":"publish","type":"product","link":"https:\/\/fmp-components.com\/sk\/product\/mowers-gearboxes-replacement-of-comer-code-tl-311d\/","title":{"rendered":"Prevodovky kosa\u010diek \u2013 v\u00fdmena Comer Code TL-311D"},"content":{"rendered":"<p><img loading=\"lazy\" decoding=\"async\" class=\"alignnone size-full wp-image-1971\" src=\"https:\/\/fmp-components.com\/wp-content\/uploads\/2024\/12\/Mowers-Gearboxes-\u2013-Replacement-of-Comer-Code-TL-311D.webp\" alt=\"Prevodovky kosa\u010diek \u2013 v\u00fdmena Comer Code TL-311D\" width=\"1000\" height=\"500\" title=\"\" srcset=\"https:\/\/fmp-components.com\/wp-content\/uploads\/2024\/12\/Mowers-Gearboxes-\u2013-Replacement-of-Comer-Code-TL-311D.webp 1000w, https:\/\/fmp-components.com\/wp-content\/uploads\/2024\/12\/Mowers-Gearboxes-\u2013-Replacement-of-Comer-Code-TL-311D-300x150.webp 300w, https:\/\/fmp-components.com\/wp-content\/uploads\/2024\/12\/Mowers-Gearboxes-\u2013-Replacement-of-Comer-Code-TL-311D-768x384.webp 768w, https:\/\/fmp-components.com\/wp-content\/uploads\/2024\/12\/Mowers-Gearboxes-\u2013-Replacement-of-Comer-Code-TL-311D-18x9.webp 18w, https:\/\/fmp-components.com\/wp-content\/uploads\/2024\/12\/Mowers-Gearboxes-\u2013-Replacement-of-Comer-Code-TL-311D-980x490.webp 980w, https:\/\/fmp-components.com\/wp-content\/uploads\/2024\/12\/Mowers-Gearboxes-\u2013-Replacement-of-Comer-Code-TL-311D-480x240.webp 480w, https:\/\/fmp-components.com\/wp-content\/uploads\/2024\/12\/Mowers-Gearboxes-\u2013-Replacement-of-Comer-Code-TL-311D-600x300.webp 600w\" sizes=\"(max-width: 1000px) 100vw, 1000px\" \/><\/p>\n<h2>Prevodovky kosa\u010diek \u2013 v\u00fdmena, \u0161pecifik\u00e1cia Comer Code TL-311D<\/h2>\n<table style=\"width: 100%;\" border=\"1\" width=\"100%\" cellspacing=\"0\" cellpadding=\"0\">\n<tbody>\n<tr>\n<th>Popis<\/th>\n<td>Prevodovky kosa\u010diek \u2013 v\u00fdmena Comer Code TL-311D<\/td>\n<\/tr>\n<tr>\n<th>Aplik\u00e1cia<\/th>\n<td>Kosa\u010dky<\/td>\n<\/tr>\n<tr>\n<th>Pozost\u00e1va z<\/th>\n<td>Prevodovka<\/td>\n<\/tr>\n<tr>\n<th>Olej si objednajte samostatne<\/th>\n<td>Technick\u00e9 inform\u00e1cie<\/td>\n<\/tr>\n<tr>\n<th><\/th>\n<td>V\u0161etky technick\u00e9 \u00fadaje zodpovedaj\u00fa norm\u00e1m ISO 6335 a ISO 281.<\/td>\n<\/tr>\n<tr>\n<th>Obsahuje olej<\/th>\n<td>Nie<\/td>\n<\/tr>\n<tr>\n<th>Maxim\u00e1lny objem oleja<\/th>\n<td>1,2 l<\/td>\n<\/tr>\n<tr>\n<th>Stupe\u0148 viskozity oleja SAE<\/th>\n<td>80W-90<\/td>\n<\/tr>\n<tr>\n<th>Hmotnos\u0165<\/th>\n<td>23,5 kg<\/td>\n<\/tr>\n<tr>\n<th>Zvy\u0161ovanie usporiadania prevodov<\/th>\n<td>27-28<\/td>\n<\/tr>\n<tr>\n<th>Vstupn\u00fd v\u00fdkon kW \/ HP Zvy\u0161uj\u00faci sa<\/th>\n<td>36,8 \/ 50 kW\/k<\/td>\n<\/tr>\n<tr>\n<th>Vstupn\u00fd hriade\u013e Zvy\u0161ovanie<\/th>\n<td>X<\/td>\n<\/tr>\n<tr>\n<th>Zvy\u0161uj\u00faci sa v\u00fdstupn\u00fd kr\u00fatiaci moment v DaNm<\/th>\n<td>21 daNm<\/td>\n<\/tr>\n<tr>\n<th>Zvy\u0161uj\u00faci sa pomer<\/th>\n<td>1 : 3<\/td>\n<\/tr>\n<tr>\n<th>Zn\u00ed\u017eenie pomeru<\/th>\n<td>3 : 1<\/td>\n<\/tr>\n<tr>\n<th>Hriade\u013e X<\/th>\n<td>1 3\/8\u2033 (6) (A)<\/td>\n<\/tr>\n<tr>\n<th>Hriade\u013e Y<\/th>\n<td>1 3\/8\u2033 (6) (A)<\/td>\n<\/tr>\n<tr>\n<th>Hriade\u013e Z<\/th>\n<td>33 (B)<\/td>\n<\/tr>\n<\/tbody>\n<\/table>\n<h2>K\u013abov\u00fd hriade\u013e pre prevodovku po\u013enohospod\u00e1rskej kosa\u010dky na tr\u00e1vu<\/h2>\n<p>V\u00fdvodov\u00fd hriade\u013e (PTO) je z\u00e1kladn\u00fd \u010dl\u00e1nok, ktor\u00fd sp\u00e1ja motor traktora alebo in\u00e9 zdroje energie s prevodovkou po\u013enohospod\u00e1rskej kosa\u010dky na tr\u00e1vu. Tento komponent zohr\u00e1va k\u013e\u00fa\u010dov\u00fa \u00falohu pri prenose mechanickej energie na rezn\u00e9 no\u017ee kosa\u010dky, \u010d\u00edm zabezpe\u010duje efekt\u00edvnu a plynul\u00fa prev\u00e1dzku. V spolo\u010dnosti FMP sa \u0161pecializujeme na poskytovanie \u0161irokej \u0161k\u00e1ly vysokokvalitn\u00fdch v\u00fdvodov\u00fdch hriade\u013eov, ktor\u00e9 s\u00fa navrhnut\u00e9 tak, aby bezprobl\u00e9movo spolupracovali s prevodovkami kosa\u010diek na tr\u00e1vu, maximalizovali v\u00fdkon, spo\u013eahlivos\u0165 a dlh\u00fa \u017eivotnos\u0165.<\/p>\n<h3>K\u013e\u00fa\u010dov\u00e9 vlastnosti v\u00fdvodov\u00fdch hriade\u013eov FMP pre prevodovky kosa\u010diek na tr\u00e1vu:<\/h3>\n<h4>Trvanlivos\u0165 a pevnos\u0165<\/h4>\n<p>K\u013abov\u00e9 hriadele FMP s\u00fa skon\u0161truovan\u00e9 tak, aby odolali n\u00e1ro\u010dn\u00fdm po\u013enohospod\u00e1rskym pr\u00e1cam. Tieto hriadele s\u00fa vyroben\u00e9 z vysoko kvalitn\u00fdch materi\u00e1lov vr\u00e1tane ocele a s\u00fa navrhnut\u00e9 pre dlhodob\u00fa spo\u013eahlivos\u0165. \u010ci u\u017e pou\u017e\u00edvate rota\u010dn\u00e9 kosa\u010dky, kosa\u010dky na tr\u00e1vu alebo in\u00e9 po\u013enohospod\u00e1rske stroje, na\u0161e k\u013abov\u00e9 hriadele pon\u00fakaj\u00fa minim\u00e1lne opotrebenie a v\u00fdnimo\u010dn\u00fa odolnos\u0165, a to aj v n\u00e1ro\u010dn\u00fdch podmienkach.<\/p>\n<h4>Vysok\u00fd v\u00fdkon<\/h4>\n<p>V\u00fdvodov\u00e9 hriadele FMP s\u00fa navrhnut\u00e9 tak, aby zabezpe\u010dovali optim\u00e1lny prenos v\u00fdkonu a umo\u017e\u0148ovali no\u017eom kosa\u010dky ot\u00e1\u010da\u0165 sa ide\u00e1lnou r\u00fdchlos\u0165ou a kr\u00fatiacim momentom pre efekt\u00edvne kosenie. To zaru\u010duje konzistentn\u00fd v\u00fdkon a vysoko\u00fa\u010dinn\u00e9 kosenie aj v n\u00e1ro\u010dn\u00fdch podmienkach. \u010ci u\u017e ide o kosenie hustej tr\u00e1vy alebo nerovn\u00e9ho ter\u00e9nu, v\u00fdvodov\u00e9 hriadele FMP pom\u00e1haj\u00fa udr\u017eiava\u0165 vynikaj\u00face v\u00fdsledky kosenia.<\/p>\n<h4>Mo\u017enosti prisp\u00f4sobenia<\/h4>\n<p>Ch\u00e1peme, \u017ee ka\u017ed\u00e1 oper\u00e1cia je jedine\u010dn\u00e1, preto pon\u00fakame kardanov\u00e9 hriadele, ktor\u00e9 je mo\u017en\u00e9 prisp\u00f4sobi\u0165 va\u0161im \u0161pecifick\u00fdm potreb\u00e1m. \u010ci u\u017e s\u00fa potrebn\u00e9 \u00fapravy d\u013a\u017eky, kr\u00fatiaceho momentu alebo typu spojky, spolo\u010dnos\u0165 FMP \u00fazko spolupracuje so z\u00e1kazn\u00edkmi, aby zabezpe\u010dila, \u017ee kardanov\u00fd hriade\u013e dokonale pasuje do v\u00e1\u0161ho stroja a poskytuje \u0161pi\u010dkov\u00fd v\u00fdkon a spo\u013eahlivos\u0165.<\/p>\n<h4>Bezpe\u010dnos\u0165 a jednoduchos\u0165 pou\u017eitia<\/h4>\n<p>Bezpe\u010dnos\u0165 je prioritou, pokia\u013e ide o po\u013enohospod\u00e1rske stroje, a preto s\u00fa v\u00fdvodov\u00e9 hriadele FMP navrhnut\u00e9 so zabudovan\u00fdmi bezpe\u010dnostn\u00fdmi prvkami. Patria sem pre\u0165a\u017eovacie spojky a vyp\u00ednacie mechanizmy, ktor\u00e9 zabra\u0148uj\u00fa po\u0161kodeniu pri odpojen\u00ed hriade\u013ea. Na\u0161e v\u00fdvodov\u00e9 hriadele sa navy\u0161e \u013eahko in\u0161taluj\u00fa a udr\u017eiavaj\u00fa, \u010do pon\u00faka pohodlie a pokoj v du\u0161i pre obsluhu.<\/p>\n<h4>V\u0161estrannos\u0165<\/h4>\n<p>K\u013abov\u00e9 hriadele FMP s\u00fa v\u0161estrann\u00e9 a kompatibiln\u00e9 so \u0161irokou \u0161k\u00e1lou prevodoviek kosa\u010diek na tr\u00e1vu a in\u00fdch po\u013enohospod\u00e1rskych strojov. \u010ci u\u017e potrebujete \u0161tandardn\u00fd k\u013abov\u00fd hriade\u013e alebo rie\u0161enie na mieru, pon\u00fakame produkty vhodn\u00e9 pre v\u0161etky rozsahy prev\u00e1dzky, od mal\u00fdch fariem a\u017e po ve\u013ek\u00e9 priemyseln\u00e9 vyu\u017eitie.<\/p>\n<h4>N\u00e1kladovo efekt\u00edvne<\/h4>\n<p>Poskytovan\u00edm odoln\u00fdch a vysokov\u00fdkonn\u00fdch kardanov\u00fdch hriade\u013eov pom\u00e1ha spolo\u010dnos\u0165 FMP zni\u017eova\u0165 n\u00e1klady na \u00fadr\u017ebu a prestoje. Na\u0161e kardanov\u00e9 hriadele s\u00fa navrhnut\u00e9 pre dlhotrvaj\u00faci v\u00fdkon, \u010do zabezpe\u010duje plynul\u00fd a efekt\u00edvny chod v\u00e1\u0161ho zariadenia, \u010do v kone\u010dnom d\u00f4sledku \u0161etr\u00ed n\u00e1klady na opravy a v\u00fdmeny. Navy\u0161e, na\u0161e konkurencieschopn\u00e9 ceny pon\u00fakaj\u00fa vynikaj\u00facu hodnotu za va\u0161u invest\u00edciu.<\/p>\n<h3>Pre\u010do si vybra\u0165 kardanov\u00e9 hriadele FMP pre prevodovku va\u0161ej kosa\u010dky na tr\u00e1vu?<\/h3>\n<ul>\n<li><strong>Zabezpe\u010denie kvality:<\/strong> V spolo\u010dnosti FMP dodr\u017eiavame najvy\u0161\u0161ie \u0161tandardy kvality pri ka\u017edom na\u0161om produkte, aby sme zabezpe\u010dili optim\u00e1lny v\u00fdkon a dlh\u0161iu \u017eivotnos\u0165 v\u00e1\u0161ho kardanov\u00e9ho hriade\u013ea.<\/li>\n<li><strong>Prisp\u00f4sobenie a podpora:<\/strong> Pon\u00fakame odborn\u00e9 konzult\u00e1cie a rie\u0161enia \u0161it\u00e9 na mieru, ktor\u00e9 sp\u013a\u0148aj\u00fa \u0161pecifick\u00e9 potreby va\u0161ich strojov a prev\u00e1dzky, a zabezpe\u010dujeme, \u017ee dostanete presne to, \u010do potrebujete.<\/li>\n<li><strong>Glob\u00e1lny dosah:<\/strong> So z\u00e1kazn\u00edkmi v takmer 30 krajin\u00e1ch si spolo\u010dnos\u0165 FMP vybudovala siln\u00fa reput\u00e1ciu v dod\u00e1van\u00ed vysoko v\u00fdkonn\u00fdch a spo\u013eahliv\u00fdch komponentov pre po\u013enohospod\u00e1rsky sektor.<\/li>\n<\/ul>\n<p>Ak chcete z\u00edska\u0165 viac inform\u00e1ci\u00ed alebo sa chcete informova\u0165 o prisp\u00f4soben\u00fdch v\u00fdvodov\u00fdch hriade\u013eoch pre prevodovku va\u0161ej po\u013enohospod\u00e1rskej kosa\u010dky na tr\u00e1vu, kontaktujte e\u0161te dnes spolo\u010dnos\u0165 FMP. Zameriavame sa na poskytovanie najlep\u0161\u00edch rie\u0161en\u00ed pre va\u0161e stroje a zabezpe\u010dujeme efekt\u00edvnos\u0165 a spo\u013eahlivos\u0165 va\u0161ej prev\u00e1dzky.<\/p>\n<p><img loading=\"lazy\" decoding=\"async\" class=\"alignnone size-full wp-image-1873\" src=\"https:\/\/fmp-components.com\/wp-content\/uploads\/2024\/12\/PTO-Shaft-for-Rotary-Mower-Gearboxes-15.webp\" sizes=\"(min-width: 0px) and (max-width: 480px) 480px, (min-width: 481px) and (max-width: 980px) 980px, (min-width: 981px) 1000px, 100vw\" srcset=\"https:\/\/fmp-components.com\/wp-content\/uploads\/2024\/12\/PTO-Shaft-for-Rotary-Mower-Gearboxes-15.webp 1000w, https:\/\/fmp-components.com\/wp-content\/uploads\/2024\/12\/PTO-Shaft-for-Rotary-Mower-Gearboxes-15-980x980.webp 980w, https:\/\/fmp-components.com\/wp-content\/uploads\/2024\/12\/PTO-Shaft-for-Rotary-Mower-Gearboxes-15-480x480.webp 480w\" alt=\"V\u00fdvodov\u00fd hriade\u013e pre prevodovky rota\u010dnej kosa\u010dky 15\" width=\"1000\" height=\"1000\" title=\"\"><\/p>\n<h3>O FMP<\/h3>\n<p>Spolo\u010dnos\u0165 FMP so s\u00eddlom v Taliansku je popredn\u00fdm v\u00fdrobcom \u0161pecializuj\u00facim sa na n\u00e1vrh, v\u00fdvoj a v\u00fdrobu vysokov\u00fdkonn\u00fdch prevodoviek pre po\u013enohospod\u00e1rske stroje. Zameriavame sa na poskytovanie prec\u00edzne navrhnut\u00fdch rie\u0161en\u00ed s d\u00f4razom na kvalitu, inov\u00e1cie a spo\u013eahlivos\u0165. Na\u0161e rozsiahle produktov\u00e9 portf\u00f3lio zah\u0155\u0148a \u0161irok\u00fa \u0161k\u00e1lu prevodoviek, ako s\u00fa prevodovky kosa\u010diek na tr\u00e1vu, a z\u00e1kladn\u00e9 komponenty, ako s\u00fa v\u00fdvodov\u00e9 hriadele. Poslan\u00edm spolo\u010dnosti FMP je dod\u00e1va\u0165 rie\u0161enia na mieru, ktor\u00e9 uspokoja \u0161pecifick\u00e9 potreby po\u013enohospod\u00e1rskeho a priemyseln\u00e9ho sektora, a to ako individu\u00e1lne produkty, tak aj plne integrovan\u00e9 syst\u00e9my.<\/p>\n<p>V spolo\u010dnosti FMP ch\u00e1peme, \u017ee ka\u017ed\u00fd z\u00e1kazn\u00edk m\u00e1 jedine\u010dn\u00e9 po\u017eiadavky. Preto na\u0161a siln\u00e1 str\u00e1nka spo\u010d\u00edva v schopnosti pon\u00faka\u0165 produkty na mieru, ktor\u00e9 dokonale zodpovedaj\u00fa t\u00fdmto potreb\u00e1m. \u010ci u\u017e potrebujete \u0161pecializovan\u00fa prevodovku alebo kompletn\u00fd syst\u00e9m, \u00fazko s vami spolupracujeme, aby sme zabezpe\u010dili najefekt\u00edvnej\u0161ie a najefekt\u00edvnej\u0161ie rie\u0161enie. N\u00e1\u0161 z\u00e1v\u00e4zok k spokojnosti z\u00e1kazn\u00edkov sa prejavuje v na\u0161ich r\u00fdchlych a profesion\u00e1lnych reakci\u00e1ch a odbornom poradenstve, \u010d\u00edm zabezpe\u010dujeme, aby sa ka\u017ed\u00e1 ot\u00e1zka rie\u0161ila s starostlivos\u0165ou a presnos\u0165ou.<\/p>\n<p>Ver\u00edme v otvoren\u00fa a nepretr\u017eit\u00fa komunik\u00e1ciu s na\u0161imi klientmi, najm\u00e4 pokia\u013e ide o v\u00fdvoj nov\u00fdch produktov. N\u00e1\u0161 \u0161pecializovan\u00fd t\u00edm \u00fazko spolupracuje so z\u00e1kazn\u00edkmi, aby pochopil ich \u0161pecifick\u00e9 v\u00fdzvy, a pon\u00faka cenn\u00e9 poznatky a rady na vytvorenie optim\u00e1lnych rie\u0161en\u00ed. Od v\u00fdvoja nov\u00fdch produktov a\u017e po plnenie existuj\u00facich objedn\u00e1vok sa zav\u00e4zujeme dod\u00e1va\u0165 vysoko kvalitn\u00e9 produkty r\u00fdchlo a presne.<\/p>\n<p>Jadrom \u010dinnosti spolo\u010dnosti FMP je ne\u00fanavn\u00e9 zameranie na kvalitu. Na\u0161e v\u00fdrobn\u00e9 procesy dodr\u017eiavaj\u00fa pr\u00edsne z\u00e1sady vysok\u00fdch \u0161tandardov, presnosti a nulov\u00fdch ch\u00fdb. Zav\u00e1dzame pr\u00edsne opatrenia na kontrolu kvality, aby sme zabezpe\u010dili, \u017ee ka\u017ed\u00fd v\u00fdrobok prekon\u00e1va priemyseln\u00e9 \u0161tandardy. Tento neochvejn\u00fd z\u00e1v\u00e4zok ku kvalite v spojen\u00ed s na\u0161imi hodnotami integrity, t\u00edmovej pr\u00e1ce a vytrvalosti n\u00e1m umo\u017enil vybudova\u0165 si trval\u00e9 a zmyslupln\u00e9 partnerstv\u00e1 so z\u00e1kazn\u00edkmi v takmer 30 krajin\u00e1ch sveta.<\/p>\n<p>Spolo\u010dnos\u0165 FMP je v\u017edy otvoren\u00e1 glob\u00e1lnym partnerstv\u00e1m a je pripraven\u00e1 pon\u00faknu\u0165 odborn\u00e9 poradenstvo a rie\u0161enia na mieru. Ver\u00edme v budovanie dlhodob\u00fdch vz\u0165ahov s na\u0161imi klientmi a zabezpe\u010dujeme ich \u00faspech a spokojnos\u0165 s ka\u017ed\u00fdm projektom. \u010ci u\u017e potrebujete rie\u0161enia pre nov\u00fd projekt alebo potrebujete podporu pre existuj\u00faci syst\u00e9m, spolo\u010dnos\u0165 FMP sa zaviazala rie\u0161i\u0165 va\u0161e technick\u00e9 probl\u00e9my a zabezpe\u010di\u0165 v\u00e1\u0161 trval\u00fd \u00faspech.<\/p>\n<p><img loading=\"lazy\" decoding=\"async\" class=\"alignnone size-full wp-image-1861\" src=\"https:\/\/fmp-components.com\/wp-content\/uploads\/2024\/12\/Other-Agricultural-Gearboxes.webp\" sizes=\"(min-width: 0px) and (max-width: 480px) 480px, (min-width: 481px) and (max-width: 980px) 980px, (min-width: 981px) 1200px, 100vw\" srcset=\"https:\/\/fmp-components.com\/wp-content\/uploads\/2024\/12\/Other-Agricultural-Gearboxes.webp 1200w, https:\/\/fmp-components.com\/wp-content\/uploads\/2024\/12\/Other-Agricultural-Gearboxes-980x1143.webp 980w, https:\/\/fmp-components.com\/wp-content\/uploads\/2024\/12\/Other-Agricultural-Gearboxes-480x560.webp 480w\" alt=\"Altri-cambi-agricoli\" width=\"1200\" height=\"1400\" title=\"\"><\/p>\n<p>Autor: CX<\/p>","protected":false},"excerpt":{"rendered":"<p>Mowers Gearboxes \u2013 Replacement of Comer Code TL-311D Specification Description Mowers Gearboxes &#8211; Replacement of Comer Code TL-311D Application Mowers Consists of Gearbox Order Oil Separately Technical Information All technical data corresponds to ISO 6335 and ISO 281. Contains Oil No Max. Oil Capacity 1.2 l Oil SAE Viscosity Grade 80W-90 Weight 23.5 kg Gear [&hellip;]<\/p>","protected":false},"featured_media":1972,"comment_status":"open","ping_status":"closed","template":"","meta":{"_et_pb_use_builder":"","_et_pb_old_content":"","_et_gb_content_width":""},"product_brand":[],"product_cat":[52],"product_tag":[],"class_list":{"0":"post-1969","1":"product","2":"type-product","3":"status-publish","4":"has-post-thumbnail","6":"product_cat-lawn-mower-gearbox","8":"first","9":"instock","10":"shipping-taxable","11":"product-type-simple"},"_links":{"self":[{"href":"https:\/\/fmp-components.com\/sk\/wp-json\/wp\/v2\/product\/1969","targetHints":{"allow":["GET"]}}],"collection":[{"href":"https:\/\/fmp-components.com\/sk\/wp-json\/wp\/v2\/product"}],"about":[{"href":"https:\/\/fmp-components.com\/sk\/wp-json\/wp\/v2\/types\/product"}],"replies":[{"embeddable":true,"href":"https:\/\/fmp-components.com\/sk\/wp-json\/wp\/v2\/comments?post=1969"}],"wp:featuredmedia":[{"embeddable":true,"href":"https:\/\/fmp-components.com\/sk\/wp-json\/wp\/v2\/media\/1972"}],"wp:attachment":[{"href":"https:\/\/fmp-components.com\/sk\/wp-json\/wp\/v2\/media?parent=1969"}],"wp:term":[{"taxonomy":"product_brand","embeddable":true,"href":"https:\/\/fmp-components.com\/sk\/wp-json\/wp\/v2\/product_brand?post=1969"},{"taxonomy":"product_cat","embeddable":true,"href":"https:\/\/fmp-components.com\/sk\/wp-json\/wp\/v2\/product_cat?post=1969"},{"taxonomy":"product_tag","embeddable":true,"href":"https:\/\/fmp-components.com\/sk\/wp-json\/wp\/v2\/product_tag?post=1969"}],"curies":[{"name":"pracovn\u00fd list","href":"https:\/\/api.w.org\/{rel}","templated":true}]}}