{"id":1966,"date":"2024-12-26T03:59:58","date_gmt":"2024-12-26T03:59:58","guid":{"rendered":"https:\/\/fmp-components.com\/?page_id=8"},"modified":"2026-03-16T08:00:26","modified_gmt":"2026-03-16T08:00:26","slug":"lmowers-gearboxes-replacement-of-comer-code-t-269a","status":"publish","type":"product","link":"https:\/\/fmp-components.com\/sk\/product\/lmowers-gearboxes-replacement-of-comer-code-t-269a\/","title":{"rendered":"Prevodovky kosa\u010diek na tr\u00e1vu \u2013 V\u00fdmena k\u00f3du Comer T-269A"},"content":{"rendered":"<p><img loading=\"lazy\" decoding=\"async\" class=\"size-full wp-image-1968 aligncenter\" src=\"https:\/\/fmp-components.com\/wp-content\/uploads\/2024\/12\/Lawn-Mower-Gearbox-3.webp\" alt=\"Prevodovka kosa\u010dky na tr\u00e1vu\" width=\"500\" height=\"500\" title=\"\" srcset=\"https:\/\/fmp-components.com\/wp-content\/uploads\/2024\/12\/Lawn-Mower-Gearbox-3.webp 500w, https:\/\/fmp-components.com\/wp-content\/uploads\/2024\/12\/Lawn-Mower-Gearbox-3-480x480.webp 480w\" sizes=\"(min-width: 0px) and (max-width: 480px) 480px, (min-width: 481px) 500px, 100vw\" \/><\/p>\n<h2>Prevodovky kosa\u010diek na tr\u00e1vu \u2013 v\u00fdmena \u0161pecifik\u00e1cie Comer Code T-269A<\/h2>\n<table style=\"width: 100%; height: 506px;\" border=\"1\" width=\"100%\" cellspacing=\"0\" cellpadding=\"0\">\n<tbody>\n<tr style=\"height: 23px;\">\n<th style=\"height: 23px;\">Popis<\/th>\n<td style=\"height: 23px;\">Prevodovky kosa\u010diek \u2013 v\u00fdmena k\u00f3du Comer T-269A<\/td>\n<\/tr>\n<tr style=\"height: 23px;\">\n<th style=\"height: 23px;\">Aplik\u00e1cia<\/th>\n<td style=\"height: 23px;\">R\u00f4zne (po\u013enohospod\u00e1rske) aplik\u00e1cie, Kosa\u010dky<\/td>\n<\/tr>\n<tr style=\"height: 23px;\">\n<th style=\"height: 23px;\">Pozost\u00e1va z<\/th>\n<td style=\"height: 23px;\">Prevodovka<\/p>\n<p>Olej si objednajte samostatne<\/td>\n<\/tr>\n<tr style=\"height: 23px;\">\n<th style=\"height: 23px;\">Technick\u00e9 inform\u00e1cie<\/th>\n<td style=\"height: 23px;\">V\u0161etky technick\u00e9 \u00fadaje zodpovedaj\u00fa norm\u00e1m ISO 6335 a ISO 281.<\/td>\n<\/tr>\n<tr style=\"height: 23px;\">\n<th style=\"height: 23px;\">Maxim\u00e1lny v\u00fdstupn\u00fd kr\u00fatiaci moment<\/th>\n<td style=\"height: 23px;\">161,1 daNm<\/td>\n<\/tr>\n<tr style=\"height: 23px;\">\n<th style=\"height: 23px;\">Obsahuje olej<\/th>\n<td style=\"height: 23px;\">Nie<\/td>\n<\/tr>\n<tr style=\"height: 23px;\">\n<th style=\"height: 23px;\">Maxim\u00e1lny objem oleja<\/th>\n<td style=\"height: 23px;\">3,25 l<\/td>\n<\/tr>\n<tr style=\"height: 23px;\">\n<th style=\"height: 23px;\">Stupe\u0148 viskozity oleja SAE<\/th>\n<td style=\"height: 23px;\">80W-90<\/td>\n<\/tr>\n<tr style=\"height: 23px;\">\n<th style=\"height: 23px;\">Hmotnos\u0165<\/th>\n<td style=\"height: 23px;\">48 kg<\/td>\n<\/tr>\n<tr style=\"height: 23px;\">\n<th style=\"height: 23px;\">Zvy\u0161ovanie usporiadania prevodov<\/th>\n<td style=\"height: 23px;\">25 &#8211; 26 &#8211; 27 &#8211; 28<\/td>\n<\/tr>\n<tr style=\"height: 23px;\">\n<th style=\"height: 23px;\">Zn\u00ed\u017eenie usporiadania prevodov<\/th>\n<td style=\"height: 23px;\">5 &#8211; 6<\/td>\n<\/tr>\n<tr style=\"height: 23px;\">\n<th style=\"height: 23px;\">Vstupn\u00fd v\u00fdkon kW \/ HP Zvy\u0161uj\u00faci sa<\/th>\n<td style=\"height: 23px;\">77,3 \/ 105 kW\/k<\/td>\n<\/tr>\n<tr style=\"height: 23px;\">\n<th style=\"height: 23px;\">Vstupn\u00fd hriade\u013e Zvy\u0161ovanie<\/th>\n<td style=\"height: 23px;\">X \u2013 Y<\/td>\n<\/tr>\n<tr style=\"height: 23px;\">\n<th style=\"height: 23px;\">Redukcia vstupn\u00e9ho hriade\u013ea<\/th>\n<td style=\"height: 23px;\">Z<\/td>\n<\/tr>\n<tr style=\"height: 23px;\">\n<th style=\"height: 23px;\">Zn\u00ed\u017eenie vstupn\u00e9ho v\u00fdkonu kW \/ HP<\/th>\n<td style=\"height: 23px;\">66,2 \/ 90 kW\/k<\/td>\n<\/tr>\n<tr style=\"height: 23px;\">\n<th style=\"height: 23px;\">Zvy\u0161uj\u00faci sa v\u00fdstupn\u00fd kr\u00fatiaci moment v DaNm<\/th>\n<td style=\"height: 23px;\">93,2 daNm<\/td>\n<\/tr>\n<tr style=\"height: 23px;\">\n<th style=\"height: 23px;\">Zvy\u0161uj\u00faci sa pomer<\/th>\n<td style=\"height: 23px;\">1 : 1.42<\/td>\n<\/tr>\n<tr style=\"height: 23px;\">\n<th style=\"height: 23px;\">Zn\u00ed\u017eenie pomeru<\/th>\n<td style=\"height: 23px;\">1.42 : 1<\/td>\n<\/tr>\n<tr style=\"height: 23px;\">\n<th style=\"height: 23px;\">Hriade\u013e X<\/th>\n<td style=\"height: 23px;\">1 3\/8\u2033 (6) (B)<\/td>\n<\/tr>\n<tr style=\"height: 23px;\">\n<th style=\"height: 23px;\">Hriade\u013e Y<\/th>\n<td style=\"height: 23px;\">1 3\/8\u2033 (6) (A)<\/td>\n<\/tr>\n<tr style=\"height: 23px;\">\n<th style=\"height: 23px;\">Hriade\u013e Z<\/th>\n<td style=\"height: 23px;\">1 3\/8\u2033 (6) (C)<\/td>\n<\/tr>\n<\/tbody>\n<\/table>\n<h3>Pre\u010do si vybra\u0165 kardanov\u00e9 hriadele FMP pre prevodovku va\u0161ej kosa\u010dky na tr\u00e1vu?<\/h3>\n<p><strong>Nekompromisn\u00e9 zabezpe\u010denie kvality:<\/strong><br \/>\nV spolo\u010dnosti FMP je kvalita na\u0161ou najvy\u0161\u0161ou prioritou. Dodr\u017eiavame pr\u00edsne v\u00fdrobn\u00e9 normy, aby sme zabezpe\u010dili, \u017ee ka\u017ed\u00fd kardanov\u00fd hriade\u013e, ktor\u00fd vyr\u00e1bame, je vyroben\u00fd tak, aby vydr\u017eal a fungoval optim\u00e1lne, a to aj v t\u00fdch naj\u0165a\u017e\u0161\u00edch podmienkach. Na\u0161e kardanov\u00e9 hriadele prech\u00e1dzaj\u00fa pr\u00edsnymi testami, aby sa zaru\u010dila ich odolnos\u0165, pevnos\u0165 a dlhodob\u00e1 spo\u013eahlivos\u0165, v\u010faka \u010domu s\u00fa ide\u00e1lnou vo\u013ebou pre zabezpe\u010denie hladk\u00e9ho a efekt\u00edvneho chodu prevodovky va\u0161ej kosa\u010dky na tr\u00e1vu.<\/p>\n<p><strong>Rie\u0161enia na mieru a odborn\u00e1 podpora:<\/strong><br \/>\nCh\u00e1peme, \u017ee ka\u017ed\u00fd po\u013enohospod\u00e1rsky stroj m\u00e1 jedine\u010dn\u00e9 po\u017eiadavky. Preto pon\u00fakame prisp\u00f4sobite\u013en\u00e9 kardanov\u00e9 hriadele navrhnut\u00e9 tak, aby sp\u013a\u0148ali \u0161pecifick\u00e9 potreby va\u0161ej prev\u00e1dzky. \u010ci u\u017e potrebujete kardanov\u00fd hriade\u013e pre rota\u010dn\u00fa kosa\u010dku, zameta\u010d snehu alebo in\u00e9 po\u013enohospod\u00e1rske zariadenia, n\u00e1\u0161 t\u00edm odborn\u00edkov je pripraven\u00fd poskytn\u00fa\u0165 v\u00e1m personalizovan\u00e9 poradenstvo a rie\u0161enia. \u00dazko s vami spolupracujeme, aby sme zabezpe\u010dili, \u017ee kardanov\u00e9 hriadele, ktor\u00e9 dod\u00e1vame, dokonale zodpovedaj\u00fa v\u00e1\u0161mu stroju a zvy\u0161uj\u00fa jeho v\u00fdkon a efektivitu.<\/p>\n<p><strong>Glob\u00e1lny dosah a overen\u00e1 spo\u013eahlivos\u0165:<\/strong><br \/>\nS rast\u00facou z\u00e1kazn\u00edckou z\u00e1klad\u0148ou v takmer 30 krajin\u00e1ch sveta si spolo\u010dnos\u0165 FMP vybudovala reput\u00e1ciu dod\u00e1vate\u013ea vysokokvalitn\u00fdch a spo\u013eahliv\u00fdch komponentov pre po\u013enohospod\u00e1rsky priemysel. Na\u0161e kardanov\u00e9 hriadele s\u00fa d\u00f4veryhodn\u00e9 pre po\u013enohospod\u00e1rov, z\u00e1hradn\u00edkov a priemyseln\u00fdch prev\u00e1dzkovate\u013eov na celom svete pre ich odolnos\u0165, jednoduch\u00e9 pou\u017e\u00edvanie a konzistentn\u00fd v\u00fdkon. \u010ci u\u017e s\u00eddlite v Severnej Amerike, Eur\u00f3pe alebo inde, m\u00f4\u017eete sa spo\u013eahn\u00fa\u0165, \u017ee FMP v\u00e1m poskytne \u0161pi\u010dkov\u00e9 produkty, ktor\u00e9 sp\u013a\u0148aj\u00fa po\u017eiadavky va\u0161ich strojov.<\/p>\n<p><strong>Komplexn\u00fd z\u00e1kazn\u00edcky servis:<\/strong><br \/>\nZ\u00e1v\u00e4zok spolo\u010dnosti FMP k spokojnosti z\u00e1kazn\u00edkov presahuje r\u00e1mec samotn\u00e9ho poskytovania produktov. Sme odhodlan\u00ed poskytova\u0165 nepretr\u017eit\u00fa podporu po\u010das cel\u00e9ho \u017eivotn\u00e9ho cyklu v\u00e1\u0161ho zariadenia. N\u00e1\u0161 t\u00edm z\u00e1kazn\u00edckeho servisu je v\u00e1m k dispoz\u00edcii, aby odpovedal na ot\u00e1zky, pon\u00fakol technick\u00fa pomoc a zabezpe\u010dil, aby v\u00e1\u0161 kardanov\u00fd hriade\u013e fungoval \u010do najlep\u0161ie. Od predpredajn\u00fdch konzult\u00e1ci\u00ed a\u017e po poradenstvo v oblasti \u00fadr\u017eby po predaji sme tu, aby sme v\u00e1m pomohli v ka\u017edom kroku.<\/p>\n<p>Ak chcete z\u00edska\u0165 viac inform\u00e1ci\u00ed alebo sa chcete informova\u0165 o prisp\u00f4soben\u00fdch v\u00fdvodov\u00fdch hriade\u013eoch pre prevodovku va\u0161ej po\u013enohospod\u00e1rskej kosa\u010dky, kontaktujte e\u0161te dnes spolo\u010dnos\u0165 FMP. N\u00e1\u0161 t\u00edm v\u00e1m r\u00e1d pom\u00f4\u017ee s najlep\u0161\u00edmi rie\u0161eniami pre va\u0161e stroje a zabezpe\u010d\u00ed maxim\u00e1lnu efektivitu a spo\u013eahlivos\u0165 va\u0161ej prev\u00e1dzky. Nechajte spolo\u010dnos\u0165 FMP by\u0165 va\u0161\u00edm d\u00f4veryhodn\u00fdm partnerom pri poh\u00e1\u0148an\u00ed va\u0161ich zariaden\u00ed na dlh\u00e9 roky.<\/p>\n<table border=\"1\" width=\"100%\" cellspacing=\"0\" cellpadding=\"0\">\n<tbody>\n<tr>\n<td width=\"110\"><img loading=\"lazy\" decoding=\"async\" class=\"alignnone size-full wp-image-1872\" src=\"https:\/\/fmp-components.com\/wp-content\/uploads\/2024\/12\/PTO-Shaft-for-Rotary-Mower-Gearboxes-16.webp\" sizes=\"(min-width: 0px) and (max-width: 480px) 480px, (min-width: 481px) and (max-width: 980px) 980px, (min-width: 981px) 1000px, 100vw\" srcset=\"https:\/\/fmp-components.com\/wp-content\/uploads\/2024\/12\/PTO-Shaft-for-Rotary-Mower-Gearboxes-16.webp 1000w, https:\/\/fmp-components.com\/wp-content\/uploads\/2024\/12\/PTO-Shaft-for-Rotary-Mower-Gearboxes-16-980x980.webp 980w, https:\/\/fmp-components.com\/wp-content\/uploads\/2024\/12\/PTO-Shaft-for-Rotary-Mower-Gearboxes-16-480x480.webp 480w\" alt=\"V\u00fdvodov\u00fd hriade\u013e pre prevodovky rota\u010dnej kosa\u010dky 16\" width=\"1000\" height=\"1000\" title=\"\"><\/td>\n<td width=\"98\"><img loading=\"lazy\" decoding=\"async\" class=\"alignnone size-full wp-image-1873\" src=\"https:\/\/fmp-components.com\/wp-content\/uploads\/2024\/12\/PTO-Shaft-for-Rotary-Mower-Gearboxes-15.webp\" sizes=\"(min-width: 0px) and (max-width: 480px) 480px, (min-width: 481px) and (max-width: 980px) 980px, (min-width: 981px) 1000px, 100vw\" srcset=\"https:\/\/fmp-components.com\/wp-content\/uploads\/2024\/12\/PTO-Shaft-for-Rotary-Mower-Gearboxes-15.webp 1000w, https:\/\/fmp-components.com\/wp-content\/uploads\/2024\/12\/PTO-Shaft-for-Rotary-Mower-Gearboxes-15-980x980.webp 980w, https:\/\/fmp-components.com\/wp-content\/uploads\/2024\/12\/PTO-Shaft-for-Rotary-Mower-Gearboxes-15-480x480.webp 480w\" alt=\"V\u00fdvodov\u00fd hriade\u013e pre prevodovky rota\u010dnej kosa\u010dky 15\" width=\"1000\" height=\"1000\" title=\"\"><\/td>\n<\/tr>\n<\/tbody>\n<\/table>\n<h3>O FMP<\/h3>\n<p>Spolo\u010dnos\u0165 FMP so s\u00eddlom v Taliansku je popredn\u00fdm v\u00fdrobcom \u0161pecializuj\u00facim sa na n\u00e1vrh, v\u00fdvoj a v\u00fdrobu vysokov\u00fdkonn\u00fdch prevodoviek pre po\u013enohospod\u00e1rske stroje. Zameriavame sa na poskytovanie prec\u00edzne navrhnut\u00fdch rie\u0161en\u00ed so zameran\u00edm na kvalitu, inov\u00e1cie a spo\u013eahlivos\u0165. Na\u0161e produktov\u00e9 portf\u00f3lio zah\u0155\u0148a \u0161irok\u00fa \u0161k\u00e1lu prevodoviek, ako s\u00fa prevodovky kosa\u010diek na tr\u00e1vu, spolu so z\u00e1kladn\u00fdmi komponentmi, ako s\u00fa v\u00fdvodov\u00e9 hriadele. Na\u0161\u00edm poslan\u00edm je pon\u00faka\u0165 rie\u0161enia na mieru, ktor\u00e9 sp\u013a\u0148aj\u00fa \u0161pecifick\u00e9 po\u017eiadavky po\u013enohospod\u00e1rskeho a priemyseln\u00e9ho sektora, \u010di u\u017e prostredn\u00edctvom jednotliv\u00fdch produktov alebo plne integrovan\u00fdch syst\u00e9mov.<\/p>\n<p>V spolo\u010dnosti FMP ch\u00e1peme, \u017ee ka\u017ed\u00fd z\u00e1kazn\u00edk m\u00e1 jedine\u010dn\u00e9 potreby. Preto na\u0161a siln\u00e1 str\u00e1nka spo\u010d\u00edva v schopnosti prisp\u00f4sobi\u0165 produkty tak, aby dokonale vyhovovali t\u00fdmto potreb\u00e1m. \u010ci u\u017e h\u013ead\u00e1te \u0161pecializovan\u00fa prevodovku alebo kompletn\u00fd syst\u00e9m, \u00fazko s vami spolupracujeme, aby sme v\u00e1m poskytli najefekt\u00edvnej\u0161ie a najefekt\u00edvnej\u0161ie rie\u0161enie. N\u00e1\u0161 z\u00e1v\u00e4zok k spokojnosti z\u00e1kazn\u00edkov sa odr\u00e1\u017ea v na\u0161ich r\u00fdchlych a profesion\u00e1lnych reakci\u00e1ch a odbornom poradenstve, \u010d\u00edm zabezpe\u010dujeme, aby sa ku ka\u017edej ot\u00e1zke pristupovalo s opatrnos\u0165ou a presnos\u0165ou.<\/p>\n<p>V\u00e1\u017eime si otvoren\u00fa komunik\u00e1ciu s na\u0161imi klientmi, najm\u00e4 pokia\u013e ide o v\u00fdvoj nov\u00fdch produktov. N\u00e1\u0161 \u0161pecializovan\u00fd t\u00edm \u00fazko spolupracuje so z\u00e1kazn\u00edkmi, aby pochopil ich v\u00fdzvy a poskytuje cenn\u00e9 poznatky na vytvorenie optim\u00e1lnych rie\u0161en\u00ed. Od v\u00fdvoja nov\u00fdch produktov a\u017e po plnenie existuj\u00facich objedn\u00e1vok sa zav\u00e4zujeme dod\u00e1va\u0165 vysokokvalitn\u00e9 produkty r\u00fdchlo a presne.<\/p>\n<p>Kvalita je z\u00e1kladn\u00fdm kame\u0148om v\u0161etk\u00e9ho, \u010do v spolo\u010dnosti FMP rob\u00edme. N\u00e1\u0161 v\u00fdrobn\u00fd proces sa riadi princ\u00edpmi vysok\u00fdch \u0161tandardov, presnosti a nulov\u00fdch ch\u00fdb. Dodr\u017eiavame pr\u00edsne opatrenia na kontrolu kvality, aby sme zabezpe\u010dili, \u017ee ka\u017ed\u00fd produkt, ktor\u00fd dod\u00e1vame, prekon\u00e1va priemyseln\u00e9 \u0161tandardy. Toto ne\u00fanavn\u00e9 zameranie na kvalitu v spojen\u00ed s na\u0161imi hodnotami integrity, t\u00edmovej pr\u00e1ce a vytrvalosti n\u00e1m umo\u017enilo nadviaza\u0165 siln\u00e9 a trval\u00e9 partnerstv\u00e1 s klientmi v takmer 30 krajin\u00e1ch po celom svete.<\/p>\n<p>Spolo\u010dnos\u0165 FMP je v\u017edy otvoren\u00e1 glob\u00e1lnej spolupr\u00e1ci a ochotn\u00e1 poskytn\u00fa\u0165 odborn\u00e9 poradenstvo a rie\u0161enia na mieru. N\u00e1\u0161 pr\u00edstup nie je len o dod\u00e1van\u00ed produktov \u2013 ide o budovanie dlhodob\u00fdch partnerstiev, ktor\u00e9 ved\u00fa k vz\u00e1jomn\u00e9mu \u00faspechu. \u010ci u\u017e potrebujete rie\u0161enia pre nov\u00fd projekt alebo podporu s existuj\u00facimi syst\u00e9mami, spolo\u010dnos\u0165 FMP sa zaviazala rie\u0161i\u0165 va\u0161e technick\u00e9 v\u00fdzvy a pom\u00e1ha\u0165 v\u00e1m dosiahnu\u0165 dlhodob\u00fd \u00faspech.<\/p>\n<p><img loading=\"lazy\" decoding=\"async\" class=\"alignnone size-full wp-image-1861\" src=\"https:\/\/fmp-components.com\/wp-content\/uploads\/2024\/12\/Other-Agricultural-Gearboxes.webp\" sizes=\"(min-width: 0px) and (max-width: 480px) 480px, (min-width: 481px) and (max-width: 980px) 980px, (min-width: 981px) 1200px, 100vw\" srcset=\"https:\/\/fmp-components.com\/wp-content\/uploads\/2024\/12\/Other-Agricultural-Gearboxes.webp 1200w, https:\/\/fmp-components.com\/wp-content\/uploads\/2024\/12\/Other-Agricultural-Gearboxes-980x1143.webp 980w, https:\/\/fmp-components.com\/wp-content\/uploads\/2024\/12\/Other-Agricultural-Gearboxes-480x560.webp 480w\" alt=\"Altri-cambi-agricoli\" width=\"1200\" height=\"1400\" title=\"\"><\/p>\n<p>Autor: CX<\/p>","protected":false},"excerpt":{"rendered":"<p>Lawn Mowers Gearboxes \u2013 Replacement of Comer Code T-269A Specification Description Mowers Gearboxes &#8211; Replacement of Comer Code T-269A Application Various (agricultural) applications, Mowers Consists of Gearbox Order Oil Separately Technical Information All technical data corresponds to ISO 6335 and ISO 281. Max. Output Torque 161.1 daNm Contains Oil No Max. Oil Capacity 3.25 l [&hellip;]<\/p>","protected":false},"featured_media":1968,"comment_status":"open","ping_status":"closed","template":"","meta":{"_et_pb_use_builder":"","_et_pb_old_content":"","_et_gb_content_width":""},"product_brand":[],"product_cat":[52],"product_tag":[],"class_list":{"0":"post-1966","1":"product","2":"type-product","3":"status-publish","4":"has-post-thumbnail","6":"product_cat-lawn-mower-gearbox","8":"first","9":"instock","10":"shipping-taxable","11":"product-type-simple"},"_links":{"self":[{"href":"https:\/\/fmp-components.com\/sk\/wp-json\/wp\/v2\/product\/1966","targetHints":{"allow":["GET"]}}],"collection":[{"href":"https:\/\/fmp-components.com\/sk\/wp-json\/wp\/v2\/product"}],"about":[{"href":"https:\/\/fmp-components.com\/sk\/wp-json\/wp\/v2\/types\/product"}],"replies":[{"embeddable":true,"href":"https:\/\/fmp-components.com\/sk\/wp-json\/wp\/v2\/comments?post=1966"}],"wp:featuredmedia":[{"embeddable":true,"href":"https:\/\/fmp-components.com\/sk\/wp-json\/wp\/v2\/media\/1968"}],"wp:attachment":[{"href":"https:\/\/fmp-components.com\/sk\/wp-json\/wp\/v2\/media?parent=1966"}],"wp:term":[{"taxonomy":"product_brand","embeddable":true,"href":"https:\/\/fmp-components.com\/sk\/wp-json\/wp\/v2\/product_brand?post=1966"},{"taxonomy":"product_cat","embeddable":true,"href":"https:\/\/fmp-components.com\/sk\/wp-json\/wp\/v2\/product_cat?post=1966"},{"taxonomy":"product_tag","embeddable":true,"href":"https:\/\/fmp-components.com\/sk\/wp-json\/wp\/v2\/product_tag?post=1966"}],"curies":[{"name":"pracovn\u00fd list","href":"https:\/\/api.w.org\/{rel}","templated":true}]}}