{"id":1962,"date":"2024-12-26T03:46:41","date_gmt":"2024-12-26T03:46:41","guid":{"rendered":"https:\/\/fmp-components.com\/?page_id=8"},"modified":"2024-12-26T03:48:03","modified_gmt":"2024-12-26T03:48:03","slug":"agricultural-lawn-mower-gearbox-fmp-lf211","status":"publish","type":"product","link":"https:\/\/fmp-components.com\/sk\/product\/agricultural-lawn-mower-gearbox-fmp-lf211\/","title":{"rendered":"Prevodovka pre po\u013enohospod\u00e1rsku kosa\u010dku FMP-LF211"},"content":{"rendered":"<h2>\u0160pecifik\u00e1cie prevodovky pre po\u013enohospod\u00e1rsku kosa\u010dku FMP-LF211:<\/h2>\n<p>&nbsp;<\/p>\n<p><img loading=\"lazy\" decoding=\"async\" class=\"alignnone size-full wp-image-1963\" src=\"https:\/\/fmp-components.com\/wp-content\/uploads\/2024\/12\/Lawn-Mower-Gearbox-2.webp\" alt=\"Prevodovka kosa\u010dky na tr\u00e1vu\" width=\"1000\" height=\"500\" title=\"\" srcset=\"https:\/\/fmp-components.com\/wp-content\/uploads\/2024\/12\/Lawn-Mower-Gearbox-2.webp 1000w, https:\/\/fmp-components.com\/wp-content\/uploads\/2024\/12\/Lawn-Mower-Gearbox-2-980x490.webp 980w, https:\/\/fmp-components.com\/wp-content\/uploads\/2024\/12\/Lawn-Mower-Gearbox-2-480x240.webp 480w\" sizes=\"(min-width: 0px) and (max-width: 480px) 480px, (min-width: 481px) and (max-width: 980px) 980px, (min-width: 981px) 1000px, 100vw\" \/><\/p>\n<table style=\"width: 102.595%; height: 206px;\" border=\"1\">\n<tbody>\n<tr>\n<td style=\"width: 32.2105%;\"><strong>POLO\u017dKA<\/strong><\/td>\n<td style=\"width: 67.0526%;\">FMP-LF211<\/td>\n<\/tr>\n<tr>\n<td style=\"width: 32.2105%;\"><strong>Pomer<\/strong><\/td>\n<td style=\"width: 67.0526%;\">1:2.83<\/td>\n<\/tr>\n<tr>\n<td style=\"width: 32.2105%;\"><strong>Zuby<\/strong><\/td>\n<td style=\"width: 67.0526%;\">34\/12<\/td>\n<\/tr>\n<tr>\n<td style=\"width: 32.2105%;\"><strong>Modul<\/strong><\/td>\n<td style=\"width: 67.0526%;\">3.36<\/td>\n<\/tr>\n<tr>\n<td style=\"width: 32.2105%;\"><strong>V\u00fdkon (HP)<\/strong><\/td>\n<td style=\"width: 67.0526%;\">20<\/td>\n<\/tr>\n<tr>\n<td style=\"width: 32.2105%;\"><strong>Menovit\u00fd vstup<\/strong><\/td>\n<td style=\"width: 67.0526%;\">540 ot.\/min.<\/td>\n<\/tr>\n<tr>\n<td style=\"width: 32.2105%;\"><strong>Popis vstupu\/v\u00fdstupu<\/strong><\/td>\n<td style=\"width: 67.0526%;\">Optick\u00e1 os 1-3\/8 Z6<\/td>\n<\/tr>\n<tr>\n<td style=\"width: 32.2105%;\"><strong>Hmotnos\u0165 (NW)<\/strong><\/td>\n<td style=\"width: 67.0526%;\">14,5 kg<\/td>\n<\/tr>\n<\/tbody>\n<\/table>\n<h2>K\u013abov\u00fd hriade\u013e pre prevodovku po\u013enohospod\u00e1rskej kosa\u010dky na tr\u00e1vu<\/h2>\n<p>V\u00fdvodov\u00fd hriade\u013e (PTO) je k\u013e\u00fa\u010dov\u00fdm komponentom pri pripojen\u00ed traktora alebo in\u00e9ho zdroja energie k prevodovke po\u013enohospod\u00e1rskej kosa\u010dky na tr\u00e1vu. Zohr\u00e1va d\u00f4le\u017eit\u00fa \u00falohu pri prenose mechanickej energie z motora traktora na rezn\u00e9 no\u017ee kosa\u010dky, \u010do umo\u017e\u0148uje efekt\u00edvnu prev\u00e1dzku. V spolo\u010dnosti FMP pon\u00fakame \u0161irok\u00fd v\u00fdber vysokokvalitn\u00fdch v\u00fdvodov\u00fdch hriade\u013eov, ktor\u00e9 s\u00fa navrhnut\u00e9 tak, aby bezprobl\u00e9movo spolupracovali s prevodovkami po\u013enohospod\u00e1rskych kosa\u010diek na tr\u00e1vu, a zabezpe\u010dovali tak optim\u00e1lny v\u00fdkon a spo\u013eahlivos\u0165.<\/p>\n<h3>K\u013e\u00fa\u010dov\u00e9 vlastnosti v\u00fdvodov\u00fdch hriade\u013eov FMP pre prevodovky kosa\u010diek na tr\u00e1vu:<\/h3>\n<ol>\n<li><strong>Trvanlivos\u0165 a pevnos\u0165<\/strong><br \/>\nK\u013abov\u00e9 hriadele FMP s\u00fa vyroben\u00e9 pre dlh\u00fa \u017eivotnos\u0165, z vysoko kvalitn\u00fdch materi\u00e1lov, ako je oce\u013e, aby odolali nam\u00e1haniu n\u00e1ro\u010dn\u00fdch po\u013enohospod\u00e1rskych oper\u00e1ci\u00ed. \u010ci u\u017e sa pou\u017e\u00edvaj\u00fa v rota\u010dn\u00fdch kosa\u010dk\u00e1ch, kosa\u010dk\u00e1ch na tr\u00e1vu alebo in\u00fdch po\u013enohospod\u00e1rskych strojoch, na\u0161e k\u013abov\u00e9 hriadele poskytuj\u00fa dlhodob\u00fa spo\u013eahlivos\u0165 a minim\u00e1lne opotrebenie.<\/li>\n<li><strong>Vysok\u00fd v\u00fdkon<\/strong><br \/>\nNa\u0161e v\u00fdvodov\u00e9 hriadele s\u00fa navrhnut\u00e9 pre efekt\u00edvny prenos v\u00fdkonu, ktor\u00fd zabezpe\u010duje, \u017ee sa no\u017ee kosa\u010dky ot\u00e1\u010daj\u00fa spr\u00e1vnou r\u00fdchlos\u0165ou a kr\u00fatiacim momentom pre efekt\u00edvne kosenie. Tento konzistentn\u00fd v\u00fdkon je nevyhnutn\u00fd pre dosiahnutie optim\u00e1lnych v\u00fdsledkov kosenia, a to aj v n\u00e1ro\u010dn\u00fdch podmienkach.<\/li>\n<li><strong>Mo\u017enosti prisp\u00f4sobenia<\/strong><br \/>\nV spolo\u010dnosti FMP ch\u00e1peme, \u017ee r\u00f4zne aplik\u00e1cie si vy\u017eaduj\u00fa r\u00f4zne rie\u0161enia. Pon\u00fakame prisp\u00f4soben\u00e9 kardanov\u00e9 hriadele, ktor\u00e9 sp\u013a\u0148aj\u00fa \u0161pecifick\u00e9 potreby, vr\u00e1tane \u00faprav d\u013a\u017eky, kr\u00fatiaceho momentu a typov spojok. N\u00e1\u0161 t\u00edm \u00fazko spolupracuje so z\u00e1kazn\u00edkmi, aby zabezpe\u010dil, \u017ee kardanov\u00fd hriade\u013e dokonale pasuje k ich zariadeniu a poskytuje \u0161pi\u010dkov\u00fd v\u00fdkon.<\/li>\n<li><strong>Bezpe\u010dnos\u0165 a jednoduchos\u0165 pou\u017eitia<\/strong><br \/>\nBezpe\u010dnos\u0165 je v po\u013enohospod\u00e1rskych strojoch najvy\u0161\u0161ou prioritou. V\u00fdvodov\u00e9 hriadele FMP s\u00fa navrhnut\u00e9 s bezpe\u010dnostn\u00fdmi prvkami vr\u00e1tane pre\u0165a\u017eovac\u00edch spojok a \u010fal\u0161\u00edch mechanizmov, ktor\u00e9 zabra\u0148uj\u00fa po\u0161kodeniu pri odpojen\u00ed v\u00fdvodov\u00e9ho hriade\u013ea. \u013dahko sa in\u0161taluj\u00fa a udr\u017eiavaj\u00fa, \u010do poskytuje pohodlie obsluhe.<\/li>\n<li><strong>V\u0161estrannos\u0165<\/strong><br \/>\nNa\u0161e kardanov\u00e9 hriadele s\u00fa kompatibiln\u00e9 so \u0161irokou \u0161k\u00e1lou prevodoviek kosa\u010diek na tr\u00e1vu a po\u013enohospod\u00e1rskych strojov. \u010ci u\u017e h\u013ead\u00e1te \u0161tandardn\u00fd kardanov\u00fd hriade\u013e alebo rie\u0161enie na mieru, FMP pon\u00faka produkty vhodn\u00e9 pre r\u00f4zne modely kosa\u010diek, od mal\u00fdch prev\u00e1dzok a\u017e po ve\u013ek\u00e9 priemyseln\u00e9 vyu\u017eitie.<\/li>\n<li><strong>N\u00e1kladovo efekt\u00edvne<\/strong><br \/>\nV\u010faka ponuke odoln\u00fdch a vysokov\u00fdkonn\u00fdch kardanov\u00fdch hriade\u013eov pom\u00e1ha spolo\u010dnos\u0165 FMP zni\u017eova\u0165 prestoje a n\u00e1klady na opravy, \u010d\u00edm zabezpe\u010duje plynul\u00fd a efekt\u00edvny chod va\u0161ich po\u013enohospod\u00e1rskych strojov. Na\u0161e konkurencieschopn\u00e9 ceny v\u00e1m zaru\u010duj\u00fa najlep\u0161iu hodnotu za va\u0161u invest\u00edciu.<\/li>\n<\/ol>\n<h3>Pre\u010do si vybra\u0165 kardanov\u00e9 hriadele FMP pre prevodovku va\u0161ej kosa\u010dky na tr\u00e1vu?<\/h3>\n<ul>\n<li><strong>Zabezpe\u010denie kvality:<\/strong> Spolo\u010dnos\u0165 FMP sa zav\u00e4zuje dodr\u017eiava\u0165 najvy\u0161\u0161ie \u0161tandardy kvality ka\u017ed\u00e9ho produktu, ktor\u00fd vyr\u00e1ba, a t\u00fdm zabezpe\u010duje, aby v\u00e1\u0161 kardanov\u00fd hriade\u013e dlhodobo fungoval optim\u00e1lne.<\/li>\n<li><strong>Prisp\u00f4sobenie a podpora:<\/strong> Pon\u00fakame odborn\u00e9 poradenstvo a rie\u0161enia na mieru, ktor\u00e9 sp\u013a\u0148aj\u00fa \u0161pecifick\u00e9 potreby va\u0161ich strojov a prev\u00e1dzky.<\/li>\n<li><strong>Glob\u00e1lny dosah:<\/strong> So z\u00e1kazn\u00edkmi v takmer 30 krajin\u00e1ch si spolo\u010dnos\u0165 FMP z\u00edskala reput\u00e1ciu dod\u00e1vate\u013ea spo\u013eahliv\u00fdch a vysokov\u00fdkonn\u00fdch komponentov pre po\u013enohospod\u00e1rsky sektor.<\/li>\n<\/ul>\n<p>Ak chcete z\u00edska\u0165 viac inform\u00e1ci\u00ed alebo sa chcete informova\u0165 o prisp\u00f4soben\u00fdch v\u00fdvodov\u00fdch hriade\u013eoch pre prevodovku va\u0161ej po\u013enohospod\u00e1rskej kosa\u010dky na tr\u00e1vu, kontaktujte e\u0161te dnes spolo\u010dnos\u0165 FMP. Sme odhodlan\u00ed poskytova\u0165 v\u00e1m tie najlep\u0161ie rie\u0161enia pre va\u0161e stroje a zabezpe\u010dova\u0165 spo\u013eahlivos\u0165 a efekt\u00edvnos\u0165 va\u0161ej prev\u00e1dzky.<\/p>\n<table style=\"width: 100%;\" border=\"1\" width=\"100%\" cellspacing=\"0\" cellpadding=\"0\">\n<tbody>\n<tr>\n<td width=\"110\"><img loading=\"lazy\" decoding=\"async\" class=\"alignnone size-full wp-image-1872\" src=\"https:\/\/fmp-components.com\/wp-content\/uploads\/2024\/12\/PTO-Shaft-for-Rotary-Mower-Gearboxes-16.webp\" alt=\"V\u00fdvodov\u00fd hriade\u013e pre prevodovky rota\u010dnej kosa\u010dky 16\" width=\"1000\" height=\"1000\" title=\"\" srcset=\"https:\/\/fmp-components.com\/wp-content\/uploads\/2024\/12\/PTO-Shaft-for-Rotary-Mower-Gearboxes-16.webp 1000w, https:\/\/fmp-components.com\/wp-content\/uploads\/2024\/12\/PTO-Shaft-for-Rotary-Mower-Gearboxes-16-980x980.webp 980w, https:\/\/fmp-components.com\/wp-content\/uploads\/2024\/12\/PTO-Shaft-for-Rotary-Mower-Gearboxes-16-480x480.webp 480w\" sizes=\"(min-width: 0px) and (max-width: 480px) 480px, (min-width: 481px) and (max-width: 980px) 980px, (min-width: 981px) 1000px, 100vw\" \/><\/td>\n<td width=\"98\"><img loading=\"lazy\" decoding=\"async\" class=\"alignnone size-full wp-image-1873\" src=\"https:\/\/fmp-components.com\/wp-content\/uploads\/2024\/12\/PTO-Shaft-for-Rotary-Mower-Gearboxes-15.webp\" alt=\"V\u00fdvodov\u00fd hriade\u013e pre prevodovky rota\u010dnej kosa\u010dky 15\" width=\"1000\" height=\"1000\" title=\"\" srcset=\"https:\/\/fmp-components.com\/wp-content\/uploads\/2024\/12\/PTO-Shaft-for-Rotary-Mower-Gearboxes-15.webp 1000w, https:\/\/fmp-components.com\/wp-content\/uploads\/2024\/12\/PTO-Shaft-for-Rotary-Mower-Gearboxes-15-980x980.webp 980w, https:\/\/fmp-components.com\/wp-content\/uploads\/2024\/12\/PTO-Shaft-for-Rotary-Mower-Gearboxes-15-480x480.webp 480w\" sizes=\"(min-width: 0px) and (max-width: 480px) 480px, (min-width: 481px) and (max-width: 980px) 980px, (min-width: 981px) 1000px, 100vw\" \/><\/td>\n<\/tr>\n<\/tbody>\n<\/table>\n<h3>O FMP<\/h3>\n<p>FMP je popredn\u00fd v\u00fdrobca prevodoviek so s\u00eddlom v Taliansku, ktor\u00fd sa \u0161pecializuje na n\u00e1vrh, v\u00fdvoj a v\u00fdrobu vysokov\u00fdkonn\u00fdch prevodoviek pre po\u013enohospod\u00e1rske stroje. S d\u00f4razom na kvalitu, presnos\u0165 a inov\u00e1cie pon\u00fakame komplexn\u00fd sortiment prevodoviek vr\u00e1tane prevodoviek pre kosa\u010dky na tr\u00e1vu spolu so z\u00e1kladn\u00fdmi komponentmi, ako s\u00fa v\u00fdvodov\u00e9 hriadele. Na\u0161\u00edm poslan\u00edm je poskytova\u0165 rie\u0161enia na mieru pre po\u013enohospod\u00e1rsky a priemyseln\u00fd sektor a rie\u0161i\u0165 jedine\u010dn\u00e9 potreby na\u0161ich z\u00e1kazn\u00edkov prostredn\u00edctvom individu\u00e1lnych produktov aj plne integrovan\u00fdch syst\u00e9mov.<\/p>\n<p>V spolo\u010dnosti FMP si uvedomujeme, \u017ee ka\u017ed\u00fd z\u00e1kazn\u00edk m\u00e1 \u0161pecifick\u00e9 po\u017eiadavky. Na\u0161ou silnou str\u00e1nkou je schopnos\u0165 prisp\u00f4sobi\u0165 rie\u0161enia, ktor\u00e9 sp\u013a\u0148aj\u00fa tieto rozmanit\u00e9 potreby. \u010ci u\u017e po\u017eadujete \u0161pecifick\u00fd typ prevodovky alebo kompletn\u00fd syst\u00e9m, \u00fazko s vami spolupracujeme, aby sme zabezpe\u010dili najefekt\u00edvnej\u0161\u00ed a najefekt\u00edvnej\u0161\u00ed produkt. N\u00e1\u0161 z\u00e1v\u00e4zok k spokojnosti z\u00e1kazn\u00edkov sa odr\u00e1\u017ea v na\u0161om \u00fastretovom a profesion\u00e1lnom pr\u00edstupe, ktor\u00fd zabezpe\u010duje, \u017ee ka\u017ed\u00e1 po\u017eiadavka je vybaven\u00e1 odborn\u00fdm poradenstvom a podporou.<\/p>\n<p>Uprednost\u0148ujeme otvoren\u00fa a priebe\u017en\u00fa komunik\u00e1ciu s na\u0161imi klientmi, najm\u00e4 pri v\u00fdvoji nov\u00fdch produktov. N\u00e1\u0161 t\u00edm \u00fazko spolupracuje so z\u00e1kazn\u00edkmi, aby pochopil ich v\u00fdzvy, a pon\u00faka cenn\u00e9 poznatky a rady na vytvorenie optim\u00e1lnych rie\u0161en\u00ed. \u010ci u\u017e vyv\u00edjame nov\u00e9 produkty alebo pln\u00edme existuj\u00face objedn\u00e1vky, sme odhodlan\u00ed dod\u00e1va\u0165 produkty najvy\u0161\u0161ej kvality r\u00fdchlo a presne.<\/p>\n<p>Kvalita je jadrom v\u0161etk\u00e9ho, \u010do rob\u00edme. N\u00e1\u0161 v\u00fdrobn\u00fd proces sa riadi z\u00e1sadami \u201evysok\u00fdch \u0161tandardov, vysokej presnosti a nulov\u00fdch ch\u00fdb\u201c. Zav\u00e1dzame pr\u00edsne protokoly kontroly kvality, aby sme zabezpe\u010dili, \u017ee ka\u017ed\u00fd produkt, ktor\u00fd vyr\u00e1bame, prekra\u010duje priemyseln\u00e9 \u0161tandardy. Toto neochvejn\u00e9 zameranie na kvalitu v kombin\u00e1cii s na\u0161imi hodnotami t\u00edmovej pr\u00e1ce, integrity a vytrvalosti n\u00e1m pomohlo vybudova\u0165 siln\u00e9 a trval\u00e9 vz\u0165ahy so z\u00e1kazn\u00edkmi v takmer 30 krajin\u00e1ch sveta.<\/p>\n<p>Spolo\u010dnos\u0165 FMP v\u00edta glob\u00e1lnu spolupr\u00e1cu a je v\u017edy pripraven\u00e1 pon\u00faknu\u0165 odborn\u00e9 poradenstvo a personalizovan\u00e9 rie\u0161enia. N\u00e1\u0161 pr\u00edstup ide nad r\u00e1mec dod\u00e1vok produktov; ide o podporu dlhodob\u00fdch partnerstiev, ktor\u00e9 prispievaj\u00fa k vz\u00e1jomn\u00e9mu \u00faspechu. \u010ci u\u017e h\u013ead\u00e1te rie\u0161enia pre nov\u00e9 projekty alebo existuj\u00face potreby, spolo\u010dnos\u0165 FMP sa zav\u00e4zuje podporova\u0165 va\u0161e technick\u00e9 v\u00fdzvy a zabezpe\u010dova\u0165 v\u00e1\u0161 trval\u00fd \u00faspech.<\/p>\n<p><img loading=\"lazy\" decoding=\"async\" class=\"alignnone size-full wp-image-1861\" src=\"https:\/\/fmp-components.com\/wp-content\/uploads\/2024\/12\/Other-Agricultural-Gearboxes.webp\" sizes=\"(min-width: 0px) and (max-width: 480px) 480px, (min-width: 481px) and (max-width: 980px) 980px, (min-width: 981px) 1200px, 100vw\" srcset=\"https:\/\/fmp-components.com\/wp-content\/uploads\/2024\/12\/Other-Agricultural-Gearboxes.webp 1200w, https:\/\/fmp-components.com\/wp-content\/uploads\/2024\/12\/Other-Agricultural-Gearboxes-980x1143.webp 980w, https:\/\/fmp-components.com\/wp-content\/uploads\/2024\/12\/Other-Agricultural-Gearboxes-480x560.webp 480w\" alt=\"Altri-cambi-agricoli\" width=\"1200\" height=\"1400\" title=\"\"><\/p>\n<p>Autor: CX<\/p>","protected":false},"excerpt":{"rendered":"<p>Agricultural Lawn Mower Gearbox FMP-LF211 Specifications: &nbsp; ITEM FMP-LF211 Ratio 1:2.83 Teeth 34\/12 Module 3.36 Power(HP) 20 Rated Input 540rpm Input\/Output Description 1-3\/8 Z6 Optic axis Weight(N.W) 14.5KG PTO Shaft for Agricultural Lawn Mower Gearbox A PTO (Power Take-Off) shaft is a crucial component in connecting a tractor or other power source to an agricultural [&hellip;]<\/p>","protected":false},"featured_media":1965,"comment_status":"open","ping_status":"closed","template":"","meta":{"_et_pb_use_builder":"","_et_pb_old_content":"","_et_gb_content_width":""},"product_brand":[],"product_cat":[52],"product_tag":[],"class_list":{"0":"post-1962","1":"product","2":"type-product","3":"status-publish","4":"has-post-thumbnail","6":"product_cat-lawn-mower-gearbox","8":"first","9":"instock","10":"shipping-taxable","11":"product-type-simple"},"_links":{"self":[{"href":"https:\/\/fmp-components.com\/sk\/wp-json\/wp\/v2\/product\/1962","targetHints":{"allow":["GET"]}}],"collection":[{"href":"https:\/\/fmp-components.com\/sk\/wp-json\/wp\/v2\/product"}],"about":[{"href":"https:\/\/fmp-components.com\/sk\/wp-json\/wp\/v2\/types\/product"}],"replies":[{"embeddable":true,"href":"https:\/\/fmp-components.com\/sk\/wp-json\/wp\/v2\/comments?post=1962"}],"wp:featuredmedia":[{"embeddable":true,"href":"https:\/\/fmp-components.com\/sk\/wp-json\/wp\/v2\/media\/1965"}],"wp:attachment":[{"href":"https:\/\/fmp-components.com\/sk\/wp-json\/wp\/v2\/media?parent=1962"}],"wp:term":[{"taxonomy":"product_brand","embeddable":true,"href":"https:\/\/fmp-components.com\/sk\/wp-json\/wp\/v2\/product_brand?post=1962"},{"taxonomy":"product_cat","embeddable":true,"href":"https:\/\/fmp-components.com\/sk\/wp-json\/wp\/v2\/product_cat?post=1962"},{"taxonomy":"product_tag","embeddable":true,"href":"https:\/\/fmp-components.com\/sk\/wp-json\/wp\/v2\/product_tag?post=1962"}],"curies":[{"name":"pracovn\u00fd list","href":"https:\/\/api.w.org\/{rel}","templated":true}]}}