{"id":1956,"date":"2024-12-26T03:32:54","date_gmt":"2024-12-26T03:32:54","guid":{"rendered":"https:\/\/fmp-components.com\/?page_id=8"},"modified":"2024-12-26T03:46:48","modified_gmt":"2024-12-26T03:46:48","slug":"agricultural-lawnmower-gearbox-fmp-lf205","status":"publish","type":"product","link":"https:\/\/fmp-components.com\/sk\/product\/agricultural-lawnmower-gearbox-fmp-lf205\/","title":{"rendered":"Prevodovka pre po\u013enohospod\u00e1rsku kosa\u010dku FMP-LF205"},"content":{"rendered":"<h2>\u0160pecifik\u00e1cie prevodovky po\u013enohospod\u00e1rskej kosa\u010dky na tr\u00e1vu:<\/h2>\n<p><img loading=\"lazy\" decoding=\"async\" class=\"alignnone size-full wp-image-1959\" src=\"https:\/\/fmp-components.com\/wp-content\/uploads\/2024\/12\/FMP_agricultural-gearbox-1.webp\" alt=\"FMP_po\u013enohospod\u00e1rska-prevodovka-1\" width=\"1000\" height=\"500\" title=\"\" srcset=\"https:\/\/fmp-components.com\/wp-content\/uploads\/2024\/12\/FMP_agricultural-gearbox-1.webp 1000w, https:\/\/fmp-components.com\/wp-content\/uploads\/2024\/12\/FMP_agricultural-gearbox-1-980x490.webp 980w, https:\/\/fmp-components.com\/wp-content\/uploads\/2024\/12\/FMP_agricultural-gearbox-1-480x240.webp 480w\" sizes=\"(min-width: 0px) and (max-width: 480px) 480px, (min-width: 481px) and (max-width: 980px) 980px, (min-width: 981px) 1000px, 100vw\" \/><\/p>\n<table style=\"width: 100.31%; height: 347px;\" border=\"1\">\n<tbody>\n<tr>\n<td style=\"width: 30.4957%;\"><strong>POLO\u017dKA<\/strong><\/td>\n<td style=\"width: 68.8578%;\">FMP-LF205<\/td>\n<\/tr>\n<tr>\n<td style=\"width: 30.4957%;\"><strong>Pomer<\/strong><\/td>\n<td style=\"width: 68.8578%;\">1:1.93\/1:1.46<\/td>\n<\/tr>\n<tr>\n<td style=\"width: 30.4957%;\"><strong>Zuby<\/strong><\/td>\n<td style=\"width: 68.8578%;\">23\/12 22\/15<\/td>\n<\/tr>\n<tr>\n<td style=\"width: 30.4957%;\"><strong>Modul<\/strong><\/td>\n<td style=\"width: 68.8578%;\">5.0 \/ 5.0<\/td>\n<\/tr>\n<tr>\n<td style=\"width: 30.4957%;\"><strong>V\u00fdkon (HP)<\/strong><\/td>\n<td style=\"width: 68.8578%;\">30<\/td>\n<\/tr>\n<tr>\n<td style=\"width: 30.4957%;\"><strong>Menovit\u00fd vstup<\/strong><\/td>\n<td style=\"width: 68.8578%;\">540 ot.\/min.<\/td>\n<\/tr>\n<tr>\n<td style=\"width: 30.4957%;\"><strong>Popis vstupu\/v\u00fdstupu<\/strong><\/td>\n<td style=\"width: 68.8578%;\">Optick\u00e1 os 1-3\/8 Z6<\/p>\n<p>Ku\u017ee\u013eov\u00e1 dr\u00e1\u017eka<\/td>\n<\/tr>\n<tr>\n<td style=\"width: 30.4957%;\"><strong>Hmotnos\u0165 (NW)<\/strong><\/td>\n<td style=\"width: 68.8578%;\">19 kg<\/td>\n<\/tr>\n<\/tbody>\n<\/table>\n<h2>Pasuje na nasleduj\u00face zna\u010dky a modely<\/h2>\n<p>V\u00fdmena DOKON\u010cOVACIEHO KOSA\u010cA Comer: LF-205-J<\/p>\n<div class=\"rNotes\"><strong>Kr\u00ed\u017eov\u00e9 odkazy:<\/strong><\/div>\n<p><strong>Nahr\u00e1dza:<\/strong>\u00a0COMER<strong><br \/>\n<\/strong>U9.135.808.10, U9.205.808.00, U913580810, 9.135.029.00, 913502900<\/p>\n<h3>Vlastnosti prevodovky po\u013enohospod\u00e1rskej kosa\u010dky na tr\u00e1vu<\/h3>\n<p>Prevodovky po\u013enohospod\u00e1rskych kosa\u010diek na tr\u00e1vu s\u00fa z\u00e1kladn\u00fdmi komponentmi, ktor\u00e9 umo\u017e\u0148uj\u00fa rota\u010dn\u00fdm kosa\u010dk\u00e1m efekt\u00edvne kosi\u0165 tr\u00e1vu, burinu a in\u00fa veget\u00e1ciu. Tieto prevodovky s\u00fa navrhnut\u00e9 tak, aby zvl\u00e1dli n\u00e1ro\u010dn\u00e9 po\u017eiadavky po\u013enohospod\u00e1rskych aplik\u00e1ci\u00ed a zabezpe\u010dili plynul\u00fd a efekt\u00edvny chod. Ni\u017e\u0161ie s\u00fa uveden\u00e9 k\u013e\u00fa\u010dov\u00e9 vlastnosti prevodoviek po\u013enohospod\u00e1rskych kosa\u010diek na tr\u00e1vu:<\/p>\n<h4>Efekt\u00edvny prenos v\u00fdkonu<\/h4>\n<p>Prevodovka v kosa\u010dke na tr\u00e1vu hr\u00e1 k\u013e\u00fa\u010dov\u00fa \u00falohu pri prenose v\u00fdkonu z motora traktora na no\u017ee kosa\u010dky. Zais\u0165uje, \u017ee sa no\u017ee ot\u00e1\u010daj\u00fa optim\u00e1lnou r\u00fdchlos\u0165ou a kr\u00fatiacim momentom, \u010do umo\u017e\u0148uje efekt\u00edvne kosenie aj v hustej alebo vysokej tr\u00e1ve. Spr\u00e1vny prenos v\u00fdkonu pom\u00e1ha udr\u017eiava\u0165 konzistentn\u00fd v\u00fdkon kosenia, zni\u017euje za\u0165a\u017eenie motora a zlep\u0161uje celkov\u00fa \u00fa\u010dinnos\u0165.<\/p>\n<h4>Odoln\u00e1 kon\u0161trukcia<\/h4>\n<p>Prevodovky po\u013enohospod\u00e1rskych kosa\u010diek na tr\u00e1vu s\u00fa skon\u0161truovan\u00e9 tak, aby odolali n\u00e1ro\u010dn\u00e9mu pou\u017e\u00edvaniu v n\u00e1ro\u010dn\u00fdch prostrediach. Tieto prevodovky s\u00fa vyroben\u00e9 z vysoko kvalitn\u00fdch materi\u00e1lov, ako je liatina alebo hlin\u00edkov\u00e9 zliatiny, a s\u00fa odoln\u00e9 vo\u010di opotrebovaniu, kor\u00f3zii a n\u00e1razom. Robustn\u00e1 kon\u0161trukcia zais\u0165uje, \u017ee prevodovka zvl\u00e1dne nam\u00e1hanie a z\u00e1\u0165a\u017e nepretr\u017eitej prev\u00e1dzky po\u010das dlh\u0161\u00edch obdob\u00ed, \u010do vedie k zv\u00fd\u0161enej spo\u013eahlivosti a dlhej \u017eivotnosti.<\/p>\n<h4>Plynul\u00e1 prev\u00e1dzka a zn\u00ed\u017een\u00e9 vibr\u00e1cie<\/h4>\n<p>Dobre navrhnut\u00e1 prevodovka kosa\u010dky zais\u0165uje plynul\u00fd chod minimaliz\u00e1ciou vibr\u00e1ci\u00ed a mechanick\u00e9ho nam\u00e1hania. To sa dosahuje presn\u00fdm in\u017einierstvom a pou\u017eit\u00edm vysokokvalitn\u00fdch lo\u017e\u00edsk, ozuben\u00fdch kolies a mazania. Plynul\u00fd chod nielen predl\u017euje \u017eivotnos\u0165 prevodovky, ale tie\u017e zni\u017euje opotrebovanie ostatn\u00fdch komponentov kosa\u010dky, ako s\u00fa no\u017ee a motor.<\/p>\n<h4>V\u0161estrannos\u0165 pri kosen\u00ed<\/h4>\n<p>Prevodovky kosa\u010diek na tr\u00e1vu s\u00fa v\u0161estrann\u00e9 a daj\u00fa sa navrhn\u00fa\u0165 tak, aby sp\u013a\u0148ali r\u00f4zne po\u017eiadavky na kosenie. Niektor\u00e9 prevodovky pon\u00fakaj\u00fa nastavite\u013en\u00e9 r\u00fdchlosti, \u010do umo\u017e\u0148uje r\u00f4zne re\u017eimy kosenia v z\u00e1vislosti od typu veget\u00e1cie alebo ter\u00e9nu. Viacr\u00fdchlostn\u00e9 prevodovky sa \u010dasto uprednost\u0148uj\u00fa na zvl\u00e1dnutie r\u00f4znych \u00faloh, od kosenia tr\u00e1vy a\u017e po rie\u0161enie tvrd\u0161ej veget\u00e1cie, ako je burina a mal\u00e9 kr\u00edky.<\/p>\n<h4>Prisp\u00f4sobenie pre \u0161pecifick\u00e9 potreby<\/h4>\n<p>Mnoho v\u00fdrobcov vr\u00e1tane FMP pon\u00faka prevodovky kosa\u010diek na tr\u00e1vu vyroben\u00e9 na mieru, ktor\u00e9 s\u00fa prisp\u00f4soben\u00e9 \u0161pecifick\u00fdm po\u017eiadavk\u00e1m z\u00e1kazn\u00edkov. \u010ci u\u017e ide o nastavenie v\u00fd\u0161ky kosenia, zabezpe\u010denie v\u00e4\u010d\u0161ieho kr\u00fatiaceho momentu pre n\u00e1ro\u010dnej\u0161ie \u00falohy alebo integr\u00e1ciu prevodovky do v\u00e4\u010d\u0161ieho syst\u00e9mu kosa\u010dky, rie\u0161enia na mieru zabezpe\u010duj\u00fa, \u017ee prevodovka bude efekt\u00edvne spolupracova\u0165 s cel\u00fdm nastaven\u00edm kosa\u010dky.<\/p>\n<p>Prevodovky po\u013enohospod\u00e1rskych kosa\u010diek na tr\u00e1vu s\u00fa navrhnut\u00e9 tak, aby pon\u00fakali spo\u013eahliv\u00fd, efekt\u00edvny a dlhotrvaj\u00faci v\u00fdkon v n\u00e1ro\u010dn\u00fdch podmienkach. V\u010faka svojej odolnosti, v\u0161estrannosti a n\u00edzkym n\u00e1rokom na \u00fadr\u017ebu s\u00fa nevyhnutn\u00e9 pre po\u013enohospod\u00e1rov, z\u00e1hradn\u00edkov a profesion\u00e1lov v oblasti \u00fadr\u017eby pozemkov, ktor\u00ed potrebuj\u00fa spo\u013eahliv\u00e9 vybavenie na \u00fadr\u017ebu ve\u013ek\u00fdch pl\u00f4ch tr\u00e1vy a veget\u00e1cie.<\/p>\n<p><img loading=\"lazy\" decoding=\"async\" class=\"alignnone wp-image-1961\" src=\"https:\/\/fmp-components.com\/wp-content\/uploads\/2024\/12\/Lawn-Mower-Gearbox-1.webp\" alt=\"Prevodovka kosa\u010dky na tr\u00e1vu\" width=\"943\" height=\"630\" title=\"\" srcset=\"https:\/\/fmp-components.com\/wp-content\/uploads\/2024\/12\/Lawn-Mower-Gearbox-1.webp 943w, https:\/\/fmp-components.com\/wp-content\/uploads\/2024\/12\/Lawn-Mower-Gearbox-1-480x321.webp 480w\" sizes=\"(min-width: 0px) and (max-width: 480px) 480px, (min-width: 481px) 943px, 100vw\" \/><\/p>\n<h3>O FMP<\/h3>\n<p>FMP je popredn\u00fd v\u00fdrobca prevodoviek so s\u00eddlom v Taliansku, ktor\u00fd sa \u0161pecializuje na n\u00e1vrh a v\u00fdrobu prevodoviek pre po\u013enohospod\u00e1rske stroje. S d\u00f4razom na kvalitu a presnos\u0165 pon\u00fakame \u0161irok\u00fd sortiment prevodoviek vr\u00e1tane prevodoviek kosa\u010diek na tr\u00e1vu a doplnkov\u00fdch produktov, ako s\u00fa v\u00fdvodov\u00e9 hriadele. Na\u0161\u00edm cie\u013eom je poskytova\u0165 rie\u0161enia na mieru pre po\u013enohospod\u00e1rsky a priemyseln\u00fd trh, pri\u010dom rie\u0161ime jedine\u010dn\u00e9 potreby na\u0161ich z\u00e1kazn\u00edkov individu\u00e1lnymi produktmi aj kompletn\u00fdmi syst\u00e9mami.<\/p>\n<p>V spolo\u010dnosti FMP ch\u00e1peme, \u017ee ka\u017ed\u00fd z\u00e1kazn\u00edk m\u00e1 \u0161pecifick\u00e9 po\u017eiadavky a sme hrd\u00ed na na\u0161u schopnos\u0165 prisp\u00f4sobi\u0165 rie\u0161enia tak, aby tieto potreby sp\u013a\u0148ali. \u010ci u\u017e h\u013ead\u00e1te konkr\u00e9tnu prevodovku alebo plne integrovan\u00e9 rie\u0161enie, \u00fazko s vami spolupracujeme na v\u00fdvoji najefekt\u00edvnej\u0161\u00edch produktov. N\u00e1\u0161 z\u00e1v\u00e4zok k spokojnosti z\u00e1kazn\u00edkov je zrejm\u00fd z na\u0161ich r\u00fdchlych a profesion\u00e1lnych odpoved\u00ed na ot\u00e1zky, \u010d\u00edm zabezpe\u010dujeme, aby ka\u017ed\u00fd klient dostal najlep\u0161ie rady a podporu.<\/p>\n<p>Ver\u00edme v otvoren\u00fa a nepretr\u017eit\u00fa komunik\u00e1ciu s na\u0161imi klientmi, najm\u00e4 pokia\u013e ide o v\u00fdvoj nov\u00fdch produktov. N\u00e1\u0161 t\u00edm odborn\u00edkov spolupracuje so z\u00e1kazn\u00edkmi, aby pochopil ich v\u00fdzvy a poskytuje cenn\u00e9 inform\u00e1cie na vytvorenie najefekt\u00edvnej\u0161\u00edch rie\u0161en\u00ed. \u010ci u\u017e ide o nov\u00fd projekt alebo existuj\u00facu objedn\u00e1vku, sme odhodlan\u00ed dod\u00e1va\u0165 produkty najvy\u0161\u0161ej kvality r\u00fdchlo a efekt\u00edvne.<\/p>\n<p>Kvalita je jadrom v\u0161etk\u00e9ho, \u010do rob\u00edme. Na\u0161a v\u00fdrobn\u00e1 strat\u00e9gia je postaven\u00e1 na princ\u00edpe \u201evysok\u00e9 \u0161tandardy, vysok\u00e1 presnos\u0165 a nulov\u00e9 chyby\u201c. Dodr\u017eiavame pr\u00edsne postupy kontroly kvality, aby sme zabezpe\u010dili, \u017ee ka\u017ed\u00fd produkt, ktor\u00fd dod\u00e1vame, sp\u013a\u0148a najvy\u0161\u0161ie \u0161tandardy v odvetv\u00ed. Toto zameranie na kvalitu spolu s na\u0161\u00edm z\u00e1v\u00e4zkom k t\u00edmovej pr\u00e1ci, integrite a vytrvalosti n\u00e1m pomohlo vybudova\u0165 si trval\u00e9 partnerstv\u00e1 so z\u00e1kazn\u00edkmi v takmer 30 krajin\u00e1ch.<\/p>\n<p>Poz\u00fdvame z\u00e1kazn\u00edkov z cel\u00e9ho sveta k spolupr\u00e1ci a sme v\u017edy pripraven\u00ed poskytn\u00fa\u0165 odborn\u00e9 poradenstvo a rie\u0161enia na mieru. V spolo\u010dnosti FMP sa zav\u00e4zujeme rie\u0161i\u0165 va\u0161e technick\u00e9 v\u00fdzvy a podporova\u0165 v\u00e1\u0161 \u00faspech. Na\u0161e slu\u017eby nie s\u00fa len o poskytovan\u00ed produktov; s\u00fa o budovan\u00ed vz\u0165ahov, ktor\u00e9 ved\u00fa k spolo\u010dn\u00e9mu \u00faspechu.<\/p>\n<p><img loading=\"lazy\" decoding=\"async\" class=\"alignnone size-full wp-image-1861\" src=\"https:\/\/fmp-components.com\/wp-content\/uploads\/2024\/12\/Other-Agricultural-Gearboxes.webp\" sizes=\"(min-width: 0px) and (max-width: 480px) 480px, (min-width: 481px) and (max-width: 980px) 980px, (min-width: 981px) 1200px, 100vw\" srcset=\"https:\/\/fmp-components.com\/wp-content\/uploads\/2024\/12\/Other-Agricultural-Gearboxes.webp 1200w, https:\/\/fmp-components.com\/wp-content\/uploads\/2024\/12\/Other-Agricultural-Gearboxes-980x1143.webp 980w, https:\/\/fmp-components.com\/wp-content\/uploads\/2024\/12\/Other-Agricultural-Gearboxes-480x560.webp 480w\" alt=\"Altri-cambi-agricoli\" width=\"1200\" height=\"1400\" title=\"\"><\/p>\n<p>Autor: CX<\/p>","protected":false},"excerpt":{"rendered":"<p>Agricultural Lawnmower Gearbox Specifications: ITEM FMP-LF205 Ratio 1:1.93\/1:1.46 Teeth 23\/12 22\/15 Module 5.0 \/ 5.0 Power(HP) 30 Rated Input 540rpm Input\/Output Description 1-3\/8 Z6 Optic Axis Taper Spline Weight(N.W) 19KG Fits the Following Makes and Models Replacement of Comer FINISHING MOWER: LF-205-J Cross References: Replaces:\u00a0COMER U9.135.808.10, U9.205.808.00 , U913580810 , 9.135.029.00 , 913502900 Features of [&hellip;]<\/p>","protected":false},"featured_media":1960,"comment_status":"open","ping_status":"closed","template":"","meta":{"_et_pb_use_builder":"","_et_pb_old_content":"","_et_gb_content_width":""},"product_brand":[],"product_cat":[52],"product_tag":[],"class_list":{"0":"post-1956","1":"product","2":"type-product","3":"status-publish","4":"has-post-thumbnail","6":"product_cat-lawn-mower-gearbox","8":"first","9":"instock","10":"shipping-taxable","11":"product-type-simple"},"_links":{"self":[{"href":"https:\/\/fmp-components.com\/sk\/wp-json\/wp\/v2\/product\/1956","targetHints":{"allow":["GET"]}}],"collection":[{"href":"https:\/\/fmp-components.com\/sk\/wp-json\/wp\/v2\/product"}],"about":[{"href":"https:\/\/fmp-components.com\/sk\/wp-json\/wp\/v2\/types\/product"}],"replies":[{"embeddable":true,"href":"https:\/\/fmp-components.com\/sk\/wp-json\/wp\/v2\/comments?post=1956"}],"wp:featuredmedia":[{"embeddable":true,"href":"https:\/\/fmp-components.com\/sk\/wp-json\/wp\/v2\/media\/1960"}],"wp:attachment":[{"href":"https:\/\/fmp-components.com\/sk\/wp-json\/wp\/v2\/media?parent=1956"}],"wp:term":[{"taxonomy":"product_brand","embeddable":true,"href":"https:\/\/fmp-components.com\/sk\/wp-json\/wp\/v2\/product_brand?post=1956"},{"taxonomy":"product_cat","embeddable":true,"href":"https:\/\/fmp-components.com\/sk\/wp-json\/wp\/v2\/product_cat?post=1956"},{"taxonomy":"product_tag","embeddable":true,"href":"https:\/\/fmp-components.com\/sk\/wp-json\/wp\/v2\/product_tag?post=1956"}],"curies":[{"name":"pracovn\u00fd list","href":"https:\/\/api.w.org\/{rel}","templated":true}]}}