{"id":1948,"date":"2024-12-26T02:24:20","date_gmt":"2024-12-26T02:24:20","guid":{"rendered":"https:\/\/fmp-components.com\/?page_id=8"},"modified":"2024-12-26T02:37:43","modified_gmt":"2024-12-26T02:37:43","slug":"rotary-mowers-gearboxes-replacement-of-comer-code-t-25j","status":"publish","type":"product","link":"https:\/\/fmp-components.com\/sk\/product\/rotary-mowers-gearboxes-replacement-of-comer-code-t-25j\/","title":{"rendered":"Prevodovky rota\u010dn\u00fdch kosa\u010diek \u2013 v\u00fdmena Comer Code T-25J"},"content":{"rendered":"<p><img loading=\"lazy\" decoding=\"async\" class=\"size-full wp-image-1949 aligncenter\" src=\"https:\/\/fmp-components.com\/wp-content\/uploads\/2024\/12\/Rotary-Mower-Gearbox24.webp\" alt=\"Prevodovka rota\u010dnej kosa\u010dky\" width=\"500\" height=\"500\" title=\"\" srcset=\"https:\/\/fmp-components.com\/wp-content\/uploads\/2024\/12\/Rotary-Mower-Gearbox24.webp 500w, https:\/\/fmp-components.com\/wp-content\/uploads\/2024\/12\/Rotary-Mower-Gearbox24-480x480.webp 480w\" sizes=\"(min-width: 0px) and (max-width: 480px) 480px, (min-width: 481px) 500px, 100vw\" \/><\/p>\n<h2>Prevodovky rota\u010dn\u00fdch kosa\u010diek \u2013 v\u00fdmena, \u0161pecifik\u00e1cie Comer Code T-25J<\/h2>\n<table style=\"width: 100%;\" border=\"1\" width=\"100%\" cellspacing=\"0\" cellpadding=\"0\">\n<tbody>\n<tr>\n<th>Popis<\/th>\n<td>Prevodovky rota\u010dn\u00fdch kosa\u010diek \u2013 V\u00fdmena prevodovky Comer T-25J so zv\u00fd\u0161en\u00edm ot\u00e1\u010dok<\/td>\n<\/tr>\n<tr>\n<th>Aplik\u00e1cia<\/th>\n<td>R\u00f4zne (po\u013enohospod\u00e1rske) aplik\u00e1cie, Kosa\u010dky, Rozmetadl\u00e1 chemick\u00fdch hnoj\u00edv, P\u00e1sov\u00e9 p\u00edly<\/td>\n<\/tr>\n<tr>\n<th>Pozost\u00e1va z<\/th>\n<td>Prevodovka<\/td>\n<\/tr>\n<tr>\n<th>Bez oleja<\/th>\n<td>Technick\u00e9 inform\u00e1cie<\/td>\n<\/tr>\n<tr>\n<th>Maxim\u00e1lny v\u00fdstupn\u00fd kr\u00fatiaci moment<\/th>\n<td>22,7 daNm<\/td>\n<\/tr>\n<tr>\n<th>Obsahuje olej<\/th>\n<td>Nie<\/td>\n<\/tr>\n<tr>\n<th>Maxim\u00e1lny objem oleja<\/th>\n<td>0,35 l<\/td>\n<\/tr>\n<tr>\n<th>Maxim\u00e1lny interval v\u00fdmeny oleja<\/th>\n<td>500 hod\u00edn<\/td>\n<\/tr>\n<tr>\n<th>Stupe\u0148 viskozity oleja SAE<\/th>\n<td>80W-90<\/td>\n<\/tr>\n<tr>\n<th>Materi\u00e1l puzdra<\/th>\n<td>Hlin\u00edk<\/td>\n<\/tr>\n<tr>\n<th>Hmotnos\u0165<\/th>\n<td>4,1 kg<\/td>\n<\/tr>\n<tr>\n<th>Zn\u00ed\u017eenie usporiadania prevodov<\/th>\n<td>3 &#8211; 4<\/td>\n<\/tr>\n<tr>\n<th>Vstupn\u00fd v\u00fdkon kW \/ HP Zvy\u0161uj\u00faci sa<\/th>\n<td>11 \/ 15 kW\/k<\/td>\n<\/tr>\n<tr>\n<th>Vstupn\u00fd hriade\u013e Zvy\u0161ovanie<\/th>\n<td>X<\/td>\n<\/tr>\n<tr>\n<th>Redukcia vstupn\u00e9ho hriade\u013ea<\/th>\n<td>Z<\/td>\n<\/tr>\n<tr>\n<th>Zn\u00ed\u017eenie vstupn\u00e9ho v\u00fdkonu kW \/ HP<\/th>\n<td>7 \/ 9,5 kW\/k<\/td>\n<\/tr>\n<tr>\n<th>Zvy\u0161uj\u00faci sa v\u00fdstupn\u00fd kr\u00fatiaci moment v DaNm<\/th>\n<td>9,9 daNm<\/td>\n<\/tr>\n<tr>\n<th>Zvy\u0161uj\u00faci sa pomer<\/th>\n<td>1 : 1.9<\/td>\n<\/tr>\n<tr>\n<th>Zn\u00ed\u017eenie pomeru<\/th>\n<td>1.9 : 1<\/td>\n<\/tr>\n<tr>\n<th>Hriade\u013e X<\/th>\n<td>1 3\/8\u2033 (6) (A)<\/td>\n<\/tr>\n<tr>\n<th>Hriade\u013e Z<\/th>\n<td>22 (O)<\/td>\n<\/tr>\n<\/tbody>\n<\/table>\n<h2>V\u00fdhody prevodoviek rota\u010dn\u00fdch kosa\u010diek<\/h2>\n<p>Prevodovky rota\u010dn\u00fdch kosa\u010diek s\u00fa nevyhnutn\u00fdmi komponentmi, ktor\u00e9 v\u00fdrazne zvy\u0161uj\u00fa v\u00fdkon a spo\u013eahlivos\u0165 \u017eac\u00edch zariaden\u00ed pou\u017e\u00edvan\u00fdch v ter\u00e9nnych \u00faprav\u00e1ch, po\u013enohospod\u00e1rstve a \u00fadr\u017ebe pozemkov. V\u010faka efekt\u00edvnemu prenosu v\u00fdkonu, zlep\u0161eniu odolnosti a zn\u00ed\u017eeniu \u00fadr\u017eby pon\u00fakaj\u00fa tieto prevodovky nieko\u013eko k\u013e\u00fa\u010dov\u00fdch v\u00fdhod, v\u010faka ktor\u00fdm s\u00fa nevyhnutn\u00e9 pre r\u00f4zne aplik\u00e1cie kosenia.<\/p>\n<p><strong>Efekt\u00edvny prenos v\u00fdkonu<\/strong><\/p>\n<p>Prevodovka rota\u010dnej kosa\u010dky zohr\u00e1va k\u013e\u00fa\u010dov\u00fa \u00falohu pri prevode v\u00fdkonu z motora traktora na no\u017ee kosa\u010dky. To zais\u0165uje, \u017ee sa no\u017ee ot\u00e1\u010daj\u00fa optim\u00e1lnou r\u00fdchlos\u0165ou a kr\u00fatiacim momentom, \u010do zabezpe\u010duje konzistentn\u00e9 a efekt\u00edvne kosenie tr\u00e1vy aj v n\u00e1ro\u010dn\u00fdch podmienkach. \u010ci u\u017e sa pou\u017e\u00edva vo ve\u013ek\u00fdch po\u013enohospod\u00e1rskych prev\u00e1dzkach alebo pri \u00faprave krajiny, efekt\u00edvny prenos v\u00fdkonu je k\u013e\u00fa\u010dov\u00fd pre udr\u017eanie v\u00fdkonu a produktivity.<\/p>\n<p><strong>Trvanlivos\u0165 a dlh\u00e1 \u017eivotnos\u0165<\/strong><\/p>\n<p>Prevodovky rota\u010dn\u00fdch kosa\u010diek s\u00fa skon\u0161truovan\u00e9 tak, aby odolali n\u00e1ro\u010dn\u00e9mu pou\u017e\u00edvaniu a drsn\u00e9mu prostrediu, a zvy\u010dajne sa vyr\u00e1baj\u00fa z vysoko kvalitn\u00fdch materi\u00e1lov, ako je liatina alebo hlin\u00edkov\u00e9 zliatiny. Ich robustn\u00e1 kon\u0161trukcia ich rob\u00ed odoln\u00fdmi vo\u010di opotrebovaniu, kor\u00f3zii a nam\u00e1haniu, \u010do zais\u0165uje dlhodob\u00fa prev\u00e1dzku s minim\u00e1lnymi poruchami. Trvanlivos\u0165 t\u00fdchto prevodoviek minimalizuje potrebu \u010dast\u00fdch opr\u00e1v alebo v\u00fdmen, \u010do prispieva k ni\u017e\u0161\u00edm dlhodob\u00fdm n\u00e1kladom a zv\u00fd\u0161enej prev\u00e1dzkovej efekt\u00edvnosti.<\/p>\n<p><strong>Zn\u00ed\u017een\u00e9 n\u00e1klady na \u00fadr\u017ebu a prev\u00e1dzku<\/strong><\/p>\n<p>Prevodovky rota\u010dn\u00fdch kosa\u010diek s\u00fa navrhnut\u00e9 pre efektivitu a zn\u00ed\u017eenie frekvencie potrebnej \u00fadr\u017eby. Ich robustn\u00e1 kon\u0161trukcia spolu so spr\u00e1vnym mazan\u00edm vn\u00fatorn\u00fdch komponentov, ako s\u00fa ozuben\u00e9 koles\u00e1 a lo\u017eisk\u00e1, pom\u00e1ha zni\u017eova\u0165 trenie, opotrebovanie a prehrievanie. To vedie k men\u0161iemu po\u010dtu mechanick\u00fdch por\u00fach, ni\u017e\u0161\u00edm n\u00e1kladom na opravy a dlh\u0161\u00edm prestojom pri kosen\u00ed. V\u010faka tomu m\u00f4\u017eu firmy u\u0161etri\u0165 na n\u00e1kladoch na \u00fadr\u017ebu a pred\u013a\u017ei\u0165 celkov\u00fa \u017eivotnos\u0165 svojich zariaden\u00ed.<\/p>\n<p><strong>Zlep\u0161en\u00fd rezn\u00fd v\u00fdkon<\/strong><\/p>\n<p>Prevodovka zais\u0165uje, \u017ee no\u017ee kosa\u010dky dosahuj\u00fa spr\u00e1vnu r\u00fdchlos\u0165 a kr\u00fatiaci moment, \u010do umo\u017e\u0148uje \u010dist\u00fd a konzistentn\u00fd kosenie. Bez oh\u013eadu na typ tr\u00e1vy alebo ter\u00e9nu, dobre navrhnut\u00e1 prevodovka zvy\u0161uje \u00fa\u010dinnos\u0165 kosenia. To umo\u017e\u0148uje rota\u010dn\u00fdm kosa\u010dk\u00e1m efekt\u00edvnej\u0161ie zvl\u00e1da\u0165 hustej\u0161iu veget\u00e1ciu a nerovn\u00fd ter\u00e9n, v\u010faka \u010domu s\u00fa ide\u00e1lne na r\u00f4zne \u00falohy kosenia, od v\u0161eobecnej starostlivosti o tr\u00e1vnik a\u017e po zvl\u00e1dnutie drsnej\u0161\u00edch, zarasten\u00fdch pl\u00f4ch.<\/p>\n<p><strong>V\u0161estrannos\u0165 a prisp\u00f4sobite\u013enos\u0165<\/strong><\/p>\n<p>Prevodovky rota\u010dn\u00fdch kosa\u010diek sa dod\u00e1vaj\u00fa v r\u00f4znych konfigur\u00e1ci\u00e1ch, vr\u00e1tane jednor\u00fdchlostn\u00fdch a viacr\u00fdchlostn\u00fdch modelov, \u010do poskytuje flexibilitu pre \u0161irok\u00fa \u0161k\u00e1lu aplik\u00e1ci\u00ed. Mnoho v\u00fdrobcov vr\u00e1tane FMP pon\u00faka prisp\u00f4sobite\u013en\u00e9 rie\u0161enia, ktor\u00e9 sp\u013a\u0148aj\u00fa \u0161pecifick\u00e9 prev\u00e1dzkov\u00e9 potreby, ako je nastavenie v\u00fd\u0161ky kosenia alebo pridanie dodato\u010dn\u00e9ho kr\u00fatiaceho momentu pre n\u00e1ro\u010dnej\u0161ie podmienky kosenia. T\u00e1to v\u0161estrannos\u0165 umo\u017e\u0148uje prevodovk\u00e1m rota\u010dn\u00fdch kosa\u010diek sl\u00fa\u017ei\u0165 v r\u00f4znych odvetviach od po\u013enohospod\u00e1rstva a\u017e po mestsk\u00e9 \u00fapravy krajiny, \u010d\u00edm sa zabezpe\u010d\u00ed, \u017ee ka\u017ed\u00e1 aplik\u00e1cia bude splnen\u00e1 so spr\u00e1vnym v\u00fdkonom.<\/p>\n<p><strong>Bezpe\u010dnostn\u00e9 prvky<\/strong><\/p>\n<p>Bezpe\u010dnos\u0165 je pri \u017eac\u00edch strojoch kritick\u00fdm faktorom a mnoh\u00e9 prevodovky rota\u010dn\u00fdch kosa\u010diek s\u00fa vybaven\u00e9 pokro\u010dil\u00fdmi bezpe\u010dnostn\u00fdmi prvkami. Patria sem dobehov\u00e9 spojky a odpojovacie mechanizmy, ktor\u00e9 chr\u00e1nia prevodovku a no\u017ee pred po\u0161koden\u00edm pri vypnutom motore. Tieto funkcie tie\u017e zvy\u0161uj\u00fa bezpe\u010dnos\u0165 obsluhy t\u00fdm, \u017ee zni\u017euj\u00fa riziko mechanick\u00e9ho zlyhania a neh\u00f4d po\u010das prev\u00e1dzky.<\/p>\n<p><strong>Kompaktn\u00fd a \u013eahko in\u0161talovate\u013en\u00fd<\/strong><\/p>\n<p>Kompaktn\u00e1 kon\u0161trukcia prevodoviek rota\u010dn\u00fdch kosa\u010diek zais\u0165uje ich jednoduch\u00fa in\u0161tal\u00e1ciu na r\u00f4zne typy kosa\u010diek a strojov. Ich jednoduch\u00e1 integr\u00e1cia do r\u00f4znych syst\u00e9mov z nich rob\u00ed vynikaj\u00facu vo\u013ebu pre v\u00fdrobcov OEM aj koncov\u00fdch pou\u017e\u00edvate\u013eov. Efekt\u00edvna kon\u0161trukcia maximalizuje prenos v\u00fdkonu a z\u00e1rove\u0148 minimalizuje priestorov\u00e9 n\u00e1roky, \u010d\u00edm sa zabezpe\u010duje, \u017ee tieto prevodovky s\u00fa v\u0161estrann\u00e9 a pohodln\u00e9 pre r\u00f4zne typy zariaden\u00ed.<\/p>\n<p>Stru\u010dne povedan\u00e9, prevodovky rota\u010dn\u00fdch kosa\u010diek zohr\u00e1vaj\u00fa k\u013e\u00fa\u010dov\u00fa \u00falohu pri zvy\u0161ovan\u00ed \u00fa\u010dinnosti, odolnosti a n\u00e1kladovej efekt\u00edvnosti \u017eac\u00edch zariaden\u00ed. Ich schopnos\u0165 efekt\u00edvne pren\u00e1\u0161a\u0165 v\u00fdkon, zni\u017eova\u0165 n\u00e1roky na \u00fadr\u017ebu a zlep\u0161ova\u0165 v\u00fdkon kosenia z nich rob\u00ed nevyhnutn\u00fa s\u00fa\u010das\u0165 modern\u00fdch rota\u010dn\u00fdch kosa\u010diek pou\u017e\u00edvan\u00fdch v po\u013enohospod\u00e1rstve, priemysle a krajin\u00e1rstve. \u010ci u\u017e udr\u017eiavate rozsiahle polia alebo mestsk\u00fa krajinu, spr\u00e1vna prevodovka zabezpe\u010d\u00ed optim\u00e1lny v\u00fdkon va\u0161ej kosa\u010dky, \u010d\u00edm sa skracuj\u00fa prestoje a zvy\u0161uje produktivita.<\/p>\n<p><img loading=\"lazy\" decoding=\"async\" class=\"alignnone size-full wp-image-1951\" src=\"https:\/\/fmp-components.com\/wp-content\/uploads\/2024\/12\/Rotary-Mower-Gearbox-211.webp\" alt=\"Prevodovka rota\u010dnej kosa\u010dky\" width=\"800\" height=\"600\" title=\"\" srcset=\"https:\/\/fmp-components.com\/wp-content\/uploads\/2024\/12\/Rotary-Mower-Gearbox-211.webp 800w, https:\/\/fmp-components.com\/wp-content\/uploads\/2024\/12\/Rotary-Mower-Gearbox-211-480x360.webp 480w\" sizes=\"(min-width: 0px) and (max-width: 480px) 480px, (min-width: 481px) 800px, 100vw\" \/><\/p>\n<h3>O FMP<\/h3>\n<p>Spolo\u010dnos\u0165 FMP so s\u00eddlom v Taliansku je popredn\u00fdm l\u00eddrom vo v\u00fdskume, v\u00fdvoji a v\u00fdrobe prevodoviek, reduktorov a stroj\u00e1rskych strojov. V\u010faka siln\u00e9mu zameraniu na kvalitu, inov\u00e1cie a neust\u00e1le zlep\u0161ovanie si FMP z\u00edskala reput\u00e1ciu excelentnosti v stroj\u00e1rskom priemysle. Z\u00e1v\u00e4zok spolo\u010dnosti k rozvoju talentov a technologick\u00e9mu pokroku viedol k jej uznaniu na miestnej aj medzin\u00e1rodnej \u00farovni, v\u010faka \u010domu sa stala d\u00f4veryhodn\u00fdm partnerom v r\u00f4znych odvetviach.<\/p>\n<p>Produktov\u00e9 portf\u00f3lio spolo\u010dnosti FMP zah\u0155\u0148a \u0161irok\u00fa \u0161k\u00e1lu vysokov\u00fdkonn\u00fdch prevodoviek, ako s\u00fa \u0161pir\u00e1lov\u00e9 ku\u017ee\u013eov\u00e9 prevodovky, \u010deln\u00e9 prevodovky, z\u00e1vitovkov\u00e9 prevodovky, valcov\u00e9 prevodovky a teles\u00e1 a puzdr\u00e1 ventilov odlievan\u00e9 pod vysok\u00fdm tlakom. Ka\u017ed\u00fd produkt je starostlivo navrhnut\u00fd tak, aby sp\u013a\u0148al po\u017eiadavky priemyseln\u00fdch aj po\u013enohospod\u00e1rskych aplik\u00e1ci\u00ed, a zabezpe\u010doval tak dlhotrvaj\u00facu spo\u013eahlivos\u0165 a vynikaj\u00faci v\u00fdkon.<\/p>\n<p>Prevodovky a komponenty FMP nach\u00e1dzaj\u00fa uplatnenie v r\u00f4znych odvetviach vr\u00e1tane po\u013enohospod\u00e1rstva, \u0165a\u017eby ropy, n\u00e1morn\u00fdch syst\u00e9mov a hydraulick\u00e9ho in\u017einierstva. V po\u013enohospod\u00e1rstve FMP poskytuje pohon kritick\u00fdch zariaden\u00ed, ako s\u00fa rota\u010dn\u00e9 kosa\u010dky, zameta\u010de snehu, rozmetadl\u00e1 hnoj\u00edv a dopravn\u00edky obilia. T\u00e1to v\u0161estrannos\u0165 pod\u010diarkuje schopnos\u0165 FMP pon\u00faka\u0165 rie\u0161enia na mieru, ktor\u00e9 optimalizuj\u00fa efektivitu v r\u00f4znych sektoroch.<\/p>\n<p>V\u00fdrobn\u00fd proces spolo\u010dnosti je zalo\u017een\u00fd na najmodernej\u0161\u00edch technol\u00f3gi\u00e1ch a pr\u00edsnych \u0161tandardoch kontroly kvality. Od po\u010diato\u010dn\u00e9ho n\u00e1vrhu a\u017e po fin\u00e1lnu mont\u00e1\u017e spolo\u010dnos\u0165 FMP zabezpe\u010duje, aby bol ka\u017ed\u00fd produkt vyroben\u00fd z prvotriednych materi\u00e1lov, ako je liatina a hlin\u00edkov\u00e9 zliatiny. Pokro\u010dil\u00e9 techniky obr\u00e1bania a d\u00f4kladn\u00e9 kontroly zaru\u010duj\u00fa presnos\u0165, odolnos\u0165 a konzistentn\u00fd v\u00fdkon. Z\u00e1v\u00e4zok spolo\u010dnosti FMP k excelentnosti v ka\u017edej f\u00e1ze v\u00fdroby zabezpe\u010duje, \u017ee jej produkty na\u010falej sp\u013a\u0148aj\u00fa najvy\u0161\u0161ie priemyseln\u00e9 \u0161tandardy.<\/p>\n<p>Spolo\u010dnos\u0165 FMP sa riadi progres\u00edvnym pr\u00edstupom k podnikaniu a spokojnosti z\u00e1kazn\u00edkov. Spolo\u010dnos\u0165 akt\u00edvne vyh\u013ead\u00e1va glob\u00e1lne partnerstv\u00e1 a pon\u00faka rie\u0161enia na mieru navrhnut\u00e9 tak, aby sp\u013a\u0148ali jedine\u010dn\u00e9 potreby svojich klientov. Ak sa chc\u00fa dozvedie\u0165 viac o produktoch FMP alebo presk\u00fama\u0165 mo\u017enosti spolupr\u00e1ce, m\u00f4\u017eu z\u00e1ujemcovia kontaktova\u0165 spolo\u010dnos\u0165 priamo telefonicky alebo e-mailom, \u010d\u00edm posilnia odhodlanie FMP poskytova\u0165 v\u00fdnimo\u010dn\u00e9 slu\u017eby a vysokokvalitn\u00e9 rie\u0161enia.<\/p>\n<p><img loading=\"lazy\" decoding=\"async\" class=\"alignnone size-full wp-image-1861\" src=\"https:\/\/fmp-components.com\/wp-content\/uploads\/2024\/12\/Other-Agricultural-Gearboxes.webp\" alt=\"Ostatn\u00e9 po\u013enohospod\u00e1rske prevodovky\" width=\"1200\" height=\"1400\" title=\"\" srcset=\"https:\/\/fmp-components.com\/wp-content\/uploads\/2024\/12\/Other-Agricultural-Gearboxes.webp 1200w, https:\/\/fmp-components.com\/wp-content\/uploads\/2024\/12\/Other-Agricultural-Gearboxes-980x1143.webp 980w, https:\/\/fmp-components.com\/wp-content\/uploads\/2024\/12\/Other-Agricultural-Gearboxes-480x560.webp 480w\" sizes=\"(min-width: 0px) and (max-width: 480px) 480px, (min-width: 481px) and (max-width: 980px) 980px, (min-width: 981px) 1200px, 100vw\" \/><\/p>\n<p>Autor: CX<\/p>","protected":false},"excerpt":{"rendered":"<p>Rotary Mowers Gearboxes \u2013 Replacement of Comer Code T-25J Specifications Description Rotary Mowers Gearboxes &#8211; Replacement of Comer T-25J speed increasing Application Various (agricultural) applications, Mowers, Chemical fertiliser spreaders, Band saws Consists of Gearbox Without Oil Technical Information Max. Output Torque 22.7 daNm Contains Oil No Max. Oil Capacity 0.35 l Max. Oil Change Interval [&hellip;]<\/p>","protected":false},"featured_media":1949,"comment_status":"open","ping_status":"closed","template":"","meta":{"_et_pb_use_builder":"","_et_pb_old_content":"","_et_gb_content_width":""},"product_brand":[],"product_cat":[51],"product_tag":[],"class_list":{"0":"post-1948","1":"product","2":"type-product","3":"status-publish","4":"has-post-thumbnail","6":"product_cat-rotary-mower-gearbox","8":"first","9":"instock","10":"shipping-taxable","11":"product-type-simple"},"_links":{"self":[{"href":"https:\/\/fmp-components.com\/sk\/wp-json\/wp\/v2\/product\/1948","targetHints":{"allow":["GET"]}}],"collection":[{"href":"https:\/\/fmp-components.com\/sk\/wp-json\/wp\/v2\/product"}],"about":[{"href":"https:\/\/fmp-components.com\/sk\/wp-json\/wp\/v2\/types\/product"}],"replies":[{"embeddable":true,"href":"https:\/\/fmp-components.com\/sk\/wp-json\/wp\/v2\/comments?post=1948"}],"wp:featuredmedia":[{"embeddable":true,"href":"https:\/\/fmp-components.com\/sk\/wp-json\/wp\/v2\/media\/1949"}],"wp:attachment":[{"href":"https:\/\/fmp-components.com\/sk\/wp-json\/wp\/v2\/media?parent=1948"}],"wp:term":[{"taxonomy":"product_brand","embeddable":true,"href":"https:\/\/fmp-components.com\/sk\/wp-json\/wp\/v2\/product_brand?post=1948"},{"taxonomy":"product_cat","embeddable":true,"href":"https:\/\/fmp-components.com\/sk\/wp-json\/wp\/v2\/product_cat?post=1948"},{"taxonomy":"product_tag","embeddable":true,"href":"https:\/\/fmp-components.com\/sk\/wp-json\/wp\/v2\/product_tag?post=1948"}],"curies":[{"name":"pracovn\u00fd list","href":"https:\/\/api.w.org\/{rel}","templated":true}]}}