{"id":1943,"date":"2024-12-26T02:18:14","date_gmt":"2024-12-26T02:18:14","guid":{"rendered":"https:\/\/fmp-components.com\/?page_id=8"},"modified":"2024-12-26T02:21:11","modified_gmt":"2024-12-26T02:21:11","slug":"rotary-mower-gearbox-replacement-of-comer-code-tf-285b","status":"publish","type":"product","link":"https:\/\/fmp-components.com\/sk\/product\/rotary-mower-gearbox-replacement-of-comer-code-tf-285b\/","title":{"rendered":"Prevodovka rota\u010dnej kosa\u010dky \u2013 v\u00fdmena k\u00f3du Comer TF-285B"},"content":{"rendered":"<p><img loading=\"lazy\" decoding=\"async\" class=\"size-full wp-image-1946 aligncenter\" src=\"https:\/\/fmp-components.com\/wp-content\/uploads\/2024\/12\/rotary-mower-gearbox-tf285b.webp\" alt=\"prevodovka rota\u010dnej kosa\u010dky\" width=\"300\" height=\"300\" title=\"\" srcset=\"https:\/\/fmp-components.com\/wp-content\/uploads\/2024\/12\/rotary-mower-gearbox-tf285b.webp 300w, https:\/\/fmp-components.com\/wp-content\/uploads\/2024\/12\/rotary-mower-gearbox-tf285b-150x150.webp 150w, https:\/\/fmp-components.com\/wp-content\/uploads\/2024\/12\/rotary-mower-gearbox-tf285b-12x12.webp 12w, https:\/\/fmp-components.com\/wp-content\/uploads\/2024\/12\/rotary-mower-gearbox-tf285b-100x100.webp 100w\" sizes=\"(max-width: 300px) 100vw, 300px\" \/><\/p>\n<h2>\u0160pecifik\u00e1cie prevodovky rota\u010dnej kosa\u010dky TF-285B<\/h2>\n<p><img loading=\"lazy\" decoding=\"async\" class=\"alignnone size-full wp-image-1944\" src=\"https:\/\/fmp-components.com\/wp-content\/uploads\/2024\/12\/rotary-mower-gearbox-specifications-tf285b.webp\" alt=\"prevodovka rota\u010dnej kosa\u010dky\" width=\"851\" height=\"449\" title=\"\" srcset=\"https:\/\/fmp-components.com\/wp-content\/uploads\/2024\/12\/rotary-mower-gearbox-specifications-tf285b.webp 851w, https:\/\/fmp-components.com\/wp-content\/uploads\/2024\/12\/rotary-mower-gearbox-specifications-tf285b-480x253.webp 480w\" sizes=\"(min-width: 0px) and (max-width: 480px) 480px, (min-width: 481px) 851px, 100vw\" \/><\/p>\n<table style=\"width: 91.8919%; height: 108px;\" border=\"1\">\n<tbody>\n<tr>\n<td rowspan=\"2\"><strong>ja<\/strong><\/td>\n<td rowspan=\"2\"><strong>N<sub>1<\/sub>[ot.\/min.]<\/strong><\/td>\n<td rowspan=\"2\"><strong>P<sub>1<\/sub>[kW]<\/strong><\/td>\n<td rowspan=\"2\"><strong>M<sub>2<\/sub>[Nm]<\/strong><\/td>\n<td colspan=\"3\"><strong>Typ hriade\u013ea<\/strong><\/td>\n<td rowspan=\"2\"><strong>Vstup<\/strong><\/td>\n<\/tr>\n<tr>\n<td><strong>X<\/strong><\/td>\n<td><strong>Y<\/strong><\/td>\n<td><strong>Z<\/strong><\/td>\n<\/tr>\n<tr>\n<td>1.86<\/td>\n<td>1000<\/td>\n<td>91.9<\/td>\n<td>709<\/td>\n<td>1\u201d 3\/8 Z21<\/td>\n<td>1\u201d 3\/4 Z20<\/td>\n<td>Pripojenie rozbo\u010dova\u010da<\/td>\n<td>Y<\/td>\n<\/tr>\n<\/tbody>\n<\/table>\n<h2>V\u00fdhody prevodovky rota\u010dnej kosa\u010dky<\/h2>\n<p>Rota\u010dn\u00e9 kosa\u010dky vybaven\u00e9 vysoko kvalitnou prevodovkou pon\u00fakaj\u00fa mno\u017estvo v\u00fdhod, v\u010faka \u010domu s\u00fa nevyhnutn\u00fdm n\u00e1strojom pre \u00fapravu krajiny, po\u013enohospod\u00e1rstvo a \u00fadr\u017ebu pozemkov. Tieto v\u00fdhody vypl\u00fdvaj\u00fa zo schopnosti prevodovky efekt\u00edvne pren\u00e1\u0161a\u0165 v\u00fdkon, zni\u017eova\u0165 opotrebovanie a zlep\u0161ova\u0165 celkov\u00fd v\u00fdkon kosa\u010dky. Tu s\u00fa niektor\u00e9 k\u013e\u00fa\u010dov\u00e9 v\u00fdhody pou\u017eitia prevodovky rota\u010dnej kosa\u010dky:<\/p>\n<ol>\n<li><strong>Efekt\u00edvny prenos v\u00fdkonu<\/strong><br \/>\nRota\u010dn\u00e1 prevodovka kosa\u010dky zohr\u00e1va k\u013e\u00fa\u010dov\u00fa \u00falohu pri prenose v\u00fdkonu z motora traktora na no\u017ee kosa\u010dky. T\u00e1to \u00fa\u010dinn\u00e1 prevodovka zabezpe\u010duje, \u017ee sa no\u017ee ot\u00e1\u010daj\u00fa optim\u00e1lnou r\u00fdchlos\u0165ou a kr\u00fatiacim momentom, \u010do umo\u017e\u0148uje kosa\u010dke efekt\u00edvne kosi\u0165 tr\u00e1vu aj v n\u00e1ro\u010dn\u00fdch podmienkach. To je obzvl\u00e1\u0161\u0165 d\u00f4le\u017eit\u00e9 pri rozsiahlych prev\u00e1dzkach, kde je k\u013e\u00fa\u010dov\u00e1 konzistentnos\u0165 a efektivita.<\/li>\n<li><strong>Trvanlivos\u0165 a dlh\u00e1 \u017eivotnos\u0165<\/strong><br \/>\nPrevodovky rota\u010dn\u00fdch kosa\u010diek s\u00fa navrhnut\u00e9 tak, aby odolali n\u00e1ro\u010dn\u00e9mu pou\u017e\u00edvaniu a drsn\u00fdm podmienkam. V\u010faka robustnej kon\u0161trukcii, \u010dasto vyrobenej z vysoko kvalitn\u00fdch materi\u00e1lov, ako je liatina alebo hlin\u00edkov\u00e9 zliatiny, s\u00fa tieto prevodovky odoln\u00e9 vo\u010di opotrebovaniu, kor\u00f3zii a nam\u00e1haniu. T\u00e1to odolnos\u0165 zais\u0165uje, \u017ee prevodovka m\u00f4\u017ee fungova\u0165 hladko po dlh\u0161iu dobu, \u010d\u00edm sa zni\u017euje potreba \u010dast\u00fdch opr\u00e1v alebo v\u00fdmen.<\/li>\n<li><strong>Zn\u00ed\u017een\u00e9 n\u00e1klady na \u00fadr\u017ebu a prev\u00e1dzku<\/strong><br \/>\nV\u010faka svojej robustnej kon\u0161trukcii a \u00fa\u010dinn\u00e9mu prenosu v\u00fdkonu vy\u017eaduj\u00fa prevodovky rota\u010dn\u00fdch kosa\u010diek menej \u00fadr\u017eby ako in\u00e9 typy pohonov kosa\u010diek. Spr\u00e1vne mazanie vn\u00fatorn\u00fdch komponentov, ako s\u00fa ozuben\u00e9 koles\u00e1 a lo\u017eisk\u00e1, pom\u00e1ha minimalizova\u0165 trenie, opotrebovanie a prehrievanie, \u010do vedie k zn\u00ed\u017eeniu prev\u00e1dzkov\u00fdch n\u00e1kladov a men\u0161iemu po\u010dtu z\u00e1sahov \u00fadr\u017eby. To znamen\u00e1 dlh\u0161iu prev\u00e1dzkyschopnos\u0165 a menej preru\u0161en\u00ed kv\u00f4li oprav\u00e1m.<\/li>\n<li><strong>Zlep\u0161en\u00fd rezn\u00fd v\u00fdkon<\/strong><br \/>\nDobre navrhnut\u00e1 prevodovka zais\u0165uje, \u017ee no\u017ee kosa\u010dky dosahuj\u00fa spr\u00e1vnu r\u00fdchlos\u0165 a kr\u00fatiaci moment, \u010do vedie k \u010dist\u00e9mu a konzistentn\u00e9mu koseniu. \u010ci u\u017e ide o tr\u00e1vu, burinu alebo mal\u00e9 kr\u00edky, prevodovka zais\u0165uje, \u017ee kosa\u010dka poskytuje vynikaj\u00faci kosiaci v\u00fdkon aj v n\u00e1ro\u010dn\u00fdch podmienkach. Prevodovka pom\u00e1ha kosa\u010dke efekt\u00edvnej\u0161ie zvl\u00e1da\u0165 hust\u00fa veget\u00e1ciu a nerovn\u00fd ter\u00e9n.<\/li>\n<li><strong>V\u0161estrannos\u0165 a prisp\u00f4sobite\u013enos\u0165<\/strong><br \/>\nPrevodovky rota\u010dn\u00fdch kosa\u010diek sa dod\u00e1vaj\u00fa v r\u00f4znych konfigur\u00e1ci\u00e1ch, ako napr\u00edklad jednor\u00fdchlostn\u00e9 alebo viacr\u00fdchlostn\u00e9 modely, \u010do umo\u017e\u0148uje flexibilitu v r\u00f4znych aplik\u00e1ci\u00e1ch. Mnoho v\u00fdrobcov vr\u00e1tane FMP pon\u00faka prisp\u00f4soben\u00e9 rie\u0161enia, ktor\u00e9 sp\u013a\u0148aj\u00fa \u0161pecifick\u00e9 po\u017eiadavky na v\u00fdkon, ako je nastavenie v\u00fd\u0161ky kosenia alebo poskytnutie dodato\u010dn\u00e9ho kr\u00fatiaceho momentu pre n\u00e1ro\u010dn\u00e9 \u00falohy kosenia. T\u00e1to v\u0161estrannos\u0165 umo\u017e\u0148uje prevodovk\u00e1m sl\u00fa\u017ei\u0165 \u0161irokej \u0161k\u00e1le odvetv\u00ed, od po\u013enohospod\u00e1rstva a\u017e po mestsk\u00e9 \u00fapravy krajiny.<\/li>\n<li><strong>Bezpe\u010dnostn\u00e9 prvky<\/strong><br \/>\nMnoh\u00e9 prevodovky rota\u010dn\u00fdch kosa\u010diek s\u00fa vybaven\u00e9 bezpe\u010dnostn\u00fdmi prvkami, ako s\u00fa napr\u00edklad dobehov\u00e9 spojky alebo vyp\u00ednacie mechanizmy, ktor\u00e9 zabra\u0148uj\u00fa po\u0161kodeniu prevodovky a no\u017eov kosa\u010dky pri vypnutom motore. Tieto funkcie tie\u017e pom\u00e1haj\u00fa chr\u00e1ni\u0165 obsluhu pred nehodami a zni\u017euj\u00fa riziko mechanick\u00e9ho po\u0161kodenia.<\/li>\n<li><strong>Kompaktn\u00fd a \u013eahko in\u0161talovate\u013en\u00fd<\/strong><br \/>\nPrevodovky rota\u010dn\u00fdch kosa\u010diek s\u00fa zvy\u010dajne navrhnut\u00e9 tak, aby boli kompaktn\u00e9 a \u013eahko sa in\u0161talovali na r\u00f4zne typy kosa\u010diek a strojov. Ich kon\u0161trukcia zabezpe\u010duje, \u017ee s\u00fa nielen efekt\u00edvne z h\u013eadiska prenosu v\u00fdkonu, ale aj \u013eahko sa integruj\u00fa do r\u00f4znych syst\u00e9mov, v\u010faka \u010domu s\u00fa vynikaj\u00facou vo\u013ebou pre v\u00fdrobcov OEM aj koncov\u00fdch pou\u017e\u00edvate\u013eov.<\/li>\n<\/ol>\n<p>Z\u00e1verom mo\u017eno poveda\u0165, \u017ee prevodovka rota\u010dnej kosa\u010dky je d\u00f4le\u017eit\u00fdm komponentom, ktor\u00fd zvy\u0161uje v\u00fdkon, spo\u013eahlivos\u0165 a n\u00e1kladov\u00fa efekt\u00edvnos\u0165 \u017eac\u00edch zariaden\u00ed. Jej schopnos\u0165 efekt\u00edvne pren\u00e1\u0161a\u0165 v\u00fdkon, zni\u017eova\u0165 n\u00e1roky na \u00fadr\u017ebu a zlep\u0161ova\u0165 v\u00fdkon kosenia z nej rob\u00ed neodmyslite\u013en\u00fa s\u00fa\u010das\u0165 modern\u00fdch rota\u010dn\u00fdch kosa\u010diek pou\u017e\u00edvan\u00fdch v po\u013enohospod\u00e1rstve, priemysle a krajin\u00e1rstve.<\/p>\n<p><img loading=\"lazy\" decoding=\"async\" class=\"alignnone size-full wp-image-1940\" src=\"https:\/\/fmp-components.com\/wp-content\/uploads\/2024\/12\/Rotary-Mower-Gearbox23.webp\" alt=\"Prevodovka rota\u010dnej kosa\u010dky\" width=\"1000\" height=\"1000\" title=\"\" srcset=\"https:\/\/fmp-components.com\/wp-content\/uploads\/2024\/12\/Rotary-Mower-Gearbox23.webp 1000w, https:\/\/fmp-components.com\/wp-content\/uploads\/2024\/12\/Rotary-Mower-Gearbox23-980x980.webp 980w, https:\/\/fmp-components.com\/wp-content\/uploads\/2024\/12\/Rotary-Mower-Gearbox23-480x480.webp 480w\" sizes=\"(min-width: 0px) and (max-width: 480px) 480px, (min-width: 481px) and (max-width: 980px) 980px, (min-width: 981px) 1000px, 100vw\" \/><\/p>\n<h3>O FMP<\/h3>\n<p>Spolo\u010dnos\u0165 FMP so s\u00eddlom v Taliansku je popredn\u00fdm inov\u00e1torom vo v\u00fdskume, v\u00fdvoji a v\u00fdrobe prevodoviek, reduktorov a stroj\u00e1rskych strojov. Spolo\u010dnos\u0165 FMP, zn\u00e1ma svojou oddanos\u0165ou kvalite, neust\u00e1lemu zlep\u0161ovaniu a rozvoju talentov, si z\u00edskala uznanie na miestnej aj medzin\u00e1rodnej \u00farovni. V\u010faka silnej reput\u00e1cii v sektore stroj\u00e1rstva je spolo\u010dnos\u0165 d\u00f4veryhodn\u00fdm partnerom v r\u00f4znych odvetviach.<\/p>\n<p>Spolo\u010dnos\u0165 FMP pon\u00faka \u0161irok\u00fd sortiment vysokov\u00fdkonn\u00fdch produktov vr\u00e1tane \u0161pir\u00e1lov\u00fdch ku\u017ee\u013eov\u00fdch prevodoviek, \u010deln\u00fdch prevodoviek, z\u00e1vitovkov\u00fdch prevodoviek, valcov\u00fdch prevodoviek a telies a puzdier ventilov odliatych pod vysok\u00fdm tlakom. Tieto produkty s\u00fa navrhnut\u00e9 s presnos\u0165ou, aby sp\u013a\u0148ali rozmanit\u00e9 potreby priemyseln\u00fdch a po\u013enohospod\u00e1rskych aplik\u00e1ci\u00ed a zabezpe\u010dovali spo\u013eahlivos\u0165 a odolnos\u0165.<\/p>\n<p>Prevodovky a komponenty spolo\u010dnosti sl\u00fa\u017eia viacer\u00fdm odvetviam, ako je po\u013enohospod\u00e1rstvo, \u0165a\u017eba ropy, n\u00e1morn\u00e9 syst\u00e9my a hydraulick\u00e9 in\u017einierstvo. V po\u013enohospod\u00e1rstve FMP poh\u00e1\u0148a d\u00f4le\u017eit\u00e9 stroje, ako s\u00fa rota\u010dn\u00e9 kosa\u010dky, zameta\u010de snehu, rozmetadl\u00e1 hnoj\u00edv a dopravn\u00edky obilia. Tento \u0161irok\u00fd rozsah pou\u017eitia zd\u00f4raz\u0148uje v\u0161estrannos\u0165 spolo\u010dnosti FMP a jej schopnos\u0165 pon\u00faka\u0165 rie\u0161enia, ktor\u00e9 zvy\u0161uj\u00fa prev\u00e1dzkov\u00fa efektivitu v r\u00f4znych odvetviach.<\/p>\n<p>V\u00fdrobn\u00fd proces spolo\u010dnosti FMP je postaven\u00fd na pokro\u010dil\u00fdch technik\u00e1ch a pr\u00edsnych \u0161tandardoch kontroly kvality. Od n\u00e1vrhu produktu a\u017e po fin\u00e1lnu mont\u00e1\u017e je ka\u017ed\u00fd kus vyroben\u00fd z prvotriednych materi\u00e1lov, ako je liatina a hlin\u00edkov\u00e9 zliatiny. Presn\u00e9 obr\u00e1bacie met\u00f3dy zabezpe\u010duj\u00fa vysok\u00fa presnos\u0165, zatia\u013e \u010do d\u00f4kladn\u00e9 kontroly zaru\u010duj\u00fa spo\u013eahlivos\u0165 a dlhodob\u00fd v\u00fdkon. Zameranie spolo\u010dnosti FMP na kvalitu, zarovnanie a odolnos\u0165 vo\u010di opotrebovaniu zabezpe\u010duje, \u017ee jej produkty na\u010falej sp\u013a\u0148aj\u00fa najvy\u0161\u0161ie \u0161tandardy.<\/p>\n<p>Ako progres\u00edvna spolo\u010dnos\u0165 sa FMP venuje spokojnosti z\u00e1kazn\u00edkov a neust\u00e1lym inov\u00e1ci\u00e1m. Spolo\u010dnos\u0165 je otvoren\u00e1 glob\u00e1lnym partnerstv\u00e1m a pon\u00faka rie\u0161enia na mieru prisp\u00f4soben\u00e9 potreb\u00e1m klientov. Ak sa chc\u00fa dozvedie\u0165 viac o produktoch FMP alebo presk\u00fama\u0165 mo\u017enosti spolupr\u00e1ce, m\u00f4\u017eu potenci\u00e1lni partneri jednoducho kontaktova\u0165 spolo\u010dnos\u0165 telefonicky alebo e-mailom, \u010d\u00edm posilnia z\u00e1v\u00e4zok FMP poskytova\u0165 v\u00fdnimo\u010dn\u00e9 slu\u017eby a vysokokvalitn\u00e9 rie\u0161enia.<\/p>\n<p><img loading=\"lazy\" decoding=\"async\" class=\"alignnone size-full wp-image-1861\" src=\"https:\/\/fmp-components.com\/wp-content\/uploads\/2024\/12\/Other-Agricultural-Gearboxes.webp\" alt=\"Ostatn\u00e9 po\u013enohospod\u00e1rske prevodovky\" width=\"1200\" height=\"1400\" title=\"\" srcset=\"https:\/\/fmp-components.com\/wp-content\/uploads\/2024\/12\/Other-Agricultural-Gearboxes.webp 1200w, https:\/\/fmp-components.com\/wp-content\/uploads\/2024\/12\/Other-Agricultural-Gearboxes-980x1143.webp 980w, https:\/\/fmp-components.com\/wp-content\/uploads\/2024\/12\/Other-Agricultural-Gearboxes-480x560.webp 480w\" sizes=\"(min-width: 0px) and (max-width: 480px) 480px, (min-width: 481px) and (max-width: 980px) 980px, (min-width: 981px) 1200px, 100vw\" \/><\/p>\n<p>Autor: CX<\/p>\n<p>&nbsp;<\/p>","protected":false},"excerpt":{"rendered":"<p>Rotary Mower Gearbox\u00a0TF-285B Specifications i N1[rpm] P1[kW] M2[Nm] Shaft Type Input X Y Z 1.86 1000 91.9 709 1&#8221; 3\/8 Z21 1&#8221; 3\/4 Z20 Hub connection Y Advantages of Rotary Mower Gearbox Rotary mowers equipped with a high-quality gearbox offer numerous advantages, making them an essential tool for landscaping, agriculture, and grounds maintenance. These advantages [&hellip;]<\/p>","protected":false},"featured_media":1946,"comment_status":"open","ping_status":"closed","template":"","meta":{"_et_pb_use_builder":"","_et_pb_old_content":"","_et_gb_content_width":""},"product_brand":[],"product_cat":[51],"product_tag":[],"class_list":{"0":"post-1943","1":"product","2":"type-product","3":"status-publish","4":"has-post-thumbnail","6":"product_cat-rotary-mower-gearbox","8":"first","9":"instock","10":"shipping-taxable","11":"product-type-simple"},"_links":{"self":[{"href":"https:\/\/fmp-components.com\/sk\/wp-json\/wp\/v2\/product\/1943","targetHints":{"allow":["GET"]}}],"collection":[{"href":"https:\/\/fmp-components.com\/sk\/wp-json\/wp\/v2\/product"}],"about":[{"href":"https:\/\/fmp-components.com\/sk\/wp-json\/wp\/v2\/types\/product"}],"replies":[{"embeddable":true,"href":"https:\/\/fmp-components.com\/sk\/wp-json\/wp\/v2\/comments?post=1943"}],"wp:featuredmedia":[{"embeddable":true,"href":"https:\/\/fmp-components.com\/sk\/wp-json\/wp\/v2\/media\/1946"}],"wp:attachment":[{"href":"https:\/\/fmp-components.com\/sk\/wp-json\/wp\/v2\/media?parent=1943"}],"wp:term":[{"taxonomy":"product_brand","embeddable":true,"href":"https:\/\/fmp-components.com\/sk\/wp-json\/wp\/v2\/product_brand?post=1943"},{"taxonomy":"product_cat","embeddable":true,"href":"https:\/\/fmp-components.com\/sk\/wp-json\/wp\/v2\/product_cat?post=1943"},{"taxonomy":"product_tag","embeddable":true,"href":"https:\/\/fmp-components.com\/sk\/wp-json\/wp\/v2\/product_tag?post=1943"}],"curies":[{"name":"pracovn\u00fd list","href":"https:\/\/api.w.org\/{rel}","templated":true}]}}