{"id":1938,"date":"2024-12-26T02:05:01","date_gmt":"2024-12-26T02:05:01","guid":{"rendered":"https:\/\/fmp-components.com\/?page_id=8"},"modified":"2024-12-26T02:18:02","modified_gmt":"2024-12-26T02:18:02","slug":"rotary-mower-gearbox-replacement-of-comer-code-tf-26a","status":"publish","type":"product","link":"https:\/\/fmp-components.com\/sk\/product\/rotary-mower-gearbox-replacement-of-comer-code-tf-26a\/","title":{"rendered":"Prevodovka rota\u010dnej kosa\u010dky \u2013 v\u00fdmena Comer Code TF-26A"},"content":{"rendered":"<p><img loading=\"lazy\" decoding=\"async\" class=\"size-full wp-image-1942 aligncenter\" src=\"https:\/\/fmp-components.com\/wp-content\/uploads\/2024\/12\/rotary-mower-gearbox-tf26a-1.webp\" alt=\"prevodovka-rota\u010dnej-kosa\u010dky-tf26a-1\" width=\"300\" height=\"300\" title=\"\" srcset=\"https:\/\/fmp-components.com\/wp-content\/uploads\/2024\/12\/rotary-mower-gearbox-tf26a-1.webp 300w, https:\/\/fmp-components.com\/wp-content\/uploads\/2024\/12\/rotary-mower-gearbox-tf26a-1-150x150.webp 150w, https:\/\/fmp-components.com\/wp-content\/uploads\/2024\/12\/rotary-mower-gearbox-tf26a-1-12x12.webp 12w, https:\/\/fmp-components.com\/wp-content\/uploads\/2024\/12\/rotary-mower-gearbox-tf26a-1-100x100.webp 100w\" sizes=\"(max-width: 300px) 100vw, 300px\" \/><\/p>\n<h2>\u0160pecifik\u00e1cie prevodovky rota\u010dnej kosa\u010dky TF-26A<\/h2>\n<p><img loading=\"lazy\" decoding=\"async\" class=\"alignnone size-full wp-image-1939\" src=\"https:\/\/fmp-components.com\/wp-content\/uploads\/2024\/12\/rotary-mower-gearbox-specifications-tf26a.webp\" alt=\"\u0161pecifik\u00e1cie prevodovky rota\u010dnej kosa\u010dky tf26a\" width=\"867\" height=\"449\" title=\"\" srcset=\"https:\/\/fmp-components.com\/wp-content\/uploads\/2024\/12\/rotary-mower-gearbox-specifications-tf26a.webp 867w, https:\/\/fmp-components.com\/wp-content\/uploads\/2024\/12\/rotary-mower-gearbox-specifications-tf26a-480x249.webp 480w\" sizes=\"(min-width: 0px) and (max-width: 480px) 480px, (min-width: 481px) 867px, 100vw\" \/><\/p>\n<table style=\"width: 100%;\" border=\"1\" width=\"100%\" cellspacing=\"0\" cellpadding=\"0\">\n<tbody>\n<tr>\n<td rowspan=\"2\"><strong>ja<\/strong><\/td>\n<td rowspan=\"2\"><strong>N<sub>1<\/sub>[ot.\/min.]<\/strong><\/td>\n<td rowspan=\"2\"><strong>P<sub>1<\/sub>[kW]<\/strong><\/td>\n<td rowspan=\"2\"><strong>M<sub>2<\/sub>[Nm]<\/strong><\/td>\n<td colspan=\"3\"><strong>Typ hriade\u013ea<\/strong><\/td>\n<td rowspan=\"2\"><strong>Vstup<\/strong><\/td>\n<\/tr>\n<tr>\n<td><strong>X<\/strong><\/td>\n<td><strong>Y<\/strong><\/td>\n<td><strong>Z<\/strong><\/td>\n<\/tr>\n<tr>\n<td>1.84<\/td>\n<td>540<\/td>\n<td>66.0<\/td>\n<td>615<\/td>\n<td>1\u201d 3\/8 Z6<\/td>\n<td>1\u201d 3\/8 Z6<\/td>\n<td>Pripojenie rozbo\u010dova\u010da<\/td>\n<td>Y<\/td>\n<\/tr>\n<tr>\n<td>1.47<\/td>\n<td>540<\/td>\n<td>66.0<\/td>\n<td>770<\/td>\n<td>1\u201d 3\/8 Z6<\/td>\n<td>1\u201d 3\/8 Z6<\/td>\n<td>Pripojenie rozbo\u010dova\u010da<\/td>\n<td>Y<\/td>\n<\/tr>\n<\/tbody>\n<\/table>\n<h3>Vlastnosti prevodovky rota\u010dnej kosa\u010dky<\/h3>\n<p>Prevodovka je d\u00f4le\u017eitou s\u00fa\u010das\u0165ou rota\u010dnej kosa\u010dky, ktor\u00e1 zabezpe\u010duje jej efekt\u00edvny a \u00fa\u010dinn\u00fd chod. Rota\u010dn\u00e9 kosa\u010dky s\u00fa \u0161iroko pou\u017e\u00edvan\u00e9 z\u00e1hradn\u00edkmi, krajin\u00e1rmi a v po\u013enohospod\u00e1rstve pre ich schopnos\u0165 \u013eahko kosi\u0165 tr\u00e1vu, burinu a kr\u00edky. Vysokokvalitn\u00e1 prevodovka rota\u010dnej kosa\u010dky zvy\u0161uje celkov\u00fd v\u00fdkon, odolnos\u0165 a \u017eivotnos\u0165 kosa\u010dky, v\u010faka \u010domu je nevyhnutn\u00e1 pre plynul\u00fd chod v r\u00f4znych podmienkach.<\/p>\n<p>Jednou z k\u013e\u00fa\u010dov\u00fdch vlastnost\u00ed prevodovky rota\u010dnej kosa\u010dky je jej <strong>odoln\u00e9 b\u00fdvanie<\/strong>, zvy\u010dajne vyroben\u00e9 z pevn\u00fdch materi\u00e1lov, ako je liatina alebo hlin\u00edkov\u00e9 zliatiny. Kryt sl\u00fa\u017ei na ochranu vn\u00fatorn\u00fdch komponentov pred nepriazniv\u00fdmi vplyvmi prostredia, ako s\u00fa ne\u010distoty, vlhkos\u0165 a \u00falomky. T\u00e1to robustn\u00e1 kon\u0161trukcia zais\u0165uje, \u017ee prevodovka zostane neporu\u0161en\u00e1 a spo\u013eahlivo funguje v n\u00e1ro\u010dn\u00fdch podmienkach vr\u00e1tane n\u00e1ro\u010dn\u00e9ho kosenia na poliach alebo v nerovnom ter\u00e9ne.<\/p>\n<p>\u010eal\u0161ou d\u00f4le\u017eitou vlastnos\u0165ou je <strong>lo\u017eisk\u00e1<\/strong> ktor\u00e9 podopieraj\u00fa rotuj\u00faci hriade\u013e a ozuben\u00e9 koles\u00e1 vo vn\u00fatri prevodovky. Lo\u017eisk\u00e1 zni\u017euj\u00fa trenie, \u010do umo\u017e\u0148uje vn\u00fatorn\u00fdm komponentom plynul\u00e9 a efekt\u00edvne ot\u00e1\u010danie. Taktie\u017e pom\u00e1haj\u00fa minimalizova\u0165 opotrebovanie a zabezpe\u010duj\u00fa, \u017ee prevodovka m\u00f4\u017ee fungova\u0165 dlh\u0161iu dobu bez potreby \u010dast\u00fdch opr\u00e1v. Spr\u00e1vne mazanie lo\u017e\u00edsk je k\u013e\u00fa\u010dov\u00e9 pre zabr\u00e1nenie prehriatiu a udr\u017eanie optim\u00e1lneho v\u00fdkonu, a preto je mnoho prevodoviek vybaven\u00fdch integrovan\u00fdm mazac\u00edm syst\u00e9mom, ktor\u00fd zabezpe\u010duje, \u017ee v\u0161etky pohybliv\u00e9 \u010dasti s\u00fa dobre naolejovan\u00e9.<\/p>\n<p>Ten\/T\u00e1\/To <strong>tule\u0148ov<\/strong> v prevodovke zohr\u00e1vaj\u00fa k\u013e\u00fa\u010dov\u00fa \u00falohu v prevencii vniknutia ne\u010dist\u00f4t, ako s\u00fa ne\u010distoty, pokosen\u00e1 tr\u00e1va a voda. Tieto tesnenia pom\u00e1haj\u00fa udr\u017eiava\u0165 integritu mazania vo vn\u00fatri prevodovky a chr\u00e1nia vn\u00fatorn\u00e9 ozuben\u00e9 koles\u00e1 pred po\u0161koden\u00edm. Bez spr\u00e1vneho utesnenia by sa do prevodovky mohli dosta\u0165 ne\u010distoty a sp\u00f4sobi\u0165 zna\u010dn\u00e9 po\u0161kodenie komponentov, \u010do by viedlo k n\u00e1kladn\u00fdm oprav\u00e1m a prestojom. Tesnenia preto zabezpe\u010duj\u00fa, \u017ee prevodovka zostane \u00fa\u010dinn\u00e1 a predl\u017euj\u00fa celkov\u00fa \u017eivotnos\u0165 kosa\u010dky.<\/p>\n<p>Niektor\u00e9 pokro\u010dil\u00e9 prevodovky rota\u010dn\u00fdch kosa\u010diek s\u00fa dod\u00e1van\u00e9 s dodato\u010dn\u00fdmi <strong>funkcie ako nastavite\u013en\u00e9 prevody<\/strong> ktor\u00e9 umo\u017e\u0148uj\u00fa obsluhe upravova\u0165 v\u00fd\u0161ku kosenia. T\u00e1to funkcia je obzvl\u00e1\u0161\u0165 u\u017eito\u010dn\u00e1 pri r\u00f4znych podmienkach kosenia, napr\u00edklad pri prechode z kosenia tr\u00e1vy na kosenie hustej\u0161ieho porastu. Mo\u017enos\u0165 nastavenia v\u00fd\u0161ky zais\u0165uje \u010distej\u0161\u00ed a efekt\u00edvnej\u0161\u00ed kosenie, \u010d\u00edm poskytuje obsluhe v\u00e4\u010d\u0161iu kontrolu nad procesom kosenia. Okrem toho niektor\u00e9 prevodovky obsahuj\u00fa aj <strong>mechanizmus spojky<\/strong> ktor\u00fd odpoj\u00ed no\u017ee, ke\u010f sa kosa\u010dka nepou\u017e\u00edva. To pom\u00e1ha predch\u00e1dza\u0165 zbyto\u010dn\u00e9mu opotrebovaniu no\u017eov a zni\u017euje riziko po\u0161kodenia, ke\u010f je kosa\u010dka ne\u010dinn\u00e1.<\/p>\n<p>Okrem prevodovky rota\u010dnej kosa\u010dky TF-26A pon\u00fakame aj r\u00f4zne \u010fal\u0161ie po\u013enohospod\u00e1rske prevodovky ur\u010den\u00e9 pre \u0161pecifick\u00e9 aplik\u00e1cie. \u010ci u\u017e ide o n\u00e1ro\u010dn\u00e9 priemyseln\u00e9 pou\u017eitie alebo \u013eah\u0161ie \u00falohy, n\u00e1\u0161 sortiment prevodoviek zaru\u010duje, \u017ee ka\u017ed\u00fd pou\u017e\u00edvate\u013e si n\u00e1jde t\u00fa spr\u00e1vnu prevodovku, ktor\u00e1 bude vyhovova\u0165 jeho kosa\u010dke a prev\u00e1dzkov\u00fdm potreb\u00e1m.<\/p>\n<p>Stru\u010dne povedan\u00e9, vysokokvalitn\u00e1 prevodovka rota\u010dnej kosa\u010dky je nevyhnutn\u00e1 pre zabezpe\u010denie efekt\u00edvnej prev\u00e1dzky, minimaliz\u00e1ciu opotrebenia a pred\u013a\u017eenie \u017eivotnosti kosa\u010dky. V\u010faka vlastnostiam, ako je odoln\u00fd kryt, \u00fa\u010dinn\u00e9 lo\u017eisk\u00e1, ochrann\u00e9 tesnenia, nastavite\u013en\u00e9 prevody a spojkov\u00e9 mechanizmy, tieto prevodovky prispievaj\u00fa k plynul\u00e9mu a spo\u013eahliv\u00e9mu v\u00fdkonu rota\u010dn\u00fdch kosa\u010diek v r\u00f4znych prostrediach.<\/p>\n<p><img loading=\"lazy\" decoding=\"async\" class=\"alignnone size-full wp-image-1940\" src=\"https:\/\/fmp-components.com\/wp-content\/uploads\/2024\/12\/Rotary-Mower-Gearbox23.webp\" alt=\"Prevodovka rota\u010dnej kosa\u010dky\" width=\"1000\" height=\"1000\" title=\"\" srcset=\"https:\/\/fmp-components.com\/wp-content\/uploads\/2024\/12\/Rotary-Mower-Gearbox23.webp 1000w, https:\/\/fmp-components.com\/wp-content\/uploads\/2024\/12\/Rotary-Mower-Gearbox23-980x980.webp 980w, https:\/\/fmp-components.com\/wp-content\/uploads\/2024\/12\/Rotary-Mower-Gearbox23-480x480.webp 480w\" sizes=\"(min-width: 0px) and (max-width: 480px) 480px, (min-width: 481px) and (max-width: 980px) 980px, (min-width: 981px) 1000px, 100vw\" \/><\/p>\n<h3>Predaj kardanov\u00fdch hriade\u013eov<\/h3>\n<p>V spolo\u010dnosti FMP pon\u00fakame komplexn\u00fd v\u00fdber vysokokvalitn\u00fdch v\u00fdvodov\u00fdch hriade\u013eov (PTO) \u0161peci\u00e1lne navrhnut\u00fdch na pou\u017eitie s po\u013enohospod\u00e1rskymi prevodovkami vr\u00e1tane prevodoviek rota\u010dn\u00fdch kosa\u010diek. V\u00fdvodov\u00fd hriade\u013e zohr\u00e1va d\u00f4le\u017eit\u00fa \u00falohu pri prenose mechanickej energie z motora traktora do po\u013enohospod\u00e1rskych strojov. Pracuje pri ot\u00e1\u010dkach od 540 do 1 000 ot.\/min. v z\u00e1vislosti od \u0161pecifick\u00fdch po\u017eiadaviek aplik\u00e1cie.<\/p>\n<p>Na\u0161e kardanov\u00e9 hriadele s\u00fa navrhnut\u00e9 s oh\u013eadom na odolnos\u0165 a \u00fa\u010dinnos\u0165. Vyzna\u010duj\u00fa sa robustnou kon\u0161trukciou a vidlicami na oboch koncoch pre bezprobl\u00e9mov\u00e9 spojenie s prevodovkou. Tieto hriadele sa dod\u00e1vaj\u00fa v r\u00f4znych hodnot\u00e1ch kr\u00fatiaceho momentu, \u010do v\u00e1m umo\u017e\u0148uje vybra\u0165 si spr\u00e1vnu mo\u017enos\u0165 na z\u00e1klade v\u00fdkonov\u00fdch potrieb v\u00e1\u0161ho stroja. \u010ci u\u017e pracujete s \u013eahk\u00fdmi alebo \u0165a\u017ek\u00fdmi zariadeniami, pon\u00fakame kardanov\u00e9 hriadele prisp\u00f4soben\u00e9 tak, aby poskytovali optim\u00e1lny v\u00fdkon.<\/p>\n<p>Okrem \u0161irokej ponuky \u0161tandardn\u00fdch kardanov\u00fdch hriade\u013eov pon\u00faka spolo\u010dnos\u0165 FMP aj rie\u0161enia na mieru, ktor\u00e9 sp\u013a\u0148aj\u00fa \u0161pecifick\u00e9 po\u017eiadavky va\u0161ich strojov. \u010ci u\u017e potrebujete \u00fapravy d\u013a\u017eky, kr\u00fatiaceho momentu alebo in\u00fdch \u0161pecifik\u00e1ci\u00ed, vieme navrhn\u00fa\u0165 a vyrobi\u0165 kardanov\u00e9 hriadele presne pod\u013ea va\u0161ich potrieb.<\/p>\n<p>Ak h\u013ead\u00e1te vysokov\u00fdkonn\u00e9 kardanov\u00e9 hriadele, ktor\u00e9 zabezpe\u010dia plynul\u00fd prenos v\u00fdkonu a dlhotrvaj\u00facu prev\u00e1dzku, nev\u00e1hajte n\u00e1s kontaktova\u0165. Kontaktujte n\u00e1s e\u0161te dnes a z\u00edskajte viac inform\u00e1ci\u00ed alebo preberte s nami va\u0161e po\u017eiadavky na kardanov\u00fd hriade\u013e na mieru!<\/p>\n<p><img loading=\"lazy\" decoding=\"async\" class=\"alignnone wp-image-1941\" src=\"https:\/\/fmp-components.com\/wp-content\/uploads\/2024\/12\/rotary-mower-gearbox-and-pto-drive-shaft.webp\" alt=\"Prevodovka rota\u010dnej kosa\u010dky\" width=\"873\" height=\"641\" title=\"\" srcset=\"https:\/\/fmp-components.com\/wp-content\/uploads\/2024\/12\/rotary-mower-gearbox-and-pto-drive-shaft.webp 873w, https:\/\/fmp-components.com\/wp-content\/uploads\/2024\/12\/rotary-mower-gearbox-and-pto-drive-shaft-480x353.webp 480w\" sizes=\"(min-width: 0px) and (max-width: 480px) 480px, (min-width: 481px) 873px, 100vw\" \/><\/p>\n<h3>O FMP<\/h3>\n<p>Spolo\u010dnos\u0165 FMP so s\u00eddlom v Taliansku je uzn\u00e1van\u00fdm l\u00eddrom vo v\u00fdskume, v\u00fdvoji a v\u00fdrobe prevodoviek, reduktorov a stroj\u00e1rskych strojov. Spolo\u010dnos\u0165 FMP, zn\u00e1ma svoj\u00edm zameran\u00edm na inov\u00e1cie, kvalitu a rozvoj talentov, sa etablovala ako popredn\u00fd hr\u00e1\u010d v sektore stroj\u00e1rstva. Spolo\u010dnos\u0165 si z\u00edskala dom\u00e1ce aj medzin\u00e1rodn\u00e9 uznanie za svoje odhodlanie neust\u00e1leho zlep\u0161ovania a excelentnosti, v\u010faka \u010domu je d\u00f4veryhodn\u00fdm partnerom v \u0161irokej \u0161k\u00e1le odvetv\u00ed.<\/p>\n<p>Spolo\u010dnos\u0165 FMP pon\u00faka \u0161irok\u00fd v\u00fdber vysokov\u00fdkonn\u00fdch produktov vr\u00e1tane \u0161pir\u00e1lov\u00fdch ku\u017ee\u013eov\u00fdch prevodoviek, \u010deln\u00fdch prevodoviek, z\u00e1vitovkov\u00fdch prevodoviek, valcov\u00fdch prevodoviek a telies a puzdier ventilov odliatych pod vysok\u00fdm tlakom. Tieto produkty s\u00fa navrhnut\u00e9 s presnos\u0165ou, aby sp\u013a\u0148ali jedine\u010dn\u00e9 potreby r\u00f4znych aplik\u00e1ci\u00ed. \u010ci u\u017e ide o \u0165a\u017ek\u00e9 priemyseln\u00e9 stroje alebo \u0161pecializovan\u00e9 po\u013enohospod\u00e1rske zariadenia, prevodovky FMP poskytuj\u00fa spo\u013eahliv\u00fd v\u00fdkon a odolnos\u0165.<\/p>\n<p>Prevodovky a komponenty spolo\u010dnosti sa \u0161iroko pou\u017e\u00edvaj\u00fa v r\u00f4znych odvetviach, pri\u010dom aplik\u00e1cie siahaj\u00fa od po\u013enohospod\u00e1rstva, \u0165a\u017eby ropy, n\u00e1morn\u00fdch syst\u00e9mov a\u017e po hydraulick\u00e9 in\u017einierstvo. V po\u013enohospod\u00e1rstve produkty FMP poh\u00e1\u0148aj\u00fa z\u00e1kladn\u00e9 stroje, ako s\u00fa rota\u010dn\u00e9 kosa\u010dky, zameta\u010de snehu, rozmetadl\u00e1 hnoj\u00edv a dopravn\u00edky obilia. T\u00e1to v\u0161estrannos\u0165 dokazuje schopnos\u0165 spolo\u010dnosti FMP sl\u00fa\u017ei\u0165 r\u00f4znym odvetviam vysoko kvalitn\u00fdmi rie\u0161eniami, ktor\u00e9 zvy\u0161uj\u00fa efektivitu a produktivitu.<\/p>\n<p>Z\u00e1v\u00e4zok spolo\u010dnosti FMP k pokro\u010dilej v\u00fdrobnej excelentnosti sa odr\u00e1\u017ea v jej pr\u00edsnych v\u00fdrobn\u00fdch procesoch. Od po\u010diato\u010dnej f\u00e1zy n\u00e1vrhu a\u017e po fin\u00e1lnu mont\u00e1\u017e je ka\u017ed\u00fd produkt vyroben\u00fd tak, aby sp\u013a\u0148al najvy\u0161\u0161ie \u0161tandardy kvality. Spolo\u010dnos\u0165 pou\u017e\u00edva iba vysoko kvalitn\u00e9 materi\u00e1ly, ako je liatina a hlin\u00edkov\u00e9 zliatiny, \u010do zaru\u010duje odolnos\u0165 a optim\u00e1lny v\u00fdkon. Na presn\u00fa v\u00fdrobu ka\u017edej s\u00fa\u010diastky sa pou\u017e\u00edvaj\u00fa presn\u00e9 obr\u00e1bacie techniky vr\u00e1tane s\u00fastru\u017eenia a fr\u00e9zovania. Procesy kontroly kvality spolo\u010dnosti FMP zabezpe\u010duj\u00fa, \u017ee ka\u017ed\u00fd produkt funguje spo\u013eahlivo, s d\u00f4razom na zarovnanie, mazanie a dlhodob\u00fa odolnos\u0165 proti opotrebovaniu.<\/p>\n<p>Ako spolo\u010dnos\u0165, ktor\u00e1 si cen\u00ed spokojnos\u0165 z\u00e1kazn\u00edkov a inov\u00e1cie, si FMP na\u010falej buduje svoju siln\u00fa reput\u00e1ciu v oblasti dod\u00e1vania vysokov\u00fdkonn\u00fdch produktov. Spolo\u010dnos\u0165 je otvoren\u00e1 glob\u00e1lnym partnerstv\u00e1m a spolupr\u00e1ci a pon\u00faka rie\u0161enia na mieru, ktor\u00e9 sp\u013a\u0148aj\u00fa \u0161pecifick\u00e9 potreby z\u00e1kazn\u00edkov. Pre viac inform\u00e1ci\u00ed alebo pre diskusiu o potenci\u00e1lnej spolupr\u00e1ci m\u00f4\u017eu klienti jednoducho kontaktova\u0165 FMP telefonicky alebo e-mailom, \u010d\u00edm posil\u0148uje z\u00e1v\u00e4zok spolo\u010dnosti poskytova\u0165 v\u00fdnimo\u010dn\u00e9 slu\u017eby a vysokokvalitn\u00e9 rie\u0161enia.<\/p>\n<p><img loading=\"lazy\" decoding=\"async\" class=\"alignnone size-full wp-image-1861\" src=\"https:\/\/fmp-components.com\/wp-content\/uploads\/2024\/12\/Other-Agricultural-Gearboxes.webp\" alt=\"Ostatn\u00e9 po\u013enohospod\u00e1rske prevodovky\" width=\"1200\" height=\"1400\" title=\"\" srcset=\"https:\/\/fmp-components.com\/wp-content\/uploads\/2024\/12\/Other-Agricultural-Gearboxes.webp 1200w, https:\/\/fmp-components.com\/wp-content\/uploads\/2024\/12\/Other-Agricultural-Gearboxes-980x1143.webp 980w, https:\/\/fmp-components.com\/wp-content\/uploads\/2024\/12\/Other-Agricultural-Gearboxes-480x560.webp 480w\" sizes=\"(min-width: 0px) and (max-width: 480px) 480px, (min-width: 481px) and (max-width: 980px) 980px, (min-width: 981px) 1200px, 100vw\" \/><\/p>\n<p>Autor: CX<\/p>","protected":false},"excerpt":{"rendered":"<p>Rotary Mower Gearbox TF-26A\u00a0Specifications i N1[rpm] P1[kW] M2[Nm] Shaft Type Input X Y Z 1.84 540 66.0 615 1&#8221; 3\/8 Z6 1&#8221; 3\/8 Z6 Hub connection Y 1.47 540 66.0 770 1&#8221; 3\/8 Z6 1&#8221; 3\/8 Z6 Hub connection Y Features of Rotary Mower Gearbox The gearbox is a vital component of a rotary mower, [&hellip;]<\/p>","protected":false},"featured_media":1942,"comment_status":"open","ping_status":"closed","template":"","meta":{"_et_pb_use_builder":"","_et_pb_old_content":"","_et_gb_content_width":""},"product_brand":[],"product_cat":[51],"product_tag":[],"class_list":{"0":"post-1938","1":"product","2":"type-product","3":"status-publish","4":"has-post-thumbnail","6":"product_cat-rotary-mower-gearbox","8":"first","9":"instock","10":"shipping-taxable","11":"product-type-simple"},"_links":{"self":[{"href":"https:\/\/fmp-components.com\/sk\/wp-json\/wp\/v2\/product\/1938","targetHints":{"allow":["GET"]}}],"collection":[{"href":"https:\/\/fmp-components.com\/sk\/wp-json\/wp\/v2\/product"}],"about":[{"href":"https:\/\/fmp-components.com\/sk\/wp-json\/wp\/v2\/types\/product"}],"replies":[{"embeddable":true,"href":"https:\/\/fmp-components.com\/sk\/wp-json\/wp\/v2\/comments?post=1938"}],"wp:featuredmedia":[{"embeddable":true,"href":"https:\/\/fmp-components.com\/sk\/wp-json\/wp\/v2\/media\/1942"}],"wp:attachment":[{"href":"https:\/\/fmp-components.com\/sk\/wp-json\/wp\/v2\/media?parent=1938"}],"wp:term":[{"taxonomy":"product_brand","embeddable":true,"href":"https:\/\/fmp-components.com\/sk\/wp-json\/wp\/v2\/product_brand?post=1938"},{"taxonomy":"product_cat","embeddable":true,"href":"https:\/\/fmp-components.com\/sk\/wp-json\/wp\/v2\/product_cat?post=1938"},{"taxonomy":"product_tag","embeddable":true,"href":"https:\/\/fmp-components.com\/sk\/wp-json\/wp\/v2\/product_tag?post=1938"}],"curies":[{"name":"pracovn\u00fd list","href":"https:\/\/api.w.org\/{rel}","templated":true}]}}