{"id":1910,"date":"2024-12-26T00:29:38","date_gmt":"2024-12-26T00:29:38","guid":{"rendered":"https:\/\/fmp-components.com\/?page_id=8"},"modified":"2024-12-26T00:48:00","modified_gmt":"2024-12-26T00:48:00","slug":"rotary-mower-gearboxes-replacement-of-comer-code-lf-149b-11","status":"publish","type":"product","link":"https:\/\/fmp-components.com\/sk\/product\/rotary-mower-gearboxes-replacement-of-comer-code-lf-149b-11\/","title":{"rendered":"Prevodovky rota\u010dnej kosa\u010dky \u2013 v\u00fdmena Comer Code LF-149B 1:1"},"content":{"rendered":"<p><img loading=\"lazy\" decoding=\"async\" class=\"alignnone size-full wp-image-1918\" src=\"https:\/\/fmp-components.com\/wp-content\/uploads\/2024\/12\/Rotary-Mower-Gearbox19.webp\" alt=\"Prevodovka rota\u010dnej kosa\u010dky\" width=\"773\" height=\"766\" title=\"\" srcset=\"https:\/\/fmp-components.com\/wp-content\/uploads\/2024\/12\/Rotary-Mower-Gearbox19.webp 773w, https:\/\/fmp-components.com\/wp-content\/uploads\/2024\/12\/Rotary-Mower-Gearbox19-480x476.webp 480w\" sizes=\"(min-width: 0px) and (max-width: 480px) 480px, (min-width: 481px) 773px, 100vw\" \/><\/p>\n<h2>\u0160pecifik\u00e1cie prevodovky rota\u010dnej kosa\u010dky LF-149B (1:1)<\/h2>\n<p><img loading=\"lazy\" decoding=\"async\" class=\"alignnone size-full wp-image-1917\" src=\"https:\/\/fmp-components.com\/wp-content\/uploads\/2024\/12\/Rotary-Mower-Gearbox-LF-149B-Specifications.webp\" alt=\"\u0160pecifik\u00e1cie prevodovky rota\u010dnej kosa\u010dky LF-149B\" width=\"1307\" height=\"872\" title=\"\" srcset=\"https:\/\/fmp-components.com\/wp-content\/uploads\/2024\/12\/Rotary-Mower-Gearbox-LF-149B-Specifications.webp 1307w, https:\/\/fmp-components.com\/wp-content\/uploads\/2024\/12\/Rotary-Mower-Gearbox-LF-149B-Specifications-1280x854.webp 1280w, https:\/\/fmp-components.com\/wp-content\/uploads\/2024\/12\/Rotary-Mower-Gearbox-LF-149B-Specifications-980x654.webp 980w, https:\/\/fmp-components.com\/wp-content\/uploads\/2024\/12\/Rotary-Mower-Gearbox-LF-149B-Specifications-480x320.webp 480w\" sizes=\"(min-width: 0px) and (max-width: 480px) 480px, (min-width: 481px) and (max-width: 980px) 980px, (min-width: 981px) and (max-width: 1280px) 1280px, (min-width: 1281px) 1307px, 100vw\" \/><\/p>\n<p><img loading=\"lazy\" decoding=\"async\" class=\"alignnone size-full wp-image-1916\" src=\"https:\/\/fmp-components.com\/wp-content\/uploads\/2024\/12\/Rotary-Mower-Gearbox-LF-149B-Specifications-1.webp\" alt=\"\u0160pecifik\u00e1cie prevodovky rota\u010dnej kosa\u010dky LF-149B\" width=\"1331\" height=\"316\" title=\"\" srcset=\"https:\/\/fmp-components.com\/wp-content\/uploads\/2024\/12\/Rotary-Mower-Gearbox-LF-149B-Specifications-1.webp 1331w, https:\/\/fmp-components.com\/wp-content\/uploads\/2024\/12\/Rotary-Mower-Gearbox-LF-149B-Specifications-1-1280x304.webp 1280w, https:\/\/fmp-components.com\/wp-content\/uploads\/2024\/12\/Rotary-Mower-Gearbox-LF-149B-Specifications-1-980x233.webp 980w, https:\/\/fmp-components.com\/wp-content\/uploads\/2024\/12\/Rotary-Mower-Gearbox-LF-149B-Specifications-1-480x114.webp 480w\" sizes=\"(min-width: 0px) and (max-width: 480px) 480px, (min-width: 481px) and (max-width: 980px) 980px, (min-width: 981px) and (max-width: 1280px) 1280px, (min-width: 1281px) 1331px, 100vw\" \/><\/p>\n<table class=\"kh-1xzm1su\" border=\"1\" cellspacing=\"0\" cellpadding=\"0\" data-intent=\"lists-product-attributes\" data-test-id=\"attributes-list\">\n<tbody class=\"kh-1ago99h\">\n<tr id=\"alexis#custom#item-id\" class=\"kh-bwvum6\" data-test-id=\"attribute-row\">\n<th class=\"kh-10oizfy\">Popis produktu<\/th>\n<td class=\"kh-1f5nhat\">\n<div class=\"kh-pkx4zo\">Prevodovky rota\u010dnej kosa\u010dky \u2013 V\u00fdmena prevodovky Comer LF-149B 1:1<\/div>\n<\/td>\n<\/tr>\n<tr id=\"attProductDetails\" class=\"kh-bwvum6\" data-test-id=\"attribute-row\">\n<th class=\"kh-10oizfy\">Detaily produktu<\/th>\n<td class=\"kh-1f5nhat\">\n<ul>\n<li class=\"kh-16zd49f\">V\u0161etky prevodovky sa dod\u00e1vaj\u00fa bez oleja.<\/li>\n<li class=\"kh-16zd49f\">Prv\u00e1 v\u00fdmena oleja po 50 \u2013 70 prev\u00e1dzkov\u00fdch hodin\u00e1ch, potom po 500 \u2013 700 prev\u00e1dzkov\u00fdch hodin\u00e1ch alebo aspo\u0148 raz ro\u010dne.<\/li>\n<li class=\"kh-16zd49f\">Pre v\u00fdkon pri in\u00fdch ot\u00e1\u010dkach n\u00e1s kontaktujte.<\/li>\n<\/ul>\n<\/td>\n<\/tr>\n<tr id=\"taMaxInputPowerKw\" class=\"kh-bwvum6\" data-test-id=\"attribute-row\">\n<th class=\"kh-10oizfy\">Maxim\u00e1lny vstupn\u00fd v\u00fdkon<\/th>\n<td class=\"kh-1f5nhat\">\n<div class=\"kh-pkx4zo\">47 kW<\/div>\n<\/td>\n<\/tr>\n<tr id=\"taContainsOil\" class=\"kh-bwvum6\" data-test-id=\"attribute-row\">\n<th class=\"kh-10oizfy\">Obsahuje olej<\/th>\n<td class=\"kh-1f5nhat\">\n<div class=\"kh-pkx4zo\">Nie<\/div>\n<\/td>\n<\/tr>\n<tr id=\"taMaxOilCapacityL\" class=\"kh-bwvum6\" data-test-id=\"attribute-row\">\n<th class=\"kh-10oizfy\">Maxim\u00e1lny objem oleja<\/th>\n<td class=\"kh-1f5nhat\">\n<div class=\"kh-pkx4zo\">0,8 l<\/div>\n<\/td>\n<\/tr>\n<tr id=\"taMaxOilChangeIntervalH\" class=\"kh-bwvum6\" data-test-id=\"attribute-row\">\n<th class=\"kh-10oizfy\">Maxim\u00e1lny interval v\u00fdmeny oleja<\/th>\n<td class=\"kh-1f5nhat\">\n<div class=\"kh-pkx4zo\">500 hod\u00edn<\/div>\n<\/td>\n<\/tr>\n<tr id=\"taOilSAEViscosityGrade\" class=\"kh-bwvum6\" data-test-id=\"attribute-row\">\n<th class=\"kh-10oizfy\">Stupe\u0148 viskozity oleja SAE<\/th>\n<td class=\"kh-1f5nhat\">\n<div class=\"kh-pkx4zo\">80W-90<\/div>\n<\/td>\n<\/tr>\n<tr id=\"taHousingMaterial_16\" class=\"kh-bwvum6\" data-test-id=\"attribute-row\">\n<th class=\"kh-10oizfy\">Materi\u00e1l krytu<\/th>\n<td class=\"kh-1f5nhat\">\n<div class=\"kh-pkx4zo\">Liatina GGG40<\/div>\n<\/td>\n<\/tr>\n<tr id=\"taWeightKg_75\" class=\"kh-bwvum6\" data-test-id=\"attribute-row\">\n<th class=\"kh-10oizfy\">Hmotnos\u0165<\/th>\n<td class=\"kh-1f5nhat\">\n<div class=\"kh-pkx4zo\">33,4 kg<\/div>\n<\/td>\n<\/tr>\n<tr id=\"taGearArrangementInc\" class=\"kh-bwvum6\" data-test-id=\"attribute-row\">\n<th class=\"kh-10oizfy\">Usporiadanie prevodov Zvy\u0161uj\u00face sa<\/th>\n<td class=\"kh-1f5nhat\">\n<div class=\"kh-pkx4zo\">3<\/div>\n<\/td>\n<\/tr>\n<tr id=\"taGearRatio\" class=\"kh-bwvum6\" data-test-id=\"attribute-row\">\n<th class=\"kh-10oizfy\">Prevodov\u00fd pomer<\/th>\n<td class=\"kh-1f5nhat\">\n<div class=\"kh-pkx4zo\">1:1<\/div>\n<\/td>\n<\/tr>\n<tr id=\"taInputPowerKwHpInc\" class=\"kh-bwvum6\" data-test-id=\"attribute-row\">\n<th class=\"kh-10oizfy\">Vstupn\u00fd v\u00fdkon kW \/ HP Zvy\u0161uj\u00faci sa<\/th>\n<td class=\"kh-1f5nhat\">\n<div class=\"kh-pkx4zo\">47 \/ 55 kW\/k<\/div>\n<\/td>\n<\/tr>\n<tr id=\"taInputShaftIncreasi\" class=\"kh-bwvum6\" data-test-id=\"attribute-row\">\n<th class=\"kh-10oizfy\">Vstupn\u00fd hriade\u013e Zvy\u0161ovanie<\/th>\n<td class=\"kh-1f5nhat\">\n<div class=\"kh-pkx4zo\">Z<\/div>\n<\/td>\n<\/tr>\n<tr id=\"taNSOutputTorqueDaNm_1\" class=\"kh-bwvum6\" data-test-id=\"attribute-row\">\n<th class=\"kh-10oizfy\">Zvy\u0161uj\u00faci sa v\u00fdstupn\u00fd kr\u00fatiaci moment v DaNm<\/th>\n<td class=\"kh-1f5nhat\">\n<div class=\"kh-pkx4zo\">81 daNm<\/div>\n<\/td>\n<\/tr>\n<tr id=\"taRatioIncreasing\" class=\"kh-bwvum6\" data-test-id=\"attribute-row\">\n<th class=\"kh-10oizfy\">Zvy\u0161uj\u00faci sa pomer<\/th>\n<td class=\"kh-1f5nhat\">\n<div class=\"kh-pkx4zo\">1: 1<\/div>\n<\/td>\n<\/tr>\n<tr id=\"taRatioReducing\" class=\"kh-bwvum6\" data-test-id=\"attribute-row\">\n<th class=\"kh-10oizfy\">Zn\u00ed\u017eenie pomeru<\/th>\n<td class=\"kh-1f5nhat\">\n<div class=\"kh-pkx4zo\">1: 1<\/div>\n<\/td>\n<\/tr>\n<tr id=\"taShaftX\" class=\"kh-bwvum6\" data-test-id=\"attribute-row\">\n<th class=\"kh-10oizfy\">Hriade\u013e Z<\/th>\n<td class=\"kh-1f5nhat\">\n<div class=\"kh-pkx4zo\">1 3\/8&#8243; (21)<\/div>\n<\/td>\n<\/tr>\n<\/tbody>\n<\/table>\n<h3>Po\u013enohospod\u00e1rsky v\u00fdvodov\u00fd hriade\u013e a prevodovka rota\u010dnej kosa\u010dky<\/h3>\n<p>V\u00fdvodov\u00fd hriade\u013e (PTO) v po\u013enohospod\u00e1rstve je z\u00e1kladn\u00e1 mechanick\u00e1 s\u00fa\u010das\u0165 pou\u017e\u00edvan\u00e1 na prenos v\u00fdkonu z motora traktora na r\u00f4zne pripojen\u00e9 n\u00e1stroje, ako s\u00fa napr\u00edklad prevodovky rota\u010dn\u00fdch kosa\u010diek. V\u00fdvodov\u00fd hriade\u013e sa prip\u00e1ja priamo k v\u00fdstupu motora traktora a pren\u00e1\u0161a v\u00fdkon aj kr\u00fatiaci moment na zariadenie, ku ktor\u00e9mu je pripojen\u00fd. To umo\u017e\u0148uje efekt\u00edvnu prev\u00e1dzku \u0165a\u017ek\u00fdch strojov, ako s\u00fa kosa\u010dky, kultiv\u00e1tory a in\u00e9 po\u013enohospod\u00e1rske n\u00e1stroje.<\/p>\n<p>Prevodovka rota\u010dnej kosa\u010dky zohr\u00e1va k\u013e\u00fa\u010dov\u00fa \u00falohu v procese kosenia t\u00fdm, \u017ee premie\u0148a vysokor\u00fdchlostn\u00e9 ot\u00e1\u010danie v\u00fdvodov\u00e9ho hriade\u013ea na pomal\u0161ie ot\u00e1\u010danie s vysok\u00fdm kr\u00fatiacim momentom potrebn\u00e9 na ovl\u00e1danie no\u017eov kosa\u010dky. T\u00e1to transform\u00e1cia zabezpe\u010duje, \u017ee no\u017ee kosa\u010dky dok\u00e1\u017eu vyvin\u00fa\u0165 dostato\u010dn\u00fa silu na efekt\u00edvne kosenie hustej tr\u00e1vy a veget\u00e1cie. Zv\u00fd\u0161en\u00edm kr\u00fatiaceho momentu a zn\u00ed\u017een\u00edm ot\u00e1\u010dok prevodovka optimalizuje v\u00fdkon pren\u00e1\u0161an\u00fd z motora, \u010d\u00edm zabezpe\u010duje plynul\u00e9 a efekt\u00edvne kosenie.<\/p>\n<p>Kombin\u00e1cia po\u013enohospod\u00e1rskeho v\u00fdvodov\u00e9ho hriade\u013ea a prevodovky rota\u010dnej kosa\u010dky je \u0161iroko pou\u017e\u00edvanou met\u00f3dou na \u00fadr\u017ebu ve\u013ek\u00fdch pl\u00f4ch p\u00f4dy, ako s\u00fa farmy, pasienky a polia. Tento syst\u00e9m poskytuje v\u00fdkonn\u00e9 a efekt\u00edvne rie\u0161enie na kosenie ve\u013ek\u00fdch pl\u00f4ch p\u00f4dy, ktor\u00e9 pom\u00e1ha farm\u00e1rom, z\u00e1hradn\u00edkom a vlastn\u00edkom p\u00f4dy \u013eahko spravova\u0165 ich pozemky.<\/p>\n<h3>Ako to funguje:<\/h3>\n<p>Na ovl\u00e1danie syst\u00e9mu v\u00fdvodov\u00e9ho hriade\u013ea a prevodovky rota\u010dnej kosa\u010dky sa v\u00fdvodov\u00fd hriade\u013e najprv pripoj\u00ed k v\u00fdstupu v\u00fdvodov\u00e9ho hriade\u013ea traktora. Druh\u00fd koniec hriade\u013ea je pripojen\u00fd k vstupu prevodovky rota\u010dnej kosa\u010dky. Po zapojen\u00ed v\u00fdvodov\u00fd hriade\u013e dod\u00e1va rota\u010dn\u00fd v\u00fdkon do prevodovky. Prevodovka potom zvy\u0161uje kr\u00fatiaci moment a z\u00e1rove\u0148 spoma\u013euje r\u00fdchlos\u0165 ot\u00e1\u010dania, \u010do poh\u00e1\u0148a no\u017ee kosa\u010dky k ot\u00e1\u010daniu optim\u00e1lnou r\u00fdchlos\u0165ou pre kosenie. R\u00fdchlo sa ot\u00e1\u010daj\u00face no\u017ee prerez\u00e1vaj\u00fa tr\u00e1vu a cel\u00fd syst\u00e9m pokra\u010duje v pr\u00e1ci po poli, \u010d\u00edm zabezpe\u010duje \u010dist\u00fd a efekt\u00edvny kosenie.<\/p>\n<h3>K\u013e\u00fa\u010dov\u00e9 v\u00fdhody:<\/h3>\n<ol>\n<li><strong>Efekt\u00edvna \u00fadr\u017eba p\u00f4dy<\/strong>Tento syst\u00e9m umo\u017e\u0148uje r\u00fdchle a efekt\u00edvne kosenie ve\u013ek\u00fdch pol\u00ed, v\u010faka \u010domu je nevyhnutn\u00fdm n\u00e1strojom pre \u00fadr\u017ebu po\u013enohospod\u00e1rstva.<\/li>\n<li><strong>V\u00fdkonn\u00fd v\u00fdkon<\/strong>Kombin\u00e1cia v\u00fdkonu v\u00fdvodov\u00e9ho hriade\u013ea a prevodovky so zvy\u0161uj\u00facim kr\u00fatiacim momentom zais\u0165uje, \u017ee aj hust\u00fa a tvrd\u00fa tr\u00e1vu je mo\u017en\u00e9 \u013eahko pokosi\u0165, \u010do poskytuje konzistentn\u00fd v\u00fdkon v r\u00f4znych podmienkach.<\/li>\n<li><strong>Trvanlivos\u0165 a spo\u013eahlivos\u0165<\/strong>V\u00fdvodov\u00fd hriade\u013e aj prevodovka rota\u010dnej kosa\u010dky s\u00fa skon\u0161truovan\u00e9 tak, aby odolali n\u00e1ro\u010dn\u00fdm po\u013enohospod\u00e1rskym podmienkam, a zabezpe\u010duj\u00fa tak dlhodob\u00fa odolnos\u0165 a spo\u013eahliv\u00fd v\u00fdkon.<\/li>\n<li><strong>\u00daspora \u010dasu<\/strong>Pou\u017eitie v\u00fdvodov\u00e9ho hriade\u013ea a prevodovky rota\u010dnej kosa\u010dky umo\u017e\u0148uje r\u00fdchlej\u0161ie kosenie v porovnan\u00ed s tradi\u010dn\u00fdmi met\u00f3dami, \u010d\u00edm sa skracuje \u010das str\u00e1ven\u00fd \u00fadr\u017ebou pozemku.<\/li>\n<\/ol>\n<p>Celkovo s\u00fa v\u00fdvodov\u00fd hriade\u013e a prevodovka rota\u010dnej kosa\u010dky nevyhnutn\u00fdmi n\u00e1strojmi pre efekt\u00edvne a \u00fa\u010dinn\u00e9 hospod\u00e1renie s p\u00f4dou. Poskytuj\u00fa potrebn\u00fd v\u00fdkon na zvl\u00e1dnutie rozsiahlych kosiacich \u00faloh, \u010d\u00edm zabezpe\u010duj\u00fa, \u017ee po\u013enohospod\u00e1ri a vlastn\u00edci p\u00f4dy m\u00f4\u017eu udr\u017eiava\u0165 svoje pozemky v perfektnom stave s minim\u00e1lnym \u00fasil\u00edm a \u010dasom. Tento robustn\u00fd syst\u00e9m v\u00fdrazne zvy\u0161uje produktivitu, zni\u017euje prev\u00e1dzkov\u00e9 n\u00e1klady a umo\u017e\u0148uje pravideln\u00fa \u00fadr\u017ebu p\u00f4dy, najm\u00e4 v oblastiach s hustou veget\u00e1ciou.<\/p>\n<table style=\"width: 100%; height: 284px;\" border=\"1\" width=\"100%\" cellspacing=\"0\" cellpadding=\"0\">\n<tbody>\n<tr style=\"height: 284px;\">\n<td style=\"width: 49.784%; height: 284px;\" width=\"110\"><img loading=\"lazy\" decoding=\"async\" class=\"alignnone wp-image-1914\" src=\"https:\/\/fmp-components.com\/wp-content\/uploads\/2024\/12\/Agricultural-PTO-Shaft-and-Rotary-Mower-Gearbox-32.webp\" alt=\"Po\u013enohospod\u00e1rsky v\u00fdvodov\u00fd hriade\u013e a prevodovka rota\u010dnej kosa\u010dky\" width=\"462\" height=\"286\" title=\"\"><\/td>\n<td style=\"width: 50%; height: 284px;\" width=\"98\"><img loading=\"lazy\" decoding=\"async\" class=\"alignnone wp-image-1913\" src=\"https:\/\/fmp-components.com\/wp-content\/uploads\/2024\/12\/Agricultural-PTO-Shaft-and-Rotary-Mower-Gearbox-31.webp\" alt=\"Po\u013enohospod\u00e1rsky v\u00fdvodov\u00fd hriade\u013e a prevodovka rota\u010dnej kosa\u010dky\" width=\"463\" height=\"287\" title=\"\"><\/td>\n<\/tr>\n<\/tbody>\n<\/table>\n<h3>O FMP<\/h3>\n<p>Spolo\u010dnos\u0165 FMP so s\u00eddlom v Taliansku je renomovan\u00e1 spolo\u010dnos\u0165 \u0161pecializuj\u00faca sa na v\u00fdskum, v\u00fdvoj a v\u00fdrobu prevodoviek, reduktorov a stroj\u00e1rskych strojov. Spolo\u010dnos\u0165 FMP, ktor\u00e1 sa etablovala ako l\u00edder v tomto odvetv\u00ed, si vybudovala reput\u00e1ciu zameran\u00edm sa na inov\u00e1cie, kvalitu a siln\u00fd z\u00e1v\u00e4zok podporova\u0165 talenty, \u010d\u00edm sa etablovala ako k\u013e\u00fa\u010dov\u00fd hr\u00e1\u010d v sektore stroj\u00e1rstva.<\/p>\n<p><strong>Komplexn\u00e9 portf\u00f3lio produktov<\/strong><\/p>\n<p>Spolo\u010dnos\u0165 FMP pon\u00faka \u0161irok\u00fa \u0161k\u00e1lu vysokov\u00fdkonn\u00fdch produktov navrhnut\u00fdch tak, aby sp\u013a\u0148ali r\u00f4zne potreby odvetvia. Ich portf\u00f3lio zah\u0155\u0148a \u0161pir\u00e1lov\u00e9 ku\u017ee\u013eov\u00e9 prevodovky, \u010deln\u00e9 prevodovky, z\u00e1vitovkov\u00e9 prevodovky, valcov\u00e9 prevodovky a teles\u00e1 a puzdr\u00e1 ventilov odlievan\u00e9 pod vysok\u00fdm tlakom. Ka\u017ed\u00fd produkt je vyroben\u00fd s presnos\u0165ou, aby poskytoval spo\u013eahliv\u00fd a efekt\u00edvny v\u00fdkon v r\u00f4znych aplik\u00e1ci\u00e1ch.<\/p>\n<p><strong>\u0160irok\u00e9 uplatnenie v r\u00f4znych odvetviach<\/strong><\/p>\n<p>Produkty spolo\u010dnosti FMP s\u00fa v\u0161estrann\u00e9 a sl\u00fa\u017eia \u0161irok\u00e9mu spektru odvetv\u00ed vr\u00e1tane po\u013enohospod\u00e1rstva, kde poh\u00e1\u0148aj\u00fa zariadenia, ako s\u00fa rota\u010dn\u00e9 kosa\u010dky, zameta\u010de snehu, rozmetadl\u00e1 hnoj\u00edv a dopravn\u00edky obilia. Okrem toho spolo\u010dnos\u0165 FMP dod\u00e1va priemyseln\u00e9 stroje na \u0165a\u017ebu ropy, n\u00e1morn\u00e9 aplik\u00e1cie a hydraulick\u00e9 komponenty, \u010d\u00edm dokazuje prisp\u00f4sobivos\u0165 a dosah svojej ponuky produktov.<\/p>\n<p><strong>Pokro\u010dil\u00e1 v\u00fdrobn\u00e1 excelentnos\u0165<\/strong><\/p>\n<p>V\u00fdrobn\u00fd proces spolo\u010dnosti FMP je d\u00f4kazom jej z\u00e1v\u00e4zku ku kvalite a prec\u00edznosti. Od n\u00e1vrhu produktu a\u017e po v\u00fdber materi\u00e1lu spolo\u010dnos\u0165 zabezpe\u010duje, aby bol ka\u017ed\u00fd krok prisp\u00f4soben\u00fd \u0161pecifick\u00fdm potreb\u00e1m klienta. Vysokokvalitn\u00e9 materi\u00e1ly, ako je liatina a hlin\u00edkov\u00e9 zliatiny, s\u00fa vyberan\u00e9 pre svoju odolnos\u0165, zatia\u013e \u010do pokro\u010dil\u00e9 techniky obr\u00e1bania vr\u00e1tane s\u00fastru\u017eenia a fr\u00e9zovania zabezpe\u010duj\u00fa presnos\u0165 ka\u017ed\u00e9ho komponentu. Mont\u00e1\u017eny proces je prec\u00edzny so zameran\u00edm na zarovnanie a mazanie, zatia\u013e \u010do tepeln\u00e9 a povrchov\u00e9 \u00fapravy zlep\u0161uj\u00fa pevnos\u0165, odolnos\u0165 proti opotrebovaniu a vzh\u013ead. Pr\u00edsne opatrenia kontroly kvality zabezpe\u010duj\u00fa, \u017ee ka\u017ed\u00fd produkt sp\u013a\u0148a v\u00fdkonnostn\u00e9 \u0161tandardy pre stabilitu a spo\u013eahlivos\u0165.<\/p>\n<p><strong>Reput\u00e1cia v odvetv\u00ed a glob\u00e1lne partnerstv\u00e1<\/strong><\/p>\n<p>V\u010faka odhodlaniu spolo\u010dnosti FMP pre kvalitu, inov\u00e1cie a spokojnos\u0165 z\u00e1kazn\u00edkov si spolo\u010dnos\u0165 vysl\u00fa\u017eila vynikaj\u00facu reput\u00e1ciu v r\u00e1mci v\u00fdrobn\u00e9ho priemyslu. Spolo\u010dnos\u0165 na\u010falej stavia na svojom dedi\u010dstve vyu\u017e\u00edvan\u00edm pokro\u010dil\u00fdch technol\u00f3gi\u00ed a remeseln\u00e9ho spracovania. FMP v\u00edta glob\u00e1lne partnerstv\u00e1 a spolupr\u00e1cu a je odhodlan\u00e1 poskytova\u0165 rie\u0161enia na mieru, ktor\u00e9 sp\u013a\u0148aj\u00fa jedine\u010dn\u00e9 potreby klientov na celom svete. Pre viac inform\u00e1ci\u00ed o produktoch a slu\u017eb\u00e1ch sa potenci\u00e1lni partneri m\u00f4\u017eu jednoducho obr\u00e1ti\u0165 telefonicky alebo e-mailom, \u010d\u00edm posiln\u00ed z\u00e1v\u00e4zok spolo\u010dnosti FMP k excelentnosti zameranej na z\u00e1kazn\u00edka.<\/p>\n<p><img loading=\"lazy\" decoding=\"async\" class=\"alignnone size-full wp-image-1861\" src=\"https:\/\/fmp-components.com\/wp-content\/uploads\/2024\/12\/Other-Agricultural-Gearboxes.webp\" alt=\"Ostatn\u00e9 po\u013enohospod\u00e1rske prevodovky\" width=\"1200\" height=\"1400\" title=\"\" srcset=\"https:\/\/fmp-components.com\/wp-content\/uploads\/2024\/12\/Other-Agricultural-Gearboxes.webp 1200w, https:\/\/fmp-components.com\/wp-content\/uploads\/2024\/12\/Other-Agricultural-Gearboxes-980x1143.webp 980w, https:\/\/fmp-components.com\/wp-content\/uploads\/2024\/12\/Other-Agricultural-Gearboxes-480x560.webp 480w\" sizes=\"(min-width: 0px) and (max-width: 480px) 480px, (min-width: 481px) and (max-width: 980px) 980px, (min-width: 981px) 1200px, 100vw\" \/><\/p>\n<p>Autor\uff1a CX<\/p>\n<p>&nbsp;<\/p>","protected":false},"excerpt":{"rendered":"<p>Specifications of Rotary Mower Gearbox LF-149B (1:1) Product Description Rotary Mower Gearboxes &#8211; Replacement of Comer Gearbox LF-149B 1:1 Product details All gearboxes are supplied without oil. First oil change after 50-70 operating hours, then after 500-700 operating hours or at least once a year. Contact us for power at a different RPM. Max. input [&hellip;]<\/p>","protected":false},"featured_media":1918,"comment_status":"open","ping_status":"closed","template":"","meta":{"_et_pb_use_builder":"","_et_pb_old_content":"","_et_gb_content_width":""},"product_brand":[],"product_cat":[51],"product_tag":[],"class_list":{"0":"post-1910","1":"product","2":"type-product","3":"status-publish","4":"has-post-thumbnail","6":"product_cat-rotary-mower-gearbox","8":"first","9":"instock","10":"shipping-taxable","11":"product-type-simple"},"_links":{"self":[{"href":"https:\/\/fmp-components.com\/sk\/wp-json\/wp\/v2\/product\/1910","targetHints":{"allow":["GET"]}}],"collection":[{"href":"https:\/\/fmp-components.com\/sk\/wp-json\/wp\/v2\/product"}],"about":[{"href":"https:\/\/fmp-components.com\/sk\/wp-json\/wp\/v2\/types\/product"}],"replies":[{"embeddable":true,"href":"https:\/\/fmp-components.com\/sk\/wp-json\/wp\/v2\/comments?post=1910"}],"wp:featuredmedia":[{"embeddable":true,"href":"https:\/\/fmp-components.com\/sk\/wp-json\/wp\/v2\/media\/1918"}],"wp:attachment":[{"href":"https:\/\/fmp-components.com\/sk\/wp-json\/wp\/v2\/media?parent=1910"}],"wp:term":[{"taxonomy":"product_brand","embeddable":true,"href":"https:\/\/fmp-components.com\/sk\/wp-json\/wp\/v2\/product_brand?post=1910"},{"taxonomy":"product_cat","embeddable":true,"href":"https:\/\/fmp-components.com\/sk\/wp-json\/wp\/v2\/product_cat?post=1910"},{"taxonomy":"product_tag","embeddable":true,"href":"https:\/\/fmp-components.com\/sk\/wp-json\/wp\/v2\/product_tag?post=1910"}],"curies":[{"name":"pracovn\u00fd list","href":"https:\/\/api.w.org\/{rel}","templated":true}]}}