{"id":1895,"date":"2024-12-24T08:55:37","date_gmt":"2024-12-24T08:55:37","guid":{"rendered":"https:\/\/fmp-components.com\/?page_id=8"},"modified":"2024-12-24T08:55:37","modified_gmt":"2024-12-24T08:55:37","slug":"rotary-mower-gearbox-replacement-of-comer-code-lf-32j","status":"publish","type":"product","link":"https:\/\/fmp-components.com\/sk\/product\/rotary-mower-gearbox-replacement-of-comer-code-lf-32j\/","title":{"rendered":"Prevodovka rota\u010dnej kosa\u010dky \u2013 v\u00fdmena Comer Code LF-32J"},"content":{"rendered":"<h2>\u0160pecifik\u00e1cie prevodovky rota\u010dnej kosa\u010dky LF-32J<\/h2>\n<p><img loading=\"lazy\" decoding=\"async\" class=\"alignnone size-full wp-image-1899\" src=\"https:\/\/fmp-components.com\/wp-content\/uploads\/2024\/12\/rotary-mower-gearbox-specification-lf32a.webp\" alt=\"prevodovka rota\u010dnej kosa\u010dky\" width=\"964\" height=\"434\" title=\"\" srcset=\"https:\/\/fmp-components.com\/wp-content\/uploads\/2024\/12\/rotary-mower-gearbox-specification-lf32a.webp 964w, https:\/\/fmp-components.com\/wp-content\/uploads\/2024\/12\/rotary-mower-gearbox-specification-lf32a-480x216.webp 480w\" sizes=\"(min-width: 0px) and (max-width: 480px) 480px, (min-width: 481px) 964px, 100vw\" \/><\/p>\n<table style=\"width: 98.6462%; height: 209px;\" border=\"1\">\n<tbody>\n<tr>\n<td><strong>ja<\/strong><\/td>\n<td>1.93<\/td>\n<\/tr>\n<tr>\n<td><strong>N<sub>1<\/sub>[ot.\/min.]<\/strong><\/td>\n<td>540<\/td>\n<\/tr>\n<tr>\n<td><strong>P<sub>1<\/sub>[kW]<\/strong><\/td>\n<td>44.1<\/td>\n<\/tr>\n<tr>\n<td><strong>M<sub>2<\/sub>[Nm]<\/strong><\/td>\n<td>393<\/td>\n<\/tr>\n<tr>\n<td><strong>Typ hriade\u013ea X<\/strong><\/td>\n<td>1\u201d 3\/8 Z6<\/td>\n<\/tr>\n<tr>\n<td><strong>Typ hriade\u013ea Z<\/strong><\/td>\n<td>Pripojenie rozbo\u010dova\u010da<\/td>\n<\/tr>\n<tr>\n<td><strong>Vstup<\/strong><\/td>\n<td>X<\/td>\n<\/tr>\n<\/tbody>\n<\/table>\n<h3>K\u013abov\u00e9 hriadele pre prevodovky rota\u010dn\u00fdch kosa\u010diek<\/h3>\n<p>Pri v\u00fdbere v\u00fdvodov\u00e9ho hriade\u013ea (PTO) pre prevodovku rota\u010dnej kosa\u010dky je nevyhnutn\u00e9 zvoli\u0165 spr\u00e1vne \u0161pecifik\u00e1cie, aby sa zabezpe\u010dil optim\u00e1lny v\u00fdkon a bezpe\u010dnos\u0165. V\u00fdvodov\u00fd hriade\u013e sl\u00fa\u017ei ako spojenie medzi motorom traktora a prevodovkou a pren\u00e1\u0161a v\u00fdkon potrebn\u00fd na efekt\u00edvnu prev\u00e1dzku no\u017eov kosa\u010dky.<\/p>\n<h4>K\u013e\u00fa\u010dov\u00e9 aspekty v\u00fdberu spr\u00e1vneho kardanov\u00e9ho hriade\u013ea<\/h4>\n<ol>\n<li><strong>Spr\u00e1vna d\u013a\u017eka a priemer:<\/strong> D\u013a\u017eku v\u00fdvodov\u00e9ho hriade\u013ea by ste mali starostlivo zmera\u0165, aby zodpovedala va\u0161ej konkr\u00e9tnej aplik\u00e1cii. Merajte od stredu dr\u00e1\u017eky v\u00fdvodov\u00e9ho hriade\u013ea na traktore k stredu vstupnej dr\u00e1\u017eky na prevodovke. Zabezpe\u010denie spr\u00e1vnej d\u013a\u017eky je nevyhnutn\u00e9 pre spr\u00e1vne zarovnanie, zabr\u00e1nenie nadmern\u00e9mu nam\u00e1haniu hnacieho \u00fastrojenstva a umo\u017enenie plynul\u00e9ho prenosu v\u00fdkonu. Priemer v\u00fdvodov\u00e9ho hriade\u013ea je zvy\u010dajne ur\u010den\u00fd v\u00fdkonom traktora a ve\u013ekos\u0165ou prevodovky. Hriade\u013e, ktor\u00fd je pr\u00edli\u0161 mal\u00fd na po\u017eadovan\u00fd v\u00fdkon, m\u00f4\u017ee vies\u0165 k prehriatiu alebo zlomeniu, zatia\u013e \u010do hriade\u013e, ktor\u00fd je pr\u00edli\u0161 ve\u013ek\u00fd, m\u00f4\u017ee vies\u0165 k neefekt\u00edvnej prev\u00e1dzke.<\/li>\n<li><strong>V\u00fdkon a kr\u00fatiaci moment:<\/strong> V\u00fdber v\u00fdvodov\u00e9ho hriade\u013ea so spr\u00e1vnym v\u00fdkonom a kr\u00fatiacim momentom je nevyhnutn\u00fd pre bezpe\u010dn\u00fa a efekt\u00edvnu prev\u00e1dzku prevodovky rota\u010dnej kosa\u010dky. Ka\u017ed\u00e1 prevodovka m\u00e1 \u0161pecifick\u00e9 po\u017eiadavky na kr\u00fatiaci moment a v\u00fdkon, ktor\u00e9 sa zvy\u010dajne nach\u00e1dzaj\u00fa v \u0161pecifik\u00e1ci\u00e1ch v\u00fdrobcu. Je nevyhnutn\u00e9 prisp\u00f4sobi\u0165 v\u00fdkon v\u00fdvodov\u00e9ho hriade\u013ea t\u00fdmto po\u017eiadavk\u00e1m, aby sa predi\u0161lo pre\u0165a\u017eeniu prevodovky alebo samotn\u00e9ho v\u00fdvodov\u00e9ho hriade\u013ea.<\/li>\n<li><strong>Kompatibilita so zariaden\u00edm:<\/strong> Je d\u00f4le\u017eit\u00e9 zabezpe\u010di\u0165, aby bol v\u00fdvodov\u00fd hriade\u013e kompatibiln\u00fd s traktorom aj s prevodovkou rota\u010dnej kosa\u010dky. V\u00fdvodov\u00e9 hriadele s\u00fa dostupn\u00e9 v r\u00f4znych ve\u013ekostiach vr\u00e1tane r\u00f4znych typov a konfigur\u00e1ci\u00ed dr\u00e1\u017eok. Uistite sa, \u017ee v\u00fdvodov\u00fd hriade\u013e zodpoved\u00e1 typu dr\u00e1\u017eok na v\u00fdstupnom hriadeli v\u00fdvodov\u00e9ho hriade\u013ea traktora aj na vstupnom hriadeli prevodovky.<\/li>\n<li><strong>Bezpe\u010dnostn\u00e9 prvky:<\/strong> Mnoh\u00e9 kardanov\u00e9 hriadele s\u00fa vybaven\u00e9 bezpe\u010dnostn\u00fdmi prvkami, ako je stri\u017en\u00fd kol\u00edk alebo klzn\u00e1 spojka, ktor\u00e9 s\u00fa ur\u010den\u00e9 na ochranu zariadenia aj obsluhy v pr\u00edpade pre\u0165a\u017eenia alebo zablokovania. Tieto prvky pom\u00e1haj\u00fa predch\u00e1dza\u0165 n\u00e1kladn\u00e9mu po\u0161kodeniu prevodovky alebo in\u00fdch \u010dast\u00ed stroja a zvy\u0161uj\u00fa bezpe\u010dnos\u0165 po\u010das prev\u00e1dzky. V\u017edy si vyberte kardanov\u00fd hriade\u013e s t\u00fdmito bezpe\u010dnostn\u00fdmi prvkami, aby ste zn\u00ed\u017eili riziko neh\u00f4d alebo poruchy zariadenia.<\/li>\n<\/ol>\n<h4>Pravideln\u00e1 \u00fadr\u017eba pre dlh\u00fa \u017eivotnos\u0165 a efektivitu<\/h4>\n<p>Pre zaistenie dlhej \u017eivotnosti a optim\u00e1lneho v\u00fdkonu v\u00e1\u0161ho kardanov\u00e9ho hriade\u013ea je nevyhnutn\u00e1 pravideln\u00e1 \u00fadr\u017eba. Patria sem:<\/p>\n<ul>\n<li><strong>Mazanie:<\/strong> Uistite sa, \u017ee v\u00fdvodov\u00fd hriade\u013e a jeho spojovacie prvky s\u00fa spr\u00e1vne namazan\u00e9. Pravideln\u00e9 mazanie minimalizuje trenie, \u010do zni\u017euje opotrebovanie komponentov a pom\u00e1ha pred\u013a\u017ei\u0165 ich \u017eivotnos\u0165.<\/li>\n<li><strong>Kontrola opotrebovania a po\u0161kodenia:<\/strong> Pravidelne kontrolujte v\u00fdvodov\u00fd hriade\u013e, \u010di nevykazuje zn\u00e1mky opotrebenia, ako s\u00fa ohnut\u00e9 hriadele, po\u0161koden\u00e9 dr\u00e1\u017eky alebo nadmern\u00e1 v\u00f4\u013ea. V\u0161etky po\u0161koden\u00e9 komponenty by sa mali okam\u017eite vymeni\u0165, aby sa predi\u0161lo \u010fal\u0161iemu po\u0161kodeniu zariadenia alebo nebezpe\u010dn\u00fdm poruch\u00e1m po\u010das prev\u00e1dzky.<\/li>\n<li><strong>Spr\u00e1vne skladovanie:<\/strong> Ke\u010f sa v\u00fdvodov\u00fd hriade\u013e nepou\u017e\u00edva, skladujte ho na suchom a \u010distom mieste, aby ste ho chr\u00e1nili pred poveternostn\u00fdmi vplyvmi. T\u00fdm sa zabr\u00e1ni tvorbe hrdze alebo kor\u00f3zie, ktor\u00e9 m\u00f4\u017eu obmedzi\u0165 funkciu a \u017eivotnos\u0165 hriade\u013ea.<\/li>\n<\/ul>\n<p>V\u00fdberom vhodn\u00e9ho v\u00fdvodov\u00e9ho hriade\u013ea a jeho spr\u00e1vnou \u00fadr\u017ebou m\u00f4\u017eete zabezpe\u010di\u0165 efekt\u00edvny prenos v\u00fdkonu, pred\u013a\u017ei\u0165 \u017eivotnos\u0165 v\u00fdvodov\u00e9ho hriade\u013ea aj prevodovky rota\u010dnej kosa\u010dky a zlep\u0161i\u0165 celkov\u00fd v\u00fdkon a bezpe\u010dnos\u0165 v\u00e1\u0161ho zariadenia.<\/p>\n<h4>V\u00fdvodov\u00e9 hriadele a prevodovky rota\u010dn\u00fdch kosa\u010diek \u2013 k dispoz\u00edcii na zak\u00fapenie<\/h4>\n<p>Pon\u00fakame vysokokvalitn\u00e9 kardanov\u00e9 hriadele navrhnut\u00e9 tak, aby pasovali do \u0161irokej \u0161k\u00e1ly prevodoviek rota\u010dn\u00fdch kosa\u010diek. Na\u0161e kardanov\u00e9 hriadele s\u00fa vyroben\u00e9 tak, aby sp\u013a\u0148ali pr\u00edsne po\u017eiadavky po\u013enohospod\u00e1rskych a priemyseln\u00fdch aplik\u00e1ci\u00ed. \u010ci u\u017e vymie\u0148ate existuj\u00faci kardanov\u00fd hriade\u013e alebo vybavujete nov\u00e9 zariadenie, poskytujeme spo\u013eahliv\u00e9 a odoln\u00e9 rie\u0161enia. Kontaktujte n\u00e1s pre viac inform\u00e1ci\u00ed o na\u0161ej ponuke kardanov\u00fdch hriade\u013eov alebo pre zadanie objedn\u00e1vky.<\/p>\n<p><img loading=\"lazy\" decoding=\"async\" class=\"alignnone size-full wp-image-1898\" src=\"https:\/\/fmp-components.com\/wp-content\/uploads\/2024\/12\/pto-and-rotary-mower-gearbox.webp\" alt=\"prevodovka rota\u010dnej kosa\u010dky\" width=\"920\" height=\"690\" title=\"\" srcset=\"https:\/\/fmp-components.com\/wp-content\/uploads\/2024\/12\/pto-and-rotary-mower-gearbox.webp 920w, https:\/\/fmp-components.com\/wp-content\/uploads\/2024\/12\/pto-and-rotary-mower-gearbox-480x360.webp 480w\" sizes=\"(min-width: 0px) and (max-width: 480px) 480px, (min-width: 481px) 920px, 100vw\" \/><\/p>\n<h3>O FMP<\/h3>\n<p>Spolo\u010dnos\u0165 FMP so s\u00eddlom v Taliansku je renomovan\u00e1 spolo\u010dnos\u0165 \u0161pecializuj\u00faca sa na v\u00fdskum, v\u00fdvoj a v\u00fdrobu prevodoviek, reduktorov a stroj\u00e1rskych zariaden\u00ed. V\u010faka siln\u00e9mu z\u00e1v\u00e4zku rozv\u00edja\u0165 talenty a podporova\u0165 inov\u00e1cie sa spolo\u010dnos\u0165 FMP stala l\u00eddrom vo svojom odbore.<\/p>\n<h3>Rozmanit\u00e9 produktov\u00e9 portf\u00f3lio<\/h3>\n<p>Produktov\u00fd sortiment spolo\u010dnosti zah\u0155\u0148a:<\/p>\n<ul>\n<li><strong>\u0160pir\u00e1lov\u00e9 ku\u017ee\u013eov\u00e9 prevodovky<\/strong><\/li>\n<li><strong>\u010celn\u00e9 prevodovky<\/strong><\/li>\n<li><strong>\u0160nekov\u00e9 prevodovky<\/strong><\/li>\n<li><strong>Valcov\u00e9 prevodovky<\/strong><\/li>\n<li><strong>Teles\u00e1 a puzdr\u00e1 ventilov z liatej vysokotlakovej liatiny<\/strong><\/li>\n<\/ul>\n<h3>\u0160irok\u00e9 spektrum aplik\u00e1ci\u00ed<\/h3>\n<p>Produkty FMP s\u00fa ve\u013emi v\u0161estrann\u00e9 a sl\u00fa\u017eia mnoh\u00fdm odvetviam vr\u00e1tane:<\/p>\n<ul>\n<li><strong>Po\u013enohospod\u00e1rstvo<\/strong>Pou\u017e\u00edva sa v rota\u010dn\u00fdch kosa\u010dk\u00e1ch, zameta\u010doch snehu, rozmetadl\u00e1ch hnoj\u00edv a dopravn\u00edkoch obilia.<\/li>\n<li><strong>Priemyseln\u00e9 zariadenia<\/strong>Podporn\u00e9 stroje na \u0165a\u017ebu ropy, n\u00e1morn\u00e9 aplik\u00e1cie a hydraulick\u00e9 komponenty pre in\u017einierske projekty.<\/li>\n<\/ul>\n<h3>Pokro\u010dil\u00e9 v\u00fdrobn\u00e9 procesy<\/h3>\n<p>Spolo\u010dnos\u0165 FMP sa p\u00fd\u0161i svojimi robustn\u00fdmi technick\u00fdmi a v\u00fdskumno-v\u00fdvojov\u00fdmi kapacitami a vyr\u00e1ba spo\u013eahliv\u00e9 a vysoko kvalitn\u00e9 produkty prostredn\u00edctvom prec\u00edzneho v\u00fdrobn\u00e9ho procesu:<\/p>\n<ol>\n<li><strong>Dizajn produktu<\/strong>Vyv\u00edjaj\u00fa sa z\u00e1kazkov\u00e9 \u0161pecifik\u00e1cie vr\u00e1tane typu prevodovky, materi\u00e1lu a rozmerov.<\/li>\n<li><strong>Pr\u00edprava materi\u00e1lu<\/strong>Vyberaj\u00fa a pripravuj\u00fa sa vysokokvalitn\u00e9 materi\u00e1ly, ako je liatina a hlin\u00edkov\u00e9 zliatiny.<\/li>\n<li><strong>Presn\u00e9 obr\u00e1banie<\/strong>S\u00fa\u010diastky ako ozuben\u00e9 hriadele a puzdr\u00e1 sa obr\u00e1baj\u00fa pokro\u010dil\u00fdmi technikami, ako je s\u00fastru\u017eenie a fr\u00e9zovanie.<\/li>\n<li><strong>Zhroma\u017edenie<\/strong>Ozuben\u00e9 koles\u00e1, lo\u017eisk\u00e1 a hriadele s\u00fa namontovan\u00e9 v telese, \u010do zabezpe\u010duje presn\u00e9 zarovnanie a spr\u00e1vne mazanie.<\/li>\n<li><strong>Tepeln\u00e9 spracovanie<\/strong>Prevodovky sa tepelne sprac\u00favaj\u00fa, aby sa zv\u00fd\u0161ila pevnos\u0165 a odolnos\u0165 proti opotrebovaniu.<\/li>\n<li><strong>Povrchov\u00e1 \u00faprava<\/strong>Procesy ako le\u0161tenie a pr\u00e1\u0161kov\u00e9 lakovanie zlep\u0161uj\u00fa vzh\u013ead a odolnos\u0165 vo\u010di kor\u00f3zii.<\/li>\n<li><strong>Kontrola kvality<\/strong>Pr\u00edsne kontroly a testovanie zabezpe\u010duj\u00fa stabilitu, presnos\u0165 a s\u00falad s v\u00fdkonnostn\u00fdmi normami.<\/li>\n<\/ol>\n<h3>Reput\u00e1cia v odvetv\u00ed<\/h3>\n<p>V\u010faka odhodlaniu spolo\u010dnosti FMP pre kvalitu, inov\u00e1cie a spokojnos\u0165 z\u00e1kazn\u00edkov si vysl\u00fa\u017eila vynikaj\u00facu reput\u00e1ciu vo v\u00fdrobnom sektore. Spolo\u010dnos\u0165 sa dr\u017e\u00ed filozofie zameranej na remeseln\u00e9 spracovanie, pokro\u010dil\u00e9 technol\u00f3gie a poskytovanie trvalej hodnoty.<\/p>\n<h3>Spolupracujte s nami<\/h3>\n<p>Spolo\u010dnos\u0165 FMP v\u00edta pr\u00edle\u017eitosti na spolupr\u00e1cu s glob\u00e1lnymi klientmi a partnermi. V pr\u00edpade ot\u00e1zok t\u00fdkaj\u00facich sa na\u0161ich produktov a slu\u017eieb n\u00e1s kontaktujte telefonicky alebo e-mailom. Zaviazali sme sa poskytova\u0165 rie\u0161enia na mieru, ktor\u00e9 sp\u013a\u0148aj\u00fa va\u0161e potreby.<\/p>\n<p><img loading=\"lazy\" decoding=\"async\" class=\"alignnone size-full wp-image-1861\" src=\"https:\/\/fmp-components.com\/wp-content\/uploads\/2024\/12\/Other-Agricultural-Gearboxes.webp\" alt=\"Ostatn\u00e9 po\u013enohospod\u00e1rske prevodovky\" width=\"1200\" height=\"1400\" title=\"\" srcset=\"https:\/\/fmp-components.com\/wp-content\/uploads\/2024\/12\/Other-Agricultural-Gearboxes.webp 1200w, https:\/\/fmp-components.com\/wp-content\/uploads\/2024\/12\/Other-Agricultural-Gearboxes-980x1143.webp 980w, https:\/\/fmp-components.com\/wp-content\/uploads\/2024\/12\/Other-Agricultural-Gearboxes-480x560.webp 480w\" sizes=\"(min-width: 0px) and (max-width: 480px) 480px, (min-width: 481px) and (max-width: 980px) 980px, (min-width: 981px) 1200px, 100vw\" \/><\/p>\n<p>Autor: CX<\/p>","protected":false},"excerpt":{"rendered":"<p>Specifications of Rotary Mower Gearbox LF-32J i 1.93 N1[rpm] 540 P1[kW] 44.1 M2[Nm] 393 Shaft Type X 1&#8221; 3\/8 Z6 Shaft Type Z Hub connection Input X PTO Shafts for Rotary Mower Gearboxes When choosing a PTO (Power Take-Off) shaft for a rotary mower gearbox, it&#8217;s crucial to select the correct specifications to ensure optimal [&hellip;]<\/p>","protected":false},"featured_media":1901,"comment_status":"open","ping_status":"closed","template":"","meta":{"_et_pb_use_builder":"","_et_pb_old_content":"","_et_gb_content_width":""},"product_brand":[],"product_cat":[51],"product_tag":[],"class_list":{"0":"post-1895","1":"product","2":"type-product","3":"status-publish","4":"has-post-thumbnail","6":"product_cat-rotary-mower-gearbox","8":"first","9":"instock","10":"shipping-taxable","11":"product-type-simple"},"_links":{"self":[{"href":"https:\/\/fmp-components.com\/sk\/wp-json\/wp\/v2\/product\/1895","targetHints":{"allow":["GET"]}}],"collection":[{"href":"https:\/\/fmp-components.com\/sk\/wp-json\/wp\/v2\/product"}],"about":[{"href":"https:\/\/fmp-components.com\/sk\/wp-json\/wp\/v2\/types\/product"}],"replies":[{"embeddable":true,"href":"https:\/\/fmp-components.com\/sk\/wp-json\/wp\/v2\/comments?post=1895"}],"wp:featuredmedia":[{"embeddable":true,"href":"https:\/\/fmp-components.com\/sk\/wp-json\/wp\/v2\/media\/1901"}],"wp:attachment":[{"href":"https:\/\/fmp-components.com\/sk\/wp-json\/wp\/v2\/media?parent=1895"}],"wp:term":[{"taxonomy":"product_brand","embeddable":true,"href":"https:\/\/fmp-components.com\/sk\/wp-json\/wp\/v2\/product_brand?post=1895"},{"taxonomy":"product_cat","embeddable":true,"href":"https:\/\/fmp-components.com\/sk\/wp-json\/wp\/v2\/product_cat?post=1895"},{"taxonomy":"product_tag","embeddable":true,"href":"https:\/\/fmp-components.com\/sk\/wp-json\/wp\/v2\/product_tag?post=1895"}],"curies":[{"name":"pracovn\u00fd list","href":"https:\/\/api.w.org\/{rel}","templated":true}]}}