{"id":1853,"date":"2024-12-24T07:33:41","date_gmt":"2024-12-24T07:33:41","guid":{"rendered":"https:\/\/fmp-components.com\/?page_id=8"},"modified":"2025-05-07T14:12:19","modified_gmt":"2025-05-07T14:12:19","slug":"rotary-mower-gearboxes-replacement-of-comer-code-lf-211j","status":"publish","type":"product","link":"https:\/\/fmp-components.com\/sk\/product\/rotary-mower-gearboxes-replacement-of-comer-code-lf-211j\/","title":{"rendered":"Prevodovky rota\u010dnej kosa\u010dky \u2013 v\u00fdmena k\u00f3du Comer LF-211J"},"content":{"rendered":"<p><img loading=\"lazy\" decoding=\"async\" class=\"alignnone size-full wp-image-1856\" src=\"https:\/\/fmp-components.com\/wp-content\/uploads\/2024\/12\/Rotary-Mower-Gearbox2.webp\" alt=\"Prevodovka rota\u010dnej kosa\u010dky\" width=\"1261\" height=\"655\" title=\"\" srcset=\"https:\/\/fmp-components.com\/wp-content\/uploads\/2024\/12\/Rotary-Mower-Gearbox2.webp 1261w, https:\/\/fmp-components.com\/wp-content\/uploads\/2024\/12\/Rotary-Mower-Gearbox2-980x509.webp 980w, https:\/\/fmp-components.com\/wp-content\/uploads\/2024\/12\/Rotary-Mower-Gearbox2-480x249.webp 480w\" sizes=\"(min-width: 0px) and (max-width: 480px) 480px, (min-width: 481px) and (max-width: 980px) 980px, (min-width: 981px) 1261px, 100vw\" \/><\/p>\n<p><img loading=\"lazy\" decoding=\"async\" class=\"alignnone size-full wp-image-1854\" src=\"https:\/\/fmp-components.com\/wp-content\/uploads\/2024\/12\/Specifications-of-Rotary-Mower-Gearbox-LF-211J.webp\" alt=\"\u0160pecifik\u00e1cie prevodovky rota\u010dnej kosa\u010dky LF-211J\" width=\"1000\" height=\"590\" title=\"\" srcset=\"https:\/\/fmp-components.com\/wp-content\/uploads\/2024\/12\/Specifications-of-Rotary-Mower-Gearbox-LF-211J.webp 1000w, https:\/\/fmp-components.com\/wp-content\/uploads\/2024\/12\/Specifications-of-Rotary-Mower-Gearbox-LF-211J-980x578.webp 980w, https:\/\/fmp-components.com\/wp-content\/uploads\/2024\/12\/Specifications-of-Rotary-Mower-Gearbox-LF-211J-480x283.webp 480w\" sizes=\"(min-width: 0px) and (max-width: 480px) 480px, (min-width: 481px) and (max-width: 980px) 980px, (min-width: 981px) 1000px, 100vw\" \/><\/p>\n<h2>\u0160pecifik\u00e1cia produktu<\/h2>\n<table class=\"kh-1xzm1su\" style=\"width: 100.272%; height: 542px;\" border=\"1\" cellspacing=\"0\" cellpadding=\"0\" data-intent=\"lists-product-attributes\" data-test-id=\"attributes-list\">\n<tbody class=\"kh-1ago99h\">\n<tr id=\"alexis#custom#item-id\" class=\"kh-bwvum6\" style=\"height: 23px;\" data-test-id=\"attribute-row\">\n<th class=\"kh-10oizfy\" style=\"width: 23.4341%; height: 23px;\">Popis produktu<\/th>\n<td class=\"kh-1f5nhat\" style=\"width: 76.3499%; height: 23px;\">\n<div class=\"kh-pkx4zo\"><a href=\"https:\/\/fmp-components.com\/sk\/product-category\/agricultural-gearbox\/rotary-mower-gearbox\/\">Prevodovky rota\u010dn\u00fdch kosa\u010diek<\/a> \u2013 V\u00fdmena prevodovky Comer LF-211J<\/div>\n<\/td>\n<\/tr>\n<tr id=\"attProductDetails\" class=\"kh-bwvum6\" style=\"height: 99px;\" data-test-id=\"attribute-row\">\n<th class=\"kh-10oizfy\" style=\"width: 23.4341%; height: 99px;\">Detaily produktu<\/th>\n<td class=\"kh-1f5nhat\" style=\"width: 76.3499%; height: 99px;\">\n<ul>\n<li class=\"kh-16zd49f\">V\u0161etky prevodovky sa dod\u00e1vaj\u00fa bez oleja.<\/li>\n<li class=\"kh-16zd49f\">Najprv sa olej vymie\u0148a po 50 \u2013 70 prev\u00e1dzkov\u00fdch hodin\u00e1ch, potom po 500 \u2013 700 prev\u00e1dzkov\u00fdch hodin\u00e1ch alebo aspo\u0148 raz ro\u010dne.<\/li>\n<li class=\"kh-16zd49f\">Pre v\u00fdkon pri in\u00fdch ot\u00e1\u010dkach n\u00e1s kontaktujte.<\/li>\n<\/ul>\n<\/td>\n<\/tr>\n<tr id=\"attApplicationRange\" class=\"kh-bwvum6\" style=\"height: 23px;\" data-test-id=\"attribute-row\">\n<th class=\"kh-10oizfy\" style=\"width: 23.4341%; height: 23px;\">Rozsah pou\u017eitia<\/th>\n<td class=\"kh-1f5nhat\" style=\"width: 76.3499%; height: 23px;\">\n<div class=\"kh-pkx4zo\">Kosa\u010dky<\/div>\n<\/td>\n<\/tr>\n<tr id=\"attConsistsOf\" class=\"kh-bwvum6\" style=\"height: 75px;\" data-test-id=\"attribute-row\">\n<th class=\"kh-10oizfy\" style=\"width: 23.4341%; height: 75px;\">Pozost\u00e1va z<\/th>\n<td class=\"kh-1f5nhat\" style=\"width: 76.3499%; height: 75px;\">\n<ul>\n<li class=\"kh-16zd49f\">Prevodovka<\/li>\n<li class=\"kh-16zd49f\">Bez oleja<\/li>\n<\/ul>\n<\/td>\n<\/tr>\n<tr id=\"taContainsOil\" class=\"kh-bwvum6\" style=\"height: 23px;\" data-test-id=\"attribute-row\">\n<th class=\"kh-10oizfy\" style=\"width: 23.4341%; height: 23px;\">Obsahuje olej<\/th>\n<td class=\"kh-1f5nhat\" style=\"width: 76.3499%; height: 23px;\">\n<div class=\"kh-pkx4zo\">Nie<\/div>\n<\/td>\n<\/tr>\n<tr id=\"taMaxOilCapacityL\" class=\"kh-bwvum6\" style=\"height: 23px;\" data-test-id=\"attribute-row\">\n<th class=\"kh-10oizfy\" style=\"width: 23.4341%; height: 23px;\">Maxim\u00e1lny objem oleja<\/th>\n<td class=\"kh-1f5nhat\" style=\"width: 76.3499%; height: 23px;\">\n<div class=\"kh-pkx4zo\">0,8 l<\/div>\n<\/td>\n<\/tr>\n<tr id=\"taMaxOilChangeIntervalH\" class=\"kh-bwvum6\" style=\"height: 23px;\" data-test-id=\"attribute-row\">\n<th class=\"kh-10oizfy\" style=\"width: 23.4341%; height: 23px;\">Maxim\u00e1lny interval v\u00fdmeny oleja<\/th>\n<td class=\"kh-1f5nhat\" style=\"width: 76.3499%; height: 23px;\">\n<div class=\"kh-pkx4zo\">500 hod\u00edn<\/div>\n<\/td>\n<\/tr>\n<tr id=\"taOilSAEViscosityGrade\" class=\"kh-bwvum6\" style=\"height: 23px;\" data-test-id=\"attribute-row\">\n<th class=\"kh-10oizfy\" style=\"width: 23.4341%; height: 23px;\">Stupe\u0148 viskozity oleja SAE<\/th>\n<td class=\"kh-1f5nhat\" style=\"width: 76.3499%; height: 23px;\">\n<div class=\"kh-pkx4zo\">80W-90<\/div>\n<\/td>\n<\/tr>\n<tr id=\"taHousingMaterial_16\" class=\"kh-bwvum6\" style=\"height: 23px;\" data-test-id=\"attribute-row\">\n<th class=\"kh-10oizfy\" style=\"width: 23.4341%; height: 23px;\">Materi\u00e1l krytu<\/th>\n<td class=\"kh-1f5nhat\" style=\"width: 76.3499%; height: 23px;\">\n<div class=\"kh-pkx4zo\"><a href=\"https:\/\/fmp-components.com\/sk\/cast-iron\/\">Liatina<\/a> GGG40<\/div>\n<\/td>\n<\/tr>\n<tr id=\"taWeightKg_75\" class=\"kh-bwvum6\" style=\"height: 23px;\" data-test-id=\"attribute-row\">\n<th class=\"kh-10oizfy\" style=\"width: 23.4341%; height: 23px;\">Hmotnos\u0165<\/th>\n<td class=\"kh-1f5nhat\" style=\"width: 76.3499%; height: 23px;\">\n<div class=\"kh-pkx4zo\">14 kg<\/div>\n<\/td>\n<\/tr>\n<tr id=\"taGearArrangementInc\" class=\"kh-bwvum6\" style=\"height: 23px;\" data-test-id=\"attribute-row\">\n<th class=\"kh-10oizfy\" style=\"width: 23.4341%; height: 23px;\">Usporiadanie prevodov Zvy\u0161uj\u00face sa<\/th>\n<td class=\"kh-1f5nhat\" style=\"width: 76.3499%; height: 23px;\">\n<div class=\"kh-pkx4zo\">3<\/div>\n<\/td>\n<\/tr>\n<tr id=\"taInputPowerKwHpInc\" class=\"kh-bwvum6\" style=\"height: 23px;\" data-test-id=\"attribute-row\">\n<th class=\"kh-10oizfy\" style=\"width: 23.4341%; height: 23px;\">Vstupn\u00fd v\u00fdkon kW \/ HP Zvy\u0161uj\u00faci sa<\/th>\n<td class=\"kh-1f5nhat\" style=\"width: 76.3499%; height: 23px;\">\n<div class=\"kh-pkx4zo\">14,7 \/ 20 kW\/k<\/div>\n<\/td>\n<\/tr>\n<tr id=\"taInputShaftIncreasi\" class=\"kh-bwvum6\" style=\"height: 23px;\" data-test-id=\"attribute-row\">\n<th class=\"kh-10oizfy\" style=\"width: 23.4341%; height: 23px;\">Vstupn\u00fd hriade\u013e Zvy\u0161ovanie<\/th>\n<td class=\"kh-1f5nhat\" style=\"width: 76.3499%; height: 23px;\">\n<div class=\"kh-pkx4zo\">X<\/div>\n<\/td>\n<\/tr>\n<tr id=\"taNSOutputTorqueDaNm_1\" class=\"kh-bwvum6\" style=\"height: 23px;\" data-test-id=\"attribute-row\">\n<th class=\"kh-10oizfy\" style=\"width: 23.4341%; height: 23px;\">Zvy\u0161uj\u00faci sa v\u00fdstupn\u00fd kr\u00fatiaci moment v DaNm<\/th>\n<td class=\"kh-1f5nhat\" style=\"width: 76.3499%; height: 23px;\">\n<div class=\"kh-pkx4zo\">8,9 daNm<\/div>\n<\/td>\n<\/tr>\n<tr id=\"taRatioIncreasing\" class=\"kh-bwvum6\" style=\"height: 23px;\" data-test-id=\"attribute-row\">\n<th class=\"kh-10oizfy\" style=\"width: 23.4341%; height: 23px;\">Zvy\u0161uj\u00faci sa pomer<\/th>\n<td class=\"kh-1f5nhat\" style=\"width: 76.3499%; height: 23px;\">\n<div class=\"kh-pkx4zo\">1: 2.83<\/div>\n<\/td>\n<\/tr>\n<tr id=\"taRatioReducing\" class=\"kh-bwvum6\" style=\"height: 23px;\" data-test-id=\"attribute-row\">\n<th class=\"kh-10oizfy\" style=\"width: 23.4341%; height: 23px;\">Zn\u00ed\u017eenie pomeru<\/th>\n<td class=\"kh-1f5nhat\" style=\"width: 76.3499%; height: 23px;\">\n<div class=\"kh-pkx4zo\">2.83 : 1<\/div>\n<\/td>\n<\/tr>\n<tr id=\"taShaftX\" class=\"kh-bwvum6\" style=\"height: 23px;\" data-test-id=\"attribute-row\">\n<th class=\"kh-10oizfy\" style=\"width: 23.4341%; height: 23px;\">Hriade\u013e X<\/th>\n<td class=\"kh-1f5nhat\" style=\"width: 76.3499%; height: 23px;\">\n<div class=\"kh-pkx4zo\">1 3\/8&#8243; (6)<\/div>\n<\/td>\n<\/tr>\n<tr id=\"taShaftZ\" class=\"kh-bwvum6\" style=\"height: 23px;\" data-test-id=\"attribute-row\">\n<th class=\"kh-10oizfy\" style=\"width: 23.4341%; height: 23px;\">Hriade\u013e Z<\/th>\n<td class=\"kh-1f5nhat\" style=\"width: 76.3499%; height: 23px;\">\n<div class=\"kh-pkx4zo\">33 hod\u00edn a 7 dn\u00ed<\/div>\n<\/td>\n<\/tr>\n<\/tbody>\n<\/table>\n<h2>Vlastnosti prevodovky rota\u010dnej kosa\u010dky LF-211J<\/h2>\n<p>LF-211J je vysokov\u00fdkonn\u00e1 prevodovka pre rota\u010dn\u00fa kosa\u010dku ur\u010den\u00e1 pre po\u013enohospod\u00e1rske a priemyseln\u00e9 aplik\u00e1cie, ktor\u00e1 poskytuje spo\u013eahliv\u00fd a efekt\u00edvny prenos v\u00fdkonu pre rota\u010dn\u00e9 kosa\u010dky. Medzi k\u013e\u00fa\u010dov\u00e9 vlastnosti patria:<\/p>\n<ul>\n<li><strong>Prevodov\u00fd pomer<\/strong>Prevodovka m\u00e1 prevodov\u00fd pomer 1:2,83, \u010do znamen\u00e1, \u017ee v\u00fdstupn\u00e1 r\u00fdchlos\u0165 je pribli\u017ene 2,83-n\u00e1sobkom vstupnej r\u00fdchlosti.<\/li>\n<li><strong>V\u00fdkonov\u00e1 kapacita<\/strong>Dok\u00e1\u017ee zvl\u00e1dnu\u0165 maxim\u00e1lny vstupn\u00fd v\u00fdkon 14,7 kW (20 HP) a poskytuje maxim\u00e1lny v\u00fdstupn\u00fd kr\u00fatiaci moment 8,9 daNm.<\/li>\n<li><strong>Stavebn\u00edctvo<\/strong>Kryt je vyroben\u00fd z liatiny GGG40, ktor\u00e1 je zn\u00e1ma svojou odolnos\u0165ou a pevnos\u0165ou, \u010do zaru\u010duje dlh\u00fa \u017eivotnos\u0165 a odolnos\u0165 vo\u010di opotrebovaniu.<\/li>\n<li><strong>Objem oleja a \u00fadr\u017eba<\/strong>Prevodovka m\u00e1 maxim\u00e1lny objem oleja 0,8 litra a pou\u017e\u00edva prevodov\u00fd olej SAE 80W-90. Prv\u00fa v\u00fdmenu oleja sa odpor\u00fa\u010da vykona\u0165 po 50 \u2013 70 prev\u00e1dzkov\u00fdch hodin\u00e1ch a n\u00e1sledn\u00e9 v\u00fdmeny ka\u017ed\u00fdch 500 \u2013 700 prev\u00e1dzkov\u00fdch hod\u00edn alebo aspo\u0148 raz ro\u010dne.<\/li>\n<li><strong>Hmotnos\u0165<\/strong>Jednotka v\u00e1\u017ei pribli\u017ene 14 kg, v\u010faka \u010domu sa s \u0148ou relat\u00edvne \u013eahko manipuluje a in\u0161taluje.<\/li>\n<li><strong>\u0160pecifik\u00e1cie hriade\u013ea<\/strong>Vstupn\u00fd hriade\u013e je navrhnut\u00fd pre pripojenie 1 3\/8\u2033 (6-dr\u00e1\u017ekov\u00e9), zatia\u013e \u010do v\u00fdstupn\u00fd hriade\u013e m\u00e1 priemer 33 mm, \u010do zais\u0165uje kompatibilitu so \u0161tandardn\u00fdmi komponentmi rota\u010dnej kosa\u010dky.<\/li>\n<\/ul>\n<p>V\u010faka t\u00fdmto vlastnostiam je prevodovka LF-211J spo\u013eahlivou vo\u013ebou na zv\u00fd\u0161enie v\u00fdkonu a \u00fa\u010dinnosti rota\u010dn\u00fdch kosa\u010diek v r\u00f4znych po\u013enohospod\u00e1rskych prostrediach.<\/p>\n<p><img loading=\"lazy\" decoding=\"async\" class=\"alignnone size-full wp-image-1855\" src=\"https:\/\/fmp-components.com\/wp-content\/uploads\/2024\/12\/PTO-Shaft-for-Rotary-Mower-Gearbox-35.webp\" alt=\"V\u00fdvodov\u00fd hriade\u013e pre prevodovku rota\u010dnej kosa\u010dky\" width=\"2200\" height=\"1100\" title=\"\" srcset=\"https:\/\/fmp-components.com\/wp-content\/uploads\/2024\/12\/PTO-Shaft-for-Rotary-Mower-Gearbox-35.webp 2200w, https:\/\/fmp-components.com\/wp-content\/uploads\/2024\/12\/PTO-Shaft-for-Rotary-Mower-Gearbox-35-1280x640.webp 1280w, https:\/\/fmp-components.com\/wp-content\/uploads\/2024\/12\/PTO-Shaft-for-Rotary-Mower-Gearbox-35-980x490.webp 980w, https:\/\/fmp-components.com\/wp-content\/uploads\/2024\/12\/PTO-Shaft-for-Rotary-Mower-Gearbox-35-480x240.webp 480w\" sizes=\"(min-width: 0px) and (max-width: 480px) 480px, (min-width: 481px) and (max-width: 980px) 980px, (min-width: 981px) and (max-width: 1280px) 1280px, (min-width: 1281px) 2200px, 100vw\" \/><\/p>\n<h3>Ako odstr\u00e1ni\u0165 prevodovku rota\u010dnej kosa\u010dky<\/h3>\n<p>Demont\u00e1\u017e prevodovky rota\u010dnej kosa\u010dky je jednoduch\u00fd proces, ak sa vykon\u00e1va opatrne a systematicky. Pre zaistenie bezpe\u010dnosti a \u00fa\u010dinnosti postupujte pod\u013ea t\u00fdchto krokov:<\/p>\n<h4>1. Odpojte zdroj nap\u00e1jania<\/h4>\n<p>Pred spusten\u00edm odpojte kosa\u010dku od zdroja nap\u00e1jania, aby ste predi\u0161li n\u00e1hodn\u00e9mu spusteniu. M\u00f4\u017ee to zah\u0155\u0148a\u0165 vypnutie motora, odpojenie nap\u00e1jacieho k\u00e1bla alebo odpojenie bat\u00e9rie.<\/p>\n<h4>2. Odstr\u00e1\u0148te rezn\u00e9 \u010depele<\/h4>\n<p>Odpojte kosiace no\u017ee od \u017eacieho \u00fastrojenstva, aby ste z\u00edskali pr\u00edstup k prevodovke. Uistite sa, \u017ee kosa\u010dka je stabiln\u00e1, a na bezpe\u010dn\u00e9 odstr\u00e1nenie no\u017eov pou\u017eite vhodn\u00e9 n\u00e1stroje.<\/p>\n<h4>3. Uvo\u013enite upev\u0148ovacie skrutky prevodovky<\/h4>\n<p>N\u00e1jdite mont\u00e1\u017ene skrutky, ktor\u00e9 upev\u0148uj\u00fa prevodovku k \u017eaciemu r\u00e1mu. Pomocou k\u013e\u00fa\u010da alebo obj\u00edmky tieto skrutky uvo\u013enite a odstr\u00e1\u0148te.<\/p>\n<h4>4. Odpojte vstupn\u00fd a v\u00fdstupn\u00fd hriade\u013e<\/h4>\n<p>Odpojte vstupn\u00fd a v\u00fdstupn\u00fd hriade\u013e pripojen\u00fd k prevodovke. Mo\u017eno budete musie\u0165 odstr\u00e1ni\u0165 spojky, \u010dapy alebo in\u00e9 upevnenia. Pre jednoduch\u0161iu op\u00e4tovn\u00fa mont\u00e1\u017e si v\u0161imnite, ako s\u00fa hriadele pripojen\u00e9.<\/p>\n<h4>5. Demont\u00e1\u017e prevodovky z plo\u0161iny<\/h4>\n<p>Opatrne zdvihnite prevodovku z \u017eacieho \u00fastrojenstva. V z\u00e1vislosti od ve\u013ekosti a hmotnosti prevodovky m\u00f4\u017ee by\u0165 na zaistenie bezpe\u010dnej manipul\u00e1cie potrebn\u00e1 pomoc druhej osoby.<\/p>\n<h4>6. Skontrolujte prevodovku<\/h4>\n<p>Skontrolujte prevodovku, \u010di nejav\u00ed zn\u00e1mky opotrebovania alebo po\u0161kodenia, ako s\u00fa opotrebovan\u00e9 ozuben\u00e9 koles\u00e1, po\u0161koden\u00e9 tesnenia alebo chybn\u00e9 lo\u017eisk\u00e1. Tento krok je k\u013e\u00fa\u010dov\u00fd pre ur\u010denie, \u010di je mo\u017en\u00e9 prevodovku opravi\u0165 alebo je potrebn\u00e9 ju vymeni\u0165.<\/p>\n<h4>7. Oprava alebo v\u00fdmena prevodovky<\/h4>\n<p>Ak prevodovka vykazuje zn\u00e1mky po\u0161kodenia, postupujte pod\u013ea pokynov v\u00fdrobcu na opravu alebo v\u00fdmenu. Pred op\u00e4tovnou in\u0161tal\u00e1ciou sa uistite, \u017ee v\u0161etky komponenty s\u00fa v bezchybnom prev\u00e1dzkovom stave.<\/p>\n<h4>8. Znovu nain\u0161talujte prevodovku<\/h4>\n<p>Ak chcete znova nain\u0161talova\u0165, postupujte pod\u013ea krokov na odstr\u00e1nenie v opa\u010dnom porad\u00ed:<\/p>\n<ul>\n<li>Umiestnite prevodovku na \u017eacie teleso.<\/li>\n<li>Upevnite mont\u00e1\u017ene skrutky a utiahnite ich pod\u013ea odpor\u00fa\u010dan\u00e9ho kr\u00fatiaceho momentu v\u00fdrobcu.<\/li>\n<li>Znovu pripojte vstupn\u00fd a v\u00fdstupn\u00fd hriade\u013e a uistite sa, \u017ee v\u0161etky spojky a pr\u00eddavn\u00e9 zariadenia s\u00fa spr\u00e1vne zarovnan\u00e9.<\/li>\n<li>Bezpe\u010dne nain\u0161talujte rezn\u00e9 no\u017ee sp\u00e4\u0165.<\/li>\n<\/ul>\n<h4>9. Otestujte kosa\u010dku<\/h4>\n<p>Po op\u00e4tovnej in\u0161tal\u00e1cii otestujte kosa\u010dku, aby ste sa uistili, \u017ee prevodovka funguje hladko a \u017ee nevyd\u00e1va \u017eiadne nezvy\u010dajn\u00e9 zvuky ani vibr\u00e1cie.<\/p>\n<h3>Bezpe\u010dnostn\u00e9 tipy<\/h3>\n<ul>\n<li>Po\u010das procesu v\u017edy noste ochrann\u00e9 rukavice a ochrann\u00e9 okuliare.<\/li>\n<li>Pou\u017e\u00edvajte stabiln\u00e9 podpery, aby ste zabr\u00e1nili prevr\u00e1teniu kosa\u010dky.<\/li>\n<li>Pre zaistenie kompatibility a bezpe\u010dnosti dodr\u017eiavajte konkr\u00e9tne pokyny v pou\u017e\u00edvate\u013eskej pr\u00edru\u010dke kosa\u010dky.<\/li>\n<\/ul>\n<p>Starostliv\u00fdm dodr\u017eiavan\u00edm t\u00fdchto krokov a bezpe\u010dnostn\u00fdch opatren\u00ed m\u00f4\u017eete pod\u013ea potreby \u00faspe\u0161ne odstr\u00e1ni\u0165, skontrolova\u0165 a vymeni\u0165 alebo opravi\u0165 prevodovku rota\u010dnej kosa\u010dky.<\/p>\n<p><img loading=\"lazy\" decoding=\"async\" class=\"alignnone size-full wp-image-1857\" src=\"https:\/\/fmp-components.com\/wp-content\/uploads\/2024\/12\/Rotary-Mower-Gearbox1.webp\" alt=\"Prevodovka rota\u010dnej kosa\u010dky\" width=\"1275\" height=\"428\" title=\"\" srcset=\"https:\/\/fmp-components.com\/wp-content\/uploads\/2024\/12\/Rotary-Mower-Gearbox1.webp 1275w, https:\/\/fmp-components.com\/wp-content\/uploads\/2024\/12\/Rotary-Mower-Gearbox1-980x329.webp 980w, https:\/\/fmp-components.com\/wp-content\/uploads\/2024\/12\/Rotary-Mower-Gearbox1-480x161.webp 480w\" sizes=\"(min-width: 0px) and (max-width: 480px) 480px, (min-width: 481px) and (max-width: 980px) 980px, (min-width: 981px) 1275px, 100vw\" \/><\/p>\n<h3>O FMP<\/h3>\n<p>FMP je prominentn\u00e1 spolo\u010dnos\u0165 so s\u00eddlom v Taliansku, ktor\u00e1 sa \u0161pecializuje na v\u00fdskum, v\u00fdvoj a v\u00fdrobu r\u00f4znych prevodoviek, reduktorov a stroj\u00e1rskych strojov. Spolo\u010dnos\u0165 sa tie\u017e zaviazala rozv\u00edja\u0165 technick\u00e9 talenty s cie\u013eom podporova\u0165 inov\u00e1cie a excelentnos\u0165 vo svojom odbore. Produktov\u00e9 portf\u00f3lio FMP zah\u0155\u0148a \u0161pir\u00e1lov\u00e9 ku\u017ee\u013eov\u00e9 prevodovky, \u010deln\u00e9 prevodovky, <a href=\"https:\/\/fmp-components.com\/sk\/worm-gearbox\/\">z\u00e1vitovkov\u00e9 prevodovky<\/a>, valcov\u00e9 prevodovky, ako aj teles\u00e1 a puzdr\u00e1 ventilov odlievan\u00e9 pod vysok\u00fdm tlakom.<\/p>\n<h4>Rozsiahle aplik\u00e1cie<\/h4>\n<p>Produkty spolo\u010dnosti FMP sa \u0161iroko pou\u017e\u00edvaj\u00fa v r\u00f4znych aplik\u00e1ci\u00e1ch vr\u00e1tane:<\/p>\n<ul>\n<li>Po\u013enohospod\u00e1rske stroje, ako s\u00fa rota\u010dn\u00e9 kosa\u010dky, zameta\u010de snehu, rozmetadl\u00e1 hnoj\u00edv a dopravn\u00edky na obilie.<\/li>\n<li>Priemyseln\u00e9 zariadenia, stroje na \u0165a\u017ebu ropy, n\u00e1morn\u00e9 priemyseln\u00e9 zariadenia a hydraulick\u00e9 komponenty pre in\u017einierske projekty.<\/li>\n<\/ul>\n<h4>Pokro\u010dil\u00e1 v\u00fdroba a technol\u00f3gie<\/h4>\n<p>Spolo\u010dnos\u0165 FMP je hrd\u00e1 na svoje robustn\u00e9 technick\u00e9 a v\u00fdskumn\u00e9 a v\u00fdvojov\u00e9 kapacity, ktor\u00e9 zabezpe\u010duj\u00fa spo\u013eahliv\u00e9 a vysoko kvalitn\u00e9 produkty sp\u013a\u0148aj\u00face po\u017eiadavky modern\u00e9ho priemyslu. Spolo\u010dnos\u0165 pou\u017e\u00edva prec\u00edzny a sofistikovan\u00fd v\u00fdrobn\u00fd proces, ktor\u00fd zah\u0155\u0148a:<\/p>\n<ol>\n<li><strong>Dizajn produktu<\/strong>Vypracovanie prisp\u00f4soben\u00fdch \u0161pecifik\u00e1ci\u00ed, materi\u00e1lov a rozmerov pod\u013ea potrieb klienta.<\/li>\n<li><strong>Pr\u00edprava materi\u00e1lu<\/strong>Pou\u017eitie pr\u00e9miov\u00fdch materi\u00e1lov, ako je liatina alebo hlin\u00edkov\u00e9 zliatiny.<\/li>\n<li><strong>Presn\u00e9 obr\u00e1banie<\/strong>Vyu\u017e\u00edvanie pokro\u010dil\u00fdch techn\u00edk s\u00fastru\u017eenia, fr\u00e9zovania a in\u00fdch obr\u00e1bac\u00edch techn\u00edk na v\u00fdrobu k\u013e\u00fa\u010dov\u00fdch komponentov, ako s\u00fa ozuben\u00e9 koles\u00e1 a puzdr\u00e1.<\/li>\n<li><strong>Zhroma\u017edenie<\/strong>Mont\u00e1\u017e ozuben\u00fdch kolies, lo\u017e\u00edsk a hriade\u013eov do puzdra s presn\u00fdm zarovnan\u00edm, kalibr\u00e1ciou a vhodn\u00fdm mazan\u00edm.<\/li>\n<li><strong>Procesn\u00e1 \u00faprava<\/strong>Vykon\u00e1vanie tepeln\u00e9ho spracovania na zv\u00fd\u0161enie pevnosti a odolnosti vo\u010di opotrebovaniu.<\/li>\n<li><strong>Povrchov\u00e1 \u00faprava<\/strong>Aplik\u00e1cia le\u0161tenia, pr\u00e1\u0161kov\u00e9ho lakovania a in\u00fdch povrchov\u00fdch \u00faprav pre lep\u0161\u00ed vzh\u013ead a odolnos\u0165 proti kor\u00f3zii.<\/li>\n<li><strong>Kontrola kvality<\/strong>Implement\u00e1cia pr\u00edsnych kontrol a testov rozmerov, presnosti, hluku a vibr\u00e1ci\u00ed s cie\u013eom zabezpe\u010di\u0165 stabilitu, bezpe\u010dnos\u0165 a konzistentn\u00fa kvalitu.<\/li>\n<\/ol>\n<h4>Reput\u00e1cia v odvetv\u00ed<\/h4>\n<p>V\u010faka odhodlaniu spolo\u010dnosti FMP pre kvalitu, inov\u00e1cie a spokojnos\u0165 z\u00e1kazn\u00edkov si z\u00edskala vynikaj\u00face renom\u00e9 vo \u200b\u200bv\u00fdrobnom priemysle. Spolo\u010dnos\u0165 sa dr\u017e\u00ed jedine\u010dnej obchodnej filozofie, ktor\u00e1 kladie d\u00f4raz na spo\u013eahlivos\u0165, remeseln\u00e9 spracovanie a excelentnos\u0165.<\/p>\n<p>V\u00edtame ot\u00e1zky a pr\u00edle\u017eitosti na spolupr\u00e1cu od klientov a partnerov z cel\u00e9ho sveta. Nev\u00e1hajte n\u00e1s kontaktova\u0165 telefonicky alebo e-mailom a z\u00edska\u0165 viac inform\u00e1ci\u00ed o na\u0161ich produktoch a slu\u017eb\u00e1ch.<\/p>\n<p><img loading=\"lazy\" decoding=\"async\" class=\"alignnone size-full wp-image-1861\" src=\"https:\/\/fmp-components.com\/wp-content\/uploads\/2024\/12\/Other-Agricultural-Gearboxes.webp\" alt=\"Ostatn\u00e9 po\u013enohospod\u00e1rske prevodovky\" width=\"1200\" height=\"1400\" title=\"\" srcset=\"https:\/\/fmp-components.com\/wp-content\/uploads\/2024\/12\/Other-Agricultural-Gearboxes.webp 1200w, https:\/\/fmp-components.com\/wp-content\/uploads\/2024\/12\/Other-Agricultural-Gearboxes-980x1143.webp 980w, https:\/\/fmp-components.com\/wp-content\/uploads\/2024\/12\/Other-Agricultural-Gearboxes-480x560.webp 480w\" sizes=\"(min-width: 0px) and (max-width: 480px) 480px, (min-width: 481px) and (max-width: 980px) 980px, (min-width: 981px) 1200px, 100vw\" \/><\/p>\n<p>Autor: CX<\/p>","protected":false},"excerpt":{"rendered":"<p>Product Specification Product Description Rotary Mower Gearboxes &#8211; Replacement of Comer Gearbox LF-211J Product details All gearboxes are supplied without oil. First, the oil change after 50-70 operating hours, then after 500-700 operating hours or at least once a year. Contact us for power at a different RPM. Application range Mowers Consists of Gearbox Without [&hellip;]<\/p>","protected":false},"featured_media":1858,"comment_status":"open","ping_status":"closed","template":"","meta":{"_et_pb_use_builder":"","_et_pb_old_content":"","_et_gb_content_width":""},"product_brand":[],"product_cat":[51],"product_tag":[],"class_list":{"0":"post-1853","1":"product","2":"type-product","3":"status-publish","4":"has-post-thumbnail","6":"product_cat-rotary-mower-gearbox","8":"first","9":"instock","10":"shipping-taxable","11":"product-type-simple"},"_links":{"self":[{"href":"https:\/\/fmp-components.com\/sk\/wp-json\/wp\/v2\/product\/1853","targetHints":{"allow":["GET"]}}],"collection":[{"href":"https:\/\/fmp-components.com\/sk\/wp-json\/wp\/v2\/product"}],"about":[{"href":"https:\/\/fmp-components.com\/sk\/wp-json\/wp\/v2\/types\/product"}],"replies":[{"embeddable":true,"href":"https:\/\/fmp-components.com\/sk\/wp-json\/wp\/v2\/comments?post=1853"}],"wp:featuredmedia":[{"embeddable":true,"href":"https:\/\/fmp-components.com\/sk\/wp-json\/wp\/v2\/media\/1858"}],"wp:attachment":[{"href":"https:\/\/fmp-components.com\/sk\/wp-json\/wp\/v2\/media?parent=1853"}],"wp:term":[{"taxonomy":"product_brand","embeddable":true,"href":"https:\/\/fmp-components.com\/sk\/wp-json\/wp\/v2\/product_brand?post=1853"},{"taxonomy":"product_cat","embeddable":true,"href":"https:\/\/fmp-components.com\/sk\/wp-json\/wp\/v2\/product_cat?post=1853"},{"taxonomy":"product_tag","embeddable":true,"href":"https:\/\/fmp-components.com\/sk\/wp-json\/wp\/v2\/product_tag?post=1853"}],"curies":[{"name":"pracovn\u00fd list","href":"https:\/\/api.w.org\/{rel}","templated":true}]}}