{"id":1845,"date":"2024-12-24T06:38:50","date_gmt":"2024-12-24T06:38:50","guid":{"rendered":"https:\/\/fmp-components.com\/?page_id=8"},"modified":"2024-12-24T06:52:40","modified_gmt":"2024-12-24T06:52:40","slug":"post-hole-digger-gearbox-replacement-of-comer-code-t-22f","status":"publish","type":"product","link":"https:\/\/fmp-components.com\/sk\/product\/post-hole-digger-gearbox-replacement-of-comer-code-t-22f\/","title":{"rendered":"Prevodovka pre r\u00fdpadlo na st\u013apiky \u2013 v\u00fdmena Comer Code T-22F"},"content":{"rendered":"<p>Na\u0161a prevodovka pre v\u0155tacie r\u00fdpadl\u00e1, \u0161peci\u00e1lne navrhnut\u00e1 ako n\u00e1hrada za Comer Code T-22F. T\u00e1to vysokov\u00fdkonn\u00e1 prevodovka je skon\u0161truovan\u00e1 tak, aby sp\u013a\u0148ala po\u017eiadavky r\u00f4znych v\u0155tac\u00edch aplik\u00e1ci\u00ed a zabezpe\u010dovala \u00fa\u010dinnos\u0165 a spo\u013eahlivos\u0165.<\/p>\n<h3>K\u013e\u00fa\u010dov\u00e9 vlastnosti:<\/h3>\n<ul>\n<li><strong>Vysok\u00fd kr\u00fatiaci moment<\/strong>T\u00e1to prevodovka je skon\u0161truovan\u00e1 tak, aby zvl\u00e1dala vysok\u00fd kr\u00fatiaci moment a efekt\u00edvne pren\u00e1\u0161ala v\u00fdkon z traktora na vrt\u00e1k pre optim\u00e1lny v\u00fdkon v\u0155tania v n\u00e1ro\u010dn\u00fdch p\u00f4dnych podmienkach.<\/li>\n<li><strong>Odoln\u00e1 kon\u0161trukcia<\/strong>Na\u0161a prevodovka je vyroben\u00e1 z prvotriednych materi\u00e1lov a pon\u00faka v\u00fdnimo\u010dn\u00fa pevnos\u0165 a odolnos\u0165 vo\u010di opotrebovaniu, \u010do zaru\u010duje dlh\u00fa \u017eivotnos\u0165 aj pri n\u00e1ro\u010dnom pou\u017e\u00edvan\u00ed.<\/li>\n<li><strong>Presn\u00e9 in\u017einierstvo<\/strong>Ka\u017ed\u00e1 jednotka je starostlivo opracovan\u00e1, aby sa zaru\u010dila plynul\u00e1 prev\u00e1dzka a presn\u00fd v\u00fdkon, minimalizuj\u00fa sa straty energie a zvy\u0161uje sa celkov\u00e1 \u00fa\u010dinnos\u0165.<\/li>\n<li><strong>Kompaktn\u00fd dizajn<\/strong>Kompaktn\u00e1 ve\u013ekos\u0165 umo\u017e\u0148uje jednoduch\u00fa in\u0161tal\u00e1ciu a kompatibilitu s r\u00f4znymi zostavami vrt\u00e1kov na st\u013apiky, v\u010faka \u010domu je v\u0161estrannou vo\u013ebou pre r\u00f4zne aplik\u00e1cie.<\/li>\n<li><strong>V\u0161estrann\u00e1 kompatibilita<\/strong>T\u00e1to prevodovka je navrhnut\u00e1 tak, aby pasovala do r\u00f4znych traktorov a rypac\u00edch strojov a je vhodn\u00e1 pre po\u013enohospod\u00e1rske, ter\u00e9nne a stavebn\u00e9 projekty.<\/li>\n<li><strong>\u00da\u010dinn\u00fd tesniaci syst\u00e9m<\/strong>Integrovan\u00e9 tesnenia zabra\u0148uj\u00fa vniknutiu ne\u010dist\u00f4t a vlhkosti do prevodovky, \u010d\u00edm udr\u017eiavaj\u00fa mazanie a predl\u017euj\u00fa \u017eivotnos\u0165 vn\u00fatorn\u00fdch komponentov.<\/li>\n<li><strong>N\u00edzke n\u00e1roky na \u00fadr\u017ebu<\/strong>T\u00e1to prevodovka je navrhnut\u00e1 pre dlh\u00fa \u017eivotnos\u0165 a vy\u017eaduje minim\u00e1lnu \u00fadr\u017ebu, \u010do umo\u017e\u0148uje pou\u017e\u00edvate\u013eom s\u00fastredi\u0165 sa na pr\u00e1cu bez \u010dast\u00e9ho preru\u0161ovania.<\/li>\n<\/ul>\n<p>Na\u0161a prevodovka pre v\u0155tacie r\u00fdpadl\u00e1, navrhnut\u00e1 ako n\u00e1hrada za prevodovku Comer Code T-22F, kombinuje robustn\u00fa kon\u0161trukciu s presn\u00fdm in\u017einierstvom, v\u010faka \u010domu je perfektn\u00fdm rie\u0161en\u00edm pre v\u0161etky va\u0161e potreby v\u0155tania. Pre viac inform\u00e1ci\u00ed alebo na zadanie objedn\u00e1vky n\u00e1s pros\u00edm kontaktujte e\u0161te dnes!<\/p>\n<h2>\u0160pecifik\u00e1cie produktu:<\/h2>\n<table style=\"width: 100%;\" border=\"1\" width=\"100%\" cellspacing=\"0\" cellpadding=\"0\">\n<tbody>\n<tr>\n<th>Popis<\/th>\n<td>Prevodovka pre r\u00fdpadlo na st\u013apiky \u2013 V\u00fdmena redukcie r\u00fdchlosti Comer Code T-22F<\/td>\n<\/tr>\n<tr>\n<th>Aplik\u00e1cia<\/th>\n<td>R\u00f4zne (po\u013enohospod\u00e1rske) aplik\u00e1cie, Viacriadkov\u00e9 rota\u010dn\u00e9 kultiv\u00e1tory, V\u0155ta\u010dka na otvory<\/td>\n<\/tr>\n<tr>\n<th>Pozost\u00e1va z<\/th>\n<td>Prevodovka<\/td>\n<\/tr>\n<tr>\n<th>Bez oleja<\/th>\n<td>Technick\u00e9 inform\u00e1cie<\/td>\n<\/tr>\n<tr>\n<th>Obsahuje olej<\/th>\n<td>Nie<\/td>\n<\/tr>\n<tr>\n<th>Objem a typ oleja<\/th>\n<td>3.3 GL-5 80W-90 l<\/td>\n<\/tr>\n<tr>\n<th>Zvy\u0161ovanie usporiadania prevodov<\/th>\n<td>23 &#8211; 24<\/td>\n<\/tr>\n<tr>\n<th>Zn\u00ed\u017eenie usporiadania prevodov<\/th>\n<td>3 &#8211; 4<\/td>\n<\/tr>\n<tr>\n<th>Vstupn\u00fd v\u00fdkon kW \/ HP Zvy\u0161uj\u00faci sa<\/th>\n<td>72,1 \/ 98 kW\/k<\/td>\n<\/tr>\n<tr>\n<th>Vstup<\/th>\n<td>540 ot.\/min.<\/td>\n<\/tr>\n<tr>\n<th>Vstupn\u00fd hriade\u013e Zvy\u0161ovanie<\/th>\n<td>Y<\/td>\n<\/tr>\n<tr>\n<th>Redukcia vstupn\u00e9ho hriade\u013ea<\/th>\n<td>Z<\/td>\n<\/tr>\n<tr>\n<th>Materi\u00e1l b\u00fdvania<\/th>\n<td>Liatina GG25<\/td>\n<\/tr>\n<tr>\n<th>Zn\u00ed\u017eenie vstupn\u00e9ho v\u00fdkonu kW \/ HP<\/th>\n<td>60,4 \/ 82 kW\/k<\/td>\n<\/tr>\n<tr>\n<th>V\u00fdstupn\u00fd kr\u00fatiaci moment DaNm<\/th>\n<td>199,5 daNm<\/td>\n<\/tr>\n<tr>\n<th>Zvy\u0161uj\u00faci sa v\u00fdstupn\u00fd kr\u00fatiaci moment v DaNm<\/th>\n<td>64 daNm<\/td>\n<\/tr>\n<tr>\n<th>Interval v\u00fdmeny oleja<\/th>\n<td>500 hod\u00edn<\/td>\n<\/tr>\n<tr>\n<th>Zvy\u0161uj\u00faci sa pomer<\/th>\n<td>1 : 1.93<\/td>\n<\/tr>\n<tr>\n<th>Zn\u00ed\u017eenie pomeru<\/th>\n<td>1.93 : 1<\/td>\n<\/tr>\n<tr>\n<th>Hriade\u013e Y<\/th>\n<td>1 3\/8\u2033 (6) (B)<\/td>\n<\/tr>\n<tr>\n<th>Hriade\u013e Z<\/th>\n<td>1 3\/8\u2033 (6) (\u0160)<\/td>\n<\/tr>\n<tr>\n<th>Hmotnos\u0165<\/th>\n<td>29 kg<\/td>\n<\/tr>\n<\/tbody>\n<\/table>\n<h2>O FMP<\/h2>\n<p>Spolo\u010dnos\u0165 FMP so s\u00eddlom v Taliansku je popredn\u00fdm inov\u00e1torom vo v\u00fdskume, v\u00fdvoji a v\u00fdrobe \u0161irokej \u0161k\u00e1ly prevodoviek, reduktorov a strojov. N\u00e1\u0161 z\u00e1v\u00e4zok k dokonalosti a inov\u00e1ci\u00e1m n\u00e1m umo\u017enil vytvori\u0165 rozsiahly sortiment produktov, ktor\u00fd zah\u0155\u0148a:<\/p>\n<ul>\n<li><strong>\u0160pir\u00e1lov\u00e9 ku\u017ee\u013eov\u00e9 prevodovky<\/strong><\/li>\n<li><strong>Priame prevodovky<\/strong><\/li>\n<li><strong>\u0160nekov\u00e9 prevodovky<\/strong><\/li>\n<li><strong>Valcov\u00e9 prevodovky<\/strong><\/li>\n<li><strong>Teles\u00e1 a puzdr\u00e1 ventilov z liatej vysokotlakovej liatiny<\/strong><\/li>\n<\/ul>\n<p>Na\u0161e produkty s\u00fa ur\u010den\u00e9 pre r\u00f4zne aplik\u00e1cie v r\u00f4znych odvetviach vr\u00e1tane po\u013enohospod\u00e1rstva, stavebn\u00edctva a n\u00e1morn\u00edctva. Nach\u00e1dzaj\u00fa be\u017en\u00e9 uplatnenie v po\u013enohospod\u00e1rskych kosa\u010dk\u00e1ch, snehov\u00fdch pluhoch, rozmetadl\u00e1ch hnoj\u00edv, dopravn\u00edkoch obilia, priemyseln\u00fdch strojoch, zariadeniach na \u0165a\u017ebu ropy a hydraulick\u00fdch syst\u00e9moch.<\/p>\n<p>V spolo\u010dnosti FMP sme hrd\u00ed na na\u0161e siln\u00e9 technick\u00e9 znalosti a v\u00fdskumn\u00e9 schopnosti. N\u00e1\u0161 z\u00e1v\u00e4zok vyr\u00e1ba\u0165 spo\u013eahliv\u00e9 a vysoko kvalitn\u00e9 produkty n\u00e1s etabloval ako d\u00f4veryhodn\u00e9 meno vo v\u00fdrobnom priemysle. Riadime sa charakteristickou obchodnou filozofiou, ktor\u00e1 kladie d\u00f4raz na inov\u00e1cie, kvalitu a spokojnos\u0165 z\u00e1kazn\u00edkov, \u010do n\u00e1m umo\u017e\u0148uje efekt\u00edvne reagova\u0165 na meniace sa potreby na\u0161ich klientov.<\/p>\n<p><img loading=\"lazy\" decoding=\"async\" class=\"alignnone wp-image-1840\" src=\"https:\/\/fmp-components.com\/wp-content\/uploads\/2024\/12\/Post-Hole-Digger-Gearbox-6.webp\" alt=\"Prevodovka na vykop\u00e1vanie jamy\" width=\"884\" height=\"582\" title=\"\" srcset=\"https:\/\/fmp-components.com\/wp-content\/uploads\/2024\/12\/Post-Hole-Digger-Gearbox-6.webp 884w, https:\/\/fmp-components.com\/wp-content\/uploads\/2024\/12\/Post-Hole-Digger-Gearbox-6-480x316.webp 480w\" sizes=\"(min-width: 0px) and (max-width: 480px) 480px, (min-width: 481px) 884px, 100vw\" \/><\/p>\n<h3>V\u00fdrobn\u00fd proces pre po\u013enohospod\u00e1rske prevodovky<\/h3>\n<p>V\u00fdroba po\u013enohospod\u00e1rskych prevodoviek je detailn\u00fd proces, ktor\u00fd zah\u0155\u0148a nieko\u013eko k\u013e\u00fa\u010dov\u00fdch krokov, pri\u010dom ka\u017ed\u00fd z nich je zameran\u00fd na zabezpe\u010denie najvy\u0161\u0161ej kvality a v\u00fdkonu:<\/p>\n<p><strong>Dizajn produktu<\/strong><br \/>\nV po\u010diato\u010dnej f\u00e1ze sa zameriavame na definovanie \u0161pecifik\u00e1ci\u00ed, v\u00fdber materi\u00e1lov a ur\u010denie rozmerov prisp\u00f4soben\u00fdch potreb\u00e1m konkr\u00e9tnej aplik\u00e1cie. N\u00e1\u0161 dizajn\u00e9rsky t\u00edm \u00fazko spolupracuje s klientmi, aby pochopil ich po\u017eiadavky a integroval najnov\u0161ie technologick\u00e9 pokroky.<\/p>\n<p><strong>Pr\u00edprava surov\u00edn<\/strong><br \/>\nStarostlivo vyber\u00e1me z\u00e1kladn\u00e9 materi\u00e1ly, predov\u0161etk\u00fdm liatinu a hlin\u00edkov\u00e9 zliatiny, aby sme zabezpe\u010dili, \u017ee sp\u013a\u0148aj\u00fa na\u0161e pr\u00edsne \u0161tandardy kvality. Ka\u017ed\u00e1 \u0161ar\u017ea prech\u00e1dza d\u00f4kladnou kontrolou, aby sme zaru\u010dili optim\u00e1lny v\u00fdkon na\u0161ich produktov.<\/p>\n<p><strong>Presn\u00e9 obr\u00e1banie<\/strong><br \/>\nSuroviny sa podrobuj\u00fa presn\u00e9mu obr\u00e1baniu vr\u00e1tane s\u00fastru\u017eenia a fr\u00e9zovania, aby sa s v\u00fdnimo\u010dnou presnos\u0165ou vytvorili ozuben\u00e9 koles\u00e1, hriadele a puzdr\u00e1. Na\u0161e modern\u00e9 stroje a sk\u00fasen\u00ed technici zabezpe\u010duj\u00fa, \u017ee ka\u017ed\u00fd komponent je vyroben\u00fd pod\u013ea najvy\u0161\u0161\u00edch \u0161tandardov.<\/p>\n<p><strong>Zhroma\u017edenie<\/strong><br \/>\nPo\u010das f\u00e1zy mont\u00e1\u017ee sa komponenty, ako s\u00fa ozuben\u00e9 koles\u00e1, lo\u017eisk\u00e1 a hriadele, starostlivo montuj\u00fa do puzdra. Tento proces zah\u0155\u0148a pr\u00edsne kontroly presnosti a kalibr\u00e1cie spolu s aplik\u00e1ciou vhodn\u00fdch maz\u00edv na zabezpe\u010denie hladkej a efekt\u00edvnej prev\u00e1dzky.<\/p>\n<p><strong>Procesn\u00e1 \u00faprava<\/strong><br \/>\nPre zv\u00fd\u0161enie pevnosti a odolnosti vo\u010di opotrebovaniu prech\u00e1dzaj\u00fa na\u0161e prevodovky pokro\u010dil\u00fdmi procesmi tepeln\u00e9ho spracovania. Tento k\u013e\u00fa\u010dov\u00fd krok zabezpe\u010duje, \u017ee na\u0161e v\u00fdrobky vydr\u017eia po\u017eiadavky n\u00e1ro\u010dn\u00fdch aplik\u00e1ci\u00ed.<\/p>\n<p><strong>Povrchov\u00e1 \u00faprava<\/strong><br \/>\nNa zlep\u0161enie estetick\u00e9ho vzh\u013eadu a odolnosti na\u0161ich prevodoviek vo\u010di kor\u00f3zii pou\u017e\u00edvame povrchov\u00e9 \u00fapravy, ako je le\u0161tenie a pr\u00e1\u0161kov\u00e9 lakovanie. Tieto \u00fapravy nielen zvy\u0161uj\u00fa odolnos\u0165, ale aj predl\u017euj\u00fa \u017eivotnos\u0165 na\u0161ich v\u00fdrobkov v r\u00f4znych prostrediach.<\/p>\n<p><strong>Kontrola kvality<\/strong><br \/>\nV ka\u017edej f\u00e1ze v\u00fdroby sa vykon\u00e1vaj\u00fa komplexn\u00e9 kontroly, merania rozmerov, presnosti, hluku a vibr\u00e1ci\u00ed. Tento pr\u00edsny proces kontroly kvality zaru\u010duje, \u017ee na\u0161e prevodovky sp\u013a\u0148aj\u00fa pr\u00edsne bezpe\u010dnostn\u00e9 a v\u00fdkonnostn\u00e9 normy.<\/p>\n<p>Celkovo je v\u00fdroba po\u013enohospod\u00e1rskych prevodoviek v spolo\u010dnosti FMP zlo\u017eit\u00fd proces, ktor\u00fd si vy\u017eaduje zru\u010dn\u00e9 remeseln\u00e9 spracovanie, pokro\u010dil\u00fa v\u00fdrobn\u00fa technol\u00f3giu a komplexn\u00fd syst\u00e9m kontroly kvality. N\u00e1\u0161 d\u00f4kladn\u00fd pr\u00edstup zabezpe\u010duje, \u017ee dod\u00e1vame prevodovky, ktor\u00e9 poskytuj\u00fa v\u00fdnimo\u010dn\u00fd v\u00fdkon a spo\u013eahlivos\u0165 a neust\u00e1le sp\u013a\u0148aj\u00fa vysok\u00e9 \u0161tandardy o\u010dak\u00e1van\u00e9 na\u0161imi klientmi.<\/p>\n<p>Autor: CX<\/p>","protected":false},"excerpt":{"rendered":"<p>Our Post Hole Digger Gearbox, specifically designed as a replacement for the Comer Code T-22F. This high-performance gearbox is engineered to meet the demands of various drilling applications, ensuring efficiency and reliability. Key Features: High Torque Capability: This gearbox is built to handle high torque outputs, effectively transferring power from the tractor to the auger [&hellip;]<\/p>","protected":false},"featured_media":1846,"comment_status":"open","ping_status":"closed","template":"","meta":{"_et_pb_use_builder":"","_et_pb_old_content":"","_et_gb_content_width":""},"product_brand":[],"product_cat":[50],"product_tag":[],"class_list":{"0":"post-1845","1":"product","2":"type-product","3":"status-publish","4":"has-post-thumbnail","6":"product_cat-post-hole-digger-gearbox","8":"first","9":"instock","10":"shipping-taxable","11":"product-type-simple"},"_links":{"self":[{"href":"https:\/\/fmp-components.com\/sk\/wp-json\/wp\/v2\/product\/1845","targetHints":{"allow":["GET"]}}],"collection":[{"href":"https:\/\/fmp-components.com\/sk\/wp-json\/wp\/v2\/product"}],"about":[{"href":"https:\/\/fmp-components.com\/sk\/wp-json\/wp\/v2\/types\/product"}],"replies":[{"embeddable":true,"href":"https:\/\/fmp-components.com\/sk\/wp-json\/wp\/v2\/comments?post=1845"}],"wp:featuredmedia":[{"embeddable":true,"href":"https:\/\/fmp-components.com\/sk\/wp-json\/wp\/v2\/media\/1846"}],"wp:attachment":[{"href":"https:\/\/fmp-components.com\/sk\/wp-json\/wp\/v2\/media?parent=1845"}],"wp:term":[{"taxonomy":"product_brand","embeddable":true,"href":"https:\/\/fmp-components.com\/sk\/wp-json\/wp\/v2\/product_brand?post=1845"},{"taxonomy":"product_cat","embeddable":true,"href":"https:\/\/fmp-components.com\/sk\/wp-json\/wp\/v2\/product_cat?post=1845"},{"taxonomy":"product_tag","embeddable":true,"href":"https:\/\/fmp-components.com\/sk\/wp-json\/wp\/v2\/product_tag?post=1845"}],"curies":[{"name":"pracovn\u00fd list","href":"https:\/\/api.w.org\/{rel}","templated":true}]}}