{"id":1843,"date":"2024-12-24T06:35:24","date_gmt":"2024-12-24T06:35:24","guid":{"rendered":"https:\/\/fmp-components.com\/?page_id=8"},"modified":"2024-12-24T06:51:56","modified_gmt":"2024-12-24T06:51:56","slug":"post-hole-digger-gearbox-replacement-of-comer-code-t-290f","status":"publish","type":"product","link":"https:\/\/fmp-components.com\/sk\/product\/post-hole-digger-gearbox-replacement-of-comer-code-t-290f\/","title":{"rendered":"Prevodovka pre r\u00fdpadlo na st\u013apiky \u2013 v\u00fdmena Comer Code T-290F"},"content":{"rendered":"<p>Na\u0161a prevodovka pre v\u0155tacie r\u00fdpadl\u00e1, navrhnut\u00e1 \u0161peci\u00e1lne ako n\u00e1hrada za Comer Code T-290F. T\u00e1to prevodovka zais\u0165uje vynikaj\u00faci v\u00fdkon a odolnos\u0165 pri r\u00f4znych v\u0155tac\u00edch aplik\u00e1ci\u00e1ch.<\/p>\n<h3>K\u013e\u00fa\u010dov\u00e9 vlastnosti:<\/h3>\n<ul>\n<li><strong>Vysok\u00fd kr\u00fatiaci moment<\/strong>T\u00e1to prevodovka, navrhnut\u00e1 tak, aby poskytovala v\u00fdnimo\u010dn\u00fd kr\u00fatiaci moment, efekt\u00edvne pren\u00e1\u0161a v\u00fdkon z traktora na z\u00e1vitovku, v\u010faka \u010domu je ide\u00e1lna pre n\u00e1ro\u010dn\u00e9 p\u00f4dne podmienky.<\/li>\n<li><strong>Robustn\u00e1 kon\u0161trukcia<\/strong>Na\u0161a prevodovka je vyroben\u00e1 z vysoko kvalitn\u00fdch materi\u00e1lov a pon\u00faka vynikaj\u00facu pevnos\u0165 a odolnos\u0165 vo\u010di opotrebovaniu, \u010do zaru\u010duje dlh\u00fa \u017eivotnos\u0165.<\/li>\n<li><strong>Presn\u00e9 obr\u00e1banie<\/strong>Ka\u017ed\u00e1 jednotka je prec\u00edzne vyroben\u00e1, aby bola zaru\u010den\u00e1 plynul\u00e1 prev\u00e1dzka a optim\u00e1lny v\u00fdkon, pri\u010dom sa minimalizuj\u00fa straty energie po\u010das pou\u017e\u00edvania.<\/li>\n<li><strong>Kompaktn\u00fd dizajn<\/strong>Kompaktn\u00e9 rozmery umo\u017e\u0148uj\u00fa jednoduch\u00fa in\u0161tal\u00e1ciu a kompatibilitu s r\u00f4znymi syst\u00e9mami na vykop\u00e1vanie jamy na st\u013apy bez pridania dodato\u010dn\u00e9ho objemu.<\/li>\n<li><strong>V\u0161estrann\u00e1 kompatibilita<\/strong>Navrhnut\u00e9 tak, aby pasovali na \u0161irok\u00fa \u0161k\u00e1lu traktorov a rypac\u00edch strojov, v\u010faka \u010domu s\u00fa vhodn\u00e9 pre r\u00f4zne po\u013enohospod\u00e1rske a stavebn\u00e9 aplik\u00e1cie.<\/li>\n<li><strong>\u00da\u010dinn\u00fd tesniaci syst\u00e9m<\/strong>Integrovan\u00e9 tesnenia zabra\u0148uj\u00fa vniknutiu ne\u010dist\u00f4t do prevodovky, \u010d\u00edm pom\u00e1haj\u00fa udr\u017eiava\u0165 mazanie a predl\u017euj\u00fa \u017eivotnos\u0165 vn\u00fatorn\u00fdch komponentov.<\/li>\n<li><strong>N\u00edzke n\u00e1roky na \u00fadr\u017ebu<\/strong>T\u00e1to prevodovka je navrhnut\u00e1 pre dlh\u00fa \u017eivotnos\u0165 a vy\u017eaduje minim\u00e1lnu \u00fadr\u017ebu, \u010do umo\u017e\u0148uje pou\u017e\u00edvate\u013eom s\u00fastredi\u0165 sa na svoje \u00falohy bez \u010dast\u00fdch prestojov.<\/li>\n<\/ul>\n<p>Na\u0161a prevodovka pre v\u0155tacie r\u00fdpadl\u00e1, ako n\u00e1hrada za prevodovku Comer Code T-290F, je navrhnut\u00e1 tak, aby poskytovala vysok\u00fd v\u00fdkon a spo\u013eahlivos\u0165. V\u010faka robustnej kon\u0161trukcii a prec\u00edznemu spracovaniu je ide\u00e1lnym rie\u0161en\u00edm pre v\u0161etky va\u0161e potreby v\u0155tania. Pre viac inform\u00e1ci\u00ed alebo na zadanie objedn\u00e1vky n\u00e1s pros\u00edm kontaktujte e\u0161te dnes!<\/p>\n<h2>\u0160pecifik\u00e1cie produktu:<\/h2>\n<table style=\"width: 100%;\" border=\"1\" width=\"100%\" cellspacing=\"0\" cellpadding=\"0\">\n<tbody>\n<tr>\n<th>Popis<\/th>\n<td>Prevodovka pre r\u00fdpadlo na st\u013apiky \u2013 v\u00fdmena Comer Code T-290F<\/td>\n<\/tr>\n<tr>\n<th>Aplik\u00e1cia<\/th>\n<td>R\u00f4zne (po\u013enohospod\u00e1rske) aplik\u00e1cie<\/td>\n<\/tr>\n<tr>\n<th>Pozost\u00e1va z<\/th>\n<td>Prevodovka<\/td>\n<\/tr>\n<tr>\n<th>Bez oleja<\/th>\n<td>Technick\u00e9 inform\u00e1cie<\/td>\n<\/tr>\n<tr>\n<th>Maxim\u00e1lny vstupn\u00fd v\u00fdkon<\/th>\n<td>66,2 kW<\/td>\n<\/tr>\n<tr>\n<th>Maxim\u00e1lny v\u00fdstupn\u00fd kr\u00fatiaci moment<\/th>\n<td>1135 nm<\/td>\n<\/tr>\n<tr>\n<th>Obsahuje olej<\/th>\n<td>Nie<\/td>\n<\/tr>\n<tr>\n<th>Maxim\u00e1lny objem oleja<\/th>\n<td>2,3 l<\/td>\n<\/tr>\n<tr>\n<th>Maxim\u00e1lny interval v\u00fdmeny oleja<\/th>\n<td>500 hod\u00edn<\/td>\n<\/tr>\n<tr>\n<th>Stupe\u0148 viskozity oleja SAE<\/th>\n<td>80W-90<\/td>\n<\/tr>\n<tr>\n<th>Materi\u00e1l puzdra<\/th>\n<td>Liatina GG25<\/td>\n<\/tr>\n<tr>\n<th>Hmotnos\u0165<\/th>\n<td>30 kg<\/td>\n<\/tr>\n<tr>\n<th>Usporiadanie prevodov<\/th>\n<td>5 &#8211; 6<\/td>\n<\/tr>\n<tr>\n<th>Pomer<\/th>\n<td>1: 1<\/td>\n<\/tr>\n<tr>\n<th>Vstupn\u00fd hriade\u013e<\/th>\n<td>Z<\/td>\n<\/tr>\n<tr>\n<th>Hriade\u013e X<\/th>\n<td>1 3\/8\u2033 (6) (A)<\/td>\n<\/tr>\n<tr>\n<th>Hriade\u013e Y<\/th>\n<td>1 3\/8\u2033 (6) (A)<\/td>\n<\/tr>\n<tr>\n<th>Hriade\u013e Z<\/th>\n<td>1 3\/8\u2033 (6) (B)<\/td>\n<\/tr>\n<\/tbody>\n<\/table>\n<h2>O FMP<\/h2>\n<p>Spolo\u010dnos\u0165 FMP so s\u00eddlom v Taliansku je l\u00eddrom vo v\u00fdskume, v\u00fdvoji a v\u00fdrobe \u0161irokej \u0161k\u00e1ly prevodoviek, reduktorov a stroj\u00e1rskych zariaden\u00ed. So z\u00e1v\u00e4zkom k inov\u00e1ci\u00e1m a excelentnosti pon\u00fakame rozsiahly sortiment produktov, ktor\u00fd zah\u0155\u0148a:<\/p>\n<ul>\n<li><strong>\u0160pir\u00e1lov\u00e9 ku\u017ee\u013eov\u00e9 prevodovky<\/strong><\/li>\n<li><strong>Priame prevodovky<\/strong><\/li>\n<li><strong>\u0160nekov\u00e9 prevodovky<\/strong><\/li>\n<li><strong>Valcov\u00e9 prevodovky<\/strong><\/li>\n<li><strong>Teles\u00e1 a puzdr\u00e1 ventilov z liatej vysokotlakovej liatiny<\/strong><\/li>\n<\/ul>\n<p>Na\u0161e produkty s\u00fa navrhnut\u00e9 pre mno\u017estvo aplik\u00e1ci\u00ed a sl\u00fa\u017eia odvetviam, ako je po\u013enohospod\u00e1rstvo, stavebn\u00edctvo a n\u00e1morn\u00edctvo. Be\u017ene sa pou\u017e\u00edvaj\u00fa v po\u013enohospod\u00e1rskych kosa\u010dk\u00e1ch, snehov\u00fdch pluhoch, rozmetadl\u00e1ch hnoj\u00edv, dopravn\u00edkoch obilia, priemyseln\u00fdch strojoch, zariadeniach na \u0165a\u017ebu ropy a hydraulick\u00fdch syst\u00e9moch.<\/p>\n<p>V spolo\u010dnosti FMP sme hrd\u00ed na na\u0161e rozsiahle technick\u00e9 a v\u00fdskumn\u00e9 kapacity. Na\u0161e neochvejn\u00e9 odhodlanie vyr\u00e1ba\u0165 spo\u013eahliv\u00e9 a vysoko kvalitn\u00e9 produkty n\u00e1s etablovalo ako re\u0161pektovan\u00e9 meno vo v\u00fdrobnom sektore. Riadime sa jedine\u010dnou obchodnou filozofiou, ktor\u00e1 uprednost\u0148uje inov\u00e1cie, kvalitu a spokojnos\u0165 z\u00e1kazn\u00edkov, \u010do n\u00e1m umo\u017e\u0148uje prisp\u00f4sobi\u0165 sa meniacim sa potreb\u00e1m na\u0161ich klientov.<\/p>\n<p><img loading=\"lazy\" decoding=\"async\" class=\"alignnone wp-image-1840\" src=\"https:\/\/fmp-components.com\/wp-content\/uploads\/2024\/12\/Post-Hole-Digger-Gearbox-6.webp\" alt=\"Prevodovka na vykop\u00e1vanie jamy\" width=\"884\" height=\"582\" title=\"\" srcset=\"https:\/\/fmp-components.com\/wp-content\/uploads\/2024\/12\/Post-Hole-Digger-Gearbox-6.webp 884w, https:\/\/fmp-components.com\/wp-content\/uploads\/2024\/12\/Post-Hole-Digger-Gearbox-6-480x316.webp 480w\" sizes=\"(min-width: 0px) and (max-width: 480px) 480px, (min-width: 481px) 884px, 100vw\" \/><\/p>\n<h3>V\u00fdrobn\u00fd proces pre po\u013enohospod\u00e1rske prevodovky<\/h3>\n<p>V\u00fdroba po\u013enohospod\u00e1rskych prevodoviek je prec\u00edzny proces, ktor\u00fd zah\u0155\u0148a nieko\u013eko kritick\u00fdch krokov, z ktor\u00fdch ka\u017ed\u00fd je navrhnut\u00fd tak, aby zabezpe\u010dil najvy\u0161\u0161iu kvalitu a v\u00fdkon:<\/p>\n<p><strong>Dizajn produktu<\/strong><br \/>\nPo\u010diato\u010dn\u00e1 f\u00e1za sa zameriava na definovanie \u0161pecifik\u00e1ci\u00ed, v\u00fdber materi\u00e1lov a ur\u010denie rozmerov prisp\u00f4soben\u00fdch \u0161pecifick\u00fdm po\u017eiadavk\u00e1m aplik\u00e1cie. N\u00e1\u0161 dizajn\u00e9rsky t\u00edm \u00fazko spolupracuje s klientmi, aby pochopil ich potreby a za\u010dlenil najnov\u0161ie technologick\u00e9 pokroky.<\/p>\n<p><strong>Pr\u00edprava surov\u00edn<\/strong><br \/>\nStarostlivo vyber\u00e1me z\u00e1kladn\u00e9 materi\u00e1ly, predov\u0161etk\u00fdm liatinu a hlin\u00edkov\u00e9 zliatiny, aby sme zabezpe\u010dili, \u017ee sp\u013a\u0148aj\u00fa na\u0161e pr\u00edsne \u0161tandardy kvality. Ka\u017ed\u00e1 \u0161ar\u017ea je pred pou\u017eit\u00edm d\u00f4kladne skontrolovan\u00e1, aby sme zaru\u010dili optim\u00e1lny v\u00fdkon na\u0161ich produktov.<\/p>\n<p><strong>Presn\u00e9 obr\u00e1banie<\/strong><br \/>\nSuroviny prech\u00e1dzaj\u00fa presn\u00fdm obr\u00e1ban\u00edm vr\u00e1tane s\u00fastru\u017eenia a fr\u00e9zovania, \u010d\u00edm sa s v\u00fdnimo\u010dnou presnos\u0165ou vyr\u00e1baj\u00fa ozuben\u00e9 koles\u00e1, hriadele a puzdr\u00e1. Na\u0161e najmodernej\u0161ie stroje a sk\u00fasen\u00ed technici zabezpe\u010duj\u00fa, \u017ee ka\u017ed\u00fd komponent je vyroben\u00fd do dokonalosti.<\/p>\n<p><strong>Zhroma\u017edenie<\/strong><br \/>\nPo\u010das mont\u00e1\u017ee sa komponenty, ako s\u00fa ozuben\u00e9 koles\u00e1, lo\u017eisk\u00e1 a hriadele, starostlivo skladaj\u00fa v kryte. T\u00e1to f\u00e1za zah\u0155\u0148a pr\u00edsne kontroly presnosti a kalibr\u00e1cie, spolu s aplik\u00e1ciou vhodn\u00fdch maz\u00edv na zabezpe\u010denie hladkej a efekt\u00edvnej prev\u00e1dzky.<\/p>\n<p><strong>Procesn\u00e1 \u00faprava<\/strong><br \/>\nPre zv\u00fd\u0161enie pevnosti a odolnosti vo\u010di opotrebovaniu s\u00fa prevodovky podroben\u00e9 pokro\u010dil\u00fdm procesom tepeln\u00e9ho spracovania. Tento k\u013e\u00fa\u010dov\u00fd krok zabezpe\u010duje, \u017ee na\u0161e v\u00fdrobky odol\u00e1vaj\u00fa n\u00e1ro\u010dn\u00fdm aplik\u00e1ci\u00e1m.<\/p>\n<p><strong>Povrchov\u00e1 \u00faprava<\/strong><br \/>\nPou\u017e\u00edvame povrchov\u00e9 \u00fapravy, ako je le\u0161tenie a pr\u00e1\u0161kov\u00e9 lakovanie, \u010d\u00edm zlep\u0161ujeme estetick\u00fd vzh\u013ead aj odolnos\u0165 prevodoviek vo\u010di kor\u00f3zii. To nielen zvy\u0161uje odolnos\u0165, ale aj predl\u017euje \u017eivotnos\u0165 na\u0161ich v\u00fdrobkov v r\u00f4znych prostrediach.<\/p>\n<p><strong>Kontrola kvality<\/strong><br \/>\nV ka\u017edej f\u00e1ze v\u00fdroby sa vykon\u00e1vaj\u00fa komplexn\u00e9 kontroly, merania rozmerov, presnosti, hluku a vibr\u00e1ci\u00ed. Tento pr\u00edsny proces kontroly kvality zaru\u010duje, \u017ee na\u0161e prevodovky sp\u013a\u0148aj\u00fa pr\u00edsne bezpe\u010dnostn\u00e9 a v\u00fdkonnostn\u00e9 normy.<\/p>\n<p>Celkovo je v\u00fdroba po\u013enohospod\u00e1rskych prevodoviek v spolo\u010dnosti FMP zlo\u017eit\u00e1 \u00faloha, ktor\u00e1 si vy\u017eaduje zru\u010dn\u00e9 remeseln\u00e9 spracovanie, pokro\u010dil\u00fa v\u00fdrobn\u00fa technol\u00f3giu a d\u00f4kladn\u00fd syst\u00e9m kontroly kvality. N\u00e1\u0161 prec\u00edzny pr\u00edstup zaru\u010duje, \u017ee dod\u00e1vame prevodovky, ktor\u00e9 poskytuj\u00fa v\u00fdnimo\u010dn\u00fd v\u00fdkon a spo\u013eahlivos\u0165 a sp\u013a\u0148aj\u00fa vysok\u00e9 \u0161tandardy o\u010dak\u00e1van\u00e9 na\u0161imi klientmi.<\/p>\n<p>Autor: CX<\/p>","protected":false},"excerpt":{"rendered":"<p>Our Post Hole Digger Gearbox, designed specifically as a replacement for the Comer Code T-290F. This gearbox ensures outstanding performance and durability for various drilling applications. Key Features: High Torque Output: Engineered to provide exceptional torque, this gearbox effectively transfers power from the tractor to the auger, making it ideal for tough soil conditions. Robust [&hellip;]<\/p>","protected":false},"featured_media":1844,"comment_status":"open","ping_status":"closed","template":"","meta":{"_et_pb_use_builder":"","_et_pb_old_content":"","_et_gb_content_width":""},"product_brand":[],"product_cat":[15],"product_tag":[],"class_list":{"0":"post-1843","1":"product","2":"type-product","3":"status-publish","4":"has-post-thumbnail","6":"product_cat-uncategorized","8":"first","9":"instock","10":"shipping-taxable","11":"product-type-simple"},"_links":{"self":[{"href":"https:\/\/fmp-components.com\/sk\/wp-json\/wp\/v2\/product\/1843","targetHints":{"allow":["GET"]}}],"collection":[{"href":"https:\/\/fmp-components.com\/sk\/wp-json\/wp\/v2\/product"}],"about":[{"href":"https:\/\/fmp-components.com\/sk\/wp-json\/wp\/v2\/types\/product"}],"replies":[{"embeddable":true,"href":"https:\/\/fmp-components.com\/sk\/wp-json\/wp\/v2\/comments?post=1843"}],"wp:featuredmedia":[{"embeddable":true,"href":"https:\/\/fmp-components.com\/sk\/wp-json\/wp\/v2\/media\/1844"}],"wp:attachment":[{"href":"https:\/\/fmp-components.com\/sk\/wp-json\/wp\/v2\/media?parent=1843"}],"wp:term":[{"taxonomy":"product_brand","embeddable":true,"href":"https:\/\/fmp-components.com\/sk\/wp-json\/wp\/v2\/product_brand?post=1843"},{"taxonomy":"product_cat","embeddable":true,"href":"https:\/\/fmp-components.com\/sk\/wp-json\/wp\/v2\/product_cat?post=1843"},{"taxonomy":"product_tag","embeddable":true,"href":"https:\/\/fmp-components.com\/sk\/wp-json\/wp\/v2\/product_tag?post=1843"}],"curies":[{"name":"pracovn\u00fd list","href":"https:\/\/api.w.org\/{rel}","templated":true}]}}