{"id":1831,"date":"2024-12-24T05:44:59","date_gmt":"2024-12-24T05:44:59","guid":{"rendered":"https:\/\/fmp-components.com\/?page_id=8"},"modified":"2024-12-24T06:47:52","modified_gmt":"2024-12-24T06:47:52","slug":"75-hp-heavy-duty-post-hole-digger-gearbox-for-3-point-post-hole-digger","status":"publish","type":"product","link":"https:\/\/fmp-components.com\/sk\/product\/75-hp-heavy-duty-post-hole-digger-gearbox-for-3-point-post-hole-digger\/","title":{"rendered":"75 HP Prevodovka pre vysokov\u00fdkonn\u00fd 3-bodov\u00fd r\u00fdpadlo na st\u013apiky"},"content":{"rendered":"<p><img loading=\"lazy\" decoding=\"async\" class=\"size-full wp-image-1838 aligncenter\" src=\"https:\/\/fmp-components.com\/wp-content\/uploads\/2024\/12\/Heavy-Duty-Post-Hole-Digger-Gearbox-Parts-2.webp\" alt=\"Diely prevodovky pre vysokov\u00fdkonn\u00e9 st\u013apikov\u00e9 bagre\" width=\"600\" height=\"600\" title=\"\" srcset=\"https:\/\/fmp-components.com\/wp-content\/uploads\/2024\/12\/Heavy-Duty-Post-Hole-Digger-Gearbox-Parts-2.webp 600w, https:\/\/fmp-components.com\/wp-content\/uploads\/2024\/12\/Heavy-Duty-Post-Hole-Digger-Gearbox-Parts-2-480x480.webp 480w\" sizes=\"(min-width: 0px) and (max-width: 480px) 480px, (min-width: 481px) 600px, 100vw\" \/><\/p>\n<h2>Rozmery prevodovky pre vysokov\u00fdkonn\u00fd r\u00fdpadlo s v\u00fdkonom 75 HP<\/h2>\n<p><img loading=\"lazy\" decoding=\"async\" class=\"alignnone size-full wp-image-1832\" src=\"https:\/\/fmp-components.com\/wp-content\/uploads\/2024\/12\/Post-Hole-Digger-Gearbox-1.webp\" alt=\"Prevodovka na vykop\u00e1vanie jamy\" width=\"1012\" height=\"872\" title=\"\" srcset=\"https:\/\/fmp-components.com\/wp-content\/uploads\/2024\/12\/Post-Hole-Digger-Gearbox-1.webp 1012w, https:\/\/fmp-components.com\/wp-content\/uploads\/2024\/12\/Post-Hole-Digger-Gearbox-1-980x844.webp 980w, https:\/\/fmp-components.com\/wp-content\/uploads\/2024\/12\/Post-Hole-Digger-Gearbox-1-480x414.webp 480w\" sizes=\"(min-width: 0px) and (max-width: 480px) 480px, (min-width: 481px) and (max-width: 980px) 980px, (min-width: 981px) 1012px, 100vw\" \/><\/p>\n<h2>\u0160pecifik\u00e1cie produktu:<\/h2>\n<div><span class=\"Apple-style-span\">T\u00e1to prevodovka pre r\u00fdpadl\u00e1 m\u00e1 v\u00fdkon 75 kon\u00ed a je pravouhl\u00e1, pou\u017e\u00edvan\u00e1 v mnoh\u00fdch pr\u00edslu\u0161enstv\u00e1ch pre r\u00fdpadl\u00e1. T\u00e1to odoln\u00e1 prevodovka pre r\u00fdpadl\u00e1 je priamou n\u00e1hradou za prevodovku viacer\u00fdch v\u00fdrobcov. Sta\u010d\u00ed skontrolova\u0165 rozmery na va\u0161ej prevodovke, aby ste sa uistili, \u017ee presne pasuje.<\/span><\/div>\n<p>\u2013 V\u00fdkon 75 kon\u00ed<\/p>\n<p>\u2013 Vr\u00e1tane ochrann\u00fdch krytov<\/p>\n<p>\u2013 Pomer 3:1<\/p>\n<p>\u2013 1-1\/4\u2033 okr\u00fahly vstupn\u00fd hriade\u013e s mont\u00e1\u017enym otvorom 3\/8\u2033<\/p>\n<p>\u2013 2\u2033 okr\u00fahly v\u00fdstupn\u00fd hriade\u013e s dvoma 1\/2\u2033 otvormi na mont\u00e1\u017e slim\u00e1kov<\/p>\n<p>\u2013 7\/8\u2033 mont\u00e1\u017eny kol\u00edk, 7-1\/2\u2033 dlh\u00fd<\/p>\n<p>\u2013 Mont\u00e1\u017ene u\u0161i 5-3\/8\u2033 dovn\u00fatra a 6-5\/8\u2033 zvonka.<\/p>\n<p>\u2013 Odoln\u00fd \u010dierny n\u00e1ter<\/p>\n<p>\u2013 75 libier<\/p>\n<p>\u2013 Dod\u00e1va sa bez oleja (prevodov\u00fd olej 80W-90)<\/p>\n<p><img loading=\"lazy\" decoding=\"async\" class=\"alignnone size-full wp-image-1836\" src=\"https:\/\/fmp-components.com\/wp-content\/uploads\/2024\/12\/Post-Hole-Digger-Gearbox-3.webp\" alt=\"Prevodovka na vykop\u00e1vanie jamy\" width=\"1278\" height=\"752\" title=\"\" srcset=\"https:\/\/fmp-components.com\/wp-content\/uploads\/2024\/12\/Post-Hole-Digger-Gearbox-3.webp 1278w, https:\/\/fmp-components.com\/wp-content\/uploads\/2024\/12\/Post-Hole-Digger-Gearbox-3-980x577.webp 980w, https:\/\/fmp-components.com\/wp-content\/uploads\/2024\/12\/Post-Hole-Digger-Gearbox-3-480x282.webp 480w\" sizes=\"(min-width: 0px) and (max-width: 480px) 480px, (min-width: 481px) and (max-width: 980px) 980px, (min-width: 981px) 1278px, 100vw\" \/><\/p>\n<h2>\u010casti prevodovky pre vysokov\u00fdkonn\u00fd bager s v\u00fdkonom 75 HP<\/h2>\n<p>Prevodovka pre vysokov\u00fdkonn\u00e9 v\u0155tacie r\u00fdpadl\u00e1 s v\u00fdkonom 75 HP je robustn\u00fd komponent navrhnut\u00fd tak, aby sp\u013a\u0148al po\u017eiadavky na vysok\u00fd kr\u00fatiaci moment pri v\u0155tan\u00ed v n\u00e1ro\u010dn\u00fdch p\u00f4dnych podmienkach. Ni\u017e\u0161ie s\u00fa uveden\u00e9 hlavn\u00e9 \u010dasti tejto prevodovky:<\/p>\n<p>Kryt prevodovky: Kryt prevodovky poskytuje ochranu a \u0161truktur\u00e1lnu oporu pre vn\u00fatorn\u00e9 komponenty. Zvy\u010dajne je vyroben\u00fd z odoln\u00fdch materi\u00e1lov, ako je liatina alebo oce\u013e, a je navrhnut\u00fd tak, aby odolal n\u00e1ro\u010dn\u00fdm v\u0155tac\u00edm oper\u00e1ci\u00e1m s vysokou z\u00e1\u0165a\u017eou.<\/p>\n<p>Vstupn\u00fd hriade\u013e: Vstupn\u00fd hriade\u013e je pripojen\u00fd k v\u00fdvodov\u00e9mu hriade\u013eu traktora a pren\u00e1\u0161a rota\u010dn\u00fa silu z motora traktora do prevodovky. Sl\u00fa\u017ei ako prim\u00e1rny pohon prevodovky a sp\u00fa\u0161\u0165a proces v\u0155tania.<\/p>\n<p>Ozuben\u00e9 koles\u00e1: Vo vn\u00fatri prevodovky pren\u00e1\u0161a s\u00e9ria ozuben\u00fdch kolies v\u00fdkon zo vstupn\u00e9ho hriade\u013ea na v\u00fdstupn\u00fd hriade\u013e a z\u00e1rove\u0148 upravuje kr\u00fatiaci moment a r\u00fdchlos\u0165. Tieto ozuben\u00e9 koles\u00e1 s\u00fa starostlivo navrhnut\u00e9 tak, aby poskytovali potrebn\u00e9 zosilnenie kr\u00fatiaceho momentu pre efekt\u00edvne v\u0155tanie v r\u00f4znych typoch p\u00f4dy.<\/p>\n<p>V\u00fdstupn\u00fd hriade\u013e: V\u00fdstupn\u00fd hriade\u013e prij\u00edma v\u00fdkon z ozuben\u00fdch kolies a pren\u00e1\u0161a ho na v\u0155tac\u00ed vrt\u00e1k. Ot\u00e1\u010dan\u00edm vrt\u00e1ka tento hriade\u013e u\u013eah\u010duje vytv\u00e1ranie sadbov\u00fdch otvorov v po\u017eadovanej h\u013abke a priemere.<\/p>\n<p>Lo\u017eisk\u00e1: Lo\u017eisk\u00e1 podopieraj\u00fa hriadele a ozuben\u00e9 koles\u00e1 v prevodovke a zabezpe\u010duj\u00fa plynul\u00e9 ot\u00e1\u010danie s minim\u00e1lnym tren\u00edm. Vysokokvalitn\u00e9 lo\u017eisk\u00e1 s\u00fa k\u013e\u00fa\u010dov\u00e9 pre udr\u017eanie \u00fa\u010dinnosti a dlhej \u017eivotnosti prevodovky, najm\u00e4 pri vysokom za\u0165a\u017een\u00ed po\u010das nepretr\u017eitej prev\u00e1dzky.<\/p>\n<p>Tesnenia: Tesnenia s\u00fa nevyhnutn\u00e9 na zabr\u00e1nenie vniknutia ne\u010dist\u00f4t, vlhkosti a in\u00fdch kontaminantov do telesa prevodovky a mazacieho syst\u00e9mu. Zachov\u00e1van\u00edm integrity prevodovky tieto tesnenia pom\u00e1haj\u00fa predch\u00e1dza\u0165 pred\u010dasn\u00e9mu opotrebovaniu alebo po\u0161kodeniu vn\u00fatorn\u00fdch komponentov.<\/p>\n<p><img loading=\"lazy\" decoding=\"async\" class=\"alignnone size-full wp-image-1837\" src=\"https:\/\/fmp-components.com\/wp-content\/uploads\/2024\/12\/Post-Hole-Digger-Gearbox-48.webp\" alt=\"Prevodovka na vykop\u00e1vanie jamy\" width=\"2560\" height=\"1920\" title=\"\" srcset=\"https:\/\/fmp-components.com\/wp-content\/uploads\/2024\/12\/Post-Hole-Digger-Gearbox-48.webp 2560w, https:\/\/fmp-components.com\/wp-content\/uploads\/2024\/12\/Post-Hole-Digger-Gearbox-48-1280x960.webp 1280w, https:\/\/fmp-components.com\/wp-content\/uploads\/2024\/12\/Post-Hole-Digger-Gearbox-48-980x735.webp 980w, https:\/\/fmp-components.com\/wp-content\/uploads\/2024\/12\/Post-Hole-Digger-Gearbox-48-480x360.webp 480w\" sizes=\"(min-width: 0px) and (max-width: 480px) 480px, (min-width: 481px) and (max-width: 980px) 980px, (min-width: 981px) and (max-width: 1280px) 1280px, (min-width: 1281px) 2560px, 100vw\" \/><\/p>\n<h2>Vlastnosti prevodovky pre vysokov\u00fdkonn\u00fd r\u00fdpadlo s v\u00fdkonom 75 HP<\/h2>\n<p>Prevodovka pre vysokov\u00fdkonn\u00fd st\u013apov\u00fd bager s v\u00fdkonom 75 HP je navrhnut\u00e1 pre optim\u00e1lny v\u00fdkon a odolnos\u0165 v n\u00e1ro\u010dn\u00fdch v\u0155tac\u00edch aplik\u00e1ci\u00e1ch. Tu s\u00fa jej k\u013e\u00fa\u010dov\u00e9 vlastnosti:<\/p>\n<h3>1. Vysok\u00fd kr\u00fatiaci moment<\/h3>\n<p>T\u00e1to prevodovka, navrhnut\u00e1 tak, aby zvl\u00e1dala vysok\u00e9 n\u00e1roky na kr\u00fatiaci moment, efekt\u00edvne pren\u00e1\u0161a v\u00fdkon pri v\u0155tan\u00ed v n\u00e1ro\u010dn\u00fdch p\u00f4dnych podmienkach a zais\u0165uje tak efekt\u00edvnu prev\u00e1dzku.<\/p>\n<h3>2. Robustn\u00e1 kon\u0161trukcia<\/h3>\n<p>Prevodovka je vyroben\u00e1 z odoln\u00fdch materi\u00e1lov, ako je liatina alebo oce\u013e, a poskytuje vynikaj\u00facu \u0161truktur\u00e1lnu integritu a odolnos\u0165 vo\u010di opotrebovaniu.<\/p>\n<h3>3. Presn\u00e9 ozuben\u00e9 koles\u00e1<\/h3>\n<p>Prevodovka je vybaven\u00e1 prec\u00edzne navrhnut\u00fdmi ozuben\u00fdmi kolesami, ktor\u00e9 optimalizuj\u00fa kr\u00fatiaci moment a r\u00fdchlos\u0165, \u010do umo\u017e\u0148uje efekt\u00edvne v\u0155tanie a z\u00e1rove\u0148 sa prisp\u00f4sobuje r\u00f4znym typom p\u00f4dy.<\/p>\n<h3>4. Efekt\u00edvny prenos energie<\/h3>\n<p>V\u010faka spo\u013eahliv\u00e9mu vstupn\u00e9mu hriade\u013eu pripojen\u00e9mu k v\u00fdvodov\u00e9mu hriade\u013eu traktora prevodovka umo\u017e\u0148uje plynul\u00fd prenos v\u00fdkonu z motora traktora, \u010d\u00edm sa zvy\u0161uje celkov\u00fd v\u00fdkon.<\/p>\n<h3>5. Pred\u013a\u017een\u00e1 dlhovekos\u0165<\/h3>\n<p>Vysokokvalitn\u00e9 lo\u017eisk\u00e1 minimalizuj\u00fa trenie a opotrebenie, \u010do prispieva k dlhej \u017eivotnosti prevodovky, a to aj pri trvalom vysokom za\u0165a\u017een\u00ed.<\/p>\n<h3>6. \u00da\u010dinn\u00fd tesniaci syst\u00e9m<\/h3>\n<p>Tesnenia s\u00fa integrovan\u00e9 na ochranu vn\u00fatorn\u00fdch komponentov pred ne\u010distotami a vlhkos\u0165ou, \u010d\u00edm pom\u00e1haj\u00fa udr\u017eiava\u0165 mazanie a predch\u00e1dza\u0165 pred\u010dasn\u00e9mu po\u0161kodeniu.<\/p>\n<h3>7. V\u0161estrann\u00e9 pou\u017eitie<\/h3>\n<p>T\u00e1to prevodovka je vhodn\u00e1 pre r\u00f4zne p\u00f4dne podmienky a je ide\u00e1lna pre po\u013enohospod\u00e1rske, krajin\u00e1rske a stavebn\u00e9 aplik\u00e1cie, v\u010faka \u010domu je v\u0161estrannou vo\u013ebou na kopanie jamy pod st\u013apiky.<\/p>\n<h3>8. Jednoduch\u00e1 \u00fadr\u017eba<\/h3>\n<p>Dizajn umo\u017e\u0148uje jednoduch\u00fa \u00fadr\u017ebu a zabezpe\u010duje, \u017ee pou\u017e\u00edvatelia maj\u00fa jednoduch\u00fd pr\u00edstup ku komponentom na kontrolu a servis.<\/p>\n<p>V\u010faka t\u00fdmto vlastnostiam je prevodovka pre vysokov\u00fdkonn\u00e9 v\u0155tacie r\u00fdpadlo s v\u00fdkonom 75 HP spo\u013eahlivou vo\u013ebou pre profesion\u00e1lov, ktor\u00ed vy\u017eaduj\u00fa efekt\u00edvne a odoln\u00e9 rie\u0161enia v\u0155tania.<\/p>\n<p><img loading=\"lazy\" decoding=\"async\" class=\"alignnone size-full wp-image-1839\" src=\"https:\/\/fmp-components.com\/wp-content\/uploads\/2024\/12\/Post-Hole-Digger-Gearbox-5.webp\" alt=\"Diely prevodovky pre vysokov\u00fdkonn\u00e9 st\u013apikov\u00e9 bagre\" width=\"1282\" height=\"642\" title=\"\" srcset=\"https:\/\/fmp-components.com\/wp-content\/uploads\/2024\/12\/Post-Hole-Digger-Gearbox-5.webp 1282w, https:\/\/fmp-components.com\/wp-content\/uploads\/2024\/12\/Post-Hole-Digger-Gearbox-5-1280x641.webp 1280w, https:\/\/fmp-components.com\/wp-content\/uploads\/2024\/12\/Post-Hole-Digger-Gearbox-5-980x491.webp 980w, https:\/\/fmp-components.com\/wp-content\/uploads\/2024\/12\/Post-Hole-Digger-Gearbox-5-480x240.webp 480w\" sizes=\"(min-width: 0px) and (max-width: 480px) 480px, (min-width: 481px) and (max-width: 980px) 980px, (min-width: 981px) and (max-width: 1280px) 1280px, (min-width: 1281px) 1282px, 100vw\" \/><\/p>\n<h2>O FMP<\/h2>\n<p>Spolo\u010dnos\u0165 FMP so s\u00eddlom v Taliansku sa venuje v\u00fdskumu, v\u00fdvoju a v\u00fdrobe \u0161irokej \u0161k\u00e1ly prevodoviek, reduktorov a stroj\u00e1rskych zariaden\u00ed. Na\u0161e produktov\u00e9 portf\u00f3lio zah\u0155\u0148a:<\/p>\n<ul>\n<li><strong>\u0160pir\u00e1lov\u00e9 ku\u017ee\u013eov\u00e9 prevodovky<\/strong><\/li>\n<li><strong>Priame prevodovky<\/strong><\/li>\n<li><strong>\u0160nekov\u00e9 prevodovky<\/strong><\/li>\n<li><strong>Valcov\u00e9 prevodovky<\/strong><\/li>\n<li><strong>Teles\u00e1 a puzdr\u00e1 ventilov z liatej vysokotlakovej liatiny<\/strong><\/li>\n<\/ul>\n<p>Tieto produkty s\u00fa ur\u010den\u00e9 pre r\u00f4zne aplik\u00e1cie vr\u00e1tane po\u013enohospod\u00e1rskych kosa\u010diek, snehov\u00fdch pluhov, rozmetadiel hnoj\u00edv, dopravn\u00edkov obilia, priemyseln\u00fdch zariaden\u00ed, strojov na \u0165a\u017ebu ropy, zariaden\u00ed pre n\u00e1morn\u00fd priemysel a hydraulick\u00fdch komponentov pre stroj\u00e1rstvo.<\/p>\n<p>V spolo\u010dnosti FMP sme hrd\u00ed na na\u0161e rozsiahle technick\u00e9 a v\u00fdskumn\u00e9 kapacity. N\u00e1\u0161 z\u00e1v\u00e4zok vyr\u00e1ba\u0165 spo\u013eahliv\u00e9 a vysoko kvalitn\u00e9 produkty n\u00e1m vyniesol vynikaj\u00facu reput\u00e1ciu vo v\u00fdrobnom sektore. Riadime sa jedine\u010dnou obchodnou filozofiou, ktor\u00e1 kladie d\u00f4raz na inov\u00e1cie, kvalitu a spokojnos\u0165 z\u00e1kazn\u00edkov a zabezpe\u010duje, aby sme sp\u013a\u0148ali neust\u00e1le sa meniace potreby na\u0161ich klientov.<\/p>\n<p><img loading=\"lazy\" decoding=\"async\" class=\"alignnone wp-image-1840\" src=\"https:\/\/fmp-components.com\/wp-content\/uploads\/2024\/12\/Post-Hole-Digger-Gearbox-6.webp\" alt=\"Prevodovka na vykop\u00e1vanie jamy\" width=\"884\" height=\"582\" title=\"\" srcset=\"https:\/\/fmp-components.com\/wp-content\/uploads\/2024\/12\/Post-Hole-Digger-Gearbox-6.webp 884w, https:\/\/fmp-components.com\/wp-content\/uploads\/2024\/12\/Post-Hole-Digger-Gearbox-6-480x316.webp 480w\" sizes=\"(min-width: 0px) and (max-width: 480px) 480px, (min-width: 481px) 884px, 100vw\" \/><\/p>\n<h3>V\u00fdrobn\u00fd proces pre po\u013enohospod\u00e1rske prevodovky<\/h3>\n<p>V\u00fdrobn\u00fd proces po\u013enohospod\u00e1rskych prevodoviek je zlo\u017eit\u00fd a zah\u0155\u0148a nieko\u013eko k\u013e\u00fa\u010dov\u00fdch krokov:<\/p>\n<ol>\n<li><strong>Dizajn produktu<\/strong>T\u00e1to po\u010diato\u010dn\u00e1 f\u00e1za zah\u0155\u0148a v\u00fdber \u0161pecifik\u00e1ci\u00ed, materi\u00e1lov a rozmerov prevodovky, aby sp\u013a\u0148ala \u0161pecifick\u00e9 po\u017eiadavky aplik\u00e1cie.<\/li>\n<li><strong>Pr\u00edprava surov\u00edn<\/strong>Z\u00e1kladn\u00e9 materi\u00e1ly, preva\u017ene liatinu alebo hlin\u00edkov\u00e9 zliatiny, pripravujeme a zabezpe\u010dujeme, aby sp\u013a\u0148ali na\u0161e pr\u00edsne \u0161tandardy kvality.<\/li>\n<li><strong>Presn\u00e9 obr\u00e1banie<\/strong>Suroviny sa prech\u00e1dzaj\u00fa presn\u00fdm obr\u00e1ban\u00edm, ktor\u00e9 zah\u0155\u0148a s\u00fastru\u017eenie, fr\u00e9zovanie a \u010fal\u0161ie oper\u00e1cie, na v\u00fdrobu ozuben\u00fdch kolies, hriade\u013eov a puzdier s vysokou presnos\u0165ou.<\/li>\n<li><strong>Zhroma\u017edenie<\/strong>Komponenty ako ozuben\u00e9 koles\u00e1, lo\u017eisk\u00e1 a hriadele s\u00fa starostlivo zostaven\u00e9 v kryte. Po\u010das tejto f\u00e1zy kontrolujeme a kalibrujeme presnos\u0165 a aplikujeme vhodn\u00e9 maziv\u00e1, aby sme zabezpe\u010dili hladk\u00fd chod.<\/li>\n<li><strong>Procesn\u00e1 \u00faprava<\/strong>Prevodovky s\u00fa podroben\u00e9 tepeln\u00e9mu spracovaniu, \u010do zvy\u0161uje ich pevnos\u0165 a odolnos\u0165 vo\u010di opotrebovaniu pre dlhotrvaj\u00faci v\u00fdkon.<\/li>\n<li><strong>Povrchov\u00e1 \u00faprava<\/strong>Na zlep\u0161enie estetick\u00e9ho vzh\u013eadu a odolnosti prevodoviek vo\u010di kor\u00f3zii pou\u017e\u00edvame povrchov\u00e9 \u00fapravy, ako je le\u0161tenie a pr\u00e1\u0161kov\u00e9 lakovanie.<\/li>\n<li><strong>Kontrola kvality<\/strong>Vykon\u00e1vame pr\u00edsne kontroly kvality, meran\u00edm rozmerov, presnosti, hluku a vibr\u00e1ci\u00ed, aby sme zabezpe\u010dili, \u017ee na\u0161e prevodovky sp\u013a\u0148aj\u00fa bezpe\u010dnostn\u00e9 a v\u00fdkonnostn\u00e9 normy.<\/li>\n<\/ol>\n<p>Celkovo je v\u00fdroba po\u013enohospod\u00e1rskych prevodoviek zlo\u017eit\u00fd proces, ktor\u00fd si vy\u017eaduje zru\u010dn\u00fdch remeseln\u00edkov, modern\u00e9 v\u00fdrobn\u00e9 zariadenia a komplexn\u00fd syst\u00e9m kontroly kvality. Tento d\u00f4kladn\u00fd pr\u00edstup zaru\u010duje, \u017ee na\u0161e prevodovky poskytuj\u00fa v\u00fdnimo\u010dn\u00fd v\u00fdkon a spo\u013eahlivos\u0165.<\/p>\n<p>Autor: CX<\/p>","protected":false},"excerpt":{"rendered":"<p>75 HP Heavy Duty Post Hole Digger Gearbox Dimensions Product Specifications: This post hole digger gearbox is a 75 horsepower, right angle gearbox used on many post hole digger attachments. This heavy duty post hole digger gearbox is a direct replacement for a number of manufacturers. Just check the measurements on yours to make sure [&hellip;]<\/p>","protected":false},"featured_media":1833,"comment_status":"open","ping_status":"closed","template":"","meta":{"_et_pb_use_builder":"","_et_pb_old_content":"","_et_gb_content_width":""},"product_brand":[],"product_cat":[50],"product_tag":[],"class_list":{"0":"post-1831","1":"product","2":"type-product","3":"status-publish","4":"has-post-thumbnail","6":"product_cat-post-hole-digger-gearbox","8":"first","9":"instock","10":"shipping-taxable","11":"product-type-simple"},"_links":{"self":[{"href":"https:\/\/fmp-components.com\/sk\/wp-json\/wp\/v2\/product\/1831","targetHints":{"allow":["GET"]}}],"collection":[{"href":"https:\/\/fmp-components.com\/sk\/wp-json\/wp\/v2\/product"}],"about":[{"href":"https:\/\/fmp-components.com\/sk\/wp-json\/wp\/v2\/types\/product"}],"replies":[{"embeddable":true,"href":"https:\/\/fmp-components.com\/sk\/wp-json\/wp\/v2\/comments?post=1831"}],"wp:featuredmedia":[{"embeddable":true,"href":"https:\/\/fmp-components.com\/sk\/wp-json\/wp\/v2\/media\/1833"}],"wp:attachment":[{"href":"https:\/\/fmp-components.com\/sk\/wp-json\/wp\/v2\/media?parent=1831"}],"wp:term":[{"taxonomy":"product_brand","embeddable":true,"href":"https:\/\/fmp-components.com\/sk\/wp-json\/wp\/v2\/product_brand?post=1831"},{"taxonomy":"product_cat","embeddable":true,"href":"https:\/\/fmp-components.com\/sk\/wp-json\/wp\/v2\/product_cat?post=1831"},{"taxonomy":"product_tag","embeddable":true,"href":"https:\/\/fmp-components.com\/sk\/wp-json\/wp\/v2\/product_tag?post=1831"}],"curies":[{"name":"pracovn\u00fd list","href":"https:\/\/api.w.org\/{rel}","templated":true}]}}