{"id":1717,"date":"2024-12-23T07:03:08","date_gmt":"2024-12-23T07:03:08","guid":{"rendered":"https:\/\/fmp-components.com\/product\/factory-price-long-stroke-hydraulic-cylinder-for-dump-trailer\/"},"modified":"2025-03-18T01:47:42","modified_gmt":"2025-03-18T01:47:42","slug":"factory-price-long-stroke-hydraulic-cylinder-for-dump-trailer","status":"publish","type":"product","link":"https:\/\/fmp-components.com\/sk\/product\/factory-price-long-stroke-hydraulic-cylinder-for-dump-trailer\/","title":{"rendered":"Hydraulick\u00fd valec s dlh\u00fdm zdvihom z v\u00fdroby pre skl\u00e1pac\u00ed pr\u00edves"},"content":{"rendered":"<p>Hydraulick\u00fd valec s dlh\u00fdm zdvihom pre skl\u00e1pacie pr\u00edvesy za tov\u00e1rensk\u00fa cenu je vysoko kvalitn\u00fd produkt, ktor\u00fd je navrhnut\u00fd tak, aby poskytoval vynikaj\u00faci v\u00fdkon a odolnos\u0165. Tento hydraulick\u00fd valec je \u0161peci\u00e1lne navrhnut\u00fd pre skl\u00e1pacie pr\u00edvesy, v\u010faka \u010domu je nevyhnutnou s\u00fa\u010das\u0165ou pre efekt\u00edvnu a spo\u013eahliv\u00fa prev\u00e1dzku pr\u00edvesu.<\/p>\n<p>Jednou z k\u013e\u00fa\u010dov\u00fdch vlastnost\u00ed tohto hydraulick\u00e9ho valca je jeho dlh\u00fd zdvih. V\u010faka pred\u013a\u017eenej d\u013a\u017eke zdvihu umo\u017e\u0148uje v\u00e4\u010d\u0161\u00ed rozsah pohybu, \u010do umo\u017e\u0148uje skl\u00e1paciemu pr\u00edvesu \u013eahko zdv\u00edha\u0165 a sp\u00fa\u0161\u0165a\u0165 bremen\u00e1. To znamen\u00e1 zv\u00fd\u0161en\u00fa produktivitu a efektivitu v r\u00f4znych aplik\u00e1ci\u00e1ch, ako je stavebn\u00edctvo, po\u013enohospod\u00e1rstvo a doprava.<\/p>\n<p><img decoding=\"async\" src=\"https:\/\/hzpt.com\/wp-content\/uploads\/2023\/11\/Inverted-Telescopic-Cylinder-15.webp\" alt=\"\" title=\"\"><\/p>\n<p>Hydraulick\u00fd valec je vyroben\u00fd z najkvalitnej\u0161\u00edch materi\u00e1lov, \u010do zaru\u010duje jeho trvanlivos\u0165 a odolnos\u0165 vo\u010di opotrebovaniu. Je navrhnut\u00fd tak, aby odolal n\u00e1ro\u010dn\u00fdm podmienkam, s ktor\u00fdmi sa \u010dasto stret\u00e1vame v n\u00e1ro\u010dn\u00fdch aplik\u00e1ci\u00e1ch. V\u010faka svojej robustnej kon\u0161trukcii pon\u00faka tento hydraulick\u00fd valec dlhodob\u00fa spo\u013eahlivos\u0165 a v\u00fdkon, \u010d\u00edm minimalizuje prestoje a n\u00e1klady na \u00fadr\u017ebu.<\/p>\n<p>Hydraulick\u00fd valec s dlh\u00fdm zdvihom pre skl\u00e1pacie n\u00e1vesy je navy\u0161e vybaven\u00fd pokro\u010dilou hydraulickou technol\u00f3giou. Je vybaven\u00fd vysoko kvalitn\u00fdm hydraulick\u00fdm syst\u00e9mom, ktor\u00fd zais\u0165uje plynul\u00fd a presn\u00fd chod a umo\u017e\u0148uje presn\u00e9 ovl\u00e1danie po\u010das zdv\u00edhania a sp\u00fa\u0161\u0165ania. To zais\u0165uje bezpe\u010dn\u00fa a efekt\u00edvnu manipul\u00e1ciu s bremenami a zvy\u0161uje celkov\u00fa produktivitu.<\/p>\n<p>Tento hydraulick\u00fd valec je navy\u0161e navrhnut\u00fd pre jednoduch\u00fa in\u0161tal\u00e1ciu a kompatibilitu s r\u00f4znymi modelmi skl\u00e1pac\u00edch pr\u00edvesov. Dod\u00e1va sa so v\u0161etk\u00fdm potrebn\u00fdm mont\u00e1\u017enym materi\u00e1lom a pr\u00edslu\u0161enstvom, v\u010faka \u010domu je proces in\u0161tal\u00e1cie r\u00fdchly a bezprobl\u00e9mov\u00fd.<\/p>\n<p>Z\u00e1verom mo\u017eno poveda\u0165, \u017ee hydraulick\u00fd valec s dlh\u00fdm zdvihom pre skl\u00e1pacie pr\u00edvesy od v\u00fdrobcu je spo\u013eahliv\u00fd a vysoko v\u00fdkonn\u00fd produkt, ktor\u00fd pon\u00faka vynikaj\u00faci pomer ceny a kvality. Jeho dlh\u00fd zdvih, odoln\u00e1 kon\u0161trukcia, pokro\u010dil\u00e1 hydraulick\u00e1 technol\u00f3gia a jednoduch\u00e1 in\u0161tal\u00e1cia z neho robia ide\u00e1lnu vo\u013ebu pre aplik\u00e1cie s skl\u00e1pac\u00edmi pr\u00edvesmi. \u010ci u\u017e p\u00f4sob\u00edte v stavebn\u00edctve, po\u013enohospod\u00e1rstve alebo doprave, tento hydraulick\u00fd valec ur\u010dite zv\u00fd\u0161i v\u00fdkon a efektivitu v\u00e1\u0161ho skl\u00e1pacieho pr\u00edvesu. Objavte najmodernej\u0161iu technol\u00f3giu a v\u00fdnimo\u010dn\u00fa kvalitu n\u00e1\u0161ho \u00faplne nov\u00e9ho hydraulick\u00e9ho valca s dlh\u00fdm zdvihom od v\u00fdrobcu, ktor\u00fd je navrhnut\u00fd \u0161peci\u00e1lne pre skl\u00e1pacie pr\u00edvesy. Na tento hydraulick\u00fd valec sa vz\u0165ahuje 1-ro\u010dn\u00e1 z\u00e1ruka, ktor\u00e1 zaru\u010duje spo\u013eahlivos\u0165 a pokoj v du\u0161i. Je vhodn\u00fd pre \u0161irok\u00fa \u0161k\u00e1lu odvetv\u00ed vr\u00e1tane v\u00fdrobn\u00fdch z\u00e1vodov, opravovn\u00ed strojov, fariem, energetiky a ban\u00edctva a stroj\u00e1rskych z\u00e1vodov. Tento produkt s hmotnos\u0165ou 40 kg je dod\u00e1van\u00fd s videami z v\u00fdstupnej kontroly a spr\u00e1vami o testoch strojov. Ako nov\u00fd produkt pre rok 2025 pon\u00faka 1-ro\u010dn\u00fa z\u00e1ruku na z\u00e1kladn\u00e9 komponenty, ako s\u00fa lo\u017eisk\u00e1 a piestov\u00fd valec. Kon\u0161trukcia piestov\u00e9ho valca pracuje na hydraulickej sile a je vyroben\u00e1 z robustnej ocele.<\/p>\n<p><img decoding=\"async\" src=\"https:\/\/hzpt.com\/wp-content\/uploads\/2023\/11\/Inverted-Telescopic-Cylinder-6.webp\" alt=\"\" title=\"\"><\/p>\n<h2>Vlastnosti hydraulick\u00e9ho valca s dlh\u00fdm zdvihom<\/h2>\n<p>Hydraulick\u00fd valec s dlh\u00fdm zdvihom je \u0161tandardn\u00e1 piestov\u00e1 kon\u0161trukcia poh\u00e1\u0148an\u00e1 hydraulickou energiou. Medzi k\u013e\u00fa\u010dov\u00e9 vlastnosti tohto produktu patria:<\/p>\n<p>1. Materi\u00e1l tela: Vyroben\u00e9 z odolnej ocele, ktor\u00e1 zais\u0165uje dlhotrvaj\u00faci v\u00fdkon.<\/p>\n<p>2. Maxim\u00e1lny \u0165ah: Schopn\u00fd vyvin\u00fa\u0165 maxim\u00e1lny \u0165ah 3000.<\/p>\n<p>3. Typ: Je to invertovan\u00fd teleskopick\u00fd valec, ktor\u00fd poskytuje vynikaj\u00facu prev\u00e1dzkov\u00fa \u00fa\u010dinnos\u0165.<\/p>\n<p>4. Porty: Vybaven\u00e9 portami G\/SAE\/NPT\/M pre v\u0161estrann\u00e9 pripojenie.<\/p>\n<p>5. Maxim\u00e1lny \u0165ah: M\u00e1 maxim\u00e1lnu \u0165a\u017en\u00fa kapacitu 20 ton.<\/p>\n<h2>Aplik\u00e1cie hydraulick\u00e9ho valca s dlh\u00fdm zdvihom<\/h2>\n<p>Tento hydraulick\u00fd valec je pou\u017eite\u013en\u00fd v r\u00f4znych odvetviach a aplik\u00e1ci\u00e1ch vr\u00e1tane:<\/p>\n<p>1. V\u00fdrobn\u00e9 z\u00e1vody: Cenn\u00e9 v r\u00f4znych v\u00fdrobn\u00fdch procesoch.<\/p>\n<p>2. Opravovne strojov: Nevyhnutn\u00e9 na opravu \u0165a\u017ek\u00fdch strojov.<\/p>\n<p>3. Farmy: Ide\u00e1lne na prev\u00e1dzku po\u013enohospod\u00e1rskych strojov.<\/p>\n<p>4. Energia a ban\u00edctvo: Ide\u00e1lne pre n\u00e1ro\u010dn\u00e9 energetick\u00e9 a bansk\u00e9 prev\u00e1dzky.<\/p>\n<p>5. Stroj\u00e1re\u0148: K\u013e\u00fa\u010dov\u00e1 s\u00fa\u010das\u0165 pre v\u00fdrobu strojov.<\/p>\n<p><img decoding=\"async\" src=\"https:\/\/hzpt.com\/wp-content\/uploads\/2023\/11\/Inverted-Telescopic-Cylinder-Applications.webp\" alt=\"Aplik\u00e1cie inverzn\u00e9ho teleskopick\u00e9ho valca\" title=\"\"><\/p>\n<h2>Princ\u00edp \u010dinnosti a \u00fadr\u017eba hydraulick\u00e9ho valca s dlh\u00fdm zdvihom<\/h2>\n<p>Hydraulick\u00fd valec s dlh\u00fdm zdvihom funguje na princ\u00edpe hydraulickej sily. Hydraulick\u00e1 kvapalina je priv\u00e1dzan\u00e1 do valca a vytv\u00e1ra v\u00fdstupn\u00fa silu. Na zabezpe\u010denie optim\u00e1lnej funk\u010dnosti je potrebn\u00e1 pravideln\u00e1 kontrola, \u010distenie, mazanie a opravy. Medzi konkr\u00e9tne body \u00fadr\u017eby patria:<\/p>\n<p>1. Pravideln\u00e1 kontrola: \u010cast\u00e9 kontroly s\u00fa potrebn\u00e9 na predch\u00e1dzanie mo\u017en\u00e9mu po\u0161kodeniu.<\/p>\n<p>2. \u010cistenie: Pravideln\u00e9 \u010distenie zabra\u0148uje hromadeniu ne\u010dist\u00f4t a \u00falomkov.<\/p>\n<p>3. Mazanie: Pravideln\u00e9 mazanie zais\u0165uje plynul\u00fd chod.<\/p>\n<p>4. Opravy: Bezodkladne vykonajte v\u0161etky potrebn\u00e9 opravy, aby ste predi\u0161li \u010fal\u0161iemu po\u0161kodeniu.<\/p>\n<p>5. V\u00fdmena tesnenia: Pravideln\u00e1 v\u00fdmena tesnen\u00ed je d\u00f4le\u017eit\u00e1, aby sa predi\u0161lo \u00fanikom.<\/p>\n<p><img decoding=\"async\" src=\"https:\/\/hzpt.com\/wp-content\/uploads\/2023\/11\/Inverted-Telescopic-Cylinder-Manufacturers.webp\" alt=\"Tov\u00e1re\u0148 na hydraulick\u00e9 stroje HZPT\" title=\"\"><\/p>\n<h3>Funkcie<\/h3>\n<ul>\n<li>Invertovan\u00fd teleskopick\u00fd valec pozost\u00e1va z jedno\u010dinn\u00e9ho alebo dvoj\u010dinn\u00e9ho piestu, ktor\u00fd sa pohybuje tam a sp\u00e4\u0165 vo vn\u00fatri valca.<\/li>\n<li>Piestna ty\u010d je pripevnen\u00e1 k piestu a prech\u00e1dza cez spodn\u00fa \u010das\u0165 valca.<\/li>\n<li>Nieko\u013eko stup\u0148ov valcov s men\u0161\u00edm priemerom je obr\u00e1ten\u00fdch a namontovan\u00fdch na valci valca s v\u00e4\u010d\u0161\u00edm priemerom.<\/li>\n<li>Valce s men\u0161\u00edm priemerom s\u00fa vnoren\u00e9 vo vn\u00fatri valca s v\u00e4\u010d\u0161\u00edm priemerom, ke\u010f je piest \u00faplne zasunut\u00fd.<\/li>\n<li>Valec m\u00e1 kompaktn\u00fd dizajn a je vhodn\u00fd pre aplik\u00e1cie s obmedzen\u00fdm priestorom.<\/li>\n<\/ul>\n<h3>V\u00fdhody<\/h3>\n<ul>\n<li>Invertovan\u00fd teleskopick\u00fd valec m\u00e1 v porovnan\u00ed s in\u00fdmi typmi hydraulick\u00fdch valcov dlh\u0161iu d\u013a\u017eku zdvihu.<\/li>\n<li>Vnoren\u00e1 kon\u0161trukcia valcov s men\u0161\u00edm priemerom skracuje celkov\u00fa d\u013a\u017eku valca, ke\u010f je \u00faplne vysunut\u00fd.<\/li>\n<li>Valec m\u00e1 vysok\u00fa nosnos\u0165 a dok\u00e1\u017ee generova\u0165 ve\u013ek\u00fa v\u00fdstupn\u00fa silu.<\/li>\n<li>Kon\u0161trukcia valca zni\u017euje riziko po\u0161kodenia piestnej ty\u010de a valca.<\/li>\n<li>Tento typ valca sa \u013eahko in\u0161taluje a udr\u017eiava.<\/li>\n<\/ul>\n<h3>Aplik\u00e1cie<\/h3>\n<p>Invertovan\u00fd teleskopick\u00fd valec m\u00e1 \u0161irok\u00e9 uplatnenie v r\u00f4znych odvetviach. Be\u017ene sa pou\u017e\u00edva v skl\u00e1pac\u00edch pr\u00edvesoch, kde sa pou\u017e\u00edva na zdv\u00edhanie a sp\u00fa\u0161\u0165anie korby pr\u00edvesu. Hydraulick\u00fd valec s dlh\u00fdm zdvihom pre skl\u00e1pacie pr\u00edvesy s v\u00fdrobnou cenou je ob\u013e\u00fabenou vo\u013ebou medzi v\u00fdrobcami v\u010faka svojej vysokej nosnosti a dlh\u00e9mu zdvihu. Invertovan\u00e9 teleskopick\u00e9 valce sa pou\u017e\u00edvaj\u00fa aj v po\u013enohospod\u00e1rskych strojoch, stavebn\u00fdch strojoch a zariadeniach na manipul\u00e1ciu s materi\u00e1lom. S\u00fa vhodn\u00e9 pre aplik\u00e1cie, kde je potrebn\u00e1 ve\u013ek\u00e1 v\u00fdstupn\u00e1 sila a dlh\u00fd zdvih v kompaktnom preveden\u00ed.<\/p>\n<h3>O FMP \u2013 hydraulickom valci<\/h3>\n<p>V spolo\u010dnosti FMP sa \u0161pecializujeme na predaj a servis vysokokvalitn\u00fdch dielov a kompletn\u00fdch strojov pre stavebn\u00e9 stroje. N\u00e1\u0161 hydraulick\u00fd valec je jedn\u00fdm z na\u0161ich najob\u013e\u00fabenej\u0161\u00edch produktov a to z dobr\u00e9ho d\u00f4vodu. Tu je p\u00e4\u0165 d\u00f4vodov, pre\u010do je hydraulick\u00fd valec FMP najlep\u0161ou vo\u013ebou pre va\u0161e potreby v oblasti stavebn\u00fdch strojov:<\/p>\n<p>1. <strong>Materi\u00e1ly najvy\u0161\u0161ej kvality<\/strong>N\u00e1\u0161 hydraulick\u00fd valec je vyroben\u00fd z odoln\u00fdch a spo\u013eahliv\u00fdch materi\u00e1lov, \u010do zaru\u010duje dlhotrvaj\u00faci v\u00fdkon a minim\u00e1lne po\u017eiadavky na \u00fadr\u017ebu.<\/p>\n<p>2. <strong>Prisp\u00f4sobite\u013en\u00e9 mo\u017enosti<\/strong>Pon\u00fakame nastavite\u013en\u00e9 valce s vidlicov\u00fdm uchyten\u00edm, ako aj \u010fal\u0161ie mo\u017enosti prisp\u00f4sobenia, ktor\u00e9 vyhovej\u00fa va\u0161im \u0161pecifick\u00fdm potreb\u00e1m. V\u010faka na\u0161im odborn\u00fdm znalostiam v oblasti dielov stavebn\u00fdch strojov s vami m\u00f4\u017eeme spolupracova\u0165 na n\u00e1jden\u00ed najlep\u0161ieho rie\u0161enia pre va\u0161e zariadenie.<\/p>\n<p>3. <strong>T\u00edm expertov<\/strong>N\u00e1\u0161 sk\u00fasen\u00fd a kvalifikovan\u00fd obchodn\u00fd t\u00edm m\u00e1 znalosti o najnov\u0161\u00edch trendoch v odvetv\u00ed a potreb\u00e1ch z\u00e1kazn\u00edkov v oblasti stavebn\u00fdch strojov. M\u00f4\u017ee v\u00e1m poskytn\u00fa\u0165 profesion\u00e1lne konzult\u00e1cie o produktoch a inteligentn\u00e9 n\u00e1vrhy na n\u00e1kup, ktor\u00e9 v\u00e1m pom\u00f4\u017eu urobi\u0165 najlep\u0161ie rozhodnutie pre va\u0161e podnikanie.<\/p>\n<p>4. <strong>Efekt\u00edvna logistika<\/strong>M\u00e1me efekt\u00edvny logistick\u00fd distribu\u010dn\u00fd syst\u00e9m, ktor\u00fd zabezpe\u010duje, aby z\u00e1kazn\u00edci dostali po\u017eadovan\u00e9 diely v\u010das a presne. To znamen\u00e1 minim\u00e1lne prestoje pre va\u0161e stavebn\u00e9 stroje a bezprobl\u00e9mov\u00fa prev\u00e1dzku v\u00e1\u0161ho podniku.<\/p>\n<p>5. <strong>Pr\u00edsna kontrola kvality<\/strong>Budujeme dlhodob\u00e9 a stabiln\u00e9 partnersk\u00e9 vz\u0165ahy s mnoh\u00fdmi kvalitn\u00fdmi dod\u00e1vate\u013emi doma aj v zahrani\u010d\u00ed, \u010d\u00edm zabezpe\u010dujeme, aby v\u0161etky dod\u00e1van\u00e9 diely vr\u00e1tane n\u00e1\u0161ho hydraulick\u00e9ho valca sp\u013a\u0148ali pr\u00edsne normy kvality.<\/p>\n<p>S hydraulick\u00fdm valcom FMP si m\u00f4\u017eete by\u0165 ist\u00ed kvalitou a spo\u013eahlivos\u0165ou svojich stavebn\u00fdch strojov. Kontaktujte n\u00e1s e\u0161te dnes a dozviete sa viac o na\u0161ich produktoch a o tom, ako v\u00e1m m\u00f4\u017eeme pom\u00f4c\u0165 n\u00e1js\u0165 najlep\u0161ie rie\u0161enia pre va\u0161e obchodn\u00e9 potreby.<\/p>\n<p><img decoding=\"async\" src=\"https:\/\/fmp-components.com\/wp-content\/uploads\/2024\/12\/Adjustable-Clevis-Type-Cylinders-6.webp\" alt=\"Nastavite\u013en\u00fd valec typu Clevis\" width=\"853\" title=\"\"><br \/>\nAutor: CX<\/p>","protected":false},"excerpt":{"rendered":"<p>The Factory Price Long Stroke Hydraulic Cylinder For Dump Trailer is a high-quality product that is designed to provide superior performance and durability. This hydraulic cylinder is specifically engineered for dump trailers, making it an essential component for efficient and reliable trailer operation. One of the key features of this hydraulic cylinder is its long [&hellip;]<\/p>","protected":false},"featured_media":1718,"comment_status":"closed","ping_status":"closed","template":"","meta":{"_et_pb_use_builder":"","_et_pb_old_content":"","_et_gb_content_width":""},"product_brand":[],"product_cat":[45],"product_tag":[34,48],"class_list":{"0":"post-1717","1":"product","2":"type-product","3":"status-publish","4":"has-post-thumbnail","6":"product_cat-inverted-telescopic-cylinder","7":"product_tag-hydraulic-cylinder","8":"product_tag-inverted-telescopic-cylinder","10":"first","11":"instock","12":"product-type-simple"},"_links":{"self":[{"href":"https:\/\/fmp-components.com\/sk\/wp-json\/wp\/v2\/product\/1717","targetHints":{"allow":["GET"]}}],"collection":[{"href":"https:\/\/fmp-components.com\/sk\/wp-json\/wp\/v2\/product"}],"about":[{"href":"https:\/\/fmp-components.com\/sk\/wp-json\/wp\/v2\/types\/product"}],"replies":[{"embeddable":true,"href":"https:\/\/fmp-components.com\/sk\/wp-json\/wp\/v2\/comments?post=1717"}],"wp:featuredmedia":[{"embeddable":true,"href":"https:\/\/fmp-components.com\/sk\/wp-json\/wp\/v2\/media\/1718"}],"wp:attachment":[{"href":"https:\/\/fmp-components.com\/sk\/wp-json\/wp\/v2\/media?parent=1717"}],"wp:term":[{"taxonomy":"product_brand","embeddable":true,"href":"https:\/\/fmp-components.com\/sk\/wp-json\/wp\/v2\/product_brand?post=1717"},{"taxonomy":"product_cat","embeddable":true,"href":"https:\/\/fmp-components.com\/sk\/wp-json\/wp\/v2\/product_cat?post=1717"},{"taxonomy":"product_tag","embeddable":true,"href":"https:\/\/fmp-components.com\/sk\/wp-json\/wp\/v2\/product_tag?post=1717"}],"curies":[{"name":"pracovn\u00fd list","href":"https:\/\/api.w.org\/{rel}","templated":true}]}}