{"id":1715,"date":"2024-12-23T07:01:59","date_gmt":"2024-12-23T07:01:59","guid":{"rendered":"https:\/\/fmp-components.com\/product\/excellent-quality-trailer-long-stroke-cylinder-hydraulic-for-trailer\/"},"modified":"2025-03-11T05:49:43","modified_gmt":"2025-03-11T05:49:43","slug":"excellent-quality-trailer-long-stroke-cylinder-hydraulic-for-trailer","status":"publish","type":"product","link":"https:\/\/fmp-components.com\/sk\/product\/excellent-quality-trailer-long-stroke-cylinder-hydraulic-for-trailer\/","title":{"rendered":"Vynikaj\u00faca kvalita pr\u00edvesu s dlh\u00fdm zdvihom hydraulick\u00e9ho valca pre pr\u00edves"},"content":{"rendered":"<p>Hydraulick\u00fd valec s dlh\u00fdm zdvihom vynikaj\u00facej kvality pre pr\u00edves je nevyhnutnos\u0165ou pre ka\u017ed\u00e9ho majite\u013ea pr\u00edvesu. Tento hydraulick\u00fd valec sa p\u00fd\u0161i vynikaj\u00facou kvalitou a odolnos\u0165ou, v\u010faka \u010domu je ide\u00e1lnou vo\u013ebou pre n\u00e1ro\u010dn\u00e9 aplik\u00e1cie.<\/p>\n<p>Tento hydraulick\u00fd valec je vyroben\u00fd z vysoko kvalitn\u00fdch materi\u00e1lov a je navrhnut\u00fd tak, aby odolal n\u00e1ro\u010dn\u00fdm ka\u017edodenn\u00fdm podmienkam. Jeho kon\u0161trukcia s dlh\u00fdm zdvihom poskytuje v\u00fdnimo\u010dn\u00fd v\u00fdkon a jeho robustn\u00e1 kon\u0161trukcia zaru\u010duje dlh\u00fa \u017eivotnos\u0165 a spo\u013eahlivos\u0165.<\/p>\n<p>V\u010faka pokro\u010dil\u00fdm funkci\u00e1m poskytuje vynikaj\u00faca kvalita hydraulick\u00e9ho valca s dlh\u00fdm zdvihom pre pr\u00edvesy v\u00fdnimo\u010dn\u00fd v\u00fdkon a \u00fa\u010dinnos\u0165. \u013dahko sa in\u0161taluje a udr\u017eiava, v\u010faka \u010domu je ide\u00e1lnou vo\u013ebou pre za\u010d\u00ednaj\u00facich aj sk\u00fasen\u00fdch majite\u013eov pr\u00edvesov.<\/p>\n<p>\u010ci u\u017e prepravujete \u0165a\u017ek\u00e9 zariadenia, hospod\u00e1rske zvierat\u00e1 alebo in\u00fd n\u00e1klad, tento hydraulick\u00fd valec poskytuje v\u00fdkon a spo\u013eahlivos\u0165, ktor\u00e9 potrebujete na spr\u00e1vne vykonanie pr\u00e1ce. Tak pre\u010do \u010daka\u0165? Investujte e\u0161te dnes do vysokokvalitn\u00e9ho hydraulick\u00e9ho valca s dlh\u00fdm zdvihom pre pr\u00edvesy a za\u017eite maxim\u00e1lny v\u00fdkon a kvalitu! Predstavujeme najnov\u0161iu hydraulick\u00fa technol\u00f3giu \u2013 n\u00e1\u0161 \u0161pi\u010dkov\u00fd hydraulick\u00fd valec s dlh\u00fdm zdvihom pre pr\u00edvesy. Tento \u00faplne nov\u00fd produkt, ktor\u00fd sa m\u00e1 na trhu objavi\u0165 v roku 2023, pon\u00faka bezkonkuren\u010dn\u00fa odolnos\u0165 a \u00fa\u010dinnos\u0165. N\u00e1\u0161 hydraulick\u00fd valec je ide\u00e1lny na pou\u017eitie vo v\u00fdrobn\u00fdch z\u00e1vodoch, opravovniach strojov, farm\u00e1ch, energetickom a banskom sektore a s\u013eubuje plynul\u00fd chod a dlh\u00fa \u017eivotnos\u0165. Tento pr\u00e9miov\u00fd produkt sa dod\u00e1va s ro\u010dnou z\u00e1rukou na hlavn\u00e9 komponenty, medzi ktor\u00e9 patr\u00ed lo\u017eisko a piestov\u00fd valec.<\/p>\n<p><img decoding=\"async\" src=\"https:\/\/hzpt.com\/wp-content\/uploads\/2023\/11\/Inverted-Telescopic-Cylinder-22.webp\" alt=\"\" title=\"\"><\/p>\n<h2>Vlastnosti n\u00e1\u0161ho hydraulick\u00e9ho valca s dlh\u00fdm zdvihom pre pr\u00edves<\/h2>\n<p>Hydraulick\u00fd syst\u00e9m s dlh\u00fdm zdvihom valca pre pr\u00edvesy je \u0161tandardn\u00fd hydraulick\u00fd syst\u00e9m s piestov\u00fdm valcom, ktor\u00fd je navrhnut\u00fd s nasleduj\u00facimi k\u013e\u00fa\u010dov\u00fdmi vlastnos\u0165ami:<\/p>\n<ol>\n<li>Robustn\u00fd oce\u013eov\u00fd materi\u00e1l tela pre maxim\u00e1lnu pevnos\u0165 a odolnos\u0165<\/li>\n<li>Vyu\u017e\u00edva hydraulick\u00fa energiu pre efekt\u00edvnu prev\u00e1dzku<\/li>\n<li>M\u00e1 maxim\u00e1lny \u0165ah 3000 a maxim\u00e1lny \u0165ah 20 ton<\/li>\n<li>R\u00f4zne ve\u013ekosti otvoru od 2 do 6 palcov a ve\u013ekos\u0165 ty\u010de od 1,125 do 4 palcov<\/li>\n<li>Ve\u013ekos\u0165 \u0165ahu medzi 6-48 palcami a ve\u013ekos\u0165 kol\u00edka 0,5-2 palce<\/li>\n<\/ol>\n<h2>Aplik\u00e1cie n\u00e1\u0161ho hydraulick\u00e9ho valca s dlh\u00fdm zdvihom pre pr\u00edves<\/h2>\n<p>N\u00e1\u0161 hydraulick\u00fd valec s dlh\u00fdm zdvihom je vhodn\u00fd pre \u0161irok\u00fa \u0161k\u00e1lu aplik\u00e1ci\u00ed, ako napr\u00edklad:<\/p>\n<ol>\n<li>V\u00fdrobn\u00e9 z\u00e1vody, kde sa m\u00f4\u017ee pou\u017e\u00edva\u0165 v r\u00f4znych strojoch pre r\u00f4zne procesy<\/li>\n<li>Opravovne strojov, na opravu a \u00fadr\u017ebu \u0165a\u017ek\u00fdch strojov<\/li>\n<li>Farmy, kde sa d\u00e1 pou\u017ei\u0165 v \u0165a\u017ek\u00fdch po\u013enohospod\u00e1rskych strojoch<\/li>\n<li>Energetick\u00fd a \u0165a\u017eobn\u00fd sektor, kde dok\u00e1\u017ee unies\u0165 \u0165a\u017ek\u00e9 bremen\u00e1 a odol\u00e1va\u0165 n\u00e1ro\u010dn\u00fdm podmienkam<\/li>\n<li>V\u00fdroba strojov a tov\u00e1re\u0148, kde sa d\u00e1 pou\u017ei\u0165 pri v\u00fdrobe in\u00fdch strojov<\/li>\n<\/ol>\n<p><img decoding=\"async\" src=\"https:\/\/hzpt.com\/wp-content\/uploads\/2023\/11\/Inverted-Telescopic-Cylinder-Applications.webp\" alt=\"Hydraulick\u00e9 aplik\u00e1cie valcov s dlh\u00fdm zdvihom\" title=\"\"><\/p>\n<h2>Princ\u00edp \u010dinnosti a \u00fadr\u017eba hydraulick\u00e9ho valca s dlh\u00fdm zdvihom pre pr\u00edves<\/h2>\n<p>Hydraulick\u00fd valec s dlh\u00fdm zdvihom pre pr\u00edves funguje tak, \u017ee premie\u0148a tlak hydraulickej kvapaliny na silu, ktor\u00e1 dok\u00e1\u017ee pohybova\u0165 bremenami. Hydraulick\u00e1 kvapalina sa \u010derp\u00e1 do valca, ktor\u00fd vys\u00fava piestnu ty\u010d a vytv\u00e1ra silu. T\u00fato silu mo\u017eno pou\u017ei\u0165 na zdv\u00edhanie, tla\u010denie alebo \u0165ahanie bremien.<\/p>\n<p>\u00dadr\u017eba hydraulick\u00e9ho valca zah\u0155\u0148a:<\/p>\n<ol>\n<li>Pravideln\u00e1 kontrola, aby sa skontrolovali ak\u00e9ko\u013evek zn\u00e1mky opotrebovania alebo po\u0161kodenia<\/li>\n<li>\u010cistenie valca od ne\u010dist\u00f4t alebo \u00falomkov, ktor\u00e9 by mohli ovplyvni\u0165 jeho prev\u00e1dzku<\/li>\n<li>Mazanie pohybliv\u00fdch \u010dast\u00ed na zn\u00ed\u017eenie trenia a zabr\u00e1nenie opotrebovaniu<\/li>\n<li>Pravideln\u00e9 kontroly a opravy pre udr\u017eanie valca v optim\u00e1lnom stave<\/li>\n<li>V\u00fdmena tesnen\u00ed pod\u013ea potreby, aby sa zabr\u00e1nilo \u00fanikom<\/li>\n<\/ol>\n<h2>Invertovan\u00fd teleskopick\u00fd valec<\/h2>\n<p>Invertovan\u00fd teleskopick\u00fd valec je typ hydraulick\u00e9ho valca be\u017ene pou\u017e\u00edvan\u00e9ho v r\u00f4znych aplik\u00e1ci\u00e1ch vr\u00e1tane pr\u00edvesov. Je navrhnut\u00fd tak, aby poskytoval vynikaj\u00facu kvalitu a v\u00fdkon, najm\u00e4 z h\u013eadiska dlh\u00e9ho zdvihu. Tento typ valca vyu\u017e\u00edva jedine\u010dn\u00fa kon\u0161trukciu a funguje na princ\u00edpe hydraulick\u00e9ho tlaku na generovanie line\u00e1rnej sily a pohybu.<\/p>\n<p>Tu s\u00fa niektor\u00e9 k\u013e\u00fa\u010dov\u00e9 vlastnosti a v\u00fdhody vynikaj\u00facej kvality hydraulick\u00e9ho valca s dlh\u00fdm zdvihom pre pr\u00edvesy:<\/p>\n<ol>\n<li><strong>Pokro\u010dil\u00fd dizajn:<\/strong> Invertovan\u00fd teleskopick\u00fd valec je navrhnut\u00fd so sofistikovan\u00fdm dizajnom, ktor\u00fd umo\u017e\u0148uje vynikaj\u00faci v\u00fdkon. Jeho kon\u0161trukcia zah\u0155\u0148a viacero stup\u0148ov alebo sekci\u00ed, ktor\u00e9 sa do seba zas\u00favaj\u00fa, \u010do vedie k pred\u013a\u017eenej d\u013a\u017eke zdvihu.<\/li>\n<li><strong>Mo\u017enosti dlh\u00e9ho zdvihu:<\/strong> Tento valec pon\u00faka p\u00f4sobiv\u00fa d\u013a\u017eku zdvihu, \u010do je k\u013e\u00fa\u010dov\u00e9 pre aplik\u00e1cie, kde je potrebn\u00fd dlh\u00fd dosah alebo pohyb. V\u010faka svojim dlh\u00fdm zdvihom poskytuje zv\u00fd\u0161en\u00fa flexibilitu a funk\u010dnos\u0165, v\u010faka \u010domu je ide\u00e1lny pre pr\u00edvesy a in\u00e9 podobn\u00e9 zariadenia.<\/li>\n<li><strong>Hydraulick\u00fd v\u00fdkon:<\/strong> Valec vyu\u017e\u00edva hydraulick\u00fa energiu na generovanie sily a pohybu. Funguje na princ\u00edpe vyu\u017eitia tlaku vyv\u00edjan\u00e9ho hydraulickou kvapalinou, zvy\u010dajne olejom, na pohyb piestnej ty\u010de v line\u00e1rnom smere. Tento mechanizmus zais\u0165uje plynul\u00fd a kontrolovan\u00fd pohyb, \u010do umo\u017e\u0148uje presn\u00fa a efekt\u00edvnu prev\u00e1dzku.<\/li>\n<li><strong>Vynikaj\u00faca kvalita:<\/strong> Hydraulick\u00fd valec s dlh\u00fdm zdvihom vynikaj\u00facej kvality pre pr\u00edvesy je vyroben\u00fd z vysoko kvalitn\u00fdch materi\u00e1lov a presn\u00fdch v\u00fdrobn\u00fdch procesov. To zaru\u010duje jeho odolnos\u0165, spo\u013eahlivos\u0165 a dlh\u00fa \u017eivotnos\u0165 aj v n\u00e1ro\u010dn\u00fdch prev\u00e1dzkov\u00fdch podmienkach. Je navrhnut\u00fd tak, aby odolal vysok\u00e9mu za\u0165a\u017eeniu, vibr\u00e1ci\u00e1m a drsn\u00e9mu prostrediu.<\/li>\n<li><strong>V\u0161estrannos\u0165 pou\u017eitia:<\/strong> Tento typ valca sa \u0161iroko pou\u017e\u00edva v r\u00f4znych aplik\u00e1ci\u00e1ch, ktor\u00e9 vy\u017eaduj\u00fa dlh\u0161\u00ed zdvih, ako napr\u00edklad pr\u00edvesy pou\u017e\u00edvan\u00e9 na prepravu, stavebn\u00e9 alebo po\u013enohospod\u00e1rske \u00fa\u010dely. Poskytuje potrebn\u00fd v\u00fdkon a v\u00fdkon na efekt\u00edvne a \u00fa\u010dinn\u00e9 zvl\u00e1dnutie r\u00f4znych \u00faloh.<\/li>\n<\/ol>\n<p>Z\u00e1verom mo\u017eno poveda\u0165, \u017ee inverzn\u00fd teleskopick\u00fd valec, najm\u00e4 hydraulick\u00fd valec vynikaj\u00facej kvality s dlh\u00fdm zdvihom pre pr\u00edvesy, pon\u00faka v\u00fdnimo\u010dn\u00fd v\u00fdkon a v\u0161estrannos\u0165. Jeho pokro\u010dil\u00e1 kon\u0161trukcia, mo\u017enosti dlh\u00e9ho zdvihu, hydraulick\u00fd v\u00fdkon, vynikaj\u00faca kvalita a v\u0161estrannos\u0165 pou\u017eitia z neho robia spo\u013eahliv\u00fa a efekt\u00edvnu vo\u013ebu pre r\u00f4zne \u00falohy s\u00favisiace s pr\u00edvesmi. \u010ci u\u017e ide o prepravu tovaru, stavebn\u00e9 projekty alebo po\u013enohospod\u00e1rske pr\u00e1ce, tento valec poskytuje potrebn\u00fa silu a pohyb pre optim\u00e1lny v\u00fdkon.<\/p>\n<h3>O FMP \u2013 hydraulickom valci<\/h3>\n<p>V spolo\u010dnosti FMP sa \u0161pecializujeme na predaj a servis vysokokvalitn\u00fdch dielov a kompletn\u00fdch strojov pre stavebn\u00e9 stroje. N\u00e1\u0161 hydraulick\u00fd valec je jedn\u00fdm z na\u0161ich najob\u013e\u00fabenej\u0161\u00edch produktov a to z dobr\u00e9ho d\u00f4vodu. Tu je p\u00e4\u0165 d\u00f4vodov, pre\u010do je hydraulick\u00fd valec FMP najlep\u0161ou vo\u013ebou pre va\u0161e potreby v oblasti stavebn\u00fdch strojov:<\/p>\n<p>1. <strong>Materi\u00e1ly najvy\u0161\u0161ej kvality<\/strong>N\u00e1\u0161 hydraulick\u00fd valec je vyroben\u00fd z odoln\u00fdch a spo\u013eahliv\u00fdch materi\u00e1lov, \u010do zaru\u010duje dlhotrvaj\u00faci v\u00fdkon a minim\u00e1lne po\u017eiadavky na \u00fadr\u017ebu.<\/p>\n<p>2. <strong>Prisp\u00f4sobite\u013en\u00e9 mo\u017enosti<\/strong>Pon\u00fakame nastavite\u013en\u00e9 valce s vidlicov\u00fdm uchyten\u00edm, ako aj \u010fal\u0161ie mo\u017enosti prisp\u00f4sobenia, ktor\u00e9 vyhovej\u00fa va\u0161im \u0161pecifick\u00fdm potreb\u00e1m. V\u010faka na\u0161im odborn\u00fdm znalostiam v oblasti dielov stavebn\u00fdch strojov s vami m\u00f4\u017eeme spolupracova\u0165 na n\u00e1jden\u00ed najlep\u0161ieho rie\u0161enia pre va\u0161e zariadenie.<\/p>\n<p>3. <strong>T\u00edm expertov<\/strong>N\u00e1\u0161 sk\u00fasen\u00fd a kvalifikovan\u00fd obchodn\u00fd t\u00edm m\u00e1 znalosti o najnov\u0161\u00edch trendoch v odvetv\u00ed a potreb\u00e1ch z\u00e1kazn\u00edkov v oblasti stavebn\u00fdch strojov. M\u00f4\u017ee v\u00e1m poskytn\u00fa\u0165 profesion\u00e1lne konzult\u00e1cie o produktoch a inteligentn\u00e9 n\u00e1vrhy na n\u00e1kup, ktor\u00e9 v\u00e1m pom\u00f4\u017eu urobi\u0165 najlep\u0161ie rozhodnutie pre va\u0161e podnikanie.<\/p>\n<p>4. <strong>Efekt\u00edvna logistika<\/strong>M\u00e1me efekt\u00edvny logistick\u00fd distribu\u010dn\u00fd syst\u00e9m, ktor\u00fd zabezpe\u010duje, aby z\u00e1kazn\u00edci dostali po\u017eadovan\u00e9 diely v\u010das a presne. To znamen\u00e1 minim\u00e1lne prestoje pre va\u0161e stavebn\u00e9 stroje a bezprobl\u00e9mov\u00fa prev\u00e1dzku v\u00e1\u0161ho podniku.<\/p>\n<p>5. <strong>Pr\u00edsna kontrola kvality<\/strong>Budujeme dlhodob\u00e9 a stabiln\u00e9 partnersk\u00e9 vz\u0165ahy s mnoh\u00fdmi kvalitn\u00fdmi dod\u00e1vate\u013emi doma aj v zahrani\u010d\u00ed, \u010d\u00edm zabezpe\u010dujeme, aby v\u0161etky dod\u00e1van\u00e9 diely vr\u00e1tane n\u00e1\u0161ho hydraulick\u00e9ho valca sp\u013a\u0148ali pr\u00edsne normy kvality.<\/p>\n<p>S hydraulick\u00fdm valcom FMP si m\u00f4\u017eete by\u0165 ist\u00ed kvalitou a spo\u013eahlivos\u0165ou svojich stavebn\u00fdch strojov. Kontaktujte n\u00e1s e\u0161te dnes a dozviete sa viac o na\u0161ich produktoch a o tom, ako v\u00e1m m\u00f4\u017eeme pom\u00f4c\u0165 n\u00e1js\u0165 najlep\u0161ie rie\u0161enia pre va\u0161e obchodn\u00e9 potreby.<\/p>\n<p><img decoding=\"async\" src=\"https:\/\/fmp-components.com\/wp-content\/uploads\/2024\/12\/Adjustable-Clevis-Type-Cylinders-6.webp\" alt=\"Nastavite\u013en\u00fd valec typu Clevis\" width=\"853\" title=\"\"><br \/>\nAutor: CX<\/p>","protected":false},"excerpt":{"rendered":"<p>The Excellent Quality Trailer Long Stroke Cylinder Hydraulic for Trailer is a must-have for any trailer owner. This hydraulic cylinder boasts superior quality and durability, making it the perfect choice for heavy-duty applications. Crafted from high-quality materials, this hydraulic cylinder is designed to withstand the rigors of daily use. Its long stroke design provides exceptional [&hellip;]<\/p>","protected":false},"featured_media":1716,"comment_status":"closed","ping_status":"closed","template":"","meta":{"_et_pb_use_builder":"","_et_pb_old_content":"","_et_gb_content_width":""},"product_brand":[],"product_cat":[45],"product_tag":[34,48],"class_list":{"0":"post-1715","1":"product","2":"type-product","3":"status-publish","4":"has-post-thumbnail","6":"product_cat-inverted-telescopic-cylinder","7":"product_tag-hydraulic-cylinder","8":"product_tag-inverted-telescopic-cylinder","10":"first","11":"instock","12":"product-type-simple"},"_links":{"self":[{"href":"https:\/\/fmp-components.com\/sk\/wp-json\/wp\/v2\/product\/1715","targetHints":{"allow":["GET"]}}],"collection":[{"href":"https:\/\/fmp-components.com\/sk\/wp-json\/wp\/v2\/product"}],"about":[{"href":"https:\/\/fmp-components.com\/sk\/wp-json\/wp\/v2\/types\/product"}],"replies":[{"embeddable":true,"href":"https:\/\/fmp-components.com\/sk\/wp-json\/wp\/v2\/comments?post=1715"}],"wp:featuredmedia":[{"embeddable":true,"href":"https:\/\/fmp-components.com\/sk\/wp-json\/wp\/v2\/media\/1716"}],"wp:attachment":[{"href":"https:\/\/fmp-components.com\/sk\/wp-json\/wp\/v2\/media?parent=1715"}],"wp:term":[{"taxonomy":"product_brand","embeddable":true,"href":"https:\/\/fmp-components.com\/sk\/wp-json\/wp\/v2\/product_brand?post=1715"},{"taxonomy":"product_cat","embeddable":true,"href":"https:\/\/fmp-components.com\/sk\/wp-json\/wp\/v2\/product_cat?post=1715"},{"taxonomy":"product_tag","embeddable":true,"href":"https:\/\/fmp-components.com\/sk\/wp-json\/wp\/v2\/product_tag?post=1715"}],"curies":[{"name":"pracovn\u00fd list","href":"https:\/\/api.w.org\/{rel}","templated":true}]}}