{"id":1713,"date":"2024-12-23T07:01:59","date_gmt":"2024-12-23T07:01:59","guid":{"rendered":"https:\/\/fmp-components.com\/product\/high-quality-small-dump-truck-4-stage-stainless-steel-hydraulic-cylinder\/"},"modified":"2025-03-11T06:03:01","modified_gmt":"2025-03-11T06:03:01","slug":"high-quality-small-dump-truck-4-stage-stainless-steel-hydraulic-cylinder","status":"publish","type":"product","link":"https:\/\/fmp-components.com\/sk\/product\/high-quality-small-dump-truck-4-stage-stainless-steel-hydraulic-cylinder\/","title":{"rendered":"Vysokokvalitn\u00fd 4-stup\u0148ov\u00fd hydraulick\u00fd valec z nehrdzavej\u00facej ocele pre mal\u00e9 skl\u00e1pa\u010de"},"content":{"rendered":"<h2>Predstavujeme vysoko kvalitn\u00fd 4-stup\u0148ov\u00fd hydraulick\u00fd valec z nehrdzavej\u00facej ocele pre mal\u00e9 skl\u00e1pa\u010de:<\/h2>\n<p>Vysokokvalitn\u00fd 4-stup\u0148ov\u00fd hydraulick\u00fd valec z nehrdzavej\u00facej ocele pre mal\u00e9 skl\u00e1pa\u010de je \u0161pi\u010dkov\u00fd produkt navrhnut\u00fd na zv\u00fd\u0161enie v\u00fdkonu a \u00fa\u010dinnosti mal\u00fdch skl\u00e1pa\u010dov. Tento hydraulick\u00fd valec je vyroben\u00fd z najkvalitnej\u0161ej nehrdzavej\u00facej ocele, \u010do zaru\u010duje bezkonkuren\u010dn\u00fa odolnos\u0165 a odolnos\u0165 vo\u010di kor\u00f3zii.<\/p>\n<p>Tento hydraulick\u00fd valec s unik\u00e1tnou \u0161tvorstup\u0148ovou kon\u0161trukciou poskytuje v\u00fdnimo\u010dn\u00fa zdv\u00edhaciu silu a presn\u00e9 ovl\u00e1danie. Umo\u017e\u0148uje plynul\u00fa prev\u00e1dzku, v\u010faka \u010domu je ide\u00e1lny pre r\u00f4zne \u0165a\u017ek\u00e9 aplik\u00e1cie. Pokro\u010dil\u00fd hydraulick\u00fd syst\u00e9m zais\u0165uje plynul\u00fd a spo\u013eahliv\u00fd v\u00fdkon, \u010d\u00edm sa zabezpe\u010duje efekt\u00edvna prev\u00e1dzka skl\u00e1pa\u010da.<\/p>\n<p>V\u010faka kompaktn\u00fdm rozmerom je tento hydraulick\u00fd valec \u0161peci\u00e1lne navrhnut\u00fd pre mal\u00e9 skl\u00e1pa\u010de, \u010do im umo\u017e\u0148uje \u013eahk\u00e9 man\u00e9vrovanie v stiesnen\u00fdch priestoroch. Kon\u0161trukcia z nehrdzavej\u00facej ocele nielen predl\u017euje jeho \u017eivotnos\u0165, ale je tie\u017e vhodn\u00e1 na pou\u017eitie v n\u00e1ro\u010dn\u00fdch podmienkach, ako s\u00fa extr\u00e9mne teploty a koroz\u00edvne prostredie.<\/p>\n<p><img decoding=\"async\" src=\"https:\/\/hzpt.com\/wp-content\/uploads\/2023\/11\/Inverted-Telescopic-Cylinder-3.webp\" alt=\"\" title=\"\"><\/p>\n<p>Vysokokvalitn\u00fd 4-stup\u0148ov\u00fd hydraulick\u00fd valec z nehrdzavej\u00facej ocele pre mal\u00e9 skl\u00e1pa\u010de sa m\u00f4\u017ee pochv\u00e1li\u0165 vysokou nosnos\u0165ou, v\u010faka \u010domu je schopn\u00fd manipulova\u0165 s ve\u013ek\u00fdm mno\u017estvom materi\u00e1lov. Je navrhnut\u00fd tak, aby odolal \u0165a\u017ek\u00fdm n\u00e1kladom bez ohrozenia svojej funk\u010dnosti alebo \u0161truktur\u00e1lnej integrity.<\/p>\n<p>Stru\u010dne povedan\u00e9, vysoko kvalitn\u00fd 4-stup\u0148ov\u00fd hydraulick\u00fd valec z nehrdzavej\u00facej ocele pre mal\u00e9 skl\u00e1pa\u010de je vynikaj\u00faci produkt, ktor\u00fd pon\u00faka v\u00fdnimo\u010dn\u00fd v\u00fdkon, odolnos\u0165 a presn\u00e9 ovl\u00e1danie. Je to perfektn\u00e1 vo\u013eba pre mal\u00e9 skl\u00e1pa\u010de, ktor\u00e1 zais\u0165uje efekt\u00edvnu a spo\u013eahliv\u00fa prev\u00e1dzku v r\u00f4znych n\u00e1ro\u010dn\u00fdch prostrediach.<\/p>\n<div>\n<table style=\"width: 100%;\" border=\"1\" width=\"100%\" cellspacing=\"0\" cellpadding=\"0\">\n<tbody>\n<tr>\n<th>N\u00e1zov produktu<\/th>\n<td>Mal\u00fd skl\u00e1pa\u010d 4-stup\u0148ov\u00fd hydraulick\u00fd valec z nehrdzavej\u00facej ocele<\/td>\n<\/tr>\n<tr>\n<th>Stav<\/th>\n<td>Nov\u00e9 (2024)<\/td>\n<\/tr>\n<tr>\n<th>Hmotnos\u0165 (kg)<\/th>\n<td>40<\/td>\n<\/tr>\n<tr>\n<th>Maxim\u00e1lny \u0165ah<\/th>\n<td>3000<\/td>\n<\/tr>\n<tr>\n<th>Maxim\u00e1lny \u0165ah<\/th>\n<td>20 ton<\/td>\n<\/tr>\n<tr>\n<th>Materi\u00e1l<\/th>\n<td>Nerezov\u00e1 oce\u013e<\/td>\n<\/tr>\n<tr>\n<th>Certifik\u00e1cia<\/th>\n<td>ISO9001:2000<\/td>\n<\/tr>\n<tr>\n<th>Pou\u017eite\u013en\u00e9 odvetvia<\/th>\n<td>V\u00fdrobn\u00e9 z\u00e1vody, Opravovne strojov, Farmy, Energetika a ban\u00edctvo, Stroj\u00e1rne<\/td>\n<\/tr>\n<tr>\n<th>Dizajn<\/th>\n<td>4-stup\u0148ov\u00fd syst\u00e9m pre lep\u0161\u00ed v\u00fdkon<\/td>\n<\/tr>\n<\/tbody>\n<\/table>\n<\/div>\n<div>\n<h2>Vlastnosti 4-stup\u0148ov\u00e9ho hydraulick\u00e9ho valca z nehrdzavej\u00facej ocele<\/h2>\n<p>\u0160tvorstup\u0148ov\u00fd hydraulick\u00fd valec z nehrdzavej\u00facej ocele pon\u00faka r\u00f4zne funkcie:<\/p>\n<ul>\n<li>\u0160tandardn\u00e1 kon\u0161trukcia piestov\u00e9ho valca pre optim\u00e1lny v\u00fdkon<\/li>\n<li>Hydraulick\u00fd v\u00fdkon zabezpe\u010duj\u00faci siln\u00fa silu a kontrolu<\/li>\n<li>Odoln\u00fd oce\u013eov\u00fd materi\u00e1l tela, ktor\u00fd odol\u00e1 n\u00e1ro\u010dn\u00e9mu pou\u017e\u00edvaniu<\/li>\n<li>Inverzn\u00fd teleskopick\u00fd valcov\u00fd typ umo\u017e\u0148uje kompaktn\u00e9 skladovanie a dlh\u0161\u00ed dosah<\/li>\n<li>Valec je mo\u017en\u00e9 pripoji\u0165 pomocou r\u00f4znych portov vr\u00e1tane G, SAE, NPT a M<\/li>\n<\/ul>\n<\/div>\n<div>\n<h2>Aplik\u00e1cie 4-stup\u0148ov\u00e9ho hydraulick\u00e9ho valca z nehrdzavej\u00facej ocele<\/h2>\n<p>Tento hydraulick\u00fd valec je mimoriadne v\u0161estrann\u00fd a mo\u017eno ho pou\u017ei\u0165 v mnoh\u00fdch aplik\u00e1ci\u00e1ch:<\/p>\n<ul>\n<li>\n<ul>\n<li>Prev\u00e1dzky v\u00fdrobn\u00e9ho z\u00e1vodu na zdv\u00edhanie a premiest\u0148ovanie \u0165a\u017ek\u00fdch materi\u00e1lov<\/li>\n<li>Opravovne strojov pre \u00fadr\u017ebu a servis zariaden\u00ed<\/li>\n<li>Po\u013enohospod\u00e1rske \u00falohy na farm\u00e1ch vy\u017eaduj\u00face zna\u010dn\u00fa silu<\/li>\n<li>Energetick\u00fd a bansk\u00fd priemysel na \u00fa\u010dely v\u00fdkopov\u00fdch a \u0165a\u017eobn\u00fdch pr\u00e1c<\/li>\n<\/ul>\n<\/li>\n<li>V\u00fdroba strojov a tov\u00e1rensk\u00e9 oper\u00e1cie pre r\u00f4zne aplik\u00e1cie<\/li>\n<\/ul>\n<p><img decoding=\"async\" src=\"https:\/\/hzpt.com\/wp-content\/uploads\/2023\/11\/Inverted-Telescopic-Cylinder-Applications.webp\" alt=\"Aplik\u00e1cie teleskopick\u00fdch valcov\" title=\"\"><\/p>\n<\/div>\n<div>\n<h2>Princ\u00edp \u010dinnosti a met\u00f3dy \u00fadr\u017eby 4-stup\u0148ov\u00e9ho hydraulick\u00e9ho valca z nehrdzavej\u00facej ocele<\/h2>\n<p>\u0160tvorstup\u0148ov\u00fd hydraulick\u00fd valec z nehrdzavej\u00facej ocele pracuje prostredn\u00edctvom troch hlavn\u00fdch procesov: konfigur\u00e1cia, vstup hydraulickej kvapaliny a v\u00fdstupn\u00e1 sila. Pravideln\u00e1 \u00fadr\u017eba zais\u0165uje optim\u00e1lny v\u00fdkon a dlh\u0161iu \u017eivotnos\u0165. Nasleduj\u00fa met\u00f3dy \u00fadr\u017eby:<\/p>\n<ol>\n<li>Konfigur\u00e1cia: Nastavte valec pod\u013ea \u0161pecifick\u00fdch po\u017eiadaviek danej \u00falohy.<\/li>\n<li>Vstup hydraulickej kvapaliny: Vstup kvapaliny do valca, \u010d\u00edm sa vytvor\u00ed tlak.<\/li>\n<li>V\u00fdstupn\u00e1 sila: Tlak kvapaliny vytv\u00e1ra v\u00fdstupn\u00fa silu, ktor\u00e1 poh\u00e1\u0148a valec, aby plnil svoju \u00falohu.<\/li>\n<li>Pravideln\u00e1 kontrola a \u010distenie: Pravidelne kontrolujte a \u010distite valec, aby ste pred\u013a\u017eili jeho \u017eivotnos\u0165 a optimalizovali jeho v\u00fdkon.<\/li>\n<li>V\u00fdmena tesnenia: Vyme\u0148te tesnenia, aby ste predi\u0161li \u00fanikom a udr\u017eali vysok\u00fd v\u00fdkon.<\/li>\n<\/ol>\n<\/div>\n<div>\n<p><img decoding=\"async\" src=\"https:\/\/hzpt.com\/wp-content\/uploads\/2023\/11\/Inverted-Telescopic-Cylinder-10.webp\" alt=\"\" title=\"\"><\/p>\n<\/div>\n<h2>Invertovan\u00fd teleskopick\u00fd valec<\/h2>\n<p>Pokia\u013e ide o hydraulick\u00e9 valce, jedn\u00fdm z typov, ktor\u00fd vynik\u00e1, je obr\u00e1ten\u00fd teleskopick\u00fd valec. T\u00e1to jedine\u010dn\u00e1 kon\u0161trukcia valca pon\u00faka oproti tradi\u010dn\u00fdm valcom nieko\u013eko v\u00fdhod, v\u010faka \u010domu je ob\u013e\u00fabenou vo\u013ebou v r\u00f4znych odvetviach. V tomto blogovom pr\u00edspevku sa ponor\u00edme do zlo\u017eitosti tohto valca a presk\u00famame jeho vlastnosti, aplik\u00e1cie a v\u00fdhody.<\/p>\n<h3>Vlastnosti inverzn\u00e9ho teleskopick\u00e9ho valca<\/h3>\n<p>Inverzn\u00fd teleskopick\u00fd valec, tie\u017e zn\u00e1my ako \u0161tvorstup\u0148ov\u00fd hydraulick\u00fd valec z nehrdzavej\u00facej ocele, sa vyzna\u010duje inovat\u00edvnym dizajnom a v\u00fdnimo\u010dnou funk\u010dnos\u0165ou. Sklad\u00e1 sa z viacer\u00fdch stup\u0148ov, ktor\u00e9 sa do seba zas\u00favaj\u00fa, \u010do umo\u017e\u0148uje kompaktn\u00fd a efekt\u00edvny hydraulick\u00fd syst\u00e9m. Tu s\u00fa niektor\u00e9 k\u013e\u00fa\u010dov\u00e9 vlastnosti tohto valca:<\/p>\n<ol>\n<li><strong>Vysok\u00e1 kvalita:<\/strong> Inverzn\u00fd teleskopick\u00fd valec je vyroben\u00fd z najkvalitnej\u0161\u00edch materi\u00e1lov a prech\u00e1dza pr\u00edsnou kontrolou kvality. To zaru\u010duje jeho odolnos\u0165, spo\u013eahlivos\u0165 a dlh\u00fa \u017eivotnos\u0165.<\/li>\n<li><strong>Pou\u017eitie mal\u00e9ho skl\u00e1pa\u010da:<\/strong> Tento valec sa be\u017ene pou\u017e\u00edva v mal\u00fdch skl\u00e1pa\u010doch na efekt\u00edvne zdv\u00edhanie a vykladanie \u0165a\u017ek\u00fdch bremien. Jeho kompaktn\u00e1 ve\u013ekos\u0165 a vysok\u00fd v\u00fdkon z neho robia ide\u00e1lnu vo\u013ebu pre t\u00fato aplik\u00e1ciu.<\/li>\n<li><strong>Kon\u0161trukcia z nehrdzavej\u00facej ocele:<\/strong> Valec je vyroben\u00fd z nehrdzavej\u00facej ocele, ktor\u00e1 pon\u00faka vynikaj\u00facu odolnos\u0165 vo\u010di kor\u00f3zii, opotrebovaniu a extr\u00e9mnym teplot\u00e1m. V\u010faka tomu je vhodn\u00fd do n\u00e1ro\u010dn\u00fdch prostred\u00ed.<\/li>\n<li><strong>Hydraulick\u00e1 prev\u00e1dzka:<\/strong> Inverzn\u00fd teleskopick\u00fd valec vyu\u017e\u00edva hydraulick\u00fd tlak na vys\u00favanie a zas\u00favanie svojich stup\u0148ov. T\u00e1to hydraulick\u00e1 oper\u00e1cia zabezpe\u010duje plynul\u00fd a presn\u00fd pohyb, \u010d\u00edm zvy\u0161uje celkov\u00fa \u00fa\u010dinnos\u0165 syst\u00e9mu.<\/li>\n<\/ol>\n<h3>V\u00fdhody invertovan\u00e9ho teleskopick\u00e9ho valca<\/h3>\n<p>Inverzn\u00fd teleskopick\u00fd valec pon\u00faka mno\u017estvo v\u00fdhod, v\u010faka ktor\u00fdm je preferovanou vo\u013ebou pre r\u00f4zne hydraulick\u00e9 aplik\u00e1cie. Pozrime sa na niektor\u00e9 z t\u00fdchto v\u00fdhod:<\/p>\n<ul>\n<li><strong>Kompaktn\u00fd dizajn:<\/strong> Teleskopick\u00e1 povaha tohto valca umo\u017e\u0148uje kompaktn\u00fa kon\u0161trukciu, \u010d\u00edm sa \u0161etr\u00ed cenn\u00fd priestor v zariadeniach alebo strojoch. To je obzvl\u00e1\u0161\u0165 v\u00fdhodn\u00e9 v aplik\u00e1ci\u00e1ch s obmedzen\u00fdm priestorom.<\/li>\n<li><strong>Pred\u013a\u017een\u00e1 d\u013a\u017eka zdvihu:<\/strong> Viacstup\u0148ov\u00fd zdvih valca umo\u017e\u0148uje dlh\u0161\u00ed zdvih v porovnan\u00ed s tradi\u010dn\u00fdmi valcami. Tento pred\u013a\u017een\u00fd zdvih umo\u017e\u0148uje v\u00e4\u010d\u0161\u00ed dosah a flexibilitu pri zdv\u00edhan\u00ed alebo tla\u010den\u00ed.<\/li>\n<li><strong>Zv\u00fd\u0161en\u00e1 nosnos\u0165:<\/strong> Kon\u0161trukcia inverzn\u00e9ho teleskopick\u00e9ho valca poskytuje zv\u00fd\u0161en\u00fa nosnos\u0165, v\u010faka \u010domu je vhodn\u00fd na \u013eahk\u00fa manipul\u00e1ciu s \u0165a\u017ek\u00fdmi bremenami. Jeho robustn\u00e1 kon\u0161trukcia a hydraulick\u00fd v\u00fdkon prispievaj\u00fa k jeho p\u00f4sobiv\u00fdm zdv\u00edhac\u00edm schopnostiam.<\/li>\n<li><strong>Vylep\u0161en\u00e1 stabilita:<\/strong> Viacstup\u0148ov\u00e1 kon\u0161trukcia valca pon\u00faka zv\u00fd\u0161en\u00fa stabilitu po\u010das prev\u00e1dzky, minimalizuje vibr\u00e1cie a zabezpe\u010duje plynul\u00e9 a kontrolovan\u00e9 pohyby. T\u00e1to stabilita je k\u013e\u00fa\u010dov\u00e1 v aplik\u00e1ci\u00e1ch, kde s\u00fa presnos\u0165 a bezpe\u010dnos\u0165 prvorad\u00e9.<\/li>\n<\/ul>\n<p>Z\u00e1verom mo\u017eno poveda\u0165, \u017ee invertovan\u00fd teleskopick\u00fd valec je pozoruhodn\u00fd kus hydraulickej technol\u00f3gie, ktor\u00fd pon\u00faka jedine\u010dn\u00e9 vlastnosti, aplik\u00e1cie a v\u00fdhody. Jeho vysoko kvalitn\u00e1 kon\u0161trukcia, vhodnos\u0165 pre mal\u00e9 skl\u00e1pa\u010de, zlo\u017eenie z nehrdzavej\u00facej ocele a hydraulick\u00e9 ovl\u00e1danie z neho robia vynikaj\u00facu vo\u013ebu pre r\u00f4zne odvetvia. \u010ci u\u017e ide o zdv\u00edhanie \u0165a\u017ek\u00fdch bremien, zvy\u0161ovanie d\u013a\u017eky zdvihu alebo zlep\u0161enie stability, tento valec poskytuje v\u00fdnimo\u010dn\u00fd v\u00fdkon. Za\u010dlenenie invertovan\u00e9ho teleskopick\u00e9ho valca do hydraulick\u00fdch syst\u00e9mov je inteligentnou invest\u00edciou do efektivity, spo\u013eahlivosti a produktivity.<\/p>\n<h3>O FMP \u2013 hydraulickom valci<\/h3>\n<p>V spolo\u010dnosti FMP sa \u0161pecializujeme na predaj a servis vysokokvalitn\u00fdch dielov a kompletn\u00fdch strojov pre stavebn\u00e9 stroje. N\u00e1\u0161 hydraulick\u00fd valec je jedn\u00fdm z na\u0161ich najob\u013e\u00fabenej\u0161\u00edch produktov a to z dobr\u00e9ho d\u00f4vodu. Tu je p\u00e4\u0165 d\u00f4vodov, pre\u010do je hydraulick\u00fd valec FMP najlep\u0161ou vo\u013ebou pre va\u0161e potreby v oblasti stavebn\u00fdch strojov:<\/p>\n<p>1. <strong>Materi\u00e1ly najvy\u0161\u0161ej kvality<\/strong>N\u00e1\u0161 hydraulick\u00fd valec je vyroben\u00fd z odoln\u00fdch a spo\u013eahliv\u00fdch materi\u00e1lov, \u010do zaru\u010duje dlhotrvaj\u00faci v\u00fdkon a minim\u00e1lne po\u017eiadavky na \u00fadr\u017ebu.<\/p>\n<p>2. <strong>Prisp\u00f4sobite\u013en\u00e9 mo\u017enosti<\/strong>Pon\u00fakame nastavite\u013en\u00e9 valce s vidlicov\u00fdm uchyten\u00edm, ako aj \u010fal\u0161ie mo\u017enosti prisp\u00f4sobenia, ktor\u00e9 vyhovej\u00fa va\u0161im \u0161pecifick\u00fdm potreb\u00e1m. V\u010faka na\u0161im odborn\u00fdm znalostiam v oblasti dielov stavebn\u00fdch strojov s vami m\u00f4\u017eeme spolupracova\u0165 na n\u00e1jden\u00ed najlep\u0161ieho rie\u0161enia pre va\u0161e zariadenie.<\/p>\n<p>3. <strong>T\u00edm expertov<\/strong>N\u00e1\u0161 sk\u00fasen\u00fd a kvalifikovan\u00fd obchodn\u00fd t\u00edm m\u00e1 znalosti o najnov\u0161\u00edch trendoch v odvetv\u00ed a potreb\u00e1ch z\u00e1kazn\u00edkov v oblasti stavebn\u00fdch strojov. M\u00f4\u017ee v\u00e1m poskytn\u00fa\u0165 profesion\u00e1lne konzult\u00e1cie o produktoch a inteligentn\u00e9 n\u00e1vrhy na n\u00e1kup, ktor\u00e9 v\u00e1m pom\u00f4\u017eu urobi\u0165 najlep\u0161ie rozhodnutie pre va\u0161e podnikanie.<\/p>\n<p>4. <strong>Efekt\u00edvna logistika<\/strong>M\u00e1me efekt\u00edvny logistick\u00fd distribu\u010dn\u00fd syst\u00e9m, ktor\u00fd zabezpe\u010duje, aby z\u00e1kazn\u00edci dostali po\u017eadovan\u00e9 diely v\u010das a presne. To znamen\u00e1 minim\u00e1lne prestoje pre va\u0161e stavebn\u00e9 stroje a bezprobl\u00e9mov\u00fa prev\u00e1dzku v\u00e1\u0161ho podniku.<\/p>\n<p>5. <strong>Pr\u00edsna kontrola kvality<\/strong>Budujeme dlhodob\u00e9 a stabiln\u00e9 partnersk\u00e9 vz\u0165ahy s mnoh\u00fdmi kvalitn\u00fdmi dod\u00e1vate\u013emi doma aj v zahrani\u010d\u00ed, \u010d\u00edm zabezpe\u010dujeme, aby v\u0161etky dod\u00e1van\u00e9 diely vr\u00e1tane n\u00e1\u0161ho hydraulick\u00e9ho valca sp\u013a\u0148ali pr\u00edsne normy kvality.<\/p>\n<p>S hydraulick\u00fdm valcom FMP si m\u00f4\u017eete by\u0165 ist\u00ed kvalitou a spo\u013eahlivos\u0165ou svojich stavebn\u00fdch strojov. Kontaktujte n\u00e1s e\u0161te dnes a dozviete sa viac o na\u0161ich produktoch a o tom, ako v\u00e1m m\u00f4\u017eeme pom\u00f4c\u0165 n\u00e1js\u0165 najlep\u0161ie rie\u0161enia pre va\u0161e obchodn\u00e9 potreby.<\/p>\n<p><img decoding=\"async\" src=\"https:\/\/fmp-components.com\/wp-content\/uploads\/2024\/12\/Adjustable-Clevis-Type-Cylinders-6.webp\" alt=\"Nastavite\u013en\u00fd valec typu Clevis\" width=\"853\" title=\"\"><br \/>\nAutor: CX<\/p>","protected":false},"excerpt":{"rendered":"<p>Introducing the High Quality Small Dump Truck 4 Stage Stainless Steel Hydraulic Cylinder: The High Quality Small Dump Truck 4 Stage Stainless Steel Hydraulic Cylinder is a cutting-edge product designed to enhance the performance and efficiency of small dump trucks. This hydraulic cylinder is constructed with top-of-the-line stainless steel, ensuring unparalleled durability and resistance to [&hellip;]<\/p>","protected":false},"featured_media":1714,"comment_status":"closed","ping_status":"closed","template":"","meta":{"_et_pb_use_builder":"","_et_pb_old_content":"","_et_gb_content_width":""},"product_brand":[],"product_cat":[45],"product_tag":[34,48],"class_list":{"0":"post-1713","1":"product","2":"type-product","3":"status-publish","4":"has-post-thumbnail","6":"product_cat-inverted-telescopic-cylinder","7":"product_tag-hydraulic-cylinder","8":"product_tag-inverted-telescopic-cylinder","10":"first","11":"instock","12":"product-type-simple"},"_links":{"self":[{"href":"https:\/\/fmp-components.com\/sk\/wp-json\/wp\/v2\/product\/1713","targetHints":{"allow":["GET"]}}],"collection":[{"href":"https:\/\/fmp-components.com\/sk\/wp-json\/wp\/v2\/product"}],"about":[{"href":"https:\/\/fmp-components.com\/sk\/wp-json\/wp\/v2\/types\/product"}],"replies":[{"embeddable":true,"href":"https:\/\/fmp-components.com\/sk\/wp-json\/wp\/v2\/comments?post=1713"}],"wp:featuredmedia":[{"embeddable":true,"href":"https:\/\/fmp-components.com\/sk\/wp-json\/wp\/v2\/media\/1714"}],"wp:attachment":[{"href":"https:\/\/fmp-components.com\/sk\/wp-json\/wp\/v2\/media?parent=1713"}],"wp:term":[{"taxonomy":"product_brand","embeddable":true,"href":"https:\/\/fmp-components.com\/sk\/wp-json\/wp\/v2\/product_brand?post=1713"},{"taxonomy":"product_cat","embeddable":true,"href":"https:\/\/fmp-components.com\/sk\/wp-json\/wp\/v2\/product_cat?post=1713"},{"taxonomy":"product_tag","embeddable":true,"href":"https:\/\/fmp-components.com\/sk\/wp-json\/wp\/v2\/product_tag?post=1713"}],"curies":[{"name":"pracovn\u00fd list","href":"https:\/\/api.w.org\/{rel}","templated":true}]}}