{"id":1711,"date":"2024-12-23T07:01:59","date_gmt":"2024-12-23T07:01:59","guid":{"rendered":"https:\/\/fmp-components.com\/product\/factory-direct-supply-long-stroke-customized-telescopic-hydraulic-cylinder\/"},"modified":"2025-05-10T12:32:13","modified_gmt":"2025-05-10T12:32:13","slug":"factory-direct-supply-long-stroke-customized-telescopic-hydraulic-cylinder","status":"publish","type":"product","link":"https:\/\/fmp-components.com\/sk\/product\/factory-direct-supply-long-stroke-customized-telescopic-hydraulic-cylinder\/","title":{"rendered":"Priama dod\u00e1vka z tov\u00e1rne s dlh\u00fdm zdvihom a teleskopick\u00fdm hydraulick\u00fdm valcom na mieru"},"content":{"rendered":"<h2>Predstavujeme n\u00e1\u0161 teleskopick\u00fd hydraulick\u00fd valec s dlh\u00fdm zdvihom, ktor\u00fd je priamo dod\u00e1van\u00fd z tov\u00e1rne<\/h2>\n<p>N\u00e1\u0161 \u00faplne nov\u00fd hydraulick\u00fd valec je najmodernej\u0161\u00ed produkt, ktor\u00fd je ide\u00e1lny na pou\u017eitie v r\u00f4znych odvetviach, ako s\u00fa v\u00fdrobn\u00e9 z\u00e1vody, opravovne strojov, farmy, energetika a ban\u00edctvo, v\u00fdroba strojov a stroj\u00e1rne. S hmotnos\u0165ou 40 kg m\u00e1 tento hydraulick\u00fd valec maxim\u00e1lny posuv 3000 a maxim\u00e1lny \u0165ah 20 ton. Je typu obr\u00e1ten\u00e9ho teleskopick\u00e9ho valca a m\u00e1 \u0161tandardn\u00e9 porty G\/SAE\/NPT\/M. Valec m\u00e1 certifik\u00e1t ISO9001:2000 a je dod\u00e1van\u00fd v elegantnej \u010diernej farbe.<\/p>\n<p><img decoding=\"async\" src=\"https:\/\/hzpt.com\/wp-content\/uploads\/2023\/11\/Inverted-Telescopic-Cylinder-11.webp\" alt=\"Invertovan\u00fd teleskopick\u00fd valec\" title=\"\"><\/p>\n<h2>Pozoruhodn\u00e9 vlastnosti n\u00e1\u0161ho hydraulick\u00e9ho valca<\/h2>\n<p>N\u00e1\u0161 teleskopick\u00fd hydraulick\u00fd valec s dlh\u00fdm zdvihom na mieru pon\u00faka nieko\u013eko jedine\u010dn\u00fdch vlastnost\u00ed, ktor\u00e9 ho odli\u0161uj\u00fa:<\/p>\n<ul>\n<li>\u0160tandardn\u00e1 kon\u0161trukcia: M\u00e1 \u0161tandardn\u00fa kon\u0161trukciu piestov\u00e9ho valca, ktor\u00e1 zais\u0165uje spo\u013eahliv\u00fd a efekt\u00edvny v\u00fdkon.<\/li>\n<li>Vysokokvalitn\u00e9 z\u00e1kladn\u00e9 komponenty: Valec je vybaven\u00fd z\u00e1kladn\u00fdmi komponentmi vysokej kvality, ako s\u00fa lo\u017eisko a piestov\u00fd valec.<\/li>\n<li>Odoln\u00fd materi\u00e1l karos\u00e9rie: Hydraulick\u00fd valec je vyroben\u00fd z robustnej ocele a zaru\u010duje dlhotrvaj\u00facu \u017eivotnos\u0165.<\/li>\n<li>Prisp\u00f4sobite\u013en\u00e1 ve\u013ekos\u0165: Ve\u013ekos\u0165 otvoru sa pohybuje od 2 do 6 palcov, ve\u013ekos\u0165 ty\u010de od 1,125 do 4 palcov, ve\u013ekos\u0165 zdvihu od 6 do 48 palcov a ve\u013ekos\u0165 \u010dapu od 0,5 do 2 palcov, \u010do umo\u017e\u0148uje prisp\u00f4sobenie pod\u013ea \u0161pecifick\u00fdch po\u017eiadaviek.<\/li>\n<li>Jednoro\u010dn\u00e1 z\u00e1ruka: Ru\u010d\u00edme za kvalitu na\u0161ich produktov a pon\u00fakame jednoro\u010dn\u00fa z\u00e1ruku na produkt aj na jeho z\u00e1kladn\u00e9 komponenty.<\/li>\n<\/ul>\n<h2>Aplik\u00e1cie n\u00e1\u0161ho hydraulick\u00e9ho valca<\/h2>\n<p>N\u00e1\u0161 teleskopick\u00fd hydraulick\u00fd valec je v\u0161estrann\u00fd a nach\u00e1dza uplatnenie v r\u00f4znych odvetviach:<\/p>\n<ul>\n<li>V\u00fdrobn\u00e9 z\u00e1vody: Pou\u017e\u00edvaj\u00fa sa v \u0165a\u017ek\u00fdch strojoch pre v\u00fdrobn\u00e9 procesy.<\/li>\n<li>Opravovne strojov: Nevyhnutn\u00e9 na opravu a \u00fadr\u017ebu r\u00f4znych strojov.<\/li>\n<li>Farmy: Pou\u017e\u00edva sa v po\u013enohospod\u00e1rskych strojoch na efekt\u00edvne po\u013enohospod\u00e1rske oper\u00e1cie.<\/li>\n<li>Energia a \u0165a\u017eba: Zohr\u00e1va k\u013e\u00fa\u010dov\u00fa \u00falohu pri \u0165a\u017ebe a spracovan\u00ed zdrojov.<\/li>\n<li>V\u00fdroba strojov: Je neoddelite\u013enou s\u00fa\u010das\u0165ou v\u00fdroby r\u00f4znych strojov.<\/li>\n<\/ul>\n<p><img decoding=\"async\" src=\"https:\/\/hzpt.com\/wp-content\/uploads\/2023\/11\/Inverted-Telescopic-Cylinder-Applications.webp\" alt=\"Aplik\u00e1cie inverzn\u00e9ho teleskopick\u00e9ho valca\" title=\"\"><\/p>\n<h2>Princ\u00edp \u010dinnosti a \u00fadr\u017eba n\u00e1\u0161ho hydraulick\u00e9ho valca<\/h2>\n<p>N\u00e1\u0161 hydraulick\u00fd valec funguje na princ\u00edpe vstupnej a v\u00fdstupnej sily hydraulickej kvapaliny. Hydraulick\u00e1 kvapalina je pod tlakom a tlak sa premie\u0148a na line\u00e1rny pohyb pomocou piestu a valca. Sila vyv\u00edjan\u00e1 kvapalinou pohybuje piestom, ktor\u00fd n\u00e1sledne pohybuje z\u00e1\u0165a\u017eou, ktor\u00e1 je k nemu pripojen\u00e1. Pre udr\u017eanie v\u00fdkonu a dlhej \u017eivotnosti n\u00e1\u0161ho hydraulick\u00e9ho valca dodr\u017eiavame nieko\u013eko z\u00e1kladn\u00fdch krokov \u00fadr\u017eby:<\/p>\n<ul>\n<li>Pravideln\u00e1 kontrola: Pravidelne kontrolujte valec, \u010di nedoch\u00e1dza k \u00fanikom alebo po\u0161kodeniu.<\/li>\n<li>\u010cistenie: Udr\u017eujte valec \u010dist\u00fd od ne\u010dist\u00f4t a \u00falomkov, aby ste predi\u0161li upchatiu alebo po\u0161kodeniu tesnen\u00ed.<\/li>\n<li>Mazanie: Pravidelne ma\u017ete pohybliv\u00e9 \u010dasti, aby ste zabezpe\u010dili plynul\u00fd chod.<\/li>\n<li>Pravideln\u00e9 kontroly a opravy: Pravidelne kontrolujte pr\u00edpadn\u00e9 opotrebovanie a pod\u013ea potreby opravte alebo vyme\u0148te diely.<\/li>\n<li>V\u00fdmena tesnenia: Tesnenia vymie\u0148ajte v pravideln\u00fdch intervaloch, aby ste predi\u0161li \u00faniku a udr\u017eali tlak.<\/li>\n<li>Dodr\u017eiavajte pokyny v n\u00e1vode na obsluhu: Pre bezpe\u010dn\u00fa a efekt\u00edvnu prev\u00e1dzku v\u017edy dodr\u017eiavajte pokyny a pokyny uveden\u00e9 v n\u00e1vode na obsluhu.<\/li>\n<\/ul>\n<p><img decoding=\"async\" class=\"aligncenter\" src=\"https:\/\/hzpt.com\/wp-content\/uploads\/2023\/11\/Inverted-Telescopic-Cylinder-25.webp\" alt=\"V\u00fdrobca inverzn\u00fdch teleskopick\u00fdch valcov\" title=\"\"><\/p>\n<h2>Invertovan\u00fd teleskopick\u00fd valec<\/h2>\n<p>Inverzn\u00fd teleskopick\u00fd valec, tie\u017e zn\u00e1my ako teleskopick\u00fd valec s reverzn\u00fdm p\u00f4soben\u00edm, je typ hydraulick\u00e9ho valca, ktor\u00fd pracuje v opa\u010dnom smere ako be\u017en\u00fd teleskopick\u00fd valec. Be\u017ene sa pou\u017e\u00edva v r\u00f4znych priemyseln\u00fdch aplik\u00e1ci\u00e1ch, kde priestorov\u00e9 obmedzenia alebo \u0161pecifick\u00e9 prev\u00e1dzkov\u00e9 po\u017eiadavky vy\u017eaduj\u00fa in\u00fa konfigur\u00e1ciu.<\/p>\n<p>Tu s\u00fa niektor\u00e9 k\u013e\u00fa\u010dov\u00e9 vlastnosti a v\u00fdhody inverzn\u00fdch teleskopick\u00fdch valcov:<\/p>\n<ul>\n<li><strong>Priame dod\u00e1vky z tov\u00e1rne:<\/strong> Inverzn\u00e9 teleskopick\u00e9 valce je mo\u017en\u00e9 z\u00edska\u0165 priamo od v\u00fdrobcov, \u010do zabezpe\u010duje spo\u013eahliv\u00fd dod\u00e1vate\u013esk\u00fd re\u0165azec a eliminuje zbyto\u010dn\u00fdch sprostredkovate\u013eov.<\/li>\n<li><strong>Dlh\u00fd zdvih:<\/strong> Tieto valce s\u00fa navrhnut\u00e9 tak, aby poskytovali dlh\u0161\u00ed zdvih v porovnan\u00ed s tradi\u010dn\u00fdmi line\u00e1rnymi aktu\u00e1tormi. To umo\u017e\u0148uje v\u00e4\u010d\u0161\u00ed rozsah pohybu a flexibilitu v r\u00f4znych aplik\u00e1ci\u00e1ch.<\/li>\n<li><strong>Prisp\u00f4soben\u00fd dizajn:<\/strong> Inverzn\u00e9 teleskopick\u00e9 valce je mo\u017en\u00e9 prisp\u00f4sobi\u0165 \u0161pecifick\u00fdm po\u017eiadavk\u00e1m, ako je ve\u013ekos\u0165, nosnos\u0165 a mo\u017enosti mont\u00e1\u017ee. To zais\u0165uje optim\u00e1lny v\u00fdkon a integr\u00e1ciu v r\u00e1mci dan\u00e9ho syst\u00e9mu alebo stroja.<\/li>\n<li><strong>Teleskopick\u00fd dizajn:<\/strong> Valec sa sklad\u00e1 z viacer\u00fdch stup\u0148ov alebo \u010dast\u00ed, ktor\u00e9 sa navz\u00e1jom zhlukuj\u00fa alebo roz\u0165ahuj\u00fa, podobne ako teleskop. T\u00e1to kon\u0161trukcia umo\u017e\u0148uje kompaktn\u00e9 zasunutie a pred\u013a\u017een\u00fd dosah v pr\u00edpade potreby.<\/li>\n<li><strong>Hydraulick\u00e1 prev\u00e1dzka:<\/strong> Inverzn\u00e9 teleskopick\u00e9 valce vyu\u017e\u00edvaj\u00fa hydraulick\u00fa kvapalinu na generovanie potrebnej sily pre prev\u00e1dzku. Tento hydraulick\u00fd syst\u00e9m zais\u0165uje plynul\u00fd a kontrolovan\u00fd pohyb, \u010d\u00edm zabezpe\u010duje presn\u00e9 polohovanie a efekt\u00edvny v\u00fdkon.<\/li>\n<\/ul>\n<p>Jednou z v\u00fdznamn\u00fdch aplik\u00e1ci\u00ed invertovan\u00fdch teleskopick\u00fdch valcov je oblas\u0165 manipula\u010dn\u00fdch zariaden\u00ed, ako s\u00fa vysokozdvi\u017en\u00e9 voz\u00edky alebo \u017eeriavy. Tieto valce dok\u00e1\u017eu zabezpe\u010di\u0165 potrebn\u00e9 zdv\u00edhacie a sp\u00fa\u0161\u0165acie schopnosti, zatia\u013e \u010do ich obr\u00e1ten\u00e1 konfigur\u00e1cia umo\u017e\u0148uje lep\u0161iu vidite\u013enos\u0165 a man\u00e9vrovate\u013enos\u0165 v stiesnen\u00fdch priestoroch.<\/p>\n<p>\u010eal\u0161ou aplik\u00e1ciou je po\u013enohospod\u00e1rsky sektor, kde sa obr\u00e1ten\u00e9 teleskopick\u00e9 valce pou\u017e\u00edvaj\u00fa v strojoch, ako s\u00fa \u010deln\u00e9 naklada\u010de alebo lisy na seno. Dlh\u00fd zdvih a prisp\u00f4soben\u00fd dizajn t\u00fdchto valcov umo\u017e\u0148uj\u00fa efekt\u00edvne zdv\u00edhanie, tla\u010denie alebo \u0165ahanie \u0165a\u017ek\u00fdch bremien, \u010do prispieva k zv\u00fd\u0161eniu produktivity na farme.<\/p>\n<p>Z\u00e1verom mo\u017eno poveda\u0165, \u017ee invertovan\u00fd teleskopick\u00fd valec je v\u0161estrann\u00fd hydraulick\u00fd komponent, ktor\u00fd pon\u00faka jedine\u010dn\u00e9 v\u00fdhody z h\u013eadiska flexibility dizajnu, d\u013a\u017eky zdvihu a mo\u017enost\u00ed prisp\u00f4sobenia. Jeho priama dod\u00e1vka z v\u00fdroby, mo\u017enos\u0165 dlh\u00e9ho zdvihu a prisp\u00f4soben\u00e9 funkcie z neho robia spo\u013eahliv\u00fa a efekt\u00edvnu vo\u013ebu pre r\u00f4zne priemyseln\u00e9 aplik\u00e1cie. \u010ci u\u017e sa pou\u017e\u00edva v zariadeniach na manipul\u00e1ciu s materi\u00e1lom alebo v po\u013enohospod\u00e1rskych strojoch, invertovan\u00fd teleskopick\u00fd valec zvy\u0161uje prev\u00e1dzkov\u00fd v\u00fdkon a prispieva k hladk\u00e9mu fungovaniu zlo\u017eit\u00fdch syst\u00e9mov.<\/p>\n<h3>O FMP \u2013 hydraulickom valci<\/h3>\n<p>V spolo\u010dnosti FMP sa \u0161pecializujeme na predaj a servis vysokokvalitn\u00fdch dielov a kompletn\u00fdch strojov pre stavebn\u00e9 stroje. N\u00e1\u0161 hydraulick\u00fd valec je jedn\u00fdm z na\u0161ich najob\u013e\u00fabenej\u0161\u00edch produktov a to z dobr\u00e9ho d\u00f4vodu. Tu je p\u00e4\u0165 d\u00f4vodov, pre\u010do je hydraulick\u00fd valec FMP najlep\u0161ou vo\u013ebou pre va\u0161e potreby v oblasti stavebn\u00fdch strojov:<\/p>\n<p>1. <strong>Materi\u00e1ly najvy\u0161\u0161ej kvality<\/strong>N\u00e1\u0161 hydraulick\u00fd valec je vyroben\u00fd z odoln\u00fdch a spo\u013eahliv\u00fdch materi\u00e1lov, \u010do zaru\u010duje dlhotrvaj\u00faci v\u00fdkon a minim\u00e1lne po\u017eiadavky na \u00fadr\u017ebu.<\/p>\n<p>2. <strong>Prisp\u00f4sobite\u013en\u00e9 mo\u017enosti<\/strong>Pon\u00fakame nastavite\u013en\u00e9 valce s vidlicov\u00fdm uchyten\u00edm, ako aj \u010fal\u0161ie mo\u017enosti prisp\u00f4sobenia, ktor\u00e9 vyhovej\u00fa va\u0161im \u0161pecifick\u00fdm potreb\u00e1m. V\u010faka na\u0161im odborn\u00fdm znalostiam v oblasti dielov stavebn\u00fdch strojov s vami m\u00f4\u017eeme spolupracova\u0165 na n\u00e1jden\u00ed najlep\u0161ieho rie\u0161enia pre va\u0161e zariadenie.<\/p>\n<p>3. <strong>T\u00edm expertov<\/strong>N\u00e1\u0161 sk\u00fasen\u00fd a kvalifikovan\u00fd obchodn\u00fd t\u00edm m\u00e1 znalosti o najnov\u0161\u00edch trendoch v odvetv\u00ed a potreb\u00e1ch z\u00e1kazn\u00edkov v oblasti stavebn\u00fdch strojov. M\u00f4\u017ee v\u00e1m poskytn\u00fa\u0165 profesion\u00e1lne konzult\u00e1cie o produktoch a inteligentn\u00e9 n\u00e1vrhy na n\u00e1kup, ktor\u00e9 v\u00e1m pom\u00f4\u017eu urobi\u0165 najlep\u0161ie rozhodnutie pre va\u0161e podnikanie.<\/p>\n<p>4. <strong>Efekt\u00edvna logistika<\/strong>M\u00e1me efekt\u00edvny logistick\u00fd distribu\u010dn\u00fd syst\u00e9m, ktor\u00fd zabezpe\u010duje, aby z\u00e1kazn\u00edci dostali po\u017eadovan\u00e9 diely v\u010das a presne. To znamen\u00e1 minim\u00e1lne prestoje pre va\u0161e stavebn\u00e9 stroje a bezprobl\u00e9mov\u00fa prev\u00e1dzku v\u00e1\u0161ho podniku.<\/p>\n<p>5. <strong>Pr\u00edsna kontrola kvality<\/strong>Budujeme dlhodob\u00e9 a stabiln\u00e9 partnersk\u00e9 vz\u0165ahy s mnoh\u00fdmi kvalitn\u00fdmi dod\u00e1vate\u013emi doma aj v zahrani\u010d\u00ed, \u010d\u00edm zabezpe\u010dujeme, aby v\u0161etky dod\u00e1van\u00e9 diely vr\u00e1tane n\u00e1\u0161ho hydraulick\u00e9ho valca sp\u013a\u0148ali pr\u00edsne normy kvality.<\/p>\n<p>S hydraulick\u00fdm valcom FMP si m\u00f4\u017eete by\u0165 ist\u00ed kvalitou a spo\u013eahlivos\u0165ou svojich stavebn\u00fdch strojov. Kontaktujte n\u00e1s e\u0161te dnes a dozviete sa viac o na\u0161ich produktoch a o tom, ako v\u00e1m m\u00f4\u017eeme pom\u00f4c\u0165 n\u00e1js\u0165 najlep\u0161ie rie\u0161enia pre va\u0161e obchodn\u00e9 potreby.<\/p>\n<p><img decoding=\"async\" class=\"aligncenter\" src=\"https:\/\/fmp-components.com\/wp-content\/uploads\/2024\/12\/Adjustable-Clevis-Type-Cylinders-6.webp\" alt=\"Nastavite\u013en\u00fd valec typu Clevis\" width=\"853\" title=\"\"><br \/>\nAutor: CX<\/p>","protected":false},"excerpt":{"rendered":"<p>Introducing Our Factory Direct Supply Long Stroke Customized Telescopic Hydraulic Cylinder Our brand-new hydraulic cylinder is a state-of-the-art product that is ideal for use across various industries, such as manufacturing plants, machinery repair shops, farms, energy &amp; mining, machinery manufacturing, and machinery factories. With a weight of 40kg, this hydraulic cylinder features a maximum thrust [&hellip;]<\/p>","protected":false},"featured_media":1712,"comment_status":"closed","ping_status":"closed","template":"","meta":{"_et_pb_use_builder":"","_et_pb_old_content":"","_et_gb_content_width":""},"product_brand":[],"product_cat":[45],"product_tag":[34,48],"class_list":{"0":"post-1711","1":"product","2":"type-product","3":"status-publish","4":"has-post-thumbnail","6":"product_cat-inverted-telescopic-cylinder","7":"product_tag-hydraulic-cylinder","8":"product_tag-inverted-telescopic-cylinder","10":"first","11":"instock","12":"product-type-simple"},"_links":{"self":[{"href":"https:\/\/fmp-components.com\/sk\/wp-json\/wp\/v2\/product\/1711","targetHints":{"allow":["GET"]}}],"collection":[{"href":"https:\/\/fmp-components.com\/sk\/wp-json\/wp\/v2\/product"}],"about":[{"href":"https:\/\/fmp-components.com\/sk\/wp-json\/wp\/v2\/types\/product"}],"replies":[{"embeddable":true,"href":"https:\/\/fmp-components.com\/sk\/wp-json\/wp\/v2\/comments?post=1711"}],"wp:featuredmedia":[{"embeddable":true,"href":"https:\/\/fmp-components.com\/sk\/wp-json\/wp\/v2\/media\/1712"}],"wp:attachment":[{"href":"https:\/\/fmp-components.com\/sk\/wp-json\/wp\/v2\/media?parent=1711"}],"wp:term":[{"taxonomy":"product_brand","embeddable":true,"href":"https:\/\/fmp-components.com\/sk\/wp-json\/wp\/v2\/product_brand?post=1711"},{"taxonomy":"product_cat","embeddable":true,"href":"https:\/\/fmp-components.com\/sk\/wp-json\/wp\/v2\/product_cat?post=1711"},{"taxonomy":"product_tag","embeddable":true,"href":"https:\/\/fmp-components.com\/sk\/wp-json\/wp\/v2\/product_tag?post=1711"}],"curies":[{"name":"pracovn\u00fd list","href":"https:\/\/api.w.org\/{rel}","templated":true}]}}