{"id":1705,"date":"2024-12-23T07:01:59","date_gmt":"2024-12-23T07:01:59","guid":{"rendered":"https:\/\/fmp-components.com\/product\/hot-sale-10-ton-dump-truck-telescope-hydraulic-cylinder\/"},"modified":"2024-12-23T07:53:10","modified_gmt":"2024-12-23T07:53:10","slug":"hot-sale-10-ton-dump-truck-telescope-hydraulic-cylinder","status":"publish","type":"product","link":"https:\/\/fmp-components.com\/sk\/product\/hot-sale-10-ton-dump-truck-telescope-hydraulic-cylinder\/","title":{"rendered":"Hydraulick\u00fd valec teleskopu pre 10-tonov\u00e9 skl\u00e1pa\u010de za hor\u00faca"},"content":{"rendered":"<p>Hydraulick\u00fd valec s teleskopick\u00fdm uz\u00e1verom pre 10-tonov\u00e9 skl\u00e1pa\u010de je vysoko kvalitn\u00fd a spo\u013eahliv\u00fd produkt, ktor\u00fd je nevyhnutn\u00fd pre skl\u00e1pa\u010de. V\u010faka vynikaj\u00facemu dizajnu a pokro\u010dilej technol\u00f3gii pon\u00faka tento hydraulick\u00fd valec v\u00fdnimo\u010dn\u00fd v\u00fdkon a odolnos\u0165.<\/p>\n<p>Tento teleskopick\u00fd hydraulick\u00fd valec, navrhnut\u00fd \u0161peci\u00e1lne pre skl\u00e1pa\u010de, je schopn\u00fd zdv\u00edha\u0165 \u0165a\u017ek\u00e9 bremen\u00e1 a\u017e do 10 ton. Jeho robustn\u00e1 kon\u0161trukcia zais\u0165uje dlhotrvaj\u00facu funk\u010dnos\u0165 aj v najn\u00e1ro\u010dnej\u0161\u00edch pracovn\u00fdch podmienkach. Valec je vyroben\u00fd z vysoko kvalitn\u00fdch materi\u00e1lov, ktor\u00e9 poskytuj\u00fa vynikaj\u00facu odolnos\u0165 vo\u010di kor\u00f3zii a opotrebovaniu, \u010d\u00edm zabezpe\u010duj\u00fa, \u017ee zostane v optim\u00e1lnom stave po dlh\u00fa dobu.<\/p>\n<p>Jednou z k\u013e\u00fa\u010dov\u00fdch vlastnost\u00ed tohto hydraulick\u00e9ho valca je jeho teleskopick\u00e1 kon\u0161trukcia, ktor\u00e1 umo\u017e\u0148uje jednoduch\u00e9 a efekt\u00edvne zdv\u00edhanie a vykladanie materi\u00e1lov. Valec sa sklad\u00e1 z viacer\u00fdch stup\u0148ov, ktor\u00e9 sa daj\u00fa pod\u013ea potreby vys\u00fava\u0165 a zas\u00fava\u0165, \u010d\u00edm poskytuj\u00fa potrebn\u00fa silu na plynul\u00e9 a bezpe\u010dn\u00e9 zdv\u00edhanie a sp\u00fa\u0161\u0165anie korby skl\u00e1pa\u010da.<\/p>\n<p>Hydraulick\u00fd valec pre teleskopick\u00fd skl\u00e1pa\u010d s nosnos\u0165ou 10 ton je vybaven\u00fd spo\u013eahliv\u00fdm hydraulick\u00fdm syst\u00e9mom, ktor\u00fd umo\u017e\u0148uje plynul\u00fd chod a presn\u00e9 ovl\u00e1danie. Hydraulick\u00fd syst\u00e9m zais\u0165uje plynul\u00fd pohyb valca, \u010do umo\u017e\u0148uje presn\u00e9 polohovanie a efekt\u00edvne vysyp\u00e1vanie materi\u00e1lov.<\/p>\n<p>Okrem v\u00fdnimo\u010dn\u00e9ho v\u00fdkonu sa tento hydraulick\u00fd valec tie\u017e \u013eahko in\u0161taluje a udr\u017eiava. Dod\u00e1va sa so v\u0161etk\u00fdmi potrebn\u00fdmi komponentmi a n\u00e1vodom na in\u0161tal\u00e1ciu, v\u010faka \u010domu je proces r\u00fdchly a bezprobl\u00e9mov\u00fd. Pravideln\u00e1 \u00fadr\u017eba valca zabezpe\u010d\u00ed jeho dlh\u00fa \u017eivotnos\u0165 a optim\u00e1lny v\u00fdkon.<\/p>\n<table style=\"width: 100%;\" border=\"1\" width=\"100%\" cellspacing=\"0\" cellpadding=\"0\">\n<tbody>\n<tr>\n<th>N\u00e1zov produktu<\/th>\n<td>Hydraulick\u00fd valec teleskopu pre 10-tonov\u00e9 skl\u00e1pa\u010de za hor\u00faca<\/td>\n<\/tr>\n<tr>\n<th>Stav<\/th>\n<td>\u00daplne nov\u00fd<\/td>\n<\/tr>\n<tr>\n<th>Z\u00e1ruka<\/th>\n<td>1 rok<\/td>\n<\/tr>\n<tr>\n<th>Nosnos\u0165<\/th>\n<td>10 ton<\/td>\n<\/tr>\n<tr>\n<th>Dizajn<\/th>\n<td>Teleskopick\u00fd<\/td>\n<\/tr>\n<tr>\n<th>Trvanlivos\u0165<\/th>\n<td>Robustn\u00e1 kon\u0161trukcia<\/td>\n<\/tr>\n<tr>\n<th>Pou\u017eite\u013en\u00e9 odvetvia<\/th>\n<td>Stavebn\u00edctvo, ban\u00edctvo, doprava, v\u00fdrobn\u00e9 z\u00e1vody, opravovne strojov, farmy, energetika a ban\u00edctvo<\/td>\n<\/tr>\n<tr>\n<th>Zabezpe\u010denie kvality<\/th>\n<td>V\u00fdstupn\u00e1 videoin\u0161pekcia a spr\u00e1va o teste strojov<\/td>\n<\/tr>\n<tr>\n<th>V\u00fdkon<\/th>\n<td>Vynikaj\u00faci v\u00fdkon a zv\u00fd\u0161en\u00e1 produktivita<\/td>\n<\/tr>\n<\/tbody>\n<\/table>\n<h2>Vlastnosti hydraulick\u00e9ho valca pre teleskopick\u00fd skl\u00e1pa\u010d s nosnos\u0165ou 10 ton<\/h2>\n<p><img decoding=\"async\" src=\"https:\/\/hzpt.com\/wp-content\/uploads\/2023\/11\/Inverted-Telescopic-Cylinder-9.webp\" alt=\"\" title=\"\"><\/p>\n<ol>\n<li>\u0160tandardn\u00e9 a ne\u0161tandardn\u00e9: Dod\u00e1va sa v \u0161tandardnej kon\u0161trukcii, v\u010faka \u010domu je kompatibiln\u00fd s r\u00f4znymi zostavami strojov.<\/li>\n<li>V\u00fdkonn\u00fd v\u00fdkon: Hydraulick\u00fd valec pracuje na hydraulickej sile, \u010do zais\u0165uje efekt\u00edvny a v\u00fdkonn\u00fd v\u00fdkon.<\/li>\n<li>Odoln\u00fd materi\u00e1l tela: Valec je vyroben\u00fd z ocele, \u010do zais\u0165uje trvanlivos\u0165 a odolnos\u0165 vo\u010di opotrebovaniu.<\/li>\n<li>Prisp\u00f4sobite\u013en\u00e9: Valec sa dod\u00e1va v r\u00f4znych ve\u013ekostiach otvoru, ve\u013ekostiach ty\u010de, ve\u013ekostiach zdvihu a ve\u013ekostiach \u010dapu, \u010do umo\u017e\u0148uje pou\u017e\u00edvate\u013eom prisp\u00f4sobi\u0165 si ho pod\u013ea svojich po\u017eiadaviek.<\/li>\n<li>Certifikovan\u00e9: Hydraulick\u00fd valec m\u00e1 certifik\u00e1t ISO9001:2000, \u010do zaru\u010duje jeho kvalitu a spo\u013eahlivos\u0165.<\/li>\n<\/ol>\n<h2>Pou\u017eitie hydraulick\u00e9ho valca pre teleskopick\u00e9 skl\u00e1pa\u010de s nosnos\u0165ou 10 ton<\/h2>\n<ol>\n<li>V\u00fdrobn\u00fd z\u00e1vod: Pou\u017e\u00edva sa na r\u00f4zne oper\u00e1cie a \u00falohy vo v\u00fdrobnom z\u00e1vode.<\/li>\n<li>Opravovne strojov: Nevyhnutn\u00e9 pre opravy a v\u00fdmeny strojov.<\/li>\n<li>Farmy: Pou\u017e\u00edva sa v \u0165a\u017ek\u00fdch po\u013enohospod\u00e1rskych strojoch na r\u00f4zne po\u013enohospod\u00e1rske \u00falohy.<\/li>\n<li>Energia a ban\u00edctvo: Pou\u017e\u00edva sa v bansk\u00fdch zariadeniach a strojoch na v\u00fdrobu energie.<\/li>\n<li>V\u00fdroba strojov: Neoddelite\u013en\u00e1 s\u00fa\u010das\u0165 r\u00f4znych procesov v\u00fdroby strojov.<\/li>\n<\/ol>\n<p><img decoding=\"async\" src=\"https:\/\/hzpt.com\/wp-content\/uploads\/2023\/11\/Inverted-Telescopic-Cylinder-Applications.webp\" alt=\"Pou\u017eitie hydraulick\u00e9ho valca pre teleskopick\u00e9 skl\u00e1pa\u010de s nosnos\u0165ou 10 ton\" title=\"\"><\/p>\n<h2>Princ\u00edp \u010dinnosti a \u00fadr\u017eba hydraulick\u00e9ho valca teleskopick\u00e9ho skl\u00e1pa\u010da s nosnos\u0165ou 10 ton<\/h2>\n<ol>\n<li>Konfigur\u00e1cia: Hydraulick\u00fd valec sa sklad\u00e1 z hlavn\u00fdch komponentov vr\u00e1tane lo\u017e\u00edsk a piestov\u00fdch valcov.<\/li>\n<li>Vstup hydraulickej kvapaliny: Valec pracuje na hydraulickej energii, kde kvapalina je k\u013e\u00fa\u010dov\u00fdm prvkom poh\u00e1\u0148aj\u00facim syst\u00e9m.<\/li>\n<li>V\u00fdstupn\u00e1 sila: Valec generuje maxim\u00e1lny \u0165ah 3000 a maxim\u00e1lny \u0165ah 20 ton, \u010do z neho rob\u00ed v\u00fdkonn\u00fa s\u00fa\u010das\u0165 ka\u017ed\u00e9ho stroja.<\/li>\n<li>\u00dadr\u017eba: Pravideln\u00e9 kontroly a \u010distenie s\u00fa k\u013e\u00fa\u010dov\u00e9 pre efekt\u00edvne fungovanie valca. Pre hladk\u00fd chod komponentov je tie\u017e potrebn\u00e9 spr\u00e1vne mazanie.<\/li>\n<li>V\u00fdmena tesnenia: Tesnenia valca sa \u010dasom m\u00f4\u017eu opotrebova\u0165. Pravideln\u00e1 v\u00fdmena tesnen\u00ed m\u00f4\u017ee zabezpe\u010di\u0165 dlh\u0161iu \u017eivotnos\u0165 a lep\u0161\u00ed v\u00fdkon valca.<\/li>\n<\/ol>\n<h2>Invertovan\u00fd teleskopick\u00fd valec<\/h2>\n<p>V oblasti hydraulick\u00fdch syst\u00e9mov je obr\u00e1ten\u00fd teleskopick\u00fd valec jedine\u010dnou a inovat\u00edvnou kon\u0161trukciou, ktor\u00e1 pon\u00faka oproti tradi\u010dn\u00fdm hydraulick\u00fdm valcom mno\u017estvo v\u00fdhod. Je \u0161iroko pou\u017e\u00edvan\u00fd v r\u00f4znych odvetviach vr\u00e1tane stavebn\u00edctva, ban\u00edctva a dopravy. Pozrime sa na vlastnosti a v\u00fdhody tohto pozoruhodn\u00e9ho hydraulick\u00e9ho komponentu:<\/p>\n<h3>1. \u0160trukt\u00fara a princ\u00edp fungovania<\/h3>\n<p>Invertovan\u00fd teleskopick\u00fd valec pozost\u00e1va zo s\u00e9rie vnoren\u00fdch valcov\u00fdch r\u00farok, ktor\u00e9 sa navz\u00e1jom vys\u00favaj\u00fa a zas\u00favaj\u00fa. Vonkaj\u0161ia r\u00farka je najv\u00e4\u010d\u0161ia a obsahuje men\u0161ie r\u00farky. T\u00e1to kon\u0161trukcia umo\u017e\u0148uje kompaktn\u00fd a priestorovo \u00fasporn\u00fd hydraulick\u00fd syst\u00e9m.<\/p>\n<p>Ke\u010f sa na\u0148 aplikuje hydraulick\u00fd tlak, najvn\u00fatornej\u0161ia trubica sa vysunie a tla\u010d\u00ed susedn\u00fa trubicu smerom von. Tento proces pokra\u010duje, k\u00fdm sa nedosiahne po\u017eadovan\u00e9 pred\u013a\u017eenie. Proces zas\u00favania je opa\u010dn\u00fd, pri\u010dom ka\u017ed\u00e1 trubica sa zasunie do \u010fal\u0161ej v\u00e4\u010d\u0161ej trubice, k\u00fdm sa \u00faplne nezasunie.<\/p>\n<p>Toto unik\u00e1tne teleskopick\u00e9 usporiadanie poskytuje v\u00e4\u010d\u0161iu d\u013a\u017eku zdvihu v porovnan\u00ed s tradi\u010dn\u00fdmi valcami, v\u010faka \u010domu je ide\u00e1lne pre aplik\u00e1cie, ktor\u00e9 vy\u017eaduj\u00fa dlh\u0161\u00ed dosah a zdv\u00edhaciu kapacitu.<\/p>\n<h3>2. Zv\u00fd\u0161en\u00e1 nosnos\u0165<\/h3>\n<p>Invertovan\u00fd teleskopick\u00fd valec sa p\u00fd\u0161i v\u00fdnimo\u010dnou nosnos\u0165ou, v\u010faka \u010domu je vhodn\u00fd pre \u0165a\u017ek\u00e9 aplik\u00e1cie, ako s\u00fa skl\u00e1pa\u010de, \u017eeriavy a manipula\u010dn\u00e9 zariadenia. Jeho kon\u0161trukcia umo\u017e\u0148uje zv\u00fd\u0161en\u00fa stabilitu a rozlo\u017eenie hmotnosti, \u010d\u00edm zais\u0165uje spo\u013eahliv\u00fd a efekt\u00edvny v\u00fdkon aj pri extr\u00e9mnom za\u0165a\u017een\u00ed.<\/p>\n<p>Napr\u00edklad pri hydraulickom valci pre teleskopick\u00fd 10-tonov\u00fd skl\u00e1pa\u010d, ktor\u00fd je v ponuke, umo\u017e\u0148uje obr\u00e1ten\u00e1 teleskopick\u00e1 kon\u0161trukcia valca odol\u00e1va\u0165 obrovsk\u00e9mu tlaku a hmotnosti bremena, \u010d\u00edm sa zabezpe\u010duje plynul\u00e9 a spo\u013eahliv\u00e9 zdv\u00edhanie a vykl\u00e1dkovanie.<\/p>\n<h3>3. Zlep\u0161en\u00e1 odolnos\u0165 a integrita tesnenia<\/h3>\n<p>Jednou z k\u013e\u00fa\u010dov\u00fdch v\u00fdhod invertovan\u00e9ho teleskopick\u00e9ho valca je jeho vynikaj\u00faca integrita tesnenia. Vlo\u017een\u00e1 r\u00farkov\u00e1 \u0161trukt\u00fara zni\u017euje vystavenie tesnen\u00ed vonkaj\u0161\u00edm ne\u010distot\u00e1m, ako s\u00fa prach, ne\u010distoty a vlhkos\u0165. To zvy\u0161uje odolnos\u0165 a \u017eivotnos\u0165 valca a zni\u017euje riziko zlyhania tesnenia a \u00faniku hydraulickej kvapaliny.<\/p>\n<p>Dlhotrvaj\u00faca tesnos\u0165 obr\u00e1ten\u00e9ho teleskopick\u00e9ho valca zais\u0165uje minim\u00e1lne po\u017eiadavky na \u00fadr\u017ebu a zni\u017euje prestoje a s\u00favisiace n\u00e1klady.<\/p>\n<h3>4. Kompaktn\u00fd dizajn a priestorov\u00e1 efektivita<\/h3>\n<p>Kompaktn\u00e1 kon\u0161trukcia obr\u00e1ten\u00e9ho teleskopick\u00e9ho valca ho rob\u00ed vysoko efekt\u00edvnym z h\u013eadiska vyu\u017eitia priestoru. Jeho vnoren\u00e1 r\u00farkov\u00e1 \u0161trukt\u00fara umo\u017e\u0148uje krat\u0161iu zasunut\u00fa d\u013a\u017eku v porovnan\u00ed s tradi\u010dn\u00fdmi valcami, v\u010faka \u010domu je ide\u00e1lnou vo\u013ebou pre aplik\u00e1cie s obmedzen\u00fdm in\u0161tala\u010dn\u00fdm priestorom.<\/p>\n<p>Napr\u00edklad v \u017eeriavoch alebo zdv\u00edhac\u00edch zariadeniach, kde je priestor obmedzen\u00fd, umo\u017e\u0148uje obr\u00e1ten\u00fd teleskopick\u00fd valec prev\u00e1dzku zariadenia v stiesnen\u00fdch priestoroch bez kompromisov v oblasti v\u00fdkonu alebo nosnosti.<\/p>\n<h3>5. Zlep\u0161en\u00e1 kontrola a stabilita<\/h3>\n<p>Invertovan\u00fd teleskopick\u00fd valec poskytuje vynikaj\u00facu kontrolu a stabilitu po\u010das prev\u00e1dzky. Vnoren\u00e1 kon\u0161trukcia r\u00farok minimalizuje riziko prehnutia alebo ohnutia, \u010d\u00edm zais\u0165uje plynul\u00e9 a presn\u00e9 pohyby aj pri ve\u013ekom za\u0165a\u017een\u00ed.<\/p>\n<p>Okrem toho, unik\u00e1tny dizajn obr\u00e1ten\u00e9ho teleskopick\u00e9ho valca zni\u017euje \u00fa\u010dinky bo\u010dn\u00e9ho za\u0165a\u017eenia, \u010do prispieva k lep\u0161ej stabilite a bezpe\u010dnosti po\u010das prev\u00e1dzky.<\/p>\n<p>Z\u00e1verom mo\u017eno poveda\u0165, \u017ee inverzn\u00fd teleskopick\u00fd valec je revolu\u010dn\u00fd hydraulick\u00fd komponent, ktor\u00fd pon\u00faka oproti tradi\u010dn\u00fdm valcom mno\u017estvo v\u00fdhod. V\u010faka kompaktn\u00e9mu dizajnu, zv\u00fd\u0161enej nosnosti, odolnosti, priestorovej efekt\u00edvnosti a vylep\u0161en\u00e9mu ovl\u00e1daniu je preferovanou vo\u013ebou pre r\u00f4zne odvetvia, ktor\u00e9 vy\u017eaduj\u00fa vysokov\u00fdkonn\u00e9 hydraulick\u00e9 syst\u00e9my.<\/p>\n<h3>O FMP \u2013 hydraulickom valci<\/h3>\n<p>V spolo\u010dnosti FMP sa \u0161pecializujeme na predaj a servis vysokokvalitn\u00fdch dielov a kompletn\u00fdch strojov pre stavebn\u00e9 stroje. N\u00e1\u0161 hydraulick\u00fd valec je jedn\u00fdm z na\u0161ich najob\u013e\u00fabenej\u0161\u00edch produktov a to z dobr\u00e9ho d\u00f4vodu. Tu je p\u00e4\u0165 d\u00f4vodov, pre\u010do je hydraulick\u00fd valec FMP najlep\u0161ou vo\u013ebou pre va\u0161e potreby v oblasti stavebn\u00fdch strojov:<\/p>\n<p>1. <strong>Materi\u00e1ly najvy\u0161\u0161ej kvality<\/strong>N\u00e1\u0161 hydraulick\u00fd valec je vyroben\u00fd z odoln\u00fdch a spo\u013eahliv\u00fdch materi\u00e1lov, \u010do zaru\u010duje dlhotrvaj\u00faci v\u00fdkon a minim\u00e1lne po\u017eiadavky na \u00fadr\u017ebu.<\/p>\n<p>2. <strong>Prisp\u00f4sobite\u013en\u00e9 mo\u017enosti<\/strong>Pon\u00fakame nastavite\u013en\u00e9 valce s vidlicov\u00fdm uchyten\u00edm, ako aj \u010fal\u0161ie mo\u017enosti prisp\u00f4sobenia, ktor\u00e9 vyhovej\u00fa va\u0161im \u0161pecifick\u00fdm potreb\u00e1m. V\u010faka na\u0161im odborn\u00fdm znalostiam v oblasti dielov stavebn\u00fdch strojov s vami m\u00f4\u017eeme spolupracova\u0165 na n\u00e1jden\u00ed najlep\u0161ieho rie\u0161enia pre va\u0161e zariadenie.<\/p>\n<p>3. <strong>T\u00edm expertov<\/strong>N\u00e1\u0161 sk\u00fasen\u00fd a kvalifikovan\u00fd obchodn\u00fd t\u00edm m\u00e1 znalosti o najnov\u0161\u00edch trendoch v odvetv\u00ed a potreb\u00e1ch z\u00e1kazn\u00edkov v oblasti stavebn\u00fdch strojov. M\u00f4\u017ee v\u00e1m poskytn\u00fa\u0165 profesion\u00e1lne konzult\u00e1cie o produktoch a inteligentn\u00e9 n\u00e1vrhy na n\u00e1kup, ktor\u00e9 v\u00e1m pom\u00f4\u017eu urobi\u0165 najlep\u0161ie rozhodnutie pre va\u0161e podnikanie.<\/p>\n<p>4. <strong>Efekt\u00edvna logistika<\/strong>M\u00e1me efekt\u00edvny logistick\u00fd distribu\u010dn\u00fd syst\u00e9m, ktor\u00fd zabezpe\u010duje, aby z\u00e1kazn\u00edci dostali po\u017eadovan\u00e9 diely v\u010das a presne. To znamen\u00e1 minim\u00e1lne prestoje pre va\u0161e stavebn\u00e9 stroje a bezprobl\u00e9mov\u00fa prev\u00e1dzku v\u00e1\u0161ho podniku.<\/p>\n<p>5. <strong>Pr\u00edsna kontrola kvality<\/strong>Budujeme dlhodob\u00e9 a stabiln\u00e9 partnersk\u00e9 vz\u0165ahy s mnoh\u00fdmi kvalitn\u00fdmi dod\u00e1vate\u013emi doma aj v zahrani\u010d\u00ed, \u010d\u00edm zabezpe\u010dujeme, aby v\u0161etky dod\u00e1van\u00e9 diely vr\u00e1tane n\u00e1\u0161ho hydraulick\u00e9ho valca sp\u013a\u0148ali pr\u00edsne normy kvality.<\/p>\n<p>S hydraulick\u00fdm valcom FMP si m\u00f4\u017eete by\u0165 ist\u00ed kvalitou a spo\u013eahlivos\u0165ou svojich stavebn\u00fdch strojov. Kontaktujte n\u00e1s e\u0161te dnes a dozviete sa viac o na\u0161ich produktoch a o tom, ako v\u00e1m m\u00f4\u017eeme pom\u00f4c\u0165 n\u00e1js\u0165 najlep\u0161ie rie\u0161enia pre va\u0161e obchodn\u00e9 potreby.<\/p>\n<p><img decoding=\"async\" src=\"https:\/\/fmp-components.com\/wp-content\/uploads\/2024\/12\/Adjustable-Clevis-Type-Cylinders-6.webp\" alt=\"Nastavite\u013en\u00fd valec typu Clevis\" width=\"853\" title=\"\"><br \/>\nAutor: CX<\/p>","protected":false},"excerpt":{"rendered":"<p>The Hot Sale 10 Ton Dump Truck Telescope Hydraulic Cylinder is a high-quality and reliable product that is essential for dump trucks. With its superior design and advanced technology, this hydraulic cylinder offers exceptional performance and durability. Designed specifically for dump trucks, this telescopic hydraulic cylinder is capable of lifting heavy loads up to 10 [&hellip;]<\/p>","protected":false},"featured_media":1706,"comment_status":"closed","ping_status":"closed","template":"","meta":{"_et_pb_use_builder":"","_et_pb_old_content":"","_et_gb_content_width":""},"product_brand":[],"product_cat":[15],"product_tag":[34,48],"class_list":{"0":"post-1705","1":"product","2":"type-product","3":"status-publish","4":"has-post-thumbnail","6":"product_cat-uncategorized","7":"product_tag-hydraulic-cylinder","8":"product_tag-inverted-telescopic-cylinder","10":"first","11":"instock","12":"product-type-simple"},"_links":{"self":[{"href":"https:\/\/fmp-components.com\/sk\/wp-json\/wp\/v2\/product\/1705","targetHints":{"allow":["GET"]}}],"collection":[{"href":"https:\/\/fmp-components.com\/sk\/wp-json\/wp\/v2\/product"}],"about":[{"href":"https:\/\/fmp-components.com\/sk\/wp-json\/wp\/v2\/types\/product"}],"replies":[{"embeddable":true,"href":"https:\/\/fmp-components.com\/sk\/wp-json\/wp\/v2\/comments?post=1705"}],"wp:featuredmedia":[{"embeddable":true,"href":"https:\/\/fmp-components.com\/sk\/wp-json\/wp\/v2\/media\/1706"}],"wp:attachment":[{"href":"https:\/\/fmp-components.com\/sk\/wp-json\/wp\/v2\/media?parent=1705"}],"wp:term":[{"taxonomy":"product_brand","embeddable":true,"href":"https:\/\/fmp-components.com\/sk\/wp-json\/wp\/v2\/product_brand?post=1705"},{"taxonomy":"product_cat","embeddable":true,"href":"https:\/\/fmp-components.com\/sk\/wp-json\/wp\/v2\/product_cat?post=1705"},{"taxonomy":"product_tag","embeddable":true,"href":"https:\/\/fmp-components.com\/sk\/wp-json\/wp\/v2\/product_tag?post=1705"}],"curies":[{"name":"pracovn\u00fd list","href":"https:\/\/api.w.org\/{rel}","templated":true}]}}