{"id":1695,"date":"2024-12-23T07:01:59","date_gmt":"2024-12-23T07:01:59","guid":{"rendered":"https:\/\/fmp-components.com\/product\/factory-direct-sale-10-ton-dump-truck-hydraulic-cylinder-double-acting-hydraulic-cylinder\/"},"modified":"2025-03-11T06:06:28","modified_gmt":"2025-03-11T06:06:28","slug":"factory-direct-sale-10-ton-dump-truck-hydraulic-cylinder-double-acting-hydraulic-cylinder","status":"publish","type":"product","link":"https:\/\/fmp-components.com\/sk\/product\/factory-direct-sale-10-ton-dump-truck-hydraulic-cylinder-double-acting-hydraulic-cylinder\/","title":{"rendered":"Priamy predaj z tov\u00e1rne 10-tonov\u00fd hydraulick\u00fd valec pre dvoj\u010dinn\u00fd hydraulick\u00fd valec"},"content":{"rendered":"<p>Hydraulick\u00fd valec pre 10-tonov\u00e9 skl\u00e1pa\u010de, predaj priamo z v\u00fdroby Dvoj\u010dinn\u00fd hydraulick\u00fd valec je \u0161pi\u010dkov\u00fd hydraulick\u00fd valec ur\u010den\u00fd na pou\u017eitie v skl\u00e1pa\u010doch. V\u010faka dvoj\u010dinnej kon\u0161trukcii sa tento valec m\u00f4\u017ee pou\u017e\u00edva\u0165 v r\u00f4znych aplik\u00e1ci\u00e1ch vr\u00e1tane zdv\u00edhania a sp\u00fa\u0161\u0165ania \u0165a\u017ek\u00fdch bremien a poskytuje plynul\u00e9 a presn\u00e9 ovl\u00e1danie v oboch smeroch.<\/p>\n<p><img decoding=\"async\" src=\"https:\/\/hzpt.com\/wp-content\/uploads\/2023\/11\/Inverted-Telescopic-Cylinder-4.webp\" alt=\"\" title=\"\"><\/p>\n<p>Tento hydraulick\u00fd valec, vyroben\u00fd s presnos\u0165ou a starostlivos\u0165ou, sa p\u00fd\u0161i vynikaj\u00facou pevnos\u0165ou a odolnos\u0165ou, v\u010faka \u010domu je spo\u013eahlivou vo\u013ebou pre n\u00e1ro\u010dn\u00e9 aplik\u00e1cie. Valec m\u00e1 kon\u0161trukciu z vysokopevnostnej ocele a je navrhnut\u00fd tak, aby odolal extr\u00e9mnym teplot\u00e1m a n\u00e1ro\u010dn\u00fdm pracovn\u00fdm podmienkam, \u010d\u00edm zais\u0165uje optim\u00e1lny v\u00fdkon a dlh\u00fa \u017eivotnos\u0165.<\/p>\n<p>Pokro\u010dil\u00e1 kon\u0161trukcia valca zah\u0155\u0148a aj cel\u00fd rad inovat\u00edvnych prvkov, ako s\u00fa prec\u00edzne opracovan\u00e9 piestne ty\u010de, vysoko kvalitn\u00e9 tesnenia a pokro\u010dil\u00e9 hydraulick\u00e9 syst\u00e9my, ktor\u00e9 v\u0161etky spolupracuj\u00fa na poskytovan\u00ed v\u00fdnimo\u010dn\u00e9ho v\u00fdkonu, \u00fa\u010dinnosti a spo\u013eahlivosti.<\/p>\n<table style=\"width: 100%;\" border=\"1\" width=\"100%\" cellspacing=\"0\" cellpadding=\"0\">\n<tbody>\n<tr>\n<th>N\u00e1zov produktu<\/th>\n<td>10-tonov\u00fd hydraulick\u00fd valec pre skl\u00e1pa\u010de<\/td>\n<\/tr>\n<tr>\n<th>Stav<\/th>\n<td>Nov\u00e9<\/td>\n<\/tr>\n<tr>\n<th>Typ<\/th>\n<td>Dvoj\u010dinn\u00fd hydraulick\u00fd valec<\/td>\n<\/tr>\n<tr>\n<th>\u0160trukt\u00fara<\/th>\n<td>\u0160tandardn\u00fd piestov\u00fd valec<\/td>\n<\/tr>\n<tr>\n<th>Zdroj energie<\/th>\n<td>Hydraulick\u00e1 kvapalina<\/td>\n<\/tr>\n<tr>\n<th>Dizajn<\/th>\n<td>Inverzn\u00fd teleskopick\u00fd<\/td>\n<\/tr>\n<tr>\n<th>Materi\u00e1l<\/th>\n<td>Odoln\u00e1 oce\u013e<\/td>\n<\/tr>\n<tr>\n<th>Maxim\u00e1lny \u0165ah<\/th>\n<td>3000<\/td>\n<\/tr>\n<tr>\n<th>Maxim\u00e1lny \u0165ah<\/th>\n<td>20 ton<\/td>\n<\/tr>\n<tr>\n<th>Ve\u013ekos\u0165 otvoru<\/th>\n<td>2 \u2013 6 palcov<\/td>\n<\/tr>\n<tr>\n<th>Ve\u013ekos\u0165 ty\u010de<\/th>\n<td>1,125 \u2013 4 palce<\/td>\n<\/tr>\n<tr>\n<th>Ve\u013ekos\u0165 \u0165ahu<\/th>\n<td>6 \u2013 48 palcov<\/td>\n<\/tr>\n<tr>\n<th>Ve\u013ekos\u0165 \u010dapu<\/th>\n<td>0,5 \u2013 2 palce<\/td>\n<\/tr>\n<tr>\n<th>Certifik\u00e1cia<\/th>\n<td>ISO 9001:2000<\/td>\n<\/tr>\n<tr>\n<th>Farba<\/th>\n<td>Elegantn\u00e1 \u010dierna<\/td>\n<\/tr>\n<tr>\n<th>Z\u00e1ruka<\/th>\n<td>1 rok<\/td>\n<\/tr>\n<tr>\n<th>Z\u00e1kladn\u00e9 komponenty<\/th>\n<td>Lo\u017eisko, piestov\u00fd valec<\/td>\n<\/tr>\n<\/tbody>\n<\/table>\n<h2>Vlastnosti hydraulick\u00e9ho valca pre 10-tonov\u00e9 skl\u00e1pa\u010de<\/h2>\n<p>Tento hydraulick\u00fd valec sa m\u00f4\u017ee pochv\u00e1li\u0165 nieko\u013ek\u00fdmi p\u00f4sobiv\u00fdmi vlastnos\u0165ami:<\/p>\n<ol>\n<li>Dvoj\u010dinn\u00fd: To znamen\u00e1, \u017ee dok\u00e1\u017ee vykon\u00e1va\u0165 hydraulick\u00e9 oper\u00e1cie v dvoch smeroch, \u010do poskytuje v\u00e4\u010d\u0161iu flexibilitu a \u00fa\u010dinnos\u0165.<\/li>\n<li>Invertovan\u00fd teleskopick\u00fd dizajn: Tento dizajn umo\u017e\u0148uje pred\u013a\u017een\u00fd zdvih, \u010do zvy\u0161uje celkov\u00fa \u00fa\u010dinnos\u0165 a v\u0161estrannos\u0165 valca.<\/li>\n<li>Vysok\u00fd maxim\u00e1lny \u0165ah a \u0165ah: S maxim\u00e1lnym \u0165ahom 3000 a maxim\u00e1lnym \u0165ahom 20 ton je tento valec schopn\u00fd \u013eahko manipulova\u0165 s \u0165a\u017ek\u00fdmi bremenami.<\/li>\n<li>Odoln\u00fd materi\u00e1l: Tento valec je vyroben\u00fd z ocele, je robustn\u00fd a vyroben\u00fd tak, aby vydr\u017eal, \u010do zais\u0165uje dlhodob\u00fa spo\u013eahlivos\u0165 a v\u00fdkon.<\/li>\n<li>Jednoro\u010dn\u00e1 z\u00e1ruka: Tento produkt sa dod\u00e1va s jednoro\u010dnou z\u00e1rukou, ktor\u00e1 v\u00e1m pon\u00faka pokoj v du\u0161i a ochranu va\u0161ej invest\u00edcie.<\/li>\n<\/ol>\n<h2>Pou\u017eitie hydraulick\u00e9ho valca pre 10-tonov\u00e9 skl\u00e1pa\u010de<\/h2>\n<p>V\u010faka svojej robustnej kon\u0161trukcii a v\u0161estrannosti je tento hydraulick\u00fd valec vhodn\u00fd pre \u0161irok\u00fa \u0161k\u00e1lu aplik\u00e1ci\u00ed:<\/p>\n<ol>\n<li>V\u00fdrobn\u00e9 z\u00e1vody: Pou\u017e\u00edvaj\u00fa sa na prev\u00e1dzku \u0165a\u017ek\u00fdch strojov a prepravu materi\u00e1lu.<\/li>\n<li>Opravovne strojov: Nevyhnutn\u00e9 pre oprav\u00e1rensk\u00e9 a \u00fadr\u017eb\u00e1rske \u00falohy, ktor\u00e9 vy\u017eaduj\u00fa zdv\u00edhanie alebo premiest\u0148ovanie \u0165a\u017ek\u00fdch strojov\u00fdch dielov.<\/li>\n<li>Farmy: Pou\u017e\u00edvaj\u00fa sa v r\u00f4znych po\u013enohospod\u00e1rskych strojoch na \u00falohy, ako je zdv\u00edhanie, tla\u010denie a \u0165ahanie.<\/li>\n<li>Energia a ban\u00edctvo: Pou\u017e\u00edva sa v zariadeniach na kopanie, v\u0155tanie a \u0165a\u017ebu surov\u00edn.<\/li>\n<li>V\u00fdroba strojov: Neoddelite\u013en\u00e1 s\u00fa\u010das\u0165 mont\u00e1\u017ee a demont\u00e1\u017ee ve\u013ek\u00fdch strojov a zariaden\u00ed.<\/li>\n<\/ol>\n<p><img decoding=\"async\" src=\"https:\/\/hzpt.com\/wp-content\/uploads\/2023\/11\/Inverted-Telescopic-Cylinder-Applications.webp\" alt=\"Aplik\u00e1cie inverzn\u00e9ho teleskopick\u00e9ho valca\" title=\"\"><\/p>\n<h2>Princ\u00edp fungovania a met\u00f3dy \u00fadr\u017eby<\/h2>\n<p>Hydraulick\u00fd valec funguje na jednoduchom, ale \u00fa\u010dinnom princ\u00edpe. Hydraulick\u00e1 kvapalina sa \u010derp\u00e1 do valca, \u010d\u00edm sa vytv\u00e1ra tlak. Tento tlak p\u00f4sob\u00ed na piest, \u010do sp\u00f4sobuje jeho pohyb a vytv\u00e1ra v\u00fdstupn\u00fa silu. Dvoj\u010dinn\u00e1 kon\u0161trukcia znamen\u00e1, \u017ee kvapalina sa m\u00f4\u017ee \u010derpa\u0165 v oboch smeroch, \u010do umo\u017e\u0148uje piestu pohyb tam a sp\u00e4\u0165.<\/p>\n<p>\u010co sa t\u00fdka \u00fadr\u017eby, je d\u00f4le\u017eit\u00e9:<\/p>\n<ol>\n<li style=\"list-style-type: none;\">\n<ol>\n<li>Pravidelne kontrolujte valec, \u010di nevykazuje zn\u00e1mky opotrebovania, po\u0161kodenia alebo netesnost\u00ed.<\/li>\n<li>Pravidelne \u010distite valec, aby ste predi\u0161li hromadeniu ne\u010dist\u00f4t a \u00falomkov.<\/li>\n<li>Nama\u017ete pohybliv\u00e9 \u010dasti, aby ste zn\u00ed\u017eili trenie a opotrebovanie.<\/li>\n<li>Vykon\u00e1vajte pravideln\u00e9 kontroly a opravy, aby ste v\u010das odhalili a odstr\u00e1nili probl\u00e9my.<\/li>\n<li>V pr\u00edpade potreby vyme\u0148te tesnenia, aby ste predi\u0161li \u00fanikom a udr\u017eali optim\u00e1lny v\u00fdkon.<\/li>\n<li>Postupujte pod\u013ea n\u00e1vodu na obsluhu, kde n\u00e1jdete konkr\u00e9tne pokyny a harmonogramy \u00fadr\u017eby.<\/li>\n<\/ol>\n<\/li>\n<\/ol>\n<p><img decoding=\"async\" src=\"https:\/\/hzpt.com\/wp-content\/uploads\/2023\/11\/Inverted-Telescopic-Cylinder-8.webp\" alt=\"\" title=\"\"><\/p>\n<h2>Invertovan\u00fd teleskopick\u00fd valec<\/h2>\n<p>Invertovan\u00fd teleskopick\u00fd valec, tie\u017e zn\u00e1my ako jedno\u010dinn\u00fd teleskopick\u00fd valec, je hydraulick\u00fd aktu\u00e1tor, ktor\u00fd sa sklad\u00e1 z viacer\u00fdch vnoren\u00fdch stup\u0148ov, pri\u010dom ka\u017ed\u00fd stupe\u0148 je zasunut\u00fd do v\u00e4\u010d\u0161ieho. Tieto valce sa be\u017ene pou\u017e\u00edvaj\u00fa v r\u00f4znych \u0165a\u017ek\u00fdch aplik\u00e1ci\u00e1ch, ako s\u00fa skl\u00e1pa\u010de, \u017eeriavy a bagre.<\/p>\n<h3>Vlastnosti inverzn\u00e9ho teleskopick\u00e9ho valca<\/h3>\n<p>Nasleduj\u00fa niektor\u00e9 z k\u013e\u00fa\u010dov\u00fdch vlastnost\u00ed inverzn\u00fdch teleskopick\u00fdch valcov:<\/p>\n<ul>\n<li>Ve\u013ek\u00e9 zdvihy s men\u0161ou zasunutou d\u013a\u017ekou<\/li>\n<li>Vysoko efekt\u00edvne vyu\u017eitie priestoru, v\u010faka \u010domu s\u00fa ide\u00e1lne pre stroje s obmedzen\u00fdm priestorom<\/li>\n<li>Vysok\u00e1 pevnos\u0165 a odolnos\u0165 v\u010faka pou\u017eitiu vysoko kvalitn\u00fdch materi\u00e1lov, ako je chr\u00f3movan\u00e1 oce\u013e<\/li>\n<li>Zvl\u00e1dne vysok\u00e9 za\u0165a\u017eenie a poskytuje konzistentn\u00fd v\u00fdkon aj v n\u00e1ro\u010dn\u00fdch podmienkach<\/li>\n<\/ul>\n<h3>Princ\u00edp fungovania invertovan\u00e9ho teleskopick\u00e9ho valca<\/h3>\n<p>Ke\u010f sa na piestnu ty\u010d vyv\u00edja tlak, vysunie sa z valca, \u010do sp\u00f4sob\u00ed, \u017ee sa vysun\u00fa aj vnoren\u00e9 stupne. Toto vys\u00favanie pokra\u010duje, k\u00fdm piestna ty\u010d nedosiahne koniec svojho zdvihu. Valec sa zasunie, ke\u010f sa tlak uvo\u013en\u00ed, a vnoren\u00e9 stupne sa zasun\u00fa sp\u00e4\u0165 do v\u00e4\u010d\u0161ieho valca.<\/p>\n<p>Piestna ty\u010d obr\u00e1ten\u00e9ho teleskopick\u00e9ho valca je zvy\u010dajne pripevnen\u00e1 na konci najmen\u0161ieho stup\u0148a. Piest je umiestnen\u00fd vo vn\u00fatri najv\u00e4\u010d\u0161ieho stup\u0148a a hydraulick\u00e1 kvapalina je zvy\u010dajne priv\u00e1dzan\u00e1 cez otvor v spodnej \u010dasti valca.<\/p>\n<h3>Aplik\u00e1cie invertovan\u00e9ho teleskopick\u00e9ho valca<\/h3>\n<p>Invertovan\u00e9 teleskopick\u00e9 valce sa be\u017ene pou\u017e\u00edvaj\u00fa v skl\u00e1pa\u010doch, ktor\u00e9 vy\u017eaduj\u00fa hydraulick\u00e9 valce na zdv\u00edhanie a nakl\u00e1\u0148anie korby n\u00e1kladn\u00e9ho vozidla pri vykladan\u00ed. Tieto valce sa pou\u017e\u00edvaj\u00fa aj v stavebn\u00fdch strojoch, ako s\u00fa bagre, na ovl\u00e1danie pohybu v\u00fdlo\u017en\u00edka a ramena.<\/p>\n<p>Dvoj\u010dinn\u00fd hydraulick\u00fd valec je \u010fal\u0161\u00ed typ hydraulick\u00e9ho valca, ktor\u00fd sa d\u00e1 pou\u017ei\u0165 v r\u00f4znych n\u00e1ro\u010dn\u00fdch aplik\u00e1ci\u00e1ch. Hydraulick\u00fd valec pre 10-tonov\u00e9 skl\u00e1pa\u010de s priamym predajom z v\u00fdroby Dvoj\u010dinn\u00fd hydraulick\u00fd valec je ide\u00e1lnym rie\u0161en\u00edm, ke\u010f sa ovl\u00e1da\u010d potrebuje pohybova\u0165 tam a sp\u00e4\u0165, napr\u00edklad v pr\u00edpade hydraulick\u00e9ho lisu alebo zdv\u00edhacieho zariadenia. Tieto valce pozost\u00e1vaj\u00fa z piestu, ktor\u00fd sa m\u00f4\u017ee pohybova\u0165 v oboch smeroch, pri\u010dom hydraulick\u00e1 kvapalina je priv\u00e1dzan\u00e1 na obe strany piestu, aby sa ovl\u00e1dal jeho pohyb.<\/p>\n<p>Invertovan\u00fd teleskopick\u00fd valec je z\u00e1kladnou s\u00fa\u010das\u0165ou r\u00f4znych \u0165a\u017ek\u00fdch aplik\u00e1ci\u00ed vr\u00e1tane skl\u00e1pa\u010dov a stavebn\u00fdch strojov. Tieto valce pon\u00fakaj\u00fa spo\u013eahliv\u00fd a efekt\u00edvny sp\u00f4sob ovl\u00e1dania pohybu \u0165a\u017ek\u00fdch strojov a poskytuj\u00fa konzistentn\u00fd v\u00fdkon aj v n\u00e1ro\u010dn\u00fdch podmienkach. Pochopen\u00edm fungovania t\u00fdchto valcov a ich pou\u017eitia m\u00f4\u017eu v\u00fdrobcovia robi\u0165 informovan\u00e9 rozhodnutia o tom, ak\u00fd typ hydraulick\u00e9ho pohonu pou\u017eij\u00fa pre svoje \u0161pecifick\u00e9 potreby.<\/p>\n<p><img decoding=\"async\" src=\"https:\/\/hzpt.com\/wp-content\/uploads\/2023\/11\/Inverted-Telescopic-Cylinder-Manufacturers.webp\" alt=\"V\u00fdrobn\u00fd z\u00e1vod na hydraulick\u00e9 stroje HZPT\" title=\"\"><\/p>\n<h3>O FMP<\/h3>\n<p>FMP je spolo\u010dnos\u0165, ktor\u00e1 sa \u0161pecializuje na v\u00fdrobu a predaj hydraulick\u00fdch valcov. V\u010faka n\u00e1\u0161mu zameraniu na dod\u00e1vku vysokokvalitn\u00fdch dielov pre stavebn\u00e9 stroje a kompletn\u00fdch strojn\u00fdch rie\u0161en\u00ed sme sa etablovali ako spo\u013eahliv\u00fd partner v tomto odvetv\u00ed. Na\u0161e dlhoro\u010dn\u00e9 sk\u00fasenosti a profesion\u00e1lny t\u00edm, so s\u00eddlom v Taliansku, zaru\u010duj\u00fa, \u017ee z\u00e1kazn\u00edkom poskytujeme \u0161pi\u010dkov\u00e9 produkty a slu\u017eby.<\/p>\n<p><strong>N\u00e1\u0161 sortiment produktov:<\/strong><\/p>\n<ol>\n<li><strong>Prevodovky po\u013enohospod\u00e1rskych strojov:<\/strong> Pon\u00fakame \u0161irok\u00fd sortiment prevodoviek \u0161peci\u00e1lne navrhnut\u00fdch pre po\u013enohospod\u00e1rske stroje. Tieto prevodovky s\u00fa odoln\u00e9 a \u00fa\u010dinn\u00e9, \u010do umo\u017e\u0148uje plynul\u00fd a spo\u013eahliv\u00fd chod.<\/li>\n<li><strong>Hydraulick\u00e9 valce:<\/strong> Na\u0161e hydraulick\u00e9 valce s\u00fa vyroben\u00e9 pod\u013ea najvy\u0161\u0161\u00edch \u0161tandardov, aby poskytovali vynikaj\u00faci v\u00fdkon a odolnos\u0165. S\u00fa navrhnut\u00e9 tak, aby odolali vysok\u00e9mu za\u0165a\u017eeniu a n\u00e1ro\u010dn\u00fdm prev\u00e1dzkov\u00fdm podmienkam, \u010d\u00edm zabezpe\u010duj\u00fa optim\u00e1lnu \u00fa\u010dinnos\u0165 a spo\u013eahlivos\u0165.<\/li>\n<li><strong>Plan\u00e9tov\u00e9 prevodovky:<\/strong> Pon\u00fakame plan\u00e9tov\u00e9 prevodovky, ktor\u00e9 s\u00fa skon\u0161truovan\u00e9 pre presnos\u0165 a odolnos\u0165. Tieto prevodovky pon\u00fakaj\u00fa vysok\u00fd kr\u00fatiaci moment a plynul\u00fd chod, v\u010faka \u010domu s\u00fa ide\u00e1lne pre r\u00f4zne aplik\u00e1cie v odvetv\u00ed stavebn\u00fdch strojov.<\/li>\n<li><strong>Priemyseln\u00e9 prevodovky:<\/strong> N\u00e1\u0161 sortiment priemyseln\u00fdch prevodoviek je navrhnut\u00fd tak, aby sp\u013a\u0148al rozmanit\u00e9 potreby r\u00f4znych odvetv\u00ed. Tieto prevodovky s\u00fa zn\u00e1me svojou spo\u013eahlivos\u0165ou, \u00fa\u010dinnos\u0165ou a dlhou \u017eivotnos\u0165ou.<\/li>\n<li><strong>S\u00fa\u010diastky a pr\u00edslu\u0161enstvo pre po\u013enohospod\u00e1rske stroje:<\/strong> Okrem prevodoviek a hydraulick\u00fdch valcov pon\u00fakame aj komplexn\u00fd sortiment dielov a pr\u00edslu\u0161enstva pre po\u013enohospod\u00e1rske stroje. Tieto komponenty s\u00fa starostlivo vyberan\u00e9, aby sa zabezpe\u010dila kompatibilita a optim\u00e1lny v\u00fdkon.<\/li>\n<\/ol>\n<p><strong>V\u00fdhody na\u0161ej spolo\u010dnosti:<\/strong><\/p>\n<ol>\n<li><strong>Pr\u00edsne \u0161tandardy kvality:<\/strong> Vybudovali sme si dlhodob\u00e9 a stabiln\u00e9 vz\u0165ahy s vysokokvalitn\u00fdmi dod\u00e1vate\u013emi v tuzemsku aj v zahrani\u010d\u00ed. To n\u00e1m umo\u017e\u0148uje zabezpe\u010di\u0165, aby v\u0161etky dod\u00e1van\u00e9 diely sp\u013a\u0148ali pr\u00edsne \u0161tandardy kvality.<\/li>\n<li><strong>Sk\u00fasen\u00fd obchodn\u00fd t\u00edm:<\/strong> N\u00e1\u0161 obchodn\u00fd t\u00edm m\u00e1 rozsiahle znalosti o v\u00fdvojov\u00fdch trendoch a potreb\u00e1ch z\u00e1kazn\u00edkov v odvetv\u00ed stavebn\u00fdch strojov. Poskytuje profesion\u00e1lne konzult\u00e1cie o produktoch a inteligentn\u00e9 n\u00e1vrhy na n\u00e1kup, aby pomohol z\u00e1kazn\u00edkom robi\u0165 informovan\u00e9 rozhodnutia.<\/li>\n<li><strong>Efekt\u00edvna logistick\u00e1 distrib\u00facia:<\/strong> M\u00e1me zaveden\u00fd efekt\u00edvny logistick\u00fd distribu\u010dn\u00fd syst\u00e9m, ktor\u00fd zabezpe\u010duje, aby z\u00e1kazn\u00edci dost\u00e1vali po\u017eadovan\u00e9 diely v\u010das a presne. To umo\u017e\u0148uje minim\u00e1lne prestoje a maxim\u00e1lnu produktivitu.<\/li>\n<li><strong>Spo\u013eahliv\u00fd servis:<\/strong> Uprednost\u0148ujeme spokojnos\u0165 z\u00e1kazn\u00edkov a sna\u017e\u00edme sa v\u017edy poskytova\u0165 vynikaj\u00face slu\u017eby. N\u00e1\u0161 \u0161pecializovan\u00fd t\u00edm je v\u017edy pripraven\u00fd rie\u0161i\u0165 ak\u00e9ko\u013evek ot\u00e1zky alebo obavy, \u010d\u00edm zabezpe\u010d\u00edme pre na\u0161ich z\u00e1kazn\u00edkov hladk\u00fd a bezprobl\u00e9mov\u00fd z\u00e1\u017eitok.<\/li>\n<li><strong>Neust\u00e1le zlep\u0161ovanie:<\/strong> Zaviazali sme sa k neust\u00e1lemu zlep\u0161ovaniu a sledovaniu najnov\u0161\u00edch poznatkov v odvetv\u00ed. To n\u00e1m umo\u017e\u0148uje pon\u00faka\u0165 inovat\u00edvne rie\u0161enia a udr\u017eiava\u0165 si poz\u00edciu d\u00f4veryhodn\u00e9ho dod\u00e1vate\u013ea dielov a kompletn\u00fdch strojov pre stavebn\u00e9 stroje.<\/li>\n<\/ol>\n<p><img decoding=\"async\" src=\"https:\/\/fmp-components.com\/wp-content\/uploads\/2024\/12\/Adjustable-Clevis-Type-Cylinders-6.webp\" alt=\"Nastavite\u013en\u00fd valec typu Clevis\" width=\"849\" title=\"\"><br \/>\nAutor: CX<\/p>","protected":false},"excerpt":{"rendered":"<p>Factory Direct Sale 10 Ton Dump Truck Hydraulic Cylinder Double Acting Hydraulic Cylinder is a top-of-the-line hydraulic cylinder designed for use in dump trucks. With its double-acting design, this cylinder can be used in a variety of applications, including lifting and lowering heavy loads, providing smooth and precise control in both directions. Crafted with precision [&hellip;]<\/p>","protected":false},"featured_media":1696,"comment_status":"closed","ping_status":"closed","template":"","meta":{"_et_pb_use_builder":"","_et_pb_old_content":"","_et_gb_content_width":""},"product_brand":[],"product_cat":[45],"product_tag":[34,48],"class_list":{"0":"post-1695","1":"product","2":"type-product","3":"status-publish","4":"has-post-thumbnail","6":"product_cat-inverted-telescopic-cylinder","7":"product_tag-hydraulic-cylinder","8":"product_tag-inverted-telescopic-cylinder","10":"first","11":"instock","12":"product-type-simple"},"_links":{"self":[{"href":"https:\/\/fmp-components.com\/sk\/wp-json\/wp\/v2\/product\/1695","targetHints":{"allow":["GET"]}}],"collection":[{"href":"https:\/\/fmp-components.com\/sk\/wp-json\/wp\/v2\/product"}],"about":[{"href":"https:\/\/fmp-components.com\/sk\/wp-json\/wp\/v2\/types\/product"}],"replies":[{"embeddable":true,"href":"https:\/\/fmp-components.com\/sk\/wp-json\/wp\/v2\/comments?post=1695"}],"wp:featuredmedia":[{"embeddable":true,"href":"https:\/\/fmp-components.com\/sk\/wp-json\/wp\/v2\/media\/1696"}],"wp:attachment":[{"href":"https:\/\/fmp-components.com\/sk\/wp-json\/wp\/v2\/media?parent=1695"}],"wp:term":[{"taxonomy":"product_brand","embeddable":true,"href":"https:\/\/fmp-components.com\/sk\/wp-json\/wp\/v2\/product_brand?post=1695"},{"taxonomy":"product_cat","embeddable":true,"href":"https:\/\/fmp-components.com\/sk\/wp-json\/wp\/v2\/product_cat?post=1695"},{"taxonomy":"product_tag","embeddable":true,"href":"https:\/\/fmp-components.com\/sk\/wp-json\/wp\/v2\/product_tag?post=1695"}],"curies":[{"name":"pracovn\u00fd list","href":"https:\/\/api.w.org\/{rel}","templated":true}]}}