{"id":1693,"date":"2024-12-23T07:01:59","date_gmt":"2024-12-23T07:01:59","guid":{"rendered":"https:\/\/fmp-components.com\/product\/premium-quality-stainless-steel-long-stroke-hydraulic-cylinder-for-dump-truck\/"},"modified":"2025-03-11T06:06:18","modified_gmt":"2025-03-11T06:06:18","slug":"premium-quality-stainless-steel-long-stroke-hydraulic-cylinder-for-dump-truck","status":"publish","type":"product","link":"https:\/\/fmp-components.com\/sk\/product\/premium-quality-stainless-steel-long-stroke-hydraulic-cylinder-for-dump-truck\/","title":{"rendered":"Hydraulick\u00fd valec s dlh\u00fdm zdvihom z nehrdzavej\u00facej ocele prvotriednej kvality pre skl\u00e1pa\u010de"},"content":{"rendered":"<h2>Predstavujeme vysoko kvalitn\u00fd hydraulick\u00fd valec z nehrdzavej\u00facej ocele s dlh\u00fdm zdvihom pre skl\u00e1pa\u010de:<\/h2>\n<p>Tento hydraulick\u00fd valec je \u0161peci\u00e1lne navrhnut\u00fd pre skl\u00e1pa\u010de a poskytuje v\u00fdnimo\u010dn\u00fd v\u00fdkon a odolnos\u0165. Je vyroben\u00fd z vysoko kvalitnej nehrdzavej\u00facej ocele, \u010do zaru\u010duje jeho odolnos\u0165 vo\u010di kor\u00f3zii a opotrebeniu, a to aj v n\u00e1ro\u010dn\u00fdch prev\u00e1dzkov\u00fdch podmienkach. Kon\u0161trukcia valca s dlh\u00fdm zdvihom umo\u017e\u0148uje v\u00e4\u010d\u0161\u00ed rozsah pohybu, \u010do umo\u017e\u0148uje efekt\u00edvne zdv\u00edhanie a vykladanie \u0165a\u017ek\u00fdch bremien.<\/p>\n<p>V\u010faka svojej prvotriednej kon\u0161trukcii pon\u00faka tento hydraulick\u00fd valec vynikaj\u00facu pevnos\u0165 a stabilitu. Je vyroben\u00fd tak, aby odolal n\u00e1rokom n\u00e1ro\u010dn\u00fdch aplik\u00e1ci\u00ed a poskytoval spo\u013eahliv\u00fd a konzistentn\u00fd v\u00fdkon. Materi\u00e1l z nehrdzavej\u00facej ocele predl\u017euje jeho \u017eivotnos\u0165 a zni\u017euje potrebu \u010dastej \u00fadr\u017eby a v\u00fdmeny.<\/p>\n<p>Tento valec je vybaven\u00fd pokro\u010dilou hydraulickou technol\u00f3giou a zais\u0165uje plynul\u00fd a presn\u00fd chod. Je vybaven\u00fd robustn\u00fdm syst\u00e9mom piestu a valca, ktor\u00fd umo\u017e\u0148uje efekt\u00edvny prenos v\u00fdkonu a efekt\u00edvnu manipul\u00e1ciu so z\u00e1\u0165a\u017eou. Vysokotlakov\u00e9 tesnenia zabra\u0148uj\u00fa \u00fanikom, \u010d\u00edm zabezpe\u010duj\u00fa optim\u00e1lny v\u00fdkon a minimalizuj\u00fa prestoje.<\/p>\n<p><img decoding=\"async\" src=\"https:\/\/hzpt.com\/wp-content\/uploads\/2023\/11\/Inverted-Telescopic-Cylinder-23.webp\" alt=\"\" title=\"\"><\/p>\n<p>Tento hydraulick\u00fd valec je navy\u0161e navrhnut\u00fd pre jednoduch\u00fa in\u0161tal\u00e1ciu a kompatibilitu s n\u00e1kladn\u00fdmi vozidlami r\u00f4znych zna\u010diek a modelov. Je prec\u00edzne navrhnut\u00fd tak, aby sp\u013a\u0148al \u0161pecifick\u00e9 po\u017eiadavky aplik\u00e1ci\u00ed n\u00e1kladn\u00fdch vozidiel, \u010do zaru\u010duje bezprobl\u00e9mov\u00fa integr\u00e1ciu a optim\u00e1lny v\u00fdkon.<\/p>\n<p>Stru\u010dne povedan\u00e9, hydraulick\u00fd valec z nehrdzavej\u00facej ocele s dlh\u00fdm zdvihom pr\u00e9miovej kvality pre skl\u00e1pa\u010de je spo\u013eahliv\u00fd a vysoko v\u00fdkonn\u00fd komponent, ktor\u00fd zvy\u0161uje efektivitu a produktivitu skl\u00e1pa\u010dov. Jeho odoln\u00e1 kon\u0161trukcia, pokro\u010dil\u00e1 hydraulick\u00e1 technol\u00f3gia a jednoduch\u00e1 in\u0161tal\u00e1cia z neho robia cenn\u00fd pr\u00ednos pre ak\u00fako\u013evek prev\u00e1dzku skl\u00e1pa\u010da. Za\u017eite silu presnosti s na\u0161\u00edm hydraulick\u00fdm valcom z nehrdzavej\u00facej ocele s dlh\u00fdm zdvihom pre skl\u00e1pa\u010de. Ide o \u0161pi\u010dkov\u00fd produkt, \u0161peci\u00e1lne navrhnut\u00fd tak, aby poskytoval vysok\u00fd v\u00fdkon v naj\u0165a\u017e\u0161\u00edch podmienkach. Vyroben\u00fd z nehrdzavej\u00facej ocele pr\u00e9miovej kvality, je robustn\u00fd, odoln\u00fd a skon\u0161truovan\u00fd pre dlhodob\u00e9 pou\u017e\u00edvanie. S nov\u00fdm \u0161t\u00edtkom o stave a ro\u010dnou z\u00e1rukou tento hydraulick\u00fd valec nesie z\u00e1ruku spo\u013eahlivosti a vynikaj\u00faceho servisu. Je to \u0161tandardn\u00fd produkt, prisp\u00f4soben\u00fd tak, aby bez probl\u00e9mov pasoval do v\u00e1\u0161ho skl\u00e1pa\u010da a poskytoval vynikaj\u00faci v\u00fdkon.<\/p>\n<h2>Vlastnosti hydraulick\u00e9ho valca s dlh\u00fdm zdvihom z nehrdzavej\u00facej ocele<\/h2>\n<ul>\n<li><strong>Vynikaj\u00faca kvalita:<\/strong> Hydraulick\u00fd valec je vyroben\u00fd z vysoko kvalitnej nehrdzavej\u00facej ocele a zaru\u010duje tak odolnos\u0165 a robustn\u00fd v\u00fdkon.<\/li>\n<li><strong>Dizajn s dlh\u00fdm zdvihom:<\/strong> Pred\u013a\u017een\u00e1 d\u013a\u017eka zdvihu zais\u0165uje maxim\u00e1lny v\u00fdkon, \u010d\u00edm sa zvy\u0161uje prev\u00e1dzkov\u00e1 \u00fa\u010dinnos\u0165 v\u00e1\u0161ho skl\u00e1pa\u010da.<\/li>\n<li><strong>Jednoro\u010dn\u00e1 z\u00e1ruka:<\/strong> Na z\u00e1kladn\u00e9 komponenty vr\u00e1tane lo\u017eiska a piestov\u00e9ho valca pon\u00fakame jednoro\u010dn\u00fa z\u00e1ruku, v\u010faka \u010domu si m\u00f4\u017eete by\u0165 ist\u00ed.<\/li>\n<li><strong>Certifik\u00e1cia ISO:<\/strong> Tento produkt je certifikovan\u00fd pod\u013ea normy ISO9001:2000, \u010do zaru\u010duje, \u017ee sp\u013a\u0148a medzin\u00e1rodn\u00e9 \u0161tandardy kvality.<\/li>\n<li><strong>V\u00fdkonn\u00fd v\u00fdkon:<\/strong> S maxim\u00e1lnym \u0165ahom 3000 a maxim\u00e1lnym \u0165ahom 20 ton poskytuje tento hydraulick\u00fd valec siln\u00fd v\u00fdkon.<\/li>\n<\/ul>\n<h2>Aplik\u00e1cie hydraulick\u00e9ho valca s dlh\u00fdm zdvihom z nehrdzavej\u00facej ocele<\/h2>\n<ul>\n<li><strong>Skl\u00e1pa\u010de:<\/strong> Tento hydraulick\u00fd valec je \u0161peci\u00e1lne navrhnut\u00fd pre skl\u00e1pa\u010de, \u010d\u00edm sa zvy\u0161uje ich \u00fa\u010dinnos\u0165 nakladania a vykladania.<\/li>\n<li><strong>V\u00fdrobn\u00e9 z\u00e1vody:<\/strong> M\u00f4\u017ee by\u0165 pou\u017eit\u00fd v r\u00f4znych v\u00fdrobn\u00fdch z\u00e1vodoch pre prev\u00e1dzku \u0165a\u017ek\u00fdch strojov.<\/li>\n<li><strong>Opravovne strojov:<\/strong> Tento produkt sa pou\u017e\u00edva aj v opravovniach strojov na v\u00fdmenu star\u00fdch alebo opotrebovan\u00fdch hydraulick\u00fdch valcov.<\/li>\n<li><strong>\u0164a\u017eobn\u00fd priemysel:<\/strong> Nach\u00e1dza uplatnenie v \u0165a\u017eobnom priemysle, pre r\u00f4zne \u0165a\u017ek\u00e9 stroj\u00e1rske oper\u00e1cie.<\/li>\n<li><strong>Po\u013enohospod\u00e1rske stroje:<\/strong> Hydraulick\u00fd valec sa d\u00e1 pou\u017ei\u0165 aj v po\u013enohospod\u00e1rskych strojoch na r\u00f4zne \u00falohy.<\/li>\n<\/ul>\n<p><img decoding=\"async\" src=\"https:\/\/hzpt.com\/wp-content\/uploads\/2023\/11\/Inverted-Telescopic-Cylinder-Applications.webp\" alt=\"Aplik\u00e1cie inverzn\u00e9ho teleskopick\u00e9ho valca\" title=\"\"><\/p>\n<h2>Princ\u00edp \u010dinnosti a \u00fadr\u017eba hydraulick\u00e9ho valca<\/h2>\n<p>Hydraulick\u00fd valec pracuje na princ\u00edpe vstupnej a v\u00fdstupnej sily hydraulickej kvapaliny. Sklad\u00e1 sa z piestu a valca, do ktor\u00e9ho je priv\u00e1dzan\u00e1 hydraulick\u00e1 kvapalina. Ke\u010f je kvapalina pod tlakom, vytv\u00e1ra v\u00fdstupn\u00fa silu, ktor\u00e1 pohybuje piestom. Tento pohyb piestu sa potom vyu\u017e\u00edva na vykon\u00e1vanie mechanickej pr\u00e1ce.<\/p>\n<p>\u00dadr\u017eba hydraulick\u00e9ho valca zah\u0155\u0148a:<\/p>\n<ul>\n<li style=\"list-style-type: none;\">\n<ul>\n<li><strong>Pravideln\u00e1 kontrola:<\/strong> Pravidelne kontrolujte valec, \u010di nejav\u00ed zn\u00e1mky opotrebovania a uistite sa, \u017ee je v dobrom prev\u00e1dzkovom stave.<\/li>\n<li><strong>\u010cistenie:<\/strong> Udr\u017eujte valec \u010dist\u00fd, aby ste zabr\u00e1nili vniknutiu ne\u010dist\u00f4t alebo piesku do valca a ich po\u0161kodeniu.<\/li>\n<li><strong>Mazanie:<\/strong> Pravidelne nama\u017ete pohybliv\u00e9 \u010dasti valca, aby ste zabezpe\u010dili ich plynul\u00fd chod.<\/li>\n<li><strong>V\u00fdmena tesnenia:<\/strong> Tesnenia valca by sa mali pravidelne vymie\u0148a\u0165, aby sa zabr\u00e1nilo \u00faniku hydraulickej kvapaliny.<\/li>\n<li><strong>Nasleduj\u00faci n\u00e1vod na obsluhu:<\/strong> Pre spr\u00e1vnu obsluhu a \u00fadr\u017ebu hydraulick\u00e9ho valca v\u017edy dodr\u017eiavajte n\u00e1vod na obsluhu.<img decoding=\"async\" src=\"https:\/\/hzpt.com\/wp-content\/uploads\/2023\/11\/Inverted-Telescopic-Cylinder-21.webp\" alt=\"\" title=\"\"><\/li>\n<\/ul>\n<\/li>\n<\/ul>\n<h2>Invertovan\u00fd teleskopick\u00fd valec<\/h2>\n<p>Hydraulick\u00fd valec s dlh\u00fdm zdvihom z nehrdzavej\u00facej ocele pr\u00e9miovej kvality pre skl\u00e1pa\u010de. Invertovan\u00fd teleskopick\u00fd valec je jedine\u010dn\u00fd typ hydraulick\u00e9ho valca, ktor\u00e9ho piestna ty\u010d je pripevnen\u00e1 k stacion\u00e1rnej z\u00e1kladni, zatia\u013e \u010do samotn\u00fd valec sa pohybuje pozd\u013a\u017e ty\u010de. T\u00e1to kon\u0161trukcia umo\u017e\u0148uje dlh\u0161\u00ed zdvih a men\u0161iu d\u013a\u017eku v zasunutom stave, v\u010faka \u010domu je ide\u00e1lny pre skl\u00e1pa\u010de a in\u00e9 \u0165a\u017ek\u00e9 aplik\u00e1cie.<\/p>\n<h3>Vlastnosti inverzn\u00e9ho teleskopick\u00e9ho valca<\/h3>\n<ul>\n<li><strong>Vysokotlakov\u00e9 tesnenia:<\/strong> Inverzn\u00fd teleskopick\u00fd valec je vybaven\u00fd vysokokvalitn\u00fdmi tesneniami, ktor\u00e9 s\u00fa schopn\u00e9 odol\u00e1va\u0165 vysok\u00e9mu tlaku. To zais\u0165uje plynul\u00fd chod valca bez \u00fanikov.<\/li>\n<li><strong>D\u013a\u017eka dlh\u00e9ho zdvihu:<\/strong> Kon\u0161trukcia obr\u00e1ten\u00e9ho teleskopick\u00e9ho valca umo\u017e\u0148uje dlh\u0161\u00ed zdvih ako tradi\u010dn\u00e9 hydraulick\u00e9 valce, v\u010faka \u010domu je ide\u00e1lny pre skl\u00e1pa\u010de a in\u00e9 \u0165a\u017ek\u00e9 aplik\u00e1cie.<\/li>\n<li><strong>Mal\u00e1 zasunut\u00e1 d\u013a\u017eka:<\/strong> Men\u0161ia zasunut\u00e1 d\u013a\u017eka obr\u00e1ten\u00e9ho teleskopick\u00e9ho valca umo\u017e\u0148uje viac miesta v podvozku skl\u00e1pa\u010da, \u010do u\u013eah\u010duje jeho in\u0161tal\u00e1ciu a prev\u00e1dzku.<\/li>\n<li><strong>Plynul\u00e1 prev\u00e1dzka:<\/strong> Invertovan\u00fd teleskopick\u00fd valec pracuje hladko a presne, \u010do umo\u017e\u0148uje presn\u00e9 a efekt\u00edvne zdv\u00edhanie a vykladanie \u0165a\u017ek\u00fdch bremien.<\/li>\n<li><strong>Jednoduch\u00e1 \u00fadr\u017eba:<\/strong> Kon\u0161trukcia obr\u00e1ten\u00e9ho teleskopick\u00e9ho valca u\u013eah\u010duje \u00fadr\u017ebu a opravy, \u010d\u00edm sa skracuj\u00fa prestoje a zvy\u0161uje produktivita.<\/li>\n<\/ul>\n<h3>Komponenty inverzn\u00e9ho teleskopick\u00e9ho valca<\/h3>\n<p>Inverzn\u00fd teleskopick\u00fd valec sa sklad\u00e1 z nieko\u013ek\u00fdch komponentov, ktor\u00e9 spolupracuj\u00fa na zabezpe\u010den\u00ed hladk\u00e9ho a efekt\u00edvneho chodu. Medzi tieto komponenty patria:<\/p>\n<ul>\n<li><strong>Piest:<\/strong> Piest je s\u00fa\u010das\u0165 valca, ktor\u00e1 sa pohybuje pozd\u013a\u017e ty\u010de a vytv\u00e1ra silu potrebn\u00fa na zdv\u00edhanie a vykladanie \u0165a\u017ek\u00fdch bremien.<\/li>\n<li><strong>Valec:<\/strong> Valec je vonkaj\u0161\u00ed pl\u00e1\u0161\u0165 valca, ktor\u00fd sa pohybuje pozd\u013a\u017e piestnej ty\u010de.<\/li>\n<li><strong>Tesnenia:<\/strong> Tesnenia s\u00fa komponenty, ktor\u00e9 zabra\u0148uj\u00fa \u00faniku a umo\u017e\u0148uj\u00fa plynul\u00fd chod valca.<\/li>\n<li><strong>Z\u00e1klad\u0148a:<\/strong> Z\u00e1klad\u0148a je stacion\u00e1rna s\u00fa\u010das\u0165 valca, ku ktorej je pripevnen\u00e1 piestna ty\u010d.<\/li>\n<li><strong>Ty\u010d:<\/strong> Ty\u010d je komponent, ktor\u00fd sp\u00e1ja piest so z\u00e1klad\u0148ou a umo\u017e\u0148uje prenos sily.<\/li>\n<\/ul>\n<h3>Aplik\u00e1cie invertovan\u00e9ho teleskopick\u00e9ho valca<\/h3>\n<p>Invertovan\u00fd teleskopick\u00fd valec je v\u0161estrann\u00fd hydraulick\u00fd valec, ktor\u00fd nach\u00e1dza uplatnenie v r\u00f4znych aplik\u00e1ci\u00e1ch zdv\u00edhania a skl\u00e1dkovania \u0165a\u017ek\u00fdch bremien. Medzi be\u017en\u00e9 aplik\u00e1cie invertovan\u00e9ho teleskopick\u00e9ho valca patria:<\/p>\n<ul>\n<li><strong>Skl\u00e1pa\u010de:<\/strong> Invertovan\u00fd teleskopick\u00fd valec je ide\u00e1lny pre skl\u00e1pa\u010de v\u010faka dlh\u00e9mu zdvihu a malej d\u013a\u017eke v zasunutom stave.<\/li>\n<li><strong>\u0164a\u017ek\u00e9 stroje:<\/strong> Invertovan\u00fd teleskopick\u00fd valec sa d\u00e1 pou\u017ei\u0165 aj v \u0165a\u017ek\u00fdch strojoch, ako s\u00fa \u017eeriavy a bagre.<\/li>\n<li><strong>Po\u013enohospod\u00e1rstvo:<\/strong> Invertovan\u00fd teleskopick\u00fd valec sa m\u00f4\u017ee pou\u017e\u00edva\u0165 v po\u013enohospod\u00e1rskych aplik\u00e1ci\u00e1ch, ako je zdv\u00edhanie a vykl\u00e1dkovanie plod\u00edn a in\u00fdch materi\u00e1lov.<\/li>\n<li><strong>\u0164a\u017eba:<\/strong> Invertovan\u00fd teleskopick\u00fd valec nach\u00e1dza uplatnenie v bansk\u00fdch prev\u00e1dzkach na zdv\u00edhanie a vykladanie \u0165a\u017ek\u00fdch bremien.<\/li>\n<\/ul>\n<p>Z\u00e1verom mo\u017eno poveda\u0165, \u017ee inverzn\u00fd teleskopick\u00fd valec je jedine\u010dn\u00fd typ hydraulick\u00e9ho valca, ktor\u00fd pon\u00faka oproti tradi\u010dn\u00fdm valcom nieko\u013eko v\u00fdhod. V\u010faka vysokotlakov\u00fdm tesneniam, dlh\u00e9mu zdvihu, malej d\u013a\u017eke v zasunutom stave, hladk\u00e9mu chodu a jednoduchej \u00fadr\u017ebe je ide\u00e1lnou vo\u013ebou pre zdv\u00edhanie a skl\u00e1panie \u0165a\u017ek\u00fdch bremien. Jeho v\u0161estrannos\u0165 ho rob\u00ed vhodn\u00fdm pre \u0161irok\u00fa \u0161k\u00e1lu odvetv\u00ed, od skl\u00e1pa\u010dov a \u0165a\u017ek\u00fdch strojov a\u017e po po\u013enohospod\u00e1rstvo a ban\u00edctvo.<\/p>\n<h3>O FMP \u2013 hydraulickom valci<\/h3>\n<p>Ak h\u013ead\u00e1te spo\u013eahliv\u00e9 a kvalitn\u00e9 hydraulick\u00e9 valce, ste na spr\u00e1vnom mieste. FMP je renomovan\u00e1 spolo\u010dnos\u0165, ktor\u00e1 sa \u0161pecializuje na predaj a servis dielov a kompletn\u00fdch strojov pre stavebn\u00e9 stroje. V\u010faka dlhoro\u010dn\u00fdm sk\u00fasenostiam v tomto odvetv\u00ed a profesion\u00e1lnemu t\u00edmu poskytujeme na\u0161im z\u00e1kazn\u00edkom \u0161pi\u010dkov\u00e9 hydraulick\u00e9 valce, ktor\u00e9 s\u00fa navrhnut\u00e9 tak, aby sp\u013a\u0148ali ich \u0161pecifick\u00e9 potreby.<\/p>\n<p>Tu je p\u00e4\u0165 d\u00f4vodov, pre\u010do by ste si mali pre svoje potreby v oblasti hydraulick\u00fdch valcov vybra\u0165 FMP:<\/p>\n<p>1. \u0160irok\u00fd sortiment produktov: V spolo\u010dnosti FMP pon\u00fakame \u0161irok\u00fd sortiment hydraulick\u00fdch valcov vr\u00e1tane nastavite\u013en\u00fdch valcov s vidlicov\u00fdm uchyten\u00edm, zv\u00e1ran\u00fdch valcov s vidlicov\u00fdm uchyten\u00edm a mnoh\u00fdch \u010fal\u0161\u00edch. Na\u0161e produkty s\u00fa vhodn\u00e9 pre r\u00f4zne typy stavebn\u00fdch strojov vr\u00e1tane po\u013enohospod\u00e1rskych strojov, priemyseln\u00fdch strojov a \u010fal\u0161\u00edch.<\/p>\n<p>2. Materi\u00e1ly najvy\u0161\u0161ej kvality: V na\u0161ich produktoch pou\u017e\u00edvame iba materi\u00e1ly najvy\u0161\u0161ej kvality, \u010d\u00edm zabezpe\u010dujeme, \u017ee sp\u013a\u0148aj\u00fa pr\u00edsne normy kvality. Na\u0161e hydraulick\u00e9 valce s\u00fa vyroben\u00e9 z vysoko kvalitnej ocele, ktor\u00e1 zais\u0165uje odolnos\u0165 a dlhotrvaj\u00faci v\u00fdkon.<\/p>\n<p>3. Odborn\u00e9 poradenstvo: N\u00e1\u0161 sk\u00fasen\u00fd obchodn\u00fd t\u00edm je v\u017edy pripraven\u00fd poskytn\u00fa\u0165 odborn\u00e9 poradenstvo a poradenstvo. Rozumieme v\u00fdvojov\u00fdm trendom a potreb\u00e1m z\u00e1kazn\u00edkov v odvetv\u00ed stavebn\u00fdch strojov a vieme v\u00e1m pom\u00f4c\u0165 s v\u00fdberom spr\u00e1vneho hydraulick\u00e9ho valca pre va\u0161e potreby.<\/p>\n<p>4. Efekt\u00edvny logistick\u00fd distribu\u010dn\u00fd syst\u00e9m: M\u00e1me efekt\u00edvny logistick\u00fd distribu\u010dn\u00fd syst\u00e9m, ktor\u00fd zabezpe\u010duje, \u017ee na\u0161i z\u00e1kazn\u00edci dostan\u00fa po\u017eadovan\u00e9 diely v\u010das a presne. To znamen\u00e1, \u017ee sa na n\u00e1s m\u00f4\u017eete spo\u013eahn\u00fa\u0165, \u017ee v\u00e1m doru\u010d\u00edme hydraulick\u00fd valec, ke\u010f ho budete potrebova\u0165.<\/p>\n<p>5. Konkuren\u010dn\u00e9 ceny: V spolo\u010dnosti FMP pon\u00fakame na\u0161e produkty za konkurencieschopn\u00e9 ceny bez kompromisov v kvalite. Ver\u00edme, \u017ee ka\u017ed\u00fd by mal ma\u0165 pr\u00edstup k vysokokvalitn\u00fdm hydraulick\u00fdm valcom za prijate\u013en\u00fa cenu.<\/p>\n<p>Ak teda h\u013ead\u00e1te spo\u013eahliv\u00e9ho a profesion\u00e1lneho dod\u00e1vate\u013ea hydraulick\u00fdch valcov, FMP je to prav\u00e9 miesto. Kontaktujte n\u00e1s e\u0161te dnes a dozviete sa viac o na\u0161ich produktoch a slu\u017eb\u00e1ch.<\/p>\n<p><img decoding=\"async\" src=\"https:\/\/fmp-components.com\/wp-content\/uploads\/2024\/12\/Adjustable-Clevis-Type-Cylinders-6.webp\" alt=\"Nastavite\u013en\u00fd valec typu Clevis\" width=\"848\" title=\"\"><br \/>\nAutor: CX<\/p>","protected":false},"excerpt":{"rendered":"<p>Introducing the Premium Quality Stainless Steel Long Stroke Hydraulic Cylinder for Dump Truck: This hydraulic cylinder is specifically designed for dump trucks, providing exceptional performance and durability. It is made from high-grade stainless steel, ensuring its resistance to corrosion and wear, even in harsh working conditions. The long stroke design of this cylinder allows for [&hellip;]<\/p>","protected":false},"featured_media":1694,"comment_status":"closed","ping_status":"closed","template":"","meta":{"_et_pb_use_builder":"","_et_pb_old_content":"","_et_gb_content_width":""},"product_brand":[],"product_cat":[45],"product_tag":[34,48],"class_list":{"0":"post-1693","1":"product","2":"type-product","3":"status-publish","4":"has-post-thumbnail","6":"product_cat-inverted-telescopic-cylinder","7":"product_tag-hydraulic-cylinder","8":"product_tag-inverted-telescopic-cylinder","10":"first","11":"instock","12":"product-type-simple"},"_links":{"self":[{"href":"https:\/\/fmp-components.com\/sk\/wp-json\/wp\/v2\/product\/1693","targetHints":{"allow":["GET"]}}],"collection":[{"href":"https:\/\/fmp-components.com\/sk\/wp-json\/wp\/v2\/product"}],"about":[{"href":"https:\/\/fmp-components.com\/sk\/wp-json\/wp\/v2\/types\/product"}],"replies":[{"embeddable":true,"href":"https:\/\/fmp-components.com\/sk\/wp-json\/wp\/v2\/comments?post=1693"}],"wp:featuredmedia":[{"embeddable":true,"href":"https:\/\/fmp-components.com\/sk\/wp-json\/wp\/v2\/media\/1694"}],"wp:attachment":[{"href":"https:\/\/fmp-components.com\/sk\/wp-json\/wp\/v2\/media?parent=1693"}],"wp:term":[{"taxonomy":"product_brand","embeddable":true,"href":"https:\/\/fmp-components.com\/sk\/wp-json\/wp\/v2\/product_brand?post=1693"},{"taxonomy":"product_cat","embeddable":true,"href":"https:\/\/fmp-components.com\/sk\/wp-json\/wp\/v2\/product_cat?post=1693"},{"taxonomy":"product_tag","embeddable":true,"href":"https:\/\/fmp-components.com\/sk\/wp-json\/wp\/v2\/product_tag?post=1693"}],"curies":[{"name":"pracovn\u00fd list","href":"https:\/\/api.w.org\/{rel}","templated":true}]}}