{"id":1691,"date":"2024-12-23T07:01:59","date_gmt":"2024-12-23T07:01:59","guid":{"rendered":"https:\/\/fmp-components.com\/product\/chinese-factory-dump-truck-4-stage-long-stroke-hydraulic-cylinder\/"},"modified":"2025-03-18T02:15:29","modified_gmt":"2025-03-18T02:15:29","slug":"italy-factory-dump-truck-4-stage-long-stroke-hydraulic-cylinder","status":"publish","type":"product","link":"https:\/\/fmp-components.com\/sk\/product\/italy-factory-dump-truck-4-stage-long-stroke-hydraulic-cylinder\/","title":{"rendered":"Taliansky tov\u00e1rensk\u00fd skl\u00e1pa\u010d 4-stup\u0148ov\u00fd hydraulick\u00fd valec s dlh\u00fdm zdvihom"},"content":{"rendered":"<h2>Predstavujeme 4-stup\u0148ov\u00fd hydraulick\u00fd valec s dlh\u00fdm zdvihom pre talianske tov\u00e1rensk\u00e9 skl\u00e1pa\u010de:<\/h2>\n<p>Taliansky tov\u00e1rensk\u00fd 4-stup\u0148ov\u00fd hydraulick\u00fd valec s dlh\u00fdm zdvihom pre skl\u00e1pa\u010de je vysoko v\u0161estrann\u00fd a odoln\u00fd hydraulick\u00fd valec navrhnut\u00fd \u0161peci\u00e1lne pre skl\u00e1pa\u010de. V\u010faka pokro\u010dilej technol\u00f3gii a presn\u00e9mu in\u017einierstvu pon\u00faka tento hydraulick\u00fd valec v\u00fdnimo\u010dn\u00fd v\u00fdkon a spo\u013eahlivos\u0165 pre r\u00f4zne aplik\u00e1cie.<\/p>\n<p>Tento hydraulick\u00fd valec so 4-stup\u0148ovou kon\u0161trukciou s dlh\u00fdm zdvihom poskytuje pred\u013a\u017een\u00fd dosah a nosnos\u0165, v\u010faka \u010domu je ide\u00e1lny pre \u0165a\u017ek\u00e9 skl\u00e1pa\u010de. Jeho robustn\u00e1 kon\u0161trukcia zais\u0165uje vynikaj\u00facu pevnos\u0165 a odolnos\u0165 vo\u010di opotrebovaniu, \u010do umo\u017e\u0148uje efekt\u00edvnu a bezpe\u010dn\u00fa prev\u00e1dzku aj v n\u00e1ro\u010dn\u00fdch pracovn\u00fdch podmienkach.<\/p>\n<p>Tento valec je vybaven\u00fd najmodernej\u0161\u00edmi hydraulick\u00fdmi komponentmi a zais\u0165uje plynul\u00e9 a presn\u00e9 pohyby, \u010d\u00edm zais\u0165uje presn\u00fa kontrolu nad procesom vykl\u00e1pania. Jeho vysokotlakov\u00e9 schopnosti umo\u017e\u0148uj\u00fa r\u00fdchle a efekt\u00edvne zdv\u00edhanie a vykl\u00e1panie materi\u00e1lov, \u010d\u00edm zvy\u0161uj\u00fa produktivitu a skracuj\u00fa prestoje.<\/p>\n<p>Taliansky tov\u00e1rensk\u00fd 4-stup\u0148ov\u00fd hydraulick\u00fd valec s dlh\u00fdm zdvihom pre skl\u00e1pa\u010de je vyroben\u00fd z vysoko kvalitn\u00fdch materi\u00e1lov a s pou\u017eit\u00edm pr\u00edsnych opatren\u00ed kontroly kvality, \u010do zaru\u010duje vynikaj\u00faci v\u00fdkon a dlh\u00fa \u017eivotnos\u0165. Prech\u00e1dza pr\u00edsnym testovan\u00edm, aby sa zabezpe\u010dilo, \u017ee sp\u013a\u0148a a prekra\u010duje priemyseln\u00e9 \u0161tandardy, v\u010faka \u010domu je spo\u013eahlivou vo\u013ebou pre prev\u00e1dzkovate\u013eov skl\u00e1pa\u010dov.<\/p>\n<p>Z\u00e1verom mo\u017eno poveda\u0165, \u017ee taliansky 4-stup\u0148ov\u00fd hydraulick\u00fd valec s dlh\u00fdm zdvihom pre skl\u00e1pa\u010de je \u0161pi\u010dkov\u00fd hydraulick\u00fd valec, ktor\u00fd kombinuje odolnos\u0165, \u00fa\u010dinnos\u0165 a presnos\u0165. V\u010faka svojmu v\u00fdnimo\u010dn\u00e9mu v\u00fdkonu a spo\u013eahlivosti je nevyhnutnou s\u00fa\u010das\u0165ou skl\u00e1pa\u010dov, ktor\u00e1 umo\u017e\u0148uje plynul\u00e9 a efekt\u00edvne skl\u00e1pacie oper\u00e1cie v r\u00f4znych odvetviach.<\/p>\n<h2>Predstavujeme \u0161tvorstup\u0148ov\u00fd hydraulick\u00fd valec s dlh\u00fdm zdvihom pre skl\u00e1pa\u010de<\/h2>\n<p>Talianska tov\u00e1re\u0148 ned\u00e1vno uviedla na trh \u00faplne nov\u00fd hydraulick\u00fd valec vhodn\u00fd pre r\u00f4zne odvetvia vr\u00e1tane v\u00fdrobn\u00fdch z\u00e1vodov, opravovn\u00ed strojov, fariem, energetiky a ban\u00edctva, v\u00fdroby strojov a stroj\u00e1rskych z\u00e1vodov. Tento hydraulick\u00fd valec sa dod\u00e1va s ro\u010dnou z\u00e1rukou a protokolom o sk\u00fa\u0161ke strojov, \u010do zaru\u010duje jeho kvalitu. Hlavn\u00e9 komponenty vr\u00e1tane lo\u017eiska a piestov\u00e9ho valca s\u00fa \u0161tandardn\u00e9 a vyroben\u00e9 z ocele, v\u010faka \u010domu s\u00fa robustn\u00e9 a odoln\u00e9. Hydraulick\u00fd valec v\u00e1\u017ei 43 kg a m\u00e1 v\u00fdstupn\u00fa videoin\u0161pekciu.<\/p>\n<h2>Vlastnosti 4-stup\u0148ov\u00e9ho hydraulick\u00e9ho valca s dlh\u00fdm zdvihom<\/h2>\n<p>Tento hydraulick\u00fd valec m\u00e1 nieko\u013eko vynikaj\u00facich vlastnost\u00ed, medzi ktor\u00e9 patria:<\/p>\n<ol>\n<li>Materi\u00e1l tela je oce\u013e, \u010do zaru\u010duje robustnos\u0165 a odolnos\u0165.<\/li>\n<li>Ide o \u0161tandardn\u00fd piestov\u00fd valec s hydraulick\u00fdm pohonom, ktor\u00fd pon\u00faka spo\u013eahliv\u00fa funk\u010dnos\u0165.<\/li>\n<li>Maxim\u00e1lny \u0165ah hydraulick\u00e9ho valca je 3000 a dok\u00e1\u017ee \u0165aha\u0165 a\u017e 20 ton.<\/li>\n<li>Valec m\u00e1 obr\u00e1ten\u00e9 teleskopick\u00e9 valce, \u010do prispieva k jeho kompaktn\u00e9mu dizajnu a vysokej \u00fa\u010dinnosti.<\/li>\n<li>Valec je dod\u00e1van\u00fd v \u010diernej farbe a m\u00e1 certifik\u00e1t ISO9001:2000, \u010do potvrdzuje jeho kvalitu.<\/li>\n<\/ol>\n<p><img decoding=\"async\" src=\"https:\/\/hzpt.com\/wp-content\/uploads\/2023\/11\/Inverted-Telescopic-Cylinder-5.webp\" alt=\"\" title=\"\"><\/p>\n<h2>Aplik\u00e1cie 4-stup\u0148ov\u00e9ho hydraulick\u00e9ho valca s dlh\u00fdm zdvihom<\/h2>\n<p>Tento hydraulick\u00fd valec nach\u00e1dza uplatnenie v r\u00f4znych aplik\u00e1ci\u00e1ch, vr\u00e1tane:<\/p>\n<ol>\n<li>V\u00fdrobn\u00e9 z\u00e1vody: Pou\u017e\u00edvaj\u00fa sa v r\u00f4znych strojoch a zariadeniach.<\/li>\n<li>Opravovne strojov: Nevyhnutn\u00e9 pre \u00fadr\u017ebu a opravy strojov.<\/li>\n<li>Farmy: Pou\u017e\u00edva sa v \u0165a\u017ek\u00fdch po\u013enohospod\u00e1rskych strojoch a zariadeniach.<\/li>\n<li>Energia a ban\u00edctvo: Pou\u017e\u00edva sa v \u0165a\u017ek\u00fdch bansk\u00fdch zariadeniach a strojoch na v\u00fdrobu energie.<\/li>\n<li>Stroj\u00e1rske z\u00e1vody: S\u00fa neoddelite\u013enou s\u00fa\u010das\u0165ou v\u00fdroby a prev\u00e1dzky strojov.<\/li>\n<\/ol>\n<p><img decoding=\"async\" src=\"https:\/\/hzpt.com\/wp-content\/uploads\/2023\/11\/Inverted-Telescopic-Cylinder-Applications.webp\" alt=\"Aplik\u00e1cie inverzn\u00e9ho teleskopick\u00e9ho valca\" title=\"\"><\/p>\n<h2>Princ\u00edp \u010dinnosti a \u00fadr\u017eba 4-stup\u0148ov\u00e9ho hydraulick\u00e9ho valca s dlh\u00fdm zdvihom<\/h2>\n<p>Tento hydraulick\u00fd valec funguje na princ\u00edpoch hydraulickej sily, pozost\u00e1va z piestu a valca naplnen\u00e9ho hydraulickou kvapalinou, ktor\u00e9 vytv\u00e1raj\u00fa v\u00fdstupn\u00fa silu, ke\u010f je kvapalina \u010derpan\u00e1 do valca. Pravideln\u00e1 \u00fadr\u017eba zah\u0155\u0148a kontrolu, \u010distenie, mazanie, pravideln\u00e9 kontroly a opravy, v\u00fdmenu tesnen\u00ed a dodr\u017eiavanie n\u00e1vodu na obsluhu.<br \/>\n<img decoding=\"async\" src=\"https:\/\/hzpt.com\/wp-content\/uploads\/2023\/11\/Inverted-Telescopic-Cylinder-17.webp\" alt=\"\" title=\"\"><\/p>\n<h2>Invertovan\u00fd teleskopick\u00fd valec<\/h2>\n<h3>\u00davod<\/h3>\n<p>Inverzn\u00fd teleskopick\u00fd valec, tie\u017e zn\u00e1my ako \u201ejedno\u010dinn\u00fd teleskopick\u00fd valec\u201c alebo \u201esp\u00e4tne p\u00f4sobiaci teleskopick\u00fd valec\u201c, sa be\u017ene pou\u017e\u00edva v skl\u00e1pa\u010doch. Je to hydraulick\u00fd aktu\u00e1tor, ktor\u00fd zabezpe\u010duje line\u00e1rny pohyb a silu pomocou hydraulickej kvapaliny. Valec sa vyzna\u010duje jedine\u010dnou kon\u0161trukciou, ktor\u00e1 pozost\u00e1va zo s\u00e9rie vnoren\u00fdch r\u00farok, ktor\u00e9 sa navz\u00e1jom vy\u010dnievaj\u00fa, aby sa zabezpe\u010dila maxim\u00e1lna d\u013a\u017eka zdvihu.<\/p>\n<h3>N\u00e1vrh a v\u00fdstavba<\/h3>\n<p>Inverzn\u00fd teleskopick\u00fd valec je navrhnut\u00fd tak, aby odolal \u0165a\u017ek\u00fdm za\u0165a\u017eeniam a n\u00e1ro\u010dn\u00fdm prev\u00e1dzkov\u00fdm podmienkam. Zvy\u010dajne pozost\u00e1va zo z\u00e1kladnej r\u00fary, ktor\u00e1 je namontovan\u00e1 na podvozku n\u00e1kladn\u00e9ho vozidla, a nieko\u013ek\u00fdch \u010fal\u0161\u00edch r\u00farok, ktor\u00e9 s\u00fa vlo\u017een\u00e9 do z\u00e1kladnej r\u00fary. R\u00farky s\u00fa navrhnut\u00e9 s r\u00f4znymi priemermi, aby sa mohli navz\u00e1jom teleskopicky zas\u00fava\u0165, \u010d\u00edm sa zabezpe\u010d\u00ed maxim\u00e1lna mo\u017en\u00e1 d\u013a\u017eka zdvihu.<\/p>\n<p>Valec je ovl\u00e1dan\u00fd hydraulickou kvapalinou, ktor\u00e1 je \u010derp\u00e1na do z\u00e1kladnej r\u00farky cez hydraulick\u00e9 potrubie. Tlak kvapaliny sp\u00f4sobuje, \u017ee sa r\u00farky vys\u00favaj\u00fa z seba, \u010d\u00edm sa zabezpe\u010duje line\u00e1rny pohyb a sila potrebn\u00e1 na zdv\u00edhanie a vykladanie \u0165a\u017ek\u00fdch bremien. Valec je zvy\u010dajne utesnen\u00fd O-kr\u00fa\u017ekami alebo tesneniami na per\u00e1ch, aby sa zabr\u00e1nilo ak\u00fdmko\u013evek \u00fanikom.<\/p>\n<h3>V\u00fdhody<\/h3>\n<p>Inverzn\u00fd teleskopick\u00fd valec m\u00e1 oproti in\u00fdm typom hydraulick\u00fdch valcov nieko\u013eko v\u00fdhod. Po prv\u00e9, poskytuje dlh\u0161\u00ed zdvih ako in\u00e9 valce podobnej ve\u013ekosti. V\u010faka tomu je ide\u00e1lny pre aplik\u00e1cie, kde je vy\u017eadovan\u00e1 maxim\u00e1lna v\u00fd\u0161ka zdvihu. Po druh\u00e9, valec je navrhnut\u00fd tak, aby odolal \u0165a\u017ek\u00fdm za\u0165a\u017eeniam a n\u00e1ro\u010dn\u00fdm prev\u00e1dzkov\u00fdm podmienkam, v\u010faka \u010domu je odoln\u00fd a spo\u013eahliv\u00fd. Po tretie, jedine\u010dn\u00fd dizajn vnoren\u00fdch r\u00farok valca mu umo\u017e\u0148uje by\u0165 kompaktnej\u0161\u00ed ako in\u00e9 typy valcov, \u010do je d\u00f4le\u017eit\u00e9 v aplik\u00e1ci\u00e1ch s obmedzen\u00fdm priestorom.<\/p>\n<h3>Aplik\u00e1cie<\/h3>\n<p>Inverzn\u00fd teleskopick\u00fd valec sa be\u017ene pou\u017e\u00edva v skl\u00e1pa\u010doch, kde sa pou\u017e\u00edva na zdv\u00edhanie a vykladanie \u0165a\u017ek\u00fdch bremien materi\u00e1lov. Pou\u017e\u00edva sa aj v in\u00fdch \u0165a\u017ek\u00fdch aplik\u00e1ci\u00e1ch, ako s\u00fa stavebn\u00e9 stroje, kde sa pou\u017e\u00edva na zabezpe\u010denie line\u00e1rneho pohybu a sily potrebnej na premiest\u0148ovanie \u0165a\u017ek\u00fdch bremien.<\/p>\n<p>Inverzn\u00fd teleskopick\u00fd valec je vysoko \u0161pecializovan\u00fd hydraulick\u00fd aktu\u00e1tor, ktor\u00fd poskytuje maxim\u00e1lnu d\u013a\u017eku zdvihu a zdv\u00edhaciu silu v skl\u00e1pa\u010doch a in\u00fdch \u0165a\u017ek\u00fdch aplik\u00e1ci\u00e1ch. Jeho jedine\u010dn\u00fd dizajn a kon\u0161trukcia ho robia odoln\u00fdm, spo\u013eahliv\u00fdm a efekt\u00edvnym. Ako talianska tov\u00e1re\u0148 \u0161pecializuj\u00faca sa na hydraulick\u00e9 valce dod\u00e1vame vysoko kvalitn\u00e9 4-stup\u0148ov\u00e9 hydraulick\u00e9 valce s dlh\u00fdm zdvihom pre r\u00f4zne \u0165a\u017ek\u00e9 aplik\u00e1cie vr\u00e1tane skl\u00e1pa\u010dov. Ak h\u013ead\u00e1te spo\u013eahliv\u00fd a efekt\u00edvny hydraulick\u00fd valec pre va\u0161e \u0165a\u017ek\u00e9 aplik\u00e1cie, kontaktujte n\u00e1s e\u0161te dnes.<\/p>\n<h3>O FMP<\/h3>\n<p>FMP je spolo\u010dnos\u0165, ktor\u00e1 sa \u0161pecializuje na v\u00fdrobu a predaj hydraulick\u00fdch valcov. Ako spo\u013eahliv\u00fd a sk\u00fasen\u00fd dod\u00e1vate\u013e dielov pre stavebn\u00e9 stroje a kompletn\u00fdch strojn\u00fdch rie\u0161en\u00ed sa venujeme poskytovaniu vysoko kvalitn\u00fdch produktov a vynikaj\u00facich slu\u017eieb na\u0161im z\u00e1kazn\u00edkom.<\/p>\n<p><img decoding=\"async\" src=\"https:\/\/fmp-components.com\/wp-content\/uploads\/2024\/12\/Adjustable-Clevis-Type-Cylinders-6.webp\" alt=\"Nastavite\u013en\u00fd valec typu Clevis\" width=\"847\" title=\"\"><\/p>\n<h4>1. \u0160irok\u00fd sortiment produktov<\/h4>\n<p>V spolo\u010dnosti FMP pon\u00fakame komplexn\u00fd sortiment hydraulick\u00fdch valcov vhodn\u00fdch pre r\u00f4zne aplik\u00e1cie v priemysle stavebn\u00fdch strojov. N\u00e1\u0161 produktov\u00fd rad zah\u0155\u0148a nastavite\u013en\u00e9 valce s vidlicov\u00fdm uchyten\u00edm, teleskopick\u00e9 valce, zv\u00e1ran\u00e9 valce a \u010fal\u0161ie. Nech s\u00fa va\u0161e \u0161pecifick\u00e9 potreby ak\u00e9ko\u013evek, m\u00e1me pre v\u00e1s ten spr\u00e1vny hydraulick\u00fd valec, ktor\u00fd ich spln\u00ed.<\/p>\n<h4>2. Vynikaj\u00faca kvalita<\/h4>\n<p>Ch\u00e1peme d\u00f4le\u017eitos\u0165 spo\u013eahliv\u00fdch a odoln\u00fdch dielov stavebn\u00fdch strojov. Preto s\u00fa v\u0161etky na\u0161e hydraulick\u00e9 valce vyroben\u00e9 z vysoko kvalitn\u00fdch materi\u00e1lov a prech\u00e1dzaj\u00fa pr\u00edsnymi procesmi kontroly kvality. To zaru\u010duje, \u017ee na\u0161e produkty odol\u00e1vaj\u00fa n\u00e1ro\u010dn\u00fdm podmienkam na stavenisk\u00e1ch a poskytuj\u00fa dlhotrvaj\u00faci v\u00fdkon.<\/p>\n<h4>3. Mo\u017enosti prisp\u00f4sobenia<\/h4>\n<p>Uvedomujeme si, \u017ee r\u00f4zne projekty m\u00f4\u017eu vy\u017eadova\u0165 jedine\u010dn\u00e9 \u0161pecifik\u00e1cie hydraulick\u00fdch valcov. Preto pon\u00fakame mo\u017enosti prisp\u00f4sobenia, aby sme na\u0161e produkty prisp\u00f4sobili va\u0161im \u0161pecifick\u00fdm po\u017eiadavk\u00e1m. N\u00e1\u0161 sk\u00fasen\u00fd t\u00edm bude s vami \u00fazko spolupracova\u0165 na n\u00e1vrhu a v\u00fdrobe hydraulick\u00fdch valcov, ktor\u00e9 dokonale sp\u013a\u0148aj\u00fa va\u0161e potreby.<\/p>\n<h4>4. Znal\u00fd obchodn\u00fd t\u00edm<\/h4>\n<p>N\u00e1\u0161 obchodn\u00fd t\u00edm sa sklad\u00e1 z profesion\u00e1lov, ktor\u00ed maj\u00fa rozsiahle znalosti v odvetv\u00ed stavebn\u00fdch strojov. Maj\u00fa hlbok\u00e9 znalosti o najnov\u0161\u00edch trendoch a potreb\u00e1ch z\u00e1kazn\u00edkov na trhu. Ke\u010f si vyberiete FMP, m\u00f4\u017eete o\u010dak\u00e1va\u0165 odborn\u00e9 konzult\u00e1cie o produktoch a inteligentn\u00e9 n\u00e1vrhy na k\u00fapu, ktor\u00e9 v\u00e1m pom\u00f4\u017eu robi\u0165 informovan\u00e9 rozhodnutia.<\/p>\n<h4>5. Efekt\u00edvna logistick\u00e1 distrib\u00facia<\/h4>\n<p>V\u010dasn\u00e9 dodanie je v odvetv\u00ed stavebn\u00fdch strojov k\u013e\u00fa\u010dov\u00e9 a my uprednost\u0148ujeme efekt\u00edvnu logistick\u00fa distrib\u00faciu. V\u010faka n\u00e1\u0161mu dobre zaveden\u00e9mu syst\u00e9mu zabezpe\u010dujeme, aby v\u00e1m po\u017eadovan\u00e9 hydraulick\u00e9 valce boli doru\u010den\u00e9 v\u010das a presne. To v\u00e1m umo\u017e\u0148uje minimalizova\u0165 prestoje a zabezpe\u010di\u0165 hladk\u00fd priebeh va\u0161ich projektov.<\/p>\n<p>Autor: CX<\/p>","protected":false},"excerpt":{"rendered":"<p>Introducing the Italian Factory Dump Truck 4 Stage Long Stroke Hydraulic Cylinder: The Italian Factory Dump Truck 4 Stage Long Stroke Hydraulic Cylinder is a highly versatile and durable hydraulic cylinder designed specifically for dump trucks. With its advanced technology and precision engineering, this hydraulic cylinder offers exceptional performance and reliability for various applications. Featuring [&hellip;]<\/p>","protected":false},"featured_media":1692,"comment_status":"closed","ping_status":"closed","template":"","meta":{"_et_pb_use_builder":"","_et_pb_old_content":"","_et_gb_content_width":""},"product_brand":[],"product_cat":[45],"product_tag":[34,48],"class_list":{"0":"post-1691","1":"product","2":"type-product","3":"status-publish","4":"has-post-thumbnail","6":"product_cat-inverted-telescopic-cylinder","7":"product_tag-hydraulic-cylinder","8":"product_tag-inverted-telescopic-cylinder","10":"first","11":"instock","12":"product-type-simple"},"_links":{"self":[{"href":"https:\/\/fmp-components.com\/sk\/wp-json\/wp\/v2\/product\/1691","targetHints":{"allow":["GET"]}}],"collection":[{"href":"https:\/\/fmp-components.com\/sk\/wp-json\/wp\/v2\/product"}],"about":[{"href":"https:\/\/fmp-components.com\/sk\/wp-json\/wp\/v2\/types\/product"}],"replies":[{"embeddable":true,"href":"https:\/\/fmp-components.com\/sk\/wp-json\/wp\/v2\/comments?post=1691"}],"wp:featuredmedia":[{"embeddable":true,"href":"https:\/\/fmp-components.com\/sk\/wp-json\/wp\/v2\/media\/1692"}],"wp:attachment":[{"href":"https:\/\/fmp-components.com\/sk\/wp-json\/wp\/v2\/media?parent=1691"}],"wp:term":[{"taxonomy":"product_brand","embeddable":true,"href":"https:\/\/fmp-components.com\/sk\/wp-json\/wp\/v2\/product_brand?post=1691"},{"taxonomy":"product_cat","embeddable":true,"href":"https:\/\/fmp-components.com\/sk\/wp-json\/wp\/v2\/product_cat?post=1691"},{"taxonomy":"product_tag","embeddable":true,"href":"https:\/\/fmp-components.com\/sk\/wp-json\/wp\/v2\/product_tag?post=1691"}],"curies":[{"name":"pracovn\u00fd list","href":"https:\/\/api.w.org\/{rel}","templated":true}]}}