{"id":1687,"date":"2024-12-23T07:01:59","date_gmt":"2024-12-23T07:01:59","guid":{"rendered":"https:\/\/fmp-components.com\/product\/high-quality-long-stroke-customized-hydraulic-cylinder-for-dump-truck\/"},"modified":"2025-03-18T01:49:37","modified_gmt":"2025-03-18T01:49:37","slug":"high-quality-long-stroke-customized-hydraulic-cylinder-for-dump-truck","status":"publish","type":"product","link":"https:\/\/fmp-components.com\/sk\/product\/high-quality-long-stroke-customized-hydraulic-cylinder-for-dump-truck\/","title":{"rendered":"Vysokokvalitn\u00fd hydraulick\u00fd valec s dlh\u00fdm zdvihom na mieru pre skl\u00e1pa\u010d"},"content":{"rendered":"<h2>Predstavujeme vysoko kvalitn\u00fd hydraulick\u00fd valec s dlh\u00fdm zdvihom na mieru pre skl\u00e1pa\u010d:<\/h2>\n<p>Vysokokvalitn\u00fd hydraulick\u00fd valec s dlh\u00fdm zdvihom na mieru je \u0161peci\u00e1lne navrhnut\u00fd tak, aby sp\u013a\u0148al potreby skl\u00e1pa\u010dov. Tento hydraulick\u00fd valec sa p\u00fd\u0161i vynikaj\u00facou kvalitou a v\u00fdnimo\u010dn\u00fdm v\u00fdkonom, v\u010faka \u010domu je ide\u00e1lnou vo\u013ebou pre r\u00f4zne \u0165a\u017ek\u00e9 aplik\u00e1cie.<\/p>\n<p>V\u010faka kon\u0161trukcii s dlh\u00fdm zdvihom pon\u00faka tento hydraulick\u00fd valec pred\u013a\u017een\u00fd dosah a zv\u00fd\u0161en\u00fa nosnos\u0165, \u010do zais\u0165uje efekt\u00edvnu a spo\u013eahliv\u00fa prev\u00e1dzku. Je navrhnut\u00fd tak, aby odolal vysok\u00e9mu tlaku a \u0165a\u017ek\u00fdm za\u0165a\u017eeniam, a poskytuje tak odolnos\u0165 a dlh\u00fa \u017eivotnos\u0165 v n\u00e1ro\u010dn\u00fdch pracovn\u00fdch podmienkach.<\/p>\n<p><img decoding=\"async\" src=\"https:\/\/hzpt.com\/wp-content\/uploads\/2023\/11\/Inverted-Telescopic-Cylinder-10.webp\" alt=\"\" title=\"\"><\/p>\n<p>Mo\u017enosti prisp\u00f4sobenia dostupn\u00e9 pre tento hydraulick\u00fd valec umo\u017e\u0148uj\u00fa rie\u0161enie na mieru, ktor\u00e9 vyhovuje \u0161pecifick\u00fdm po\u017eiadavk\u00e1m. Od ve\u013ekosti a d\u013a\u017eky zdvihu a\u017e po sp\u00f4sob mont\u00e1\u017ee a nosnos\u0165 je mo\u017en\u00e9 prisp\u00f4sobi\u0165 ka\u017ed\u00fd aspekt tak, aby sa zabezpe\u010dil optim\u00e1lny v\u00fdkon a kompatibilita so skl\u00e1pa\u010dom.<\/p>\n<p>Tento hydraulick\u00fd valec, vyroben\u00fd s presnos\u0165ou a odborn\u00fdmi znalos\u0165ami, zaru\u010duje plynul\u00fd a presn\u00fd pohyb, \u010d\u00edm prispieva k zv\u00fd\u0161enej produktivite a efektivite. Jeho pokro\u010dil\u00e1 technol\u00f3gia tesnenia minimalizuje \u00faniky a zais\u0165uje maxim\u00e1lny v\u00fdkon, a to aj v n\u00e1ro\u010dn\u00fdch a drsn\u00fdch prostrediach.<\/p>\n<p>Vysokokvalitn\u00fd hydraulick\u00fd valec s dlh\u00fdm zdvihom na mieru pre skl\u00e1pa\u010de je nevyhnutnou s\u00fa\u010das\u0165ou pre plynul\u00e9 a efekt\u00edvne fungovanie skl\u00e1pa\u010dov. V\u010faka svojej v\u00fdnimo\u010dnej pevnosti, odolnosti a mo\u017enostiam prisp\u00f4sobenia pon\u00faka spo\u013eahlivos\u0165 a v\u00fdkon, ktor\u00e9 prevy\u0161uj\u00fa priemyseln\u00e9 \u0161tandardy.<\/p>\n<p>Vyberte si vysokokvalitn\u00fd hydraulick\u00fd valec s dlh\u00fdm zdvihom na mieru pre skl\u00e1pa\u010d a za\u017eite zv\u00fd\u0161en\u00fa produktivitu, vynikaj\u00faci v\u00fdkon a dlhotrvaj\u00facu spo\u013eahlivos\u0165 pri prev\u00e1dzke v\u00e1\u0161ho skl\u00e1pa\u010da.<\/p>\n<table style=\"width: 100%;\" border=\"1\" width=\"100%\" cellspacing=\"0\" cellpadding=\"0\">\n<tbody>\n<tr>\n<th>N\u00e1zov produktu<\/th>\n<td>Vysokokvalitn\u00fd hydraulick\u00fd valec s dlh\u00fdm zdvihom na mieru<\/td>\n<\/tr>\n<tr>\n<th>Stav<\/th>\n<td>Nov\u00e9 (2025)<\/td>\n<\/tr>\n<tr>\n<th>Typ<\/th>\n<td>\u0160tandardn\u00fd piestov\u00fd valec<\/td>\n<\/tr>\n<tr>\n<th>Zdroj energie<\/th>\n<td>Hydraulick\u00e9<\/td>\n<\/tr>\n<tr>\n<th>Materi\u00e1l<\/th>\n<td>Robustn\u00e1 oce\u013e<\/td>\n<\/tr>\n<tr>\n<th>Maxim\u00e1lny \u0165ah<\/th>\n<td>3000<\/td>\n<\/tr>\n<tr>\n<th>Maxim\u00e1lny \u0165ah<\/th>\n<td>20 ton<\/td>\n<\/tr>\n<tr>\n<th>Z\u00e1kladn\u00e9 komponenty<\/th>\n<td>Lo\u017eisko, piestov\u00fd valec<\/td>\n<\/tr>\n<tr>\n<th>Z\u00e1ruka<\/th>\n<td>1 rok<\/td>\n<\/tr>\n<tr>\n<th>Dizajn<\/th>\n<td>Dlh\u00fd zdvih, prisp\u00f4soben\u00fd pre skl\u00e1pa\u010de<\/td>\n<\/tr>\n<tr>\n<th>V\u00fdkon<\/th>\n<td>Navrhnut\u00e9 pre \u0165a\u017ek\u00e9 pracovn\u00e9 za\u0165a\u017eenie<\/td>\n<\/tr>\n<\/tbody>\n<\/table>\n<h2>Vlastnosti hydraulick\u00e9ho valca s dlh\u00fdm zdvihom<\/h2>\n<p><img decoding=\"async\" src=\"https:\/\/hzpt.com\/wp-content\/uploads\/2023\/11\/Inverted-Telescopic-Cylinder-13.webp\" alt=\"\" title=\"\"><\/p>\n<ol>\n<li><strong>\u0160tandardn\u00e1 \u0161trukt\u00fara:<\/strong> Hydraulick\u00fd valec m\u00e1 \u0161tandardn\u00fa kon\u0161trukciu piestov\u00e9ho valca, ktor\u00e1 zabezpe\u010duje efekt\u00edvny v\u00fdkon.<\/li>\n<li><strong>Vysok\u00fd v\u00fdkon:<\/strong> M\u00e1 maxim\u00e1lny \u0165ah 3000 a maxim\u00e1lnu \u0165a\u017en\u00fa silu 20 ton, \u010do zais\u0165uje optim\u00e1lny v\u00fdkon pre n\u00e1ro\u010dn\u00e9 \u00falohy.<\/li>\n<li><strong>Kvalitn\u00fd materi\u00e1l:<\/strong> Hydraulick\u00fd valec vyroben\u00fd z odolnej ocele zaru\u010duje dlhodob\u00fa \u017eivotnos\u0165 a robustnos\u0165.<\/li>\n<li><strong>Z\u00e1kladn\u00e9 komponenty:<\/strong> Na hlavn\u00e9 komponenty, lo\u017eisko a valec piesta sa vz\u0165ahuje jednoro\u010dn\u00e1 z\u00e1ruka.<\/li>\n<li><strong>Prisp\u00f4sobite\u013enos\u0165:<\/strong> Valec je mo\u017en\u00e9 prisp\u00f4sobi\u0165 z h\u013eadiska ve\u013ekosti v\u0155tania, ve\u013ekosti ty\u010de, ve\u013ekosti zdvihu, ve\u013ekosti \u010dapu, otvorov a farby.<\/li>\n<\/ol>\n<h2>Aplik\u00e1cie hydraulick\u00e9ho valca s dlh\u00fdm zdvihom<\/h2>\n<p>Tento hydraulick\u00fd valec je ide\u00e1lny pre odvetvia ako:<\/p>\n<ol>\n<li><strong>V\u00fdrobn\u00e9 z\u00e1vody:<\/strong> Ide\u00e1lne pre r\u00f4zne stroje a zariadenia vo v\u00fdrobn\u00fdch z\u00e1vodoch.<\/li>\n<li><strong>Opravovne strojov:<\/strong> M\u00f4\u017ee sl\u00fa\u017ei\u0165 ako spo\u013eahliv\u00fd n\u00e1hradn\u00fd diel v opravovniach strojov.<\/li>\n<li><strong>Farmy:<\/strong> Vhodn\u00e9 pre \u0165a\u017ek\u00e9 po\u013enohospod\u00e1rske stroje a zariadenia.<\/li>\n<li><strong>Energia a ban\u00edctvo:<\/strong> Pou\u017eite\u013en\u00e9 v strojoch pou\u017e\u00edvan\u00fdch v energetickom a \u0165a\u017eobnom priemysle.<\/li>\n<li><strong>V\u00fdroba strojov:<\/strong> M\u00f4\u017ee by\u0165 pou\u017eit\u00fd v r\u00f4znych procesoch stroj\u00e1rskej v\u00fdroby.<\/li>\n<\/ol>\n<p><img decoding=\"async\" src=\"https:\/\/hzpt.com\/wp-content\/uploads\/2023\/11\/Inverted-Telescopic-Cylinder-Applications.webp\" alt=\"Aplik\u00e1cie invertovan\u00e9ho teleskopick\u00e9ho valca\" title=\"\"><\/p>\n<h2>Princ\u00edp \u010dinnosti a \u00fadr\u017eba hydraulick\u00e9ho valca<\/h2>\n<p>Princ\u00edp fungovania hydraulick\u00e9ho valca zah\u0155\u0148a tri k\u013e\u00fa\u010dov\u00e9 aspekty: konfigur\u00e1ciu, vstup hydraulickej kvapaliny a v\u00fdstupn\u00fa silu. Z h\u013eadiska \u00fadr\u017eby je d\u00f4le\u017eit\u00e9 vykon\u00e1va\u0165 pravideln\u00e9 kontroly, \u010distenie, mazanie a opravy. V\u00fdmena tesnenia by sa mala vykon\u00e1va\u0165 pod\u013ea pokynov v n\u00e1vode na obsluhu.<\/p>\n<h2>Invertovan\u00fd teleskopick\u00fd valec<\/h2>\n<p>Vysokokvalitn\u00fd hydraulick\u00fd valec s dlh\u00fdm zdvihom na mieru pre skl\u00e1pa\u010de, invertovan\u00fd teleskopick\u00fd valec, je pokro\u010dil\u00fd hydraulick\u00fd valec ur\u010den\u00fd pre modern\u00e9 skl\u00e1pa\u010de. Tento typ hydraulick\u00e9ho valca sa sklad\u00e1 z nieko\u013ek\u00fdch vnoren\u00fdch stup\u0148ov, ktor\u00e9 sa pri vysunut\u00ed valca vys\u00favaj\u00fa smerom von. Inverzia stup\u0148ov zabezpe\u010duje dlh\u0161\u00ed zdvih a umo\u017e\u0148uje men\u0161iu d\u013a\u017eku v zasunutom stave, v\u010faka \u010domu je kon\u0161trukcia hydraulick\u00e9ho valca efekt\u00edvnej\u0161ia.<\/p>\n<h3>V\u00fdhody inverzn\u00e9ho teleskopick\u00e9ho valca<\/h3>\n<ul>\n<li><strong>Dlh\u0161\u00ed zdvih:<\/strong> Invertovan\u00fd teleskopick\u00fd valec zabezpe\u010duje dlh\u0161\u00ed zdvih ako tradi\u010dn\u00e9 hydraulick\u00e9 valce v\u010faka vlo\u017een\u00fdm stup\u0148ovit\u00fdm syst\u00e9mom, ktor\u00e9 sa daj\u00fa teleskopicky vys\u00fava\u0165 smerom von.<\/li>\n<li><strong>Men\u0161ia d\u013a\u017eka v zasunutom stave:<\/strong> Kon\u0161trukcia obr\u00e1ten\u00e9ho teleskopick\u00e9ho valca umo\u017e\u0148uje men\u0161iu d\u013a\u017eku v zasunutom stave, \u010do je ide\u00e1lne pre modern\u00e9 skl\u00e1pa\u010de, ktor\u00e9 vy\u017eaduj\u00fa kompaktn\u00fa kon\u0161trukciu.<\/li>\n<li><strong>Zv\u00fd\u0161en\u00e1 \u00fa\u010dinnos\u0165:<\/strong> Vnoren\u00e9 stupne obr\u00e1ten\u00e9ho teleskopick\u00e9ho valca vytv\u00e1raj\u00fa efekt\u00edvnej\u0161\u00ed dizajn, preto\u017ee valec sa m\u00f4\u017ee \u010falej vysun\u00fa\u0165 bez straty pevnosti alebo stability.<\/li>\n<li><strong>Vy\u0161\u0161ia nosnos\u0165:<\/strong> Invertovan\u00fd teleskopick\u00fd valec v\u010faka svojej pokro\u010dilej kon\u0161trukcii zvl\u00e1dne vy\u0161\u0161ie za\u0165a\u017eenie, v\u010faka \u010domu je ide\u00e1lny pre \u0165a\u017ek\u00e9 skl\u00e1pa\u010de, ktor\u00e9 vy\u017eaduj\u00fa vy\u0161\u0161iu nosnos\u0165.<\/li>\n<li><strong>Prisp\u00f4sobite\u013en\u00e9:<\/strong> Invertovan\u00fd teleskopick\u00fd valec je mo\u017en\u00e9 prisp\u00f4sobi\u0165 \u0161pecifick\u00fdm potreb\u00e1m skl\u00e1pa\u010dov, v\u010faka \u010domu je v\u0161estrann\u00fdm a praktick\u00fdm rie\u0161en\u00edm hydraulick\u00e9ho valca.<\/li>\n<\/ul>\n<h3>Aplik\u00e1cie invertovan\u00e9ho teleskopick\u00e9ho valca<\/h3>\n<p>Invertovan\u00fd teleskopick\u00fd valec sa be\u017ene pou\u017e\u00edva v skl\u00e1pa\u010doch, ktor\u00e9 vy\u017eaduj\u00fa hydraulick\u00fd valec s dlh\u00fdm zdvihom a men\u0161ou d\u013a\u017ekou v zasunutom stave. Valec sa nach\u00e1dza v r\u00f4znych modeloch skl\u00e1pa\u010dov vr\u00e1tane zadn\u00e9ho, \u200b\u200bbo\u010dn\u00e9ho a spodn\u00e9ho skl\u00e1pa\u010da. Okrem toho sa invertovan\u00fd teleskopick\u00fd valec m\u00f4\u017ee pou\u017ei\u0165 aj v in\u00fdch \u0165a\u017ek\u00fdch aplik\u00e1ci\u00e1ch, ktor\u00e9 vy\u017eaduj\u00fa vysok\u00fa nosnos\u0165 a hydraulick\u00fd valec s dlh\u00fdm zdvihom.<\/p>\n<p>Invertovan\u00fd teleskopick\u00fd valec je pokro\u010dil\u00e1 kon\u0161trukcia hydraulick\u00e9ho valca, ktor\u00e1 poskytuje dlh\u0161\u00ed zdvih a men\u0161iu d\u013a\u017eku v zasunutom stave ako tradi\u010dn\u00e9 hydraulick\u00e9 valce. Jeho pokro\u010dil\u00e1 kon\u0161trukcia tie\u017e umo\u017e\u0148uje vy\u0161\u0161iu nosnos\u0165 a zlep\u0161en\u00fa \u00fa\u010dinnos\u0165, v\u010faka \u010domu je perfektn\u00fdm rie\u0161en\u00edm hydraulick\u00e9ho valca pre modern\u00e9 skl\u00e1pa\u010de a in\u00e9 \u0165a\u017ek\u00e9 aplik\u00e1cie. V\u010faka mo\u017enostiam prisp\u00f4sobenia je invertovan\u00fd teleskopick\u00fd valec v\u0161estrannou a praktickou vo\u013ebou pre ka\u017ed\u00e9ho, kto h\u013ead\u00e1 vysoko kvalitn\u00e9 rie\u0161enie hydraulick\u00e9ho valca.<\/p>\n<h3>O FMP<\/h3>\n<p>V spolo\u010dnosti FMP sa \u0161pecializujeme na predaj a servis dielov a kompletn\u00fdch strojov pre stavebn\u00e9 stroje. N\u00e1\u0161 sortiment je \u0161irok\u00fd a zah\u0155\u0148a r\u00f4zne typy stavebn\u00fdch strojov, ako s\u00fa prevodovky pre po\u013enohospod\u00e1rske stroje, hydraulick\u00e9 valce, plan\u00e9tov\u00e9 prevodovky, priemyseln\u00e9 prevodovky, diely pre po\u013enohospod\u00e1rske stroje a rad \u0161pi\u010dkov\u00e9ho pr\u00edslu\u0161enstva, ktor\u00e9 k nim patr\u00ed. Jedn\u00fdm z na\u0161ich najob\u013e\u00fabenej\u0161\u00edch produktov je hydraulick\u00fd valec.<\/p>\n<p>Tu je p\u00e4\u0165 d\u00f4vodov, pre\u010do s\u00fa hydraulick\u00e9 valce FMP tou najlep\u0161ou vo\u013ebou pre va\u0161e stroje:<\/p>\n<p>1. Vysokokvalitn\u00e9 materi\u00e1ly: Na\u0161e hydraulick\u00e9 valce s\u00fa vyroben\u00e9 z vysokokvalitn\u00fdch materi\u00e1lov, \u010do zaru\u010duje ich odolnos\u0165 a spo\u013eahlivos\u0165.<\/p>\n<p>2. Prisp\u00f4sobite\u013en\u00fd dizajn: Pon\u00fakame nastavite\u013en\u00e9 valce s vidlicov\u00fdm uz\u00e1verom, ktor\u00e9 sa daj\u00fa \u013eahko prisp\u00f4sobi\u0165 va\u0161im \u0161pecifick\u00fdm potreb\u00e1m a po\u017eiadavk\u00e1m.<\/p>\n<p>3. Profesion\u00e1lny t\u00edm: N\u00e1\u0161 sk\u00fasen\u00fd a kvalifikovan\u00fd obchodn\u00fd t\u00edm m\u00e1 znalosti o odvetv\u00ed stavebn\u00fdch strojov a m\u00f4\u017ee poskytn\u00fa\u0165 profesion\u00e1lne konzult\u00e1cie o produktoch a inteligentn\u00e9 n\u00e1vrhy na n\u00e1kup.<\/p>\n<p>4. Pr\u00edsne \u0161tandardy kvality: Vytv\u00e1ran\u00edm dlhodob\u00fdch a stabiln\u00fdch kooperat\u00edvnych vz\u0165ahov s mnoh\u00fdmi kvalitn\u00fdmi dod\u00e1vate\u013emi doma aj v zahrani\u010d\u00ed zabezpe\u010dujeme, aby v\u0161etky dod\u00e1van\u00e9 diely sp\u013a\u0148ali pr\u00edsne \u0161tandardy kvality.<\/p>\n<p>5. Efekt\u00edvny logistick\u00fd distribu\u010dn\u00fd syst\u00e9m: M\u00e1me efekt\u00edvny logistick\u00fd distribu\u010dn\u00fd syst\u00e9m, ktor\u00fd zabezpe\u010duje, \u017ee z\u00e1kazn\u00edci dostan\u00fa po\u017eadovan\u00e9 diely v\u010das a presne.<\/p>\n<p>Na\u0161e hydraulick\u00e9 valce s\u00fa ide\u00e1lne pre r\u00f4zne aplik\u00e1cie vr\u00e1tane po\u013enohospod\u00e1rskych strojov, stavebn\u00fdch strojov a priemyseln\u00fdch strojov. S FMP sa m\u00f4\u017eete spo\u013eahn\u00fa\u0165, \u017ee z\u00edskavate produkty a slu\u017eby najvy\u0161\u0161ej kvality, podporen\u00e9 dlhoro\u010dn\u00fdmi sk\u00fasenos\u0165ami v odvetv\u00ed a profesion\u00e1lnym t\u00edmom. Presved\u010dte sa sami, pre\u010do je FMP tou spr\u00e1vnou vo\u013ebou pre diely pre stavebn\u00e9 stroje a kompletn\u00e9 strojov\u00e9 rie\u0161enia.<\/p>\n<p><img decoding=\"async\" src=\"https:\/\/fmp-components.com\/wp-content\/uploads\/2024\/12\/Adjustable-Clevis-Type-Cylinders-6.webp\" alt=\"Nastavite\u013en\u00fd valec typu Clevis\" width=\"845\" title=\"\"><br \/>\nAutor: CX<\/p>","protected":false},"excerpt":{"rendered":"<p>Introducing High Quality Long Stroke Customized Hydraulic Cylinder for dump truck: The High Quality Long Stroke Customized Hydraulic Cylinder is specifically designed to meet the needs of dump trucks. This hydraulic cylinder boasts superior quality and exceptional performance, making it an ideal choice for various heavy-duty applications. With a long stroke design, this hydraulic cylinder [&hellip;]<\/p>","protected":false},"featured_media":1688,"comment_status":"closed","ping_status":"closed","template":"","meta":{"_et_pb_use_builder":"","_et_pb_old_content":"","_et_gb_content_width":""},"product_brand":[],"product_cat":[45],"product_tag":[34,48],"class_list":{"0":"post-1687","1":"product","2":"type-product","3":"status-publish","4":"has-post-thumbnail","6":"product_cat-inverted-telescopic-cylinder","7":"product_tag-hydraulic-cylinder","8":"product_tag-inverted-telescopic-cylinder","10":"first","11":"instock","12":"product-type-simple"},"_links":{"self":[{"href":"https:\/\/fmp-components.com\/sk\/wp-json\/wp\/v2\/product\/1687","targetHints":{"allow":["GET"]}}],"collection":[{"href":"https:\/\/fmp-components.com\/sk\/wp-json\/wp\/v2\/product"}],"about":[{"href":"https:\/\/fmp-components.com\/sk\/wp-json\/wp\/v2\/types\/product"}],"replies":[{"embeddable":true,"href":"https:\/\/fmp-components.com\/sk\/wp-json\/wp\/v2\/comments?post=1687"}],"wp:featuredmedia":[{"embeddable":true,"href":"https:\/\/fmp-components.com\/sk\/wp-json\/wp\/v2\/media\/1688"}],"wp:attachment":[{"href":"https:\/\/fmp-components.com\/sk\/wp-json\/wp\/v2\/media?parent=1687"}],"wp:term":[{"taxonomy":"product_brand","embeddable":true,"href":"https:\/\/fmp-components.com\/sk\/wp-json\/wp\/v2\/product_brand?post=1687"},{"taxonomy":"product_cat","embeddable":true,"href":"https:\/\/fmp-components.com\/sk\/wp-json\/wp\/v2\/product_cat?post=1687"},{"taxonomy":"product_tag","embeddable":true,"href":"https:\/\/fmp-components.com\/sk\/wp-json\/wp\/v2\/product_tag?post=1687"}],"curies":[{"name":"pracovn\u00fd list","href":"https:\/\/api.w.org\/{rel}","templated":true}]}}