{"id":1685,"date":"2024-12-23T07:01:59","date_gmt":"2024-12-23T07:01:59","guid":{"rendered":"https:\/\/fmp-components.com\/product\/hot-sale-dump-truck-hydraulic-cylinder-customized-hydraulic-cylinder\/"},"modified":"2025-03-11T06:05:38","modified_gmt":"2025-03-11T06:05:38","slug":"hot-sale-dump-truck-hydraulic-cylinder-customized-hydraulic-cylinder","status":"publish","type":"product","link":"https:\/\/fmp-components.com\/sk\/product\/hot-sale-dump-truck-hydraulic-cylinder-customized-hydraulic-cylinder\/","title":{"rendered":"Hydraulick\u00fd valec pre skl\u00e1pa\u010de s hor\u00facim v\u00fdpredajom"},"content":{"rendered":"<h2>Predstavujeme hydraulick\u00fd valec pre skl\u00e1pa\u010de s hor\u00facim v\u00fdpredajom a prisp\u00f4soben\u00fd hydraulick\u00fd valec:<\/h2>\n<p>Hydraulick\u00fd valec pre skl\u00e1pa\u010de s vysokou presnos\u0165ou je vysoko spo\u013eahliv\u00fd a \u00fa\u010dinn\u00fd hydraulick\u00fd valec navrhnut\u00fd \u0161peci\u00e1lne pre skl\u00e1pa\u010de. V\u010faka svojim prisp\u00f4soben\u00fdm funkci\u00e1m a v\u00fdnimo\u010dn\u00e9mu v\u00fdkonu je perfektn\u00fdm rie\u0161en\u00edm pre v\u0161etky va\u0161e hydraulick\u00e9 potreby.<\/p>\n<p>Tento hydraulick\u00fd valec je starostlivo vyroben\u00fd s pou\u017eit\u00edm najkvalitnej\u0161\u00edch materi\u00e1lov a pokro\u010dil\u00fdch technol\u00f3gi\u00ed, \u010do zaru\u010duje odolnos\u0165 a dlh\u00fa \u017eivotnos\u0165. Je navrhnut\u00fd tak, aby odolal \u0165a\u017ek\u00fdm n\u00e1kladom a n\u00e1ro\u010dn\u00fdm pracovn\u00fdm podmienkam, v\u010faka \u010domu je ide\u00e1lnou vo\u013ebou pre skl\u00e1pa\u010de pou\u017e\u00edvan\u00e9 v stavebn\u00edctve, ban\u00edctve a doprave.<\/p>\n<p>Hydraulick\u00fd valec pre skl\u00e1pa\u010de s vysokou presnos\u0165ou pon\u00faka v\u00fdnimo\u010dn\u00fa nosnos\u0165, ktor\u00e1 umo\u017e\u0148uje bezprobl\u00e9mov\u00e9 vykl\u00e1dkovanie materi\u00e1lov. Jeho presn\u00fd riadiaci syst\u00e9m zais\u0165uje plynul\u00e9 a presn\u00e9 pohyby, \u010d\u00edm zvy\u0161uje celkov\u00fa prev\u00e1dzkov\u00fa efektivitu v\u00e1\u0161ho skl\u00e1pa\u010da.<\/p>\n<p><img decoding=\"async\" src=\"https:\/\/hzpt.com\/wp-content\/uploads\/2023\/11\/Inverted-Telescopic-Cylinder-2.webp\" alt=\"\" title=\"\"><\/p>\n<p>Jednou z vynikaj\u00facich vlastnost\u00ed tohto hydraulick\u00e9ho valca s\u00fa jeho mo\u017enosti prisp\u00f4sobenia. D\u00e1 sa vyrobi\u0165 na mieru tak, aby sp\u013a\u0148al \u0161pecifick\u00e9 po\u017eiadavky v\u00e1\u0161ho skl\u00e1pa\u010da, \u010d\u00edm sa zabezpe\u010d\u00ed perfektn\u00e9 prisp\u00f4sobenie a optim\u00e1lny v\u00fdkon. \u010ci u\u017e potrebujete \u0161pecifick\u00fa d\u013a\u017eku zdvihu, sp\u00f4sob mont\u00e1\u017ee alebo menovit\u00fd tlak, tento hydraulick\u00fd valec sa d\u00e1 prisp\u00f4sobi\u0165 pod\u013ea potreby.<\/p>\n<p>Hydraulick\u00fd valec pre skl\u00e1pa\u010de sa navy\u0161e \u013eahko in\u0161taluje a udr\u017eiava. Dod\u00e1va sa s u\u017e\u00edvate\u013esky pr\u00edvetiv\u00fdm n\u00e1vodom a vy\u017eaduje si minim\u00e1lne prestoje pri \u00fadr\u017ebe, \u010do prispieva k zv\u00fd\u0161eniu produktivity a zn\u00ed\u017eeniu prev\u00e1dzkov\u00fdch n\u00e1kladov.<\/p>\n<table style=\"width: 100%;\" border=\"1\" width=\"100%\" cellspacing=\"0\" cellpadding=\"0\">\n<tbody>\n<tr>\n<th>N\u00e1zov produktu<\/th>\n<td>Hydraulick\u00fd valec pre skl\u00e1pa\u010de s hor\u00facim v\u00fdpredajom<\/td>\n<\/tr>\n<tr>\n<th>Stav<\/th>\n<td>Nov\u00e9<\/td>\n<\/tr>\n<tr>\n<th>Z\u00e1ruka<\/th>\n<td>1 rok<\/td>\n<\/tr>\n<tr>\n<th>Hmotnos\u0165 (kg)<\/th>\n<td>48<\/td>\n<\/tr>\n<tr>\n<th>Maxim\u00e1lny \u0165ah<\/th>\n<td>3000<\/td>\n<\/tr>\n<tr>\n<th>Maxim\u00e1lny \u0165ah<\/th>\n<td>20 ton<\/td>\n<\/tr>\n<tr>\n<th>Ve\u013ekos\u0165 otvoru<\/th>\n<td>2 \u2013 6 palcov<\/td>\n<\/tr>\n<tr>\n<th>Ve\u013ekos\u0165 ty\u010de<\/th>\n<td>1,125 \u2013 4 palce<\/td>\n<\/tr>\n<tr>\n<th>Ve\u013ekos\u0165 \u0165ahu<\/th>\n<td>6 \u2013 48 palcov<\/td>\n<\/tr>\n<tr>\n<th>Ve\u013ekos\u0165 \u010dapu<\/th>\n<td>0,5 \u2013 2 palce<\/td>\n<\/tr>\n<tr>\n<th>Materi\u00e1l<\/th>\n<td>Oce\u013e<\/td>\n<\/tr>\n<tr>\n<th>Dizajn<\/th>\n<td>\u0160tandardn\u00e1 \u0161trukt\u00fara<\/td>\n<\/tr>\n<tr>\n<th>Certifik\u00e1cia<\/th>\n<td>ISO 9001:2000<\/td>\n<\/tr>\n<tr>\n<th>Farba<\/th>\n<td>Elegantn\u00e1 \u010dierna<\/td>\n<\/tr>\n<tr>\n<th>Pou\u017eite\u013en\u00e9 odvetvia<\/th>\n<td>V\u00fdrobn\u00fd z\u00e1vod, Opravovne strojov, Farmy, Energia a ban\u00edctvo, V\u00fdroba strojov, Tov\u00e1re\u0148 na stroje<\/td>\n<\/tr>\n<\/tbody>\n<\/table>\n<h2>Vlastnosti hydraulick\u00e9ho valca<\/h2>\n<p>Tento hydraulick\u00fd valec sa m\u00f4\u017ee pochv\u00e1li\u0165 nieko\u013ek\u00fdmi vlastnos\u0165ami:<\/p>\n<ol>\n<li>\u0160tandardn\u00e1 kon\u0161trukcia piestov\u00e9ho valca: Zais\u0165uje stabiln\u00fd a spo\u013eahliv\u00fd hydraulick\u00fd v\u00fdkon.<\/li>\n<li>Oce\u013eov\u00fd materi\u00e1l tela: Poskytuje odolnos\u0165 a pevnos\u0165.<\/li>\n<li>Inverzn\u00e9 teleskopick\u00e9 valce: Pon\u00fakaj\u00fa v\u00e4\u010d\u0161iu v\u0161estrannos\u0165 a \u00fa\u010dinnos\u0165.<\/li>\n<li>Certifik\u00e1cia ISO9001:2000: Zaru\u010duje kvalitu a spo\u013eahlivos\u0165.<\/li>\n<li>Prisp\u00f4sobite\u013en\u00e9 vlastnosti: Porty G\/SAE\/NPT\/M s\u00fa k dispoz\u00edcii na prisp\u00f4sobenie.<\/li>\n<\/ol>\n<h2>Aplik\u00e1cie hydraulick\u00e9ho valca<\/h2>\n<p>Tento hydraulick\u00fd valec nach\u00e1dza viacero pou\u017eit\u00ed v:<\/p>\n<ol>\n<li>V\u00fdrobn\u00e9 z\u00e1vody: U\u013eah\u010duj\u00fa efekt\u00edvnu prev\u00e1dzku strojov.<\/li>\n<li>Opravovne strojov: Pom\u00e1haj\u00fa pri oprav\u00e1ch \u0165a\u017ek\u00fdch strojov.<\/li>\n<li>Farmy: Pou\u017e\u00edva sa v po\u013enohospod\u00e1rskych strojoch na r\u00f4zne oper\u00e1cie.<\/li>\n<li>Energia a ban\u00edctvo: Nevyhnutn\u00e9 pre \u0165a\u017ek\u00e9 bansk\u00e9 zariadenia.<\/li>\n<li>Stroj\u00e1rne: Podporuje prev\u00e1dzkov\u00fa efekt\u00edvnos\u0165 vo v\u00fdrobe strojov.<\/li>\n<\/ol>\n<p><img decoding=\"async\" src=\"https:\/\/hzpt.com\/wp-content\/uploads\/2023\/11\/Inverted-Telescopic-Cylinder-Applications.webp\" alt=\"Aplik\u00e1cie inverzn\u00e9ho teleskopick\u00e9ho valca\" title=\"\"><\/p>\n<h2>Princ\u00edp \u010dinnosti a \u00fadr\u017eba hydraulick\u00e9ho valca<\/h2>\n<p>Hydraulick\u00fd valec funguje na jednoduchom princ\u00edpe, kde vstup hydraulickej kvapaliny generuje v\u00fdstupn\u00fa silu. Pravideln\u00e1 \u00fadr\u017eba zah\u0155\u0148a kontrolu, \u010distenie, mazanie a v\u00fdmenu tesnen\u00ed. Pravideln\u00e9 kontroly a opravy by sa mali vykon\u00e1va\u0165 pod\u013ea n\u00e1vodu na obsluhu.<\/p>\n<p><img decoding=\"async\" src=\"https:\/\/hzpt.com\/wp-content\/uploads\/2023\/11\/Inverted-Telescopic-Cylinder-8.webp\" alt=\"\" title=\"\"><\/p>\n<h2>Invertovan\u00fd teleskopick\u00fd valec<\/h2>\n<p>Invertovan\u00fd teleskopick\u00fd valec je typ hydraulick\u00e9ho valca, ktor\u00fd sa be\u017ene pou\u017e\u00edva v skl\u00e1pa\u010doch a in\u00fdch \u0165a\u017ek\u00fdch strojoch. Je navrhnut\u00fd tak, aby poskytoval vysok\u00fa \u00farove\u0148 zdv\u00edhacej sily a stability, v\u010faka \u010domu je ide\u00e1lny na manipul\u00e1ciu s \u0165a\u017ek\u00fdmi bremenami v r\u00f4znych aplik\u00e1ci\u00e1ch. Tento typ valca sa sklad\u00e1 z viacer\u00fdch stup\u0148ov, ktor\u00e9 sa vys\u00favaj\u00fa a zas\u00favaj\u00fa, aby poskytli potrebn\u00fa zdv\u00edhaciu silu.<\/p>\n<p>Tu s\u00fa niektor\u00e9 k\u013e\u00fa\u010dov\u00e9 vlastnosti a v\u00fdhody obr\u00e1ten\u00e9ho teleskopick\u00e9ho valca:<\/p>\n<ol>\n<li>Vysok\u00e1 nosnos\u0165: Invertovan\u00fd teleskopick\u00fd valec je zn\u00e1my svojou v\u00fdnimo\u010dnou nosnos\u0165ou. Je navrhnut\u00fd tak, aby zvl\u00e1dol \u0165a\u017ek\u00e9 bremen\u00e1 bez kompromisov v oblasti v\u00fdkonu alebo stability.<\/li>\n<li>Kompaktn\u00fd dizajn: Napriek vysokej nosnosti m\u00e1 obr\u00e1ten\u00fd teleskopick\u00fd valec kompaktn\u00fd dizajn, ktor\u00fd umo\u017e\u0148uje jednoduch\u00fa in\u0161tal\u00e1ciu a integr\u00e1ciu do r\u00f4znych typov strojov.<\/li>\n<li>Plynul\u00e1 prev\u00e1dzka: Tento typ valca pon\u00faka plynul\u00fd a presn\u00fd chod, \u010d\u00edm zabezpe\u010duje efekt\u00edvne zdv\u00edhanie a sp\u00fa\u0161\u0165anie bremien. Je navrhnut\u00fd tak, aby minimalizoval vibr\u00e1cie a trhav\u00e9 pohyby, \u010d\u00edm poskytuje lep\u0161iu kontrolu a bezpe\u010dnos\u0165.<\/li>\n<li>Odoln\u00e1 kon\u0161trukcia: Inverzn\u00e9 teleskopick\u00e9 valce s\u00fa skon\u0161truovan\u00e9 tak, aby odolali n\u00e1ro\u010dn\u00fdm pracovn\u00fdm podmienkam. Zvy\u010dajne s\u00fa vyroben\u00e9 z vysoko kvalitn\u00fdch materi\u00e1lov, ako je kalen\u00e1 oce\u013e, \u010do zais\u0165uje odolnos\u0165 a dlhotrvaj\u00faci v\u00fdkon.<\/li>\n<li>Prisp\u00f4sobite\u013enos\u0165: Invertovan\u00fd teleskopick\u00fd valec je mo\u017en\u00e9 prisp\u00f4sobi\u0165 \u0161pecifick\u00fdm po\u017eiadavk\u00e1m. D\u00e1 sa prisp\u00f4sobi\u0165 z h\u013eadiska d\u013a\u017eky zdvihu, mo\u017enost\u00ed mont\u00e1\u017ee a \u010fal\u0161\u00edch parametrov r\u00f4znym aplik\u00e1ci\u00e1m.<\/li>\n<li>Hydraulick\u00fd valec pre skl\u00e1pa\u010de s vysokou kvalitou: Na\u0161a spolo\u010dnos\u0165 sa \u0161pecializuje na v\u00fdrobu a dod\u00e1vku vysokokvalitn\u00fdch hydraulick\u00fdch valcov pre skl\u00e1pa\u010de vr\u00e1tane inverzn\u00fdch teleskopick\u00fdch valcov. Na\u0161e valce s\u00fa zn\u00e1me svojou spo\u013eahlivos\u0165ou, v\u00fdkonom a konkurencieschopn\u00fdmi cenami. Pon\u00fakame \u0161irok\u00fa \u0161k\u00e1lu mo\u017enost\u00ed, ktor\u00e9 sp\u013a\u0148aj\u00fa r\u00f4zne potreby z\u00e1kazn\u00edkov.<\/li>\n<li>Hydraulick\u00fd valec na mieru: Ch\u00e1peme, \u017ee r\u00f4zne aplik\u00e1cie m\u00f4\u017eu vy\u017eadova\u0165 jedine\u010dn\u00e9 rie\u0161enia hydraulick\u00fdch valcov. Preto pon\u00fakame hydraulick\u00e9 valce na mieru, ktor\u00e9 sp\u013a\u0148aj\u00fa \u0161pecifick\u00e9 po\u017eiadavky. N\u00e1\u0161 t\u00edm odborn\u00edkov m\u00f4\u017ee \u00fazko spolupracova\u0165 so z\u00e1kazn\u00edkmi na navrhovan\u00ed a v\u00fdrobe valcov, ktor\u00e9 presne zodpovedaj\u00fa ich potreb\u00e1m.<\/li>\n<\/ol>\n<p>Z\u00e1verom mo\u017eno poveda\u0165, \u017ee inverzn\u00fd teleskopick\u00fd valec je v\u0161estrann\u00fd a spo\u013eahliv\u00fd hydraulick\u00fd valec, ktor\u00fd pon\u00faka v\u00fdnimo\u010dn\u00fa nosnos\u0165, plynul\u00fd chod a odolnos\u0165. \u010ci u\u017e potrebujete \u0161tandardn\u00fd hydraulick\u00fd valec pre skl\u00e1pa\u010d alebo rie\u0161enie na mieru, m\u00e1me odborn\u00e9 znalosti a zdroje, aby sme splnili va\u0161e po\u017eiadavky. Kontaktujte n\u00e1s e\u0161te dnes a dozviete sa viac o na\u0161ich produktoch a slu\u017eb\u00e1ch.<\/p>\n<h3>O spolo\u010dnosti FMP \u2013 V\u00e1\u0161 profesion\u00e1lny dod\u00e1vate\u013e hydraulick\u00fdch valcov<\/h3>\n<p>V spolo\u010dnosti FMP sa \u0161pecializujeme na predaj a servis dielov a kompletn\u00fdch strojov pre stavebn\u00e9 stroje a sme hrd\u00ed na to, \u017ee sme popredn\u00fdm dod\u00e1vate\u013eom vysoko kvalitn\u00fdch a spo\u013eahliv\u00fdch hydraulick\u00fdch valcov. Tu je len nieko\u013eko d\u00f4vodov, pre\u010do ver\u00edme, \u017ee na\u0161e hydraulick\u00e9 valce s\u00fa najlep\u0161ie na trhu:<\/p>\n<p>1. Presn\u00e9 in\u017einierstvo \u2013 Na\u0161e hydraulick\u00e9 valce s\u00fa navrhnut\u00e9 s pou\u017eit\u00edm presn\u00e9ho in\u017einierstva, \u010do zaru\u010duje ich odolnos\u0165 a spo\u013eahlivos\u0165 aj v t\u00fdch naj\u0165a\u017e\u0161\u00edch podmienkach.<\/p>\n<p>2. \u0160irok\u00fd rozsah pou\u017eitia \u2013 Na\u0161e hydraulick\u00e9 valce sa daj\u00fa pou\u017ei\u0165 v \u0161irokej \u0161k\u00e1le aplik\u00e1ci\u00ed vr\u00e1tane po\u013enohospod\u00e1rskych strojov, priemyseln\u00fdch zariaden\u00ed a stavebn\u00fdch strojov.<\/p>\n<p>3. Z\u00e1kazkov\u00fd dizajn \u2013 Dizajn na\u0161ich hydraulick\u00fdch valcov vieme prisp\u00f4sobi\u0165 \u0161pecifick\u00fdm potreb\u00e1m na\u0161ich z\u00e1kazn\u00edkov a zabezpe\u010di\u0165, aby z na\u0161ich produktov z\u00edskali \u010do najlep\u0161\u00ed v\u00fdkon.<\/p>\n<p>4. Vysokokvalitn\u00e9 materi\u00e1ly \u2013 Pri v\u00fdrobe na\u0161ich hydraulick\u00fdch valcov pou\u017e\u00edvame iba tie najkvalitnej\u0161ie materi\u00e1ly, \u010d\u00edm zabezpe\u010dujeme, \u017ee s\u00fa schopn\u00e9 odol\u00e1va\u0165 opotrebovaniu v priebehu \u010dasu.<\/p>\n<p>5. Vynikaj\u00faca z\u00e1kazn\u00edcka podpora \u2013 V spolo\u010dnosti FMP sme hrd\u00ed na to, \u017ee v\u0161etk\u00fdm na\u0161im klientom poskytujeme vynikaj\u00facu z\u00e1kazn\u00edcku podporu. Od konzult\u00e1ci\u00ed o produktoch a\u017e po inteligentn\u00e9 n\u00e1vrhy na n\u00e1kup, n\u00e1\u0161 sk\u00fasen\u00fd obchodn\u00fd t\u00edm je v\u00e1m v\u017edy k dispoz\u00edcii.<\/p>\n<p>Ak teda h\u013ead\u00e1te spo\u013eahliv\u00e9ho a odoln\u00e9ho dod\u00e1vate\u013ea hydraulick\u00fdch valcov, FMP je to prav\u00e9 miesto. Kontaktujte n\u00e1s e\u0161te dnes a dozviete sa viac o na\u0161ich produktoch a slu\u017eb\u00e1ch a o tom, ako v\u00e1m m\u00f4\u017eeme pom\u00f4c\u0165 splni\u0165 va\u0161e potreby v oblasti stavebn\u00fdch strojov!<\/p>\n<p><img decoding=\"async\" src=\"https:\/\/fmp-components.com\/wp-content\/uploads\/2024\/12\/Adjustable-Clevis-Type-Cylinders-6.webp\" alt=\"Nastavite\u013en\u00fd valec typu Clevis\" width=\"844\" title=\"\"><br \/>\nAutor: CX<\/p>","protected":false},"excerpt":{"rendered":"<p>Introducing Hot Sale Dump Truck Hydraulic Cylinder Customized Hydraulic Cylinder: Hot Sale Dump Truck Hydraulic Cylinder is a highly reliable and efficient hydraulic cylinder designed specifically for dump trucks. With its customized features and exceptional performance, it is the perfect solution for all your hydraulic needs. This hydraulic cylinder is meticulously crafted using top-quality materials [&hellip;]<\/p>","protected":false},"featured_media":1686,"comment_status":"closed","ping_status":"closed","template":"","meta":{"_et_pb_use_builder":"","_et_pb_old_content":"","_et_gb_content_width":""},"product_brand":[],"product_cat":[45],"product_tag":[34,48],"class_list":{"0":"post-1685","1":"product","2":"type-product","3":"status-publish","4":"has-post-thumbnail","6":"product_cat-inverted-telescopic-cylinder","7":"product_tag-hydraulic-cylinder","8":"product_tag-inverted-telescopic-cylinder","10":"first","11":"instock","12":"product-type-simple"},"_links":{"self":[{"href":"https:\/\/fmp-components.com\/sk\/wp-json\/wp\/v2\/product\/1685","targetHints":{"allow":["GET"]}}],"collection":[{"href":"https:\/\/fmp-components.com\/sk\/wp-json\/wp\/v2\/product"}],"about":[{"href":"https:\/\/fmp-components.com\/sk\/wp-json\/wp\/v2\/types\/product"}],"replies":[{"embeddable":true,"href":"https:\/\/fmp-components.com\/sk\/wp-json\/wp\/v2\/comments?post=1685"}],"wp:featuredmedia":[{"embeddable":true,"href":"https:\/\/fmp-components.com\/sk\/wp-json\/wp\/v2\/media\/1686"}],"wp:attachment":[{"href":"https:\/\/fmp-components.com\/sk\/wp-json\/wp\/v2\/media?parent=1685"}],"wp:term":[{"taxonomy":"product_brand","embeddable":true,"href":"https:\/\/fmp-components.com\/sk\/wp-json\/wp\/v2\/product_brand?post=1685"},{"taxonomy":"product_cat","embeddable":true,"href":"https:\/\/fmp-components.com\/sk\/wp-json\/wp\/v2\/product_cat?post=1685"},{"taxonomy":"product_tag","embeddable":true,"href":"https:\/\/fmp-components.com\/sk\/wp-json\/wp\/v2\/product_tag?post=1685"}],"curies":[{"name":"pracovn\u00fd list","href":"https:\/\/api.w.org\/{rel}","templated":true}]}}