{"id":1683,"date":"2024-12-23T07:01:59","date_gmt":"2024-12-23T07:01:59","guid":{"rendered":"https:\/\/fmp-components.com\/product\/factory-direct-sale-10-ton-hydraulic-cylinder-telescopic-hydraulic-cylinder-for-dump-truck\/"},"modified":"2025-03-11T06:03:41","modified_gmt":"2025-03-11T06:03:41","slug":"factory-direct-sale-10-ton-hydraulic-cylinder-telescopic-hydraulic-cylinder-for-dump-truck","status":"publish","type":"product","link":"https:\/\/fmp-components.com\/sk\/product\/factory-direct-sale-10-ton-hydraulic-cylinder-telescopic-hydraulic-cylinder-for-dump-truck\/","title":{"rendered":"Priamy predaj z tov\u00e1rne 10-tonov\u00fd hydraulick\u00fd valec Teleskopick\u00fd hydraulick\u00fd valec pre skl\u00e1pa\u010d"},"content":{"rendered":"<h2>Priamy predaj z tov\u00e1rne 10-tonov\u00fd hydraulick\u00fd valec Teleskopick\u00fd hydraulick\u00fd valec pre skl\u00e1pa\u010d<\/h2>\n<p>10-tonov\u00fd teleskopick\u00fd hydraulick\u00fd valec pre skl\u00e1pa\u010de, ktor\u00fd je priamo z v\u00fdroby, je vysoko kvalitn\u00fd hydraulick\u00fd valec navrhnut\u00fd tak, aby odolal \u0165a\u017ek\u00fdm n\u00e1kladom a n\u00e1ro\u010dn\u00fdm prev\u00e1dzkov\u00fdm podmienkam. Je \u0161peci\u00e1lne navrhnut\u00fd pre skl\u00e1pa\u010de a in\u00e9 \u0165a\u017ek\u00e9 aplik\u00e1cie.<\/p>\n<p>Tento hydraulick\u00fd valec sa vyzna\u010duje teleskopickou kon\u0161trukciou, ktor\u00e1 umo\u017e\u0148uje jeho plynul\u00e9 a kontrolovan\u00e9 vys\u00favanie a zas\u00favanie, \u010d\u00edm poskytuje vynikaj\u00facu zdv\u00edhaciu a udr\u017eiavaciu silu. Je tie\u017e vyroben\u00fd z odoln\u00fdch materi\u00e1lov a vysoko kvalitnej kon\u0161trukcie, ktor\u00e1 zaru\u010duje, \u017ee zvl\u00e1dne aj tie najn\u00e1ro\u010dnej\u0161ie \u00falohy.<\/p>\n<p><img decoding=\"async\" src=\"https:\/\/hzpt.com\/wp-content\/uploads\/2023\/11\/Inverted-Telescopic-Cylinder-22.webp\" alt=\"\" title=\"\"><\/p>\n<p>\u010ci u\u017e h\u013ead\u00e1te moderniz\u00e1ciu svojho existuj\u00faceho skl\u00e1pa\u010da alebo potrebujete spo\u013eahliv\u00fd hydraulick\u00fd valec pre nov\u00fa stavbu, 10-tonov\u00fd teleskopick\u00fd hydraulick\u00fd valec pre skl\u00e1pa\u010d, ktor\u00fd je priamo predan\u00fd z v\u00fdroby, je vynikaj\u00facou vo\u013ebou. V\u010faka svojmu v\u00fdnimo\u010dn\u00e9mu v\u00fdkonu, pevnosti a odolnosti v\u00e1m tento hydraulick\u00fd valec ur\u010dite poskytne roky spo\u013eahlivej slu\u017eby aj v t\u00fdch najn\u00e1ro\u010dnej\u0161\u00edch aplik\u00e1ci\u00e1ch.<\/p>\n<div>\n<p>H\u013ead\u00e1te najlep\u0161ie hydraulick\u00e9 stroje? Neh\u013eadajte \u010falej ako n\u00e1\u0161 10-tonov\u00fd hydraulick\u00fd valec priamo z v\u00fdroby!<\/p>\n<table style=\"width: 100%;\" border=\"1\" width=\"100%\" cellspacing=\"0\" cellpadding=\"0\">\n<tbody>\n<tr>\n<th>N\u00e1zov produktu<\/th>\n<td>Najmodernej\u0161\u00ed hydraulick\u00fd valec pre skl\u00e1pa\u010de<\/td>\n<\/tr>\n<tr>\n<th>Stav<\/th>\n<td>Nov\u00e9<\/td>\n<\/tr>\n<tr>\n<th>Z\u00e1ruka<\/th>\n<td>1 rok<\/td>\n<\/tr>\n<tr>\n<th>Hmotnos\u0165 (kg)<\/th>\n<td>48<\/td>\n<\/tr>\n<tr>\n<th>Dizajn<\/th>\n<td>Prisp\u00f4soben\u00e9 pre skl\u00e1pa\u010de<\/td>\n<\/tr>\n<tr>\n<th>Zabezpe\u010denie kvality<\/th>\n<td>V\u00fdstupn\u00e1 videoin\u0161pekcia a spr\u00e1va o teste strojov<\/td>\n<\/tr>\n<tr>\n<th>Pou\u017eite\u013en\u00e9 odvetvia<\/th>\n<td>V\u00fdrobn\u00e9 z\u00e1vody, opravovne strojov, farmy, energetika a ban\u00edctvo a \u010fal\u0161ie<\/td>\n<\/tr>\n<tr>\n<th>V\u00fdkon<\/th>\n<td>\u013dahk\u00fd a \u013eahko ovl\u00e1date\u013en\u00fd<\/td>\n<\/tr>\n<\/tbody>\n<\/table>\n<h2>Vlastnosti hydraulick\u00e9ho valca<\/h2>\n<p>N\u00e1\u0161 hydraulick\u00fd valec pon\u00faka mnoho p\u00f4sobiv\u00fdch funkci\u00ed vr\u00e1tane:<\/p>\n<ul>\n<li>Oce\u013eov\u00fd materi\u00e1l tela pre odolnos\u0165 a dlhotrvaj\u00faci v\u00fdkon.<\/li>\n<li>Maxim\u00e1lny \u0165ah 3000 a maxim\u00e1lny \u0165ah 20 ton zabezpe\u010duj\u00fa v\u00fdkonn\u00fa prev\u00e1dzku.<\/li>\n<li>Invertovan\u00fd teleskopick\u00fd valcov\u00fd typ, vhodn\u00fd pre r\u00f4zne aplik\u00e1cie.<\/li>\n<li>Viacer\u00e9 porty (G\/SAE\/NPT\/M) pre v\u0161estrann\u00e9 pripojenie.<\/li>\n<li>Certifik\u00e1cia ISO9001:2000 zaru\u010duje vysok\u00e9 \u0161tandardy kvality.<\/li>\n<\/ul>\n<h2>Aplik\u00e1cie hydraulick\u00e9ho valca<\/h2>\n<p>Tento hydraulick\u00fd valec sa d\u00e1 pou\u017ei\u0165 v mnoh\u00fdch oblastiach, vr\u00e1tane:<\/p>\n<ul>\n<li>V\u00fdrobn\u00e9 z\u00e1vody na prev\u00e1dzku \u0165a\u017ek\u00fdch strojov.<\/li>\n<li>Opravovne strojov na \u00fadr\u017ebu a gener\u00e1lne opravy zariaden\u00ed.<\/li>\n<li>Farmy na spr\u00e1vu \u0165a\u017ek\u00fdch po\u013enohospod\u00e1rskych strojov.<\/li>\n<li>Energetick\u00fd a \u0165a\u017eobn\u00fd priemysel na riadenie vysokotlakov\u00fdch prev\u00e1dzok.<\/li>\n<li>V\u00fdroba v\u0161eobecn\u00fdch strojov a tov\u00e1rne na r\u00f4zne aplik\u00e1cie.<\/li>\n<\/ul>\n<p><img decoding=\"async\" src=\"https:\/\/hzpt.com\/wp-content\/uploads\/2023\/11\/Inverted-Telescopic-Cylinder-Applications.webp\" alt=\"Aplik\u00e1cie inverzn\u00e9ho teleskopick\u00e9ho valca\" title=\"\"><\/p>\n<h2>Princ\u00edp \u010dinnosti a \u00fadr\u017eba hydraulick\u00e9ho valca<\/h2>\n<p>Hydraulick\u00fd valec funguje na princ\u00edpe vstupnej a v\u00fdstupnej sily hydraulickej kvapaliny. Pravideln\u00e1 kontrola, \u010distenie, mazanie a v\u00fdmena tesnen\u00ed s\u00fa z\u00e1kladn\u00fdmi met\u00f3dami \u00fadr\u017eby, spolu s dodr\u017eiavan\u00edm n\u00e1vodu na obsluhu. Pravideln\u00e9 kontroly a opravy pom\u00e1haj\u00fa zabezpe\u010di\u0165, aby valec zostal v optim\u00e1lnom stave.<\/p>\n<p><img decoding=\"async\" src=\"https:\/\/hzpt.com\/wp-content\/uploads\/2023\/11\/Inverted-Telescopic-Cylinder-6.webp\" alt=\"\" title=\"\"><\/p>\n<\/div>\n<h2>Invertovan\u00fd teleskopick\u00fd valec<\/h2>\n<ul>\n<li style=\"list-style-type: none;\">\n<ul>\n<li>\u00davod<\/li>\n<\/ul>\n<\/li>\n<\/ul>\n<p>Invertovan\u00fd teleskopick\u00fd valec je typ hydraulick\u00e9ho valca, ktor\u00fd sa be\u017ene pou\u017e\u00edva v skl\u00e1pa\u010doch a in\u00fdch \u0165a\u017ek\u00fdch strojoch. Jeho jedine\u010dn\u00fd dizajn umo\u017e\u0148uje kompaktn\u00fa a efekt\u00edvnu prev\u00e1dzku, v\u010faka \u010domu je ob\u013e\u00fabenou vo\u013ebou v r\u00f4znych odvetviach. 10-tonov\u00fd teleskopick\u00fd hydraulick\u00fd valec pre skl\u00e1pa\u010de, ktor\u00fd je v s\u00fa\u010dasnosti na trhu, je jednou z najob\u013e\u00fabenej\u0161\u00edch mo\u017enost\u00ed.<\/p>\n<ul>\n<li style=\"list-style-type: none;\">\n<ul>\n<li>\u0160trukt\u00fara a dizajn<\/li>\n<\/ul>\n<\/li>\n<\/ul>\n<p>Kon\u0161trukcia invertovan\u00e9ho teleskopick\u00e9ho valca sa sklad\u00e1 zo s\u00e9rie vnoren\u00fdch trub\u00edc, pri\u010dom najv\u00e4\u010d\u0161ia trubica je v spodnej \u010dasti a najmen\u0161ia trubica v hornej \u010dasti. Valec funguje tak, \u017ee tieto trubice sa teleskopicky vys\u00favaj\u00fa a zas\u00favaj\u00fa. Vonkaj\u0161ia trubica je pripojen\u00e1 k r\u00e1mu n\u00e1kladn\u00e9ho vozidla, zatia\u013e \u010do vn\u00fatorn\u00e1 trubica je pripojen\u00e1 k korbe, \u010do umo\u017e\u0148uje zdv\u00edhanie a sp\u00fa\u0161\u0165anie korby pod\u013ea potreby.<\/p>\n<p>Jednou z unik\u00e1tnych vlastnost\u00ed inverzn\u00e9ho teleskopick\u00e9ho valca je jeho schopnos\u0165 zasun\u00fa\u0165 sa do seba, v\u010faka \u010domu je ove\u013ea kompaktnej\u0161\u00ed a efekt\u00edvnej\u0161\u00ed ako in\u00e9 typy hydraulick\u00fdch valcov. T\u00e1to kon\u0161trukcia tie\u017e umo\u017e\u0148uje vy\u0161\u0161iu zdv\u00edhaciu kapacitu, preto\u017ee hmotnos\u0165 bremena je rovnomerne rozlo\u017een\u00e1 po celej d\u013a\u017eke valca.<\/p>\n<ul>\n<li style=\"list-style-type: none;\">\n<ul>\n<li>Princ\u00edp fungovania<\/li>\n<\/ul>\n<\/li>\n<\/ul>\n<p>Princ\u00edp fungovania obr\u00e1ten\u00e9ho teleskopick\u00e9ho valca je zalo\u017een\u00fd na Pascalovom z\u00e1kone prenosu tlaku. Ke\u010f sa do valca vstrekuje hydraulick\u00e1 kvapalina, vytvor\u00ed sa tlak, ktor\u00fd sp\u00f4sob\u00ed, \u017ee sa r\u00farky vysun\u00fa a zdvihn\u00fa korbu. Po uvo\u013enen\u00ed kvapaliny sa tlak zn\u00ed\u017ei a r\u00farky sa zasun\u00fa, \u010d\u00edm sa korba vr\u00e1ti do p\u00f4vodnej polohy.<\/p>\n<ul>\n<li style=\"list-style-type: none;\">\n<ul>\n<li>V\u00fdhody<\/li>\n<\/ul>\n<\/li>\n<\/ul>\n<p>Jednou z hlavn\u00fdch v\u00fdhod invertovan\u00e9ho teleskopick\u00e9ho valca je jeho kompaktn\u00fd dizajn, ktor\u00fd umo\u017e\u0148uje jednoduch\u00fa in\u0161tal\u00e1ciu a priestorovo \u00fasporn\u00fa prev\u00e1dzku. Rovnomern\u00e9 rozlo\u017eenie hmotnosti po celej d\u013a\u017eke valca navy\u0161e umo\u017e\u0148uje vy\u0161\u0161iu nosnos\u0165 a efekt\u00edvnej\u0161iu prev\u00e1dzku. Teleskopick\u00fd hydraulick\u00fd valec s nosnos\u0165ou 10 ton pre skl\u00e1pa\u010de, ktor\u00fd je priamo z v\u00fdroby, je skvelou vo\u013ebou pre t\u00fdch, ktor\u00ed h\u013eadaj\u00fa spo\u013eahliv\u00fd a efekt\u00edvny hydraulick\u00fd valec.<\/p>\n<ul>\n<li style=\"list-style-type: none;\">\n<ul>\n<li>Aplik\u00e1cie<\/li>\n<\/ul>\n<\/li>\n<\/ul>\n<p>Invertovan\u00fd teleskopick\u00fd valec sa be\u017ene pou\u017e\u00edva v skl\u00e1pa\u010doch a in\u00fdch \u0165a\u017ek\u00fdch strojoch, kde je potrebn\u00fd kompaktn\u00fd a efekt\u00edvny zdv\u00edhac\u00ed mechanizmus. Pou\u017e\u00edva sa aj v r\u00f4znych in\u00fdch aplik\u00e1ci\u00e1ch, ako s\u00fa po\u013enohospod\u00e1rske stroje, stavebn\u00e9 zariadenia a bansk\u00e9 stroje.<\/p>\n<h3>O FMP<\/h3>\n<p>FMP je spolo\u010dnos\u0165, ktor\u00e1 sa \u0161pecializuje na v\u00fdrobu a predaj hydraulick\u00fdch valcov. V\u010faka dlhoro\u010dn\u00fdm sk\u00fasenostiam v odbore a profesion\u00e1lnemu t\u00edmu poskytujeme z\u00e1kazn\u00edkom vysoko kvalitn\u00e9 a spo\u013eahliv\u00e9 hydraulick\u00e9 valce pre stavebn\u00e9 stroje.<\/p>\n<p><img decoding=\"async\" src=\"https:\/\/fmp-components.com\/wp-content\/uploads\/2024\/12\/Adjustable-Clevis-Type-Cylinders-6.webp\" alt=\"Nastavite\u013en\u00fd valec typu Clevis\" width=\"843\" title=\"\"><\/p>\n<p>Tu je p\u00e4\u0165 d\u00f4vodov, pre\u010do by ste si mali vybra\u0165 na\u0161e hydraulick\u00e9 valce:<\/p>\n<ol>\n<li><strong>Rozmanit\u00fd sortiment produktov:<\/strong> Pon\u00fakame \u0161irok\u00fd sortiment hydraulick\u00fdch valcov, ktor\u00e9 uspokoja r\u00f4zne potreby v odvetv\u00ed stavebn\u00fdch strojov. N\u00e1\u0161 sortiment zah\u0155\u0148a nastavite\u013en\u00e9 valce s vidlicov\u00fdm uchyten\u00edm, zv\u00e1ran\u00e9 valce, valce s \u0165aha\u010dom a \u010fal\u0161ie.<\/li>\n<li><strong>Vynikaj\u00faca kvalita:<\/strong> Zabezpe\u010dujeme, aby v\u0161etky na\u0161e hydraulick\u00e9 valce sp\u013a\u0148ali pr\u00edsne normy kvality. Ka\u017ed\u00fd valec je vyroben\u00fd s presnos\u0165ou a d\u00f4razom na detail, \u010do zaru\u010duje vynikaj\u00faci v\u00fdkon a odolnos\u0165.<\/li>\n<li><strong>Spo\u013eahliv\u00fd v\u00fdkon:<\/strong> Na\u0161e hydraulick\u00e9 valce s\u00fa navrhnut\u00e9 tak, aby poskytovali konzistentn\u00fd a spo\u013eahliv\u00fd v\u00fdkon aj v n\u00e1ro\u010dn\u00fdch pracovn\u00fdch podmienkach. S\u00fa skon\u0161truovan\u00e9 tak, aby odolali vysok\u00fdm za\u0165a\u017eeniam a zabezpe\u010dili plynul\u00fd chod.<\/li>\n<li><strong>Odborn\u00fd obchodn\u00fd t\u00edm:<\/strong> N\u00e1\u0161 sk\u00fasen\u00fd obchodn\u00fd t\u00edm m\u00e1 rozsiahle znalosti v odvetv\u00ed stavebn\u00fdch strojov a rozumie potreb\u00e1m z\u00e1kazn\u00edkov. Vie poskytn\u00fa\u0165 profesion\u00e1lne poradenstvo oh\u013eadom produktov, odpoveda\u0165 na v\u0161etky va\u0161e ot\u00e1zky a pon\u00faknu\u0165 inteligentn\u00e9 n\u00e1vrhy na n\u00e1kup.<\/li>\n<li><strong>Efekt\u00edvna logistika:<\/strong> M\u00e1me zaveden\u00fd efekt\u00edvny logistick\u00fd distribu\u010dn\u00fd syst\u00e9m, aby sme zabezpe\u010dili, \u017ee dostanete po\u017eadovan\u00e9 hydraulick\u00e9 valce v\u010das a presne. Ch\u00e1peme d\u00f4le\u017eitos\u0165 minimaliz\u00e1cie prestojov a sna\u017e\u00edme sa zabezpe\u010di\u0165 r\u00fdchle dodanie.<\/li>\n<\/ol>\n<p>Vyberte si FMP, ak h\u013ead\u00e1te hydraulick\u00e9 valce najvy\u0161\u0161ej kvality, ktor\u00e9 splnia va\u0161e potreby v oblasti stavebn\u00fdch strojov. Kontaktujte n\u00e1s e\u0161te dnes, aby sme prediskutovali va\u0161e po\u017eiadavky a n\u00e1\u0161 t\u00edm v\u00e1m pomohol n\u00e1js\u0165 perfektn\u00e9 rie\u0161enie pre hydraulick\u00e9 valce.<\/p>\n<p>Autor: CX<\/p>","protected":false},"excerpt":{"rendered":"<p>Factory Direct Sale 10 Ton Hydraulic Cylinder Telescopic Hydraulic Cylinder For Dump Truck The Factory Direct Sale 10 Ton Hydraulic Cylinder Telescopic Hydraulic Cylinder For Dump Truck is a high-quality hydraulic cylinder designed to withstand heavy loads and harsh operating conditions. It is specifically engineered for dump trucks and other heavy-duty applications. This hydraulic cylinder [&hellip;]<\/p>","protected":false},"featured_media":1684,"comment_status":"closed","ping_status":"closed","template":"","meta":{"_et_pb_use_builder":"","_et_pb_old_content":"","_et_gb_content_width":""},"product_brand":[],"product_cat":[45],"product_tag":[34,48],"class_list":{"0":"post-1683","1":"product","2":"type-product","3":"status-publish","4":"has-post-thumbnail","6":"product_cat-inverted-telescopic-cylinder","7":"product_tag-hydraulic-cylinder","8":"product_tag-inverted-telescopic-cylinder","10":"first","11":"instock","12":"product-type-simple"},"_links":{"self":[{"href":"https:\/\/fmp-components.com\/sk\/wp-json\/wp\/v2\/product\/1683","targetHints":{"allow":["GET"]}}],"collection":[{"href":"https:\/\/fmp-components.com\/sk\/wp-json\/wp\/v2\/product"}],"about":[{"href":"https:\/\/fmp-components.com\/sk\/wp-json\/wp\/v2\/types\/product"}],"replies":[{"embeddable":true,"href":"https:\/\/fmp-components.com\/sk\/wp-json\/wp\/v2\/comments?post=1683"}],"wp:featuredmedia":[{"embeddable":true,"href":"https:\/\/fmp-components.com\/sk\/wp-json\/wp\/v2\/media\/1684"}],"wp:attachment":[{"href":"https:\/\/fmp-components.com\/sk\/wp-json\/wp\/v2\/media?parent=1683"}],"wp:term":[{"taxonomy":"product_brand","embeddable":true,"href":"https:\/\/fmp-components.com\/sk\/wp-json\/wp\/v2\/product_brand?post=1683"},{"taxonomy":"product_cat","embeddable":true,"href":"https:\/\/fmp-components.com\/sk\/wp-json\/wp\/v2\/product_cat?post=1683"},{"taxonomy":"product_tag","embeddable":true,"href":"https:\/\/fmp-components.com\/sk\/wp-json\/wp\/v2\/product_tag?post=1683"}],"curies":[{"name":"pracovn\u00fd list","href":"https:\/\/api.w.org\/{rel}","templated":true}]}}