{"id":1681,"date":"2024-12-23T07:01:59","date_gmt":"2024-12-23T07:01:59","guid":{"rendered":"https:\/\/fmp-components.com\/product\/high-quality-dump-trailer-long-stroke-hydraulic-cylinder-telescopic-hydraulic-cylinder\/"},"modified":"2025-03-11T06:03:24","modified_gmt":"2025-03-11T06:03:24","slug":"high-quality-dump-trailer-long-stroke-hydraulic-cylinder-telescopic-hydraulic-cylinder","status":"publish","type":"product","link":"https:\/\/fmp-components.com\/sk\/product\/high-quality-dump-trailer-long-stroke-hydraulic-cylinder-telescopic-hydraulic-cylinder\/","title":{"rendered":"Vysokokvalitn\u00fd hydraulick\u00fd valec s dlh\u00fdm zdvihom pre skl\u00e1pacie pr\u00edvesy, teleskopick\u00fd hydraulick\u00fd valec"},"content":{"rendered":"<h2>Predstavujeme vysoko kvalitn\u00fd teleskopick\u00fd hydraulick\u00fd valec s dlh\u00fdm zdvihom pre skl\u00e1pacie pr\u00edvesy:<\/h2>\n<p>Vysokokvalitn\u00fd teleskopick\u00fd hydraulick\u00fd valec s dlh\u00fdm zdvihom pre skl\u00e1pacie pr\u00edvesy je \u0161pi\u010dkov\u00fd produkt navrhnut\u00fd pre optim\u00e1lny v\u00fdkon a odolnos\u0165. V\u010faka pokro\u010dil\u00fdm funkci\u00e1m a vynikaj\u00facemu kon\u0161truk\u010dn\u00e9mu spracovaniu je tento hydraulick\u00fd valec ide\u00e1lny pre skl\u00e1pacie pr\u00edvesy a in\u00e9 \u0165a\u017ek\u00e9 aplik\u00e1cie.<\/p>\n<p>Tento hydraulick\u00fd valec pon\u00faka v\u00fdnimo\u010dn\u00fa pevnos\u0165 a stabilitu, \u010do umo\u017e\u0148uje plynul\u00fd a efekt\u00edvny chod. Jeho kon\u0161trukcia s dlh\u00fdm zdvihom umo\u017e\u0148uje v\u00e4\u010d\u0161\u00ed rozsah pohybu, v\u010faka \u010domu je vhodn\u00fd na r\u00f4zne zdv\u00edhacie a vykladacie \u00falohy. \u010ci u\u017e potrebujete vylo\u017ei\u0165 materi\u00e1l alebo prepravova\u0165 \u0165a\u017ek\u00e9 bremen\u00e1, tento valec zaru\u010duje spo\u013eahliv\u00fd v\u00fdkon zaka\u017ed\u00fdm.<\/p>\n<p><img decoding=\"async\" src=\"https:\/\/hzpt.com\/wp-content\/uploads\/2023\/11\/Inverted-Telescopic-Cylinder-24.webp\" alt=\"\" title=\"\"><\/p>\n<p>Tento hydraulick\u00fd valec je vyroben\u00fd z vysoko kvalitn\u00fdch materi\u00e1lov a je skon\u0161truovan\u00fd tak, aby odolal extr\u00e9mnym podmienkam a intenz\u00edvnemu pou\u017e\u00edvaniu. Jeho teleskopick\u00e1 kon\u0161trukcia umo\u017e\u0148uje jednoduch\u00fa in\u0161tal\u00e1ciu a \u00fadr\u017ebu, \u010d\u00edm sa skracuj\u00fa prestoje a zvy\u0161uje produktivita. Presn\u00e9 spracovanie zais\u0165uje minim\u00e1lne opotrebenie a predl\u017euje \u017eivotnos\u0165 valca.<\/p>\n<p>Bezpe\u010dnos\u0165 je pri tomto hydraulickom valci najvy\u0161\u0161ou prioritou. Je vybaven\u00fd robustn\u00fdmi bezpe\u010dnostn\u00fdmi prvkami, ktor\u00e9 predch\u00e1dzaj\u00fa nehod\u00e1m a zais\u0165uj\u00fa ochranu obsluhy. Pokro\u010dil\u00fd hydraulick\u00fd syst\u00e9m valca poskytuje plynul\u00e9 a presn\u00e9 ovl\u00e1danie, \u010do umo\u017e\u0148uje bezpe\u010dn\u00fa a efekt\u00edvnu prev\u00e1dzku.<\/p>\n<p>Okrem v\u00fdnimo\u010dn\u00e9ho v\u00fdkonu je tento hydraulick\u00fd valec vyroben\u00fd renomovan\u00fdm v\u00fdrobcom. V\u010faka bohat\u00fdm sk\u00fasenostiam s v\u00fdrobou spo\u013eahliv\u00fdch a vysoko kvalitn\u00fdch produktov sa m\u00f4\u017eete spo\u013eahn\u00fa\u0165 na odolnos\u0165 a dlh\u00fa \u017eivotnos\u0165 tohto hydraulick\u00e9ho valca.<\/p>\n<p>Z\u00e1verom mo\u017eno poveda\u0165, \u017ee vysoko kvalitn\u00fd hydraulick\u00fd valec s dlh\u00fdm zdvihom a teleskopick\u00fd hydraulick\u00fd valec pre skl\u00e1pacie pr\u00edvesy je ide\u00e1lnym rie\u0161en\u00edm pre va\u0161e potreby zdv\u00edhania a skl\u00e1dkovania \u0165a\u017ek\u00fdch n\u00e1kladov. V\u010faka svojmu vynikaj\u00facemu v\u00fdkonu, odolnosti a bezpe\u010dnostn\u00fdm prvkom tento hydraulick\u00fd valec prekon\u00e1 va\u0161e o\u010dak\u00e1vania a poskytne spo\u013eahliv\u00fa prev\u00e1dzku po mnoho rokov.<\/p>\n<table style=\"width: 100%;\" border=\"1\" width=\"100%\" cellspacing=\"0\" cellpadding=\"0\">\n<tbody>\n<tr>\n<th>N\u00e1zov produktu<\/th>\n<td>Vysokokvalitn\u00fd hydraulick\u00fd valec s dlh\u00fdm zdvihom pre skl\u00e1pacie pr\u00edvesy<\/td>\n<\/tr>\n<tr>\n<th>Stav<\/th>\n<td>Nov\u00e9 (2023)<\/td>\n<\/tr>\n<tr>\n<th>Z\u00e1ruka<\/th>\n<td>1 rok<\/td>\n<\/tr>\n<tr>\n<th>Typ<\/th>\n<td>\u0160tandardn\u00fd piestov\u00fd valec<\/td>\n<\/tr>\n<tr>\n<th>Zdroj energie<\/th>\n<td>Hydraulick\u00e9<\/td>\n<\/tr>\n<tr>\n<th>Materi\u00e1l tela<\/th>\n<td>Oce\u013e<\/td>\n<\/tr>\n<tr>\n<th>Maxim\u00e1lny \u0165ah<\/th>\n<td>3000<\/td>\n<\/tr>\n<tr>\n<th>Maxim\u00e1lny \u0165ah<\/th>\n<td>20 ton<\/td>\n<\/tr>\n<tr>\n<th>Ve\u013ekos\u0165 otvoru<\/th>\n<td>2 \u2013 6 palcov<\/td>\n<\/tr>\n<tr>\n<th>Ve\u013ekos\u0165 ty\u010de<\/th>\n<td>1,125 \u2013 4 palce<\/td>\n<\/tr>\n<tr>\n<th>Ve\u013ekos\u0165 \u0165ahu<\/th>\n<td>6 \u2013 48 palcov<\/td>\n<\/tr>\n<tr>\n<th>Ve\u013ekos\u0165 \u010dapu<\/th>\n<td>0,5 \u2013 2 palce<\/td>\n<\/tr>\n<tr>\n<th>Certifik\u00e1cia<\/th>\n<td>ISO 9001:2000<\/td>\n<\/tr>\n<tr>\n<th>Farba<\/th>\n<td>\u010cierna<\/td>\n<\/tr>\n<tr>\n<th>Porty<\/th>\n<td>G\/SAE\/NPT\/M<\/td>\n<\/tr>\n<tr>\n<th>Pou\u017eite\u013en\u00e9 odvetvia<\/th>\n<td>V\u00fdrobn\u00e9 z\u00e1vody, Opravovne strojov, Farmy, Energetika a ban\u00edctvo, V\u00fdroba strojov, Stroj\u00e1rne<\/td>\n<\/tr>\n<\/tbody>\n<\/table>\n<h2>Vlastnosti teleskopick\u00e9ho hydraulick\u00e9ho valca<\/h2>\n<ol>\n<li>Je to nov\u00fd produkt z roku 2023, ktor\u00fd zaru\u010duje, \u017ee je v s\u00falade s najnov\u0161\u00edmi technologick\u00fdmi pokrokmi.<\/li>\n<li>Produkt je dod\u00e1van\u00fd s 1-ro\u010dnou z\u00e1rukou, ktor\u00e1 poskytuje istotu jeho kvality a spo\u013eahlivosti.<\/li>\n<li>Je certifikovan\u00fd pod\u013ea ISO 9001:2000, \u010do znamen\u00e1, \u017ee sp\u013a\u0148a medzin\u00e1rodn\u00e9 \u0161tandardy kvality a bezpe\u010dnosti.<\/li>\n<li>M\u00e1 maxim\u00e1lny \u0165ah 3000 a maxim\u00e1lny \u0165ah 20 ton, \u010do poskytuje siln\u00fd v\u00fdkon.<\/li>\n<li>M\u00e1 \u0161irok\u00fa \u0161k\u00e1lu aplik\u00e1ci\u00ed vr\u00e1tane v\u00fdrobn\u00fdch z\u00e1vodov, opravovn\u00ed strojov, fariem, energetiky a ban\u00edctva, v\u00fdroby strojov a stroj\u00e1rskych z\u00e1vodov.<\/li>\n<\/ol>\n<h2>Aplik\u00e1cie teleskopick\u00e9ho hydraulick\u00e9ho valca<\/h2>\n<ol>\n<li>\n<ol>\n<li>V\u00fdrobn\u00e9 z\u00e1vody: Pou\u017e\u00edvaj\u00fa sa v \u0165a\u017ek\u00fdch strojoch na v\u00fdrobn\u00e9 oper\u00e1cie.<\/li>\n<li>Opravovne strojov: Nevyhnutn\u00e9 na opravu a \u00fadr\u017ebu \u0165a\u017ek\u00fdch zariaden\u00ed.<\/li>\n<li>Farmy: Pou\u017e\u00edvaj\u00fa sa v \u0165a\u017ek\u00fdch po\u013enohospod\u00e1rskych strojoch na u\u013eah\u010denie r\u00f4znych po\u013enohospod\u00e1rskych oper\u00e1ci\u00ed.<\/li>\n<li>Energia a ban\u00edctvo: Pou\u017e\u00edva sa v \u0165a\u017ek\u00fdch strojoch na \u0165a\u017eobn\u00e9 a v\u00fdrobn\u00e9 procesy.<\/li>\n<li>V\u00fdroba strojov: D\u00f4le\u017eit\u00e1 s\u00fa\u010das\u0165 pri v\u00fdrobe r\u00f4znych typov strojov.<\/li>\n<\/ol>\n<\/li>\n<\/ol>\n<p><img decoding=\"async\" src=\"https:\/\/hzpt.com\/wp-content\/uploads\/2023\/11\/Inverted-Telescopic-Cylinder-Applications.webp\" alt=\"Aplik\u00e1cie inverzn\u00e9ho teleskopick\u00e9ho valca\" title=\"\"><\/p>\n<h2>Princ\u00edp \u010dinnosti a \u00fadr\u017eba hydraulick\u00e9ho valca<\/h2>\n<p>Vysokokvalitn\u00fd teleskopick\u00fd hydraulick\u00fd valec s dlh\u00fdm zdvihom pre skl\u00e1pacie pr\u00edvesy funguje tak, \u017ee premie\u0148a tlak hydraulickej kvapaliny na silu. Hydraulick\u00e1 kvapalina je priv\u00e1dzan\u00e1 do valca cez otvory a vyv\u00edja tlak na piest, ktor\u00fd sa pohybuje a vyv\u00edja silu na bremeno. Pre \u00fadr\u017ebu je nevyhnutn\u00e1 pravideln\u00e1 kontrola a \u010distenie valca. Mazanie zais\u0165uje plynul\u00fd chod, zatia\u013e \u010do pravideln\u00e9 kontroly a opravy pom\u00e1haj\u00fa v\u010das identifikova\u0165 a rie\u0161i\u0165 probl\u00e9my. V\u00fdmena tesnen\u00ed je tie\u017e d\u00f4le\u017eit\u00e1, preto\u017ee opotrebovan\u00e9 tesnenia m\u00f4\u017eu vies\u0165 k netesnostiam. Nakoniec v\u017edy dodr\u017eiavajte pokyny pre \u00fadr\u017ebu a prev\u00e1dzkov\u00e9 pokyny v n\u00e1vode na obsluhu.<img decoding=\"async\" src=\"https:\/\/hzpt.com\/wp-content\/uploads\/2023\/11\/Inverted-Telescopic-Cylinder-19.webp\" alt=\"\" title=\"\"><\/p>\n<h2>Invertovan\u00fd teleskopick\u00fd valec<\/h2>\n<p>Invertovan\u00fd teleskopick\u00fd valec je typ hydraulick\u00e9ho valca, ktor\u00fd m\u00e1 jedine\u010dn\u00fd dizajn a poskytuje oproti in\u00fdm typom valcov nieko\u013eko v\u00fdhod. Be\u017ene sa pou\u017e\u00edva v \u0165a\u017ek\u00fdch zariadeniach, ako s\u00fa skl\u00e1pa\u010de, \u017eeriavy a bagre. V tomto \u010dl\u00e1nku sa podrobne budeme venova\u0165 vlastnostiam a v\u00fdhod\u00e1m invertovan\u00e9ho teleskopick\u00e9ho valca.<\/p>\n<h3>Vlastnosti inverzn\u00e9ho teleskopick\u00e9ho valca<\/h3>\n<ul>\n<li><strong>Vysok\u00e1 kvalita:<\/strong> Inverzn\u00fd teleskopick\u00fd valec je vyroben\u00fd z vysoko kvalitn\u00fdch materi\u00e1lov, v\u010faka ktor\u00fdm je trv\u00e1cny a odoln\u00fd vo\u010di opotrebovaniu. To zaru\u010duje, \u017ee odol\u00e1 \u0165a\u017ek\u00fdm n\u00e1kladom a n\u00e1ro\u010dn\u00fdm pracovn\u00fdm podmienkam.<\/li>\n<li><strong>Dlh\u00fd zdvih:<\/strong> Dlh\u00fd zdvih valca znamen\u00e1, \u017ee sa m\u00f4\u017ee vys\u00fava\u0165 alebo zas\u00fava\u0165 do v\u00e4\u010d\u0161ej vzdialenosti, v\u010faka \u010domu je vhodn\u00fd na pou\u017eitie v \u0165a\u017ek\u00fdch zariadeniach, ktor\u00e9 vy\u017eaduj\u00fa ve\u013ek\u00fd v\u00fdkon a nosnos\u0165.<\/li>\n<li><strong>Teleskopick\u00fd dizajn:<\/strong> Teleskopick\u00e1 kon\u0161trukcia valca znamen\u00e1, \u017ee sa d\u00e1 vys\u00fava\u0165 alebo s\u0165ahova\u0165 po sekci\u00e1ch, \u010do umo\u017e\u0148uje v\u00e4\u010d\u0161iu flexibilitu a presnos\u0165 pri zdv\u00edhan\u00ed \u0165a\u017ek\u00fdch bremien alebo vykon\u00e1van\u00ed in\u00fdch \u00faloh.<\/li>\n<\/ul>\n<h3>V\u00fdhody inverzn\u00e9ho teleskopick\u00e9ho valca<\/h3>\n<p>Inverzn\u00fd teleskopick\u00fd valec poskytuje oproti in\u00fdm typom hydraulick\u00fdch valcov nieko\u013eko v\u00fdhod. Medzi tieto v\u00fdhody patria:<\/p>\n<ul>\n<li><strong>V\u00e4\u010d\u0161ia zdv\u00edhacia kapacita:<\/strong> Dlh\u00fd zdvih a teleskopick\u00e1 kon\u0161trukcia valca znamenaj\u00fa, \u017ee dok\u00e1\u017ee poskytn\u00fa\u0165 v\u00e4\u010d\u0161iu nosnos\u0165, v\u010faka \u010domu je vhodn\u00fd na pou\u017eitie v \u0165a\u017ek\u00fdch zariadeniach, ktor\u00e9 vy\u017eaduj\u00fa ve\u013ek\u00fd v\u00fdkon a nosnos\u0165.<\/li>\n<li><strong>Presn\u00e9 ovl\u00e1danie:<\/strong> Teleskopick\u00e1 kon\u0161trukcia valca umo\u017e\u0148uje presnej\u0161ie ovl\u00e1danie pri zdv\u00edhan\u00ed \u0165a\u017ek\u00fdch bremien alebo vykon\u00e1van\u00ed in\u00fdch \u00faloh, \u010do je d\u00f4le\u017eit\u00e9 v odvetviach ako stavebn\u00edctvo a ban\u00edctvo, kde je bezpe\u010dnos\u0165 najvy\u0161\u0161ou prioritou.<\/li>\n<li><strong>Menej \u00fadr\u017eby:<\/strong> V\u010faka vysokokvalitn\u00fdm materi\u00e1lom pou\u017eit\u00fdm pri kon\u0161trukcii obr\u00e1ten\u00e9ho teleskopick\u00e9ho valca je odoln\u00fd vo\u010di opotrebovaniu, \u010do znamen\u00e1, \u017ee v porovnan\u00ed s in\u00fdmi typmi valcov vy\u017eaduje menej \u00fadr\u017eby.<\/li>\n<li><strong>Zv\u00fd\u0161en\u00e1 \u00fa\u010dinnos\u0165:<\/strong> Kon\u0161trukcia obr\u00e1ten\u00e9ho teleskopick\u00e9ho valca umo\u017e\u0148uje lep\u0161iu \u00fa\u010dinnos\u0165 pri zdv\u00edhan\u00ed \u0165a\u017ek\u00fdch bremien alebo vykon\u00e1van\u00ed in\u00fdch \u00faloh, \u010do m\u00f4\u017ee vies\u0165 k ni\u017e\u0161\u00edm n\u00e1kladom na energiu a vy\u0161\u0161ej celkovej produktivite.<\/li>\n<\/ul>\n<p>Invertovan\u00fd teleskopick\u00fd valec je jedine\u010dn\u00fd typ hydraulick\u00e9ho valca, ktor\u00fd poskytuje oproti in\u00fdm typom valcov nieko\u013eko v\u00fdhod. Jeho vysoko kvalitn\u00e1 kon\u0161trukcia, dlh\u00fd zdvih a teleskopick\u00e1 kon\u0161trukcia ho predur\u010duj\u00fa na pou\u017eitie v \u0165a\u017ek\u00fdch zariadeniach, ako s\u00fa skl\u00e1pa\u010de, \u017eeriavy a bagre. Presn\u00e9 ovl\u00e1danie, v\u00e4\u010d\u0161ia nosnos\u0165 a vylep\u0161en\u00e1 \u00fa\u010dinnos\u0165 valca z neho robia nevyhnutn\u00fa s\u00fa\u010das\u0165 v r\u00f4znych odvetviach, kde sa vy\u017eaduje zdv\u00edhanie \u0165a\u017ek\u00fdch bremien. Ak h\u013ead\u00e1te spo\u013eahliv\u00fd a odoln\u00fd hydraulick\u00fd valec pre va\u0161e \u0165a\u017ek\u00e9 zariadenia, zv\u00e1\u017ete invertovan\u00fd teleskopick\u00fd valec.<\/p>\n<h3>O FMP<\/h3>\n<p>FMP je spolo\u010dnos\u0165, ktor\u00e1 sa \u0161pecializuje na v\u00fdrobu a predaj hydraulick\u00fdch valcov. S na\u0161\u00edm s\u00eddlom v Taliansku m\u00e1me rozsiahle sk\u00fasenosti v odvetv\u00ed stavebn\u00fdch strojov a \u0161pecializovan\u00fd t\u00edm odborn\u00edkov. Pon\u00fakame vysoko kvalitn\u00e9 a spo\u013eahliv\u00e9 hydraulick\u00e9 valce spolu so \u0161irokou \u0161k\u00e1lou \u010fal\u0161\u00edch dielov a rie\u0161en\u00ed pre stavebn\u00e9 stroje.<\/p>\n<p><strong>1. \u0160irok\u00fd sortiment produktov:<\/strong> N\u00e1\u0161 sortiment zah\u0155\u0148a r\u00f4zne typy hydraulick\u00fdch valcov, ktor\u00e9 uspokoja r\u00f4zne potreby v odvetv\u00ed stavebn\u00fdch strojov.<\/p>\n<p><strong>2. Vynikaj\u00faca kvalita:<\/strong> Vybudovali sme si dlhodob\u00e9 a stabiln\u00e9 partnerstv\u00e1 s vysoko kvalitn\u00fdmi dod\u00e1vate\u013emi z dom\u00e1ceho aj medzin\u00e1rodn\u00e9ho trhu. To zaru\u010duje, \u017ee v\u0161etky na\u0161e hydraulick\u00e9 valce sp\u013a\u0148aj\u00fa pr\u00edsne normy kvality a na\u0161im z\u00e1kazn\u00edkom poskytujeme spo\u013eahliv\u00e9 a odoln\u00e9 produkty.<\/p>\n<p><strong>3. Profesion\u00e1lny obchodn\u00fd t\u00edm:<\/strong> N\u00e1\u0161 sk\u00fasen\u00fd obchodn\u00fd t\u00edm m\u00e1 bohat\u00e9 znalosti o najnov\u0161\u00edch trendoch a po\u017eiadavk\u00e1ch z\u00e1kazn\u00edkov v odvetv\u00ed stavebn\u00fdch strojov. Dok\u00e1\u017ee poskytn\u00fa\u0165 profesion\u00e1lne konzult\u00e1cie o produktoch a pon\u00faknu\u0165 inteligentn\u00e9 n\u00e1vrhy na n\u00e1kup, ktor\u00e9 z\u00e1kazn\u00edkom pom\u00f4\u017eu vybra\u0165 najvhodnej\u0161\u00ed hydraulick\u00fd valec pre ich \u0161pecifick\u00e9 potreby.<\/p>\n<p><strong>4. Efekt\u00edvna logistick\u00e1 distrib\u00facia:<\/strong> V spolo\u010dnosti FMP ch\u00e1peme d\u00f4le\u017eitos\u0165 v\u010dasn\u00e9ho a presn\u00e9ho dodania. N\u00e1\u0161 efekt\u00edvny logistick\u00fd distribu\u010dn\u00fd syst\u00e9m zabezpe\u010duje, \u017ee z\u00e1kazn\u00edci dostan\u00fa po\u017eadovan\u00e9 diely v\u010das, \u010d\u00edm sa minimalizuj\u00fa prestoje a maximalizuje produktivita.<\/p>\n<p><strong>5. Z\u00e1v\u00e4zok k spokojnosti z\u00e1kazn\u00edkov:<\/strong> Uprednost\u0148ujeme spokojnos\u0165 z\u00e1kazn\u00edkov a sna\u017e\u00edme sa poskytova\u0165 v\u00fdnimo\u010dn\u00e9 slu\u017eby. N\u00e1\u0161 t\u00edm sa venuje promptne odpovedi na v\u0161etky ot\u00e1zky alebo obavy, aby sme na\u0161im v\u00e1\u017een\u00fdm z\u00e1kazn\u00edkom zabezpe\u010dili hladk\u00fd a pr\u00edjemn\u00fd z\u00e1\u017eitok.<\/p>\n<p><img decoding=\"async\" src=\"https:\/\/fmp-components.com\/wp-content\/uploads\/2024\/12\/Adjustable-Clevis-Type-Cylinders-6.webp\" alt=\"Nastavite\u013en\u00fd valec typu Clevis\" width=\"842\" title=\"\"><br \/>\nAutor: CX<\/p>","protected":false},"excerpt":{"rendered":"<p>Introducing High Quality Dump Trailer Long Stroke Hydraulic Cylinder Telescopic Hydraulic Cylinder: The High Quality Dump Trailer Long Stroke Hydraulic Cylinder Telescopic Hydraulic Cylinder is a top-notch product designed for optimum performance and durability. With its advanced features and superior engineering, this hydraulic cylinder is perfect for dump trailers and other heavy-duty applications. This hydraulic [&hellip;]<\/p>","protected":false},"featured_media":1682,"comment_status":"closed","ping_status":"closed","template":"","meta":{"_et_pb_use_builder":"","_et_pb_old_content":"","_et_gb_content_width":""},"product_brand":[],"product_cat":[45],"product_tag":[34,48],"class_list":{"0":"post-1681","1":"product","2":"type-product","3":"status-publish","4":"has-post-thumbnail","6":"product_cat-inverted-telescopic-cylinder","7":"product_tag-hydraulic-cylinder","8":"product_tag-inverted-telescopic-cylinder","10":"first","11":"instock","12":"product-type-simple"},"_links":{"self":[{"href":"https:\/\/fmp-components.com\/sk\/wp-json\/wp\/v2\/product\/1681","targetHints":{"allow":["GET"]}}],"collection":[{"href":"https:\/\/fmp-components.com\/sk\/wp-json\/wp\/v2\/product"}],"about":[{"href":"https:\/\/fmp-components.com\/sk\/wp-json\/wp\/v2\/types\/product"}],"replies":[{"embeddable":true,"href":"https:\/\/fmp-components.com\/sk\/wp-json\/wp\/v2\/comments?post=1681"}],"wp:featuredmedia":[{"embeddable":true,"href":"https:\/\/fmp-components.com\/sk\/wp-json\/wp\/v2\/media\/1682"}],"wp:attachment":[{"href":"https:\/\/fmp-components.com\/sk\/wp-json\/wp\/v2\/media?parent=1681"}],"wp:term":[{"taxonomy":"product_brand","embeddable":true,"href":"https:\/\/fmp-components.com\/sk\/wp-json\/wp\/v2\/product_brand?post=1681"},{"taxonomy":"product_cat","embeddable":true,"href":"https:\/\/fmp-components.com\/sk\/wp-json\/wp\/v2\/product_cat?post=1681"},{"taxonomy":"product_tag","embeddable":true,"href":"https:\/\/fmp-components.com\/sk\/wp-json\/wp\/v2\/product_tag?post=1681"}],"curies":[{"name":"pracovn\u00fd list","href":"https:\/\/api.w.org\/{rel}","templated":true}]}}