{"id":1675,"date":"2024-12-23T07:00:44","date_gmt":"2024-12-23T07:00:44","guid":{"rendered":"https:\/\/fmp-components.com\/product\/guaranteed-quality-10-ton-long-stroke-telescopic-hydraulic-cylinder\/"},"modified":"2025-03-11T06:09:53","modified_gmt":"2025-03-11T06:09:53","slug":"guaranteed-quality-10-ton-long-stroke-telescopic-hydraulic-cylinder","status":"publish","type":"product","link":"https:\/\/fmp-components.com\/sk\/product\/guaranteed-quality-10-ton-long-stroke-telescopic-hydraulic-cylinder\/","title":{"rendered":"Zaru\u010den\u00fd kvalitn\u00fd teleskopick\u00fd hydraulick\u00fd valec s dlh\u00fdm zdvihom 10 ton"},"content":{"rendered":"<h2>Predstavujeme 10-tonov\u00fd teleskopick\u00fd hydraulick\u00fd valec s dlh\u00fdm zdvihom a zaru\u010denou kvalitou<\/h2>\n<p>Teleskopick\u00fd hydraulick\u00fd valec s dlh\u00fdm zdvihom a zaru\u010denou kvalitou 10 ton je vysoko kvalitn\u00fd produkt ur\u010den\u00fd pre r\u00f4zne priemyseln\u00e9 aplik\u00e1cie. V\u010faka svojej p\u00f4sobivej nosnosti 10 ton pon\u00faka v\u00fdnimo\u010dn\u00fa pevnos\u0165 a v\u00fdkon.<\/p>\n<p>Tento hydraulick\u00fd valec sa vyzna\u010duje kon\u0161trukciou s dlh\u00fdm zdvihom, ktor\u00e1 mu umo\u017e\u0148uje vys\u00favanie a zas\u00favanie na v\u00e4\u010d\u0161iu vzdialenos\u0165 v porovnan\u00ed s tradi\u010dn\u00fdmi valcami. To umo\u017e\u0148uje v\u00e4\u010d\u0161iu flexibilitu a v\u0161estrannos\u0165 pri r\u00f4znych zdv\u00edhac\u00edch a tla\u010dn\u00fdch \u00faloh\u00e1ch.<\/p>\n<p>Teleskopick\u00fd hydraulick\u00fd valec s dlh\u00fdm zdvihom a nosnos\u0165ou 10 ton, navrhnut\u00fd s pou\u017eit\u00edm prec\u00edzneho in\u017einierstva a pokro\u010dil\u00fdch technol\u00f3gi\u00ed, zaru\u010duje plynul\u00fd a efekt\u00edvny chod. Je skon\u0161truovan\u00fd tak, aby odolal \u0165a\u017ek\u00fdm za\u0165a\u017eeniam a extr\u00e9mnym pracovn\u00fdm podmienkam, v\u010faka \u010domu je vysoko spo\u013eahliv\u00fd a odoln\u00fd.<\/p>\n<p>Teleskopick\u00e1 kon\u0161trukcia tohto hydraulick\u00e9ho valca umo\u017e\u0148uje viacero stup\u0148ov vysunutia, \u010do poskytuje zv\u00fd\u0161en\u00fa v\u0161estrannos\u0165 v r\u00f4znych aplik\u00e1ci\u00e1ch. Pon\u00faka kompaktn\u00e9 a priestorovo \u00fasporn\u00e9 rie\u0161enie, v\u010faka \u010domu je ide\u00e1lny pre situ\u00e1cie s obmedzen\u00fdm priestorom.<\/p>\n<p>Bezpe\u010dnos\u0165 je pri hydraulickom valci s dlh\u00fdm zdvihom s garantovanou kvalitou 10 ton najvy\u0161\u0161ou prioritou. Je vybaven\u00fd robustn\u00fdmi bezpe\u010dnostn\u00fdmi prvkami vr\u00e1tane pretlakov\u00fdch ventilov a tesnen\u00ed, aby sa predi\u0161lo ak\u00fdmko\u013evek potenci\u00e1lnym nehod\u00e1m alebo po\u0161kodeniam.<\/p>\n<p>Jednoduch\u00e1 in\u0161tal\u00e1cia a \u00fadr\u017eba s\u00fa k\u013e\u00fa\u010dov\u00fdmi vlastnos\u0165ami tohto hydraulick\u00e9ho valca. Je navrhnut\u00fd pre pohodln\u00fa mont\u00e1\u017e a demont\u00e1\u017e, \u010d\u00edm sa skracuj\u00fa prestoje a zvy\u0161uje produktivita. Pravideln\u00e1 \u00fadr\u017eba a kontroly s\u00fa jednoduch\u00e9 \u00falohy, ktor\u00e9 zabezpe\u010duj\u00fa optim\u00e1lny v\u00fdkon a dlh\u00fa \u017eivotnos\u0165.<\/p>\n<p>Z\u00e1verom mo\u017eno poveda\u0165, \u017ee teleskopick\u00fd hydraulick\u00fd valec s dlh\u00fdm zdvihom a z\u00e1rukou kvality 10 ton je spo\u013eahliv\u00fd, vysoko v\u00fdkonn\u00fd produkt, ktor\u00fd pon\u00faka v\u00fdnimo\u010dn\u00fa pevnos\u0165 a v\u0161estrannos\u0165. Je ide\u00e1lnou vo\u013ebou pre r\u00f4zne priemyseln\u00e9 aplik\u00e1cie, kde je potrebn\u00fd odoln\u00fd a \u00fa\u010dinn\u00fd hydraulick\u00fd valec.<\/p>\n<table style=\"width: 100%;\" border=\"1\" width=\"100%\" cellspacing=\"0\" cellpadding=\"0\">\n<tbody>\n<tr>\n<th>N\u00e1zov produktu<\/th>\n<td>10-tonov\u00fd teleskopick\u00fd hydraulick\u00fd valec s dlh\u00fdm zdvihom<\/td>\n<\/tr>\n<tr>\n<th>Stav<\/th>\n<td>Nov\u00e9<\/td>\n<\/tr>\n<tr>\n<th>Z\u00e1ruka<\/th>\n<td>1 rok<\/td>\n<\/tr>\n<tr>\n<th>Hmotnos\u0165 (kg)<\/th>\n<td>43<\/td>\n<\/tr>\n<tr>\n<th>Maxim\u00e1lny \u0165ah<\/th>\n<td>3000<\/td>\n<\/tr>\n<tr>\n<th>Maxim\u00e1lny \u0165ah<\/th>\n<td>20 ton<\/td>\n<\/tr>\n<tr>\n<th>Farba<\/th>\n<td>Elegantn\u00e1 \u010dierna<\/td>\n<\/tr>\n<tr>\n<th>Mo\u017enosti balenia<\/th>\n<td>\u017delezn\u00e9 puzdro, preglejkov\u00e9 puzdro, kart\u00f3nov\u00e1 krabica<\/td>\n<\/tr>\n<tr>\n<th>Pou\u017eite\u013en\u00e9 odvetvia<\/th>\n<td>V\u00fdrobn\u00e9 z\u00e1vody, Opravovne strojov, Farmy, Energetika a ban\u00edctvo, Stroj\u00e1rne<\/td>\n<\/tr>\n<\/tbody>\n<\/table>\n<h2>Vlastnosti 10-tonov\u00e9ho teleskopick\u00e9ho hydraulick\u00e9ho valca s dlh\u00fdm zdvihom<\/h2>\n<p>10-tonov\u00fd teleskopick\u00fd hydraulick\u00fd valec s dlh\u00fdm zdvihom pon\u00faka vynikaj\u00faci v\u00fdkon a spo\u013eahlivos\u0165 a m\u00e1 nasleduj\u00face vlastnosti:<\/p>\n<p><img decoding=\"async\" src=\"https:\/\/hzpt.com\/wp-content\/uploads\/2023\/11\/Inverted-Telescopic-Cylinder-10.webp\" alt=\"\" title=\"\"><\/p>\n<ul>\n<li>\u0160tandardn\u00e1 kon\u0161trukcia piestov\u00e9ho valca: Zabezpe\u010denie robustnosti a efekt\u00edvnej funkcie.<\/li>\n<li>Hydraulick\u00fd v\u00fdkon: Poskytuje efekt\u00edvny a siln\u00fd v\u00fdkon.<\/li>\n<li>Oce\u013eov\u00fd materi\u00e1l tela: Zais\u0165uje odolnos\u0165 a dlh\u00fa \u017eivotnos\u0165.<\/li>\n<li>Inverzn\u00e9 teleskopick\u00e9 valce: Pon\u00fakaj\u00fa vylep\u0161en\u00fa funk\u010dnos\u0165, ktor\u00e1 vyhovuje r\u00f4znym potreb\u00e1m.<\/li>\n<li>Certifik\u00e1cia ISO9001:2000: Zaru\u010duje kvalitu a bezpe\u010dnos\u0165.<\/li>\n<\/ul>\n<h2>Aplik\u00e1cie 10-tonov\u00e9ho teleskopick\u00e9ho hydraulick\u00e9ho valca s dlh\u00fdm zdvihom<\/h2>\n<p>10-tonov\u00fd teleskopick\u00fd hydraulick\u00fd valec s dlh\u00fdm zdvihom je v\u0161estrann\u00fd a nach\u00e1dza uplatnenie v mnoh\u00fdch aplik\u00e1ci\u00e1ch:<\/p>\n<ul>\n<li>V\u00fdrobn\u00e9 z\u00e1vody: Na efekt\u00edvne vykon\u00e1vanie n\u00e1ro\u010dn\u00fdch \u00faloh.<\/li>\n<li>Opravovne strojov: Umo\u017e\u0148uj\u00fa jednoduch\u00fa a r\u00fdchlu opravu \u0165a\u017ek\u00fdch strojov.<\/li>\n<li>Farmy: U\u017eito\u010dn\u00e9 pre r\u00f4zne po\u013enohospod\u00e1rske \u010dinnosti.<\/li>\n<li>Energia a ban\u00edctvo: \u00da\u010dinn\u00e9 pri vykon\u00e1van\u00ed vysokotlakov\u00fdch bansk\u00fdch \u00faloh.<\/li>\n<li>Stroj\u00e1rne: Nevyhnutn\u00e9 pre v\u00fdrobu a mont\u00e1\u017e komponentov \u0165a\u017ek\u00fdch strojov.<\/li>\n<\/ul>\n<p><img decoding=\"async\" src=\"https:\/\/hzpt.com\/wp-content\/uploads\/2023\/11\/Inverted-Telescopic-Cylinder-Applications.webp\" alt=\"Aplik\u00e1cie inverzn\u00e9ho teleskopick\u00e9ho valca\" title=\"\"><\/p>\n<h2>Princ\u00edp \u010dinnosti a \u00fadr\u017eba 10-tonov\u00e9ho teleskopick\u00e9ho hydraulick\u00e9ho valca s dlh\u00fdm zdvihom<\/h2>\n<p>Hydraulick\u00fd valec pracuje na princ\u00edpe premeny tlaku hydraulickej kvapaliny na mechanick\u00fa silu. Tu je nieko\u013eko k\u013e\u00fa\u010dov\u00fdch bodov o jeho prev\u00e1dzke a \u00fadr\u017ebe:<\/p>\n<ul>\n<li>Konfigur\u00e1cia: Valec je konfigurovan\u00fd s piestom, telesom valca a tesneniami.<\/li>\n<li>Vstup hydraulickej kvapaliny: Kvapalina sa \u010derp\u00e1 do valca, \u010do sp\u00f4sobuje pohyb piestu a vytv\u00e1ra v\u00fdstupn\u00fa silu.<\/li>\n<li>V\u00fdstupn\u00e1 sila: Na vykonanie pr\u00e1ce sa pou\u017e\u00edva sila generovan\u00e1 tlakom hydraulickej kvapaliny.<\/li>\n<li>Pravideln\u00e1 kontrola: F\u013ea\u0161a by sa mala pravidelne kontrolova\u0165, \u010di nie je opotrebovan\u00e1.<\/li>\n<li>V\u00fdmena tesnenia: Tesnenia by sa mali pravidelne vymie\u0148a\u0165, aby sa zabr\u00e1nilo \u00faniku hydraulickej kvapaliny.<img decoding=\"async\" src=\"https:\/\/hzpt.com\/wp-content\/uploads\/2023\/11\/Inverted-Telescopic-Cylinder-15.webp\" alt=\"\" title=\"\"><\/li>\n<\/ul>\n<h2>Invertovan\u00fd teleskopick\u00fd valec<\/h2>\n<p>Teleskopick\u00fd hydraulick\u00fd valec s dlh\u00fdm zdvihom a z\u00e1rukou kvality 10 ton je inovat\u00edvny hydraulick\u00fd komponent pou\u017e\u00edvan\u00fd v r\u00f4znych priemyseln\u00fdch aplik\u00e1ci\u00e1ch. Tento typ valca funguje na princ\u00edpe hydraulickej sily a je navrhnut\u00fd tak, aby poskytoval vylep\u0161en\u00e9 zdv\u00edhacie a tla\u010dn\u00e9 schopnosti. V tomto \u010dl\u00e1nku presk\u00famame vlastnosti a v\u00fdhody inverzn\u00e9ho teleskopick\u00e9ho valca a ponor\u00edme sa do jeho jedine\u010dn\u00e9ho dizajnu a funkci\u00ed.<\/p>\n<h3>1. Kon\u0161trukcia a dizajn<\/h3>\n<p>Inverzn\u00fd teleskopick\u00fd valec je starostlivo navrhnut\u00fd s presnos\u0165ou a d\u00f4razom na detail. Sklad\u00e1 sa z viacer\u00fdch stup\u0148ov alebo sekci\u00ed, ktor\u00e9 sa teleskopicky skladaj\u00fa a vys\u00favaj\u00fa, \u010do umo\u017e\u0148uje pred\u013a\u017een\u00fd zdvih. Ka\u017ed\u00fd stupe\u0148 je vlo\u017een\u00fd do predch\u00e1dzaj\u00faceho, \u010d\u00edm sa v zasunutom stave vytv\u00e1ra kompaktn\u00fd dizajn a v vysunutom stave m\u00e1 zna\u010dn\u00fa d\u013a\u017eku.<\/p>\n<p>Tento typ valca je zn\u00e1my svojou obr\u00e1tenou konfigur\u00e1ciou, kde je najv\u00e4\u010d\u0161\u00ed stupe\u0148 umiestnen\u00fd v spodnej \u010dasti, zatia\u013e \u010do men\u0161ie stupne s\u00fa naskladan\u00e9 navrchu. Obr\u00e1ten\u00fd dizajn poskytuje zv\u00fd\u0161en\u00fa stabilitu a odolnos\u0165 vo\u010di ohybov\u00fdm sil\u00e1m, v\u010faka \u010domu je vhodn\u00fd pre n\u00e1ro\u010dn\u00e9 aplik\u00e1cie.<\/p>\n<h3>2. Zv\u00fd\u0161en\u00e1 nosnos\u0165<\/h3>\n<p>Inverzn\u00fd teleskopick\u00fd valec pon\u00faka v\u010faka svojej jedine\u010dnej kon\u0161trukcii v\u00fdnimo\u010dn\u00fa zdv\u00edhaciu kapacitu. Viacer\u00e9 stupne poskytuj\u00fa v\u00fdrazn\u00e9 zv\u00e4\u010d\u0161enie celkovej plochy, \u010do umo\u017e\u0148uje generovanie vy\u0161\u0161ej sily. T\u00e1to kon\u0161trukcia umo\u017e\u0148uje valcu \u013eahko manipulova\u0165 s \u0165a\u017ek\u00fdmi bremenami, v\u010faka \u010domu je ide\u00e1lny pre aplik\u00e1cie, ktor\u00e9 vy\u017eaduj\u00fa zdv\u00edhanie zna\u010dn\u00fdch hmotnost\u00ed.<\/p>\n<p>Teleskopick\u00e1 povaha valca navy\u0161e umo\u017e\u0148uje pred\u013a\u017een\u00fd zdvih bez kompromisov v jeho kompaktnosti. Schopnos\u0165 dosiahnu\u0165 dlh\u0161\u00ed zdvih ho rob\u00ed v\u0161estrann\u00fdm pre r\u00f4zne po\u017eiadavky na zdv\u00edhanie.<\/p>\n<h3>3. Dlh\u00e1 d\u013a\u017eka zdvihu<\/h3>\n<p>Teleskopick\u00fd hydraulick\u00fd valec s dlh\u00fdm zdvihom a z\u00e1rukou kvality 10 ton je \u0161peci\u00e1lne navrhnut\u00fd tak, aby poskytoval pred\u013a\u017een\u00fa d\u013a\u017eku zdvihu. Vnoren\u00e9 stupne umo\u017e\u0148uj\u00fa valcu dosiahnu\u0165 d\u013a\u017eku zdvihu, ktor\u00e1 je v\u00fdrazne dlh\u0161ia ako jeho zasunut\u00e1 d\u013a\u017eka. T\u00e1to vlastnos\u0165 je v\u00fdhodn\u00e1 v aplik\u00e1ci\u00e1ch, kde je potrebn\u00fd dlh\u0161\u00ed dosah alebo zdvih.<\/p>\n<p>\u010ci u\u017e ide o stavebn\u00edctvo, v\u00fdrobu alebo in\u00e9 priemyseln\u00e9 odvetvia, dlh\u00fd zdvih inverzn\u00e9ho teleskopick\u00e9ho valca zais\u0165uje presn\u00e9 polohovanie a efekt\u00edvnu prev\u00e1dzku. Eliminuje potrebu \u010fal\u0161\u00edch hydraulick\u00fdch komponentov, \u010d\u00edm zni\u017euje zlo\u017eitos\u0165 a n\u00e1klady.<\/p>\n<h3>4. Trvanlivos\u0165 a spo\u013eahlivos\u0165<\/h3>\n<p>Zaru\u010den\u00e1 kvalita je k\u013e\u00fa\u010dovou vlastnos\u0165ou tohto 10-tonov\u00e9ho teleskopick\u00e9ho hydraulick\u00e9ho valca s dlh\u00fdm zdvihom. Valec je vyroben\u00fd z vysoko kvalitn\u00fdch materi\u00e1lov, \u010do zaru\u010duje robustnos\u0165 a dlh\u00fa \u017eivotnos\u0165. Je navrhnut\u00fd tak, aby odolal \u0165a\u017ek\u00fdm za\u0165a\u017eeniam, drsn\u00e9mu prostrediu a opakovan\u00e9mu pou\u017e\u00edvaniu, v\u010faka \u010domu je odolnou a spo\u013eahlivou vo\u013ebou pre priemyseln\u00e9 aplik\u00e1cie.<\/p>\n<p>Invertovan\u00e1 konfigur\u00e1cia valca navy\u0161e zvy\u0161uje jeho stabilitu a odolnos\u0165 vo\u010di vonkaj\u0161\u00edm sil\u00e1m. T\u00e1to kon\u0161truk\u010dn\u00e1 charakteristika prispieva k jeho dlhej \u017eivotnosti a minimalizuje riziko poruchy, \u010d\u00edm zaru\u010duje spo\u013eahliv\u00fd v\u00fdkon po\u010das dlh\u0161ieho obdobia.<\/p>\n<h3>Z\u00e1ver<\/h3>\n<p>Stru\u010dne povedan\u00e9, inverzn\u00fd teleskopick\u00fd valec je pozoruhodn\u00fd hydraulick\u00fd komponent, ktor\u00fd pon\u00faka zv\u00fd\u0161en\u00fa nosnos\u0165, dlh\u00fd zdvih a zaru\u010den\u00fa kvalitu. Jeho jedine\u010dn\u00fd dizajn a vynikaj\u00face funkcie ho robia vhodn\u00fdm pre \u0161irok\u00fa \u0161k\u00e1lu priemyseln\u00fdch aplik\u00e1ci\u00ed.<\/p>\n<p>\u010ci u\u017e potrebujete presn\u00e9 zdv\u00edhanie, dlh\u0161\u00ed dosah alebo odoln\u00e9 hydraulick\u00e9 rie\u0161enie, inverzn\u00fd teleskopick\u00fd valec so zdvihom 10 ton so zaru\u010denou kvalitou je spo\u013eahlivou vo\u013ebou. Jeho inovat\u00edvny dizajn a v\u00fdnimo\u010dn\u00fd v\u00fdkon nepochybne splnia a prekonaj\u00fa va\u0161e po\u017eiadavky na hydraulick\u00fd syst\u00e9m.<\/p>\n<h3>O FMP \u2013 hydraulickom valci<\/h3>\n<p>FMP je popredn\u00e1 spolo\u010dnos\u0165, ktor\u00e1 sa \u0161pecializuje na v\u00fdrobu a predaj dielov a kompletn\u00fdch strojov pre stavebn\u00e9 stroje. V\u010faka dlhoro\u010dn\u00fdm sk\u00fasenostiam v odbore a profesion\u00e1lnemu t\u00edmu poskytujeme z\u00e1kazn\u00edkom vysoko kvalitn\u00e9 a spo\u013eahliv\u00e9 rie\u0161enia v oblasti stavebn\u00fdch strojov. V spolo\u010dnosti FMP pon\u00fakame \u0161irok\u00fd sortiment produktov vr\u00e1tane hydraulick\u00fdch valcov, prevodoviek pre po\u013enohospod\u00e1rske stroje, plan\u00e9tov\u00fdch prevodoviek, priemyseln\u00fdch prevodoviek, dielov pre po\u013enohospod\u00e1rske stroje a radu \u0161pi\u010dkov\u00e9ho pr\u00edslu\u0161enstva, ktor\u00e9 k nim zodpoved\u00e1.<\/p>\n<p>Tu je nieko\u013eko d\u00f4vodov, pre\u010do by ste si mali vybra\u0165 produkty hydraulick\u00fdch valcov, ktor\u00e9 pon\u00fakame:<\/p>\n<p>1. Vysok\u00e1 kvalita: Spolupracujeme s vysokokvalitn\u00fdmi dod\u00e1vate\u013emi na miestnej aj medzin\u00e1rodnej \u00farovni, aby sme zabezpe\u010dili, \u017ee dod\u00e1vame iba diely, ktor\u00e9 sp\u013a\u0148aj\u00fa pr\u00edsne normy kvality. Na\u0161e hydraulick\u00e9 valce s\u00fa odoln\u00e9, spo\u013eahliv\u00e9 a navrhnut\u00e9 tak, aby poskytovali optim\u00e1lny v\u00fdkon aj v najn\u00e1ro\u010dnej\u0161\u00edch podmienkach.<\/p>\n<p>2. Profesion\u00e1lny obchodn\u00fd t\u00edm: N\u00e1\u0161 obchodn\u00fd t\u00edm sa sklad\u00e1 zo sk\u00fasen\u00fdch a kvalifikovan\u00fdch odborn\u00edkov s hlbok\u00fdmi znalos\u0165ami odvetvia stavebn\u00fdch strojov. S\u00fa v\u017edy pripraven\u00ed poskytn\u00fa\u0165 z\u00e1kazn\u00edkom profesion\u00e1lne poradenstvo oh\u013eadom produktov a inteligentn\u00e9 n\u00e1vrhy na n\u00e1kup.<\/p>\n<p>3. Efekt\u00edvna logistick\u00e1 distrib\u00facia: M\u00e1me efekt\u00edvny logistick\u00fd distribu\u010dn\u00fd syst\u00e9m, ktor\u00fd zabezpe\u010duje, \u017ee z\u00e1kazn\u00edci dostan\u00fa po\u017eadovan\u00e9 diely v\u010das a presne. Po zadan\u00ed objedn\u00e1vky u n\u00e1s sa postar\u00e1me o to, aby v\u00e1m bola doru\u010den\u00e1 \u010do najr\u00fdchlej\u0161ie.<\/p>\n<p>4. Prisp\u00f4sobite\u013en\u00e9: Na\u0161e hydraulick\u00e9 valce s\u00fa vysoko prisp\u00f4sobite\u013en\u00e9 a vieme ich prisp\u00f4sobi\u0165 tak, aby sp\u013a\u0148ali \u0161pecifick\u00e9 potreby a po\u017eiadavky na\u0161ich z\u00e1kazn\u00edkov. Pon\u00fakame r\u00f4zne mo\u017enosti, ako s\u00fa nastavite\u013en\u00e9 valce s vidlicov\u00fdm uchyten\u00edm, valce s \u0165ahadlou, zv\u00e1ran\u00e9 valce a \u010fal\u0161ie.<\/p>\n<p>5. Konkuren\u010dn\u00e9 ceny: V spolo\u010dnosti FMP pon\u00fakame na\u0161e produkty za konkurencieschopn\u00e9 ceny. Ver\u00edme, \u017ee vysokokvalitn\u00e9 produkty by nemali by\u0165 premr\u0161ten\u00e9. Na\u0161\u00edm cie\u013eom je poskytn\u00fa\u0165 na\u0161im z\u00e1kazn\u00edkom najlep\u0161iu hodnotu za ich peniaze.<\/p>\n<p>Z\u00e1verom mo\u017eno poveda\u0165, \u017ee ak h\u013ead\u00e1te spo\u013eahliv\u00e9 a vysoko kvalitn\u00e9 hydraulick\u00e9 valce, FMP je tou najlep\u0161ou vo\u013ebou. Na\u0161e produkty s\u00fa odoln\u00e9, spo\u013eahliv\u00e9 a navrhnut\u00e9 tak, aby poskytovali optim\u00e1lny v\u00fdkon aj v t\u00fdch najn\u00e1ro\u010dnej\u0161\u00edch podmienkach. Kontaktujte n\u00e1s e\u0161te dnes a dozviete sa viac o na\u0161ich produktoch a slu\u017eb\u00e1ch.<\/p>\n<p><img decoding=\"async\" src=\"https:\/\/fmp-components.com\/wp-content\/uploads\/2024\/12\/Adjustable-Clevis-Type-Cylinders-6.webp\" alt=\"Nastavite\u013en\u00fd valec typu Clevis\" width=\"839\" title=\"\"><br \/>\nAutor: CX<\/p>","protected":false},"excerpt":{"rendered":"<p>Introducing the Guaranteed Quality 10 Ton Long Stroke Telescopic Hydraulic Cylinder The Guaranteed Quality 10 Ton Long Stroke Telescopic Hydraulic Cylinder is a high-quality product designed for various industrial applications. With its impressive lifting capacity of 10 tons, it offers exceptional strength and performance. This hydraulic cylinder features a long stroke design, enabling it to [&hellip;]<\/p>","protected":false},"featured_media":1676,"comment_status":"closed","ping_status":"closed","template":"","meta":{"_et_pb_use_builder":"","_et_pb_old_content":"","_et_gb_content_width":""},"product_brand":[],"product_cat":[45],"product_tag":[34,48],"class_list":{"0":"post-1675","1":"product","2":"type-product","3":"status-publish","4":"has-post-thumbnail","6":"product_cat-inverted-telescopic-cylinder","7":"product_tag-hydraulic-cylinder","8":"product_tag-inverted-telescopic-cylinder","10":"first","11":"instock","12":"product-type-simple"},"_links":{"self":[{"href":"https:\/\/fmp-components.com\/sk\/wp-json\/wp\/v2\/product\/1675","targetHints":{"allow":["GET"]}}],"collection":[{"href":"https:\/\/fmp-components.com\/sk\/wp-json\/wp\/v2\/product"}],"about":[{"href":"https:\/\/fmp-components.com\/sk\/wp-json\/wp\/v2\/types\/product"}],"replies":[{"embeddable":true,"href":"https:\/\/fmp-components.com\/sk\/wp-json\/wp\/v2\/comments?post=1675"}],"wp:featuredmedia":[{"embeddable":true,"href":"https:\/\/fmp-components.com\/sk\/wp-json\/wp\/v2\/media\/1676"}],"wp:attachment":[{"href":"https:\/\/fmp-components.com\/sk\/wp-json\/wp\/v2\/media?parent=1675"}],"wp:term":[{"taxonomy":"product_brand","embeddable":true,"href":"https:\/\/fmp-components.com\/sk\/wp-json\/wp\/v2\/product_brand?post=1675"},{"taxonomy":"product_cat","embeddable":true,"href":"https:\/\/fmp-components.com\/sk\/wp-json\/wp\/v2\/product_cat?post=1675"},{"taxonomy":"product_tag","embeddable":true,"href":"https:\/\/fmp-components.com\/sk\/wp-json\/wp\/v2\/product_tag?post=1675"}],"curies":[{"name":"pracovn\u00fd list","href":"https:\/\/api.w.org\/{rel}","templated":true}]}}