{"id":1673,"date":"2024-12-23T07:00:44","date_gmt":"2024-12-23T07:00:44","guid":{"rendered":"https:\/\/fmp-components.com\/product\/high-quality-stainless-steel-hydraulic-cylinder-4-stage-telescopic-hydraulic-cylinder-for-sale\/"},"modified":"2025-03-11T06:09:38","modified_gmt":"2025-03-11T06:09:38","slug":"high-quality-stainless-steel-hydraulic-cylinder-4-stage-telescopic-hydraulic-cylinder-for-sale","status":"publish","type":"product","link":"https:\/\/fmp-components.com\/sk\/product\/high-quality-stainless-steel-hydraulic-cylinder-4-stage-telescopic-hydraulic-cylinder-for-sale\/","title":{"rendered":"Vysokokvalitn\u00fd hydraulick\u00fd valec z nehrdzavej\u00facej ocele, 4-stup\u0148ov\u00fd teleskopick\u00fd hydraulick\u00fd valec na predaj"},"content":{"rendered":"<h2>Predstavujeme vysoko kvalitn\u00fd hydraulick\u00fd valec z nehrdzavej\u00facej ocele so 4-stup\u0148ov\u00fdm teleskopick\u00fdm hydraulick\u00fdm valcom na predaj:<\/h2>\n<p>Vysokokvalitn\u00fd hydraulick\u00fd valec z nehrdzavej\u00facej ocele so 4-stup\u0148ov\u00fdm teleskopick\u00fdm hydraulick\u00fdm valcom je \u0161pi\u010dkov\u00fd produkt navrhnut\u00fd tak, aby poskytoval v\u00fdnimo\u010dn\u00fd v\u00fdkon a odolnos\u0165. Tento hydraulick\u00fd valec je vyroben\u00fd z vysoko kvalitnej nehrdzavej\u00facej ocele, \u010do zaru\u010duje odolnos\u0165 proti kor\u00f3zii a dlhotrvaj\u00facu spo\u013eahlivos\u0165.<\/p>\n<p>V\u010faka 4-stup\u0148ov\u00e9mu teleskopick\u00e9mu dizajnu pon\u00faka tento hydraulick\u00fd valec vynikaj\u00facu v\u0161estrannos\u0165 a funk\u010dnos\u0165. Dok\u00e1\u017ee sa efekt\u00edvne vys\u00fava\u0165 a zas\u00fava\u0165, aby sp\u013a\u0148al r\u00f4zne prev\u00e1dzkov\u00e9 po\u017eiadavky, v\u010faka \u010domu je vhodn\u00fd pre \u0161irok\u00fa \u0161k\u00e1lu aplik\u00e1ci\u00ed.<\/p>\n<p>Vysokokvalitn\u00fd hydraulick\u00fd valec z nehrdzavej\u00facej ocele je navrhnut\u00fd s presnos\u0165ou a d\u00f4razom na detail. Je vyroben\u00fd tak, aby odolal vysok\u00fdm za\u0165a\u017eeniam a zabezpe\u010dil plynul\u00fd a efekt\u00edvny chod aj v n\u00e1ro\u010dn\u00fdch podmienkach. V\u010faka tomu je ide\u00e1lnou vo\u013ebou pre odvetvia ako stavebn\u00edctvo, po\u013enohospod\u00e1rstvo a v\u00fdroba.<\/p>\n<p>Tento valec je vybaven\u00fd pokro\u010dilou hydraulickou technol\u00f3giou a poskytuje siln\u00fa a konzistentn\u00fa silu, \u010do umo\u017e\u0148uje efekt\u00edvny a \u00fa\u010dinn\u00fd v\u00fdkon. Jeho vysoko kvalitn\u00e9 komponenty a robustn\u00e1 kon\u0161trukcia zabezpe\u010duj\u00fa spo\u013eahliv\u00fa prev\u00e1dzku a minim\u00e1lne po\u017eiadavky na \u00fadr\u017ebu.<\/p>\n<p>Okrem vynikaj\u00faceho v\u00fdkonu je tento hydraulick\u00fd valec navrhnut\u00fd aj s oh\u013eadom na bezpe\u010dnos\u0165. Obsahuje prvky, ako s\u00fa pretlakov\u00e9 ventily a dvojito utesnen\u00e9 piesty, ktor\u00e9 zaru\u010duj\u00fa bezpe\u010dn\u00fa a spo\u013eahliv\u00fa prev\u00e1dzku.<\/p>\n<p>\u010ci u\u017e potrebujete hydraulick\u00fd valec na zdv\u00edhanie, tla\u010denie alebo \u0165ahanie, vysoko kvalitn\u00fd hydraulick\u00fd valec z nehrdzavej\u00facej ocele so 4-stup\u0148ov\u00fdm teleskopick\u00fdm hydraulick\u00fdm valcom je spo\u013eahlivou a efekt\u00edvnou vo\u013ebou. Jeho v\u00fdnimo\u010dn\u00fd v\u00fdkon a odoln\u00e1 kon\u0161trukcia z neho robia cenn\u00fd pr\u00ednos pre ak\u00e9ko\u013evek priemyseln\u00e9 prostredie.<\/p>\n<table style=\"width: 100%;\" border=\"1\" width=\"100%\" cellspacing=\"0\" cellpadding=\"0\">\n<tbody>\n<tr>\n<th>N\u00e1zov produktu<\/th>\n<td>Vysokokvalitn\u00fd hydraulick\u00fd valec z nehrdzavej\u00facej ocele, 4-stup\u0148ov\u00fd teleskopick\u00fd hydraulick\u00fd valec<\/td>\n<\/tr>\n<tr>\n<th>Stav<\/th>\n<td>Nov\u00e9<\/td>\n<\/tr>\n<tr>\n<th>Z\u00e1ruka<\/th>\n<td>1 rok<\/td>\n<\/tr>\n<tr>\n<th>Hmotnos\u0165 (kg)<\/th>\n<td>43<\/td>\n<\/tr>\n<tr>\n<th>Maxim\u00e1lny \u0165ah<\/th>\n<td>3000<\/td>\n<\/tr>\n<tr>\n<th>Dizajn<\/th>\n<td>4-stup\u0148ov\u00fd teleskopick\u00fd hydraulick\u00fd valec<\/td>\n<\/tr>\n<tr>\n<th>Materi\u00e1l<\/th>\n<td>Odoln\u00e1 oce\u013e s \u010diernou povrchovou \u00fapravou<\/td>\n<\/tr>\n<tr>\n<th>Certifik\u00e1cia<\/th>\n<td>ISO9001:2000<\/td>\n<\/tr>\n<tr>\n<th>V\u00fdkon<\/th>\n<td>Vysok\u00e1 odolnos\u0165 a \u00fa\u010dinnos\u0165<\/td>\n<\/tr>\n<tr>\n<th>Pou\u017eite\u013en\u00e9 odvetvia<\/th>\n<td>V\u00fdrobn\u00e9 z\u00e1vody, Opravovne strojov, Farmy, Energetika a ban\u00edctvo, Stroj\u00e1rne<\/td>\n<\/tr>\n<\/tbody>\n<\/table>\n<h2>K\u013e\u00fa\u010dov\u00e9 vlastnosti hydraulick\u00e9ho valca<\/h2>\n<ul>\n<li style=\"list-style-type: none;\">\n<ul>\n<li>Vysokokvalitn\u00e1 kon\u0161trukcia z nehrdzavej\u00facej ocele pre odolnos\u0165 a stabilitu.<\/li>\n<li>4-stup\u0148ov\u00fd obr\u00e1ten\u00fd teleskopick\u00fd dizajn pre efekt\u00edvnu prev\u00e1dzku v r\u00f4znych aplik\u00e1ci\u00e1ch.<\/li>\n<\/ul>\n<\/li>\n<\/ul>\n<p><img decoding=\"async\" src=\"https:\/\/hzpt.com\/wp-content\/uploads\/2023\/11\/Inverted-Telescopic-Cylinder-11.webp\" alt=\"\" title=\"\"><\/p>\n<ul>\n<li>\u0160tandardn\u00e1 kon\u0161trukcia, ktor\u00e1 sa bez probl\u00e9mov zmest\u00ed do v\u00e4\u010d\u0161iny strojov.<\/li>\n<li>Hydraulick\u00fd pohon pre efekt\u00edvny a vysok\u00fd v\u00fdkon.<\/li>\n<li>1-ro\u010dn\u00e1 z\u00e1ruka na z\u00e1kladn\u00e9 komponenty vr\u00e1tane lo\u017eiska a piestov\u00e9ho valca.<\/li>\n<\/ul>\n<h2>Aplik\u00e1cie hydraulick\u00e9ho valca<\/h2>\n<ul>\n<li>Vhodn\u00e9 na pou\u017eitie vo v\u00fdrobn\u00fdch z\u00e1vodoch, zabezpe\u010duj\u00face plynul\u00fd chod strojov.<\/li>\n<li>Ide\u00e1lne pre opravovne strojov, poskytuj\u00face spo\u013eahliv\u00e9 rie\u0161enie pre hydraulick\u00e9 potreby.<\/li>\n<li>Pou\u017eite\u013en\u00e9 v po\u013enohospod\u00e1rskom sektore pre efekt\u00edvnu prev\u00e1dzku po\u013enohospod\u00e1rskych strojov.<\/li>\n<li>M\u00f4\u017ee by\u0165 pou\u017eit\u00fd v energetickom a \u0165a\u017eobnom priemysle pre spo\u013eahliv\u00fd v\u00fdkon.<\/li>\n<li>Vynikaj\u00face pre stroj\u00e1rne, pon\u00fakaj\u00face \u0161tandardn\u00e9 rie\u0161enie pre r\u00f4zne hydraulick\u00e9 potreby strojov.<\/li>\n<\/ul>\n<p><img decoding=\"async\" src=\"https:\/\/hzpt.com\/wp-content\/uploads\/2023\/11\/Inverted-Telescopic-Cylinder-Applications.webp\" alt=\"Aplik\u00e1cie inverzn\u00e9ho teleskopick\u00e9ho valca\" title=\"\"><\/p>\n<h2>Princ\u00edp \u010dinnosti a \u00fadr\u017eba hydraulick\u00e9ho valca<\/h2>\n<p>Hydraulick\u00fd valec funguje tak, \u017ee premie\u0148a tlak hydraulickej kvapaliny na v\u00fdstupn\u00fa silu. Sklad\u00e1 sa z k\u013e\u00fa\u010dov\u00fdch komponentov, ako s\u00fa lo\u017eisko a piestov\u00fd valec, a pracuje za \u0161tandardn\u00fdch podmienok. Pravideln\u00e9 kontroly, \u010distenie, mazanie a opravy s\u00fa nevyhnutn\u00e9 pre udr\u017eanie jeho v\u00fdkonu. Okrem toho je pre jeho \u017eivotnos\u0165 k\u013e\u00fa\u010dov\u00e1 v\u00fdmena tesnenia pod\u013ea n\u00e1vodu na obsluhu.<\/p>\n<h3>Konfigur\u00e1cia<\/h3>\n<p>Hydraulick\u00fd valec je konfigurovan\u00fd s priemerom otvoru 2-6 palcov, priemerom ty\u010de 1,125-4 palce, priemerom zdvihu 6-48 palcov a priemerom \u010dapu 0,5-2 palce.<\/p>\n<h3>Vstup hydraulickej kvapaliny<\/h3>\n<p>Vstup hydraulickej kvapaliny je zodpovedn\u00fd za generovanie sily, ktor\u00e1 poh\u00e1\u0148a piest vo valci.<\/p>\n<h3>V\u00fdstupn\u00e1 sila<\/h3>\n<p>Toto je sila vytv\u00e1ran\u00e1 hydraulick\u00fdm valcom, ktor\u00e1 mu umo\u017e\u0148uje vykon\u00e1va\u0165 svoju funkciu v strojovom zariaden\u00ed.<\/p>\n<p><img decoding=\"async\" src=\"https:\/\/hzpt.com\/wp-content\/uploads\/2023\/11\/Inverted-Telescopic-Cylinder-9.webp\" alt=\"\" title=\"\"><\/p>\n<h2>Invertovan\u00fd teleskopick\u00fd valec<\/h2>\n<p>Vysokokvalitn\u00fd hydraulick\u00fd valec z nehrdzavej\u00facej ocele, 4-stup\u0148ov\u00fd teleskopick\u00fd hydraulick\u00fd valec na predaj<\/p>\n<p>Invertovan\u00fd teleskopick\u00fd valec je typ hydraulick\u00e9ho valca, ktor\u00fd sa be\u017ene pou\u017e\u00edva v r\u00f4znych priemyseln\u00fdch aplik\u00e1ci\u00e1ch. Je navrhnut\u00fd tak, aby poskytoval kompaktn\u00e9 a efekt\u00edvne rie\u0161enie pre presn\u00e9 a kontrolovan\u00e9 vys\u00favanie a zas\u00favanie bremien. Tento typ valca sa sklad\u00e1 z viacer\u00fdch stup\u0148ov, ktor\u00e9 s\u00fa do seba zasunut\u00e9, \u010do umo\u017e\u0148uje zna\u010dn\u00fa d\u013a\u017eku zdvihu pri zachovan\u00ed kompaktn\u00fdch celkov\u00fdch rozmerov.<\/p>\n<p>Jednou z k\u013e\u00fa\u010dov\u00fdch s\u00fa\u010dast\u00ed inverzn\u00e9ho teleskopick\u00e9ho valca je kon\u0161trukcia z vysoko kvalitnej nehrdzavej\u00facej ocele. Nehrdzavej\u00faca oce\u013e je zn\u00e1ma svojou vynikaj\u00facou odolnos\u0165ou proti kor\u00f3zii a trvanlivos\u0165ou, v\u010faka \u010domu je ide\u00e1lna pre aplik\u00e1cie, kde je valec vystaven\u00fd drsn\u00e9mu prostrediu alebo koroz\u00edvnym l\u00e1tkam. Pou\u017eitie vysoko kvalitnej nehrdzavej\u00facej ocele zais\u0165uje, \u017ee valec odol\u00e1 n\u00e1rokom n\u00e1ro\u010dnej prev\u00e1dzky a poskytne dlhotrvaj\u00faci v\u00fdkon.<\/p>\n<p>\u010eal\u0161ou d\u00f4le\u017eitou vlastnos\u0165ou \u0161tvorstup\u0148ov\u00e9ho teleskopick\u00e9ho hydraulick\u00e9ho valca je jeho schopnos\u0165 poskytova\u0165 presn\u00fd a kontrolovan\u00fd pohyb. Ka\u017ed\u00fd stupe\u0148 valca je mo\u017en\u00e9 vys\u00fava\u0165 alebo zas\u00fava\u0165 jednotlivo, \u010do umo\u017e\u0148uje jemn\u00e9 nastavenie a presn\u00e9 polohovanie bremena. T\u00e1to \u00farove\u0148 ovl\u00e1dania je nevyhnutn\u00e1 v aplik\u00e1ci\u00e1ch, kde je presnos\u0165 k\u013e\u00fa\u010dov\u00e1, napr\u00edklad v stavebn\u00fdch strojoch, syst\u00e9moch manipul\u00e1cie s materi\u00e1lom alebo automobilov\u00fdch strojoch.<\/p>\n<p>Kon\u0161trukcia 4-stup\u0148ov\u00e9ho teleskopick\u00e9ho hydraulick\u00e9ho valca umo\u017e\u0148uje zna\u010dn\u00fa d\u013a\u017eku zdvihu pri zachovan\u00ed kompaktn\u00fdch rozmerov. To sa dosahuje vlo\u017een\u00edm viacer\u00fdch stup\u0148ov do seba, pri\u010dom ka\u017ed\u00fd stupe\u0148 sa postupne zmen\u0161uje v priemere. Ke\u010f je valec \u00faplne vysunut\u00fd, v\u0161etky stupne s\u00fa \u00faplne vysunut\u00e9, \u010d\u00edm sa dosahuje maxim\u00e1lna d\u013a\u017eka zdvihu. Pri zasunut\u00ed sa stupne do seba zhlukuj\u00fa, \u010d\u00edm sa zmen\u0161uje celkov\u00e1 d\u013a\u017eka valca. T\u00e1to kompaktn\u00e1 kon\u0161trukcia je v\u00fdhodn\u00e1 v aplik\u00e1ci\u00e1ch s obmedzen\u00fdm priestorom alebo tam, kde sa po\u017eaduje men\u0161ia zastavan\u00e1 plocha.<\/p>\n<p>Z\u00e1verom mo\u017eno poveda\u0165, \u017ee inverzn\u00fd teleskopick\u00fd valec je v\u0161estrann\u00fd a efekt\u00edvny hydraulick\u00fd valec, ktor\u00fd pon\u00faka presn\u00e9 ovl\u00e1danie, kompaktn\u00e9 rozmery a vysoko kvalitn\u00fa kon\u0161trukciu z nehrdzavej\u00facej ocele. Jeho jedine\u010dn\u00fd dizajn umo\u017e\u0148uje zna\u010dn\u00fa d\u013a\u017eku zdvihu pri zachovan\u00ed kompaktn\u00fdch celkov\u00fdch rozmerov. \u010ci u\u017e sa pou\u017e\u00edva v stavebn\u00edctve, manipul\u00e1cii s materi\u00e1lom alebo automobilovom priemysle, 4-stup\u0148ov\u00fd teleskopick\u00fd hydraulick\u00fd valec poskytuje spo\u013eahliv\u00e9 a odoln\u00e9 rie\u0161enie pre presn\u00e9 a kontrolovan\u00e9 vys\u00favanie a zas\u00favanie bremien.<\/p>\n<h3>O hydraulickom valci FMP<\/h3>\n<p>FMP je renomovan\u00e1 spolo\u010dnos\u0165 so s\u00eddlom v Taliansku, ktor\u00e1 sa \u0161pecializuje na dod\u00e1vky vysokokvalitn\u00fdch dielov a kompletn\u00fdch strojov pre stavebn\u00e9 stroje. Z\u00e1kazn\u00edkom poskytujeme \u0161irok\u00fd sortiment stavebn\u00fdch strojov vr\u00e1tane prevodoviek pre po\u013enohospod\u00e1rske stroje, plan\u00e9tov\u00fdch prevodoviek, priemyseln\u00fdch prevodoviek a radu \u0161pi\u010dkov\u00e9ho pr\u00edslu\u0161enstva, ktor\u00e9 k nim zodpoved\u00e1. N\u00e1\u0161 hydraulick\u00fd valec je jedn\u00fdm z na\u0161ich najlep\u0161\u00edch produktov, ktor\u00fd hrdo odpor\u00fa\u010dame na\u0161im z\u00e1kazn\u00edkom. Tu je nieko\u013eko d\u00f4vodov, pre\u010do:<\/p>\n<ol>\n<li><strong>Vysokokvalitn\u00fd materi\u00e1l:<\/strong> Na\u0161e hydraulick\u00e9 valce s\u00fa vyroben\u00e9 z vysoko kvalitn\u00fdch materi\u00e1lov, ktor\u00e9 s\u00fa odoln\u00e9 a odol\u00e1vaj\u00fa n\u00e1ro\u010dn\u00fdm pracovn\u00fdm podmienkam. To zaru\u010duje ich dlh\u0161iu \u017eivotnos\u0165 a ni\u017e\u0161ie n\u00e1klady na \u00fadr\u017ebu.<\/li>\n<li><strong>Prisp\u00f4sobite\u013en\u00e9:<\/strong> Pon\u00fakame \u0161irok\u00fd sortiment hydraulick\u00fdch valcov vr\u00e1tane nastavite\u013en\u00fdch valcov s vidlicov\u00fdm uchyten\u00edm, valcov s \u0165ahadlou, zv\u00e1ran\u00fdch valcov a mnoh\u00fdch \u010fal\u0161\u00edch. M\u00f4\u017eete si vybra\u0165 typ, ktor\u00fd najlep\u0161ie vyhovuje va\u0161im potreb\u00e1m, a my v\u00e1m vieme tie\u017e prisp\u00f4sobi\u0165 dizajn pod\u013ea va\u0161ich po\u017eiadaviek.<\/li>\n<li><strong>Profesion\u00e1lny t\u00edm:<\/strong> N\u00e1\u0161 t\u00edm profesion\u00e1lov m\u00e1 dlhoro\u010dn\u00e9 sk\u00fasenosti v odvetv\u00ed stavebn\u00fdch strojov. Poskytn\u00fa v\u00e1m odborn\u00e9 poradenstvo oh\u013eadom produktov a inteligentn\u00e9 n\u00e1vrhy na n\u00e1kup, ktor\u00e9 v\u00e1m pom\u00f4\u017eu robi\u0165 informovan\u00e9 rozhodnutia.<\/li>\n<li><strong>Pr\u00edsne \u0161tandardy kvality:<\/strong> Budujeme dlhodob\u00e9 a stabiln\u00e9 partnersk\u00e9 vz\u0165ahy s mnoh\u00fdmi kvalitn\u00fdmi dod\u00e1vate\u013emi doma aj v zahrani\u010d\u00ed, \u010d\u00edm zabezpe\u010dujeme, aby v\u0161etky dod\u00e1van\u00e9 diely sp\u013a\u0148ali pr\u00edsne \u0161tandardy kvality.<\/li>\n<li><strong>Efekt\u00edvna logistick\u00e1 distrib\u00facia:<\/strong> M\u00e1me efekt\u00edvny logistick\u00fd distribu\u010dn\u00fd syst\u00e9m, ktor\u00fd zabezpe\u010duje, aby z\u00e1kazn\u00edci dostali po\u017eadovan\u00e9 diely v\u010das a presne. To pom\u00e1ha minimalizova\u0165 prestoje a zvy\u0161ova\u0165 celkov\u00fa produktivitu.<\/li>\n<\/ol>\n<p>S hydraulick\u00fdm valcom FMP m\u00f4\u017eete o\u010dak\u00e1va\u0165 spo\u013eahliv\u00fd a odoln\u00fd v\u00fdkon, ktor\u00fd odol\u00e1 n\u00e1ro\u010dn\u00fdm pracovn\u00fdm podmienkam. Na\u0161e produkty s\u00fa vyroben\u00e9 z vysoko kvalitn\u00fdch materi\u00e1lov a s\u00fa prisp\u00f4sobite\u013en\u00e9 va\u0161im \u0161pecifick\u00fdm po\u017eiadavk\u00e1m. M\u00e1me t\u00edm profesion\u00e1lov, ktor\u00ed v\u00e1m poskytn\u00fa odborn\u00e9 poradenstvo a pr\u00edsny proces kontroly kvality, aby ste dostali len tie najlep\u0161ie produkty. V\u010faka n\u00e1\u0161mu efekt\u00edvnemu logistick\u00e9mu distribu\u010dn\u00e9mu syst\u00e9mu si m\u00f4\u017eete by\u0165 ist\u00ed, \u017ee svoje diely dostanete v\u010das a minimalizujete prestoje. Kontaktujte n\u00e1s teraz a zistite, ako v\u00e1m m\u00f4\u017eeme pom\u00f4c\u0165 zlep\u0161i\u0165 v\u00fdkon va\u0161ich stavebn\u00fdch strojov!<\/p>\n<p><img decoding=\"async\" src=\"https:\/\/fmp-components.com\/wp-content\/uploads\/2024\/12\/Adjustable-Clevis-Type-Cylinders-6.webp\" alt=\"Nastavite\u013en\u00fd valec typu Clevis\" width=\"838\" title=\"\"><br \/>\nAutor: CX<\/p>","protected":false},"excerpt":{"rendered":"<p>Introducing the High Quality Stainless Steel Hydraulic Cylinder 4 Stage Telescopic Hydraulic Cylinder For Sale: The High Quality Stainless Steel Hydraulic Cylinder 4 Stage Telescopic Hydraulic Cylinder is a top-of-the-line product designed to provide exceptional performance and durability. This hydraulic cylinder is constructed using high-grade stainless steel, ensuring corrosion resistance and long-lasting reliability. With its [&hellip;]<\/p>","protected":false},"featured_media":1674,"comment_status":"closed","ping_status":"closed","template":"","meta":{"_et_pb_use_builder":"","_et_pb_old_content":"","_et_gb_content_width":""},"product_brand":[],"product_cat":[45],"product_tag":[34,48],"class_list":{"0":"post-1673","1":"product","2":"type-product","3":"status-publish","4":"has-post-thumbnail","6":"product_cat-inverted-telescopic-cylinder","7":"product_tag-hydraulic-cylinder","8":"product_tag-inverted-telescopic-cylinder","10":"first","11":"instock","12":"product-type-simple"},"_links":{"self":[{"href":"https:\/\/fmp-components.com\/sk\/wp-json\/wp\/v2\/product\/1673","targetHints":{"allow":["GET"]}}],"collection":[{"href":"https:\/\/fmp-components.com\/sk\/wp-json\/wp\/v2\/product"}],"about":[{"href":"https:\/\/fmp-components.com\/sk\/wp-json\/wp\/v2\/types\/product"}],"replies":[{"embeddable":true,"href":"https:\/\/fmp-components.com\/sk\/wp-json\/wp\/v2\/comments?post=1673"}],"wp:featuredmedia":[{"embeddable":true,"href":"https:\/\/fmp-components.com\/sk\/wp-json\/wp\/v2\/media\/1674"}],"wp:attachment":[{"href":"https:\/\/fmp-components.com\/sk\/wp-json\/wp\/v2\/media?parent=1673"}],"wp:term":[{"taxonomy":"product_brand","embeddable":true,"href":"https:\/\/fmp-components.com\/sk\/wp-json\/wp\/v2\/product_brand?post=1673"},{"taxonomy":"product_cat","embeddable":true,"href":"https:\/\/fmp-components.com\/sk\/wp-json\/wp\/v2\/product_cat?post=1673"},{"taxonomy":"product_tag","embeddable":true,"href":"https:\/\/fmp-components.com\/sk\/wp-json\/wp\/v2\/product_tag?post=1673"}],"curies":[{"name":"pracovn\u00fd list","href":"https:\/\/api.w.org\/{rel}","templated":true}]}}