{"id":1671,"date":"2024-12-23T07:00:44","date_gmt":"2024-12-23T07:00:44","guid":{"rendered":"https:\/\/fmp-components.com\/product\/cost-effective-double-acting-hydraulic-cylinder-dump-truck-telescopic-hydraulic-cylinder\/"},"modified":"2025-03-11T05:47:09","modified_gmt":"2025-03-11T05:47:09","slug":"cost-effective-double-acting-hydraulic-cylinder-dump-truck-telescopic-hydraulic-cylinder","status":"publish","type":"product","link":"https:\/\/fmp-components.com\/sk\/product\/cost-effective-double-acting-hydraulic-cylinder-dump-truck-telescopic-hydraulic-cylinder\/","title":{"rendered":"Cenovo v\u00fdhodn\u00fd dvoj\u010dinn\u00fd hydraulick\u00fd valec pre teleskopick\u00fd hydraulick\u00fd valec pre skl\u00e1pa\u010de"},"content":{"rendered":"<h2>Predstavujeme cenovo v\u00fdhodn\u00fd dvoj\u010dinn\u00fd hydraulick\u00fd valec pre skl\u00e1pa\u010de<\/h2>\n<p>Cenovo v\u00fdhodn\u00fd dvoj\u010dinn\u00fd hydraulick\u00fd valec je vysoko kvalitn\u00fd a spo\u013eahliv\u00fd hydraulick\u00fd komponent \u0161peci\u00e1lne navrhnut\u00fd pre skl\u00e1pa\u010de. Tento inovat\u00edvny produkt pon\u00faka v\u00fdnimo\u010dn\u00fd v\u00fdkon a \u00fa\u010dinnos\u0165, v\u010faka \u010domu je ide\u00e1lnou vo\u013ebou pre r\u00f4zne priemyseln\u00e9 aplik\u00e1cie.<\/p>\n<p>V\u010faka pokro\u010dilej technol\u00f3gii a robustnej kon\u0161trukcii zais\u0165uje cenovo dostupn\u00fd dvoj\u010dinn\u00fd hydraulick\u00fd valec plynul\u00fd a presn\u00fd chod. Je skon\u0161truovan\u00fd tak, aby odolal vysok\u00fdm za\u0165a\u017eeniam a extr\u00e9mnym podmienkam, a poskytuje tak dlhotrvaj\u00facu odolnos\u0165 a spo\u013eahlivos\u0165.<\/p>\n<p>Jednou z k\u013e\u00fa\u010dov\u00fdch vlastnost\u00ed tohto hydraulick\u00e9ho valca je jeho dvoj\u010dinn\u00e1 kon\u0161trukcia. To znamen\u00e1, \u017ee dok\u00e1\u017ee generova\u0165 silu v oboch smeroch, \u010do umo\u017e\u0148uje efekt\u00edvnu a r\u00fdchlu prev\u00e1dzku. \u010ci u\u017e ide o vys\u00favanie alebo zas\u00favanie, tento hydraulick\u00fd valec poskytuje konzistentn\u00fd v\u00fdkon a v\u00fdkon.<\/p>\n<p>Cenovo v\u00fdhodn\u00fd dvoj\u010dinn\u00fd hydraulick\u00fd valec sa m\u00f4\u017ee pochv\u00e1li\u0165 aj teleskopickou kon\u0161trukciou, ktor\u00e1 umo\u017e\u0148uje nastavite\u013en\u00fa d\u013a\u017eku zdvihu. T\u00e1to funkcia umo\u017e\u0148uje prev\u00e1dzkovate\u013eom skl\u00e1pa\u010dov optimalizova\u0165 v\u00fdkon valca pod\u013ea ich \u0161pecifick\u00fdch potrieb. Zais\u0165uje lep\u0161iu kontrolu nad procesom skl\u00e1pania, \u010do vedie k zv\u00fd\u0161enej produktivite a efektivite.<\/p>\n<p>\u010eal\u0161ou v\u00fdhodou tohto hydraulick\u00e9ho valca je jeho n\u00e1kladov\u00e1 efekt\u00edvnos\u0165. Pon\u00faka v\u00fdnimo\u010dn\u00fd pomer ceny a kvality bez kompromisov v oblasti kvality. Odoln\u00e9 materi\u00e1ly a prec\u00edzne spracovanie zabezpe\u010duj\u00fa minim\u00e1lne po\u017eiadavky na \u00fadr\u017ebu, \u010d\u00edm sa zni\u017euj\u00fa prestoje a celkov\u00e9 prev\u00e1dzkov\u00e9 n\u00e1klady.<\/p>\n<table style=\"width: 100%;\" border=\"1\" width=\"100%\" cellspacing=\"0\" cellpadding=\"0\">\n<tbody>\n<tr>\n<th>N\u00e1zov produktu<\/th>\n<td>Cenovo v\u00fdhodn\u00fd dvoj\u010dinn\u00fd hydraulick\u00fd valec<\/td>\n<\/tr>\n<tr>\n<th>Stav<\/th>\n<td>Nov\u00e9<\/td>\n<\/tr>\n<tr>\n<th>Dizajn<\/th>\n<td>Dvoj\u010dinn\u00fd s teleskopick\u00fdmi funkciami<\/td>\n<\/tr>\n<tr>\n<th>Aplik\u00e1cia<\/th>\n<td>Skl\u00e1pa\u010de<\/td>\n<\/tr>\n<tr>\n<th>V\u00fdkon<\/th>\n<td>Spo\u013eahliv\u00fd a efekt\u00edvny<\/td>\n<\/tr>\n<tr>\n<th>V\u0161estrannos\u0165<\/th>\n<td>Vhodn\u00e9 pre r\u00f4zne aplik\u00e1cie<\/td>\n<\/tr>\n<tr>\n<th>Hodnota invest\u00edcie<\/th>\n<td>N\u00e1kladovo efekt\u00edvne pre majite\u013eov skl\u00e1pa\u010dov<\/td>\n<\/tr>\n<tr>\n<th>Funkcie<\/th>\n<td>Pokro\u010dil\u00e1 technol\u00f3gia a vysok\u00fd v\u00fdkon<\/td>\n<\/tr>\n<\/tbody>\n<\/table>\n<h2>Vlastnosti hydraulick\u00e9ho valca<\/h2>\n<p>Tento hydraulick\u00fd valec je vybaven\u00fd mno\u017estvom p\u00f4sobiv\u00fdch funkci\u00ed a vynik\u00e1 na trhu. Ni\u017e\u0161ie s\u00fa uveden\u00e9 k\u013e\u00fa\u010dov\u00e9 vlastnosti:<\/p>\n<ol>\n<li>Hlavn\u00e9 komponenty: Lo\u017eisko, piestov\u00fd valec, zais\u0165uj\u00fa stabilitu a odolnos\u0165.<\/li>\n<li>Maxim\u00e1lny \u0165ah 3000, ktor\u00fd poskytuje vysok\u00fa kapacitu a \u00fa\u010dinnos\u0165.<\/li>\n<li>Vyroben\u00e9 z odolnej ocele, \u010do zaru\u010duje robustnos\u0165 a dlh\u00fa \u017eivotnos\u0165.<\/li>\n<li>Zodpoved\u00e1 certifik\u00e1cii ISO9001:2000, ktor\u00e1 zaru\u010duje kvalitu a bezpe\u010dnos\u0165.<\/li>\n<li>Dod\u00e1va sa s ro\u010dnou z\u00e1rukou, ktor\u00e1 z\u00e1kazn\u00edkom pon\u00faka pokoj v du\u0161i.<\/li>\n<\/ol>\n<p><img decoding=\"async\" src=\"https:\/\/hzpt.com\/wp-content\/uploads\/2023\/11\/Inverted-Telescopic-Cylinder-7.webp\" alt=\"\" title=\"\"><\/p>\n<h2>Aplik\u00e1cie hydraulick\u00e9ho valca<\/h2>\n<p>Hydraulick\u00fd valec je nevyhnutn\u00fd v nieko\u013ek\u00fdch odvetviach. Tu s\u00fa niektor\u00e9 z jeho k\u013e\u00fa\u010dov\u00fdch aplik\u00e1ci\u00ed:<\/p>\n<ol>\n<li>V\u00fdrobn\u00e9 z\u00e1vody: Pre prev\u00e1dzku \u0165a\u017ek\u00fdch strojov a v\u00fdrobn\u00e9 procesy.<\/li>\n<li>Opravovne strojov: U\u017eito\u010dn\u00e9 na opravy a \u00fadr\u017eb\u00e1rske pr\u00e1ce.<\/li>\n<li>Farmy: Pou\u017e\u00edvaj\u00fa sa v r\u00f4znych po\u013enohospod\u00e1rskych zariadeniach na efekt\u00edvne po\u013enohospod\u00e1rske oper\u00e1cie.<\/li>\n<li>Energia a ban\u00edctvo: Neoddelite\u013en\u00e1 s\u00fa\u010das\u0165 zdv\u00edhania \u0165a\u017ek\u00fdch bremien a in\u00fdch bansk\u00fdch procesov.<\/li>\n<li>Stroj\u00e1re\u0148: Nevyhnutn\u00e1 pre v\u00fdrobu a mont\u00e1\u017e strojn\u00fdch s\u00fa\u010diastok.<\/li>\n<\/ol>\n<p><img decoding=\"async\" src=\"https:\/\/hzpt.com\/wp-content\/uploads\/2023\/11\/Inverted-Telescopic-Cylinder-Applications.webp\" alt=\"Aplik\u00e1cie hydraulick\u00fdch valcov\" title=\"\"><\/p>\n<h2>Princ\u00edp \u010dinnosti a \u00fadr\u017eba hydraulick\u00e9ho valca<\/h2>\n<p>Hydraulick\u00fd valec funguje na z\u00e1klade jednoduch\u00e9ho, ale \u00fa\u010dinn\u00e9ho mechanizmu. Tu je n\u00e1vod, ako funguje a ako ho udr\u017eiava\u0165:<\/p>\n<ol>\n<li style=\"list-style-type: none;\">\n<ol>\n<li>Konfigur\u00e1cia: Valec sa sklad\u00e1 z piestu a lo\u017eiska pre plynul\u00fd chod.<\/li>\n<li>Vstup hydraulickej kvapaliny: Kvapalina sa \u010derp\u00e1 do valca, \u010do sp\u00f4sobuje jeho vys\u00favanie alebo zas\u00favanie.<\/li>\n<li>V\u00fdstupn\u00e1 sila: Tlak kvapaliny vytv\u00e1ra silu, ktor\u00e1 umo\u017e\u0148uje valcu zdv\u00edha\u0165 \u0165a\u017ek\u00e9 bremen\u00e1.<\/li>\n<li>Pravideln\u00e1 kontrola: Pravideln\u00e9 kontroly zabezpe\u010duj\u00fa spr\u00e1vnu funkciu komponentov.<\/li>\n<li>\u010cistenie a mazanie: Pravideln\u00e9 \u010distenie a mazanie zabra\u0148uje opotrebovaniu a predl\u017euje \u017eivotnos\u0165 valca.<\/li>\n<\/ol>\n<\/li>\n<\/ol>\n<p><img decoding=\"async\" src=\"https:\/\/hzpt.com\/wp-content\/uploads\/2023\/11\/Inverted-Telescopic-Cylinder-4.webp\" alt=\"\" title=\"\"><\/p>\n<h2>Invertovan\u00fd teleskopick\u00fd valec<\/h2>\n<p>Cenovo v\u00fdhodn\u00fd dvoj\u010dinn\u00fd hydraulick\u00fd valec je z\u00e1kladnou s\u00fa\u010das\u0165ou hydraulick\u00e9ho syst\u00e9mu skl\u00e1pa\u010da. Tento typ valca, zn\u00e1my ako obr\u00e1ten\u00fd teleskopick\u00fd valec, je \u0161peci\u00e1lne navrhnut\u00fd tak, aby poskytoval potrebn\u00fa silu a stabilitu potrebn\u00fa pre efekt\u00edvnu prev\u00e1dzku skl\u00e1pa\u010da. V tomto \u010dl\u00e1nku podrobne presk\u00famame vlastnosti a v\u00fdhody obr\u00e1ten\u00e9ho teleskopick\u00e9ho valca so zameran\u00edm na jeho n\u00e1kladov\u00fa efekt\u00edvnos\u0165 a vynikaj\u00faci v\u00fdkon.<\/p>\n<h3>1. N\u00e1kladov\u00e1 efekt\u00edvnos\u0165<\/h3>\n<p>Inverzn\u00fd teleskopick\u00fd valec pon\u00faka cenovo v\u00fdhodn\u00e9 rie\u0161enie pre v\u00fdrobcov a prev\u00e1dzkovate\u013eov skl\u00e1pa\u010dov. V\u010faka teleskopickej kon\u0161trukcii umo\u017e\u0148uje tento valec men\u0161iu zastavan\u00fa plochu v porovnan\u00ed s tradi\u010dn\u00fdmi jednostup\u0148ov\u00fdmi valcami. To nielen zni\u017euje v\u00fdrobn\u00e9 n\u00e1klady, ale tie\u017e \u0161etr\u00ed priestor a hmotnos\u0165 na podvozku skl\u00e1pa\u010da. Pou\u017eitie vysokokvalitn\u00fdch materi\u00e1lov a presn\u00e9 in\u017einierstvo navy\u0161e zais\u0165uje odolnos\u0165 a dlhodob\u00e9 \u00faspory n\u00e1kladov minimaliz\u00e1ciou n\u00e1kladov na \u00fadr\u017ebu a v\u00fdmenu.<\/p>\n<h3>2. Dvoj\u010dinn\u00e1 funkcia<\/h3>\n<p>\u010eal\u0161ou k\u013e\u00fa\u010dovou v\u00fdhodou je dvoj\u010dinn\u00e1 funkcia inverzn\u00e9ho teleskopick\u00e9ho valca. Na rozdiel od jedno\u010dinn\u00fdch valcov, ktor\u00e9 vyv\u00edjaj\u00fa silu iba v jednom smere, dvoj\u010dinn\u00e9 valce m\u00f4\u017eu vyv\u00edja\u0165 silu pri vys\u00favan\u00ed aj zas\u00favan\u00ed. To umo\u017e\u0148uje lep\u0161iu kontrolu a \u00fa\u010dinnos\u0165 prev\u00e1dzky hydraulick\u00e9ho syst\u00e9mu skl\u00e1pa\u010da. V\u010faka presn\u00e9mu ovl\u00e1daniu vykl\u00e1pac\u00edch a zas\u00favac\u00edch pohybov zais\u0165uje dvoj\u010dinn\u00fd inverzn\u00fd teleskopick\u00fd valec plynul\u00e9 a efekt\u00edvne vykl\u00e1panie materi\u00e1lov, \u010d\u00edm zvy\u0161uje produktivitu a skracuje \u010dasy cyklov.<\/p>\n<h3>3. Vynikaj\u00faci hydraulick\u00fd v\u00fdkon<\/h3>\n<p>Inverzn\u00fd teleskopick\u00fd valec je navrhnut\u00fd tak, aby poskytoval vynikaj\u00faci hydraulick\u00fd v\u00fdkon a poskytoval potrebn\u00fa silu na \u013eahk\u00e9 zdv\u00edhanie \u0165a\u017ek\u00fdch bremien. Jeho pokro\u010dil\u00e1 kon\u0161trukcia zah\u0155\u0148a viacero stup\u0148ov, pri\u010dom ka\u017ed\u00fd stupe\u0148 je vlo\u017een\u00fd do predch\u00e1dzaj\u00faceho. Toto usporiadanie umo\u017e\u0148uje dlh\u0161iu d\u013a\u017eku zdvihu pri zachovan\u00ed kompaktn\u00fdch rozmerov. V\u010faka tomu dok\u00e1\u017ee valec generova\u0165 v\u00e4\u010d\u0161iu silu a zdv\u00edha\u0165 \u0165a\u017e\u0161ie bremen\u00e1, v\u010faka \u010domu je ide\u00e1lny pre skl\u00e1pa\u010de pou\u017e\u00edvan\u00e9 v \u0165a\u017ek\u00fdch aplik\u00e1ci\u00e1ch.<\/p>\n<h3>4. Aplik\u00e1cia skl\u00e1pa\u010da<\/h3>\n<p>Inverzn\u00fd teleskopick\u00fd valec je \u0161peci\u00e1lne navrhnut\u00fd pre aplik\u00e1cie v skl\u00e1pa\u010doch, kde zohr\u00e1va k\u013e\u00fa\u010dov\u00fa \u00falohu v spr\u00e1vnom fungovan\u00ed hydraulick\u00e9ho syst\u00e9mu. Je prim\u00e1rne zodpovedn\u00fd za zdv\u00edhanie a sp\u00fa\u0161\u0165anie korby skl\u00e1pa\u010da, \u010do umo\u017e\u0148uje efekt\u00edvne vykladanie materi\u00e1lov. Robustn\u00e1 kon\u0161trukcia valca a jeho vysokotlakov\u00e9 schopnosti ho predur\u010duj\u00fa na to, aby odolal n\u00e1ro\u010dn\u00fdm podmienkam v stavebn\u00edctve, ban\u00edctve a odpadovom hospod\u00e1rstve.<\/p>\n<h3>5. Teleskopick\u00fd hydraulick\u00fd valec<\/h3>\n<p>Teleskopick\u00fd hydraulick\u00fd valec ozna\u010duje hydraulick\u00fd valec s viacer\u00fdmi stup\u0148ami alebo sekciami, ktor\u00e9 sa skladaj\u00fa alebo vys\u00favaj\u00fa ako teleskop. Do tejto kateg\u00f3rie patr\u00ed inverzn\u00fd teleskopick\u00fd valec, ktor\u00fd poskytuje u\u017e spom\u00ednan\u00e9 v\u00fdhody. Tento typ valca sa be\u017ene pou\u017e\u00edva v r\u00f4znych aplik\u00e1ci\u00e1ch, kde je potrebn\u00fd dlh\u00fd zdvih bez kompromisov v priestorov\u00fdch obmedzeniach. Jeho teleskopick\u00e1 kon\u0161trukcia umo\u017e\u0148uje dlh\u0161\u00ed dosah pri zachovan\u00ed kompaktn\u00fdch rozmerov, v\u010faka \u010domu je ve\u013emi v\u0161estrann\u00fd a efekt\u00edvny.<\/p>\n<p>Z\u00e1verom mo\u017eno poveda\u0165, \u017ee invertovan\u00fd teleskopick\u00fd valec je cenovo dostupn\u00fd dvoj\u010dinn\u00fd hydraulick\u00fd valec, ktor\u00fd pon\u00faka vynikaj\u00faci v\u00fdkon pre aplik\u00e1cie skl\u00e1pa\u010dov. Jeho kompaktn\u00e9 rozmery, presn\u00e9 ovl\u00e1danie a schopnos\u0165 manipulova\u0165 s \u0165a\u017ek\u00fdmi n\u00e1kladmi z neho robia cenn\u00fa s\u00fa\u010das\u0165 efekt\u00edvnej prev\u00e1dzky skl\u00e1pa\u010dov v r\u00f4znych odvetviach. V\u00fdberom tejto inovat\u00edvnej kon\u0161trukcie valca m\u00f4\u017eu v\u00fdrobcovia a prev\u00e1dzkovatelia skl\u00e1pa\u010dov profitova\u0165 zo zv\u00fd\u0161enej produktivity, zn\u00ed\u017een\u00fdch n\u00e1kladov a zlep\u0161en\u00e9ho celkov\u00e9ho v\u00fdkonu.<\/p>\n<h3>O FMP<\/h3>\n<p>FMP je popredn\u00e1 spolo\u010dnos\u0165 \u0161pecializuj\u00faca sa na v\u00fdrobu a predaj hydraulick\u00fdch valcov. V\u010faka na\u0161im dlhoro\u010dn\u00fdm sk\u00fasenostiam v tomto odvetv\u00ed a profesion\u00e1lnemu t\u00edmu sa venujeme poskytovaniu vysoko kvalitn\u00fdch a spo\u013eahliv\u00fdch hydraulick\u00fdch valcov a kompletn\u00fdch strojn\u00fdch rie\u0161en\u00ed z\u00e1kazn\u00edkom.<\/p>\n<p><img decoding=\"async\" src=\"https:\/\/fmp-components.com\/wp-content\/uploads\/2024\/12\/Adjustable-Clevis-Type-Cylinders-6.webp\" alt=\"Nastavite\u013en\u00fd valec typu Clevis\" width=\"837\" title=\"\"><\/p>\n<p>Tu je p\u00e4\u0165 k\u013e\u00fa\u010dov\u00fdch v\u00fdhod na\u0161ich produktov a spolo\u010dnosti:<\/p>\n<ol>\n<li>\u0160irok\u00e1 \u0161k\u00e1la mo\u017enost\u00ed: Pon\u00fakame komplexn\u00fd sortiment hydraulick\u00fdch valcov vhodn\u00fdch pre r\u00f4zne aplik\u00e1cie v odvetv\u00ed stavebn\u00fdch strojov. Od nastavite\u013en\u00fdch valcov s vidlicov\u00fdm uchyten\u00edm a\u017e po in\u00e9 \u0161pecializovan\u00e9 typy, m\u00e1me perfektn\u00e9 rie\u0161enie, ktor\u00e9 spln\u00ed va\u0161e \u0161pecifick\u00e9 po\u017eiadavky.<\/li>\n<li>Vynikaj\u00faca kvalita: V spolo\u010dnosti FMP kladieme d\u00f4raz na kvalitu a zabezpe\u010dujeme, aby v\u0161etky na\u0161e hydraulick\u00e9 valce sp\u013a\u0148ali pr\u00edsne normy kvality. Na\u0161e produkty s\u00fa vyroben\u00e9 z prvotriednych materi\u00e1lov a prech\u00e1dzaj\u00fa pr\u00edsnymi testami, aby sa zaru\u010dila ich odolnos\u0165 a v\u00fdkon.<\/li>\n<li>Odborn\u00fd obchodn\u00fd t\u00edm: N\u00e1\u0161 sk\u00fasen\u00fd obchodn\u00fd t\u00edm m\u00e1 hlbok\u00e9 znalosti o odvetv\u00ed stavebn\u00fdch strojov, dr\u017e\u00ed krok s najnov\u0161\u00edmi trendmi a rozumie potreb\u00e1m z\u00e1kazn\u00edkov. Je pripraven\u00fd poskytn\u00fa\u0165 profesion\u00e1lne poradenstvo oh\u013eadom produktov a pon\u00faknu\u0165 inteligentn\u00e9 n\u00e1vrhy na n\u00e1kup, ktor\u00e9 v\u00e1m pom\u00f4\u017eu robi\u0165 informovan\u00e9 rozhodnutia.<\/li>\n<li>Efekt\u00edvna logistika: Ch\u00e1peme d\u00f4le\u017eitos\u0165 v\u010dasn\u00e9ho dodania, a preto sme zaviedli efekt\u00edvny logistick\u00fd distribu\u010dn\u00fd syst\u00e9m. To zabezpe\u010duje, \u017ee z\u00e1kazn\u00edci dostan\u00fa po\u017eadovan\u00e9 hydraulick\u00e9 valce r\u00fdchlo a presne, \u010d\u00edm sa minimalizuj\u00fa ak\u00e9ko\u013evek potenci\u00e1lne oneskorenia alebo preru\u0161enia.<\/li>\n<li>Siln\u00e9 vz\u0165ahy s dod\u00e1vate\u013emi: V\u010faka dlhodob\u00fdm a stabiln\u00fdm vz\u0165ahom s vysokokvalitn\u00fdmi dod\u00e1vate\u013emi, a to ako na dom\u00e1com, tak aj na medzin\u00e1rodnom trhu, dok\u00e1\u017eeme z\u00edska\u0165 tie najlep\u0161ie komponenty a materi\u00e1ly pre na\u0161e hydraulick\u00e9 valce. To n\u00e1m umo\u017e\u0148uje udr\u017eiava\u0165 konzistentn\u00fa kvalitu a v\u00fdkon v celom na\u0161om sortimente produktov.<\/li>\n<\/ol>\n<p>Vyberte si FMP pre va\u0161e potreby hydraulick\u00e9ho valca a za\u017eite spo\u013eahlivos\u0165 a excelentnos\u0165, ktor\u00fa pon\u00fakame. Kontaktujte n\u00e1s e\u0161te dnes, aby sme prediskutovali va\u0161e po\u017eiadavky a za\u010dali \u00faspe\u0161n\u00e9 partnerstvo.<\/p>\n<p>Autor: CX<\/p>","protected":false},"excerpt":{"rendered":"<p>Introducing the Cost Effective Double Acting Hydraulic Cylinder for Dump Trucks The Cost Effective Double Acting Hydraulic Cylinder is a high-quality and reliable hydraulic component specifically designed for dump trucks. This innovative product offers exceptional performance and efficiency, making it an ideal choice for various industrial applications. With its advanced technology and robust construction, the [&hellip;]<\/p>","protected":false},"featured_media":1672,"comment_status":"closed","ping_status":"closed","template":"","meta":{"_et_pb_use_builder":"","_et_pb_old_content":"","_et_gb_content_width":""},"product_brand":[],"product_cat":[45],"product_tag":[34,48],"class_list":{"0":"post-1671","1":"product","2":"type-product","3":"status-publish","4":"has-post-thumbnail","6":"product_cat-inverted-telescopic-cylinder","7":"product_tag-hydraulic-cylinder","8":"product_tag-inverted-telescopic-cylinder","10":"first","11":"instock","12":"product-type-simple"},"_links":{"self":[{"href":"https:\/\/fmp-components.com\/sk\/wp-json\/wp\/v2\/product\/1671","targetHints":{"allow":["GET"]}}],"collection":[{"href":"https:\/\/fmp-components.com\/sk\/wp-json\/wp\/v2\/product"}],"about":[{"href":"https:\/\/fmp-components.com\/sk\/wp-json\/wp\/v2\/types\/product"}],"replies":[{"embeddable":true,"href":"https:\/\/fmp-components.com\/sk\/wp-json\/wp\/v2\/comments?post=1671"}],"wp:featuredmedia":[{"embeddable":true,"href":"https:\/\/fmp-components.com\/sk\/wp-json\/wp\/v2\/media\/1672"}],"wp:attachment":[{"href":"https:\/\/fmp-components.com\/sk\/wp-json\/wp\/v2\/media?parent=1671"}],"wp:term":[{"taxonomy":"product_brand","embeddable":true,"href":"https:\/\/fmp-components.com\/sk\/wp-json\/wp\/v2\/product_brand?post=1671"},{"taxonomy":"product_cat","embeddable":true,"href":"https:\/\/fmp-components.com\/sk\/wp-json\/wp\/v2\/product_cat?post=1671"},{"taxonomy":"product_tag","embeddable":true,"href":"https:\/\/fmp-components.com\/sk\/wp-json\/wp\/v2\/product_tag?post=1671"}],"curies":[{"name":"pracovn\u00fd list","href":"https:\/\/api.w.org\/{rel}","templated":true}]}}