{"id":1669,"date":"2024-12-23T07:00:44","date_gmt":"2024-12-23T07:00:44","guid":{"rendered":"https:\/\/fmp-components.com\/product\/effective-4-stage-hydraulic-telescopic-ram-cylinder-stainless-steel-hydraulic-cylinder\/"},"modified":"2025-05-10T12:27:37","modified_gmt":"2025-05-10T12:27:37","slug":"effective-4-stage-hydraulic-telescopic-ram-cylinder-stainless-steel-hydraulic-cylinder","status":"publish","type":"product","link":"https:\/\/fmp-components.com\/sk\/product\/effective-4-stage-hydraulic-telescopic-ram-cylinder-stainless-steel-hydraulic-cylinder\/","title":{"rendered":"Efekt\u00edvny 4-stup\u0148ov\u00fd hydraulick\u00fd teleskopick\u00fd valec z nehrdzavej\u00facej ocele"},"content":{"rendered":"<p>Efekt\u00edvny 4-stup\u0148ov\u00fd hydraulick\u00fd teleskopick\u00fd valec z nehrdzavej\u00facej ocele je prelomov\u00fdm prvkom vo svete hydraulick\u00fdch syst\u00e9mov. Jeho inovat\u00edvny dizajn a vynikaj\u00faca kvalita z neho robia najlep\u0161iu vo\u013ebu pre v\u0161etky va\u0161e hydraulick\u00e9 potreby.<\/p>\n<p>Tento valec je vyroben\u00fd z vysoko kvalitnej nehrdzavej\u00facej ocele, \u010do zaru\u010duje odolnos\u0165 a dlh\u00fa \u017eivotnos\u0165. Teleskopick\u00e1 kon\u0161trukcia umo\u017e\u0148uje men\u0161\u00ed in\u0161tala\u010dn\u00fd priestor pri zachovan\u00ed rovnakej d\u013a\u017eky zdvihu, v\u010faka \u010domu je ide\u00e1lny pre aplik\u00e1cie s obmedzen\u00fdm priestorom.<\/p>\n<p>Valec je vybaven\u00fd 4-stup\u0148ov\u00fdm hydraulick\u00fdm syst\u00e9mom, ktor\u00fd poskytuje zv\u00fd\u0161en\u00fa silu a presnos\u0165. T\u00e1to funkcia je obzvl\u00e1\u0161\u0165 u\u017eito\u010dn\u00e1 v n\u00e1ro\u010dn\u00fdch aplik\u00e1ci\u00e1ch, ako je stavebn\u00edctvo, ban\u00edctvo a po\u013enohospod\u00e1rstvo.<\/p>\n<p>Efekt\u00edvny 4-stup\u0148ov\u00fd hydraulick\u00fd teleskopick\u00fd valec z nehrdzavej\u00facej ocele sa \u013eahko in\u0161taluje a udr\u017eiava. Dod\u00e1va sa so v\u0161etk\u00fdm potrebn\u00fdm mont\u00e1\u017enym materi\u00e1lom a mo\u017eno ho \u013eahko integrova\u0165 do ak\u00e9hoko\u013evek hydraulick\u00e9ho syst\u00e9mu.<\/p>\n<p>Stru\u010dne povedan\u00e9, ak h\u013ead\u00e1te vysokokvalitn\u00fd hydraulick\u00fd valec, ktor\u00fd je odoln\u00fd, spo\u013eahliv\u00fd a ide\u00e1lny pre n\u00e1ro\u010dn\u00e9 aplik\u00e1cie, neh\u013eadajte ni\u010d in\u00e9 ako efekt\u00edvny 4-stup\u0148ov\u00fd hydraulick\u00fd teleskopick\u00fd valec z nehrdzavej\u00facej ocele.<\/p>\n<h2>Predstavujeme nov\u00fd 4-stup\u0148ov\u00fd hydraulick\u00fd teleskopick\u00fd valec vyroben\u00fd z nehrdzavej\u00facej ocele<\/h2>\n<p>Predstavujeme nov\u00fd 4-stup\u0148ov\u00fd hydraulick\u00fd teleskopick\u00fd valec vyroben\u00fd z nehrdzavej\u00facej ocele \u2013 v\u00fdkonn\u00fd doplnok do r\u00f4znych odvetv\u00ed, ako s\u00fa v\u00fdrobn\u00e9 z\u00e1vody, opravovne strojov, farmy, energetika a ban\u00edctvo, v\u00fdroba strojov a stroj\u00e1rne. Tento hydraulick\u00fd valec je poh\u00e1\u0148an\u00fd hydraulikou a dod\u00e1va sa s ro\u010dnou z\u00e1rukou. M\u00e1 \u0161tandardn\u00fa kon\u0161trukciu piestov\u00e9ho valca a je navrhnut\u00fd tak, aby odolal maxim\u00e1lnemu tlaku 3000 a maxim\u00e1lnemu \u0165ahu 20 ton. Tento elegantn\u00fd \u010dierny valec je certifikovan\u00fd pod\u013ea normy ISO9001:2000 a je vyroben\u00fd tak, aby vydr\u017eal.<\/p>\n<p><img decoding=\"async\" src=\"https:\/\/hzpt.com\/wp-content\/uploads\/2023\/11\/Inverted-Telescopic-Cylinder-3.webp\" alt=\"Invertovan\u00fd teleskopick\u00fd valec\" title=\"\"><\/p>\n<h2>Vlastnosti 4-stup\u0148ov\u00e9ho hydraulick\u00e9ho teleskopick\u00e9ho valca<\/h2>\n<p>4-stup\u0148ov\u00fd hydraulick\u00fd teleskopick\u00fd valec sa m\u00f4\u017ee pochv\u00e1li\u0165 nieko\u013ek\u00fdmi v\u00fdnimo\u010dn\u00fdmi vlastnos\u0165ami:<\/p>\n<ol>\n<li>\u0160tandardn\u00e1 kon\u0161trukcia piestov\u00e9ho valca: Zais\u0165uje efekt\u00edvnu prev\u00e1dzku.<\/li>\n<li>Hydraulick\u00fd v\u00fdkon: Poskytuje efekt\u00edvnu prev\u00e1dzku a vysok\u00fd v\u00fdkon.<\/li>\n<li>Oce\u013eov\u00fd materi\u00e1l tela: Pon\u00faka odolnos\u0165 a odolnos\u0165 vo\u010di opotrebovaniu.<\/li>\n<li>Maxim\u00e1lny \u0165ah a \u0165ah: Dok\u00e1\u017ee vyvin\u00fa\u0165 maxim\u00e1lny \u0165ah 3000 ton a maxim\u00e1lny \u0165ah 20 ton, \u010do poskytuje robustn\u00fd v\u00fdkon.<\/li>\n<li>Certifik\u00e1cia ISO9001:2000: Zaru\u010duje kvalitu a spo\u013eahlivos\u0165.<\/li>\n<\/ol>\n<h2>Aplik\u00e1cie 4-stup\u0148ov\u00e9ho hydraulick\u00e9ho teleskopick\u00e9ho valca<\/h2>\n<p>4-stup\u0148ov\u00fd hydraulick\u00fd teleskopick\u00fd valec m\u00e1 nespo\u010detn\u00e9 mno\u017estvo aplik\u00e1ci\u00ed:<\/p>\n<ol>\n<li>V\u00fdrobn\u00fd z\u00e1vod: U\u017eito\u010dn\u00fd v r\u00f4znych v\u00fdrobn\u00fdch procesoch.<\/li>\n<li>Opravovne strojov: Ide\u00e1lne na opravy a \u00fadr\u017ebu strojov.<\/li>\n<li>Farmy: Mo\u017eno pou\u017ei\u0165 pre r\u00f4zne po\u013enohospod\u00e1rske stroje a zariadenia.<\/li>\n<li>Energia a ban\u00edctvo: Nevyhnutn\u00e9 pre n\u00e1ro\u010dn\u00e9 \u00falohy v energetickom a banskom priemysle.<\/li>\n<li>V\u00fdroba strojov: K\u013e\u00fa\u010dov\u00e1 s\u00fa\u010das\u0165 v\u00fdroby strojov.<\/li>\n<\/ol>\n<p><img decoding=\"async\" src=\"https:\/\/hzpt.com\/wp-content\/uploads\/2023\/11\/Inverted-Telescopic-Cylinder-Applications.webp\" alt=\"Aplik\u00e1cie inverzn\u00e9ho teleskopick\u00e9ho valca\" title=\"\"><\/p>\n<h2>Princ\u00edp \u010dinnosti a \u00fadr\u017eba 4-stup\u0148ov\u00e9ho hydraulick\u00e9ho teleskopick\u00e9ho valca<\/h2>\n<p>\u0160tvorstup\u0148ov\u00fd hydraulick\u00fd teleskopick\u00fd valec pracuje na princ\u00edpe hydrauliky. Zah\u0155\u0148a konfigur\u00e1ciu, vstup hydraulickej kvapaliny a v\u00fdstupn\u00fa silu. Pokia\u013e ide o \u00fadr\u017ebu, valec vy\u017eaduje pravideln\u00fa kontrolu, \u010distenie, mazanie, pravideln\u00e9 kontroly a opravy, v\u00fdmenu tesnen\u00ed a dodr\u017eiavanie n\u00e1vodu na obsluhu.<\/p>\n<p><img decoding=\"async\" src=\"https:\/\/hzpt.com\/wp-content\/uploads\/2023\/11\/Inverted-Telescopic-Cylinder-4.webp\" alt=\"Invertovan\u00fd teleskopick\u00fd valec\" title=\"\"><\/p>\n<h2>Invertovan\u00fd teleskopick\u00fd valec<\/h2>\n<p>Inverzn\u00fd teleskopick\u00fd valec, tie\u017e zn\u00e1my ako teleskopick\u00fd valec s obr\u00e1ten\u00fdm dovn\u00fatra von alebo dvoj\u010dinn\u00fd teleskopick\u00fd valec, je typ hydraulick\u00e9ho valca be\u017ene pou\u017e\u00edvan\u00e9ho v r\u00f4znych priemyseln\u00fdch aplik\u00e1ci\u00e1ch. Sklad\u00e1 sa z viacer\u00fdch stup\u0148ov alebo sekci\u00ed, ktor\u00e9 sa skladaj\u00fa a roz\u0165ahuj\u00fa, aby zabezpe\u010dili line\u00e1rny pohyb a silu. T\u00e1to kon\u0161trukcia umo\u017e\u0148uje kompaktn\u00fd a efekt\u00edvny hydraulick\u00fd syst\u00e9m, v\u010faka \u010domu je vhodn\u00fd pre aplik\u00e1cie s obmedzen\u00fdm priestorom.<\/p>\n<h3>1. Kon\u0161trukcia a princ\u00edp fungovania<\/h3>\n<p>Invertovan\u00fd teleskopick\u00fd valec je zvy\u010dajne vyroben\u00fd z vysoko kvalitnej nehrdzavej\u00facej ocele, ktor\u00e1 poskytuje vynikaj\u00facu odolnos\u0165 proti kor\u00f3zii a trvanlivos\u0165. Sklad\u00e1 sa z valca, piestnej ty\u010de a nieko\u013ek\u00fdch stup\u0148ov alebo sekci\u00ed. Ka\u017ed\u00fd stupe\u0148 je valec s men\u0161\u00edm priemerom, ktor\u00fd sa zmest\u00ed do stup\u0148a s v\u00e4\u010d\u0161\u00edm priemerom. Stupne s\u00fa spojen\u00e9 z\u00e1vitov\u00fdmi alebo skrutkov\u00fdmi koncov\u00fdmi uz\u00e1vermi.<\/p>\n<p>Ke\u010f sa na valec aplikuje hydraulick\u00fd tlak, kvapalina vst\u00fapi do najv\u00e4\u010d\u0161ieho stup\u0148a a tla\u010d\u00ed piest a men\u0161ie stupne smerom von. T\u00e1to akcia vys\u00fava valec a zabezpe\u010duje po\u017eadovan\u00fa line\u00e1rnu silu. Naopak, ke\u010f sa hydraulick\u00fd tlak uvo\u013en\u00ed, kvapalina sa stiahne sp\u00e4\u0165 do valca, \u010d\u00edm sa stupne stiahnu a piestna ty\u010d sa zasunie sp\u00e4\u0165.<\/p>\n<h3>2. V\u00fdhody inverzn\u00e9ho teleskopick\u00e9ho valca<\/h3>\n<p>2.1 Zv\u00fd\u0161en\u00fd v\u00fdkon: Kon\u0161trukcia obr\u00e1ten\u00e9ho teleskopick\u00e9ho valca umo\u017e\u0148uje v\u00fdrazn\u00e9 zv\u00fd\u0161enie v\u00fdkonu v porovnan\u00ed s in\u00fdmi typmi valcov. Je to v\u010faka viacer\u00fdm stup\u0148om, ktor\u00e9 sa postupne roz\u0165ahuj\u00fa a zn\u00e1sobuj\u00fa silu vyv\u00edjan\u00fa ka\u017ed\u00fdm stup\u0148om.<\/p>\n<p>2.2 Kompaktn\u00e1 ve\u013ekos\u0165: Teleskopick\u00e1 kon\u0161trukcia umo\u017e\u0148uje kompaktn\u00fd a priestorovo \u00fasporn\u00fd hydraulick\u00fd syst\u00e9m. D\u013a\u017eka valca v zlo\u017eenom stave je ove\u013ea krat\u0161ia ako jeho rozlo\u017een\u00e1 d\u013a\u017eka, v\u010faka \u010domu je ide\u00e1lny pre aplik\u00e1cie s obmedzen\u00fdm priestorom.<\/p>\n<p>2.3 Plynul\u00e1 prev\u00e1dzka: Pou\u017eitie hydraulickej kvapaliny zais\u0165uje plynul\u00e9 a presn\u00e9 riadenie pohybu. Viacstup\u0148ov\u00e1 kon\u0161trukcia minimalizuje vplyv stla\u010dite\u013enosti kvapaliny, \u010do vedie k konzistentnej a spo\u013eahlivej prev\u00e1dzke.<\/p>\n<h3>3. Aplik\u00e1cie inverzn\u00e9ho teleskopick\u00e9ho valca<\/h3>\n<p>Inverzn\u00fd teleskopick\u00fd valec nach\u00e1dza \u0161irok\u00e9 uplatnenie v r\u00f4znych odvetviach, vr\u00e1tane:<\/p>\n<p>3.1 Zariadenia na manipul\u00e1ciu s materi\u00e1lom: Invertovan\u00e9 teleskopick\u00e9 valce sa be\u017ene pou\u017e\u00edvaj\u00fa vo vysokozdvi\u017en\u00fdch voz\u00edkoch a in\u00fdch zdv\u00edhac\u00edch zariadeniach na zabezpe\u010denie potrebnej sily na zdv\u00edhanie a sp\u00fa\u0161\u0165anie \u0165a\u017ek\u00fdch bremien.<\/p>\n<p>3.2 Stavebn\u00e9 stroje: Tieto valce sa pou\u017e\u00edvaj\u00fa v \u017eeriavoch, bagroch a in\u00fdch stavebn\u00fdch strojoch na vys\u00favanie a zas\u00favanie v\u00fdlo\u017en\u00edkov, ramien a vedier.<\/p>\n<p>3.3 Syst\u00e9my nakladania s odpadom: V smetiarskych aut\u00e1ch a zhut\u0148ova\u010doch sa pou\u017e\u00edvaj\u00fa invertovan\u00e9 teleskopick\u00e9 valce na efekt\u00edvne zhut\u0148ovanie a prepravu odpadu.<\/p>\n<p>3.4 Po\u013enohospod\u00e1rske stroje: Tieto valce sa pou\u017e\u00edvaj\u00fa v po\u013enohospod\u00e1rskych strojoch, ako s\u00fa \u010deln\u00e9 naklada\u010de, na vykon\u00e1vanie r\u00f4znych \u00faloh, ako je zdv\u00edhanie, nakl\u00e1\u0148anie a kopanie.<\/p>\n<p>3.5 Priemyseln\u00e1 automatiz\u00e1cia: Invertovan\u00e9 teleskopick\u00e9 valce zohr\u00e1vaj\u00fa d\u00f4le\u017eit\u00fa \u00falohu v automatizovan\u00fdch v\u00fdrobn\u00fdch procesoch, kde je potrebn\u00fd presn\u00fd a kontrolovan\u00fd line\u00e1rny pohyb.<\/p>\n<p>Z\u00e1verom mo\u017eno poveda\u0165, \u017ee inverzn\u00fd teleskopick\u00fd valec je v\u0161estrann\u00fd a efekt\u00edvny hydraulick\u00fd komponent, ktor\u00fd pon\u00faka zv\u00fd\u0161en\u00fd v\u00fdkon, kompaktn\u00e9 rozmery a plynul\u00fd chod. Jeho jedine\u010dn\u00fd dizajn a kon\u0161trukcia ho robia vhodn\u00fdm pre \u0161irok\u00fa \u0161k\u00e1lu aplik\u00e1ci\u00ed v r\u00f4znych odvetviach.<\/p>\n<h3>O FMP<\/h3>\n<p>FMP je popredn\u00e1 spolo\u010dnos\u0165 \u0161pecializuj\u00faca sa na v\u00fdrobu a predaj hydraulick\u00fdch valcov. So s\u00eddlom v Taliansku sme z\u00edskali rozsiahle sk\u00fasenosti v tomto odvetv\u00ed a zostavili sme profesion\u00e1lny t\u00edm, ktor\u00fd sa venuje poskytovaniu vysoko kvalitn\u00fdch a spo\u013eahliv\u00fdch dielov pre stavebn\u00e9 stroje a kompletn\u00fdch strojn\u00fdch rie\u0161en\u00ed z\u00e1kazn\u00edkom.<\/p>\n<p><img decoding=\"async\" src=\"https:\/\/fmp-components.com\/wp-content\/uploads\/2024\/12\/Adjustable-Clevis-Type-Cylinders-6.webp\" alt=\"Nastavite\u013en\u00fd valec typu Clevis\" width=\"836\" title=\"\"><\/p>\n<p>Tu je p\u00e4\u0165 k\u013e\u00fa\u010dov\u00fdch v\u00fdhod na\u0161ich produktov a spolo\u010dnosti:<\/p>\n<ol>\n<li>\u0160irok\u00fd sortiment produktov: Pon\u00fakame \u0161irok\u00fd sortiment hydraulick\u00fdch valcov vr\u00e1tane nastavite\u013en\u00fdch valcov s vidlicov\u00fdm uchyten\u00edm, ktor\u00e9 s\u00fa vhodn\u00e9 pre r\u00f4zne aplik\u00e1cie stavebn\u00fdch strojov.<\/li>\n<li>Pr\u00edsne \u0161tandardy kvality: Vytv\u00e1ran\u00edm dlhodob\u00fdch a stabiln\u00fdch partnersk\u00fdch vz\u0165ahov s vysokokvalitn\u00fdmi dod\u00e1vate\u013emi na dom\u00e1com aj medzin\u00e1rodnom trhu zabezpe\u010dujeme, aby v\u0161etky dod\u00e1van\u00e9 diely sp\u013a\u0148ali pr\u00edsne \u0161tandardy kvality.<\/li>\n<li>Sk\u00fasen\u00fd obchodn\u00fd t\u00edm: N\u00e1\u0161 obchodn\u00fd t\u00edm m\u00e1 hlbok\u00e9 znalosti o v\u00fdvojov\u00fdch trendoch a potreb\u00e1ch z\u00e1kazn\u00edkov v odvetv\u00ed stavebn\u00fdch strojov. Dok\u00e1\u017ee poskytn\u00fa\u0165 profesion\u00e1lne konzult\u00e1cie o produktoch a pon\u00faknu\u0165 inteligentn\u00e9 n\u00e1vrhy na n\u00e1kup.<\/li>\n<li>Efekt\u00edvna logistick\u00e1 distrib\u00facia: Zaviedli sme efekt\u00edvny logistick\u00fd distribu\u010dn\u00fd syst\u00e9m, aby sme zaru\u010dili, \u017ee z\u00e1kazn\u00edci dostan\u00fa po\u017eadovan\u00e9 diely v\u010das a presne.<\/li>\n<li>Pr\u00edslu\u0161enstvo najvy\u0161\u0161ej \u00farovne: Okrem hydraulick\u00fdch valcov pon\u00fakame aj rad pr\u00edslu\u0161enstva najvy\u0161\u0161ej \u00farovne, ktor\u00e9 je navrhnut\u00e9 tak, aby dokonale dop\u013a\u0148alo na\u0161e produkty. Toto pr\u00edslu\u0161enstvo \u010falej zvy\u0161uje v\u00fdkon a efektivitu stavebn\u00fdch strojov.<\/li>\n<\/ol>\n<p>Vyberte si spolo\u010dnos\u0165 FMP ako svojho spo\u013eahliv\u00e9ho partnera v odvetv\u00ed stavebn\u00fdch strojov. Kontaktujte n\u00e1s e\u0161te dnes a zistite, ako na\u0161e vysoko kvalitn\u00e9 hydraulick\u00e9 valce m\u00f4\u017eu splni\u0165 va\u0161e \u0161pecifick\u00e9 po\u017eiadavky a prispie\u0165 k \u00faspechu va\u0161ich projektov.<\/p>\n<p>Autor: CX<\/p>","protected":false},"excerpt":{"rendered":"<p>The Effective 4 Stage Hydraulic Telescopic Ram Cylinder Stainless Steel Hydraulic Cylinder is a game-changer in the world of hydraulic systems. Its innovative design and superior quality make it a top choice for all your hydraulic needs. This cylinder is made of high-grade stainless steel, which ensures durability and longevity. The telescopic design allows for [&hellip;]<\/p>","protected":false},"featured_media":1670,"comment_status":"closed","ping_status":"closed","template":"","meta":{"_et_pb_use_builder":"","_et_pb_old_content":"","_et_gb_content_width":""},"product_brand":[],"product_cat":[45],"product_tag":[34,48],"class_list":{"0":"post-1669","1":"product","2":"type-product","3":"status-publish","4":"has-post-thumbnail","6":"product_cat-inverted-telescopic-cylinder","7":"product_tag-hydraulic-cylinder","8":"product_tag-inverted-telescopic-cylinder","10":"first","11":"instock","12":"product-type-simple"},"_links":{"self":[{"href":"https:\/\/fmp-components.com\/sk\/wp-json\/wp\/v2\/product\/1669","targetHints":{"allow":["GET"]}}],"collection":[{"href":"https:\/\/fmp-components.com\/sk\/wp-json\/wp\/v2\/product"}],"about":[{"href":"https:\/\/fmp-components.com\/sk\/wp-json\/wp\/v2\/types\/product"}],"replies":[{"embeddable":true,"href":"https:\/\/fmp-components.com\/sk\/wp-json\/wp\/v2\/comments?post=1669"}],"wp:featuredmedia":[{"embeddable":true,"href":"https:\/\/fmp-components.com\/sk\/wp-json\/wp\/v2\/media\/1670"}],"wp:attachment":[{"href":"https:\/\/fmp-components.com\/sk\/wp-json\/wp\/v2\/media?parent=1669"}],"wp:term":[{"taxonomy":"product_brand","embeddable":true,"href":"https:\/\/fmp-components.com\/sk\/wp-json\/wp\/v2\/product_brand?post=1669"},{"taxonomy":"product_cat","embeddable":true,"href":"https:\/\/fmp-components.com\/sk\/wp-json\/wp\/v2\/product_cat?post=1669"},{"taxonomy":"product_tag","embeddable":true,"href":"https:\/\/fmp-components.com\/sk\/wp-json\/wp\/v2\/product_tag?post=1669"}],"curies":[{"name":"pracovn\u00fd list","href":"https:\/\/api.w.org\/{rel}","templated":true}]}}