{"id":1667,"date":"2024-12-23T07:00:44","date_gmt":"2024-12-23T07:00:44","guid":{"rendered":"https:\/\/fmp-components.com\/product\/industrial-truck-hydraulic-cylinder-small-dump-truck-hydraulic-cylinder-for-sale\/"},"modified":"2025-03-11T06:09:30","modified_gmt":"2025-03-11T06:09:30","slug":"industrial-truck-hydraulic-cylinder-small-dump-truck-hydraulic-cylinder-for-sale","status":"publish","type":"product","link":"https:\/\/fmp-components.com\/sk\/product\/industrial-truck-hydraulic-cylinder-small-dump-truck-hydraulic-cylinder-for-sale\/","title":{"rendered":"Hydraulick\u00fd valec pre priemyseln\u00e9 n\u00e1kladn\u00e9 vozidl\u00e1 Hydraulick\u00fd valec pre mal\u00e9 skl\u00e1pa\u010de na predaj"},"content":{"rendered":"<h2>Predstavujeme hydraulick\u00fd valec pre priemyseln\u00e9 n\u00e1kladn\u00e9 vozidl\u00e1 \u2013 hydraulick\u00fd valec pre mal\u00e9 skl\u00e1pa\u010de na predaj:<\/h2>\n<p>Hydraulick\u00fd valec pre priemyseln\u00e9 n\u00e1kladn\u00e9 vozidl\u00e1 \u2013 Hydraulick\u00fd valec pre mal\u00e9 skl\u00e1pa\u010de na predaj je vysoko kvalitn\u00fd, spo\u013eahliv\u00fd a odoln\u00fd hydraulick\u00fd valec \u0161peci\u00e1lne navrhnut\u00fd pre mal\u00e9 skl\u00e1pa\u010de. Tento hydraulick\u00fd valec je skon\u0161truovan\u00fd tak, aby odolal \u0165a\u017ek\u00fdm n\u00e1kladom a n\u00e1ro\u010dn\u00fdm pracovn\u00fdm podmienkam, v\u010faka \u010domu je ide\u00e1lnou vo\u013ebou pre r\u00f4zne priemyseln\u00e9 aplik\u00e1cie.<\/p>\n<p>Hydraulick\u00fd valec pre priemyseln\u00e9 n\u00e1kladn\u00e9 vozidl\u00e1 \u2013 Hydraulick\u00fd valec pre mal\u00e9 skl\u00e1pa\u010de na predaj sa m\u00f4\u017ee pochv\u00e1li\u0165 v\u00fdnimo\u010dn\u00fdm v\u00fdkonom a \u00fa\u010dinnos\u0165ou. V\u010faka pokro\u010dil\u00e9mu hydraulick\u00e9mu syst\u00e9mu pon\u00faka plynul\u00fd a presn\u00fd chod, \u010do umo\u017e\u0148uje bezprobl\u00e9mov\u00e9 zdv\u00edhanie a vykladanie bremien. Robustn\u00e1 kon\u0161trukcia valca zais\u0165uje dlhotrvaj\u00facu \u017eivotnos\u0165, zni\u017euje n\u00e1klady na \u00fadr\u017ebu a zvy\u0161uje celkov\u00fa produktivitu.<\/p>\n<p>V\u010faka pokro\u010dilej technol\u00f3gii tesnenia poskytuje hydraulick\u00fd valec pre priemyseln\u00e9 n\u00e1kladn\u00e9 vozidl\u00e1 \u2013 hydraulick\u00fd valec pre mal\u00e9 skl\u00e1pa\u010de na predaj vynikaj\u00facu odolnos\u0165 vo\u010di \u00fanikom a kontamin\u00e1cii. To zais\u0165uje optim\u00e1lny v\u00fdkon a predl\u017euje \u017eivotnos\u0165 valca, minimalizuje prestoje a maximalizuje \u00fa\u010dinnos\u0165.<\/p>\n<p>Hydraulick\u00fd valec pre priemyseln\u00e9 n\u00e1kladn\u00e9 vozidl\u00e1 \u2013 Hydraulick\u00fd valec pre mal\u00e9 skl\u00e1pa\u010de na predaj je navrhnut\u00fd pre jednoduch\u00fa in\u0161tal\u00e1ciu a kompatibilitu s r\u00f4znymi modelmi skl\u00e1pa\u010dov. Jeho kompaktn\u00e9 rozmery a \u013eahk\u00e1 kon\u0161trukcia ho robia vhodn\u00fdm pre mal\u00e9 skl\u00e1pa\u010de bez kompromisov vo v\u00fdkone.<\/p>\n<p>V\u010faka svojej v\u00fdnimo\u010dnej kvalite, spo\u013eahlivosti a v\u00fdkonu je hydraulick\u00fd valec pre priemyseln\u00e9 n\u00e1kladn\u00e9 vozidl\u00e1 \u2013 hydraulick\u00fd valec pre mal\u00e9 skl\u00e1pa\u010de na predaj vynikaj\u00facou invest\u00edciou pre firmy, ktor\u00e9 potrebuj\u00fa spo\u013eahliv\u00fd hydraulick\u00fd valec pre svoje mal\u00e9 skl\u00e1pa\u010de. \u010ci u\u017e sa pou\u017e\u00edva v stavebn\u00edctve, ban\u00edctve alebo doprave, tento hydraulick\u00fd valec je navrhnut\u00fd tak, aby poskytoval v\u00fdnimo\u010dn\u00e9 v\u00fdsledky a prekon\u00e1val o\u010dak\u00e1vania.<\/p>\n<p>Vyberte si hydraulick\u00fd valec pre priemyseln\u00e9 n\u00e1kladn\u00e9 vozidl\u00e1 \u2013 hydraulick\u00fd valec pre mal\u00e9 skl\u00e1pa\u010de na predaj pre vynikaj\u00faci v\u00fdkon, odolnos\u0165 a \u00fa\u010dinnos\u0165. Za\u017eite bezprobl\u00e9mov\u00fa prev\u00e1dzku a zv\u00fd\u0161en\u00fa produktivitu s t\u00fdmto \u0161pi\u010dkov\u00fdm hydraulick\u00fdm valcom.<\/p>\n<div>\n<h2>Predstavujeme hydraulick\u00fd valec pre mal\u00e9 skl\u00e1pa\u010de<\/h2>\n<table style=\"width: 100%;\" border=\"1\" width=\"100%\" cellspacing=\"0\" cellpadding=\"0\">\n<tbody>\n<tr>\n<th>N\u00e1zov produktu<\/th>\n<td>Hydraulick\u00fd valec pre mal\u00e9 skl\u00e1pa\u010de<\/td>\n<\/tr>\n<tr>\n<th>Stav<\/th>\n<td>\u00daplne nov\u00fd<\/td>\n<\/tr>\n<tr>\n<th>Z\u00e1ruka<\/th>\n<td>1 rok<\/td>\n<\/tr>\n<tr>\n<th>Hmotnos\u0165 (kg)<\/th>\n<td>48<\/td>\n<\/tr>\n<tr>\n<th>Z\u00e1kladn\u00e9 komponenty<\/th>\n<td>Lo\u017eisko a piestov\u00fd valec<\/td>\n<\/tr>\n<tr>\n<th>Dizajn<\/th>\n<td>\u0160tandardn\u00fd piestov\u00fd valec<\/td>\n<\/tr>\n<tr>\n<th>Zdroj energie<\/th>\n<td>Hydraulick\u00e9<\/td>\n<\/tr>\n<tr>\n<th>Materi\u00e1l tela<\/th>\n<td>Oce\u013e<\/td>\n<\/tr>\n<tr>\n<th>In\u0161pekcia<\/th>\n<td>V\u00fdstupn\u00e1 in\u0161pekcia s video d\u00f4kazmi<\/td>\n<\/tr>\n<tr>\n<th>Pou\u017eite\u013en\u00e9 odvetvia<\/th>\n<td>V\u00fdrobn\u00e9 z\u00e1vody, Opravovne strojov, Farmy, Energetika a ban\u00edctvo, V\u00fdroba strojov, Stroj\u00e1rne<\/td>\n<\/tr>\n<\/tbody>\n<\/table>\n<p><img decoding=\"async\" src=\"https:\/\/hzpt.com\/wp-content\/uploads\/2023\/11\/Inverted-Telescopic-Cylinder-1.webp\" alt=\"\" title=\"\"><\/p>\n<h2>Vlastnosti hydraulick\u00e9ho valca pre mal\u00e9 skl\u00e1pa\u010de<\/h2>\n<ul>\n<li><strong>Typ:<\/strong> Ide o \u0161tandardn\u00fd piestov\u00fd valec, navrhnut\u00fd ako obr\u00e1ten\u00fd teleskopick\u00fd valec.<\/li>\n<li><strong>Materi\u00e1l:<\/strong> Materi\u00e1l tela tohto hydraulick\u00e9ho valca je vyroben\u00fd z robustnej ocele, \u010do zaru\u010duje jeho odolnos\u0165.<\/li>\n<li><strong>Kapacita:<\/strong> S maxim\u00e1lnym \u0165ahom 3000 a maxim\u00e1lnym \u0165ahom 20 ton pon\u00faka siln\u00fd v\u00fdkon.<\/li>\n<li><strong>\u0160tandard:<\/strong> Tento produkt z\u00edskal certifik\u00e1ciu ISO9001:2000, ktor\u00e1 zaru\u010duje jeho kvalitu.<\/li>\n<li><strong>Dizajn:<\/strong> Dod\u00e1va sa v elegantnej \u010diernej farbe, ktor\u00e1 mu dod\u00e1va profesion\u00e1lny vzh\u013ead.<\/li>\n<\/ul>\n<h2>Aplik\u00e1cie hydraulick\u00e9ho valca pre mal\u00e9 skl\u00e1pa\u010de<\/h2>\n<ul>\n<li>V\u00fdrobn\u00e9 z\u00e1vody<\/li>\n<li>Opravovne strojov<\/li>\n<li>Farmy<\/li>\n<li>Energetick\u00fd a \u0165a\u017eobn\u00fd priemysel<\/li>\n<li>V\u00fdroba strojov<\/li>\n<\/ul>\n<p><img decoding=\"async\" src=\"https:\/\/hzpt.com\/wp-content\/uploads\/2023\/11\/Inverted-Telescopic-Cylinder-Applications.webp\" alt=\"Aplik\u00e1cie inverzn\u00e9ho teleskopick\u00e9ho valca\" title=\"\"><\/p>\n<h2>Princ\u00edp \u010dinnosti a \u00fadr\u017eba hydraulick\u00e9ho valca mal\u00e9ho skl\u00e1pa\u010da<\/h2>\n<p>Hydraulick\u00fd valec pracuje na z\u00e1klade vstupu hydraulickej kvapaliny, \u010doho v\u00fdsledkom je v\u00fdstupn\u00e1 sila. Konfigur\u00e1cia syst\u00e9mu umo\u017e\u0148uje dosiahnu\u0165 maxim\u00e1lnu \u00fa\u010dinnos\u0165. Pokia\u013e ide o \u00fadr\u017ebu, pravideln\u00e1 kontrola, \u010distenie a mazanie s\u00fa nevyhnutn\u00e9. Okrem toho pravideln\u00e9 kontroly a opravy, v\u00fdmena tesnen\u00ed a dodr\u017eiavanie n\u00e1vodu na obsluhu tie\u017e zabezpe\u010duj\u00fa dlh\u00fa \u017eivotnos\u0165 produktu.<\/p>\n<p><img decoding=\"async\" src=\"https:\/\/hzpt.com\/wp-content\/uploads\/2023\/11\/Inverted-Telescopic-Cylinder-9.webp\" alt=\"\" title=\"\"><\/p>\n<\/div>\n<h2>Invertovan\u00fd teleskopick\u00fd valec<\/h2>\n<p>Invertovan\u00fd teleskopick\u00fd valec, tie\u017e zn\u00e1my ako bezty\u010dov\u00fd valec, je typ hydraulick\u00e9ho valca, ktor\u00fd sa be\u017ene pou\u017e\u00edva v priemyseln\u00fdch n\u00e1kladn\u00fdch vozidl\u00e1ch, ako s\u00fa mal\u00e9 skl\u00e1pa\u010de, na r\u00f4zne aplik\u00e1cie. Tento typ valca je navrhnut\u00fd tak, aby poskytoval v\u00fdkonn\u00e9 a spo\u013eahliv\u00e9 zdv\u00edhanie a sp\u00fa\u0161\u0165anie \u0165a\u017ek\u00fdch bremien a je nevyhnutnou s\u00fa\u010das\u0165ou mnoh\u00fdch priemyseln\u00fdch a stavebn\u00fdch oper\u00e1ci\u00ed.<\/p>\n<h3>Dizajn a komponenty<\/h3>\n<p>Invertovan\u00fd teleskopick\u00fd valec pozost\u00e1va zo s\u00e9rie vnoren\u00fdch r\u00farok, pri\u010dom piestna ty\u010d sa nach\u00e1dza na vonkaj\u0161ej strane valca. Najvzdialenej\u0161ia r\u00farka sa naz\u00fdva valec a obsahuje piestnu ty\u010d, zatia\u013e \u010do vn\u00fatorn\u00e9 r\u00farky sa naz\u00fdvaj\u00fa stupne. Stupne s\u00fa spojen\u00e9 s valcom tesneniami, ktor\u00e9 zabra\u0148uj\u00fa \u00faniku kvapaliny a udr\u017eiavaj\u00fa tlak vo vn\u00fatri valca.<\/p>\n<p>Valec je zvy\u010dajne vyroben\u00fd z vysokopevnostnej ocele, ktor\u00e1 je presne opracovan\u00e1 s pr\u00edsnymi toleranciami, aby sa zabezpe\u010dil plynul\u00fd chod a dlh\u00e1 \u017eivotnos\u0165. Piestna ty\u010d je tie\u017e vyroben\u00e1 z odoln\u00fdch materi\u00e1lov, ako je pochr\u00f3movan\u00e1 oce\u013e, aby odol\u00e1vala opotrebovaniu a kor\u00f3zii.<\/p>\n<h3>Funkcia a obsluha<\/h3>\n<p>Invertovan\u00fd teleskopick\u00fd valec je navrhnut\u00fd tak, aby premie\u0148al hydraulick\u00fd tlak na line\u00e1rny pohyb, ktor\u00fd sa pou\u017e\u00edva na zdv\u00edhanie a sp\u00fa\u0161\u0165anie \u0165a\u017ek\u00fdch bremien. Ke\u010f sa do valca vstrekuje hydraulick\u00e1 kvapalina, tla\u010d\u00ed na piest, ktor\u00fd n\u00e1sledne vys\u00fava piestnu ty\u010d a zdv\u00edha bremeno. Na spustenie bremena sa hydraulick\u00e1 kvapalina z valca uvo\u013en\u00ed, \u010do sp\u00f4sob\u00ed, \u017ee hmotnos\u0165 bremena tla\u010d\u00ed na piest a stiahne piestnu ty\u010d.<\/p>\n<p>Kon\u0161trukcia obr\u00e1ten\u00e9ho teleskopick\u00e9ho valca umo\u017e\u0148uje dlh\u0161\u00ed zdvih ako in\u00e9 typy hydraulick\u00fdch valcov, \u010do znamen\u00e1, \u017ee dok\u00e1\u017ee zdv\u00edha\u0165 \u0165a\u017e\u0161ie bremen\u00e1 do v\u00e4\u010d\u0161\u00edch v\u00fd\u0161ok. V\u010faka tomu je ide\u00e1lnou vo\u013ebou pre pou\u017eitie v mal\u00fdch skl\u00e1pa\u010doch a in\u00fdch priemyseln\u00fdch voz\u00edkoch, ktor\u00e9 vy\u017eaduj\u00fa zdv\u00edhanie \u0165a\u017ek\u00fdch n\u00e1kladov.<\/p>\n<h3>Aplik\u00e1cie<\/h3>\n<p>Inverzn\u00fd teleskopick\u00fd valec sa pou\u017e\u00edva v r\u00f4znych aplik\u00e1ci\u00e1ch vr\u00e1tane:<\/p>\n<ul>\n<li>Mal\u00e9 skl\u00e1pa\u010de: Obr\u00e1ten\u00fd teleskopick\u00fd valec sa be\u017ene pou\u017e\u00edva v mal\u00fdch skl\u00e1pa\u010doch na zdv\u00edhanie a sp\u00fa\u0161\u0165anie korby skl\u00e1pa\u010da.<\/li>\n<li>Priemyseln\u00e9 voz\u00edky: Valec sa pou\u017e\u00edva aj v in\u00fdch typoch priemyseln\u00fdch voz\u00edkov, ako s\u00fa vysokozdvi\u017en\u00e9 voz\u00edky a paletov\u00e9 voz\u00edky, na zdv\u00edhanie a premiest\u0148ovanie \u0165a\u017ek\u00fdch bremien.<\/li>\n<li>Stavebn\u00e9 zariadenia: Invertovan\u00e9 teleskopick\u00e9 valce sa pou\u017e\u00edvaj\u00fa v r\u00f4znych stavebn\u00fdch zariadeniach vr\u00e1tane \u017eeriavov, r\u00fdpadiel a buldoz\u00e9rov na zdv\u00edhanie a premiest\u0148ovanie materi\u00e1lov.<\/li>\n<\/ul>\n<p>Z\u00e1verom mo\u017eno poveda\u0165, \u017ee inverzn\u00fd teleskopick\u00fd valec je v\u00fdkonn\u00fd a spo\u013eahliv\u00fd hydraulick\u00fd valec, ktor\u00fd sa \u0161iroko pou\u017e\u00edva v priemyseln\u00fdch a stavebn\u00fdch aplik\u00e1ci\u00e1ch. Jeho jedine\u010dn\u00fd dizajn a kon\u0161trukcia z neho robia z\u00e1kladn\u00fa s\u00fa\u010das\u0165 mnoh\u00fdch typov zariaden\u00ed a jeho schopnos\u0165 zdv\u00edha\u0165 \u0165a\u017ek\u00e9 bremen\u00e1 do v\u00e4\u010d\u0161\u00edch v\u00fd\u0161ok z neho rob\u00ed ide\u00e1lnu vo\u013ebu pre pou\u017eitie v mal\u00fdch skl\u00e1pa\u010doch a in\u00fdch priemyseln\u00fdch n\u00e1kladn\u00fdch vozidl\u00e1ch.<\/p>\n<p>K\u013e\u00fa\u010dov\u00e9 slov\u00e1: Hydraulick\u00fd valec pre priemyseln\u00e9 n\u00e1kladn\u00e9 vozidl\u00e1, Hydraulick\u00fd valec pre mal\u00e9 skl\u00e1pa\u010de na predaj<\/p>\n<h3>O FMP<\/h3>\n<p>FMP je popredn\u00e1 spolo\u010dnos\u0165 \u0161pecializuj\u00faca sa na v\u00fdrobu a predaj hydraulick\u00fdch valcov. V\u010faka na\u0161im rozsiahlym sk\u00fasenostiam v odvetv\u00ed a profesion\u00e1lnemu t\u00edmu sa venujeme poskytovaniu vysoko kvalitn\u00fdch a spo\u013eahliv\u00fdch hydraulick\u00fdch valcov z\u00e1kazn\u00edkom pre r\u00f4zne aplik\u00e1cie stavebn\u00fdch strojov.<\/p>\n<p><img decoding=\"async\" src=\"https:\/\/fmp-components.com\/wp-content\/uploads\/2024\/12\/Adjustable-Clevis-Type-Cylinders-6.webp\" alt=\"Nastavite\u013en\u00fd valec typu Clevis\" width=\"835\" title=\"\"><\/p>\n<p>Tu je p\u00e4\u0165 d\u00f4vodov, pre\u010do je v\u00fdber FMP pre va\u0161e potreby v oblasti hydraulick\u00fdch valcov spr\u00e1vnym rozhodnut\u00edm:<\/p>\n<ol>\n<li><strong>\u0160irok\u00fd sortiment produktov:<\/strong> Pon\u00fakame \u0161irok\u00fd sortiment hydraulick\u00fdch valcov vhodn\u00fdch pre r\u00f4zne aplik\u00e1cie v priemysle stavebn\u00fdch strojov. \u010ci u\u017e potrebujete valce pre po\u013enohospod\u00e1rske stroje, priemyseln\u00e9 prevodovky alebo plan\u00e9tov\u00e9 prevodovky, m\u00e1me pre v\u00e1s to prav\u00e9.<\/li>\n<li><strong>Pr\u00edsne \u0161tandardy kvality:<\/strong> V spolo\u010dnosti FMP kladieme d\u00f4raz na kvalitu a zabezpe\u010dujeme, aby v\u0161etky na\u0161e dod\u00e1van\u00e9 hydraulick\u00e9 valce sp\u013a\u0148ali pr\u00edsne \u0161tandardy kvality. Prostredn\u00edctvom dlhodob\u00fdch a stabiln\u00fdch partnerstiev s vysoko kvalitn\u00fdmi dod\u00e1vate\u013emi garantujeme spo\u013eahlivos\u0165 a trvanlivos\u0165 na\u0161ich produktov.<\/li>\n<li><strong>Sk\u00fasen\u00fd obchodn\u00fd t\u00edm:<\/strong> N\u00e1\u0161 sk\u00fasen\u00fd obchodn\u00fd t\u00edm m\u00e1 bohat\u00e9 znalosti o najnov\u0161\u00edch trendoch a po\u017eiadavk\u00e1ch z\u00e1kazn\u00edkov v odvetv\u00ed stavebn\u00fdch strojov. Poskytne v\u00e1m profesion\u00e1lne poradenstvo oh\u013eadom produktov, pom\u00f4\u017ee v\u00e1m pri informovan\u00fdch rozhodnutiach a n\u00e1jden\u00ed dokonal\u00e9ho hydraulick\u00e9ho valca pre va\u0161e \u0161pecifick\u00e9 po\u017eiadavky.<\/li>\n<li><strong>Efekt\u00edvna logistick\u00e1 distrib\u00facia:<\/strong> Ch\u00e1peme d\u00f4le\u017eitos\u0165 v\u010dasn\u00e9ho dodania. N\u00e1\u0161 efekt\u00edvny logistick\u00fd distribu\u010dn\u00fd syst\u00e9m zabezpe\u010d\u00ed, \u017ee dostanete po\u017eadovan\u00e9 hydraulick\u00e9 valce r\u00fdchlo a presne, \u010d\u00edm sa minimalizuj\u00fa prestoje a zabezpe\u010d\u00ed hladk\u00fd chod va\u0161ej prev\u00e1dzky.<\/li>\n<li><strong>Komplexn\u00e1 popredajn\u00e1 podpora:<\/strong> V spolo\u010dnosti FMP si cen\u00edme spokojnos\u0165 z\u00e1kazn\u00edkov. N\u00e1\u0161 \u0161pecializovan\u00fd t\u00edm podpory je v\u017edy pripraven\u00fd pom\u00f4c\u0165 v\u00e1m s ak\u00fdmiko\u013evek ot\u00e1zkami alebo obavami a poskytuje komplexn\u00fa popredajn\u00fa podporu, aby sme zabezpe\u010dili va\u0161u maxim\u00e1lnu spokojnos\u0165 s na\u0161imi hydraulick\u00fdmi valcami.<\/li>\n<\/ol>\n<p>Spojte sa s FMP e\u0161te dnes a za\u017eite kvalitu, spo\u013eahlivos\u0165 a v\u00fdnimo\u010dn\u00fd v\u00fdkon na\u0161ich hydraulick\u00fdch valcov. Kontaktujte n\u00e1s e\u0161te dnes, aby sme prediskutovali va\u0161e \u0161pecifick\u00e9 potreby a za\u010dali plodn\u00fa spolupr\u00e1cu.<\/p>\n<p>Autor: CX<\/p>","protected":false},"excerpt":{"rendered":"<p>Introducing the Industrial Truck Hydraulic Cylinder &#8211; Small Dump Truck Hydraulic Cylinder For Sale: Industrial Truck Hydraulic Cylinder &#8211; Small Dump Truck Hydraulic Cylinder For Sale is a high-quality, reliable and durable hydraulic cylinder specifically designed for small dump trucks. This hydraulic cylinder is built to withstand heavy loads and demanding working conditions, making it [&hellip;]<\/p>","protected":false},"featured_media":1668,"comment_status":"closed","ping_status":"closed","template":"","meta":{"_et_pb_use_builder":"","_et_pb_old_content":"","_et_gb_content_width":""},"product_brand":[],"product_cat":[45],"product_tag":[34,48],"class_list":{"0":"post-1667","1":"product","2":"type-product","3":"status-publish","4":"has-post-thumbnail","6":"product_cat-inverted-telescopic-cylinder","7":"product_tag-hydraulic-cylinder","8":"product_tag-inverted-telescopic-cylinder","10":"first","11":"instock","12":"product-type-simple"},"_links":{"self":[{"href":"https:\/\/fmp-components.com\/sk\/wp-json\/wp\/v2\/product\/1667","targetHints":{"allow":["GET"]}}],"collection":[{"href":"https:\/\/fmp-components.com\/sk\/wp-json\/wp\/v2\/product"}],"about":[{"href":"https:\/\/fmp-components.com\/sk\/wp-json\/wp\/v2\/types\/product"}],"replies":[{"embeddable":true,"href":"https:\/\/fmp-components.com\/sk\/wp-json\/wp\/v2\/comments?post=1667"}],"wp:featuredmedia":[{"embeddable":true,"href":"https:\/\/fmp-components.com\/sk\/wp-json\/wp\/v2\/media\/1668"}],"wp:attachment":[{"href":"https:\/\/fmp-components.com\/sk\/wp-json\/wp\/v2\/media?parent=1667"}],"wp:term":[{"taxonomy":"product_brand","embeddable":true,"href":"https:\/\/fmp-components.com\/sk\/wp-json\/wp\/v2\/product_brand?post=1667"},{"taxonomy":"product_cat","embeddable":true,"href":"https:\/\/fmp-components.com\/sk\/wp-json\/wp\/v2\/product_cat?post=1667"},{"taxonomy":"product_tag","embeddable":true,"href":"https:\/\/fmp-components.com\/sk\/wp-json\/wp\/v2\/product_tag?post=1667"}],"curies":[{"name":"pracovn\u00fd list","href":"https:\/\/api.w.org\/{rel}","templated":true}]}}