{"id":1663,"date":"2024-12-23T07:00:44","date_gmt":"2024-12-23T07:00:44","guid":{"rendered":"https:\/\/fmp-components.com\/product\/hot-sale-hydraulic-telescopic-cylinder-dump-trailer-hydraulic-cylinder\/"},"modified":"2025-03-11T06:07:26","modified_gmt":"2025-03-11T06:07:26","slug":"hot-sale-hydraulic-telescopic-cylinder-dump-trailer-hydraulic-cylinder","status":"publish","type":"product","link":"https:\/\/fmp-components.com\/sk\/product\/hot-sale-hydraulic-telescopic-cylinder-dump-trailer-hydraulic-cylinder\/","title":{"rendered":"Hydraulick\u00fd teleskopick\u00fd valec skl\u00e1pacieho pr\u00edvesu s hor\u00facim v\u00fdpredajom"},"content":{"rendered":"<p>Hydraulick\u00fd teleskopick\u00fd valec pre skl\u00e1pacie pr\u00edvesy - v\u00fdpredaj Hydraulick\u00fd valec pre skl\u00e1pacie pr\u00edvesy je vysoko kvalitn\u00fd hydraulick\u00fd valec ur\u010den\u00fd pre skl\u00e1pacie pr\u00edvesy. Je vyroben\u00fd z vysoko pevn\u00fdch materi\u00e1lov a je schopn\u00fd odol\u00e1va\u0165 \u0165a\u017ek\u00fdm n\u00e1kladom a n\u00e1ro\u010dn\u00fdm pracovn\u00fdm podmienkam. Tento hydraulick\u00fd valec je vyroben\u00fd s pou\u017eit\u00edm pokro\u010dilej technol\u00f3gie, ktor\u00e1 zais\u0165uje spo\u013eahliv\u00fd v\u00fdkon a dlh\u00fa \u017eivotnos\u0165.<\/p>\n<p>Hydraulick\u00fd teleskopick\u00fd valec pre skl\u00e1pacie pr\u00edvesy s hor\u00facou ponukou sa vyzna\u010duje teleskopickou kon\u0161trukciou, ktor\u00e1 umo\u017e\u0148uje dlh\u0161\u00ed zdvih a men\u0161iu d\u013a\u017eku v zasunutom stave, v\u010faka \u010domu je ide\u00e1lnou vo\u013ebou pre skl\u00e1pacie pr\u00edvesy s obmedzen\u00fdm priestorom. Je tie\u017e vybaven\u00fd vysokotlakov\u00fdm tesnen\u00edm, ktor\u00e9 zabra\u0148uje \u00faniku oleja a zais\u0165uje plynul\u00fd chod.<\/p>\n<p>Tento hydraulick\u00fd valec sa \u013eahko in\u0161taluje a udr\u017eiava, v\u010faka \u010domu je cenovo v\u00fdhodn\u00fdm rie\u0161en\u00edm pre majite\u013eov skl\u00e1pac\u00edch n\u00e1vesov, ktor\u00ed chc\u00fa zlep\u0161i\u0165 v\u00fdkon svojho zariadenia. Je k dispoz\u00edcii v r\u00f4znych ve\u013ekostiach, aby sp\u013a\u0148al r\u00f4zne po\u017eiadavky, a je mo\u017en\u00e9 ho prisp\u00f4sobi\u0165 \u0161pecifick\u00fdm potreb\u00e1m.<\/p>\n<p>Celkovo je hydraulick\u00fd teleskopick\u00fd valec pre skl\u00e1pacie pr\u00edvesy spo\u013eahliv\u00fd a \u00fa\u010dinn\u00fd hydraulick\u00fd valec, ktor\u00fd m\u00f4\u017ee pom\u00f4c\u0165 zlep\u0161i\u0165 v\u00fdkon skl\u00e1pac\u00edch pr\u00edvesov. Je to skvel\u00e1 invest\u00edcia pre ka\u017ed\u00e9ho, kto chce zlep\u0161i\u0165 funk\u010dnos\u0165 a produktivitu svojej prev\u00e1dzky skl\u00e1pac\u00edch pr\u00edvesov.<\/p>\n<div>\n<h2>\u0160pi\u010dkov\u00fd hydraulick\u00fd teleskopick\u00fd valec Hydraulick\u00fd valec pre skl\u00e1pacie pr\u00edvesy<\/h2>\n<table style=\"width: 100%;\" border=\"1\" width=\"100%\" cellspacing=\"0\" cellpadding=\"0\">\n<tbody>\n<tr>\n<th>N\u00e1zov produktu<\/th>\n<td>Hydraulick\u00fd teleskopick\u00fd valec Hydraulick\u00fd valec skl\u00e1pacieho pr\u00edvesu<\/td>\n<\/tr>\n<tr>\n<th>Stav<\/th>\n<td>Nov\u00e9<\/td>\n<\/tr>\n<tr>\n<th>Materi\u00e1l<\/th>\n<td>Robustn\u00e1 oce\u013e<\/td>\n<\/tr>\n<tr>\n<th>Maxim\u00e1lny \u0165ah<\/th>\n<td>3000<\/td>\n<\/tr>\n<tr>\n<th>Maxim\u00e1lny \u0165ah<\/th>\n<td>20 ton<\/td>\n<\/tr>\n<tr>\n<th>Certifik\u00e1cia<\/th>\n<td>ISO9001:2000<\/td>\n<\/tr>\n<tr>\n<th>Ve\u013ekos\u0165 otvoru<\/th>\n<td>2-6 palcov<\/td>\n<\/tr>\n<tr>\n<th>Ve\u013ekos\u0165 ty\u010de<\/th>\n<td>1,125-4 palce<\/td>\n<\/tr>\n<tr>\n<th>Ve\u013ekos\u0165 \u0165ahu<\/th>\n<td>6-48 palcov<\/td>\n<\/tr>\n<tr>\n<th>Ve\u013ekos\u0165 \u010dapu<\/th>\n<td>0,5-2 palce<\/td>\n<\/tr>\n<tr>\n<th>Farba<\/th>\n<td>Elegantn\u00e1 \u010dierna<\/td>\n<\/tr>\n<tr>\n<th>Pou\u017eite\u013en\u00e9 odvetvia<\/th>\n<td>V\u00fdrobn\u00e9 z\u00e1vody, Opravovne strojov, Farmy, Energetika a ban\u00edctvo, Stroj\u00e1rne<\/td>\n<\/tr>\n<\/tbody>\n<\/table>\n<h2>K\u013e\u00fa\u010dov\u00e9 vlastnosti n\u00e1\u0161ho hydraulick\u00e9ho teleskopick\u00e9ho valca<\/h2>\n<ul>\n<li>Vysoko v\u0161estrann\u00fd s uplatnen\u00edm v mnoh\u00fdch odvetviach<\/li>\n<li>Vynikaj\u00faca nosnos\u0165 s maxim\u00e1lnym \u0165ahom 3000 ton a maxim\u00e1lnym \u0165ahom 20 ton<\/li>\n<li>\u0160tandardn\u00e1 kon\u0161trukcia a hydraulick\u00fd v\u00fdkon pre optim\u00e1lny v\u00fdkon<\/li>\n<li>Vyroben\u00e9 z robustnej ocele pre odolnos\u0165 a dlh\u00fa \u017eivotnos\u0165<\/li>\n<li>Certifik\u00e1cia ISO9001:2000, ktor\u00e1 zaru\u010duje kvalitu a s\u00falad s medzin\u00e1rodn\u00fdmi normami<\/li>\n<\/ul>\n<p><img decoding=\"async\" src=\"https:\/\/hzpt.com\/wp-content\/uploads\/2023\/11\/Inverted-Telescopic-Cylinder-15.webp\" alt=\"\" title=\"\"><\/p>\n<h2>Pou\u017eitie hydraulick\u00e9ho teleskopick\u00e9ho valca pre skl\u00e1pacie pr\u00edvesy<\/h2>\n<ul>\n<li>V\u00fdrobn\u00e9 z\u00e1vody na v\u00fdrobu a mont\u00e1\u017e strojov<\/li>\n<li>Opravovne strojov na \u00fadr\u017ebu a gener\u00e1lne opravy zariaden\u00ed<\/li>\n<li>Farmy pre \u0165a\u017ek\u00e9 po\u013enohospod\u00e1rske stroje<\/li>\n<li>Energetick\u00fd a \u0165a\u017eobn\u00fd priemysel pre v\u00fdkopov\u00e9 a vrtn\u00e9 zariadenia<\/li>\n<li>Stroj\u00e1rne na v\u00fdrobu \u0161pi\u010dkov\u00fdch priemyseln\u00fdch zariaden\u00ed<\/li>\n<\/ul>\n<p><img decoding=\"async\" src=\"https:\/\/hzpt.com\/wp-content\/uploads\/2023\/11\/Inverted-Telescopic-Cylinder-Applications.webp\" alt=\"Aplik\u00e1cie inverzn\u00e9ho teleskopick\u00e9ho valca\" title=\"\"><\/p>\n<h2>Princ\u00edp fungovania a \u00fadr\u017eba<\/h2>\n<p>Hydraulick\u00fd teleskopick\u00fd valec funguje na jednoduchom princ\u00edpe kompresie kvapaliny. Ke\u010f sa hydraulick\u00e1 kvapalina vstupuje do valca cez otvor, vytv\u00e1ra sa tlak, ktor\u00fd vys\u00fava piestnu ty\u010d a generuje v\u00fdstupn\u00fa silu. T\u00fato siln\u00fa silu mo\u017eno vyu\u017ei\u0165 na r\u00f4zne \u00fa\u010dely, od zdv\u00edhania \u0165a\u017ek\u00fdch bremien a\u017e po obsluhu zlo\u017eit\u00fdch strojov.<\/p>\n<p>Pravideln\u00e1 \u00fadr\u017eba je k\u013e\u00fa\u010dov\u00e1 pre optim\u00e1lny v\u00fdkon a dlh\u00fa \u017eivotnos\u0165. Zah\u0155\u0148a pravideln\u00e9 kontroly na zistenie ak\u00fdchko\u013evek zn\u00e1mok opotrebovania alebo po\u0161kodenia, \u010distenie na odstr\u00e1nenie prachu a ne\u010dist\u00f4t, mazanie na zn\u00ed\u017eenie trenia a zabr\u00e1nenie opotrebovaniu, ako aj pravideln\u00fa v\u00fdmenu tesnen\u00ed. Konkr\u00e9tne pokyny na \u00fadr\u017ebu n\u00e1jdete v\u017edy v n\u00e1vode na obsluhu.<\/p>\n<p><img decoding=\"async\" src=\"https:\/\/hzpt.com\/wp-content\/uploads\/2023\/11\/Inverted-Telescopic-Cylinder-3.webp\" alt=\"\" title=\"\"><\/p>\n<\/div>\n<h2>Invertovan\u00fd teleskopick\u00fd valec<\/h2>\n<p>Invertovan\u00fd teleskopick\u00fd valec, tie\u017e zn\u00e1my ako hydraulick\u00fd teleskopick\u00fd valec, je typ hydraulick\u00e9ho aktu\u00e1tora be\u017ene pou\u017e\u00edvan\u00e9ho v r\u00f4znych odvetviach. Pozost\u00e1va zo s\u00e9rie vnoren\u00fdch valcov\u00fdch \u010dast\u00ed, ktor\u00e9 sa vys\u00favaj\u00fa a zas\u00favaj\u00fa, aby zabezpe\u010dili line\u00e1rny pohyb. Tieto valce sa \u0161iroko pou\u017e\u00edvaj\u00fa v aplik\u00e1ci\u00e1ch, kde je potrebn\u00fd kompaktn\u00fd a efekt\u00edvny hydraulick\u00fd syst\u00e9m.<\/p>\n<p>Pou\u017eitie inverzn\u00fdch teleskopick\u00fdch valcov m\u00e1 nieko\u013eko k\u013e\u00fa\u010dov\u00fdch vlastnost\u00ed a v\u00fdhod:<\/p>\n<ol>\n<li style=\"list-style-type: none;\">\n<ol>\n<li>Efekt\u00edvny dizajn: Vnoren\u00fd dizajn valcov umo\u017e\u0148uje men\u0161iu d\u013a\u017eku v zlo\u017eenom stave v porovnan\u00ed s in\u00fdmi typmi hydraulick\u00fdch valcov. Tento kompaktn\u00fd dizajn je obzvl\u00e1\u0161\u0165 v\u00fdhodn\u00fd v aplik\u00e1ci\u00e1ch s obmedzen\u00fdm priestorom.<\/li>\n<\/ol>\n<\/li>\n<\/ol>\n<p>Hydraulick\u00fd teleskopick\u00fd valec za hor\u00faca<\/p>\n<ol>\n<li style=\"list-style-type: none;\">\n<ol>\n<li>Vynikaj\u00faca pevnos\u0165: Inverzn\u00e9 teleskopick\u00e9 valce s\u00fa navrhnut\u00e9 tak, aby odolali \u0165a\u017ek\u00fdm za\u0165a\u017eeniam a vysok\u00fdm tlakom. Pou\u017eitie vysokokvalitn\u00fdch materi\u00e1lov a presn\u00fdch v\u00fdrobn\u00fdch techn\u00edk zaru\u010duje ich odolnos\u0165 a spo\u013eahlivos\u0165.<\/li>\n<li>Zv\u00fd\u0161en\u00e1 stabilita: Vnoren\u00e9 \u010dasti valca poskytuj\u00fa zv\u00fd\u0161en\u00fa stabilitu po\u010das prev\u00e1dzky. T\u00e1to vlastnos\u0165 je k\u013e\u00fa\u010dov\u00e1 pre aplik\u00e1cie, ktor\u00e9 vy\u017eaduj\u00fa presn\u00e9 a kontrolovan\u00e9 pohyby.<\/li>\n<li>Plynul\u00e1 prev\u00e1dzka: Invertovan\u00e9 teleskopick\u00e9 valce vyu\u017e\u00edvaj\u00fa hydraulick\u00fa kvapalinu na vys\u00favanie a zas\u00favanie, \u010do vedie k plynul\u00e9mu a konzistentn\u00e9mu pohybu. To umo\u017e\u0148uje presn\u00e9 polohovanie a zni\u017euje opotrebovanie syst\u00e9mu.<\/li>\n<li>Variabiln\u00e1 d\u013a\u017eka zdvihu: Tieto valce pon\u00fakaj\u00fa flexibilitu pri nastavovan\u00ed d\u013a\u017eky zdvihu pod\u013ea \u0161pecifick\u00fdch po\u017eiadaviek aplik\u00e1cie. T\u00e1to nastavite\u013enos\u0165 umo\u017e\u0148uje rie\u0161enia na mieru a zv\u00fd\u0161enie \u00fa\u010dinnosti.<\/li>\n<li>Rozmanit\u00e9 vyu\u017eitie: Inverzn\u00e9 teleskopick\u00e9 valce nach\u00e1dzaj\u00fa uplatnenie v r\u00f4znych odvetviach vr\u00e1tane stavebn\u00edctva, po\u013enohospod\u00e1rstva, manipul\u00e1cie s materi\u00e1lom a dopravy. Be\u017ene sa pou\u017e\u00edvaj\u00fa v skl\u00e1pa\u010doch, hydraulick\u00fdch lisoch a zdv\u00edhac\u00edch zariadeniach.<\/li>\n<\/ol>\n<\/li>\n<\/ol>\n<p>Hydraulick\u00fd valec skl\u00e1pacieho pr\u00edvesu<\/p>\n<ol>\n<li>Jednoduch\u00e1 \u00fadr\u017eba: Kon\u0161trukcia obr\u00e1ten\u00fdch teleskopick\u00fdch valcov zjednodu\u0161uje postupy \u00fadr\u017eby. Vnoren\u00e9 \u010dasti sa daj\u00fa \u013eahko rozobra\u0165 na kontrolu, opravu alebo v\u00fdmenu komponentov, \u010d\u00edm sa skracuj\u00fa prestoje.<\/li>\n<\/ol>\n<p>Celkovo je invertovan\u00fd teleskopick\u00fd valec v\u0161estrann\u00fd a efekt\u00edvny hydraulick\u00fd aktu\u00e1tor, ktor\u00fd pon\u00faka mno\u017estvo v\u00fdhod v r\u00f4znych aplik\u00e1ci\u00e1ch. Jeho kompaktn\u00fd dizajn, vynikaj\u00faca pevnos\u0165 a plynul\u00fd chod z neho robia ob\u013e\u00faben\u00fa vo\u013ebu v odvetviach, kde sa vy\u017eaduje presn\u00fd line\u00e1rny pohyb. \u010ci u\u017e ide o hydraulick\u00fd valec skl\u00e1pacieho pr\u00edvesu alebo ak\u00fako\u013evek in\u00fa aplik\u00e1ciu, tieto valce poskytuj\u00fa spo\u013eahliv\u00fd v\u00fdkon a prispievaj\u00fa k celkovej produktivite hydraulick\u00fdch syst\u00e9mov.<\/p>\n<h3>O spolo\u010dnosti FMP \u2013 profesion\u00e1lny v\u00fdrobca a predajca hydraulick\u00fdch valcov<\/h3>\n<p>H\u013ead\u00e1te spo\u013eahliv\u00fd a kvalitn\u00fd hydraulick\u00fd valec pre va\u0161e stavebn\u00e9 stroje? Neh\u013eadajte \u010falej ako FMP! Ako profesion\u00e1lny v\u00fdrobca a predajca dielov a kompletn\u00fdch strojov pre stavebn\u00e9 stroje pon\u00fakame \u0161irok\u00fd sortiment hydraulick\u00fdch valcov navrhnut\u00fdch tak, aby sp\u013a\u0148ali potreby r\u00f4znych aplik\u00e1ci\u00ed.<\/p>\n<p>Tu je nieko\u013eko d\u00f4vodov, pre\u010do by ste si mali vybra\u0165 hydraulick\u00e9 valce FMP:<\/p>\n<p>1. Vysokokvalitn\u00e9 materi\u00e1ly \u2013 Na\u0161e hydraulick\u00e9 valce s\u00fa vyroben\u00e9 z najkvalitnej\u0161\u00edch materi\u00e1lov, aby bola zaru\u010den\u00e1 ich odolnos\u0165, spo\u013eahlivos\u0165 a dlh\u00e1 \u017eivotnos\u0165. Materi\u00e1ly z\u00edskavame od vysokokvalitn\u00fdch dod\u00e1vate\u013eov doma aj v zahrani\u010d\u00ed a podrobujeme ich pr\u00edsnym \u0161tandardom kontroly kvality.<\/p>\n<p>2. Prisp\u00f4sobite\u013en\u00e9 prevedenia \u2013 Pon\u00fakame \u0161irok\u00fa \u0161k\u00e1lu preveden\u00ed hydraulick\u00fdch valcov a vieme ich tie\u017e prisp\u00f4sobi\u0165 pod\u013ea potrieb a \u0161pecifik\u00e1ci\u00ed z\u00e1kazn\u00edka. \u010ci u\u017e potrebujete \u0161tandardn\u00fd valec alebo rie\u0161enie na mieru, pom\u00f4\u017eeme v\u00e1m n\u00e1js\u0165 ten spr\u00e1vny produkt.<\/p>\n<p>3. \u0160irok\u00fd rozsah pou\u017eitia \u2013 Na\u0161e hydraulick\u00e9 valce s\u00fa vhodn\u00e9 pre r\u00f4zne stavebn\u00e9 stroje vr\u00e1tane po\u013enohospod\u00e1rskych strojov, priemyseln\u00fdch zariaden\u00ed a \u010fal\u0161\u00edch. Od valcov seja\u010diek a\u017e po valce r\u00fdpadiel, m\u00e1me ten spr\u00e1vny produkt pre va\u0161e potreby.<\/p>\n<p>4. Profesion\u00e1lne poradenstvo \u2013 N\u00e1\u0161 sk\u00fasen\u00fd obchodn\u00fd t\u00edm je v\u00e1m v\u017edy k dispoz\u00edcii, aby v\u00e1m poskytol profesion\u00e1lne poradenstvo oh\u013eadom produktov a inteligentn\u00e9 n\u00e1vrhy na n\u00e1kup. Sledujeme najnov\u0161ie trendy a potreby z\u00e1kazn\u00edkov v odvetv\u00ed stavebn\u00fdch strojov, aby sme na\u0161im z\u00e1kazn\u00edkom mohli poskytova\u0165 tie najlep\u0161ie slu\u017eby.<\/p>\n<p>5. Efekt\u00edvna logistika \u2013 M\u00e1me efekt\u00edvny logistick\u00fd distribu\u010dn\u00fd syst\u00e9m, ktor\u00fd zabezpe\u010duje, aby z\u00e1kazn\u00edci dostali po\u017eadovan\u00e9 diely v\u010das a presne. Ch\u00e1peme d\u00f4le\u017eitos\u0165 minimaliz\u00e1cie prestojov a udr\u017eiavania bezprobl\u00e9movej prev\u00e1dzky va\u0161ich strojov.<\/p>\n<p>S hydraulick\u00fdmi valcami FMP si m\u00f4\u017eete by\u0165 ist\u00ed kvalitou a spo\u013eahlivos\u0165ou va\u0161ich stavebn\u00fdch strojov. Kontaktujte n\u00e1s e\u0161te dnes a dozviete sa viac o na\u0161ich produktoch a o tom, ako v\u00e1m m\u00f4\u017eeme pom\u00f4c\u0165 n\u00e1js\u0165 to spr\u00e1vne rie\u0161enie pre va\u0161e potreby.<\/p>\n<p><img decoding=\"async\" src=\"https:\/\/fmp-components.com\/wp-content\/uploads\/2024\/12\/Adjustable-Clevis-Type-Cylinders-6.webp\" alt=\"Nastavite\u013en\u00fd valec typu Clevis\" width=\"833\" title=\"\"><br \/>\nAutor: CX<\/p>","protected":false},"excerpt":{"rendered":"<p>Hot Sale Hydraulic Telescopic Cylinder Dump Trailer Hydraulic Cylinder is a high-quality hydraulic cylinder designed for dump trailers. It is made of high-strength materials and is capable of withstanding heavy loads and harsh working conditions. This hydraulic cylinder is engineered with advanced technology, ensuring a reliable performance and long service life. The Hot Sale Hydraulic [&hellip;]<\/p>","protected":false},"featured_media":1664,"comment_status":"closed","ping_status":"closed","template":"","meta":{"_et_pb_use_builder":"","_et_pb_old_content":"","_et_gb_content_width":""},"product_brand":[],"product_cat":[45],"product_tag":[34,48],"class_list":{"0":"post-1663","1":"product","2":"type-product","3":"status-publish","4":"has-post-thumbnail","6":"product_cat-inverted-telescopic-cylinder","7":"product_tag-hydraulic-cylinder","8":"product_tag-inverted-telescopic-cylinder","10":"first","11":"instock","12":"product-type-simple"},"_links":{"self":[{"href":"https:\/\/fmp-components.com\/sk\/wp-json\/wp\/v2\/product\/1663","targetHints":{"allow":["GET"]}}],"collection":[{"href":"https:\/\/fmp-components.com\/sk\/wp-json\/wp\/v2\/product"}],"about":[{"href":"https:\/\/fmp-components.com\/sk\/wp-json\/wp\/v2\/types\/product"}],"replies":[{"embeddable":true,"href":"https:\/\/fmp-components.com\/sk\/wp-json\/wp\/v2\/comments?post=1663"}],"wp:featuredmedia":[{"embeddable":true,"href":"https:\/\/fmp-components.com\/sk\/wp-json\/wp\/v2\/media\/1664"}],"wp:attachment":[{"href":"https:\/\/fmp-components.com\/sk\/wp-json\/wp\/v2\/media?parent=1663"}],"wp:term":[{"taxonomy":"product_brand","embeddable":true,"href":"https:\/\/fmp-components.com\/sk\/wp-json\/wp\/v2\/product_brand?post=1663"},{"taxonomy":"product_cat","embeddable":true,"href":"https:\/\/fmp-components.com\/sk\/wp-json\/wp\/v2\/product_cat?post=1663"},{"taxonomy":"product_tag","embeddable":true,"href":"https:\/\/fmp-components.com\/sk\/wp-json\/wp\/v2\/product_tag?post=1663"}],"curies":[{"name":"pracovn\u00fd list","href":"https:\/\/api.w.org\/{rel}","templated":true}]}}