{"id":1661,"date":"2024-12-23T07:00:44","date_gmt":"2024-12-23T07:00:44","guid":{"rendered":"https:\/\/fmp-components.com\/product\/factory-customized-5-ton-dump-truck-4-stage-hydraulic-ram-cylinder\/"},"modified":"2025-03-11T05:49:55","modified_gmt":"2025-03-11T05:49:55","slug":"factory-customized-5-ton-dump-truck-4-stage-hydraulic-ram-cylinder","status":"publish","type":"product","link":"https:\/\/fmp-components.com\/sk\/product\/factory-customized-5-ton-dump-truck-4-stage-hydraulic-ram-cylinder\/","title":{"rendered":"V\u00fdrobcom prisp\u00f4soben\u00fd 5-tonov\u00fd skl\u00e1pa\u010d so 4-stup\u0148ov\u00fdm hydraulick\u00fdm valcom"},"content":{"rendered":"<p>Tov\u00e1rensky prisp\u00f4soben\u00fd 4-stup\u0148ov\u00fd hydraulick\u00fd valec pre 5-tonov\u00e9 skl\u00e1pa\u010de je vysoko kvalitn\u00fd hydraulick\u00fd valec ur\u010den\u00fd pre aplik\u00e1cie v skl\u00e1pa\u010doch. Je to v\u0161estrann\u00fd a spo\u013eahliv\u00fd produkt, ktor\u00fd odol\u00e1 \u0165a\u017ek\u00fdm n\u00e1kladom a n\u00e1ro\u010dn\u00fdm pracovn\u00fdm podmienkam.<\/p>\n<p>Tento hydraulick\u00fd valec je navrhnut\u00fd tak, aby poskytoval v\u00fdnimo\u010dn\u00fd v\u00fdkon a odolnos\u0165. V\u010faka svojej 4-stup\u0148ovej kon\u0161trukcii je schopn\u00fd dosiahnu\u0165 vysok\u00fa \u00farove\u0148 zdv\u00edhacej sily s vynikaj\u00facou presnos\u0165ou a ovl\u00e1dan\u00edm. Je tie\u017e skon\u0161truovan\u00fd tak, aby odolal n\u00e1ro\u010dn\u00fdm podmienkam \u0165a\u017ekej pr\u00e1ce, s odoln\u00fdm vonkaj\u0161\u00edm n\u00e1terom, ktor\u00fd ho chr\u00e1ni pred kor\u00f3ziou a opotreben\u00edm.<\/p>\n<p>Tento hydraulick\u00fd valec je prisp\u00f4soben\u00fd \u0161pecifick\u00fdm potreb\u00e1m skl\u00e1pa\u010dov, v\u010faka \u010domu je vynikaj\u00facou vo\u013ebou pre ka\u017ed\u00e9ho v stavebn\u00edctve, ban\u00edctve alebo doprave. Jeho in\u0161tal\u00e1cia a \u00fadr\u017eba s\u00fa jednoduch\u00e9 a je navrhnut\u00fd tak, aby poskytoval dlhotrvaj\u00faci v\u00fdkon.<\/p>\n<table style=\"width: 100%;\" border=\"1\" width=\"100%\" cellspacing=\"0\" cellpadding=\"0\">\n<tbody>\n<tr>\n<th>N\u00e1zov produktu<\/th>\n<td>V\u00fdrobcom prisp\u00f4soben\u00fd 5-tonov\u00fd skl\u00e1pa\u010d so 4-stup\u0148ov\u00fdm hydraulick\u00fdm valcom<\/td>\n<\/tr>\n<tr>\n<th>Stav<\/th>\n<td>Nov\u00e9<\/td>\n<\/tr>\n<tr>\n<th>Z\u00e1ruka<\/th>\n<td>1 rok<\/td>\n<\/tr>\n<tr>\n<th>Hmotnos\u0165 (kg)<\/th>\n<td>56<\/td>\n<\/tr>\n<tr>\n<th>Dizajn<\/th>\n<td>4-stup\u0148ov\u00fd hydraulick\u00fd valec<\/td>\n<\/tr>\n<tr>\n<th>V\u00fdkon<\/th>\n<td>Zvl\u00e1da \u0165a\u017ek\u00e9 bremen\u00e1 a n\u00e1ro\u010dn\u00e9 pracovn\u00e9 podmienky<\/td>\n<\/tr>\n<tr>\n<th>In\u0161pekcia<\/th>\n<td>D\u00f4kladn\u00e1 v\u00fdstupn\u00e1 kontrola a spr\u00e1va o teste strojov<\/td>\n<\/tr>\n<tr>\n<th>Pou\u017eite\u013en\u00e9 odvetvia<\/th>\n<td>V\u00fdrobn\u00e9 z\u00e1vody, Opravovne strojov, Farmy, Energetika a ban\u00edctvo, V\u00fdroba strojov, Stroj\u00e1rne<\/td>\n<\/tr>\n<\/tbody>\n<\/table>\n<p><img decoding=\"async\" src=\"https:\/\/hzpt.com\/wp-content\/uploads\/2023\/11\/Inverted-Telescopic-Cylinder-2.webp\" alt=\"\" title=\"\"><\/p>\n<h2>K\u013e\u00fa\u010dov\u00e9 vlastnosti hydraulick\u00e9ho valca<\/h2>\n<ol>\n<li><strong>\u0160tandardn\u00e1 a robustn\u00e1 kon\u0161trukcia:<\/strong> Hydraulick\u00fd valec sa m\u00f4\u017ee pochv\u00e1li\u0165 \u0161tandardnou a robustnou kon\u0161trukciou piestov\u00e9ho valca, v\u010faka \u010domu je vysoko \u00fa\u010dinn\u00fd a odoln\u00fd.<\/li>\n<li><strong>Vysok\u00fd v\u00fdkon a kapacita:<\/strong> Pracuje na hydraulickej energii s maxim\u00e1lnym \u0165ahom 3000 a maxim\u00e1lnym \u0165ahom 20 ton, v\u010faka \u010domu je ide\u00e1lny pre n\u00e1ro\u010dn\u00e9 pr\u00e1ce.<\/li>\n<li><strong>Kvalitn\u00e9 materi\u00e1ly:<\/strong> Telo hydraulick\u00e9ho valca je vyroben\u00e9 z ocele, \u010do zais\u0165uje jeho robustnos\u0165 a dlh\u00fa \u017eivotnos\u0165.<\/li>\n<li><strong>Z\u00e1kladn\u00e9 komponenty:<\/strong> Je vybaven\u00fd vysoko kvalitn\u00fdmi z\u00e1kladn\u00fdmi komponentmi, ako s\u00fa lo\u017eisk\u00e1 a piestov\u00e9 valce.<\/li>\n<li><strong>Certifik\u00e1cia:<\/strong> Tento hydraulick\u00fd valec m\u00e1 certifik\u00e1t ISO9001:2000, \u010do sved\u010d\u00ed o jeho vynikaj\u00facej kvalite a dodr\u017eiavan\u00ed medzin\u00e1rodn\u00fdch noriem.<\/li>\n<\/ol>\n<h2>Aplik\u00e1cie hydraulick\u00e9ho valca<\/h2>\n<ol>\n<li style=\"list-style-type: none;\">\n<ol>\n<li><strong>V\u00fdrobn\u00e9 z\u00e1vody:<\/strong> Hydraulick\u00fd valec piestu sa m\u00f4\u017ee pou\u017e\u00edva\u0165 vo v\u00fdrobn\u00fdch z\u00e1vodoch na r\u00f4zne n\u00e1ro\u010dn\u00e9 aplik\u00e1cie.<\/li>\n<li><strong>Opravovne strojov:<\/strong> M\u00f4\u017ee sa pou\u017ei\u0165 aj v opravovniach strojov na opravu a \u00fadr\u017ebu \u0165a\u017ek\u00fdch strojov.<\/li>\n<li><strong>Farmy:<\/strong> Hydraulick\u00fd valec je ide\u00e1lny na pou\u017eitie na farm\u00e1ch, kde m\u00f4\u017ee pom\u00f4c\u0165 pri r\u00f4znych po\u013enohospod\u00e1rskych \u00faloh\u00e1ch.<\/li>\n<li><strong>Energia a ban\u00edctvo:<\/strong> Jeho robustn\u00e1 kon\u0161trukcia a vysok\u00fd v\u00fdkon ho predur\u010duj\u00fa na pou\u017eitie v energetickom a \u0165a\u017eobnom priemysle.<\/li>\n<li><strong>V\u00fdroba strojov:<\/strong> Hydraulick\u00fd valec sa m\u00f4\u017ee pou\u017ei\u0165 vo v\u00fdrobe strojov na v\u00fdrobu r\u00f4znych \u0165a\u017ek\u00fdch strojov.<\/li>\n<\/ol>\n<\/li>\n<\/ol>\n<p><img decoding=\"async\" src=\"https:\/\/hzpt.com\/wp-content\/uploads\/2023\/11\/Inverted-Telescopic-Cylinder-Applications.webp\" alt=\"Aplik\u00e1cie hydraulick\u00fdch valcov\" title=\"\"><\/p>\n<h2>Princ\u00edp \u010dinnosti a met\u00f3dy \u00fadr\u017eby hydraulick\u00e9ho valca<\/h2>\n<p>Hydraulick\u00fd valec pracuje na princ\u00edpe mechaniky tekut\u00edn. Hydraulick\u00e1 kvapalina je priv\u00e1dzan\u00e1 do valca, ktor\u00fd generuje v\u00fdstupn\u00fa silu. Konfigur\u00e1cia valca, vstup hydraulickej kvapaliny a v\u00fdstupn\u00e1 sila s\u00fa k\u013e\u00fa\u010dov\u00fdmi komponentmi jeho prev\u00e1dzky.<\/p>\n<p>\u00dadr\u017eba hydraulick\u00e9ho valca zah\u0155\u0148a pravideln\u00fa kontrolu, \u010distenie a mazanie. Pravideln\u00e9 kontroly a opravy s\u00fa potrebn\u00e9 na zabezpe\u010denie spr\u00e1vneho fungovania valca. V\u00fdmena tesnenia je nevyhnutnou s\u00fa\u010das\u0165ou procesu \u00fadr\u017eby. Nakoniec je nevyhnutn\u00e9 dodr\u017eiava\u0165 n\u00e1vod na obsluhu, aby sa zabezpe\u010dila dlh\u00e1 \u017eivotnos\u0165 a optim\u00e1lny v\u00fdkon valca.<\/p>\n<p><img decoding=\"async\" src=\"https:\/\/hzpt.com\/wp-content\/uploads\/2023\/11\/Inverted-Telescopic-Cylinder-22.webp\" alt=\"\" title=\"\"><\/p>\n<h2>Invertovan\u00fd teleskopick\u00fd valec<\/h2>\n<p>Invertovan\u00fd teleskopick\u00fd valec, tie\u017e zn\u00e1my ako teleskopick\u00fd piestny valec, je typ hydraulick\u00e9ho valca be\u017ene pou\u017e\u00edvan\u00e9ho v r\u00f4znych odvetviach. Sklad\u00e1 sa z viacer\u00fdch stup\u0148ov alebo sekci\u00ed, ktor\u00e9 sa skladaj\u00fa alebo vys\u00favaj\u00fa, aby poskytovali r\u00f4zne \u00farovne sily a d\u013a\u017eky zdvihu. T\u00e1to kon\u0161trukcia umo\u017e\u0148uje kompaktn\u00fa a efekt\u00edvnu prev\u00e1dzku, v\u010faka \u010domu je ide\u00e1lny pre aplik\u00e1cie s obmedzen\u00fdm priestorom.<\/p>\n<p>Jednou z k\u013e\u00fa\u010dov\u00fdch v\u00fdhod inverzn\u00e9ho teleskopick\u00e9ho valca je jeho schopnos\u0165 poskytn\u00fa\u0165 vysok\u00fa silu pri relat\u00edvne malej zastavanej ploche. V\u010faka vyu\u017eitiu viacer\u00fdch stup\u0148ov, z ktor\u00fdch ka\u017ed\u00fd m\u00e1 vlastn\u00fa zostavu piesta a ty\u010de, m\u00f4\u017ee valec dosiahnu\u0165 ve\u013ek\u00fa silu pri zachovan\u00ed kompaktn\u00fdch rozmerov. V\u010faka tomu je obzvl\u00e1\u0161\u0165 u\u017eito\u010dn\u00fd v aplik\u00e1ci\u00e1ch, ako s\u00fa skl\u00e1pa\u010de, kde je potrebn\u00e1 vysok\u00e1 nosnos\u0165 v obmedzenom priestore.<\/p>\n<p>Tov\u00e1rensky prisp\u00f4soben\u00fd 4-stup\u0148ov\u00fd hydraulick\u00fd valec pre 5-tonov\u00e9 skl\u00e1pa\u010de je \u0161pecifick\u00fd typ obr\u00e1ten\u00e9ho teleskopick\u00e9ho valca, ktor\u00fd je prisp\u00f4soben\u00fd na pou\u017eitie v skl\u00e1pa\u010doch. Je navrhnut\u00fd na manipul\u00e1ciu s \u0165a\u017ek\u00fdmi bremenami a poskytuje presn\u00fa kontrolu nad procesom skl\u00e1pania. V\u010faka \u0161tyrom stup\u0148om dok\u00e1\u017ee tento hydraulick\u00fd valec doda\u0165 potrebn\u00fa silu na zdv\u00edhanie a nakl\u00e1\u0148anie korby n\u00e1kladn\u00e9ho vozidla, \u010do umo\u017e\u0148uje efekt\u00edvne vykladanie materi\u00e1lov.<\/p>\n<p>Kon\u0161trukcia hydraulick\u00e9ho valca pre 5-tonov\u00e9 skl\u00e1pa\u010de, 4-stup\u0148ov\u00e9ho, vyroben\u00e9ho z v\u00fdroby, zah\u0155\u0148a vysoko kvalitn\u00e9 materi\u00e1ly a prec\u00edzne in\u017einierstvo. Ka\u017ed\u00fd stupe\u0148 valca je starostlivo navrhnut\u00fd tak, aby odolal sil\u00e1m vyv\u00edjan\u00fdm po\u010das prev\u00e1dzky a zabezpe\u010dil dlh\u00fa \u017eivotnos\u0165. Okrem toho je valec prisp\u00f4soben\u00fd z v\u00fdroby tak, aby sp\u013a\u0148al \u0161pecifick\u00e9 po\u017eiadavky aplik\u00e1ci\u00ed skl\u00e1pa\u010dov, \u010d\u00edm sa zabezpe\u010duje optim\u00e1lny v\u00fdkon a spo\u013eahlivos\u0165.<\/p>\n<p>Pokia\u013e ide o prev\u00e1dzku inverzn\u00e9ho teleskopick\u00e9ho valca, hydraulick\u00e1 kvapalina zohr\u00e1va k\u013e\u00fa\u010dov\u00fa \u00falohu. Do valca sa \u010derp\u00e1 hydraulick\u00fdm syst\u00e9mom, \u010d\u00edm sa vytv\u00e1ra tlak, ktor\u00fd vys\u00fava alebo zas\u00fava jednotliv\u00e9 stupne. Riadenie tohto prietoku kvapaliny umo\u017e\u0148uje presn\u00e9 polohovanie a pohyb valca, v\u010faka \u010domu je ve\u013emi v\u0161estrann\u00fd v r\u00f4znych priemyseln\u00fdch aplik\u00e1ci\u00e1ch.<\/p>\n<p>Z\u00e1verom mo\u017eno poveda\u0165, \u017ee hydraulick\u00fd valec pre 5-tonov\u00e9 skl\u00e1pa\u010de, vyroben\u00fd na mieru, je \u0161pecializovan\u00fd typ obr\u00e1ten\u00e9ho teleskopick\u00e9ho valca, ktor\u00fd vynik\u00e1 v aplik\u00e1ci\u00e1ch skl\u00e1pa\u010dov. V\u010faka kompaktn\u00e9mu dizajnu, vysokej nosnosti a presn\u00e9mu ovl\u00e1daniu pon\u00faka efekt\u00edvnu a spo\u013eahliv\u00fa prev\u00e1dzku. \u010ci u\u017e v stavebn\u00edctve, ban\u00edctve alebo v odvetv\u00ed odpadov\u00e9ho hospod\u00e1rstva, tento hydraulick\u00fd valec sa ukazuje ako cenn\u00fd n\u00e1stroj na zv\u00fd\u0161enie produktivity a v\u00fdkonu.<\/p>\n<h3>O FMP<\/h3>\n<p>FMP je popredn\u00e1 spolo\u010dnos\u0165 \u0161pecializuj\u00faca sa na v\u00fdrobu a predaj hydraulick\u00fdch valcov. V\u010faka na\u0161im rozsiahlym sk\u00fasenostiam v odvetv\u00ed a profesion\u00e1lnemu t\u00edmu sa zav\u00e4zujeme poskytova\u0165 na\u0161im z\u00e1kazn\u00edkom vysoko kvalitn\u00e9 a spo\u013eahliv\u00e9 rie\u0161enia v oblasti hydraulick\u00fdch valcov.<\/p>\n<p>Tu je 5 k\u013e\u00fa\u010dov\u00fdch v\u00fdhod na\u0161ich produktov a spolo\u010dnosti:<\/p>\n<p>1. \u0160irok\u00fd sortiment produktov: Pon\u00fakame \u0161irok\u00fd sortiment hydraulick\u00fdch valcov vr\u00e1tane nastavite\u013en\u00fdch valcov s vidlicov\u00fdm uchyten\u00edm, ako je uveden\u00e9 ni\u017e\u0161ie:<\/p>\n<p><img decoding=\"async\" src=\"https:\/\/fmp-components.com\/wp-content\/uploads\/2024\/12\/Adjustable-Clevis-Type-Cylinders-6.webp\" alt=\"Nastavite\u013en\u00fd valec typu Clevis\" width=\"832\" title=\"\"><\/p>\n<p>2. Vynikaj\u00faca kvalita: Vybudovali sme dlhodob\u00e9 a stabiln\u00e9 partnersk\u00e9 vz\u0165ahy s vysoko kvalitn\u00fdmi dod\u00e1vate\u013emi, \u010d\u00edm zabezpe\u010dujeme, \u017ee v\u0161etky na\u0161e hydraulick\u00e9 valce sp\u013a\u0148aj\u00fa pr\u00edsne normy kvality. N\u00e1\u0161 z\u00e1v\u00e4zok ku kvalite n\u00e1s odli\u0161uje od konkurencie.<\/p>\n<p>3. Profesion\u00e1lny obchodn\u00fd t\u00edm: N\u00e1\u0161 sk\u00fasen\u00fd a kvalifikovan\u00fd obchodn\u00fd t\u00edm m\u00e1 bohat\u00e9 znalosti o v\u00fdvojov\u00fdch trendoch a potreb\u00e1ch z\u00e1kazn\u00edkov v odvetv\u00ed hydraulick\u00fdch valcov. Je odhodlan\u00fd poskytova\u0165 profesion\u00e1lne poradenstvo oh\u013eadom produktov a inteligentn\u00e9 n\u00e1vrhy na n\u00e1kup.<\/p>\n<p>4. Efekt\u00edvna logistick\u00e1 distrib\u00facia: Ch\u00e1peme d\u00f4le\u017eitos\u0165 v\u010dasn\u00fdch a presn\u00fdch dod\u00e1vok. V\u010faka n\u00e1\u0161mu efekt\u00edvnemu logistick\u00e9mu distribu\u010dn\u00e9mu syst\u00e9mu zabezpe\u010dujeme, aby z\u00e1kazn\u00edci dostali potrebn\u00e9 hydraulick\u00e9 valce v\u010das.<\/p>\n<p>5. Komplexn\u00e9 rie\u0161enia: Okrem hydraulick\u00fdch valcov pon\u00fakame \u0161irok\u00fd sortiment dielov pre stavebn\u00e9 stroje a kompletn\u00e9 strojov\u00e9 rie\u0161enia. To umo\u017e\u0148uje na\u0161im z\u00e1kazn\u00edkom n\u00e1js\u0165 v\u0161etky potrebn\u00e9 komponenty a pr\u00edslu\u0161enstvo na jednom mieste, \u010do \u0161etr\u00ed \u010das a n\u00e1mahu.<\/p>\n<p>Poz\u00fdvame v\u00e1s, aby ste sa s nami spojili a vysk\u00fa\u0161ali si vynikaj\u00face vlastnosti hydraulick\u00fdch valcov FMP. Kontaktujte n\u00e1s e\u0161te dnes, aby sme prediskutovali va\u0161e \u0161pecifick\u00e9 po\u017eiadavky a n\u00e1\u0161 t\u00edm v\u00e1m pomohol n\u00e1js\u0165 perfektn\u00e9 rie\u0161enie hydraulick\u00e9ho valca pre va\u0161e potreby.<\/p>\n<p>Autor: CX<\/p>","protected":false},"excerpt":{"rendered":"<p>Factory Customized 5 Ton Dump Truck 4 Stage Hydraulic Ram Cylinder is a high-quality hydraulic cylinder designed for dump truck applications. It is a versatile and reliable product that can withstand heavy loads and tough working conditions. This hydraulic cylinder is designed to provide exceptional performance and durability. With its 4 stage design, it is [&hellip;]<\/p>","protected":false},"featured_media":1662,"comment_status":"closed","ping_status":"closed","template":"","meta":{"_et_pb_use_builder":"","_et_pb_old_content":"","_et_gb_content_width":""},"product_brand":[],"product_cat":[45],"product_tag":[34,48],"class_list":{"0":"post-1661","1":"product","2":"type-product","3":"status-publish","4":"has-post-thumbnail","6":"product_cat-inverted-telescopic-cylinder","7":"product_tag-hydraulic-cylinder","8":"product_tag-inverted-telescopic-cylinder","10":"first","11":"instock","12":"product-type-simple"},"_links":{"self":[{"href":"https:\/\/fmp-components.com\/sk\/wp-json\/wp\/v2\/product\/1661","targetHints":{"allow":["GET"]}}],"collection":[{"href":"https:\/\/fmp-components.com\/sk\/wp-json\/wp\/v2\/product"}],"about":[{"href":"https:\/\/fmp-components.com\/sk\/wp-json\/wp\/v2\/types\/product"}],"replies":[{"embeddable":true,"href":"https:\/\/fmp-components.com\/sk\/wp-json\/wp\/v2\/comments?post=1661"}],"wp:featuredmedia":[{"embeddable":true,"href":"https:\/\/fmp-components.com\/sk\/wp-json\/wp\/v2\/media\/1662"}],"wp:attachment":[{"href":"https:\/\/fmp-components.com\/sk\/wp-json\/wp\/v2\/media?parent=1661"}],"wp:term":[{"taxonomy":"product_brand","embeddable":true,"href":"https:\/\/fmp-components.com\/sk\/wp-json\/wp\/v2\/product_brand?post=1661"},{"taxonomy":"product_cat","embeddable":true,"href":"https:\/\/fmp-components.com\/sk\/wp-json\/wp\/v2\/product_cat?post=1661"},{"taxonomy":"product_tag","embeddable":true,"href":"https:\/\/fmp-components.com\/sk\/wp-json\/wp\/v2\/product_tag?post=1661"}],"curies":[{"name":"pracovn\u00fd list","href":"https:\/\/api.w.org\/{rel}","templated":true}]}}