{"id":1655,"date":"2024-12-23T07:00:44","date_gmt":"2024-12-23T07:00:44","guid":{"rendered":"https:\/\/fmp-components.com\/product\/hot-sale-telescopic-double-acting-truck-hydraulic-cylinder\/"},"modified":"2025-03-11T06:11:18","modified_gmt":"2025-03-11T06:11:18","slug":"hot-sale-telescopic-double-acting-truck-hydraulic-cylinder","status":"publish","type":"product","link":"https:\/\/fmp-components.com\/sk\/product\/hot-sale-telescopic-double-acting-truck-hydraulic-cylinder\/","title":{"rendered":"Teleskopick\u00fd dvoj\u010dinn\u00fd hydraulick\u00fd valec pre n\u00e1kladn\u00e9 vozidl\u00e1 s hor\u00facim v\u00fdpredajom"},"content":{"rendered":"<h2>Predstavujeme hor\u00faci v\u00fdpredaj teleskopick\u00e9ho dvoj\u010dinn\u00e9ho hydraulick\u00e9ho valca pre n\u00e1kladn\u00e9 vozidl\u00e1:<\/h2>\n<p>V\u00fdpredajn\u00fd teleskopick\u00fd dvoj\u010dinn\u00fd hydraulick\u00fd valec pre n\u00e1kladn\u00e9 vozidl\u00e1 je vysoko kvalitn\u00fd a v\u0161estrann\u00fd produkt navrhnut\u00fd \u0161peci\u00e1lne pre n\u00e1kladn\u00e9 vozidl\u00e1. V\u010faka teleskopickej kon\u0161trukcii a dvoj\u010dinnej funkcii pon\u00faka tento hydraulick\u00fd valec v\u00fdnimo\u010dn\u00fd v\u00fdkon a spo\u013eahlivos\u0165.<\/p>\n<p>Jednou z k\u013e\u00fa\u010dov\u00fdch vlastnost\u00ed tohto hydraulick\u00e9ho valca je jeho teleskopick\u00e1 kon\u0161trukcia, ktor\u00e1 umo\u017e\u0148uje jednoduch\u00e9 vys\u00favanie a zas\u00favanie. V\u010faka tomu je ide\u00e1lny pre r\u00f4zne aplik\u00e1cie v n\u00e1kladnej doprave vr\u00e1tane skl\u00e1pa\u010dov, od\u0165ahov\u00fdch vozidiel a in\u00fdch \u0165a\u017ek\u00fdch n\u00e1kladn\u00fdch vozidiel. \u010ci u\u017e potrebujete zdv\u00edha\u0165, tla\u010di\u0165 alebo \u0165aha\u0165 \u0165a\u017ek\u00e9 bremen\u00e1, tento hydraulick\u00fd valec je pre v\u00e1s to prav\u00e9.<\/p>\n<p>Dvoj\u010dinn\u00e1 funkcia tohto hydraulick\u00e9ho valca zais\u0165uje efekt\u00edvnu prev\u00e1dzku a zv\u00fd\u0161en\u00fa produktivitu. Umo\u017e\u0148uje valcu vyv\u00edja\u0165 silu v oboch smeroch, \u010do zabezpe\u010duje presn\u00e9 ovl\u00e1danie a plynul\u00fd pohyb. V\u010faka tomu je ide\u00e1lny pre aplik\u00e1cie, ktor\u00e9 vy\u017eaduj\u00fa presn\u00e9 polohovanie a manipul\u00e1ciu s \u0165a\u017ek\u00fdmi bremenami.<\/p>\n<p>Okrem v\u00fdnimo\u010dn\u00e9ho v\u00fdkonu je tento teleskopick\u00fd dvoj\u010dinn\u00fd hydraulick\u00fd valec pre n\u00e1kladn\u00e9 vozidl\u00e1, ktor\u00fd je v ponuke, vyroben\u00fd pre dlh\u00fa \u017eivotnos\u0165. Je vyroben\u00fd z odoln\u00fdch materi\u00e1lov a prech\u00e1dza pr\u00edsnym testovan\u00edm, aby sa zabezpe\u010dila dlhotrvaj\u00faca \u017eivotnos\u0165 a spo\u013eahlivos\u0165. To znamen\u00e1, \u017ee sa m\u00f4\u017eete spo\u013eahn\u00fa\u0165, \u017ee tento hydraulick\u00fd valec bude fungova\u0165 konzistentne aj v t\u00fdch najn\u00e1ro\u010dnej\u0161\u00edch podmienkach.<\/p>\n<p>Okrem toho je tento hydraulick\u00fd valec navrhnut\u00fd s oh\u013eadom na jednoduch\u00fa in\u0161tal\u00e1ciu a \u00fadr\u017ebu. Dod\u00e1va sa s u\u017e\u00edvate\u013esky pr\u00edvetiv\u00fdm dizajnom a komplexn\u00fdmi pokynmi, v\u010faka \u010domu je proces in\u0161tal\u00e1cie r\u00fdchly a bezprobl\u00e9mov\u00fd. Be\u017en\u00e1 \u00fadr\u017eba je navy\u0161e jednoduch\u00e1, \u010do v\u00e1m umo\u017e\u0148uje udr\u017eiava\u0165 valec v optim\u00e1lnom prev\u00e1dzkovom stave s minim\u00e1lnym \u00fasil\u00edm.<\/p>\n<table style=\"width: 100%;\" border=\"1\" width=\"100%\" cellspacing=\"0\" cellpadding=\"0\">\n<tbody>\n<tr>\n<th>N\u00e1zov produktu<\/th>\n<td>Teleskopick\u00fd dvoj\u010dinn\u00fd hydraulick\u00fd valec pre n\u00e1kladn\u00e9 vozidl\u00e1 s hor\u00facim v\u00fdpredajom<\/td>\n<\/tr>\n<tr>\n<th>Stav<\/th>\n<td>Nov\u00e9<\/td>\n<\/tr>\n<tr>\n<th>Hmotnos\u0165 (kg)<\/th>\n<td>45<\/td>\n<\/tr>\n<tr>\n<th>Dizajn<\/th>\n<td>Teleskopick\u00fd dvoj\u010dinn\u00fd<\/td>\n<\/tr>\n<tr>\n<th>Funk\u010dnos\u0165<\/th>\n<td>V\u00fdnimo\u010dn\u00fd v\u00fdkon a spo\u013eahlivos\u0165<\/td>\n<\/tr>\n<tr>\n<th>Materi\u00e1l<\/th>\n<td>Oce\u013e<\/td>\n<\/tr>\n<tr>\n<th>In\u0161tal\u00e1cia<\/th>\n<td>Jednoduch\u00e1 in\u0161tal\u00e1cia<\/td>\n<\/tr>\n<tr>\n<th>Pou\u017eite\u013en\u00e9 odvetvia<\/th>\n<td>V\u00fdrobn\u00e9 z\u00e1vody, Opravovne strojov, Farmy, Energetika a ban\u00edctvo, Stroj\u00e1rne<\/td>\n<\/tr>\n<\/tbody>\n<\/table>\n<h2>Vlastnosti teleskopick\u00e9ho dvoj\u010dinn\u00e9ho hydraulick\u00e9ho valca pre n\u00e1kladn\u00e9 vozidl\u00e1<\/h2>\n<p>N\u00e1\u0161 dvoj\u010dinn\u00fd hydraulick\u00fd valec sa m\u00f4\u017ee pochv\u00e1li\u0165 radom p\u00f4sobiv\u00fdch vlastnost\u00ed:<\/p>\n<ul>\n<li style=\"list-style-type: none;\">\n<ul>\n<li>Stav: \u00daplne nov\u00fd s 1-ro\u010dnou z\u00e1rukou.<\/li>\n<li>Hlavn\u00e9 komponenty: Lo\u017eisko, piestov\u00fd valec.<\/li>\n<li>\u0160tandardn\u00e1 kon\u0161trukcia: Piestov\u00fd valec poh\u00e1\u0148an\u00fd hydraulickou silou.<\/li>\n<\/ul>\n<\/li>\n<\/ul>\n<p><img decoding=\"async\" src=\"https:\/\/hzpt.com\/wp-content\/uploads\/2023\/11\/Inverted-Telescopic-Cylinder-5.webp\" alt=\"\" title=\"\"><\/p>\n<ul>\n<li>Maxim\u00e1lny \u0165ah: 3000.<\/li>\n<li>Typ: Inverzn\u00e9 teleskopick\u00e9 valce.<\/li>\n<\/ul>\n<h2>Aplik\u00e1cie teleskopick\u00e9ho dvoj\u010dinn\u00e9ho hydraulick\u00e9ho valca pre n\u00e1kladn\u00e9 vozidl\u00e1<\/h2>\n<p>V\u0161estrannos\u0165 n\u00e1\u0161ho teleskopick\u00e9ho dvoj\u010dinn\u00e9ho hydraulick\u00e9ho valca pre n\u00e1kladn\u00e9 vozidl\u00e1 umo\u017e\u0148uje \u0161irok\u00fa \u0161k\u00e1lu aplik\u00e1ci\u00ed:<\/p>\n<ul>\n<li>V\u00fdrobn\u00e9 z\u00e1vody: Ide\u00e1lne pre prev\u00e1dzku \u0165a\u017ek\u00fdch strojov.<\/li>\n<li>Opravovne strojov: Pon\u00fakaj\u00fa spo\u013eahliv\u00fd v\u00fdkon pri oprav\u00e1ch a \u00fadr\u017ebe.<\/li>\n<li>Farmy: Vhodn\u00e9 pre r\u00f4zne po\u013enohospod\u00e1rske stroje a zariadenia.<\/li>\n<li>Energia a \u0165a\u017eba: Ide\u00e1lne pre n\u00e1ro\u010dn\u00e9 bansk\u00e9 oper\u00e1cie.<\/li>\n<li>Stroj\u00e1rne: Navrhnut\u00e9 pre efekt\u00edvnu prev\u00e1dzku vo v\u00fdrobe strojov.<\/li>\n<\/ul>\n<p><img decoding=\"async\" src=\"https:\/\/hzpt.com\/wp-content\/uploads\/2023\/11\/Inverted-Telescopic-Cylinder-Applications.webp\" alt=\"Aplik\u00e1cie inverzn\u00e9ho teleskopick\u00e9ho valca\" title=\"\"><\/p>\n<h2>Princ\u00edp \u010dinnosti a \u00fadr\u017eba teleskopick\u00e9ho dvoj\u010dinn\u00e9ho hydraulick\u00e9ho valca pre n\u00e1kladn\u00e9 vozidl\u00e1<\/h2>\n<p>Hydraulick\u00fd valec funguje tak, \u017ee premie\u0148a energiu hydraulickej kvapaliny na line\u00e1rnu mechanick\u00fa silu. Konfigur\u00e1cia valca, vstup hydraulickej kvapaliny a v\u00fdstupn\u00e1 sila prispievaj\u00fa k jeho efekt\u00edvnej prev\u00e1dzke. Pokia\u013e ide o \u00fadr\u017ebu, pravideln\u00e1 kontrola, \u010distenie a mazanie s\u00fa nevyhnutn\u00e9. D\u00f4le\u017eit\u00e9 je tie\u017e vykon\u00e1va\u0165 pravideln\u00e9 kontroly a opravy, v pr\u00edpade potreby vymie\u0148a\u0165 tesnenia a v\u017edy dodr\u017eiava\u0165 n\u00e1vod na obsluhu, aby ste dosiahli \u010do najlep\u0161ie v\u00fdsledky.<\/p>\n<p><img decoding=\"async\" src=\"https:\/\/hzpt.com\/wp-content\/uploads\/2023\/11\/Inverted-Telescopic-Cylinder-22.webp\" alt=\"\" title=\"\"><\/p>\n<h2>Invertovan\u00fd teleskopick\u00fd valec<\/h2>\n<p>Inverzn\u00fd teleskopick\u00fd valec, tie\u017e zn\u00e1my ako jedno\u010dinn\u00fd teleskopick\u00fd valec, je typ hydraulick\u00e9ho valca, ktor\u00fd sa be\u017ene pou\u017e\u00edva v r\u00f4znych priemyseln\u00fdch aplik\u00e1ci\u00e1ch. Je navrhnut\u00fd tak, aby poskytoval v\u00fdkonn\u00fd a spo\u013eahliv\u00fd sp\u00f4sob vys\u00favania a zas\u00favania piestnej ty\u010de.<\/p>\n<h3>Princ\u00edp fungovania invertovan\u00e9ho teleskopick\u00e9ho valca<\/h3>\n<p>Invertovan\u00fd teleskopick\u00fd valec funguje na princ\u00edpe hydraulickej kvapaliny, ktor\u00e1 vytv\u00e1ra tlak, ktor\u00fd n\u00fati piest pohybova\u0165 sa. Tento tlak je generovan\u00fd bu\u010f intern\u00fdm, alebo extern\u00fdm \u010derpadlom, v z\u00e1vislosti od konkr\u00e9tnej aplik\u00e1cie. Ke\u010f sa piest pohybuje, tla\u010d\u00ed hydraulick\u00fa kvapalinu cez valec do hydraulick\u00e9ho syst\u00e9mu, ktor\u00fd potom vytv\u00e1ra potrebn\u00fa silu na pohyb bremena.<\/p>\n<h3>\u0160trukt\u00fara invertovan\u00e9ho teleskopick\u00e9ho valca<\/h3>\n<p>Invertovan\u00fd teleskopick\u00fd valec sa sklad\u00e1 z piestu, piestnej ty\u010de, valca a koncov\u00e9ho uz\u00e1veru. Piest sa nach\u00e1dza vo vn\u00fatri valca a je pripevnen\u00fd k piestnej ty\u010di. Koncov\u00fd uz\u00e1ver sa nach\u00e1dza na jednom konci valca a sl\u00fa\u017ei ako mont\u00e1\u017eny bod pre valec. Hydraulick\u00e1 kvapalina je ulo\u017een\u00e1 vo vn\u00fatri valca a jej pohyb je riaden\u00fd piestom a piestnou ty\u010dou.<\/p>\n<h3>Vlastnosti inverzn\u00e9ho teleskopick\u00e9ho valca<\/h3>\n<ul>\n<li>Kompaktn\u00fd dizajn<\/li>\n<li>Vysoko \u00fa\u010dinn\u00fd<\/li>\n<li>\u013dahk\u00e1 \u00fadr\u017eba<\/li>\n<li>Dlh\u00e1 \u017eivotnos\u0165<\/li>\n<\/ul>\n<h3>Aplik\u00e1cie invertovan\u00e9ho teleskopick\u00e9ho valca<\/h3>\n<p>Invertovan\u00fd teleskopick\u00fd valec sa be\u017ene pou\u017e\u00edva v r\u00f4znych priemyseln\u00fdch aplik\u00e1ci\u00e1ch, ako s\u00fa stavebn\u00e9 stroje, po\u013enohospod\u00e1rske stroje a bansk\u00e9 zariadenia. Pou\u017e\u00edva sa aj v automobilovom priemysle na v\u00fdrobu n\u00e1kladn\u00fdch automobilov, pr\u00edvesov a in\u00fdch vozidiel. Najlep\u0161\u00ed teleskopick\u00fd dvoj\u010dinn\u00fd hydraulick\u00fd valec pre n\u00e1kladn\u00e9 vozidl\u00e1 je jedn\u00fdm z pr\u00edkladov invertovan\u00e9ho teleskopick\u00e9ho valca, ktor\u00fd sa be\u017ene pou\u017e\u00edva pri v\u00fdrobe \u0165a\u017ek\u00fdch n\u00e1kladn\u00fdch vozidiel.<\/p>\n<h3>\u00dadr\u017eba inverzn\u00e9ho teleskopick\u00e9ho valca<\/h3>\n<p>\u00dadr\u017eba inverzn\u00e9ho teleskopick\u00e9ho valca je nevyhnutn\u00e1 pre zabezpe\u010denie jeho dlhej \u017eivotnosti. Pravideln\u00e1 \u00fadr\u017eba zah\u0155\u0148a kontrolu hladiny hydraulickej kvapaliny, kontrolu tesnosti valca a v\u00fdmenu opotrebovan\u00fdch alebo po\u0161koden\u00fdch dielov. Je d\u00f4le\u017eit\u00e9 dodr\u017eiava\u0165 pl\u00e1n \u00fadr\u017eby odpor\u00fa\u010dan\u00fd v\u00fdrobcom, aby sa zabezpe\u010dila maxim\u00e1lna \u00fa\u010dinnos\u0165 valca.<\/p>\n<p>Invertovan\u00fd teleskopick\u00fd valec je v\u0161estrann\u00fd a spo\u013eahliv\u00fd hydraulick\u00fd valec, ktor\u00fd sa be\u017ene pou\u017e\u00edva v r\u00f4znych priemyseln\u00fdch aplik\u00e1ci\u00e1ch. Jeho kompaktn\u00fd dizajn, vysok\u00e1 \u00fa\u010dinnos\u0165 a jednoduch\u00e1 \u00fadr\u017eba z neho robia ide\u00e1lnu vo\u013ebu pre mnoh\u00e9 odvetvia. Pou\u017eitie hor\u00faceho v\u00fdpredajov\u00e9ho teleskopick\u00e9ho dvoj\u010dinn\u00e9ho hydraulick\u00e9ho valca pre n\u00e1kladn\u00e9 vozidl\u00e1 pri v\u00fdrobe \u0165a\u017ek\u00fdch n\u00e1kladn\u00fdch vozidiel je d\u00f4kazom \u00fa\u010dinnosti a spo\u013eahlivosti invertovan\u00e9ho teleskopick\u00e9ho valca.<\/p>\n<h3>O hydraulickom valci FMP<\/h3>\n<p>FMP je spolo\u010dnos\u0165, ktor\u00e1 z\u00e1kazn\u00edkom poskytuje vysoko kvalitn\u00e9 a spo\u013eahliv\u00e9 hydraulick\u00e9 valce a kompletn\u00e9 strojn\u00e9 rie\u0161enia. Na\u0161e hydraulick\u00e9 valce sa \u0161iroko pou\u017e\u00edvaj\u00fa v r\u00f4znych typoch stavebn\u00fdch strojov vr\u00e1tane prevodoviek po\u013enohospod\u00e1rskych strojov, plan\u00e9tov\u00fdch prevodoviek, priemyseln\u00fdch prevodoviek a s\u00fa\u010diastok po\u013enohospod\u00e1rskych strojov. Tu je 5 d\u00f4vodov, pre\u010do by ste si mali vybra\u0165 FMP:<\/p>\n<p>1. Vysok\u00e9 \u0161tandardy kvality: V spolo\u010dnosti FMP budujeme dlhodob\u00e9 a stabiln\u00e9 partnersk\u00e9 vz\u0165ahy s mnoh\u00fdmi kvalitn\u00fdmi dod\u00e1vate\u013emi doma aj v zahrani\u010d\u00ed, \u010d\u00edm zabezpe\u010dujeme, aby v\u0161etky dod\u00e1van\u00e9 hydraulick\u00e9 valce sp\u013a\u0148ali pr\u00edsne \u0161tandardy kvality. Na\u0161e hydraulick\u00e9 valce s\u00fa odoln\u00e9, efekt\u00edvne a maj\u00fa dlh\u00fa \u017eivotnos\u0165, \u010do m\u00f4\u017ee z\u00e1kazn\u00edkom u\u0161etri\u0165 n\u00e1klady na \u00fadr\u017ebu a opravy.<\/p>\n<p>2. Profesion\u00e1lny t\u00edm: FMP m\u00e1 sk\u00fasen\u00fd a kvalifikovan\u00fd obchodn\u00fd t\u00edm, ktor\u00fd je obozn\u00e1men\u00fd s v\u00fdvojov\u00fdmi trendmi a potrebami z\u00e1kazn\u00edkov v odvetv\u00ed stavebn\u00fdch strojov. Dok\u00e1\u017ee poskytn\u00fa\u0165 profesion\u00e1lne poradenstvo oh\u013eadom produktov a inteligentn\u00e9 n\u00e1vrhy na n\u00e1kup, \u010d\u00edm z\u00e1kazn\u00edkom pom\u00f4\u017ee vybra\u0165 si najvhodnej\u0161ie hydraulick\u00e9 valce pre ich stroje.<\/p>\n<p>3. \u0160irok\u00fd sortiment produktov: Sortiment produktov spolo\u010dnosti FMP je \u0161irok\u00fd a zah\u0155\u0148a r\u00f4zne typy hydraulick\u00fdch valcov, ako s\u00fa nastavite\u013en\u00e9 valce s vidlicov\u00fdm z\u00e1vesom, teleskopick\u00e9 valce a zv\u00e1ran\u00e9 hydraulick\u00e9 valce. Pon\u00fakame tie\u017e rad \u0161pi\u010dkov\u00e9ho pr\u00edslu\u0161enstva, ktor\u00e9 k nim zodpoved\u00e1, ako s\u00fa hydraulick\u00e9 \u010derpadl\u00e1, ventily a filtre, aby sme splnili r\u00f4zne potreby z\u00e1kazn\u00edkov.<\/p>\n<p>4. Efekt\u00edvna logistick\u00e1 distrib\u00facia: FMP m\u00e1 efekt\u00edvny logistick\u00fd distribu\u010dn\u00fd syst\u00e9m, ktor\u00fd zabezpe\u010duje, aby z\u00e1kazn\u00edci dostali potrebn\u00e9 hydraulick\u00e9 valce v\u010das a presne. Poskytujeme r\u00fdchle a spo\u013eahliv\u00e9 prepravn\u00e9 slu\u017eby, aby sme z\u00e1kazn\u00edkom \u0161etrili \u010das a predi\u0161li strat\u00e1m sp\u00f4soben\u00fdm me\u0161kan\u00edm.<\/p>\n<p>5. Profesion\u00e1lny popredajn\u00fd servis: Spolo\u010dnos\u0165 FMP sa zav\u00e4zuje poskytova\u0165 z\u00e1kazn\u00edkom profesion\u00e1lny popredajn\u00fd servis. Ak maj\u00fa z\u00e1kazn\u00edci ak\u00e9ko\u013evek ot\u00e1zky alebo probl\u00e9my po\u010das pou\u017e\u00edvania na\u0161ich hydraulick\u00fdch valcov, n\u00e1\u0161 popredajn\u00fd t\u00edm poskytne v\u010dasn\u00e9 a efekt\u00edvne rie\u0161enia, aby sa zabezpe\u010dila bezprobl\u00e9mov\u00e1 prev\u00e1dzka strojov z\u00e1kazn\u00edkov.<\/p>\n<p><img decoding=\"async\" src=\"https:\/\/fmp-components.com\/wp-content\/uploads\/2024\/12\/Adjustable-Clevis-Type-Cylinders-6.webp\" alt=\"Nastavite\u013en\u00fd valec typu Clevis\" width=\"829\" title=\"\"><\/p>\n<p>Zvo\u013ete si FMP, vyberte si kvalitn\u00e9 a spo\u013eahliv\u00e9 hydraulick\u00e9 valce pre va\u0161e stavebn\u00e9 stroje.<br \/>\nAutor: CX<\/p>","protected":false},"excerpt":{"rendered":"<p>Introducing the Hot Sale Telescopic Double Acting Truck Hydraulic Cylinder: The Hot Sale Telescopic Double Acting Truck Hydraulic Cylinder is a high-quality and versatile product designed specifically for trucks. With its telescopic design and double-acting functionality, this hydraulic cylinder offers exceptional performance and reliability. One of the key features of this hydraulic cylinder is its [&hellip;]<\/p>","protected":false},"featured_media":1656,"comment_status":"closed","ping_status":"closed","template":"","meta":{"_et_pb_use_builder":"","_et_pb_old_content":"","_et_gb_content_width":""},"product_brand":[],"product_cat":[45],"product_tag":[34,48],"class_list":{"0":"post-1655","1":"product","2":"type-product","3":"status-publish","4":"has-post-thumbnail","6":"product_cat-inverted-telescopic-cylinder","7":"product_tag-hydraulic-cylinder","8":"product_tag-inverted-telescopic-cylinder","10":"first","11":"instock","12":"product-type-simple"},"_links":{"self":[{"href":"https:\/\/fmp-components.com\/sk\/wp-json\/wp\/v2\/product\/1655","targetHints":{"allow":["GET"]}}],"collection":[{"href":"https:\/\/fmp-components.com\/sk\/wp-json\/wp\/v2\/product"}],"about":[{"href":"https:\/\/fmp-components.com\/sk\/wp-json\/wp\/v2\/types\/product"}],"replies":[{"embeddable":true,"href":"https:\/\/fmp-components.com\/sk\/wp-json\/wp\/v2\/comments?post=1655"}],"wp:featuredmedia":[{"embeddable":true,"href":"https:\/\/fmp-components.com\/sk\/wp-json\/wp\/v2\/media\/1656"}],"wp:attachment":[{"href":"https:\/\/fmp-components.com\/sk\/wp-json\/wp\/v2\/media?parent=1655"}],"wp:term":[{"taxonomy":"product_brand","embeddable":true,"href":"https:\/\/fmp-components.com\/sk\/wp-json\/wp\/v2\/product_brand?post=1655"},{"taxonomy":"product_cat","embeddable":true,"href":"https:\/\/fmp-components.com\/sk\/wp-json\/wp\/v2\/product_cat?post=1655"},{"taxonomy":"product_tag","embeddable":true,"href":"https:\/\/fmp-components.com\/sk\/wp-json\/wp\/v2\/product_tag?post=1655"}],"curies":[{"name":"pracovn\u00fd list","href":"https:\/\/api.w.org\/{rel}","templated":true}]}}