{"id":1651,"date":"2024-12-23T07:00:44","date_gmt":"2024-12-23T07:00:44","guid":{"rendered":"https:\/\/fmp-components.com\/product\/low-price-10-ton-4-stage-hydraulic-telescopic-ram-cylinder\/"},"modified":"2025-03-11T06:10:58","modified_gmt":"2025-03-11T06:10:58","slug":"low-price-10-ton-4-stage-hydraulic-telescopic-ram-cylinder","status":"publish","type":"product","link":"https:\/\/fmp-components.com\/sk\/product\/low-price-10-ton-4-stage-hydraulic-telescopic-ram-cylinder\/","title":{"rendered":"N\u00edzka cena 10-tonov\u00fd 4-stup\u0148ov\u00fd hydraulick\u00fd teleskopick\u00fd valec"},"content":{"rendered":"<h2>Predstavujeme n\u00edzkocenov\u00fd 10-tonov\u00fd 4-stup\u0148ov\u00fd hydraulick\u00fd teleskopick\u00fd valec:<\/h2>\n<p>N\u00edzkon\u00e1kladov\u00fd 10-tonov\u00fd 4-stup\u0148ov\u00fd hydraulick\u00fd teleskopick\u00fd valec je vysoko v\u0161estrann\u00fd a odoln\u00fd produkt navrhnut\u00fd tak, aby sp\u013a\u0148al n\u00e1ro\u010dn\u00e9 potreby r\u00f4znych odvetv\u00ed. V\u010faka pokro\u010dilej hydraulickej technol\u00f3gii pon\u00faka tento valec v\u00fdnimo\u010dn\u00fd v\u00fdkon a \u00fa\u010dinnos\u0165.<\/p>\n<p>Tento valcov\u00fd zdvih\u00e1k s nosnos\u0165ou 10 ton dok\u00e1\u017ee \u013eahko manipulova\u0165 s \u0165a\u017ek\u00fdmi bremenami. \u0160tvorstup\u0148ov\u00e1 teleskopick\u00e1 kon\u0161trukcia zvy\u0161uje celkov\u00fa d\u013a\u017eku zdvihu, \u010do umo\u017e\u0148uje lep\u0161iu flexibilitu a dosah. To znamen\u00e1, \u017ee m\u00f4\u017eete dosiahnu\u0165 presn\u00e9 a kontrolovan\u00e9 pohyby aj v stiesnen\u00fdch priestoroch.<\/p>\n<p>Jednou z k\u013e\u00fa\u010dov\u00fdch v\u00fdhod tohto hydraulick\u00e9ho valca je jeho n\u00edzka cena. Napriek vysoko kvalitnej kon\u0161trukcii a spo\u013eahliv\u00e9mu v\u00fdkonu je dostupn\u00fd za konkurencieschopn\u00fa cenu, v\u010faka \u010domu je vynikaj\u00facou vo\u013ebou pre z\u00e1kazn\u00edkov s obmedzen\u00fdm rozpo\u010dtom.<\/p>\n<p>N\u00edzkon\u00e1kladov\u00fd 10-tonov\u00fd 4-stup\u0148ov\u00fd hydraulick\u00fd teleskopick\u00fd valec je vyroben\u00fd tak, aby odolal n\u00e1ro\u010dn\u00e9mu pou\u017e\u00edvaniu a n\u00e1ro\u010dn\u00fdm prev\u00e1dzkov\u00fdm podmienkam. Je vyroben\u00fd z robustn\u00fdch materi\u00e1lov, ktor\u00e9 zaru\u010duj\u00fa dlh\u00fa \u017eivotnos\u0165 a odolnos\u0165. To znamen\u00e1, \u017ee sa na tento valec m\u00f4\u017eete spo\u013eahn\u00fa\u0165 po mnoho rokov, \u010d\u00edm sa zni\u017euje potreba \u010dast\u00fdch v\u00fdmen a \u00fadr\u017eby.<\/p>\n<p>Tento hydraulick\u00fd valec sa navy\u0161e \u013eahko in\u0161taluje a obsluhuje. Dod\u00e1va sa s jasn\u00fdmi pokynmi a mo\u017eno ho bezprobl\u00e9movo integrova\u0165 do existuj\u00facich syst\u00e9mov. Jeho u\u017e\u00edvate\u013esky pr\u00edvetiv\u00fd dizajn umo\u017e\u0148uje pohodln\u00fa \u00fadr\u017ebu a rie\u0161enie probl\u00e9mov, minimalizuje prestoje a maximalizuje produktivitu.<\/p>\n<table style=\"width: 100%;\" border=\"1\" width=\"100%\" cellspacing=\"0\" cellpadding=\"0\">\n<tbody>\n<tr>\n<th>N\u00e1zov produktu<\/th>\n<td>N\u00edzka cena 10-tonov\u00fd 4-stup\u0148ov\u00fd hydraulick\u00fd teleskopick\u00fd valec<\/td>\n<\/tr>\n<tr>\n<th>Stav<\/th>\n<td>Nov\u00e9<\/td>\n<\/tr>\n<tr>\n<th>Hmotnos\u0165 (kg)<\/th>\n<td>50<\/td>\n<\/tr>\n<tr>\n<th>Maxim\u00e1lny \u0165ah<\/th>\n<td>3000<\/td>\n<\/tr>\n<tr>\n<th>Maxim\u00e1lny \u0165ah<\/th>\n<td>20 ton<\/td>\n<\/tr>\n<tr>\n<th>Materi\u00e1l tela<\/th>\n<td>Robustn\u00e1 oce\u013e<\/td>\n<\/tr>\n<tr>\n<th>Zdroj energie<\/th>\n<td>Hydraulick\u00e9<\/td>\n<\/tr>\n<tr>\n<th>Dizajn<\/th>\n<td>4-stup\u0148ov\u00fd teleskopick\u00fd so \u0161tandardn\u00fdm piestov\u00fdm valcom<\/td>\n<\/tr>\n<tr>\n<th>Certifik\u00e1cia<\/th>\n<td>ISO9001:2000<\/td>\n<\/tr>\n<tr>\n<th>Pou\u017eite\u013en\u00e9 odvetvia<\/th>\n<td>V\u00fdrobn\u00e9 z\u00e1vody, opravovne strojov, farmy, energetika a ban\u00edctvo at\u010f.<\/td>\n<\/tr>\n<tr>\n<th>V\u00fdkon<\/th>\n<td>N\u00e1kladovo efekt\u00edvne a spo\u013eahliv\u00e9 pre presn\u00e9 hydraulick\u00e9 syst\u00e9my<\/td>\n<\/tr>\n<\/tbody>\n<\/table>\n<h2>Vlastnosti hydraulick\u00e9ho teleskopick\u00e9ho valca<\/h2>\n<p>Hydraulick\u00fd teleskopick\u00fd valec je vybaven\u00fd nieko\u013ek\u00fdmi pozoruhodn\u00fdmi vlastnos\u0165ami:<\/p>\n<p><img decoding=\"async\" src=\"https:\/\/hzpt.com\/wp-content\/uploads\/2023\/11\/Inverted-Telescopic-Cylinder-8.webp\" alt=\"\" title=\"\"><\/p>\n<ol>\n<li>Valec m\u00e1 \u0161tandardn\u00fa ve\u013ekos\u0165, \u010do zais\u0165uje kompatibilitu so \u0161irokou \u0161k\u00e1lou strojov.<\/li>\n<li>Obsahuje kon\u0161trukciu piestov\u00e9ho valca pre efekt\u00edvny a spo\u013eahliv\u00fd v\u00fdkon.<\/li>\n<li>Jeho hydraulick\u00fd zdroj energie zais\u0165uje robustn\u00fa a konzistentn\u00fa prev\u00e1dzku.<\/li>\n<li>Oce\u013eov\u00fd materi\u00e1l karos\u00e9rie zaru\u010duje pevnos\u0165 a odolnos\u0165.<\/li>\n<li>Valec pon\u00faka maxim\u00e1lny \u0165ah 3000 a maxim\u00e1lny \u0165ah 20 ton, v\u010faka \u010domu je vhodn\u00fd pre n\u00e1ro\u010dn\u00e9 oper\u00e1cie.<\/li>\n<\/ol>\n<h2>Aplik\u00e1cie hydraulick\u00e9ho teleskopick\u00e9ho valca<\/h2>\n<p>Tento v\u0161estrann\u00fd hydraulick\u00fd teleskopick\u00fd valec je pou\u017eite\u013en\u00fd v r\u00f4znych odvetviach:<\/p>\n<ol>\n<li>V\u00fdrobn\u00e9 z\u00e1vody: Na mont\u00e1\u017e a prev\u00e1dzku \u0165a\u017ek\u00fdch strojov.<\/li>\n<li>Opravovne strojov: Na \u00fadr\u017eb\u00e1rske a oprav\u00e1rensk\u00e9 pr\u00e1ce vy\u017eaduj\u00face \u0165a\u017ek\u00e9 zdv\u00edhanie.<\/li>\n<li>Farmy: Na obsluhu po\u013enohospod\u00e1rskych strojov a zariaden\u00ed.<\/li>\n<li>Energia a ban\u00edctvo: Pou\u017e\u00edva sa v \u0165a\u017ek\u00fdch bansk\u00fdch zariadeniach a strojoch na v\u00fdrobu energie.<\/li>\n<li>V\u00fdroba strojov: Neoddelite\u013en\u00e1 s\u00fa\u010das\u0165 v\u00fdroby r\u00f4znych strojov.<\/li>\n<\/ol>\n<p><img decoding=\"async\" src=\"https:\/\/hzpt.com\/wp-content\/uploads\/2023\/11\/Inverted-Telescopic-Cylinder-Applications.webp\" alt=\"Aplik\u00e1cie hydraulick\u00e9ho teleskopick\u00e9ho valca\" title=\"\"><\/p>\n<h2>Princ\u00edp \u010dinnosti a \u00fadr\u017eba hydraulick\u00e9ho teleskopick\u00e9ho valca<\/h2>\n<p>Hydraulick\u00fd teleskopick\u00fd valec pracuje s hydraulickou kvapalinou, ktor\u00e1 vytv\u00e1ra v\u00fdstupn\u00fa silu. Konfigur\u00e1cia valca spolu s dynamikou tekut\u00edn vytv\u00e1ra potrebn\u00fd mechanick\u00fd pohyb. Pravideln\u00e1 \u00fadr\u017eba zah\u0155\u0148a kontrolu, \u010distenie, mazanie a v\u00fdmenu tesnen\u00ed. Dodr\u017eiavanie n\u00e1vodu na obsluhu je nevyhnutn\u00e9 pre dlh\u00fa \u017eivotnos\u0165 komponentu.<\/p>\n<p><img decoding=\"async\" src=\"https:\/\/hzpt.com\/wp-content\/uploads\/2023\/11\/Inverted-Telescopic-Cylinder-21.webp\" alt=\"\" title=\"\"><\/p>\n<h2>Invertovan\u00fd teleskopick\u00fd valec<\/h2>\n<p>Invertovan\u00fd teleskopick\u00fd valec, tie\u017e zn\u00e1my ako jedno\u010dinn\u00fd teleskopick\u00fd valec, je hydraulick\u00fd valec, ktor\u00fd sa sklad\u00e1 z nieko\u013ek\u00fdch vnoren\u00fdch stup\u0148ov s r\u00f4znymi priemermi. Valec je navrhnut\u00fd tak, aby sa vys\u00faval a zas\u00faval silou stla\u010denej hydraulickej kvapaliny. Invertovan\u00fd teleskopick\u00fd valec sa be\u017ene pou\u017e\u00edva v \u0165a\u017ek\u00fdch aplik\u00e1ci\u00e1ch, ako s\u00fa stavebn\u00e9 zariadenia, bansk\u00e9 stroje a priemyseln\u00e9 stroje.<\/p>\n<h3>K\u013e\u00fa\u010dov\u00e9 charakteristiky<\/h3>\n<ul>\n<li><b>Jedno\u010dinn\u00fd:<\/b> Inverzn\u00fd teleskopick\u00fd valec je jedno\u010dinn\u00fd valec, \u010do znamen\u00e1, \u017ee m\u00f4\u017ee p\u00f4sobi\u0165 silou iba v jednom smere (bu\u010f vys\u00fava\u0165 alebo zas\u00fava\u0165) a na n\u00e1vrat do p\u00f4vodnej polohy sa spolieha na vonkaj\u0161ie sily.<\/li>\n<li><b>Viacer\u00e9 f\u00e1zy:<\/b> Valec sa sklad\u00e1 z nieko\u013ek\u00fdch vnoren\u00fdch stup\u0148ov s r\u00f4znymi priemermi, \u010do umo\u017e\u0148uje dlh\u00fd zdvih pri zachovan\u00ed kompaktnej kon\u0161trukcie.<\/li>\n<li><b>Invertovan\u00fd dizajn:<\/b> Piestna ty\u010d je pripevnen\u00e1 k najv\u00e4\u010d\u0161iemu stup\u0148u valca a men\u0161ie stupne s\u00fa v nej umiestnen\u00e9. T\u00e1to obr\u00e1ten\u00e1 kon\u0161trukcia umo\u017e\u0148uje efekt\u00edvnej\u0161ie vyu\u017eitie priestoru a stabilnej\u0161\u00ed valec.<\/li>\n<li><b>Hydraulick\u00e9 ovl\u00e1danie:<\/b> Valec je ovl\u00e1dan\u00fd tlakovou hydraulickou kvapalinou, ktor\u00e1 vstupuje cez otvor v spodnej \u010dasti valca a vytv\u00e1ra tlak na pohyb valca v po\u017eadovanom smere.<\/li>\n<\/ul>\n<h3>Aplik\u00e1cie<\/h3>\n<p>Inverzn\u00fd teleskopick\u00fd valec sa be\u017ene pou\u017e\u00edva v n\u00e1ro\u010dn\u00fdch aplik\u00e1ci\u00e1ch, kde je potrebn\u00fd dlh\u00fd zdvih v kompaktnej kon\u0161trukcii. Medzi be\u017en\u00e9 aplik\u00e1cie patria:<\/p>\n<ul>\n<li>Stavebn\u00e9 stroje, ako s\u00fa bagre a r\u00fdpadl\u00e1<\/li>\n<li>\u0164a\u017eobn\u00e9 stroje, ako s\u00fa naklada\u010de a n\u00e1kladn\u00e9 vozidl\u00e1<\/li>\n<li>Priemyseln\u00e9 stroje, ako s\u00fa hydraulick\u00e9 lisy a vstrekovacie lisy<\/li>\n<\/ul>\n<p>Jedn\u00fdm pr\u00edkladom obr\u00e1ten\u00e9ho teleskopick\u00e9ho valca je lacn\u00fd 10-tonov\u00fd 4-stup\u0148ov\u00fd hydraulick\u00fd teleskopick\u00fd valec. Tento valec je ur\u010den\u00fd na pou\u017eitie v r\u00f4znych n\u00e1ro\u010dn\u00fdch aplik\u00e1ci\u00e1ch a vyzna\u010duje sa kompaktn\u00fdm dizajnom s dlhou d\u013a\u017ekou zdvihu. Je vyroben\u00fd z vysoko kvalitn\u00fdch materi\u00e1lov a je skon\u0161truovan\u00fd tak, aby odolal n\u00e1ro\u010dn\u00fdm prev\u00e1dzkov\u00fdm podmienkam.<\/p>\n<p>Inverzn\u00fd teleskopick\u00fd valec je d\u00f4le\u017eitou s\u00fa\u010das\u0165ou mnoh\u00fdch n\u00e1ro\u010dn\u00fdch aplik\u00e1ci\u00ed. Jeho jedine\u010dn\u00e1 kon\u0161trukcia umo\u017e\u0148uje dlh\u00fd zdvih pri zachovan\u00ed kompaktn\u00fdch rozmerov, v\u010faka \u010domu je ide\u00e1lnou vo\u013ebou pre aplik\u00e1cie s obmedzen\u00fdm priestorom. \u010ci u\u017e pracujete v stavebn\u00edctve, ban\u00edctve alebo priemyseln\u00fdch strojoch, inverzn\u00fd teleskopick\u00fd valec je spo\u013eahlivou a efekt\u00edvnou vo\u013ebou pre va\u0161e potreby t\u00fdkaj\u00face sa hydraulick\u00e9ho valca.<\/p>\n<h3>O FMP<\/h3>\n<p>FMP je spolo\u010dnos\u0165, ktor\u00e1 sa \u0161pecializuje na v\u00fdrobu a predaj hydraulick\u00fdch valcov. S\u00eddlime v Taliansku, m\u00e1me dlhoro\u010dn\u00e9 sk\u00fasenosti v tomto odvetv\u00ed a profesion\u00e1lny t\u00edm, ktor\u00fd sa venuje poskytovaniu vysoko kvalitn\u00fdch a spo\u013eahliv\u00fdch rie\u0161en\u00ed v oblasti hydraulick\u00fdch valcov z\u00e1kazn\u00edkom.<\/p>\n<p><img decoding=\"async\" src=\"https:\/\/fmp-components.com\/wp-content\/uploads\/2024\/12\/Adjustable-Clevis-Type-Cylinders-6.webp\" alt=\"Nastavite\u013en\u00fd valec typu Clevis\" width=\"827\" title=\"\"><\/p>\n<h4>V\u00fdhody na\u0161ich produktov a spolo\u010dnosti:<\/h4>\n<ol>\n<li>\u0160irok\u00fd sortiment hydraulick\u00fdch valcov: Pon\u00fakame \u0161irok\u00fd sortiment hydraulick\u00fdch valcov vr\u00e1tane nastavite\u013en\u00fdch valcov s vidlicov\u00fdm z\u00e1vitom, teleskopick\u00fdch valcov, valcov s \u0165ahadlomi a \u010fal\u0161\u00edch. N\u00e1\u0161 rozsiahly v\u00fdber zaru\u010duje, \u017ee m\u00e1me ten spr\u00e1vny valec pre r\u00f4zne aplik\u00e1cie.<\/li>\n<li>Vysokokvalitn\u00e1 kon\u0161trukcia: Na\u0161e hydraulick\u00e9 valce s\u00fa vyroben\u00e9 z najkvalitnej\u0161\u00edch materi\u00e1lov a pokro\u010dil\u00fdch v\u00fdrobn\u00fdch techn\u00edk. To zaru\u010duje ich odolnos\u0165, spo\u013eahlivos\u0165 a dlh\u00fa \u017eivotnos\u0165 aj v n\u00e1ro\u010dn\u00fdch prev\u00e1dzkov\u00fdch podmienkach.<\/li>\n<li>Pr\u00edsna kontrola kvality: V spolo\u010dnosti FMP sme si vybudovali dlhodob\u00e9 a stabiln\u00e9 vz\u0165ahy s vysokokvalitn\u00fdmi dod\u00e1vate\u013emi. V\u0161etky dod\u00e1van\u00e9 diely d\u00f4kladne kontrolujeme a testujeme, aby sme zabezpe\u010dili, \u017ee sp\u013a\u0148aj\u00fa na\u0161e pr\u00edsne \u0161tandardy kvality. To zaru\u010duje, \u017ee na\u0161e hydraulick\u00e9 valce trvalo poskytuj\u00fa vynikaj\u00faci v\u00fdkon.<\/li>\n<li>Odborn\u00fd obchodn\u00fd t\u00edm: N\u00e1\u0161 sk\u00fasen\u00fd a kvalifikovan\u00fd obchodn\u00fd t\u00edm m\u00e1 bohat\u00e9 znalosti o v\u00fdvojov\u00fdch trendoch a potreb\u00e1ch z\u00e1kazn\u00edkov v odvetv\u00ed stavebn\u00fdch strojov. Poskytuje profesion\u00e1lne konzult\u00e1cie o produktoch a inteligentn\u00e9 n\u00e1vrhy na n\u00e1kup, \u010d\u00edm zabezpe\u010duje, aby sa na\u0161i z\u00e1kazn\u00edci mohli informovane rozhodova\u0165.<\/li>\n<li>Efekt\u00edvna logistick\u00e1 distrib\u00facia: M\u00e1me zaveden\u00fd efekt\u00edvny logistick\u00fd distribu\u010dn\u00fd syst\u00e9m, ktor\u00fd zabezpe\u010duje v\u010dasn\u00e9 a presn\u00e9 dodanie na\u0161ich hydraulick\u00fdch valcov. Z\u00e1kazn\u00edci sa na n\u00e1s m\u00f4\u017eu spo\u013eahn\u00fa\u0165, \u017ee im poskytneme r\u00fdchly a bezprobl\u00e9mov\u00fd servis, \u010do im umo\u017en\u00ed minimalizova\u0165 prestoje a maximalizova\u0165 produktivitu.<\/li>\n<\/ol>\n<p>Vyberte si spolo\u010dnos\u0165 FMP ako svojho d\u00f4veryhodn\u00e9ho partnera pre v\u0161etky va\u0161e potreby v oblasti hydraulick\u00fdch valcov. V\u010faka na\u0161ej \u0161irokej ponuke vysokokvalitn\u00fdch produktov, pr\u00edsnej kontrole kvality, sk\u00fasen\u00e9mu obchodn\u00e9mu t\u00edmu a efekt\u00edvnej logistike sme odhodlan\u00ed pom\u00f4c\u0165 v\u00e1m dosiahnu\u0165 \u00faspech vo va\u0161ich projektoch stavebn\u00fdch strojov.<\/p>\n<p>Autor: CX<\/p>","protected":false},"excerpt":{"rendered":"<p>Introducing the Low Price 10 Ton 4 Stage Hydraulic Telescopic Ram Cylinder: The Low Price 10 Ton 4 Stage Hydraulic Telescopic Ram Cylinder is a highly versatile and durable product designed to meet the demanding needs of various industries. With its advanced hydraulic technology, this cylinder offers exceptional performance and efficiency. Featuring a 10-ton capacity, [&hellip;]<\/p>","protected":false},"featured_media":1652,"comment_status":"closed","ping_status":"closed","template":"","meta":{"_et_pb_use_builder":"","_et_pb_old_content":"","_et_gb_content_width":""},"product_brand":[],"product_cat":[45],"product_tag":[34,48],"class_list":{"0":"post-1651","1":"product","2":"type-product","3":"status-publish","4":"has-post-thumbnail","6":"product_cat-inverted-telescopic-cylinder","7":"product_tag-hydraulic-cylinder","8":"product_tag-inverted-telescopic-cylinder","10":"first","11":"instock","12":"product-type-simple"},"_links":{"self":[{"href":"https:\/\/fmp-components.com\/sk\/wp-json\/wp\/v2\/product\/1651","targetHints":{"allow":["GET"]}}],"collection":[{"href":"https:\/\/fmp-components.com\/sk\/wp-json\/wp\/v2\/product"}],"about":[{"href":"https:\/\/fmp-components.com\/sk\/wp-json\/wp\/v2\/types\/product"}],"replies":[{"embeddable":true,"href":"https:\/\/fmp-components.com\/sk\/wp-json\/wp\/v2\/comments?post=1651"}],"wp:featuredmedia":[{"embeddable":true,"href":"https:\/\/fmp-components.com\/sk\/wp-json\/wp\/v2\/media\/1652"}],"wp:attachment":[{"href":"https:\/\/fmp-components.com\/sk\/wp-json\/wp\/v2\/media?parent=1651"}],"wp:term":[{"taxonomy":"product_brand","embeddable":true,"href":"https:\/\/fmp-components.com\/sk\/wp-json\/wp\/v2\/product_brand?post=1651"},{"taxonomy":"product_cat","embeddable":true,"href":"https:\/\/fmp-components.com\/sk\/wp-json\/wp\/v2\/product_cat?post=1651"},{"taxonomy":"product_tag","embeddable":true,"href":"https:\/\/fmp-components.com\/sk\/wp-json\/wp\/v2\/product_tag?post=1651"}],"curies":[{"name":"pracovn\u00fd list","href":"https:\/\/api.w.org\/{rel}","templated":true}]}}