{"id":1649,"date":"2024-12-23T07:00:44","date_gmt":"2024-12-23T07:00:44","guid":{"rendered":"https:\/\/fmp-components.com\/product\/quality-assurance-trailer-dump-truck-telescope-hydraulic-cylinder\/"},"modified":"2025-03-11T06:10:45","modified_gmt":"2025-03-11T06:10:45","slug":"quality-assurance-trailer-dump-truck-telescope-hydraulic-cylinder","status":"publish","type":"product","link":"https:\/\/fmp-components.com\/sk\/product\/quality-assurance-trailer-dump-truck-telescope-hydraulic-cylinder\/","title":{"rendered":"Hydraulick\u00fd valec teleskopick\u00e9ho skl\u00e1pa\u010da pre pr\u00edvesy a skl\u00e1pa\u010de na zabezpe\u010denie kvality"},"content":{"rendered":"<p>Hydraulick\u00fd valec s teleskopick\u00fdm ovl\u00e1dan\u00edm pre pr\u00edvesy a skl\u00e1pa\u010de s certifik\u00e1ciou Quality Assurance je najmodernej\u0161\u00ed produkt, ktor\u00fd zaru\u010duje vynikaj\u00faci v\u00fdkon a spo\u013eahlivos\u0165. Tento produkt bol starostlivo navrhnut\u00fd a testovan\u00fd tak, aby sp\u013a\u0148al najpr\u00edsnej\u0161ie \u0161tandardy kvality v tomto odvetv\u00ed.<\/p>\n<p>Jednou z k\u013e\u00fa\u010dov\u00fdch vlastnost\u00ed tohto hydraulick\u00e9ho valca je jeho schopnos\u0165 plynul\u00e9ho a efekt\u00edvneho vys\u00favania a zas\u00favania. Teleskopick\u00e1 kon\u0161trukcia umo\u017e\u0148uje maxim\u00e1lne vysunutie pri zachovan\u00ed stability a kontroly, v\u010faka \u010domu je ide\u00e1lny na pou\u017eitie v pr\u00edvesoch skl\u00e1pa\u010dov.<\/p>\n<p>Okrem v\u00fdnimo\u010dn\u00e9ho v\u00fdkonu je tento produkt vyroben\u00fd aj pre dlh\u00fa \u017eivotnos\u0165. Jeho odoln\u00e1 kon\u0161trukcia a vysoko kvalitn\u00e9 materi\u00e1ly zaru\u010duj\u00fa, \u017ee vydr\u017e\u00ed aj tie najn\u00e1ro\u010dnej\u0161ie pracovn\u00e9 podmienky a bude bezchybne fungova\u0165 po mnoho rokov.<\/p>\n<p>Pokia\u013e ide o kvalitu a v\u00fdkon, teleskopick\u00fd hydraulick\u00fd valec pre pr\u00edvesy a skl\u00e1pa\u010de Quality Assurance je bezkonkuren\u010dn\u00fd. \u010ci u\u017e h\u013ead\u00e1te spo\u013eahliv\u00e9 a efekt\u00edvne rie\u0161enie pre v\u00e1\u0161 pr\u00edves alebo jednoducho chcete najlep\u0161\u00ed hydraulick\u00fd valec na trhu, tento produkt je perfektnou vo\u013ebou.<\/p>\n<div>\n<h2>Predstavujeme n\u00e1\u0161 \u0161pi\u010dkov\u00fd teleskopick\u00fd hydraulick\u00fd valec pre pr\u00edvesy a skl\u00e1pa\u010de<\/h2>\n<p>N\u00e1\u0161 nov\u00fd teleskopick\u00fd hydraulick\u00fd valec pre pr\u00edvesn\u00e9 skl\u00e1pa\u010de je vybaven\u00fd ro\u010dnou z\u00e1rukou a je navrhnut\u00fd s oh\u013eadom na zabezpe\u010denie kvality. Ide o \u0161tandardn\u00fd hydraulicky poh\u00e1\u0148an\u00fd piestov\u00fd valec, ktor\u00fd je ide\u00e1lny na pou\u017eitie v r\u00f4znych \u0165a\u017ek\u00fdch odvetviach vr\u00e1tane v\u00fdrobn\u00fdch z\u00e1vodov, opravovn\u00ed strojov, fariem, energetiky a ban\u00edctva a stroj\u00e1rskych z\u00e1vodov. Jeho robustn\u00e9 oce\u013eov\u00e9 telo je schopn\u00e9 odola\u0165 maxim\u00e1lnemu tlaku 3000 ton a maxim\u00e1lnemu \u0165ahu 20 ton, v\u010faka \u010domu je nevyhnutnou s\u00fa\u010das\u0165ou \u0165a\u017ek\u00fdch strojov. Tento hydraulick\u00fd valec je s\u00fa\u010das\u0165ou na\u0161ej novej produktovej rady 2023.<\/p>\n<h2>Vlastnosti n\u00e1\u0161ho hydraulick\u00e9ho valca pre teleskopick\u00e9 skl\u00e1pa\u010de s pr\u00edvesom<\/h2>\n<p>\u0160tandardn\u00e1 kon\u0161trukcia piestov\u00e9ho valca: N\u00e1\u0161 hydraulick\u00fd valec je navrhnut\u00fd pod\u013ea \u0161tandardn\u00fdch \u0161pecifik\u00e1ci\u00ed, \u010do zabezpe\u010duje bezprobl\u00e9mov\u00fa integr\u00e1ciu do r\u00f4znych typov strojov.<\/p>\n<ol>\n<li style=\"list-style-type: none;\">\n<ol>\n<li>Hydraulick\u00fd v\u00fdkon: Vyu\u017e\u00edva hydraulick\u00fa silu, ktor\u00e1 poskytuje efekt\u00edvny a spo\u013eahliv\u00fd v\u00fdkon.<\/li>\n<li>Odoln\u00e9 oce\u013eov\u00e9 telo: N\u00e1\u0161 hydraulick\u00fd valec je vyroben\u00fd s robustn\u00fdm oce\u013eov\u00fdm telom, \u010do zais\u0165uje maxim\u00e1lnu odolnos\u0165 a dlh\u00fa \u017eivotnos\u0165.<\/li>\n<li>Inverzn\u00e9 teleskopick\u00e9 valce: N\u00e1\u0161 hydraulick\u00fd valec je navrhnut\u00fd pre maxim\u00e1lnu v\u0161estrannos\u0165 a efektivitu prev\u00e1dzky.<\/li>\n<li>Certifik\u00e1cia ISO9001:2000: Sp\u013a\u0148a po\u017eiadavky certifik\u00e1cie ISO9001:2000, \u010do zaru\u010duje jeho kvalitu a spo\u013eahlivos\u0165.<\/li>\n<\/ol>\n<\/li>\n<\/ol>\n<p><img decoding=\"async\" src=\"https:\/\/hzpt.com\/wp-content\/uploads\/2023\/11\/Inverted-Telescopic-Cylinder-24.webp\" alt=\"\" title=\"\"><\/p>\n<h2>Aplik\u00e1cie n\u00e1\u0161ho hydraulick\u00e9ho valca pre teleskopick\u00e9 skl\u00e1pa\u010de s n\u00e1vesom<\/h2>\n<ol>\n<li>V\u00fdrobn\u00e9 z\u00e1vody: N\u00e1\u0161 hydraulick\u00fd valec je mo\u017en\u00e9 integrova\u0165 do r\u00f4znych strojov pre r\u00f4zne v\u00fdrobn\u00e9 procesy.<\/li>\n<li>Opravovne strojov: S\u00fa nevyhnutn\u00e9 pre opravy a \u00fadr\u017ebu r\u00f4znych typov strojov.<\/li>\n<li>Farmy: N\u00e1\u0161 hydraulick\u00fd valec je ide\u00e1lny na pou\u017eitie v \u0165a\u017ek\u00fdch po\u013enohospod\u00e1rskych strojoch.<\/li>\n<li>Energia a ban\u00edctvo: M\u00f4\u017ee sa pou\u017ei\u0165 v strojoch zapojen\u00fdch do v\u00fdroby energie a \u0165a\u017eobn\u00fdch oper\u00e1ci\u00ed.<\/li>\n<li>V\u00fdroba strojov: N\u00e1\u0161 hydraulick\u00fd valec je k\u013e\u00fa\u010dovou s\u00fa\u010das\u0165ou pri v\u00fdrobe r\u00f4znych typov strojov.<\/li>\n<\/ol>\n<p><img decoding=\"async\" src=\"https:\/\/hzpt.com\/wp-content\/uploads\/2023\/11\/Inverted-Telescopic-Cylinder-Applications.webp\" alt=\"Aplik\u00e1cie inverzn\u00e9ho teleskopick\u00e9ho valca\" title=\"\"><\/p>\n<h2>Princ\u00edp \u010dinnosti a \u00fadr\u017eba n\u00e1\u0161ho hydraulick\u00e9ho valca<\/h2>\n<p>N\u00e1\u0161 hydraulick\u00fd valec funguje na princ\u00edpe n\u00e1sobenia sily prostredn\u00edctvom tlaku hydraulickej kvapaliny. Tlak vyv\u00edjan\u00fd hydraulickou kvapalinou vo valci vytv\u00e1ra silu, ktor\u00e1 pohybuje piestom, a t\u00fdm vytv\u00e1ra siln\u00fd posun. \u00dadr\u017eba n\u00e1\u0161ho hydraulick\u00e9ho valca zah\u0155\u0148a pravideln\u00fa kontrolu, \u010distenie, mazanie, pravideln\u00e9 kontroly a opravy, v\u00fdmenu tesnen\u00ed a dodr\u017eiavanie n\u00e1vodu na obsluhu.<\/p>\n<p><img decoding=\"async\" src=\"https:\/\/hzpt.com\/wp-content\/uploads\/2023\/11\/Inverted-Telescopic-Cylinder-15.webp\" alt=\"\" title=\"\"><\/p>\n<\/div>\n<h2>Invertovan\u00fd teleskopick\u00fd valec<\/h2>\n<p>Hydraulick\u00fd valec pre teleskopick\u00e9 skl\u00e1pa\u010de s ru\u010den\u00edm zabezpe\u010den\u00fdm je inovat\u00edvny a v\u0161estrann\u00fd hydraulick\u00fd komponent, ktor\u00fd zohr\u00e1va k\u013e\u00fa\u010dov\u00fa \u00falohu v r\u00f4znych odvetviach, ako je stavebn\u00edctvo, doprava a v\u00fdroba. V\u010faka svojmu jedine\u010dn\u00e9mu dizajnu a pokro\u010dil\u00fdm funkci\u00e1m pon\u00faka v\u00fdnimo\u010dn\u00fd v\u00fdkon a spo\u013eahlivos\u0165 v \u0161irokej \u0161k\u00e1le aplik\u00e1ci\u00ed.<\/p>\n<h3>1. Dizajn a funk\u010dnos\u0165<\/h3>\n<p>Inverzn\u00fd teleskopick\u00fd valec je \u0161peci\u00e1lne navrhnut\u00fd tak, aby poskytoval zv\u00fd\u0161en\u00fa stabilitu a zdv\u00edhaciu kapacitu. Jeho kon\u0161trukcia pozost\u00e1va z viacer\u00fdch teleskopick\u00fdch stup\u0148ov, kde ka\u017ed\u00fd stupe\u0148 je vlo\u017een\u00fd do predch\u00e1dzaj\u00faceho. Toto usporiadanie umo\u017e\u0148uje kompaktn\u00e9 zasunutie a pred\u013a\u017een\u00e9 d\u013a\u017eky zdvihu, v\u010faka \u010domu je ide\u00e1lny pre aplik\u00e1cie, ktor\u00e9 vy\u017eaduj\u00fa zdv\u00edhanie aj dosah.<\/p>\n<p>Jadrom tohto hydraulick\u00e9ho valca je vysoko kvalitn\u00fd piest, tesnenia a hydraulick\u00e1 kvapalina, ktor\u00e9 spolo\u010dne vytv\u00e1raj\u00fa potrebn\u00fa silu na zdv\u00edhanie \u0165a\u017ek\u00fdch bremien. Obr\u00e1ten\u00fd dizajn zais\u0165uje, \u017ee valec je chr\u00e1nen\u00fd pred vonkaj\u0161\u00edmi faktormi, ako s\u00fa prach, ne\u010distoty a potenci\u00e1lne po\u0161kodenie, \u010d\u00edm sa zabezpe\u010duje optim\u00e1lny v\u00fdkon a dlh\u00e1 \u017eivotnos\u0165.<\/p>\n<h3>2. Vynikaj\u00faci v\u00fdkon<\/h3>\n<p>Jednou z k\u013e\u00fa\u010dov\u00fdch v\u00fdhod inverzn\u00e9ho teleskopick\u00e9ho valca je jeho schopnos\u0165 dosiahnu\u0165 v\u00fdnimo\u010dn\u00fa zdv\u00edhaciu kapacitu s minim\u00e1lnou n\u00e1mahou. Vnoren\u00e1 kon\u0161trukcia a pokro\u010dil\u00fd hydraulick\u00fd syst\u00e9m umo\u017e\u0148uj\u00fa efekt\u00edvny prenos sily, \u010d\u00edm zabezpe\u010duj\u00fa plynul\u00fd a presn\u00fd chod. Tento valec dok\u00e1\u017ee \u013eahko zvl\u00e1dnu\u0165 \u0165a\u017ek\u00e9 bremen\u00e1, v\u010faka \u010domu je ob\u013e\u00fabenou vo\u013ebou pre aplik\u00e1cie, ktor\u00e9 vy\u017eaduj\u00fa spo\u013eahliv\u00e9 a v\u00fdkonn\u00e9 zdv\u00edhacie schopnosti.<\/p>\n<p>Okrem toho, inverzn\u00fd teleskopick\u00fd valec pon\u00faka vynikaj\u00facu stabilitu a kontrolu po\u010das prev\u00e1dzky. Jeho jedine\u010dn\u00fd dizajn minimalizuje bo\u010dn\u00fd pohyb, \u010d\u00edm sa zni\u017euje riziko posunutia alebo prevr\u00e1tenia bremena. To je obzvl\u00e1\u0161\u0165 d\u00f4le\u017eit\u00e9 v odvetviach, ako je stavebn\u00edctvo a doprava, kde s\u00fa bezpe\u010dnos\u0165 a stabilita prvorad\u00e9.<\/p>\n<h3>3. Oblasti pou\u017eitia<\/h3>\n<p>Inverzn\u00fd teleskopick\u00fd valec nach\u00e1dza \u0161irok\u00e9 uplatnenie v r\u00f4znych odvetviach a aplik\u00e1ci\u00e1ch. Medzi be\u017en\u00e9 oblasti, v ktor\u00fdch tento hydraulick\u00fd valec vynik\u00e1, patria:<\/p>\n<ul>\n<li>Skl\u00e1pa\u010de: V\u010faka nosnosti a stabilite je valec ide\u00e1lnou vo\u013ebou pre skl\u00e1pa\u010de, \u010do umo\u017e\u0148uje efekt\u00edvne vykladanie materi\u00e1lov.<\/li>\n<li>Zariadenia na manipul\u00e1ciu s materi\u00e1lom: Inverzn\u00e9 teleskopick\u00e9 valce sa \u0161iroko pou\u017e\u00edvaj\u00fa vo vysokozdvi\u017en\u00fdch voz\u00edkoch a in\u00fdch zariadeniach na manipul\u00e1ciu s materi\u00e1lom na zabezpe\u010denie spo\u013eahliv\u00fdch zdv\u00edhac\u00edch a dosahov\u00fdch schopnost\u00ed.<\/li>\n<li>Stavebn\u00e9 stroje: Od \u017eeriavov a\u017e po pracovn\u00e9 plo\u0161iny, pred\u013a\u017een\u00e1 d\u013a\u017eka zdvihu a stabilita valca z neho robia cenn\u00fa s\u00fa\u010das\u0165 stavebn\u00fdch strojov.<\/li>\n<\/ul>\n<p>Z\u00e1verom mo\u017eno poveda\u0165, \u017ee inverzn\u00fd teleskopick\u00fd valec je pozoruhodn\u00fd hydraulick\u00fd komponent, ktor\u00fd pon\u00faka vynikaj\u00faci v\u00fdkon, stabilitu a nosnos\u0165. Jeho jedine\u010dn\u00fd dizajn a pokro\u010dil\u00e9 funkcie z neho robia nenahradite\u013en\u00fa s\u00fa\u010das\u0165 r\u00f4znych odvetv\u00ed. \u010ci u\u017e ide o zdv\u00edhanie \u0165a\u017ek\u00fdch bremien alebo dosahovanie nepr\u00edstupn\u00fdch miest, tento hydraulick\u00fd valec opakovane dokazuje svoju v\u0161estrannos\u0165 a spo\u013eahlivos\u0165.<\/p>\n<h3>O FMP<\/h3>\n<p>FMP je spolo\u010dnos\u0165 \u0161pecializuj\u00faca sa na v\u00fdrobu a predaj hydraulick\u00fdch valcov. Ako l\u00edder v odvetv\u00ed stavebn\u00fdch strojov sa venujeme poskytovaniu vysoko kvalitn\u00fdch a spo\u013eahliv\u00fdch rie\u0161en\u00ed v oblasti hydraulick\u00fdch valcov na\u0161im z\u00e1kazn\u00edkom.<\/p>\n<p><img decoding=\"async\" src=\"https:\/\/fmp-components.com\/wp-content\/uploads\/2024\/12\/Adjustable-Clevis-Type-Cylinders-6.webp\" alt=\"Nastavite\u013en\u00fd valec typu Clevis\" width=\"826\" title=\"\"><\/p>\n<p>Tu je p\u00e4\u0165 k\u013e\u00fa\u010dov\u00fdch v\u00fdhod na\u0161ich hydraulick\u00fdch valcov:<\/p>\n<ol>\n<li>Odoln\u00e9 a robustn\u00e9: Na\u0161e hydraulick\u00e9 valce s\u00fa skon\u0161truovan\u00e9 tak, aby odolali n\u00e1ro\u010dn\u00fdm aplik\u00e1ci\u00e1m a drsn\u00e9mu pracovn\u00e9mu prostrediu. S\u00fa vyroben\u00e9 z vysoko kvalitn\u00fdch materi\u00e1lov a navrhnut\u00e9 tak, aby zabezpe\u010dili dlhotrvaj\u00faci v\u00fdkon.<\/li>\n<li>Presnos\u0165 a \u00fa\u010dinnos\u0165: Na\u0161e hydraulick\u00e9 valce s\u00fa navrhnut\u00e9 s oh\u013eadom na presnos\u0165 a \u00fa\u010dinnos\u0165. Poskytuj\u00fa plynul\u00fd a presn\u00fd pohyb, \u010do umo\u017e\u0148uje optim\u00e1lne ovl\u00e1danie a prev\u00e1dzku.<\/li>\n<li>\u0160irok\u00e1 \u0161k\u00e1la mo\u017enost\u00ed: Pon\u00fakame \u0161irok\u00fd sortiment hydraulick\u00fdch valcov, ktor\u00e9 sp\u013a\u0148aj\u00fa r\u00f4zne po\u017eiadavky. Od nastavite\u013en\u00fdch valcov s vidlicov\u00fdm uchyten\u00edm a\u017e po dvoj\u010dinn\u00e9 teleskopick\u00e9 valce, m\u00e1me spr\u00e1vne rie\u0161enie pre r\u00f4zne aplik\u00e1cie.<\/li>\n<li>Pr\u00edsne \u0161tandardy kvality: V spolo\u010dnosti FMP sme nadviazali dlhodob\u00e9 partnerstv\u00e1 s renomovan\u00fdmi dod\u00e1vate\u013emi, aby sme zabezpe\u010dili, \u017ee v\u0161etky na\u0161e hydraulick\u00e9 valce sp\u013a\u0148aj\u00fa pr\u00edsne \u0161tandardy kvality. N\u00e1\u0161 z\u00e1v\u00e4zok ku kvalite zaru\u010duje spo\u013eahlivos\u0165 a v\u00fdkonnos\u0165 na\u0161ich produktov.<\/li>\n<li>Odborn\u00e9 poradenstvo a podpora: N\u00e1\u0161 sk\u00fasen\u00fd obchodn\u00fd t\u00edm m\u00e1 rozsiahle znalosti v odvetv\u00ed stavebn\u00fdch strojov. Disponuje rozsiahlymi znalos\u0165ami hydraulick\u00fdch valcov a m\u00f4\u017ee v\u00e1m poskytn\u00fa\u0165 odborn\u00e9 poradenstvo, ktor\u00e9 v\u00e1m pom\u00f4\u017ee vybra\u0165 si ten spr\u00e1vny produkt pre va\u0161e \u0161pecifick\u00e9 potreby.<\/li>\n<\/ol>\n<p>S FMP si m\u00f4\u017eete by\u0165 ist\u00ed, \u017ee z\u00edskate \u0161pi\u010dkov\u00e9 hydraulick\u00e9 valce, ktor\u00e9 poskytuj\u00fa v\u00fdnimo\u010dn\u00fd v\u00fdkon a spo\u013eahlivos\u0165. Kontaktujte n\u00e1s e\u0161te dnes a preberte s nami svoje po\u017eiadavky na hydraulick\u00e9 valce. Sta\u0148te sa va\u0161\u00edm d\u00f4veryhodn\u00fdm partnerom v odvetv\u00ed stavebn\u00fdch strojov.<\/p>\n<p>Autor: CX<\/p>","protected":false},"excerpt":{"rendered":"<p>The Quality Assurance Trailer Dump Truck Telescope Hydraulic Cylinder is a state-of-the-art product that guarantees superior performance and reliability. This product has been meticulously designed and tested to meet the most stringent quality standards in the industry. One of the key features of this hydraulic cylinder is its ability to extend and retract smoothly and [&hellip;]<\/p>","protected":false},"featured_media":1650,"comment_status":"closed","ping_status":"closed","template":"","meta":{"_et_pb_use_builder":"","_et_pb_old_content":"","_et_gb_content_width":""},"product_brand":[],"product_cat":[45],"product_tag":[34,48],"class_list":{"0":"post-1649","1":"product","2":"type-product","3":"status-publish","4":"has-post-thumbnail","6":"product_cat-inverted-telescopic-cylinder","7":"product_tag-hydraulic-cylinder","8":"product_tag-inverted-telescopic-cylinder","10":"first","11":"instock","12":"product-type-simple"},"_links":{"self":[{"href":"https:\/\/fmp-components.com\/sk\/wp-json\/wp\/v2\/product\/1649","targetHints":{"allow":["GET"]}}],"collection":[{"href":"https:\/\/fmp-components.com\/sk\/wp-json\/wp\/v2\/product"}],"about":[{"href":"https:\/\/fmp-components.com\/sk\/wp-json\/wp\/v2\/types\/product"}],"replies":[{"embeddable":true,"href":"https:\/\/fmp-components.com\/sk\/wp-json\/wp\/v2\/comments?post=1649"}],"wp:featuredmedia":[{"embeddable":true,"href":"https:\/\/fmp-components.com\/sk\/wp-json\/wp\/v2\/media\/1650"}],"wp:attachment":[{"href":"https:\/\/fmp-components.com\/sk\/wp-json\/wp\/v2\/media?parent=1649"}],"wp:term":[{"taxonomy":"product_brand","embeddable":true,"href":"https:\/\/fmp-components.com\/sk\/wp-json\/wp\/v2\/product_brand?post=1649"},{"taxonomy":"product_cat","embeddable":true,"href":"https:\/\/fmp-components.com\/sk\/wp-json\/wp\/v2\/product_cat?post=1649"},{"taxonomy":"product_tag","embeddable":true,"href":"https:\/\/fmp-components.com\/sk\/wp-json\/wp\/v2\/product_tag?post=1649"}],"curies":[{"name":"pracovn\u00fd list","href":"https:\/\/api.w.org\/{rel}","templated":true}]}}