{"id":1645,"date":"2024-12-23T07:00:44","date_gmt":"2024-12-23T07:00:44","guid":{"rendered":"https:\/\/fmp-components.com\/product\/factory-price-long-stroke-hydraulic-cylinder-for-truck\/"},"modified":"2025-03-11T05:50:23","modified_gmt":"2025-03-11T05:50:23","slug":"factory-price-long-stroke-hydraulic-cylinder-for-truck","status":"publish","type":"product","link":"https:\/\/fmp-components.com\/sk\/product\/factory-price-long-stroke-hydraulic-cylinder-for-truck\/","title":{"rendered":"V\u00fdrobn\u00e1 cena hydraulick\u00e9ho valca s dlh\u00fdm zdvihom pre n\u00e1kladn\u00e9 vozidl\u00e1"},"content":{"rendered":"<p>Hydraulick\u00fd valec s dlh\u00fdm zdvihom pre n\u00e1kladn\u00e9 vozidl\u00e1 od v\u00fdrobcu je vysoko spo\u013eahliv\u00fd a \u00fa\u010dinn\u00fd hydraulick\u00fd valec navrhnut\u00fd \u0161peci\u00e1lne pre pou\u017eitie v n\u00e1kladn\u00fdch vozidl\u00e1ch. Tento hydraulick\u00fd valec je vyroben\u00fd z vysoko kvalitn\u00fdch materi\u00e1lov a je navrhnut\u00fd tak, aby poskytoval dlh\u00fa \u017eivotnos\u0165 a vysok\u00fd v\u00fdkon aj v najn\u00e1ro\u010dnej\u0161\u00edch podmienkach.<\/p>\n<p>Tento hydraulick\u00fd valec je vybaven\u00fd kon\u0161trukciou s dlh\u00fdm zdvihom a je schopn\u00fd poskytova\u0165 siln\u00fa a konzistentn\u00fa silu po celej d\u013a\u017eke zdvihu, v\u010faka \u010domu je ide\u00e1lny na pou\u017eitie v n\u00e1ro\u010dn\u00fdch aplik\u00e1ci\u00e1ch, ako je nakladanie a vykladanie n\u00e1kladn\u00fdch vozidiel.<\/p>\n<p>Okrem v\u00fdnimo\u010dn\u00e9ho v\u00fdkonu je tento hydraulick\u00fd valec aj vysoko cenovo dostupn\u00fd, v\u010faka \u010domu je vynikaj\u00facou vo\u013ebou pre firmy aj jednotlivcov, ktor\u00ed h\u013eadaj\u00fa vysokokvalitn\u00fd hydraulick\u00fd valec bez toho, aby museli min\u00fa\u0165 ve\u013ea pe\u0148az\u00ed.<\/p>\n<table style=\"width: 100%;\" border=\"1\" width=\"100%\" cellspacing=\"0\" cellpadding=\"0\">\n<tbody>\n<tr>\n<th>N\u00e1zov produktu<\/th>\n<td>V\u00fdrobn\u00e1 cena hydraulick\u00e9ho valca s dlh\u00fdm zdvihom pre n\u00e1kladn\u00e9 vozidl\u00e1<\/td>\n<\/tr>\n<tr>\n<th>Stav<\/th>\n<td>Nov\u00e9<\/td>\n<\/tr>\n<tr>\n<th>Z\u00e1ruka<\/th>\n<td>1 rok<\/td>\n<\/tr>\n<tr>\n<th>Maxim\u00e1lny \u0165ah<\/th>\n<td>3000<\/td>\n<\/tr>\n<tr>\n<th>\u0164ahov\u00e1 kapacita<\/th>\n<td>20 ton<\/td>\n<\/tr>\n<tr>\n<th>Dizajn<\/th>\n<td>Invertovan\u00fd teleskopick\u00fd valec<\/td>\n<\/tr>\n<tr>\n<th>Materi\u00e1l<\/th>\n<td>Odoln\u00e1 oce\u013e<\/td>\n<\/tr>\n<tr>\n<th>Nap\u00e1jac\u00ed zdroj<\/th>\n<td>Hydraulick\u00e9<\/td>\n<\/tr>\n<tr>\n<th>Certifik\u00e1cia<\/th>\n<td>ISO9001:2000<\/td>\n<\/tr>\n<tr>\n<th>V\u00fdkon<\/th>\n<td>Spo\u013eahliv\u00fd a efekt\u00edvny pre n\u00e1ro\u010dn\u00e9 aplik\u00e1cie<\/td>\n<\/tr>\n<tr>\n<th>Pou\u017eite\u013en\u00e9 odvetvia<\/th>\n<td>V\u00fdrobn\u00e9 z\u00e1vody, Opravovne strojov, Farmy, Energetika a ban\u00edctvo, V\u00fdroba strojov, Stroj\u00e1rne<\/td>\n<\/tr>\n<\/tbody>\n<\/table>\n<h2>K\u013e\u00fa\u010dov\u00e9 vlastnosti n\u00e1\u0161ho hydraulick\u00e9ho valca s dlh\u00fdm zdvihom<\/h2>\n<p>N\u00e1\u0161 hydraulick\u00fd valec pre n\u00e1kladn\u00e9 vozidl\u00e1 sa m\u00f4\u017ee pochv\u00e1li\u0165 nieko\u013ek\u00fdmi jedine\u010dn\u00fdmi vlastnos\u0165ami:<\/p>\n<ol>\n<li style=\"list-style-type: none;\">\n<ol>\n<li>\u0160tandardn\u00e1 kon\u0161trukcia piestov\u00e9ho valca zabezpe\u010duj\u00faca efekt\u00edvnu prev\u00e1dzku.<\/li>\n<\/ol>\n<\/li>\n<\/ol>\n<p><img decoding=\"async\" src=\"https:\/\/hzpt.com\/wp-content\/uploads\/2023\/11\/Inverted-Telescopic-Cylinder-16.webp\" alt=\"\" title=\"\"><\/p>\n<ol>\n<li>Hydraulick\u00e9 nap\u00e1janie zabezpe\u010duj\u00face bezprobl\u00e9mov\u00fd v\u00fdkon.<\/li>\n<li>Odolnos\u0165 s oce\u013eov\u00fdm telom.<\/li>\n<li>Vysok\u00e1 \u0165ahov\u00e1 kapacita a\u017e 3000.<\/li>\n<li>Schopnos\u0165 odol\u00e1va\u0165 vysokej \u0165a\u017enej sile a\u017e do 20 ton.<\/li>\n<\/ol>\n<h2>Aplik\u00e1cie hydraulick\u00e9ho valca s dlh\u00fdm zdvihom<\/h2>\n<p>V\u0161estrann\u00fd hydraulick\u00fd valec nach\u00e1dza uplatnenie v r\u00f4znych odvetviach. Tu s\u00fa niektor\u00e9 z nich:<\/p>\n<ol>\n<li>V\u00fdrobn\u00e9 z\u00e1vody<\/li>\n<li>Opravovne strojov<\/li>\n<li>Farmy<\/li>\n<li>Energetick\u00fd a \u0165a\u017eobn\u00fd priemysel<\/li>\n<li>Stroj\u00e1rske tov\u00e1rne<\/li>\n<\/ol>\n<p><img decoding=\"async\" src=\"https:\/\/hzpt.com\/wp-content\/uploads\/2023\/11\/Inverted-Telescopic-Cylinder-Applications.webp\" alt=\"Aplik\u00e1cie inverzn\u00e9ho teleskopick\u00e9ho valca\" title=\"\"><\/p>\n<h2>Princ\u00edp \u010dinnosti a \u00fadr\u017eba hydraulick\u00e9ho valca<\/h2>\n<p>Hydraulick\u00fd valec pracuje na princ\u00edpe tlakov\u00e9ho rozdielu. Hydraulick\u00e1 kvapalina je vtl\u00e1\u010dan\u00e1 do valca, \u010d\u00edm vznik\u00e1 tlakov\u00fd rozdiel a v\u00fdsledkom je line\u00e1rny pohyb piestu. V\u00fdstupn\u00e1 sila je priamo \u00famern\u00e1 tlakov\u00e9mu rozdielu.<\/p>\n<p>Na \u00fadr\u017ebu hydraulick\u00e9ho valca:<\/p>\n<ol>\n<li>Pravideln\u00e1 kontrola je nevyhnutn\u00e1. Skontrolujte, \u010di nedoch\u00e1dza k \u00fanikom alebo po\u0161kodeniu.<\/li>\n<li>Pravidelne \u010distite valec, aby ste predi\u0161li hromadeniu ne\u010dist\u00f4t a \u00falomkov.<\/li>\n<li>Nama\u017ete pohybliv\u00e9 \u010dasti pod\u013ea n\u00e1vodu na obsluhu.<\/li>\n<li>Pravideln\u00e1 kontrola a oprava hydraulick\u00e9ho syst\u00e9mu m\u00f4\u017ee zabr\u00e1ni\u0165 z\u00e1va\u017en\u00fdm poruch\u00e1m.<\/li>\n<li>Pre zaistenie optim\u00e1lneho v\u00fdkonu pravidelne vymie\u0148ajte tesnenia.<\/li>\n<\/ol>\n<p><img decoding=\"async\" src=\"https:\/\/hzpt.com\/wp-content\/uploads\/2023\/11\/Inverted-Telescopic-Cylinder-7.webp\" alt=\"\" title=\"\"><\/p>\n<h2>Invertovan\u00fd teleskopick\u00fd valec<\/h2>\n<p>V\u00fdrobn\u00e1 cena hydraulick\u00e9ho valca s dlh\u00fdm zdvihom pre n\u00e1kladn\u00e9 vozidl\u00e1<\/p>\n<ol>\n<li style=\"list-style-type: none;\">\n<ol>\n<li><strong>\u010co je to inverzn\u00fd teleskopick\u00fd valec?<\/strong><\/li>\n<\/ol>\n<\/li>\n<\/ol>\n<p>Invertovan\u00fd teleskopick\u00fd valec je typ hydraulick\u00e9ho valca, ktor\u00fd sa pou\u017e\u00edva v r\u00f4znych aplik\u00e1ci\u00e1ch, ako s\u00fa skl\u00e1pa\u010de, \u017eeriavy a bansk\u00e9 zariadenia. Ako u\u017e n\u00e1zov napoved\u00e1, tento valec je invertovan\u00fd, \u010do znamen\u00e1, \u017ee piestna ty\u010d je umiestnen\u00e1 v spodnej \u010dasti, zatia\u013e \u010do valec je v hornej \u010dasti. T\u00e1to kon\u0161trukcia umo\u017e\u0148uje dlh\u0161iu d\u013a\u017eku zdvihu, v\u010faka \u010domu je ide\u00e1lny pre n\u00e1ro\u010dn\u00e9 aplik\u00e1cie, ktor\u00e9 vy\u017eaduj\u00fa zna\u010dn\u00e9 mno\u017estvo sily.<\/p>\n<ol>\n<li style=\"list-style-type: none;\">\n<ol>\n<li><strong>Ako funguje inverzn\u00fd teleskopick\u00fd valec?<\/strong><\/li>\n<\/ol>\n<\/li>\n<\/ol>\n<p>Valec sa sklad\u00e1 zo s\u00e9rie vnoren\u00fdch trub\u00edc, ktor\u00e9 sa pohybuj\u00fa dovn\u00fatra a von, ke\u010f sa piestna ty\u010d vys\u00fava a zas\u00fava. Vonkaj\u0161ia trubica je zvy\u010dajne pripevnen\u00e1 k mont\u00e1\u017enej ploche, zatia\u013e \u010do najvn\u00fatornej\u0161ia trubica je pripevnen\u00e1 k piestnej ty\u010di. Ke\u010f na valec p\u00f4sob\u00ed hydraulick\u00fd tlak, piestna ty\u010d sa vysunie, \u010do sp\u00f4sob\u00ed, \u017ee sa trubice vysun\u00fa smerom von. Naopak, ke\u010f sa tlak uvo\u013en\u00ed, piestna ty\u010d sa zasunie, \u010do sp\u00f4sob\u00ed, \u017ee sa trubice zr\u00fatia sp\u00e4\u0165 do valca.<\/p>\n<ol>\n<li style=\"list-style-type: none;\">\n<ol>\n<li><strong>Ak\u00e9 s\u00fa v\u00fdhody pou\u017eitia inverzn\u00e9ho teleskopick\u00e9ho valca?<\/strong><\/li>\n<\/ol>\n<\/li>\n<\/ol>\n<p>Jednou z hlavn\u00fdch v\u00fdhod pou\u017eitia invertovan\u00e9ho teleskopick\u00e9ho valca je jeho schopnos\u0165 zabezpe\u010di\u0165 dlh\u00fd zdvih pri zachovan\u00ed relat\u00edvne kr\u00e1tkej d\u013a\u017eky v zasunutom stave. V\u010faka tomu je ide\u00e1lny pre aplik\u00e1cie s obmedzen\u00fdm priestorom. Okrem toho s\u00fa tieto valce odolnej\u0161ie vo\u010di bo\u010dn\u00e9mu za\u0165a\u017eeniu ako konven\u010dn\u00e9 teleskopick\u00e9 valce, \u010do pom\u00e1ha predch\u00e1dza\u0165 po\u0161kodeniu valca a jeho komponentov. Invertovan\u00e9 teleskopick\u00e9 valce s\u00fa tie\u017e \u00fa\u010dinnej\u0161ie ako in\u00e9 typy valcov, \u010do znamen\u00e1, \u017ee na prev\u00e1dzku potrebuj\u00fa menej energie a v priebehu \u010dasu m\u00f4\u017eu zni\u017eova\u0165 prev\u00e1dzkov\u00e9 n\u00e1klady.<\/p>\n<ol>\n<li style=\"list-style-type: none;\">\n<ol>\n<li><strong>Ak\u00e9 s\u00fa aplik\u00e1cie inverzn\u00fdch teleskopick\u00fdch valcov?<\/strong><\/li>\n<\/ol>\n<\/li>\n<\/ol>\n<p>Inverzn\u00e9 teleskopick\u00e9 valce sa be\u017ene pou\u017e\u00edvaj\u00fa v n\u00e1ro\u010dn\u00fdch aplik\u00e1ci\u00e1ch, ktor\u00e9 vy\u017eaduj\u00fa zna\u010dn\u00e9 mno\u017estvo sily, ako s\u00fa skl\u00e1pa\u010de, \u017eeriavy a bansk\u00e9 zariadenia. M\u00f4\u017eu sa pou\u017ei\u0165 aj v in\u00fdch aplik\u00e1ci\u00e1ch, ako je v\u00fdstavba mostov, manipul\u00e1cia s materi\u00e1lom a po\u013enohospod\u00e1rske stroje. Inverzn\u00e9 teleskopick\u00e9 valce s\u00fa ide\u00e1lne pre aplik\u00e1cie, kde je potrebn\u00fd dlh\u00fd zdvih, ale je obmedzen\u00fd priestor.<\/p>\n<ol>\n<li style=\"list-style-type: none;\">\n<ol>\n<li><strong>Ako si vybra\u0165 spr\u00e1vny inverzn\u00fd teleskopick\u00fd valec pre va\u0161u aplik\u00e1ciu?<\/strong><\/li>\n<\/ol>\n<\/li>\n<\/ol>\n<p>Pri v\u00fdbere inverzn\u00e9ho teleskopick\u00e9ho valca je potrebn\u00e9 zv\u00e1\u017ei\u0165 nieko\u013eko faktorov, ako je maxim\u00e1lna nosnos\u0165, d\u013a\u017eka zdvihu a mo\u017enosti mont\u00e1\u017ee. D\u00f4le\u017eit\u00e9 je tie\u017e zv\u00e1\u017ei\u0165 prostredie, v ktorom sa bude valec pou\u017e\u00edva\u0165, preto\u017ee to m\u00f4\u017ee ovplyvni\u0165 v\u00fdber materi\u00e1lu a mo\u017enosti tesnenia. Konzult\u00e1cia s odborn\u00edkom na hydraulick\u00e9 valce v\u00e1m m\u00f4\u017ee pom\u00f4c\u0165 zabezpe\u010di\u0165, aby ste si vybrali ten spr\u00e1vny valec pre va\u0161u konkr\u00e9tnu aplik\u00e1ciu.<\/p>\n<h3>O spolo\u010dnosti FMP \u2013 profesion\u00e1lny v\u00fdrobca a dod\u00e1vate\u013e hydraulick\u00fdch valcov<\/h3>\n<p>FMP je spolo\u010dnos\u0165, ktor\u00e1 sa \u0161pecializuje na v\u00fdrobu a predaj vysoko kvalitn\u00fdch a spo\u013eahliv\u00fdch dielov a kompletn\u00fdch strojov pre stavebn\u00e9 stroje. M\u00e1me dlhoro\u010dn\u00e9 sk\u00fasenosti v tomto odvetv\u00ed a profesion\u00e1lny t\u00edm, ktor\u00fd zabezpe\u010duje, aby na\u0161i z\u00e1kazn\u00edci dost\u00e1vali tie najlep\u0161ie produkty a slu\u017eby.<\/p>\n<p>N\u00e1\u0161 hydraulick\u00fd valec je jedn\u00fdm z na\u0161ich najob\u013e\u00fabenej\u0161\u00edch produktov a to z dobr\u00e9ho d\u00f4vodu. Tu je len nieko\u013eko d\u00f4vodov, pre\u010do by ste si mali vybra\u0165 FMP ako dod\u00e1vate\u013ea hydraulick\u00fdch valcov:<\/p>\n<p>1. Vysokokvalitn\u00e9 materi\u00e1ly \u2013 Na v\u00fdrobu na\u0161ich hydraulick\u00fdch valcov pou\u017e\u00edvame iba tie najkvalitnej\u0161ie materi\u00e1ly. To zaru\u010duje ich odolnos\u0165, spo\u013eahlivos\u0165 a dlh\u00fa \u017eivotnos\u0165.<\/p>\n<p>2. \u0160irok\u00fd v\u00fdber mo\u017enost\u00ed \u2013 Pon\u00fakame \u0161irok\u00fd sortiment hydraulick\u00fdch valcov, vr\u00e1tane nastavite\u013en\u00fdch valcov s vidlicov\u00fdm uchyten\u00edm, dvoj\u010dinn\u00fdch hydraulick\u00fdch valcov a zv\u00e1ran\u00fdch hydraulick\u00fdch valcov. To umo\u017e\u0148uje z\u00e1kazn\u00edkom vybra\u0165 si valec, ktor\u00fd najlep\u0161ie vyhovuje ich potreb\u00e1m.<\/p>\n<p>3. Prisp\u00f4sobenie \u2013 Ch\u00e1peme, \u017ee ka\u017ed\u00fd z\u00e1kazn\u00edk m\u00e1 jedine\u010dn\u00e9 po\u017eiadavky, a preto pon\u00fakame hydraulick\u00e9 valce na mieru, ktor\u00e9 sp\u013a\u0148aj\u00fa \u0161pecifick\u00e9 potreby.<\/p>\n<p>4. Profesion\u00e1lny obchodn\u00fd t\u00edm \u2013 N\u00e1\u0161 sk\u00fasen\u00fd a kvalifikovan\u00fd obchodn\u00fd t\u00edm je v\u017edy pripraven\u00fd poskytn\u00fa\u0165 profesion\u00e1lne konzult\u00e1cie o produktoch a pon\u00faknu\u0165 z\u00e1kazn\u00edkom inteligentn\u00e9 n\u00e1vrhy na n\u00e1kup.<\/p>\n<p>5. Efekt\u00edvny logistick\u00fd distribu\u010dn\u00fd syst\u00e9m \u2013 M\u00e1me efekt\u00edvny logistick\u00fd distribu\u010dn\u00fd syst\u00e9m, ktor\u00fd zabezpe\u010duje, \u017ee z\u00e1kazn\u00edci dostan\u00fa po\u017eadovan\u00e9 hydraulick\u00e9 valce v\u010das a presne.<\/p>\n<p><img decoding=\"async\" src=\"https:\/\/fmp-components.com\/wp-content\/uploads\/2024\/12\/Adjustable-Clevis-Type-Cylinders-6.webp\" alt=\"Nastavite\u013en\u00fd valec typu Clevis\" width=\"824\" title=\"\"><\/p>\n<p>Okrem t\u00fdchto v\u00fdhod sa spolo\u010dnos\u0165 FMP zav\u00e4zuje budova\u0165 dlhodob\u00e9 a stabiln\u00e9 kooperat\u00edvne vz\u0165ahy s vysokokvalitn\u00fdmi dod\u00e1vate\u013emi doma aj v zahrani\u010d\u00ed, aby zabezpe\u010dila, \u017ee v\u0161etky dod\u00e1van\u00e9 diely sp\u013a\u0148aj\u00fa pr\u00edsne normy kvality. Preto garantujeme, \u017ee na\u0161e hydraulick\u00e9 valce s\u00fa najvy\u0161\u0161ej kvality a splnia va\u0161e potreby.<\/p>\n<p>Vyberte si FMP ako v\u00fdrobcu a dod\u00e1vate\u013ea hydraulick\u00fdch valcov. Kontaktujte n\u00e1s e\u0161te dnes a dozviete sa viac o na\u0161ich produktoch a slu\u017eb\u00e1ch.<br \/>\nAutor: CX<\/p>","protected":false},"excerpt":{"rendered":"<p>Factory Price Long Stroke Hydraulic Cylinder for Truck is a highly reliable and efficient hydraulic cylinder designed specifically for use in trucks. Manufactured using superior quality materials, this hydraulic cylinder is designed to provide a long service life and high performance even under the most demanding conditions. Equipped with a long stroke design, this hydraulic [&hellip;]<\/p>","protected":false},"featured_media":1646,"comment_status":"closed","ping_status":"closed","template":"","meta":{"_et_pb_use_builder":"","_et_pb_old_content":"","_et_gb_content_width":""},"product_brand":[],"product_cat":[45],"product_tag":[34,48],"class_list":{"0":"post-1645","1":"product","2":"type-product","3":"status-publish","4":"has-post-thumbnail","6":"product_cat-inverted-telescopic-cylinder","7":"product_tag-hydraulic-cylinder","8":"product_tag-inverted-telescopic-cylinder","10":"first","11":"instock","12":"product-type-simple"},"_links":{"self":[{"href":"https:\/\/fmp-components.com\/sk\/wp-json\/wp\/v2\/product\/1645","targetHints":{"allow":["GET"]}}],"collection":[{"href":"https:\/\/fmp-components.com\/sk\/wp-json\/wp\/v2\/product"}],"about":[{"href":"https:\/\/fmp-components.com\/sk\/wp-json\/wp\/v2\/types\/product"}],"replies":[{"embeddable":true,"href":"https:\/\/fmp-components.com\/sk\/wp-json\/wp\/v2\/comments?post=1645"}],"wp:featuredmedia":[{"embeddable":true,"href":"https:\/\/fmp-components.com\/sk\/wp-json\/wp\/v2\/media\/1646"}],"wp:attachment":[{"href":"https:\/\/fmp-components.com\/sk\/wp-json\/wp\/v2\/media?parent=1645"}],"wp:term":[{"taxonomy":"product_brand","embeddable":true,"href":"https:\/\/fmp-components.com\/sk\/wp-json\/wp\/v2\/product_brand?post=1645"},{"taxonomy":"product_cat","embeddable":true,"href":"https:\/\/fmp-components.com\/sk\/wp-json\/wp\/v2\/product_cat?post=1645"},{"taxonomy":"product_tag","embeddable":true,"href":"https:\/\/fmp-components.com\/sk\/wp-json\/wp\/v2\/product_tag?post=1645"}],"curies":[{"name":"pracovn\u00fd list","href":"https:\/\/api.w.org\/{rel}","templated":true}]}}