{"id":1641,"date":"2024-12-23T07:00:44","date_gmt":"2024-12-23T07:00:44","guid":{"rendered":"https:\/\/fmp-components.com\/product\/cost-effective-trailer-telescopic-cylinder-hydraulic\/"},"modified":"2025-03-11T05:47:29","modified_gmt":"2025-03-11T05:47:29","slug":"cost-effective-trailer-telescopic-cylinder-hydraulic","status":"publish","type":"product","link":"https:\/\/fmp-components.com\/sk\/product\/cost-effective-trailer-telescopic-cylinder-hydraulic\/","title":{"rendered":"Cenovo v\u00fdhodn\u00fd hydraulick\u00fd teleskopick\u00fd valec pre pr\u00edves"},"content":{"rendered":"<p>Cenovo v\u00fdhodn\u00fd teleskopick\u00fd hydraulick\u00fd valec pre pr\u00edvesy je vysoko kvalitn\u00fd hydraulick\u00fd valec, ktor\u00fd je prim\u00e1rne navrhnut\u00fd tak, aby sp\u013a\u0148al potreby odvetvia pr\u00edvesov. Tento produkt je vyroben\u00fd s pou\u017eit\u00edm najmodernej\u0161\u00edch technol\u00f3gi\u00ed a vysoko kvalitn\u00fdch materi\u00e1lov, v\u010faka \u010domu je odoln\u00fd, efekt\u00edvny a spo\u013eahliv\u00fd.<\/p>\n<p>Hydraulick\u00fd valec je vhodn\u00fd pre r\u00f4zne aplik\u00e1cie vr\u00e1tane skl\u00e1pac\u00edch pr\u00edvesov, zariaden\u00ed na odvoz odpadu a pr\u00edvesov s pohyblivou podlahou. M\u00e1 teleskopick\u00fa kon\u0161trukciu, ktor\u00e1 umo\u017e\u0148uje vysunutie a zasunutie, \u010do zvy\u0161uje jeho v\u0161estrannos\u0165 a \u00fa\u010dinnos\u0165.<\/p>\n<p>Jednou z unik\u00e1tnych vlastnost\u00ed tohto produktu je jeho cenov\u00e1 efekt\u00edvnos\u0165. Napriek tomu, \u017ee ide o vysoko kvalitn\u00fd hydraulick\u00fd valec, je dostupn\u00fd za prijate\u013en\u00fa cenu, v\u010faka \u010domu je dostupn\u00fd pre r\u00f4zne firmy a jednotlivcov, ktor\u00ed potrebuj\u00fa jeho slu\u017eby.<\/p>\n<table style=\"width: 100%;\" border=\"1\" width=\"100%\" cellspacing=\"0\" cellpadding=\"0\">\n<tbody>\n<tr>\n<th>N\u00e1zov produktu<\/th>\n<td>Cenovo v\u00fdhodn\u00fd hydraulick\u00fd teleskopick\u00fd valec pre pr\u00edves<\/td>\n<\/tr>\n<tr>\n<th>Stav<\/th>\n<td>Nov\u00e9<\/td>\n<\/tr>\n<tr>\n<th>Z\u00e1ruka<\/th>\n<td>1 rok<\/td>\n<\/tr>\n<tr>\n<th>Dizajn<\/th>\n<td>Teleskopick\u00fd s pokro\u010dilou technol\u00f3giou<\/td>\n<\/tr>\n<tr>\n<th>Materi\u00e1ly<\/th>\n<td>Vysokokvalitn\u00e9 materi\u00e1ly<\/td>\n<\/tr>\n<tr>\n<th>V\u00fdkon<\/th>\n<td>Spo\u013eahliv\u00fd a efekt\u00edvny<\/td>\n<\/tr>\n<tr>\n<th>Cenov\u00e1 dostupnos\u0165<\/th>\n<td>Cenovo v\u00fdhodn\u00e9 rie\u0161enie<\/td>\n<\/tr>\n<tr>\n<th>Pou\u017eite\u013en\u00e9 odvetvia<\/th>\n<td>V\u00fdrobn\u00e9 z\u00e1vody, Opravovne strojov, Farmy, Energetika a ban\u00edctvo, V\u00fdroba strojov, Stroj\u00e1rne<\/td>\n<\/tr>\n<tr>\n<th>Inov\u00e1cia<\/th>\n<td>Nov\u00fd \u0161tandard v technol\u00f3gii hydraulick\u00fdch valcov<\/td>\n<\/tr>\n<\/tbody>\n<\/table>\n<p><img decoding=\"async\" src=\"https:\/\/hzpt.com\/wp-content\/uploads\/2023\/11\/Inverted-Telescopic-Cylinder-18.webp\" alt=\"\" title=\"\"><\/p>\n<h2>Vlastnosti hydraulick\u00e9ho teleskopick\u00e9ho valca pr\u00edvesu<\/h2>\n<p>1. <strong>\u0160tandardn\u00e1 \u0161trukt\u00fara:<\/strong> Tento hydraulick\u00fd valec m\u00e1 \u0161tandardn\u00fa piestov\u00fa kon\u0161trukciu, \u010do zais\u0165uje kompatibilitu a jednoduch\u00fa in\u0161tal\u00e1ciu v r\u00f4znych strojoch.<\/p>\n<p>2. <strong>Vysok\u00fd v\u00fdkon:<\/strong> Pracuje na hydraulickej energii, \u010do zais\u0165uje robustn\u00fa a spo\u013eahliv\u00fa prev\u00e1dzku.<\/p>\n<p>3. <strong>Odoln\u00fd materi\u00e1l:<\/strong> Telo valca je vyroben\u00e9 z ocele, \u010do zais\u0165uje odolnos\u0165 a dlhotrvaj\u00faci v\u00fdkon.<\/p>\n<p>4. <strong>Vysok\u00fd \u0165ah a \u0165ah:<\/strong> S maxim\u00e1lnym \u0165ahom 3000 a maxim\u00e1lnym \u0165ahom 20 ton pon\u00faka v\u00fdkonn\u00fa prev\u00e1dzku.<\/p>\n<p>5. <strong>Certifik\u00e1cia ISO:<\/strong> Je certifikovan\u00fd pod\u013ea normy ISO9001:2000, \u010do zaru\u010duje jeho kvalitu a v\u00fdkon.<\/p>\n<h2>Aplik\u00e1cie hydraulick\u00e9ho teleskopick\u00e9ho valca pr\u00edvesu<\/h2>\n<p>1. <strong>V\u00fdrobn\u00fd z\u00e1vod:<\/strong> M\u00f4\u017ee by\u0165 pou\u017eit\u00fd v r\u00f4znych strojoch v\u00fdrobn\u00fdch z\u00e1vodov.<\/p>\n<p>2. <strong>Opravovne strojov:<\/strong> Je ide\u00e1lny na opravy a moderniz\u00e1ciu strojov.<\/p>\n<p>3. <strong>Farmy:<\/strong> M\u00f4\u017ee by\u0165 pou\u017eit\u00fd v po\u013enohospod\u00e1rskych strojoch.<\/p>\n<p>4. <strong>Energia a ban\u00edctvo:<\/strong> M\u00f4\u017ee sa pou\u017ei\u0165 v energetick\u00fdch a bansk\u00fdch strojoch.<\/p>\n<p>5. <strong>V\u00fdroba strojov:<\/strong> Je ide\u00e1lny na pou\u017eitie v procesoch stroj\u00e1rskej v\u00fdroby.<\/p>\n<p><img decoding=\"async\" src=\"https:\/\/hzpt.com\/wp-content\/uploads\/2023\/11\/Inverted-Telescopic-Cylinder-Applications.webp\" alt=\"Aplik\u00e1cie inverzn\u00e9ho teleskopick\u00e9ho valca\" title=\"\"><\/p>\n<h2>Princ\u00edp \u010dinnosti a \u00fadr\u017eba hydraulick\u00e9ho teleskopick\u00e9ho valca pr\u00edvesu<\/h2>\n<p>Princ\u00edp fungovania tohto hydraulick\u00e9ho valca zah\u0155\u0148a \u0161tandardn\u00fa konfigur\u00e1ciu vstupnej a v\u00fdstupnej sily hydraulickej kvapaliny. Pokia\u013e ide o \u00fadr\u017ebu, vy\u017eaduje si:<\/p>\n<p>1. <strong>Pravideln\u00e1 kontrola:<\/strong> Pravideln\u00e1 kontrola pom\u00e1ha v\u010das odhali\u0165 ak\u00e9ko\u013evek potenci\u00e1lne probl\u00e9my.<\/p>\n<p>2. <strong>\u010cistenie:<\/strong> Udr\u017eiavanie \u010distoty valca zabezpe\u010duje jeho bezprobl\u00e9mov\u00fa prev\u00e1dzku.<\/p>\n<p>3. <strong>Mazanie:<\/strong> Pravideln\u00e9 mazanie zni\u017euje trenie a predl\u017euje \u017eivotnos\u0165 valca.<\/p>\n<p>4. <strong>V\u00fdmena tesnenia:<\/strong> V\u00fdmena tesnen\u00ed, ke\u010f vykazuj\u00fa zn\u00e1mky opotrebovania, m\u00f4\u017ee zabr\u00e1ni\u0165 \u00fanikom.<\/p>\n<p>5. <strong>Pod\u013ea n\u00e1vodu na obsluhu:<\/strong> Pre bezpe\u010dn\u00fa a efekt\u00edvnu prev\u00e1dzku v\u017edy dodr\u017eiavajte n\u00e1vod na obsluhu.<\/p>\n<p><img decoding=\"async\" src=\"https:\/\/hzpt.com\/wp-content\/uploads\/2023\/11\/Inverted-Telescopic-Cylinder-4.webp\" alt=\"\" title=\"\"><\/p>\n<h2>Invertovan\u00fd teleskopick\u00fd valec<\/h2>\n<p>Invertovan\u00fd teleskopick\u00fd valec je typ hydraulick\u00e9ho valca be\u017ene pou\u017e\u00edvan\u00e9ho v r\u00f4znych odvetviach na r\u00f4zne aplik\u00e1cie. Je navrhnut\u00fd tak, aby poskytoval cenovo v\u00fdhodn\u00e9 rie\u0161enie pre \u0161pecifick\u00e9 hydraulick\u00e9 syst\u00e9my, najm\u00e4 v oblasti v\u00fdroby pr\u00edvesov. Tento \u010dl\u00e1nok sa ponor\u00ed do vlastnost\u00ed, v\u00fdhod a aplik\u00e1ci\u00ed invertovan\u00e9ho teleskopick\u00e9ho valca, pri\u010dom zd\u00f4razn\u00ed jeho n\u00e1kladov\u00fa efekt\u00edvnos\u0165 a hydraulick\u00e9 mo\u017enosti.<\/p>\n<h3>Funkcie<\/h3>\n<p>Inverzn\u00fd teleskopick\u00fd valec sa sklad\u00e1 z viacer\u00fdch stup\u0148ov alebo sekci\u00ed, pri\u010dom ka\u017ed\u00e1 sekcia je vlo\u017een\u00e1 do tej nad \u0148ou. T\u00e1to jedine\u010dn\u00e1 kon\u0161trukcia umo\u017e\u0148uje kompaktn\u00e9 skladovanie a efekt\u00edvne vyu\u017eitie priestoru. Valec sa vys\u00fava p\u00f4soben\u00edm hydraulick\u00e9ho tlaku, \u010do sp\u00f4sobuje, \u017ee sa sekcie vys\u00favaj\u00fa smerom von, \u010d\u00edm sa zv\u00e4\u010d\u0161uje celkov\u00e1 d\u013a\u017eka valca.<\/p>\n<p>Hydraulick\u00e1 kvapalina, zvy\u010dajne olej, sa nach\u00e1dza vo valci a je zodpovedn\u00e1 za prenos sily, ktor\u00e1 vys\u00fava alebo zas\u00fava \u010dasti valca. Tento hydraulick\u00fd syst\u00e9m umo\u017e\u0148uje presn\u00e9 ovl\u00e1danie a plynul\u00fd chod valca, v\u010faka \u010domu je vhodn\u00fd pre r\u00f4zne aplik\u00e1cie s nosnos\u0165ou.<\/p>\n<h3>V\u00fdhody<\/h3>\n<p>1. <strong>N\u00e1kladov\u00e1 efekt\u00edvnos\u0165:<\/strong> Invertovan\u00fd teleskopick\u00fd valec pon\u00faka v\u010faka svojmu dizajnu a funk\u010dnosti n\u00e1kladovo efekt\u00edvne rie\u0161enie. Vnoren\u00e9 sekcie zni\u017euj\u00fa n\u00e1klady na materi\u00e1l a v\u00fdrobu a z\u00e1rove\u0148 zachov\u00e1vaj\u00fa \u0161truktur\u00e1lnu integritu. Okrem toho \u00fa\u010dinnos\u0165 hydraulick\u00e9ho syst\u00e9mu zabezpe\u010duje optim\u00e1lne vyu\u017eitie energie, \u010do v priebehu \u010dasu \u010falej zni\u017euje prev\u00e1dzkov\u00e9 n\u00e1klady.<\/p>\n<p>2. <strong>Kompaktn\u00fd dizajn:<\/strong> Teleskopick\u00e1 povaha valca umo\u017e\u0148uje kompaktn\u00fd dizajn, v\u010faka \u010domu je ide\u00e1lny pre aplik\u00e1cie s obmedzen\u00fdm priestorom. Ke\u010f sa nepou\u017e\u00edva, zlo\u017e\u00ed sa do seba, \u010d\u00edm sa minimalizuje celkov\u00e1 zastavan\u00e1 plocha a poskytuje flexibilitu pri in\u0161tal\u00e1cii.<\/p>\n<p>3. <strong>Vysok\u00e1 nosnos\u0165:<\/strong> Inverzn\u00fd teleskopick\u00fd valec je navrhnut\u00fd na manipul\u00e1ciu s \u0165a\u017ek\u00fdmi bremenami. Viacer\u00e9 stupne poskytuj\u00fa zv\u00fd\u0161en\u00fa stabilitu a nosnos\u0165, v\u010faka \u010domu je vhodn\u00fd pre n\u00e1ro\u010dn\u00e9 aplik\u00e1cie, ako je zdv\u00edhanie a vyrovn\u00e1vanie pr\u00edvesov.<\/p>\n<p>4. <strong>Plynul\u00e1 prev\u00e1dzka:<\/strong> Hydraulick\u00fd syst\u00e9m zabudovan\u00fd do obr\u00e1ten\u00e9ho teleskopick\u00e9ho valca zais\u0165uje plynul\u00fd a presn\u00fd chod. Riaden\u00e9 vys\u00favanie a zas\u00favanie sekci\u00ed valca umo\u017e\u0148uje presn\u00e9 polohovanie a efekt\u00edvne riadenie z\u00e1\u0165a\u017ee, \u010d\u00edm sa zvy\u0161uje celkov\u00e1 produktivita a bezpe\u010dnos\u0165.<\/p>\n<h3>Aplik\u00e1cie<\/h3>\n<p>Inverzn\u00fd teleskopick\u00fd valec nach\u00e1dza uplatnenie v r\u00f4znych odvetviach, s osobitn\u00fdm d\u00f4razom na sektor v\u00fdroby pr\u00edvesov. Medzi k\u013e\u00fa\u010dov\u00e9 aplik\u00e1cie patria:<\/p>\n<p>1. <strong>Zdv\u00edhanie pr\u00edvesu:<\/strong> Invertovan\u00fd teleskopick\u00fd valec sa hojne pou\u017e\u00edva v zdv\u00edhac\u00edch mechanizmoch pr\u00edvesov. Jeho cenovo v\u00fdhodn\u00e1 kon\u0161trukcia a vysok\u00e1 nosnos\u0165 z neho robia ide\u00e1lnu vo\u013ebu pre v\u00fdrobcov pr\u00edvesov, ktor\u00ed sa sna\u017eia optimalizova\u0165 svoje zdv\u00edhacie syst\u00e9my.<\/p>\n<p>2. <strong>Vyrovn\u00e1vanie pr\u00edvesu:<\/strong> Invertovan\u00e9 teleskopick\u00e9 valce sa pou\u017e\u00edvaj\u00fa aj v nivela\u010dn\u00fdch syst\u00e9moch pr\u00edvesov. Ich presn\u00e9 ovl\u00e1danie a plynul\u00fd chod umo\u017e\u0148uj\u00fa presn\u00e9 nastavenie v\u00fd\u0161ky a stability pr\u00edvesu, \u010d\u00edm sa zabezpe\u010duj\u00fa bezpe\u010dn\u00e9 a efekt\u00edvne procesy nakladania a vykladania.<\/p>\n<p>3. <strong>Zariadenia na manipul\u00e1ciu s materi\u00e1lom:<\/strong> V\u010faka svojej cenovo v\u00fdhodnej povahe je obr\u00e1ten\u00fd teleskopick\u00fd valec vhodn\u00fd pre r\u00f4zne manipula\u010dn\u00e9 zariadenia, ako s\u00fa vysokozdvi\u017en\u00e9 voz\u00edky a \u017eeriavy. Jeho kompaktn\u00fd dizajn a spo\u013eahliv\u00fd v\u00fdkon prispievaj\u00fa k zlep\u0161eniu produktivity a prev\u00e1dzkovej efekt\u00edvnosti.<\/p>\n<p>Celkovo pon\u00faka obr\u00e1ten\u00fd teleskopick\u00fd valec n\u00e1kladovo efekt\u00edvne a spo\u013eahliv\u00e9 rie\u0161enie pre hydraulick\u00e9 syst\u00e9my v priemysle v\u00fdroby pr\u00edvesov a mimo neho. Jeho jedine\u010dn\u00fd dizajn v spojen\u00ed s hydraulick\u00fdmi schopnos\u0165ami z neho rob\u00ed v\u0161estrann\u00fd komponent pre r\u00f4zne aplik\u00e1cie s nosnos\u0165ou. \u010ci u\u017e ide o zdv\u00edhanie pr\u00edvesov, vyrovn\u00e1vanie alebo manipul\u00e1ciu s materi\u00e1lom, obr\u00e1ten\u00fd teleskopick\u00fd valec sa ukazuje ako cenn\u00fd pr\u00ednos pri dosahovan\u00ed efekt\u00edvnej a n\u00e1kladovo efekt\u00edvnej prev\u00e1dzky.<\/p>\n<h3>O hydraulickom valci FMP<\/h3>\n<p>FMP je popredn\u00fdm dod\u00e1vate\u013eom vysokokvalitn\u00fdch hydraulick\u00fdch valcov pre stavebn\u00e9 stroje. Na\u0161e produkty s\u00fa zn\u00e1me svojou odolnos\u0165ou, spo\u013eahlivos\u0165ou a vynikaj\u00facim v\u00fdkonom. Tu je nieko\u013eko d\u00f4vodov, pre\u010do by ste si mali vybra\u0165 hydraulick\u00fd valec FMP pre va\u0161e potreby v oblasti stavebn\u00fdch strojov:<\/p>\n<p>1. Kvalita: Na\u0161e hydraulick\u00e9 valce s\u00fa vyroben\u00e9 z vysoko kvalitn\u00fdch materi\u00e1lov, ktor\u00e9 zaru\u010duj\u00fa ich dlhotrvaj\u00facu \u017eivotnos\u0165 a vynikaj\u00faci v\u00fdkon.<\/p>\n<p>2. \u0160irok\u00fd sortiment produktov: FMP pon\u00faka r\u00f4zne hydraulick\u00e9 valce pre r\u00f4zne typy stavebn\u00fdch strojov vr\u00e1tane nastavite\u013en\u00fdch valcov s vidlicov\u00fdm uchyten\u00edm (pozri obr\u00e1zok ni\u017e\u0161ie), valcov s \u010dapom, zv\u00e1ran\u00fdch valcov a mnoh\u00fdch \u010fal\u0161\u00edch.<\/p>\n<p><img decoding=\"async\" src=\"https:\/\/fmp-components.com\/wp-content\/uploads\/2024\/12\/Adjustable-Clevis-Type-Cylinders-6.webp\" alt=\"Nastavite\u013en\u00fd valec typu Clevis\" width=\"822\" title=\"\"><\/p>\n<p>3. Konkuren\u010dn\u00e9 ceny: FMP pon\u00faka svoje produkty za vysoko konkurencieschopn\u00e9 ceny, v\u010faka \u010domu s\u00fa dostupn\u00e9 \u0161irok\u00e9mu spektru z\u00e1kazn\u00edkov.<\/p>\n<p>4. Profesion\u00e1lny t\u00edm: N\u00e1\u0161 sk\u00fasen\u00fd obchodn\u00fd t\u00edm m\u00e1 znalosti o odvetv\u00ed stavebn\u00fdch strojov a m\u00f4\u017ee z\u00e1kazn\u00edkom poskytn\u00fa\u0165 odborn\u00e9 poradenstvo a podporu.<\/p>\n<p>5. Efekt\u00edvna logistika: M\u00e1me dobre zaveden\u00fd logistick\u00fd distribu\u010dn\u00fd syst\u00e9m, ktor\u00fd zabezpe\u010duje v\u010dasn\u00e9 a presn\u00e9 dodanie produktov z\u00e1kazn\u00edkom.<\/p>\n<p>Stru\u010dne povedan\u00e9, hydraulick\u00fd valec FMP je spo\u013eahlivou a d\u00f4veryhodnou vo\u013ebou pre v\u0161etky va\u0161e potreby v oblasti stavebn\u00fdch strojov. Kontaktujte n\u00e1s e\u0161te dnes a dozviete sa viac o na\u0161ich produktoch a slu\u017eb\u00e1ch.<\/p>\n<p>Autor: CX<\/p>","protected":false},"excerpt":{"rendered":"<p>Cost Effective Trailer Telescopic Cylinder Hydraulic is a top-quality hydraulic cylinder that is primarily designed to meet the needs of the trailer industry. This product is manufactured using the latest technology and high-quality materials, making it durable, efficient, and reliable. The hydraulic cylinder is well-suited for various applications, including dump trailers, refuse equipment, and live [&hellip;]<\/p>","protected":false},"featured_media":1642,"comment_status":"closed","ping_status":"closed","template":"","meta":{"_et_pb_use_builder":"","_et_pb_old_content":"","_et_gb_content_width":""},"product_brand":[],"product_cat":[45],"product_tag":[34,48],"class_list":{"0":"post-1641","1":"product","2":"type-product","3":"status-publish","4":"has-post-thumbnail","6":"product_cat-inverted-telescopic-cylinder","7":"product_tag-hydraulic-cylinder","8":"product_tag-inverted-telescopic-cylinder","10":"first","11":"instock","12":"product-type-simple"},"_links":{"self":[{"href":"https:\/\/fmp-components.com\/sk\/wp-json\/wp\/v2\/product\/1641","targetHints":{"allow":["GET"]}}],"collection":[{"href":"https:\/\/fmp-components.com\/sk\/wp-json\/wp\/v2\/product"}],"about":[{"href":"https:\/\/fmp-components.com\/sk\/wp-json\/wp\/v2\/types\/product"}],"replies":[{"embeddable":true,"href":"https:\/\/fmp-components.com\/sk\/wp-json\/wp\/v2\/comments?post=1641"}],"wp:featuredmedia":[{"embeddable":true,"href":"https:\/\/fmp-components.com\/sk\/wp-json\/wp\/v2\/media\/1642"}],"wp:attachment":[{"href":"https:\/\/fmp-components.com\/sk\/wp-json\/wp\/v2\/media?parent=1641"}],"wp:term":[{"taxonomy":"product_brand","embeddable":true,"href":"https:\/\/fmp-components.com\/sk\/wp-json\/wp\/v2\/product_brand?post=1641"},{"taxonomy":"product_cat","embeddable":true,"href":"https:\/\/fmp-components.com\/sk\/wp-json\/wp\/v2\/product_cat?post=1641"},{"taxonomy":"product_tag","embeddable":true,"href":"https:\/\/fmp-components.com\/sk\/wp-json\/wp\/v2\/product_tag?post=1641"}],"curies":[{"name":"pracovn\u00fd list","href":"https:\/\/api.w.org\/{rel}","templated":true}]}}