{"id":1635,"date":"2024-12-23T06:59:20","date_gmt":"2024-12-23T06:59:20","guid":{"rendered":"https:\/\/fmp-components.com\/product\/professional-double-acting-dump-trailer-telescopic-hydraulic-cylinder\/"},"modified":"2024-12-23T08:40:15","modified_gmt":"2024-12-23T08:40:15","slug":"professional-double-acting-dump-trailer-telescopic-hydraulic-cylinder","status":"publish","type":"product","link":"https:\/\/fmp-components.com\/sk\/product\/professional-double-acting-dump-trailer-telescopic-hydraulic-cylinder\/","title":{"rendered":"Profesion\u00e1lny dvoj\u010dinn\u00fd teleskopick\u00fd hydraulick\u00fd valec pre skl\u00e1pacie pr\u00edvesy"},"content":{"rendered":"<p>Profesion\u00e1lny dvoj\u010dinn\u00fd teleskopick\u00fd hydraulick\u00fd valec pre skl\u00e1pacie pr\u00edvesy je vysoko kvalitn\u00fd hydraulick\u00fd valec navrhnut\u00fd \u0161peci\u00e1lne pre skl\u00e1pacie pr\u00edvesy. V\u010faka pokro\u010dil\u00e9mu in\u017einierstvu a odolnej kon\u0161trukcii tento hydraulick\u00fd valec poskytuje spo\u013eahliv\u00fa a efekt\u00edvnu prev\u00e1dzku r\u00f4znych hydraulick\u00fdch syst\u00e9mov.<\/p>\n<p>Jednou z k\u013e\u00fa\u010dov\u00fdch vlastnost\u00ed tohto produktu je jeho dvoj\u010dinn\u00e1 kon\u0161trukcia. To znamen\u00e1, \u017ee dok\u00e1\u017ee generova\u0165 silu v oboch smeroch, \u010do umo\u017e\u0148uje plynul\u00fd a kontrolovan\u00fd pohyb pri vys\u00favan\u00ed a zas\u00favan\u00ed valca. T\u00e1to funkcia je obzvl\u00e1\u0161\u0165 u\u017eito\u010dn\u00e1 pre skl\u00e1pacie n\u00e1vesy, preto\u017ee im umo\u017e\u0148uje \u013eahko zdv\u00edha\u0165 a sp\u00fa\u0161\u0165a\u0165 \u0165a\u017ek\u00e9 bremen\u00e1.<\/p>\n<p>Teleskopick\u00e1 kon\u0161trukcia tohto hydraulick\u00e9ho valca \u010falej zvy\u0161uje jeho funk\u010dnos\u0165. V\u010faka viacer\u00fdm stup\u0148om alebo sekci\u00e1m sa valec m\u00f4\u017ee vys\u00fava\u0165 a zas\u00fava\u0165 do r\u00f4znych d\u013a\u017eok, \u010do poskytuje v\u0161estrann\u00e9 zdv\u00edhacie schopnosti. V\u010faka tomu je vhodn\u00fd pre \u0161irok\u00fa \u0161k\u00e1lu aplik\u00e1ci\u00ed vr\u00e1tane skl\u00e1pac\u00edch n\u00e1vesov r\u00f4znych ve\u013ekost\u00ed a nosnost\u00ed.<\/p>\n<p>Profesion\u00e1lny dvoj\u010dinn\u00fd teleskopick\u00fd hydraulick\u00fd valec pre skl\u00e1pacie pr\u00edvesy je vyroben\u00fd tak, aby odolal n\u00e1ro\u010dn\u00fdm podmienkam. Je vyroben\u00fd z vysoko kvalitn\u00fdch materi\u00e1lov a pon\u00faka vynikaj\u00facu odolnos\u0165 vo\u010di kor\u00f3zii, opotrebovaniu a n\u00e1razom. To zaru\u010duje jeho dlh\u00fa \u017eivotnos\u0165 a spo\u013eahliv\u00fd v\u00fdkon aj v n\u00e1ro\u010dn\u00fdch podmienkach.<\/p>\n<p>In\u0161tal\u00e1cia a \u00fadr\u017eba tohto hydraulick\u00e9ho valca s\u00fa tie\u017e bezprobl\u00e9mov\u00e9. Dod\u00e1va sa s \u013eahko zrozumite\u013en\u00fdmi pokynmi, ktor\u00e9 umo\u017e\u0148uj\u00fa r\u00fdchle a efekt\u00edvne nastavenie. Pravideln\u00e1 \u00fadr\u017eba, ako je mazanie a kontrola, pom\u00f4\u017ee zabezpe\u010di\u0165 jeho optim\u00e1lny v\u00fdkon a pred\u013a\u017ei\u0165 jeho \u017eivotnos\u0165.<\/p>\n<p>Stru\u010dne povedan\u00e9, profesion\u00e1lny dvoj\u010dinn\u00fd teleskopick\u00fd hydraulick\u00fd valec pre skl\u00e1pacie pr\u00edvesy je spo\u013eahliv\u00fdm a efekt\u00edvnym rie\u0161en\u00edm pre skl\u00e1pacie pr\u00edvesy. V\u010faka dvoj\u010dinn\u00e9mu dizajnu, teleskopickej funkcii a odolnej kon\u0161trukcii zabezpe\u010duje plynul\u00e9 a kontrolovan\u00e9 zdv\u00edhanie a sp\u00fa\u0161\u0165anie. \u010ci u\u017e ide o komer\u010dn\u00e9 alebo osobn\u00e9 pou\u017eitie, tento hydraulick\u00fd valec pon\u00faka v\u00fdkon a odolnos\u0165 potrebn\u00fa pre r\u00f4zne hydraulick\u00e9 syst\u00e9my.<\/p>\n<h2>Predstavujeme n\u00e1\u0161 \u0161pi\u010dkov\u00fd profesion\u00e1lny dvoj\u010dinn\u00fd teleskopick\u00fd hydraulick\u00fd valec pre skl\u00e1pacie pr\u00edvesy<\/h2>\n<p>Tento \u00faplne nov\u00fd produkt je vyroben\u00fd s presnos\u0165ou a navrhnut\u00fd pre \u0161irok\u00fa \u0161k\u00e1lu odvetv\u00ed. S hmotnos\u0165ou 78 kg a z\u00e1kladn\u00fdmi komponentmi vr\u00e1tane lo\u017eiska a piestov\u00e9ho valca zaru\u010duje tento produkt v\u00fdnimo\u010dn\u00fd v\u00fdkon. Tento hydraulick\u00fd valec je \u0161tandardn\u00fd obr\u00e1ten\u00fd teleskopick\u00fd valec s oce\u013eov\u00fdm telom a v\u00fdkonn\u00fdm hydraulick\u00fdm syst\u00e9mom. Pon\u00faka maxim\u00e1lny posuv 3000 a maxim\u00e1lny \u0165ah 20 ton, v\u010faka \u010domu je spo\u013eahlivou vo\u013ebou pre n\u00e1ro\u010dn\u00e9 aplik\u00e1cie.<\/p>\n<h2>Vlastnosti teleskopick\u00e9ho hydraulick\u00e9ho valca<\/h2>\n<ul>\n<li>1-ro\u010dn\u00e1 z\u00e1ruka na z\u00e1kladn\u00e9 komponenty<\/li>\n<li>Certifik\u00e1cia ISO9001:2000<\/li>\n<li>Oce\u013eov\u00fd materi\u00e1l tela pre robustnos\u0165<\/li>\n<li>Maxim\u00e1lny \u0165ah 3000 a maxim\u00e1lny \u0165ah 20 ton<\/li>\n<li>Rozsah ve\u013ekost\u00ed otvoru od 2 do 6 palcov a ve\u013ekosti ty\u010de od 1,125 do 4 palcov<\/li>\n<\/ul>\n<p><img decoding=\"async\" src=\"https:\/\/hzpt.com\/wp-content\/uploads\/2023\/11\/Inverted-Telescopic-Cylinder-7.webp\" alt=\"\" title=\"\"><\/p>\n<h2>Aplik\u00e1cie teleskopick\u00e9ho hydraulick\u00e9ho valca<\/h2>\n<ul>\n<li>V\u00fdrobn\u00e9 z\u00e1vody<\/li>\n<li>Opravovne strojov<\/li>\n<li>Farmy<\/li>\n<li>Energetick\u00e9 a \u0165a\u017eobn\u00e9 spolo\u010dnosti<\/li>\n<li>V\u00fdroba strojov a stroj\u00e1rne<\/li>\n<\/ul>\n<p><img decoding=\"async\" src=\"https:\/\/hzpt.com\/wp-content\/uploads\/2023\/11\/Inverted-Telescopic-Cylinder-Applications.webp\" alt=\"Aplik\u00e1cie invertovan\u00e9ho teleskopick\u00e9ho valca\" title=\"\"><\/p>\n<h2>Princ\u00edp \u010dinnosti a \u00fadr\u017eba hydraulick\u00e9ho valca<\/h2>\n<p>Hydraulick\u00fd valec funguje na princ\u00edpe n\u00e1sobenia sily prostredn\u00edctvom tlaku hydraulickej kvapaliny. Hydraulick\u00e1 kvapalina je priv\u00e1dzan\u00e1, \u010do m\u00e1 za n\u00e1sledok v\u00fdstupn\u00fa silu. Pre \u00fadr\u017ebu je potrebn\u00e1 pravideln\u00e1 kontrola, \u010distenie a mazanie. Pravideln\u00e9 kontroly a opravy zabezpe\u010duj\u00fa dlh\u00fa \u017eivotnos\u0165 produktu, zatia\u013e \u010do v\u00fdmena tesnen\u00ed zabezpe\u010duje integritu syst\u00e9mu. Dodr\u017eiavanie n\u00e1vodu na obsluhu je k\u013e\u00fa\u010dov\u00e9 pre udr\u017eanie v\u00fdkonu a dlhej \u017eivotnosti produktu.<\/p>\n<p><img decoding=\"async\" src=\"https:\/\/hzpt.com\/wp-content\/uploads\/2023\/11\/Inverted-Telescopic-Cylinder-24.webp\" alt=\"\" title=\"\"><\/p>\n<h2>Invertovan\u00fd teleskopick\u00fd valec<\/h2>\n<p>Hydraulick\u00fd valec je mechanick\u00fd aktu\u00e1tor, ktor\u00fd sa pou\u017e\u00edva na zabezpe\u010denie line\u00e1rnej sily pomocou hydraulickej kvapaliny. Jedn\u00fdm typom hydraulick\u00e9ho valca je obr\u00e1ten\u00fd teleskopick\u00fd valec, ktor\u00fd sa be\u017ene pou\u017e\u00edva v aplik\u00e1ci\u00e1ch, ako s\u00fa napr\u00edklad skl\u00e1pacie n\u00e1vesy. V tomto blogovom pr\u00edspevku presk\u00famame vlastnosti a funkcie obr\u00e1ten\u00e9ho teleskopick\u00e9ho valca a podrobne rozoberieme jeho v\u00fdhody a aplik\u00e1cie.<\/p>\n<p><strong>Vlastnosti:<\/strong><\/p>\n<ul>\n<li>Invertovan\u00fd teleskopick\u00fd valec, tie\u017e zn\u00e1my ako dvoj\u010dinn\u00fd teleskopick\u00fd hydraulick\u00fd valec pre skl\u00e1pacie pr\u00edvesy, pozost\u00e1va z viacer\u00fdch stup\u0148ov alebo sekci\u00ed, ktor\u00e9 sa do seba zas\u00favaj\u00fa.<\/li>\n<li>Ka\u017ed\u00e1 \u010das\u0165 valca sa naz\u00fdva stupe\u0148 a zvy\u010dajne je vyroben\u00e1 z vysoko kvalitnej ocele, aby sa zabezpe\u010dila pevnos\u0165 a odolnos\u0165.<\/li>\n<li>Valec je navrhnut\u00fd tak, aby sa zasunul do seba, \u010do umo\u017e\u0148uje kompaktn\u00fd a priestorovo \u00fasporn\u00fd dizajn.<\/li>\n<li>Je schopn\u00fd tla\u010di\u0165 aj \u0165aha\u0165 bremen\u00e1, v\u010faka \u010domu je v\u0161estrann\u00fdm rie\u0161en\u00edm pre r\u00f4zne aplik\u00e1cie.<\/li>\n<\/ul>\n<p><strong>Funkcie:<\/strong><\/p>\n<p>Invertovan\u00fd teleskopick\u00fd valec funguje na princ\u00edpe vyu\u017eitia hydraulick\u00e9ho tlaku na vys\u00favanie a zas\u00favanie stup\u0148ov. Ke\u010f sa hydraulick\u00e1 kvapalina vstrekuje do valca, vytv\u00e1ra sa tlak, ktor\u00fd tla\u010d\u00ed na piest, \u010do sp\u00f4sobuje vys\u00favanie stup\u0148ov. Naopak, ke\u010f sa kvapalina uvo\u013en\u00ed alebo vstrekuje v opa\u010dnom smere, stupne sa zasun\u00fa sp\u00e4\u0165 do valca. Tento vratn\u00fd pohyb umo\u017e\u0148uje presn\u00e9 ovl\u00e1danie a plynul\u00fd chod valca.<\/p>\n<p><strong>V\u00fdhody:<\/strong><\/p>\n<ul>\n<li>Invertovan\u00fd teleskopick\u00fd valec pon\u00faka vysok\u00fd pomer v\u00fdkonu a hmotnosti, v\u010faka \u010domu je ide\u00e1lny pre aplik\u00e1cie s obmedzenou hmotnos\u0165ou a priestorom.<\/li>\n<li>Poskytuje vynikaj\u00facu nosnos\u0165, \u010do umo\u017e\u0148uje efekt\u00edvne zdv\u00edhanie a sp\u00fa\u0161\u0165anie \u0165a\u017ek\u00fdch bremien.<\/li>\n<li>V\u010faka kompaktn\u00e9mu dizajnu sa d\u00e1 \u013eahko nain\u0161talova\u0165 a integrova\u0165 do r\u00f4znych syst\u00e9mov alebo zariaden\u00ed.<\/li>\n<li>Dvoj\u010dinn\u00fd mechanizmus valca umo\u017e\u0148uje vykon\u00e1va\u0165 \u00falohy v oboch smeroch, \u010d\u00edm sa zvy\u0161uje jeho celkov\u00e1 \u00fa\u010dinnos\u0165 a produktivita.<\/li>\n<\/ul>\n<p><strong>Aplik\u00e1cie:<\/strong><\/p>\n<p>Invertovan\u00fd teleskopick\u00fd valec nach\u00e1dza \u0161irok\u00e9 uplatnenie v skl\u00e1pac\u00edch n\u00e1vesoch, kde je zodpovedn\u00fd za zdv\u00edhanie a sp\u00fa\u0161\u0165anie korby pr\u00edvesu na vykladanie materi\u00e1lov. Jeho schopnos\u0165 generova\u0165 vysok\u00fa silu a odol\u00e1va\u0165 \u0165a\u017ek\u00fdm n\u00e1kladom z neho rob\u00ed ide\u00e1lnu vo\u013ebu pre t\u00fato aplik\u00e1ciu. Okrem toho sa pou\u017e\u00edva aj v r\u00f4znych in\u00fdch odvetviach vr\u00e1tane stavebn\u00edctva, po\u013enohospod\u00e1rstva a odpadov\u00e9ho hospod\u00e1rstva, kde s\u00fa potrebn\u00e9 \u00falohy zdv\u00edhania a polohovania.<\/p>\n<p>Z\u00e1verom mo\u017eno poveda\u0165, \u017ee inverzn\u00fd teleskopick\u00fd valec, zn\u00e1my aj ako dvoj\u010dinn\u00fd teleskopick\u00fd hydraulick\u00fd valec pre skl\u00e1pacie pr\u00edvesy, pon\u00faka kompaktn\u00fd dizajn, vynikaj\u00facu nosnos\u0165 a v\u0161estrann\u00fa funk\u010dnos\u0165. Jeho pou\u017eitie v skl\u00e1pac\u00edch pr\u00edvesoch a in\u00fdch odvetviach dokazuje jeho \u00fa\u010dinnos\u0165 a spo\u013eahlivos\u0165. \u010ci u\u017e ide o zdv\u00edhanie \u0165a\u017ek\u00fdch bremien alebo zabezpe\u010denie presn\u00e9ho ovl\u00e1dania, tento hydraulick\u00fd valec sl\u00fa\u017ei ako k\u013e\u00fa\u010dov\u00e1 s\u00fa\u010das\u0165 r\u00f4znych hydraulick\u00fdch syst\u00e9mov.<\/p>\n<h3>O FMP<\/h3>\n<p><img decoding=\"async\" src=\"https:\/\/fmp-components.com\/wp-content\/uploads\/2024\/12\/Adjustable-Clevis-Type-Cylinders-6.webp\" alt=\"Nastavite\u013en\u00fd valec typu Clevis\" width=\"819\" title=\"\"><\/p>\n<p>FMP je popredn\u00e1 spolo\u010dnos\u0165 \u0161pecializuj\u00faca sa na v\u00fdrobu a predaj hydraulick\u00fdch valcov. V\u010faka na\u0161im rozsiahlym sk\u00fasenostiam v odvetv\u00ed a profesion\u00e1lnemu t\u00edmu sa venujeme poskytovaniu vysoko kvalitn\u00fdch a spo\u013eahliv\u00fdch hydraulick\u00fdch valcov pre r\u00f4zne aplik\u00e1cie stavebn\u00fdch strojov.<\/p>\n<p>1. \u0160irok\u00fd sortiment produktov:<br \/>\nPon\u00fakame \u0161irok\u00fd sortiment hydraulick\u00fdch valcov, ktor\u00e9 uspokoja r\u00f4zne potreby stavebn\u00fdch strojov. N\u00e1\u0161 sortiment zah\u0155\u0148a nastavite\u013en\u00e9 valce s vidlicov\u00fdm z\u00e1vesom, zv\u00e1ran\u00e9 valce, teleskopick\u00e9 valce a \u010fal\u0161ie. Tento rozsiahly sortiment zaru\u010duje, \u017ee m\u00e1me ten spr\u00e1vny hydraulick\u00fd valec pre va\u0161e \u0161pecifick\u00e9 po\u017eiadavky.<\/p>\n<p>2. Vynikaj\u00faca kvalita:<br \/>\nV spolo\u010dnosti FMP kladieme d\u00f4raz na kvalitu a zabezpe\u010dujeme, aby v\u0161etky na\u0161e hydraulick\u00e9 valce sp\u013a\u0148ali pr\u00edsne normy kvality. Vybudovali sme si dlhodob\u00e9 a stabiln\u00e9 vz\u0165ahy s vysokokvalitn\u00fdmi dod\u00e1vate\u013emi na dom\u00e1com aj medzin\u00e1rodnom trhu. To n\u00e1m umo\u017e\u0148uje z\u00edskava\u0165 tie najkvalitnej\u0161ie materi\u00e1ly a komponenty, v\u00fdsledkom \u010doho s\u00fa hydraulick\u00e9 valce, ktor\u00e9 s\u00fa odoln\u00e9, efekt\u00edvne a spo\u013eahliv\u00e9.<\/p>\n<p>3. Profesion\u00e1lny obchodn\u00fd t\u00edm:<br \/>\nN\u00e1\u0161 sk\u00fasen\u00fd a kvalifikovan\u00fd obchodn\u00fd t\u00edm m\u00e1 hlbok\u00e9 znalosti o odvetv\u00ed stavebn\u00fdch strojov. Sleduje najnov\u0161ie trendy v tomto odvetv\u00ed a rozumie \u0161pecifick\u00fdm potreb\u00e1m na\u0161ich z\u00e1kazn\u00edkov. V\u010faka svojim odborn\u00fdm znalostiam poskytuje profesion\u00e1lne poradenstvo oh\u013eadom produktov a nasmeruje v\u00e1s k hydraulick\u00e9mu valcu, ktor\u00fd najlep\u0161ie vyhovuje va\u0161im po\u017eiadavk\u00e1m.<\/p>\n<p>4. N\u00e1vrhy na inteligentn\u00fd n\u00e1kup:<br \/>\nCh\u00e1peme, \u017ee ka\u017ed\u00fd z\u00e1kazn\u00edk m\u00e1 jedine\u010dn\u00e9 potreby, a preto n\u00e1\u0161 obchodn\u00fd t\u00edm vynaklad\u00e1 maxim\u00e1lne \u00fasilie, aby v\u00e1m pon\u00fakol inteligentn\u00e9 n\u00e1vrhy na n\u00e1kup. Zoh\u013ead\u0148uj\u00fa faktory, ako s\u00fa po\u017eiadavky aplik\u00e1cie, rozpo\u010dtov\u00e9 obmedzenia a po\u017eiadavky projektu, aby odporu\u010dili najvhodnej\u0161\u00ed hydraulick\u00fd valec. Tento personalizovan\u00fd pr\u00edstup zaru\u010duje, \u017ee sa rozhodnete informovane a n\u00e1jdete spr\u00e1vne rie\u0161enie pre hydraulick\u00fd valec.<\/p>\n<p>5. Efekt\u00edvna logistick\u00e1 distrib\u00facia:<br \/>\nSme hrd\u00ed na n\u00e1\u0161 efekt\u00edvny logistick\u00fd distribu\u010dn\u00fd syst\u00e9m, ktor\u00fd zabezpe\u010duje v\u010dasn\u00e9 a presn\u00e9 dodanie hydraulick\u00fdch valcov na\u0161im z\u00e1kazn\u00edkom. V\u010faka n\u00e1\u0161mu dobre organizovan\u00e9mu dod\u00e1vate\u013esk\u00e9mu re\u0165azcu v\u00e1m garantujeme, \u017ee po\u017eadovan\u00e9 hydraulick\u00e9 valce dostanete v\u010das, \u010d\u00edm sa minimalizuj\u00fa ak\u00e9ko\u013evek oneskorenia alebo preru\u0161enia va\u0161ich stavebn\u00fdch projektov.<\/p>\n<p>Spojte sa s FMP a z\u00edskajte hydraulick\u00e9 valce najvy\u0161\u0161ej kvality, ktor\u00e9 s\u00fa podlo\u017een\u00e9 odborn\u00fdmi znalos\u0165ami v danom odvetv\u00ed, vynikaj\u00facou kvalitou a efekt\u00edvnym servisom. Kontaktujte n\u00e1s e\u0161te dnes a preberte s nami svoje po\u017eiadavky na stavebn\u00e9 stroje a za\u017eite rozdiel, ktor\u00fd pon\u00faka FMP.<\/p>\n<p>Autor: CX<\/p>","protected":false},"excerpt":{"rendered":"<p>Profesion\u00e1lny dvoj\u010dinn\u00fd teleskopick\u00fd hydraulick\u00fd valec pre skl\u00e1pacie pr\u00edvesy je vysoko kvalitn\u00fd hydraulick\u00fd valec navrhnut\u00fd \u0161peci\u00e1lne pre skl\u00e1pacie pr\u00edvesy. V\u010faka pokro\u010dil\u00e9mu in\u017einierstvu a odolnej kon\u0161trukcii tento hydraulick\u00fd valec poskytuje spo\u013eahliv\u00fa a efekt\u00edvnu prev\u00e1dzku r\u00f4znych hydraulick\u00fdch syst\u00e9mov. Jednou z k\u013e\u00fa\u010dov\u00fdch vlastnost\u00ed tohto produktu je jeho dvoj\u010dinn\u00e1 kon\u0161trukcia. To znamen\u00e1, \u017ee m\u00f4\u017ee [\u2026]<\/p>","protected":false},"featured_media":1636,"comment_status":"closed","ping_status":"closed","template":"","meta":{"_et_pb_use_builder":"","_et_pb_old_content":"","_et_gb_content_width":""},"product_brand":[],"product_cat":[45],"product_tag":[34,48],"class_list":{"0":"post-1635","1":"product","2":"type-product","3":"status-publish","4":"has-post-thumbnail","6":"product_cat-inverted-telescopic-cylinder","7":"product_tag-hydraulic-cylinder","8":"product_tag-inverted-telescopic-cylinder","10":"first","11":"instock","12":"product-type-simple"},"_links":{"self":[{"href":"https:\/\/fmp-components.com\/sk\/wp-json\/wp\/v2\/product\/1635","targetHints":{"allow":["GET"]}}],"collection":[{"href":"https:\/\/fmp-components.com\/sk\/wp-json\/wp\/v2\/product"}],"about":[{"href":"https:\/\/fmp-components.com\/sk\/wp-json\/wp\/v2\/types\/product"}],"replies":[{"embeddable":true,"href":"https:\/\/fmp-components.com\/sk\/wp-json\/wp\/v2\/comments?post=1635"}],"wp:featuredmedia":[{"embeddable":true,"href":"https:\/\/fmp-components.com\/sk\/wp-json\/wp\/v2\/media\/1636"}],"wp:attachment":[{"href":"https:\/\/fmp-components.com\/sk\/wp-json\/wp\/v2\/media?parent=1635"}],"wp:term":[{"taxonomy":"product_brand","embeddable":true,"href":"https:\/\/fmp-components.com\/sk\/wp-json\/wp\/v2\/product_brand?post=1635"},{"taxonomy":"product_cat","embeddable":true,"href":"https:\/\/fmp-components.com\/sk\/wp-json\/wp\/v2\/product_cat?post=1635"},{"taxonomy":"product_tag","embeddable":true,"href":"https:\/\/fmp-components.com\/sk\/wp-json\/wp\/v2\/product_tag?post=1635"}],"curies":[{"name":"pracovn\u00fd list","href":"https:\/\/api.w.org\/{rel}","templated":true}]}}