{"id":1633,"date":"2024-12-23T06:59:20","date_gmt":"2024-12-23T06:59:20","guid":{"rendered":"https:\/\/fmp-components.com\/product\/hot-sale-dump-truck-4-stage-hydraulic-cylinder-trailer-hydraulic-cylinder\/"},"modified":"2024-12-23T08:34:41","modified_gmt":"2024-12-23T08:34:41","slug":"hot-sale-dump-truck-4-stage-hydraulic-cylinder-trailer-hydraulic-cylinder","status":"publish","type":"product","link":"https:\/\/fmp-components.com\/sk\/product\/hot-sale-dump-truck-4-stage-hydraulic-cylinder-trailer-hydraulic-cylinder\/","title":{"rendered":"Hor\u00faci v\u00fdpredaj skl\u00e1pa\u010da 4-stup\u0148ov\u00fd hydraulick\u00fd valec pr\u00edvesu Hydraulick\u00fd valec"},"content":{"rendered":"<p>V\u00fdpredajov\u00fd 4-stup\u0148ov\u00fd hydraulick\u00fd valec pre pr\u00edvesy skl\u00e1pa\u010dov je v\u00fdnimo\u010dn\u00fd produkt, ktor\u00fd je navrhnut\u00fd tak, aby pon\u00fakal bezkonkuren\u010dn\u00fd hydraulick\u00fd v\u00fdkon. Je to vysoko \u00fa\u010dinn\u00fd a spo\u013eahliv\u00fd hydraulick\u00fd valec, ktor\u00fd je ide\u00e1lny na pou\u017eitie v skl\u00e1pa\u010doch, pr\u00edvesoch a in\u00fdch \u0165a\u017ek\u00fdch aplik\u00e1ci\u00e1ch.<\/p>\n<p>Tento hydraulick\u00fd valec sa vyzna\u010duje 4-stup\u0148ovou kon\u0161trukciou, ktor\u00e1 je optimalizovan\u00e1 pre maxim\u00e1lny v\u00fdkon a \u00fa\u010dinnos\u0165. Valec je vyroben\u00fd z vysoko kvalitn\u00fdch materi\u00e1lov, ktor\u00e9 s\u00fa navrhnut\u00e9 tak, aby odolali extr\u00e9mnemu tlaku a vysok\u00fdm za\u0165a\u017eeniam. Je tie\u017e vybaven\u00fd radom pokro\u010dil\u00fdch funkci\u00ed, ktor\u00e9 u\u013eah\u010duj\u00fa jeho pou\u017e\u00edvanie a \u00fadr\u017ebu.<\/p>\n<p>Jednou z k\u013e\u00fa\u010dov\u00fdch v\u00fdhod hor\u00faceho v\u00fdpredajov\u00e9ho 4-stup\u0148ov\u00e9ho hydraulick\u00e9ho valca pre skl\u00e1pa\u010de a pr\u00edvesy je jeho v\u00fdnimo\u010dn\u00e1 odolnos\u0165. Valec je vyroben\u00fd pre dlh\u00fa \u017eivotnos\u0165 s robustnou kon\u0161trukciou, ktor\u00e1 vydr\u017e\u00ed aj tie naj\u0165a\u017e\u0161ie pracovn\u00e9 podmienky. Je tie\u017e vysoko odoln\u00fd vo\u010di opotrebovaniu, \u010do zaru\u010duje, \u017ee bude spo\u013eahlivo fungova\u0165 po mnoho rokov.<\/p>\n<p>Okrem svojej odolnosti je tento hydraulick\u00fd valec aj neuverite\u013ene v\u0161estrann\u00fd. M\u00f4\u017ee by\u0165 pou\u017eit\u00fd v \u0161irokej \u0161k\u00e1le aplik\u00e1ci\u00ed, od skl\u00e1pa\u010dov a pr\u00edvesov a\u017e po \u017eeriavy a \u0165a\u017ek\u00e9 stroje. Jeho pokro\u010dil\u00fd dizajn a funkcie umo\u017e\u0148uj\u00fa jednoduch\u00e9 prisp\u00f4sobenie a adapt\u00e1ciu na r\u00f4zne pracovn\u00e9 prostredia a po\u017eiadavky.<\/p>\n<p>Celkovo je hor\u00faco predajn\u00fd 4-stup\u0148ov\u00fd hydraulick\u00fd valec pre pr\u00edvesy a skl\u00e1pa\u010de v\u00fdnimo\u010dn\u00fdm produktom, ktor\u00fd pon\u00faka bezkonkuren\u010dn\u00fd hydraulick\u00fd v\u00fdkon. Ak h\u013ead\u00e1te spo\u013eahliv\u00fd a efekt\u00edvny hydraulick\u00fd valec pre n\u00e1ro\u010dn\u00e9 aplik\u00e1cie, tento produkt je perfektnou vo\u013ebou.<\/p>\n<h2>Predstavujeme nov\u00fd hor\u00faci v\u00fdpredajov\u00fd hydraulick\u00fd valec pre 4-stup\u0148ov\u00fd hydraulick\u00fd valec pre pr\u00edves<\/h2>\n<p>Objavte najnov\u0161\u00ed pr\u00edrastok do na\u0161ej produktovej rady \u2013 4-stup\u0148ov\u00fd hydraulick\u00fd valec pre pr\u00edvesy, ide\u00e1lny pre skl\u00e1pa\u010de. Tento robustn\u00fd a vysoko kvalitn\u00fd hydraulick\u00fd valec sa dod\u00e1va s ro\u010dnou z\u00e1rukou, v\u010faka \u010domu je spo\u013eahlivou vo\u013ebou pre odvetvia ako v\u00fdroba, opravy strojov, po\u013enohospod\u00e1rstvo, energetika a ban\u00edctvo. Je to nov\u00fd produkt pre rok 2023 a je vybaven\u00fd z\u00e1kladn\u00fdmi komponentmi, ako s\u00fa lo\u017eisk\u00e1 a piestov\u00fd valec, ktor\u00e9 s\u00fa v\u0161etky zabudovan\u00e9 v pevnom oce\u013eovom tele. Jednotka m\u00e1 celkov\u00fa hmotnos\u0165 78 kg a dod\u00e1va sa s podrobn\u00fdm videom z v\u00fdstupnej kontroly a spr\u00e1vou o sk\u00fa\u0161ke stroja, \u010do zaru\u010duje, \u017ee sp\u013a\u0148a najvy\u0161\u0161ie \u0161tandardy.<\/p>\n<h2>Vlastnosti 4-stup\u0148ov\u00e9ho hydraulick\u00e9ho valca pre pr\u00edves<\/h2>\n<p><img decoding=\"async\" src=\"https:\/\/hzpt.com\/wp-content\/uploads\/2023\/11\/Inverted-Telescopic-Cylinder-6.webp\" alt=\"4-stup\u0148ov\u00fd hydraulick\u00fd valec Hydraulick\u00fd valec pr\u00edvesu\" title=\"\"><\/p>\n<p>Tento hydraulick\u00fd valec m\u00e1 r\u00f4zne vlastnosti, ktor\u00e9 ho odli\u0161uj\u00fa:<\/p>\n<ul>\n<li>\u0160tandardn\u00e1 kon\u0161trukcia piestov\u00e9ho valca poh\u00e1\u0148an\u00e1 hydraulikou<\/li>\n<li>Maxim\u00e1lny \u0165ah 3000<\/li>\n<li>Invertovan\u00e9 teleskopick\u00e9 valce<\/li>\n<li>Porty dostupn\u00e9 v G\/SAE\/NPT\/M<\/li>\n<li>Maxim\u00e1lna \u0165a\u017en\u00e1 kapacita 20 ton<\/li>\n<\/ul>\n<h2>Pou\u017eitie 4-stup\u0148ov\u00e9ho hydraulick\u00e9ho valca pre pr\u00edves<\/h2>\n<p><img decoding=\"async\" src=\"https:\/\/hzpt.com\/wp-content\/uploads\/2023\/11\/Inverted-Telescopic-Cylinder-Applications.webp\" alt=\"Aplik\u00e1cie invertovan\u00e9ho teleskopick\u00e9ho valca\" title=\"\"><\/p>\n<p>V\u010faka svojej robustnej kon\u0161trukcii a po\u010detn\u00fdm funkci\u00e1m je 4-stup\u0148ov\u00fd hydraulick\u00fd valec pre pr\u00edvesy vhodn\u00fd pre \u0161irok\u00fa \u0161k\u00e1lu odvetv\u00ed vr\u00e1tane:<\/p>\n<ul>\n<li>V\u00fdrobn\u00e9 z\u00e1vody<\/li>\n<li>Opravovne strojov<\/li>\n<li>Farmy<\/li>\n<li>Energetick\u00fd a \u0165a\u017eobn\u00fd priemysel<\/li>\n<li>Stroj\u00e1rske tov\u00e1rne<\/li>\n<\/ul>\n<p><img decoding=\"async\" src=\"https:\/\/hzpt.com\/wp-content\/uploads\/2023\/11\/Inverted-Telescopic-Cylinder-24.webp\" alt=\"Hydraulick\u00e9 stroje HZPT\" title=\"\"><\/p>\n<h2>Invertovan\u00fd teleskopick\u00fd valec<\/h2>\n<p>Invertovan\u00fd teleskopick\u00fd valec, tie\u017e zn\u00e1my ako hydraulick\u00fd piest, je hydraulick\u00fd aktu\u00e1tor, ktor\u00fd sa be\u017ene pou\u017e\u00edva v r\u00f4znych odvetviach pre n\u00e1ro\u010dn\u00e9 aplik\u00e1cie. Tento typ valca sa vyzna\u010duje jedine\u010dnou kon\u0161trukciou, ktor\u00e1 umo\u017e\u0148uje vys\u00favanie aj zas\u00favanie, v\u010faka \u010domu je ide\u00e1lny pre \u00falohy, ktor\u00e9 vy\u017eaduj\u00fa presn\u00e9 ovl\u00e1danie a vysok\u00fa silu.<\/p>\n<p>Jednou z k\u013e\u00fa\u010dov\u00fdch v\u00fdhod invertovan\u00e9ho teleskopick\u00e9ho valca je jeho schopnos\u0165 poskytn\u00fa\u0165 ve\u013ek\u00fa silu v r\u00e1mci kompaktnej kon\u0161trukcie. To sa dosahuje pou\u017eit\u00edm viacer\u00fdch stup\u0148ov, kde ka\u017ed\u00fd stupe\u0148 pozost\u00e1va z piestu a valca. Stupne s\u00fa vlo\u017een\u00e9 do seba, pri\u010dom najv\u00e4\u010d\u0161\u00ed stupe\u0148 je dole a najmen\u0161\u00ed stupe\u0148 hore. Ke\u010f sa na\u0148 aplikuje hydraulick\u00fd tlak, piestna ty\u010d sa vysunie a stupne sa rozlo\u017eia, \u010do vedie k teleskopick\u00e9mu pohybu.<\/p>\n<p>Hydraulick\u00fd valec pre pr\u00edvesy so 4 stup\u0148ami sa be\u017ene pou\u017e\u00edva v skl\u00e1pa\u010doch, kde zohr\u00e1va k\u013e\u00fa\u010dov\u00fa \u00falohu v mechanizme nakl\u00e1pania. Valec je namontovan\u00fd vodorovne na boku korby n\u00e1kladn\u00e9ho vozidla a je spojen\u00fd s r\u00e1mom a korbou. Ke\u010f sa do valca priv\u00e1dza hydraulick\u00e1 kvapalina, piestna ty\u010d sa vysunie, tla\u010d\u00ed korbu nahor a umo\u017e\u0148uje vylo\u017eenie obsahu.<\/p>\n<p>Okrem skl\u00e1pa\u010dov sa inverzn\u00e9 teleskopick\u00e9 valce pou\u017e\u00edvaj\u00fa aj v in\u00fdch aplik\u00e1ci\u00e1ch, ako s\u00fa stavebn\u00e9 stroje a po\u013enohospod\u00e1rske stroje. V\u010faka svojej v\u0161estrannosti a schopnosti poskytova\u0165 vysok\u00fd pomer sily k ve\u013ekosti s\u00fa vhodn\u00e9 na \u00falohy, ktor\u00e9 vy\u017eaduj\u00fa zdv\u00edhanie, tla\u010denie alebo \u0165ahanie \u0165a\u017ek\u00fdch bremien.<\/p>\n<p>Dizajn a kon\u0161trukcia inverzn\u00e9ho teleskopick\u00e9ho valca s\u00fa k\u013e\u00fa\u010dov\u00e9 pre jeho v\u00fdkon a spo\u013eahlivos\u0165. Zvy\u010dajne sa vyr\u00e1ba z vysoko kvalitn\u00fdch materi\u00e1lov, ako je oce\u013e alebo hlin\u00edk, aby odolal n\u00e1ro\u010dn\u00fdm prev\u00e1dzkov\u00fdm podmienkam. Valec je utesnen\u00fd, aby sa zabr\u00e1nilo \u00faniku hydraulickej kvapaliny, a je vybaven\u00fd hydraulick\u00fdmi pripojeniami pre jednoduch\u00fa integr\u00e1ciu do hydraulick\u00fdch syst\u00e9mov.<\/p>\n<p>Celkovo je obr\u00e1ten\u00fd teleskopick\u00fd valec v\u00fdkonn\u00fd hydraulick\u00fd aktu\u00e1tor, ktor\u00fd pon\u00faka presn\u00e9 ovl\u00e1danie, vysok\u00fa silu a kompaktn\u00fd dizajn. Jeho jedine\u010dn\u00fd teleskopick\u00fd pohyb umo\u017e\u0148uje efekt\u00edvnu prev\u00e1dzku v r\u00f4znych aplik\u00e1ci\u00e1ch. \u010ci u\u017e sa pou\u017e\u00edva v skl\u00e1pa\u010doch, stavebn\u00fdch strojoch alebo po\u013enohospod\u00e1rskych strojoch, obr\u00e1ten\u00fd teleskopick\u00fd valec je nevyhnutnou s\u00fa\u010das\u0165ou, ktor\u00e1 prispieva k hladk\u00e9mu a efekt\u00edvnemu chodu t\u00fdchto strojov.<\/p>\n<h3>O FMP<\/h3>\n<p>FMP je spolo\u010dnos\u0165, ktor\u00e1 sa \u0161pecializuje na v\u00fdrobu a predaj hydraulick\u00fdch valcov. S\u00eddlime v Taliansku, m\u00e1me dlhoro\u010dn\u00e9 sk\u00fasenosti v odvetv\u00ed stavebn\u00fdch strojov a profesion\u00e1lny t\u00edm, ktor\u00fd sa venuje poskytovaniu vysoko kvalitn\u00fdch a spo\u013eahliv\u00fdch produktov a slu\u017eieb.<\/p>\n<p><img decoding=\"async\" src=\"https:\/\/fmp-components.com\/wp-content\/uploads\/2024\/12\/Adjustable-Clevis-Type-Cylinders-6.webp\" alt=\"Nastavite\u013en\u00fd valec typu Clevis\" width=\"818\" title=\"\"><\/p>\n<p>Tu je p\u00e4\u0165 d\u00f4vodov, pre\u010do by ste si mali pre svoje potreby v oblasti hydraulick\u00fdch valcov vybra\u0165 FMP:<\/p>\n<ol>\n<li>\u0160irok\u00fd sortiment produktov: Pon\u00fakame komplexn\u00fd sortiment hydraulick\u00fdch valcov vr\u00e1tane nastavite\u013en\u00fdch valcov s vidlicov\u00fdm z\u00e1vitom, valcov s \u0165ahadlou, zv\u00e1ran\u00fdch valcov a \u010fal\u0161\u00edch. Nech s\u00fa va\u0161e \u0161pecifick\u00e9 po\u017eiadavky ak\u00e9ko\u013evek, m\u00e1me pre v\u00e1s ten spr\u00e1vny valec.<\/li>\n<li>V\u00fdnimo\u010dn\u00e1 kvalita: V\u0161etky na\u0161e hydraulick\u00e9 valce s\u00fa vyroben\u00e9 z najkvalitnej\u0161\u00edch materi\u00e1lov a najmodernej\u0161\u00edch technol\u00f3gi\u00ed. Dodr\u017eiavame pr\u00edsne normy kvality, aby sme zabezpe\u010dili, \u017ee na\u0161e produkty sp\u013a\u0148aj\u00fa alebo prekra\u010duj\u00fa o\u010dak\u00e1vania z\u00e1kazn\u00edkov.<\/li>\n<li>Spo\u013eahliv\u00fd v\u00fdkon: Na\u0161e hydraulick\u00e9 valce s\u00fa navrhnut\u00e9 tak, aby poskytovali spo\u013eahliv\u00fd a konzistentn\u00fd v\u00fdkon aj v n\u00e1ro\u010dn\u00fdch podmienkach. S\u00fa skon\u0161truovan\u00e9 tak, aby odolali vysok\u00e9mu za\u0165a\u017eeniu a zabezpe\u010dili plynul\u00fd a efekt\u00edvny chod.<\/li>\n<li>Odborn\u00e9 poradenstvo: N\u00e1\u0161 sk\u00fasen\u00fd obchodn\u00fd t\u00edm m\u00e1 bohat\u00e9 znalosti v odvetv\u00ed stavebn\u00fdch strojov. Je obozn\u00e1men\u00fd s najnov\u0161\u00edmi trendmi a potrebami z\u00e1kazn\u00edkov a m\u00f4\u017ee v\u00e1m poskytn\u00fa\u0165 odborn\u00e9 poradenstvo oh\u013eadom produktov, ktor\u00e9 v\u00e1m pom\u00f4\u017eu pri v\u00fdbere spr\u00e1vneho produktu pre va\u0161e projekty.<\/li>\n<li>Efekt\u00edvne dodanie: Ch\u00e1peme d\u00f4le\u017eitos\u0165 v\u010dasn\u00e9ho doru\u010denia. V\u010faka n\u00e1\u0161mu efekt\u00edvnemu logistick\u00e9mu distribu\u010dn\u00e9mu syst\u00e9mu zabezpe\u010dujeme, aby v\u00e1m po\u017eadovan\u00e9 hydraulick\u00e9 valce boli doru\u010den\u00e9 v\u010das a presne, \u010d\u00edm sa minimalizuj\u00fa prestoje a va\u0161e projekty sa bud\u00fa realizova\u0165 pod\u013ea pl\u00e1nu.<\/li>\n<\/ol>\n<p>Spojte sa s FMP pre va\u0161e potreby v oblasti hydraulick\u00fdch valcov a za\u017eite rozdiel. Kontaktujte n\u00e1s e\u0161te dnes, aby sme prediskutovali va\u0161e po\u017eiadavky a na\u0161li perfektn\u00e9 rie\u0161enie pre va\u0161e stavebn\u00e9 stroje.<\/p>\n<p>Autor: CX<\/p>","protected":false},"excerpt":{"rendered":"<p>Hot Sale Dump Truck 4 Stage Hydraulic Cylinder Trailer Hydraulic Cylinder is an exceptional product that is designed to offer unparalleled hydraulic power and performance. It is a highly efficient and reliable hydraulic cylinder that is perfect for use in dump trucks, trailers, and other heavy-duty applications. This hydraulic cylinder features a 4-stage design that [&hellip;]<\/p>","protected":false},"featured_media":1634,"comment_status":"closed","ping_status":"closed","template":"","meta":{"_et_pb_use_builder":"","_et_pb_old_content":"","_et_gb_content_width":""},"product_brand":[],"product_cat":[45],"product_tag":[34,48],"class_list":{"0":"post-1633","1":"product","2":"type-product","3":"status-publish","4":"has-post-thumbnail","6":"product_cat-inverted-telescopic-cylinder","7":"product_tag-hydraulic-cylinder","8":"product_tag-inverted-telescopic-cylinder","10":"first","11":"instock","12":"product-type-simple"},"_links":{"self":[{"href":"https:\/\/fmp-components.com\/sk\/wp-json\/wp\/v2\/product\/1633","targetHints":{"allow":["GET"]}}],"collection":[{"href":"https:\/\/fmp-components.com\/sk\/wp-json\/wp\/v2\/product"}],"about":[{"href":"https:\/\/fmp-components.com\/sk\/wp-json\/wp\/v2\/types\/product"}],"replies":[{"embeddable":true,"href":"https:\/\/fmp-components.com\/sk\/wp-json\/wp\/v2\/comments?post=1633"}],"wp:featuredmedia":[{"embeddable":true,"href":"https:\/\/fmp-components.com\/sk\/wp-json\/wp\/v2\/media\/1634"}],"wp:attachment":[{"href":"https:\/\/fmp-components.com\/sk\/wp-json\/wp\/v2\/media?parent=1633"}],"wp:term":[{"taxonomy":"product_brand","embeddable":true,"href":"https:\/\/fmp-components.com\/sk\/wp-json\/wp\/v2\/product_brand?post=1633"},{"taxonomy":"product_cat","embeddable":true,"href":"https:\/\/fmp-components.com\/sk\/wp-json\/wp\/v2\/product_cat?post=1633"},{"taxonomy":"product_tag","embeddable":true,"href":"https:\/\/fmp-components.com\/sk\/wp-json\/wp\/v2\/product_tag?post=1633"}],"curies":[{"name":"pracovn\u00fd list","href":"https:\/\/api.w.org\/{rel}","templated":true}]}}